{"id":11238,"date":"2024-05-31T06:56:40","date_gmt":"2024-05-31T06:56:40","guid":{"rendered":"https:\/\/www.elementvape.de\/?post_type=product&#038;p=11238"},"modified":"2024-09-12T10:36:38","modified_gmt":"2024-09-12T10:36:38","slug":"187-stick-v2-e-shisha-kaufen","status":"publish","type":"product","link":"https:\/\/www.elementvape.de\/lt\/produkt\/187-stick-v2-e-shisha-kaufen\/","title":{"rendered":"187 Stick V2 E-Shisha Pirkimas"},"content":{"rendered":"<p>187 V2 elektronin\u0117 vienkartin\u0117 cigaret\u0117<\/p>\n<p>187 V2 vienkartin\u0117 elektronin\u0117 cigaret\u0117 u\u017etikrina gaiv\u0173 r\u016bkymo patirt\u012f. \u0160i vienkartin\u0117 elektronin\u0117 cigaret\u0117 i\u0161 187 Stra\u00dfenbande puikiai \u012fsupa populiarius Shisha tabako ir skys\u010dio asortimento aromatus ir su pa\u017eangia Mesh-Coil technologija bei galingu akumuliatoriumi suteikia intensyv\u0173 gar\u0173 malonum\u0105 iki 600 \u012fkv\u0117pim\u0173 be jokio skonio praradimo.<\/p>\n<p>187 V2 vienkartin\u0117s elektronin\u0117s cigaret\u0117s privalumai ir ypatyb\u0117s<\/p>\n<p>Vartotojo draugi\u0161kumas:<br \/>\nReikalingos specialios \u017einios: Puikiai tinka pradedantiesiems ir profesionalams, nes nereikia jokios \u012frangos ar speciali\u0173 \u017eini\u0173.<br \/>\nI\u0161 karto paruo\u0161ta naudoti: Naudokite savo elektronin\u0119 cigaret\u0119 bet kada ir bet kur, nereikia \u012fkrauti ar papildyti.<br \/>\n\u0160vari ir patogu: Be dervos, be anglies monoksido ir be atliek\u0173 d\u0117l papildymo ar valymo.<\/p>\n<p>Stiprus skonis:<br \/>\nMesh Coils technologija: U\u017etikrina malon\u0173 ir turting\u0105 skon\u012f.<\/p>\n<p>Skaidrumas:<br \/>\nSkys\u010dio lygio indikatorius: Per skaidri\u0105 siurbimo antgal\u012f galima bet kada patikrinti skys\u010dio lyg\u012f.<\/p>\n<p>Kod\u0117l verta rinktis 187 Vape V2?<\/p>\n<p>187 V2 yra puikus pasirinkimas visiems, kurie ie\u0161ko patogios ir lengvai naudojamos vienkartin\u0117s elektronin\u0117s cigaret\u0117s. Su galingu akumuliatoriumi ir auk\u0161tos kokyb\u0117s Mesh-Coil technologija jis u\u017etikrina ilgalaik\u0119, intensyvi\u0105 r\u016bkymo patirt\u012f be sud\u0117tingos \u012frangos ar papildomos \u012frangos.<\/p>\n<p>Techniniai duomenys ir funkcijos<\/p>\n<p>Akumuliatoriaus talpa: 500 mAh, ilgas naudojimo laikas.<br \/>\n\u012ekv\u0117pim\u0173 skai\u010dius: Kiekvienas \u012frenginys gali atlikti iki 600 \u012fkv\u0117pim\u0173, neprarandant skonio.<\/p>\n<p>Skys\u010dio talpa: 2,0 ml, nikotino kiekis 20 mg\/ml.<br \/>\nVamzdelis: Integruotas Fresor Mesh vamzdelis geresniam kvapo paskirstymui.<br \/>\nDizainas: Abstraktus dizainas, geriausias i\u0161vaizda klasikinio 187 stiliaus.<br \/>\nMatmenys: Auk\u0161tis apie 10,5 cm, i\u0161orinis skersmuo apie 1,7 cm, svoris 29 gramai.<\/p>\n<p>187 V2 vienkartin\u0117 elektronin\u0117 cigaret\u0117 sujungia gaiv\u0173 skon\u012f su dideliu naudotojo patogumu ir technine kokybe. Ji ideali d\u016bm\u0173 m\u0117g\u0117jams, ie\u0161kantiems be streso ir intensyvaus d\u016bmavimo patirties. Su pa\u017eangia tinklinio rit\u0117s technologija ir galingu akumuliatoriumi 187 V2 suteikia ilgai trunkant\u012f, turting\u0105 aromat\u0105 be kompromis\u0173 d\u0117l skonio ir yra lengvai valdomas bei naudojamas.<\/p>","protected":false},"excerpt":{"rendered":"<p>187 V2 elektronische Einweg zigarette Die Einweg-E-Zigarette 187 V2 sorgt f\u00fcr ein erfrischendes Raucherlebnis. Diese Einweg-E-Zigarette von 187 Stra\u00dfenbande f\u00e4ngt die beliebten Aromen des Shisha-Tabak- und Liquid-Sortiments perfekt ein und sorgt mit ihrer fortschrittlichen Mesh-Coil-Technologie und der starken Akkuleistung f\u00fcr intensiven Dampfgenuss f\u00fcr bis zu 600 Z\u00fcge ohne Einbu\u00dfen jeglichen Geschmacks. Highlights und Vorteile der [&hellip;]<\/p>","protected":false},"featured_media":11239,"template":"","meta":{"inline_featured_image":false},"product_cat":[78,754,745,742,748,744,755,738,751],"product_tag":[679],"tiered_pricing_type":"fixed","tiered_pricing_fixed_rules":[],"tiered_pricing_percentage_rules":[],"tiered_pricing_minimum":1,"_administrator_tiered_pricing_type":"fixed","_administrator_tiered_pricing_fixed_rules":[],"_editor_tiered_pricing_type":"fixed","_editor_tiered_pricing_fixed_rules":[],"_author_tiered_pricing_type":"fixed","_author_tiered_pricing_fixed_rules":[],"_contributor_tiered_pricing_type":"fixed","_contributor_tiered_pricing_fixed_rules":[],"_subscriber_tiered_pricing_type":"fixed","_subscriber_tiered_pricing_fixed_rules":[],"_customer_tiered_pricing_type":"fixed","_customer_tiered_pricing_fixed_rules":[],"_shop_manager_tiered_pricing_type":"fixed","_shop_manager_tiered_pricing_fixed_rules":[],"_wpseo_manager_tiered_pricing_type":"fixed","_wpseo_manager_tiered_pricing_fixed_rules":[],"_wpseo_editor_tiered_pricing_type":"fixed","_wpseo_editor_tiered_pricing_fixed_rules":[],"_wholesale_customer_tiered_pricing_type":"fixed","_wholesale_customer_tiered_pricing_fixed_rules":[],"_marketer_tiered_pricing_type":"fixed","_marketer_tiered_pricing_fixed_rules":[],"_sales_manager_tiered_pricing_type":"fixed","_sales_manager_tiered_pricing_fixed_rules":[],"_sales_rep_tiered_pricing_type":"fixed","_sales_rep_tiered_pricing_fixed_rules":[],"yoast_head":"<!-- This site is optimized with the Yoast SEO plugin v23.3 - https:\/\/yoast.com\/wordpress\/plugins\/seo\/ -->\n<title>187 Stick V2 E-Shisha Kaufen | ElementVape.de<\/title>\n<meta name=\"description\" content=\"Wir bieten 187 Stick V2 E-Shisha Kaufen , Elementvape.de akzeptieren Gro\u00df-und Einzelhandel Bestellungen.\" \/>\n<meta name=\"robots\" content=\"index, follow, max-snippet:-1, max-image-preview:large, max-video-preview:-1\" \/>\n<link rel=\"canonical\" href=\"https:\/\/www.elementvape.de\/lt\/produkt\/187-stick-v2-e-shisha-kaufen\/\" \/>\n<meta property=\"og:locale\" content=\"lt_LT\" \/>\n<meta property=\"og:type\" content=\"article\" \/>\n<meta property=\"og:title\" content=\"187 Stick V2 E-Shisha Kaufen | ElementVape.de\" \/>\n<meta property=\"og:description\" content=\"Wir bieten 187 Stick V2 E-Shisha Kaufen , Elementvape.de akzeptieren Gro\u00df-und Einzelhandel Bestellungen.\" \/>\n<meta property=\"og:url\" content=\"https:\/\/www.elementvape.de\/lt\/produkt\/187-stick-v2-e-shisha-kaufen\/\" \/>\n<meta property=\"og:site_name\" content=\"ElementVape.de\" \/>\n<meta property=\"article:modified_time\" content=\"2024-09-12T10:36:38+00:00\" \/>\n<meta property=\"og:image\" content=\"https:\/\/www.elementvape.de\/wp-content\/uploads\/2024\/05\/187-stick-v2-e-shisha-tropicana-20mg.jpg\" \/>\n\t<meta property=\"og:image:width\" content=\"1120\" \/>\n\t<meta property=\"og:image:height\" content=\"1120\" \/>\n\t<meta property=\"og:image:type\" content=\"image\/jpeg\" \/>\n<meta name=\"twitter:card\" content=\"summary_large_image\" \/>\n<meta name=\"twitter:label1\" content=\"Est. reading time\" \/>\n\t<meta name=\"twitter:data1\" content=\"2 minut\u0117s\" \/>\n<script type=\"application\/ld+json\" class=\"yoast-schema-graph\">{\"@context\":\"https:\/\/schema.org\",\"@graph\":[{\"@type\":\"WebPage\",\"@id\":\"https:\/\/www.elementvape.de\/es\/produkt\/187-stick-v2-e-shisha-kaufen\/\",\"url\":\"https:\/\/www.elementvape.de\/es\/produkt\/187-stick-v2-e-shisha-kaufen\/\",\"name\":\"187 Stick V2 E-Shisha Kaufen | ElementVape.de\",\"isPartOf\":{\"@id\":\"https:\/\/www.elementvape.de\/#website\"},\"primaryImageOfPage\":{\"@id\":\"https:\/\/www.elementvape.de\/es\/produkt\/187-stick-v2-e-shisha-kaufen\/#primaryimage\"},\"image\":{\"@id\":\"https:\/\/www.elementvape.de\/es\/produkt\/187-stick-v2-e-shisha-kaufen\/#primaryimage\"},\"thumbnailUrl\":\"https:\/\/www.elementvape.de\/wp-content\/uploads\/2024\/05\/187-stick-v2-e-shisha-tropicana-20mg.jpg\",\"datePublished\":\"2024-05-31T06:56:40+00:00\",\"dateModified\":\"2024-09-12T10:36:38+00:00\",\"description\":\"Wir bieten 187 Stick V2 E-Shisha Kaufen , Elementvape.de akzeptieren Gro\u00df-und Einzelhandel Bestellungen.\",\"breadcrumb\":{\"@id\":\"https:\/\/www.elementvape.de\/es\/produkt\/187-stick-v2-e-shisha-kaufen\/#breadcrumb\"},\"inLanguage\":\"lt-LT\",\"potentialAction\":[{\"@type\":\"ReadAction\",\"target\":[\"https:\/\/www.elementvape.de\/es\/produkt\/187-stick-v2-e-shisha-kaufen\/\"]}]},{\"@type\":\"ImageObject\",\"inLanguage\":\"lt-LT\",\"@id\":\"https:\/\/www.elementvape.de\/es\/produkt\/187-stick-v2-e-shisha-kaufen\/#primaryimage\",\"url\":\"https:\/\/www.elementvape.de\/wp-content\/uploads\/2024\/05\/187-stick-v2-e-shisha-tropicana-20mg.jpg\",\"contentUrl\":\"https:\/\/www.elementvape.de\/wp-content\/uploads\/2024\/05\/187-stick-v2-e-shisha-tropicana-20mg.jpg\",\"width\":1120,\"height\":1120,\"caption\":\"187-stick-v2-e-shisha-tropicana-20mg\"},{\"@type\":\"BreadcrumbList\",\"@id\":\"https:\/\/www.elementvape.de\/es\/produkt\/187-stick-v2-e-shisha-kaufen\/#breadcrumb\",\"itemListElement\":[{\"@type\":\"ListItem\",\"position\":1,\"name\":\"Home\",\"item\":\"https:\/\/www.elementvape.de\/\"},{\"@type\":\"ListItem\",\"position\":2,\"name\":\"Shop\",\"item\":\"https:\/\/www.elementvape.de\/shop\/\"},{\"@type\":\"ListItem\",\"position\":3,\"name\":\"187 Stick V2 E-Shisha Kaufen\"}]},{\"@type\":\"WebSite\",\"@id\":\"https:\/\/www.elementvape.de\/#website\",\"url\":\"https:\/\/www.elementvape.de\/\",\"name\":\"ElementVape.de\",\"description\":\"\",\"publisher\":{\"@id\":\"https:\/\/www.elementvape.de\/#organization\"},\"potentialAction\":[{\"@type\":\"SearchAction\",\"target\":{\"@type\":\"EntryPoint\",\"urlTemplate\":\"https:\/\/www.elementvape.de\/?s={search_term_string}\"},\"query-input\":\"required name=search_term_string\"}],\"inLanguage\":\"lt-LT\"},{\"@type\":\"Organization\",\"@id\":\"https:\/\/www.elementvape.de\/#organization\",\"name\":\"ElementVape.DE\",\"url\":\"https:\/\/www.elementvape.de\/\",\"logo\":{\"@type\":\"ImageObject\",\"inLanguage\":\"lt-LT\",\"@id\":\"https:\/\/www.elementvape.de\/#\/schema\/logo\/image\/\",\"url\":\"https:\/\/www.elementvape.de\/wp-content\/uploads\/2024\/09\/cropped-1elementvape-3.png\",\"contentUrl\":\"https:\/\/www.elementvape.de\/wp-content\/uploads\/2024\/09\/cropped-1elementvape-3.png\",\"width\":285,\"height\":228,\"caption\":\"ElementVape.DE\"},\"image\":{\"@id\":\"https:\/\/www.elementvape.de\/#\/schema\/logo\/image\/\"}}]}<\/script>\n<!-- \/ Yoast SEO plugin. -->","yoast_head_json":{"title":"187 Stick V2 E-Shisha Kaufen | ElementVape.de","description":"Wir bieten 187 Stick V2 E-Shisha Kaufen , Elementvape.de akzeptieren Gro\u00df-und Einzelhandel Bestellungen.","robots":{"index":"index","follow":"follow","max-snippet":"max-snippet:-1","max-image-preview":"max-image-preview:large","max-video-preview":"max-video-preview:-1"},"canonical":"https:\/\/www.elementvape.de\/lt\/produkt\/187-stick-v2-e-shisha-kaufen\/","og_locale":"lt_LT","og_type":"article","og_title":"187 Stick V2 E-Shisha Kaufen | ElementVape.de","og_description":"Wir bieten 187 Stick V2 E-Shisha Kaufen , Elementvape.de akzeptieren Gro\u00df-und Einzelhandel Bestellungen.","og_url":"https:\/\/www.elementvape.de\/lt\/produkt\/187-stick-v2-e-shisha-kaufen\/","og_site_name":"ElementVape.de","article_modified_time":"2024-09-12T10:36:38+00:00","og_image":[{"width":1120,"height":1120,"url":"https:\/\/www.elementvape.de\/wp-content\/uploads\/2024\/05\/187-stick-v2-e-shisha-tropicana-20mg.jpg","type":"image\/jpeg"}],"twitter_card":"summary_large_image","twitter_misc":{"Est. reading time":"2 minut\u0117s"},"schema":{"@context":"https:\/\/schema.org","@graph":[{"@type":"WebPage","@id":"https:\/\/www.elementvape.de\/es\/produkt\/187-stick-v2-e-shisha-kaufen\/","url":"https:\/\/www.elementvape.de\/es\/produkt\/187-stick-v2-e-shisha-kaufen\/","name":"187 Stick V2 E-Shisha Kaufen | ElementVape.de","isPartOf":{"@id":"https:\/\/www.elementvape.de\/#website"},"primaryImageOfPage":{"@id":"https:\/\/www.elementvape.de\/es\/produkt\/187-stick-v2-e-shisha-kaufen\/#primaryimage"},"image":{"@id":"https:\/\/www.elementvape.de\/es\/produkt\/187-stick-v2-e-shisha-kaufen\/#primaryimage"},"thumbnailUrl":"https:\/\/www.elementvape.de\/wp-content\/uploads\/2024\/05\/187-stick-v2-e-shisha-tropicana-20mg.jpg","datePublished":"2024-05-31T06:56:40+00:00","dateModified":"2024-09-12T10:36:38+00:00","description":"Wir bieten 187 Stick V2 E-Shisha Kaufen , Elementvape.de akzeptieren Gro\u00df-und Einzelhandel Bestellungen.","breadcrumb":{"@id":"https:\/\/www.elementvape.de\/es\/produkt\/187-stick-v2-e-shisha-kaufen\/#breadcrumb"},"inLanguage":"lt-LT","potentialAction":[{"@type":"ReadAction","target":["https:\/\/www.elementvape.de\/es\/produkt\/187-stick-v2-e-shisha-kaufen\/"]}]},{"@type":"ImageObject","inLanguage":"lt-LT","@id":"https:\/\/www.elementvape.de\/es\/produkt\/187-stick-v2-e-shisha-kaufen\/#primaryimage","url":"https:\/\/www.elementvape.de\/wp-content\/uploads\/2024\/05\/187-stick-v2-e-shisha-tropicana-20mg.jpg","contentUrl":"https:\/\/www.elementvape.de\/wp-content\/uploads\/2024\/05\/187-stick-v2-e-shisha-tropicana-20mg.jpg","width":1120,"height":1120,"caption":"187-stick-v2-e-shisha-tropicana-20mg"},{"@type":"BreadcrumbList","@id":"https:\/\/www.elementvape.de\/es\/produkt\/187-stick-v2-e-shisha-kaufen\/#breadcrumb","itemListElement":[{"@type":"ListItem","position":1,"name":"Home","item":"https:\/\/www.elementvape.de\/"},{"@type":"ListItem","position":2,"name":"Shop","item":"https:\/\/www.elementvape.de\/shop\/"},{"@type":"ListItem","position":3,"name":"187 Stick V2 E-Shisha Kaufen"}]},{"@type":"WebSite","@id":"https:\/\/www.elementvape.de\/#website","url":"https:\/\/www.elementvape.de\/","name":"ElementVape.de","description":"","publisher":{"@id":"https:\/\/www.elementvape.de\/#organization"},"potentialAction":[{"@type":"SearchAction","target":{"@type":"EntryPoint","urlTemplate":"https:\/\/www.elementvape.de\/?s={search_term_string}"},"query-input":"required name=search_term_string"}],"inLanguage":"lt-LT"},{"@type":"Organization","@id":"https:\/\/www.elementvape.de\/#organization","name":"ElementVape.DE","url":"https:\/\/www.elementvape.de\/","logo":{"@type":"ImageObject","inLanguage":"lt-LT","@id":"https:\/\/www.elementvape.de\/#\/schema\/logo\/image\/","url":"https:\/\/www.elementvape.de\/wp-content\/uploads\/2024\/09\/cropped-1elementvape-3.png","contentUrl":"https:\/\/www.elementvape.de\/wp-content\/uploads\/2024\/09\/cropped-1elementvape-3.png","width":285,"height":228,"caption":"ElementVape.DE"},"image":{"@id":"https:\/\/www.elementvape.de\/#\/schema\/logo\/image\/"}}]}},"_links":{"self":[{"href":"https:\/\/www.elementvape.de\/lt\/wp-json\/wp\/v2\/product\/11238"}],"collection":[{"href":"https:\/\/www.elementvape.de\/lt\/wp-json\/wp\/v2\/product"}],"about":[{"href":"https:\/\/www.elementvape.de\/lt\/wp-json\/wp\/v2\/types\/product"}],"wp:featuredmedia":[{"embeddable":true,"href":"https:\/\/www.elementvape.de\/lt\/wp-json\/wp\/v2\/media\/11239"}],"wp:attachment":[{"href":"https:\/\/www.elementvape.de\/lt\/wp-json\/wp\/v2\/media?parent=11238"}],"wp:term":[{"taxonomy":"product_cat","embeddable":true,"href":"https:\/\/www.elementvape.de\/lt\/wp-json\/wp\/v2\/product_cat?post=11238"},{"taxonomy":"product_tag","embeddable":true,"href":"https:\/\/www.elementvape.de\/lt\/wp-json\/wp\/v2\/product_tag?post=11238"}],"curies":[{"name":"wp","href":"https:\/\/api.w.org\/{rel}","templated":true}]}}