{"id":11220,"date":"2024-05-31T06:20:48","date_gmt":"2024-05-31T06:20:48","guid":{"rendered":"https:\/\/www.elementvape.de\/?post_type=product&#038;p=11220"},"modified":"2024-09-12T10:36:39","modified_gmt":"2024-09-12T10:36:39","slug":"187-box-e-shisha-20mg-kaufen","status":"publish","type":"product","link":"https:\/\/www.elementvape.de\/lt\/produkt\/187-box-e-shisha-20mg-kaufen\/","title":{"rendered":"187 Box E-Shisha 20mg Pirkimas"},"content":{"rendered":"<h2>187 d\u0117\u017eut\u0117 vienkartinis Vape:<\/h2>\n<p>Turime jums ka\u017ek\u0105 ypatingo: naujausi\u0105 187 d\u0117\u017eut\u0117s vienkartin\u012f Vape, kur\u012f gamina 187 Strassenbande! Su \u0161iuo vienkartiniu Vape galite pasinerti \u012f garinimo pasaul\u012f ir m\u0117gautis skaniausiais skoniais.<\/p>\n<h3>Pasirinkimui yra<\/h3>\n<p>Obuoli\u0173 persikas<br \/>\nM\u0117lyna Razz Lemonaidas<br \/>\nM\u0117lyn\u0117s<br \/>\nM\u0117lyn\u0117s R\u016bg\u0161\u010diosios aviet\u0117s<br \/>\nVy\u0161nia<br \/>\nVynuog\u0117<br \/>\nKivi Passionfruit<br \/>\nPersik\u0173 ledas<br \/>\nAnanasas persikas mangas<br \/>\nBra\u0161k\u0117s ledas<\/p>\n<p>Nesvarbu, ar m\u0117gstate vaisinius ar sald\u017eius aromatus, \u010dia rasite ka\u017ek\u0105 kiekvieno skoniui.<\/p>\n<p>J\u016bs galite lengvai \u012fjungti 187 d\u0117\u017eut\u0117s vienkartin\u012f Vape, atlikdami tris \u012fkv\u0117pimus. Taip i\u0161 karto gal\u0117site m\u0117gautis aromatingu garu. Ir geriausia: Vape tarnauja iki 600 \u012fkv\u0117pim\u0173!<\/p>\n<p>Taigi, ko dar laukiate? \u012esigykite dabar 187 d\u0117\u017eut\u0117s vienkartin\u012f Vape ir m\u0117gaukit\u0117s pilnu skonio ir garo \u012fkrovimu. Su \u0161iuo produktu tikrai tapsite stilingiausiu garintoj\u0173 gatv\u0117je.<\/p>\n<h3>Produkto duomenys:<\/h3>\n<p>10 vaisini\u0173 skoni\u0173<br \/>\nLengvai valdomas vienkartinis \u012frenginys (ne\u012fkraunamas, ne\u012fpildomas)<br \/>\nLabai kompakti\u0161kas ir lengvas<br \/>\niki 600 \u012fkv\u0117pim\u0173 (pagal gamintoj\u0105)<br \/>\nNereikia joki\u0173 nustatym\u0173<br \/>\nTurinys: 2 ml su 20 mg\/ml nikotino druskos<\/p>","protected":false},"excerpt":{"rendered":"<p>187 Box Einweg Vape: Wir haben hier was ganz Besonderes f\u00fcr euch: den brandneue 187 Box Einweg Vape der 187 Strassenbande! Mit diesem Einweg Vape k\u00f6nnt ihr in die Welt des Dampfens eintauchen und dabei die leckersten Geschmacksrichtungen genie\u00dfen. Zur Auswahl stehen Apple Peach Blue Razz Lemonade Blueberry Blueberry Sour Raspberry Cherry Grape Kiwi Passionfruit [&hellip;]<\/p>","protected":false},"featured_media":11221,"template":"","meta":{"inline_featured_image":false},"product_cat":[78,754,745,742,748,744,755,738,751],"product_tag":[679],"tiered_pricing_type":"fixed","tiered_pricing_fixed_rules":[],"tiered_pricing_percentage_rules":[],"tiered_pricing_minimum":1,"_administrator_tiered_pricing_type":"fixed","_administrator_tiered_pricing_fixed_rules":[],"_editor_tiered_pricing_type":"fixed","_editor_tiered_pricing_fixed_rules":[],"_author_tiered_pricing_type":"fixed","_author_tiered_pricing_fixed_rules":[],"_contributor_tiered_pricing_type":"fixed","_contributor_tiered_pricing_fixed_rules":[],"_subscriber_tiered_pricing_type":"fixed","_subscriber_tiered_pricing_fixed_rules":[],"_customer_tiered_pricing_type":"fixed","_customer_tiered_pricing_fixed_rules":[],"_shop_manager_tiered_pricing_type":"fixed","_shop_manager_tiered_pricing_fixed_rules":[],"_wpseo_manager_tiered_pricing_type":"fixed","_wpseo_manager_tiered_pricing_fixed_rules":[],"_wpseo_editor_tiered_pricing_type":"fixed","_wpseo_editor_tiered_pricing_fixed_rules":[],"_wholesale_customer_tiered_pricing_type":"fixed","_wholesale_customer_tiered_pricing_fixed_rules":[],"_marketer_tiered_pricing_type":"fixed","_marketer_tiered_pricing_fixed_rules":[],"_sales_manager_tiered_pricing_type":"fixed","_sales_manager_tiered_pricing_fixed_rules":[],"_sales_rep_tiered_pricing_type":"fixed","_sales_rep_tiered_pricing_fixed_rules":[],"yoast_head":"<!-- This site is optimized with the Yoast SEO plugin v23.3 - https:\/\/yoast.com\/wordpress\/plugins\/seo\/ -->\n<title>187 Box E-Shisha 20mg Kaufen | ElementVape.de<\/title>\n<meta name=\"description\" content=\"Wir bieten 187 Box E-Shisha 20mg Kaufen , Elementvape.de akzeptieren Gro\u00df-und Einzelhandel Bestellungen.\" \/>\n<meta name=\"robots\" content=\"index, follow, max-snippet:-1, max-image-preview:large, max-video-preview:-1\" \/>\n<link rel=\"canonical\" href=\"https:\/\/www.elementvape.de\/lt\/produkt\/187-box-e-shisha-20mg-kaufen\/\" \/>\n<meta property=\"og:locale\" content=\"lt_LT\" \/>\n<meta property=\"og:type\" content=\"article\" \/>\n<meta property=\"og:title\" content=\"187 Box E-Shisha 20mg Kaufen | ElementVape.de\" \/>\n<meta property=\"og:description\" content=\"Wir bieten 187 Box E-Shisha 20mg Kaufen , Elementvape.de akzeptieren Gro\u00df-und Einzelhandel Bestellungen.\" \/>\n<meta property=\"og:url\" content=\"https:\/\/www.elementvape.de\/lt\/produkt\/187-box-e-shisha-20mg-kaufen\/\" \/>\n<meta property=\"og:site_name\" content=\"ElementVape.de\" \/>\n<meta property=\"article:modified_time\" content=\"2024-09-12T10:36:39+00:00\" \/>\n<meta property=\"og:image\" content=\"https:\/\/www.elementvape.de\/wp-content\/uploads\/2024\/05\/187-box-e-shisha-20mg-apple-peach.jpg\" \/>\n\t<meta property=\"og:image:width\" content=\"560\" \/>\n\t<meta property=\"og:image:height\" content=\"560\" \/>\n\t<meta property=\"og:image:type\" content=\"image\/jpeg\" \/>\n<meta name=\"twitter:card\" content=\"summary_large_image\" \/>\n<meta name=\"twitter:label1\" content=\"Est. reading time\" \/>\n\t<meta name=\"twitter:data1\" content=\"2 minut\u0117s\" \/>\n<script type=\"application\/ld+json\" class=\"yoast-schema-graph\">{\"@context\":\"https:\/\/schema.org\",\"@graph\":[{\"@type\":\"WebPage\",\"@id\":\"https:\/\/www.elementvape.de\/produkt\/187-box-e-shisha-20mg-kaufen\/\",\"url\":\"https:\/\/www.elementvape.de\/produkt\/187-box-e-shisha-20mg-kaufen\/\",\"name\":\"187 Box E-Shisha 20mg Kaufen | ElementVape.de\",\"isPartOf\":{\"@id\":\"https:\/\/www.elementvape.de\/#website\"},\"primaryImageOfPage\":{\"@id\":\"https:\/\/www.elementvape.de\/produkt\/187-box-e-shisha-20mg-kaufen\/#primaryimage\"},\"image\":{\"@id\":\"https:\/\/www.elementvape.de\/produkt\/187-box-e-shisha-20mg-kaufen\/#primaryimage\"},\"thumbnailUrl\":\"https:\/\/www.elementvape.de\/wp-content\/uploads\/2024\/05\/187-box-e-shisha-20mg-apple-peach.jpg\",\"datePublished\":\"2024-05-31T06:20:48+00:00\",\"dateModified\":\"2024-09-12T10:36:39+00:00\",\"description\":\"Wir bieten 187 Box E-Shisha 20mg Kaufen , Elementvape.de akzeptieren Gro\u00df-und Einzelhandel Bestellungen.\",\"breadcrumb\":{\"@id\":\"https:\/\/www.elementvape.de\/produkt\/187-box-e-shisha-20mg-kaufen\/#breadcrumb\"},\"inLanguage\":\"lt-LT\",\"potentialAction\":[{\"@type\":\"ReadAction\",\"target\":[\"https:\/\/www.elementvape.de\/produkt\/187-box-e-shisha-20mg-kaufen\/\"]}]},{\"@type\":\"ImageObject\",\"inLanguage\":\"lt-LT\",\"@id\":\"https:\/\/www.elementvape.de\/produkt\/187-box-e-shisha-20mg-kaufen\/#primaryimage\",\"url\":\"https:\/\/www.elementvape.de\/wp-content\/uploads\/2024\/05\/187-box-e-shisha-20mg-apple-peach.jpg\",\"contentUrl\":\"https:\/\/www.elementvape.de\/wp-content\/uploads\/2024\/05\/187-box-e-shisha-20mg-apple-peach.jpg\",\"width\":560,\"height\":560,\"caption\":\"187-box-e-shisha-20mg-apple-peach\"},{\"@type\":\"BreadcrumbList\",\"@id\":\"https:\/\/www.elementvape.de\/produkt\/187-box-e-shisha-20mg-kaufen\/#breadcrumb\",\"itemListElement\":[{\"@type\":\"ListItem\",\"position\":1,\"name\":\"Home\",\"item\":\"https:\/\/www.elementvape.de\/\"},{\"@type\":\"ListItem\",\"position\":2,\"name\":\"Shop\",\"item\":\"https:\/\/www.elementvape.de\/shop\/\"},{\"@type\":\"ListItem\",\"position\":3,\"name\":\"187 Box E-Shisha 20mg Kaufen\"}]},{\"@type\":\"WebSite\",\"@id\":\"https:\/\/www.elementvape.de\/#website\",\"url\":\"https:\/\/www.elementvape.de\/\",\"name\":\"ElementVape.de\",\"description\":\"\",\"publisher\":{\"@id\":\"https:\/\/www.elementvape.de\/#organization\"},\"potentialAction\":[{\"@type\":\"SearchAction\",\"target\":{\"@type\":\"EntryPoint\",\"urlTemplate\":\"https:\/\/www.elementvape.de\/?s={search_term_string}\"},\"query-input\":\"required name=search_term_string\"}],\"inLanguage\":\"lt-LT\"},{\"@type\":\"Organization\",\"@id\":\"https:\/\/www.elementvape.de\/#organization\",\"name\":\"ElementVape.DE\",\"url\":\"https:\/\/www.elementvape.de\/\",\"logo\":{\"@type\":\"ImageObject\",\"inLanguage\":\"lt-LT\",\"@id\":\"https:\/\/www.elementvape.de\/#\/schema\/logo\/image\/\",\"url\":\"https:\/\/www.elementvape.de\/wp-content\/uploads\/2024\/09\/cropped-1elementvape-3.png\",\"contentUrl\":\"https:\/\/www.elementvape.de\/wp-content\/uploads\/2024\/09\/cropped-1elementvape-3.png\",\"width\":285,\"height\":228,\"caption\":\"ElementVape.DE\"},\"image\":{\"@id\":\"https:\/\/www.elementvape.de\/#\/schema\/logo\/image\/\"}}]}<\/script>\n<!-- \/ Yoast SEO plugin. -->","yoast_head_json":{"title":"187 Box E-Shisha 20mg Kaufen | ElementVape.de","description":"Wir bieten 187 Box E-Shisha 20mg Kaufen , Elementvape.de akzeptieren Gro\u00df-und Einzelhandel Bestellungen.","robots":{"index":"index","follow":"follow","max-snippet":"max-snippet:-1","max-image-preview":"max-image-preview:large","max-video-preview":"max-video-preview:-1"},"canonical":"https:\/\/www.elementvape.de\/lt\/produkt\/187-box-e-shisha-20mg-kaufen\/","og_locale":"lt_LT","og_type":"article","og_title":"187 Box E-Shisha 20mg Kaufen | ElementVape.de","og_description":"Wir bieten 187 Box E-Shisha 20mg Kaufen , Elementvape.de akzeptieren Gro\u00df-und Einzelhandel Bestellungen.","og_url":"https:\/\/www.elementvape.de\/lt\/produkt\/187-box-e-shisha-20mg-kaufen\/","og_site_name":"ElementVape.de","article_modified_time":"2024-09-12T10:36:39+00:00","og_image":[{"width":560,"height":560,"url":"https:\/\/www.elementvape.de\/wp-content\/uploads\/2024\/05\/187-box-e-shisha-20mg-apple-peach.jpg","type":"image\/jpeg"}],"twitter_card":"summary_large_image","twitter_misc":{"Est. reading time":"2 minut\u0117s"},"schema":{"@context":"https:\/\/schema.org","@graph":[{"@type":"WebPage","@id":"https:\/\/www.elementvape.de\/produkt\/187-box-e-shisha-20mg-kaufen\/","url":"https:\/\/www.elementvape.de\/produkt\/187-box-e-shisha-20mg-kaufen\/","name":"187 Box E-Shisha 20mg Kaufen | ElementVape.de","isPartOf":{"@id":"https:\/\/www.elementvape.de\/#website"},"primaryImageOfPage":{"@id":"https:\/\/www.elementvape.de\/produkt\/187-box-e-shisha-20mg-kaufen\/#primaryimage"},"image":{"@id":"https:\/\/www.elementvape.de\/produkt\/187-box-e-shisha-20mg-kaufen\/#primaryimage"},"thumbnailUrl":"https:\/\/www.elementvape.de\/wp-content\/uploads\/2024\/05\/187-box-e-shisha-20mg-apple-peach.jpg","datePublished":"2024-05-31T06:20:48+00:00","dateModified":"2024-09-12T10:36:39+00:00","description":"Wir bieten 187 Box E-Shisha 20mg Kaufen , Elementvape.de akzeptieren Gro\u00df-und Einzelhandel Bestellungen.","breadcrumb":{"@id":"https:\/\/www.elementvape.de\/produkt\/187-box-e-shisha-20mg-kaufen\/#breadcrumb"},"inLanguage":"lt-LT","potentialAction":[{"@type":"ReadAction","target":["https:\/\/www.elementvape.de\/produkt\/187-box-e-shisha-20mg-kaufen\/"]}]},{"@type":"ImageObject","inLanguage":"lt-LT","@id":"https:\/\/www.elementvape.de\/produkt\/187-box-e-shisha-20mg-kaufen\/#primaryimage","url":"https:\/\/www.elementvape.de\/wp-content\/uploads\/2024\/05\/187-box-e-shisha-20mg-apple-peach.jpg","contentUrl":"https:\/\/www.elementvape.de\/wp-content\/uploads\/2024\/05\/187-box-e-shisha-20mg-apple-peach.jpg","width":560,"height":560,"caption":"187-box-e-shisha-20mg-apple-peach"},{"@type":"BreadcrumbList","@id":"https:\/\/www.elementvape.de\/produkt\/187-box-e-shisha-20mg-kaufen\/#breadcrumb","itemListElement":[{"@type":"ListItem","position":1,"name":"Home","item":"https:\/\/www.elementvape.de\/"},{"@type":"ListItem","position":2,"name":"Shop","item":"https:\/\/www.elementvape.de\/shop\/"},{"@type":"ListItem","position":3,"name":"187 Box E-Shisha 20mg Kaufen"}]},{"@type":"WebSite","@id":"https:\/\/www.elementvape.de\/#website","url":"https:\/\/www.elementvape.de\/","name":"ElementVape.de","description":"","publisher":{"@id":"https:\/\/www.elementvape.de\/#organization"},"potentialAction":[{"@type":"SearchAction","target":{"@type":"EntryPoint","urlTemplate":"https:\/\/www.elementvape.de\/?s={search_term_string}"},"query-input":"required name=search_term_string"}],"inLanguage":"lt-LT"},{"@type":"Organization","@id":"https:\/\/www.elementvape.de\/#organization","name":"ElementVape.DE","url":"https:\/\/www.elementvape.de\/","logo":{"@type":"ImageObject","inLanguage":"lt-LT","@id":"https:\/\/www.elementvape.de\/#\/schema\/logo\/image\/","url":"https:\/\/www.elementvape.de\/wp-content\/uploads\/2024\/09\/cropped-1elementvape-3.png","contentUrl":"https:\/\/www.elementvape.de\/wp-content\/uploads\/2024\/09\/cropped-1elementvape-3.png","width":285,"height":228,"caption":"ElementVape.DE"},"image":{"@id":"https:\/\/www.elementvape.de\/#\/schema\/logo\/image\/"}}]}},"_links":{"self":[{"href":"https:\/\/www.elementvape.de\/lt\/wp-json\/wp\/v2\/product\/11220"}],"collection":[{"href":"https:\/\/www.elementvape.de\/lt\/wp-json\/wp\/v2\/product"}],"about":[{"href":"https:\/\/www.elementvape.de\/lt\/wp-json\/wp\/v2\/types\/product"}],"wp:featuredmedia":[{"embeddable":true,"href":"https:\/\/www.elementvape.de\/lt\/wp-json\/wp\/v2\/media\/11221"}],"wp:attachment":[{"href":"https:\/\/www.elementvape.de\/lt\/wp-json\/wp\/v2\/media?parent=11220"}],"wp:term":[{"taxonomy":"product_cat","embeddable":true,"href":"https:\/\/www.elementvape.de\/lt\/wp-json\/wp\/v2\/product_cat?post=11220"},{"taxonomy":"product_tag","embeddable":true,"href":"https:\/\/www.elementvape.de\/lt\/wp-json\/wp\/v2\/product_tag?post=11220"}],"curies":[{"name":"wp","href":"https:\/\/api.w.org\/{rel}","templated":true}]}}