{"id":11159,"date":"2024-05-30T09:48:52","date_gmt":"2024-05-30T09:48:52","guid":{"rendered":"https:\/\/www.elementvape.de\/?post_type=product&#038;p=11159"},"modified":"2024-09-12T10:36:40","modified_gmt":"2024-09-12T10:36:40","slug":"ivg-bar-einweg-vape-600-puffs","status":"publish","type":"product","link":"https:\/\/www.elementvape.de\/lt\/produkt\/ivg-bar-einweg-vape-600-puffs\/","title":{"rendered":"IVG Bar Vienkartinis Garintuvas 600 \u012etraukim\u0173"},"content":{"rendered":"<h2>Vienkartin\u0117 elektronin\u0117 cigaret\u0117 IVG BAR:<\/h2>\n<p>IVG Bar yra labai paprasta naudoti elektronin\u0117 cigaret\u0117: skystis ir baterija jau \u012fmontuoti \u012f IVG Bar. Tai rei\u0161kia, kad vartotojai gali nedelsti prad\u0117ti naudotis, nesikraunant baterijos ar papildomai \u012fpylus skys\u010dio. Tod\u0117l Vape Pie\u0161tukai ar Vape lazdos, tokios kaip IVG Bar, taip pat vadinamos <strong><a href=\"https:\/\/www.elementvape.de\/lt\/c\/einweg-zigarette\/\">Vienkartin\u0117s elektronin\u0117s cigaret\u0117s<\/a><\/strong> arba vienkartin\u0117mis elektronin\u0117mis cigaret\u0117mis.<\/p>\n<h3>Skonis:<\/h3>\n<p>Aloe Grape Ice: Aloe Vera derinama su \u0161vie\u017eiomis vynuog\u0117mis ir \u0161aldan\u010diu led\u0173 skoniu.<\/p>\n<p>Berry Lemonade Ice: \u0160altas derinys i\u0161 sald\u017ei\u0173 uog\u0173 ir \u0161vie\u017eio limonado.<\/p>\n<p>Blue Raspberry Ice: Atgaivinanti saldi m\u0117lyna aviet\u0117 ir gervuog\u0117, su \u0161iek tiek r\u016bg\u0161taus poskoniu.<\/p>\n<p>M\u0117lynas Slush Ledas: Nostalgi\u0161kas m\u0117lyno slusho skonis su gaiviu pabaiga.<\/p>\n<p>M\u0117lynosios spanguol\u0117s R\u016bg\u0161\u010diosios aviet\u0117s: Gaivus, vaisinis ir \u0161iek tiek r\u016bg\u0161tus derinys, kai m\u0117lynosios spanguol\u0117s susitinka su aviet\u0117mis<\/p>\n<p>M\u0117lynosios spanguol\u0117s Granatas: M\u0117gaukit\u0117s sulting\u0173 m\u0117lynojo spanguol\u0117s ir saldaus granato vaisiniu deriniu. IVG Bar su skoniu M\u0117lynosios spanguol\u0117s Granatas si\u016blo intensyv\u0173 ir gaiv\u0173 garinimo patirt\u012f, kuri pamalonins j\u016bs\u0173 poj\u016b\u010dius.<\/p>\n<p>Egzotin\u0117 Mango: M\u0117gaukit\u0117s egzoti\u0161ku sultingos mangos skoniu, kuris u\u017eburs j\u016bs\u0173 poj\u016b\u010dius. IVG Bar su skoniu Egzotin\u0117 Mango si\u016blo intensyvi\u0105 ir tropin\u0119 garinimo patirt\u012f.<\/p>\n<p>Fujio Obuolio Melionas: M\u0117gaukit\u0117s gaiviu sulting\u0173 Fujio obuoli\u0173 skoniu, deriniu su sald\u017eia meliona. IVG Bar su skoniu Fujio Obuolio Melionas si\u016blo vaisin\u0119 ir skani\u0105 garinimo patirt\u012f, kuri pamalonins j\u016bs\u0173 poj\u016b\u010dius.<\/p>\n<p>Kivi, Pasijos vaisius, Guava: M\u0117gaukit\u0117s egzoti\u0161ka mi\u0161raine i\u0161 sultingo kivi, aistringo pasijos vaisiaus ir tropin\u0117s guavos. IVG Bar su skoniu Kivi, Pasijos vaisius, Guava si\u016blo vaisin\u0119 ir intensyvi\u0105 garinimo patirt\u012f, kuri pamalonins j\u016bs\u0173 poj\u016b\u010dius.<\/p>\n<p>Mango Lichee: M\u0117gaukit\u0117s gaiviu sald\u017eios mangos ir sultingos lychee deriniu. <strong><a href=\"https:\/\/www.elementvape.de\/lt\/product-brand\/ivg-bar\/\">IVG Bar<\/a><\/strong> su skoniu Mango Lichee si\u016blo vaisin\u0119 ir egzoti\u0161k\u0105 garinimo patirt\u012f, kuri pamalonins j\u016bs\u0173 poj\u016b\u010dius.<\/p>\n<p>Pasijos vaisius: M\u0117gaukit\u0117s intensyviu aistringo pasijos vaisiaus skoniu. IVG Bar su skoniu Pasijos vaisius si\u016blo vaisin\u0119 ir tropin\u0119 garinimo patirt\u012f, kuri pamalonins j\u016bs\u0173 poj\u016b\u010dius.<\/p>\n<p>Persik\u0173 \u017eiedai: Patirkite sald\u0173 persik\u0173 \u017eied\u0173 skon\u012f savo elektronin\u0117je cigaret\u0117je. IVG Bar su skoniu Persik\u0173 \u017eiedai si\u016blo vaisin\u0119 ir gaivi\u0105 garinimo patirt\u012f, kuri pamalonins j\u016bs\u0173 gomur\u012f.<\/p>\n<p>Ro\u017ein\u0117 limonada: M\u0117gaukit\u0117s gaiviu ro\u017ein\u0117s limonados skoniu savo elektronin\u0117je cigaret\u0117je. IVG Bar su skoniu Ro\u017ein\u0117 limonada si\u016blo vaisin\u0119 ir sulting\u0105 garinimo patirt\u012f, kuri pamalonins j\u016bs\u0173 poj\u016b\u010dius.<\/p>\n<p>Poliarinis m\u0117t\u0173: M\u0117gaukit\u0117s gaivinan\u010dia poliarinio m\u0117t\u0173 \u0161altumu savo elektronin\u0117je cigaret\u0117je. IVG Bar su skoniu Poliarinis m\u0117t\u0173 si\u016blo intensyv\u0173 m\u0117t\u0173 aromat\u0105, kuris u\u017etikrina maloni\u0105 ir gaivi\u0105 garinimo patirt\u012f.<\/p>\n<p>Avie\u010di\u0173 limonadas: M\u0117gaukit\u0117s sultinga sald\u017ei\u0173 avie\u010di\u0173 ir gaivios citrinos limonados kombinacija. IVG Bar su skoniu Avie\u010di\u0173 limonadas si\u016blo vaising\u0105 ir gaiv\u0173 garinimo malonum\u0105, kuris pa\u017eadins j\u016bs\u0173 poj\u016b\u010dius.<\/p>\n<p>Vaivoryk\u0161t\u0117: Atraskite spalving\u0105 Vaivoryk\u0161t\u0117s skonio patirt\u012f savo elektronin\u0117je cigaret\u0117je. IVG Bar su skoniu Vaivoryk\u0161t\u0117 si\u016blo daugyb\u0119 vaisini\u0173 aromat\u0173, kurie dera tarpusavyje ir suteikia unikal\u0173 garinimo malonum\u0105.<\/p>\n<p>Rubino Guava Ledas: M\u0117gaukit\u0117s gaiviu sultingos guavos skoniu su \u0161altu mentolio u\u017euomina. IVG Bar su skoniu Rubino Guava Ledas si\u016blo tropin\u0119 ir kartu v\u0117sinan\u010di\u0105 garinimo patirt\u012f, kuri u\u017eburs j\u016bs\u0173 poj\u016b\u010dius.<\/p>\n<p>Bra\u0161ki\u0173 arb\u016bzas: M\u0117gaukit\u0117s sald\u017eia ir gaivia arb\u016bzo bei bra\u0161ki\u0173 kombinacija. IVG Bar su skoniu Bra\u0161ki\u0173 arb\u016bzas si\u016blo vaisin\u0119 ir vasari\u0161k\u0105 garinimo patirt\u012f, kuri pa\u017eadins j\u016bs\u0173 poj\u016b\u010dius.<\/p>\n<p>Vanil\u0117s kremas Tabakas: M\u0117gaukit\u0117s harmoningais kremin\u0117s vanil\u0117s, saldaus kiau\u0161inio likerio kremo ir prieskoninio tabako deriniu. IVG Bar su skoniu Vanil\u0117s kremas Tabakas si\u016blo eleganti\u0161k\u0105 ir subalansuot\u0105 garinimo patirt\u012f, kuri pamalonins j\u016bs\u0173 skonio receptorius.<\/p>\n<p>Vandensmelionas: M\u0117gaukit\u0117s sultingu prinokusio vandensmeliono skoniu, puikiai papildytu maloniu gaivumu. IVG Bar su skoniu Vandensmelionas si\u016blo gaiv\u0173 ir vaisin\u012f garinimo malonum\u0105, kuris pa\u017eadins j\u016bs\u0173 poj\u016b\u010dius.<\/p>\n<h3>Pastaba:<\/h3>\n<p>IVG Bar dabar turi vaik\u0173 apsaug\u0105: modelius su \u0161ia funkcija galite atpa\u017einti pagal \u017eym\u0117jim\u0105 \u201e3 Short Pull (Unlock) Lock\u201c ant pakuot\u0117s.<\/p>\n<p>Nor\u0117dami atidaryti arba u\u017edaryti IVG Bar su vaik\u0173 saugos funkcija, per dviej\u0173 sekund\u017ei\u0173 laikotarp\u012f tris kartus greitai traukite i\u0161 burnos dalies.<\/p>\n<p>IVG Bar palengvina pereinam\u0105j\u012f etap\u0105 prie elektronini\u0173 cigare\u010di\u0173<br \/>\nR\u016bkaliai, norintys pereiti prie elektronini\u0173 cigare\u010di\u0173, gali i\u0161 karto prad\u0117ti naudotis IVG Bar: Talpykla yra pripildyta 2 ml nikotino drusk\u0173 skys\u010dio.<\/p>\n<p>IVG Bar turi pakankam\u0105 skys\u010dio kiek\u012f ir baterijas, kad gal\u0117t\u0173 sukurti iki 600 skani\u0173 gar\u0173. Ta\u010diau paprastai 2 ml skys\u010dio pakanka \u012fprastam naudojimui, kad b\u016bt\u0173 \u017eymiai suma\u017eintas paspaudim\u0173 skai\u010dius. Tai rei\u0161kia, kad podai ir kiti <strong><a href=\"https:\/\/www.elementvape.de\/lt\/\">elektronini\u0173 cigare\u010di\u0173<\/a><\/strong>, kuriuos r\u016bkalius gali u\u017epildyti savo pa\u010di\u0173 skys\u010diu, yra \u017eymiai pigesni.<\/p>\n<p>Nikotinas IVG lazdeliuose<br \/>\nSkystas nikotino kiekis IVG Bar yra 20 mg viename mililitre skys\u010dio. Nikotino kiekis skystyje patenkina reguliari\u0173 r\u016bkali\u0173 poreik\u012f.<\/p>\n<p>IVG Bar naudoja vadinamuosius nikotino drusk\u0173 skys\u010dius: skys\u010diai su nikotino druskomis pasi\u017eymi tuo, kad jie ne\u012fkyriai \u201ebrai\u017eo\u201c gerkl\u0119 ir yra ypa\u010d malon\u016bs jausmu.<\/p>\n<p>Unikali mi\u0161ri oro srauto technologija<br \/>\nIVG Bar naudoja unikali\u0105 hibridin\u0119 oro srauto technologij\u0105, u\u017etikrinan\u010di\u0105 geriausi\u0105 r\u016bkymo patirt\u012f.<\/p>\n<h3>Saugumo taisykl\u0117s:<\/h3>\n<p>Skirta tik suaugusiems, turintiems teis\u0119 r\u016bkyti pagal \u012fstatym\u0105.<br \/>\nNerekomenduojama n\u0117\u0161\u010dioms ar \u017eindan\u010dioms moterims.<br \/>\nLaikyti vaikams ir naminiams gyv\u016bn\u0117liams nepasiekiamoje vietoje.<br \/>\nJei pateko \u012f akis ar od\u0105, kruop\u0161\u010diai plauti vandeniu ir nedelsiant kreiptis \u012f gydytoj\u0105.<br \/>\nPo naudojimo kruop\u0161\u010diai plauti rankas.<br \/>\nAtkreipkite d\u0117mes\u012f: \u0161is produktas skirtas suaugusiems elektronini\u0173 cigare\u010di\u0173 naudotojams.<\/p>","protected":false},"excerpt":{"rendered":"<p>Einweg-Elektrozigarette IVG BAR: Die IVG Bar ist eine sehr einfach zu verwendende E-Zigarette: Fl\u00fcssigkeit und Batterie sind bereits in der IVG Bar enthalten. Dies bedeutet, dass Dampfer sofort mit der Nutzung beginnen k\u00f6nnen, ohne den Akku aufladen oder Fl\u00fcssigkeit nachf\u00fcllen zu m\u00fcssen. Daher werden Vape Pens oder Vape Sticks wie IVG Bar auch als Einweg-E-Zigaretten [&hellip;]<\/p>","protected":false},"featured_media":11160,"template":"","meta":{"inline_featured_image":false},"product_cat":[78,754,745,742,748,744,755,738,751],"product_tag":[679],"tiered_pricing_type":"fixed","tiered_pricing_fixed_rules":[],"tiered_pricing_percentage_rules":[],"tiered_pricing_minimum":1,"_administrator_tiered_pricing_type":"fixed","_administrator_tiered_pricing_fixed_rules":[],"_editor_tiered_pricing_type":"fixed","_editor_tiered_pricing_fixed_rules":[],"_author_tiered_pricing_type":"fixed","_author_tiered_pricing_fixed_rules":[],"_contributor_tiered_pricing_type":"fixed","_contributor_tiered_pricing_fixed_rules":[],"_subscriber_tiered_pricing_type":"fixed","_subscriber_tiered_pricing_fixed_rules":[],"_customer_tiered_pricing_type":"fixed","_customer_tiered_pricing_fixed_rules":[],"_shop_manager_tiered_pricing_type":"fixed","_shop_manager_tiered_pricing_fixed_rules":[],"_wpseo_manager_tiered_pricing_type":"fixed","_wpseo_manager_tiered_pricing_fixed_rules":[],"_wpseo_editor_tiered_pricing_type":"fixed","_wpseo_editor_tiered_pricing_fixed_rules":[],"_wholesale_customer_tiered_pricing_type":"fixed","_wholesale_customer_tiered_pricing_fixed_rules":[],"_marketer_tiered_pricing_type":"fixed","_marketer_tiered_pricing_fixed_rules":[],"_sales_manager_tiered_pricing_type":"fixed","_sales_manager_tiered_pricing_fixed_rules":[],"_sales_rep_tiered_pricing_type":"fixed","_sales_rep_tiered_pricing_fixed_rules":[],"yoast_head":"<!-- This site is optimized with the Yoast SEO plugin v23.3 - https:\/\/yoast.com\/wordpress\/plugins\/seo\/ -->\n<title>IVG Bar Einweg Vape 600 Puffs | ElementVape.de<\/title>\n<meta name=\"description\" content=\"Wir bieten IVG Bar Einweg Vape 600 Puffs , Elementvape.de akzeptieren Gro\u00df-und Einzelhandel Bestellungen.\" \/>\n<meta name=\"robots\" content=\"index, follow, max-snippet:-1, max-image-preview:large, max-video-preview:-1\" \/>\n<link rel=\"canonical\" href=\"https:\/\/www.elementvape.de\/lt\/produkt\/ivg-bar-einweg-vape-600-puffs\/\" \/>\n<meta property=\"og:locale\" content=\"lt_LT\" \/>\n<meta property=\"og:type\" content=\"article\" \/>\n<meta property=\"og:title\" content=\"IVG Bar Einweg Vape 600 Puffs | ElementVape.de\" \/>\n<meta property=\"og:description\" content=\"Wir bieten IVG Bar Einweg Vape 600 Puffs , Elementvape.de akzeptieren Gro\u00df-und Einzelhandel Bestellungen.\" \/>\n<meta property=\"og:url\" content=\"https:\/\/www.elementvape.de\/lt\/produkt\/ivg-bar-einweg-vape-600-puffs\/\" \/>\n<meta property=\"og:site_name\" content=\"ElementVape.de\" \/>\n<meta property=\"article:modified_time\" content=\"2024-09-12T10:36:40+00:00\" \/>\n<meta property=\"og:image\" content=\"https:\/\/www.elementvape.de\/wp-content\/uploads\/2024\/05\/IVG_BAR_Strawberry_watermeelon_einweg_ezigarette.webp\" \/>\n\t<meta property=\"og:image:width\" content=\"800\" \/>\n\t<meta property=\"og:image:height\" content=\"800\" \/>\n\t<meta property=\"og:image:type\" content=\"image\/webp\" \/>\n<meta name=\"twitter:card\" content=\"summary_large_image\" \/>\n<meta name=\"twitter:label1\" content=\"Est. reading time\" \/>\n\t<meta name=\"twitter:data1\" content=\"6 minut\u0117s\" \/>\n<script type=\"application\/ld+json\" class=\"yoast-schema-graph\">{\"@context\":\"https:\/\/schema.org\",\"@graph\":[{\"@type\":\"WebPage\",\"@id\":\"https:\/\/www.elementvape.de\/produkt\/ivg-bar-einweg-vape-600-puffs\/\",\"url\":\"https:\/\/www.elementvape.de\/produkt\/ivg-bar-einweg-vape-600-puffs\/\",\"name\":\"IVG Bar Einweg Vape 600 Puffs | ElementVape.de\",\"isPartOf\":{\"@id\":\"https:\/\/www.elementvape.de\/#website\"},\"primaryImageOfPage\":{\"@id\":\"https:\/\/www.elementvape.de\/produkt\/ivg-bar-einweg-vape-600-puffs\/#primaryimage\"},\"image\":{\"@id\":\"https:\/\/www.elementvape.de\/produkt\/ivg-bar-einweg-vape-600-puffs\/#primaryimage\"},\"thumbnailUrl\":\"https:\/\/www.elementvape.de\/wp-content\/uploads\/2024\/05\/IVG_BAR_Strawberry_watermeelon_einweg_ezigarette.webp\",\"datePublished\":\"2024-05-30T09:48:52+00:00\",\"dateModified\":\"2024-09-12T10:36:40+00:00\",\"description\":\"Wir bieten IVG Bar Einweg Vape 600 Puffs , Elementvape.de akzeptieren Gro\u00df-und Einzelhandel Bestellungen.\",\"breadcrumb\":{\"@id\":\"https:\/\/www.elementvape.de\/produkt\/ivg-bar-einweg-vape-600-puffs\/#breadcrumb\"},\"inLanguage\":\"lt-LT\",\"potentialAction\":[{\"@type\":\"ReadAction\",\"target\":[\"https:\/\/www.elementvape.de\/produkt\/ivg-bar-einweg-vape-600-puffs\/\"]}]},{\"@type\":\"ImageObject\",\"inLanguage\":\"lt-LT\",\"@id\":\"https:\/\/www.elementvape.de\/produkt\/ivg-bar-einweg-vape-600-puffs\/#primaryimage\",\"url\":\"https:\/\/www.elementvape.de\/wp-content\/uploads\/2024\/05\/IVG_BAR_Strawberry_watermeelon_einweg_ezigarette.webp\",\"contentUrl\":\"https:\/\/www.elementvape.de\/wp-content\/uploads\/2024\/05\/IVG_BAR_Strawberry_watermeelon_einweg_ezigarette.webp\",\"width\":800,\"height\":800,\"caption\":\"IVG_BAR_Strawberry_watermeelon_einweg_ezigarette\"},{\"@type\":\"BreadcrumbList\",\"@id\":\"https:\/\/www.elementvape.de\/produkt\/ivg-bar-einweg-vape-600-puffs\/#breadcrumb\",\"itemListElement\":[{\"@type\":\"ListItem\",\"position\":1,\"name\":\"Home\",\"item\":\"https:\/\/www.elementvape.de\/\"},{\"@type\":\"ListItem\",\"position\":2,\"name\":\"Shop\",\"item\":\"https:\/\/www.elementvape.de\/shop\/\"},{\"@type\":\"ListItem\",\"position\":3,\"name\":\"IVG Bar Einweg Vape 600 Puffs\"}]},{\"@type\":\"WebSite\",\"@id\":\"https:\/\/www.elementvape.de\/#website\",\"url\":\"https:\/\/www.elementvape.de\/\",\"name\":\"ElementVape.de\",\"description\":\"\",\"publisher\":{\"@id\":\"https:\/\/www.elementvape.de\/#organization\"},\"potentialAction\":[{\"@type\":\"SearchAction\",\"target\":{\"@type\":\"EntryPoint\",\"urlTemplate\":\"https:\/\/www.elementvape.de\/?s={search_term_string}\"},\"query-input\":\"required name=search_term_string\"}],\"inLanguage\":\"lt-LT\"},{\"@type\":\"Organization\",\"@id\":\"https:\/\/www.elementvape.de\/#organization\",\"name\":\"ElementVape.DE\",\"url\":\"https:\/\/www.elementvape.de\/\",\"logo\":{\"@type\":\"ImageObject\",\"inLanguage\":\"lt-LT\",\"@id\":\"https:\/\/www.elementvape.de\/#\/schema\/logo\/image\/\",\"url\":\"https:\/\/www.elementvape.de\/wp-content\/uploads\/2024\/09\/cropped-1elementvape-3.png\",\"contentUrl\":\"https:\/\/www.elementvape.de\/wp-content\/uploads\/2024\/09\/cropped-1elementvape-3.png\",\"width\":285,\"height\":228,\"caption\":\"ElementVape.DE\"},\"image\":{\"@id\":\"https:\/\/www.elementvape.de\/#\/schema\/logo\/image\/\"}}]}<\/script>\n<!-- \/ Yoast SEO plugin. -->","yoast_head_json":{"title":"IVG Bar Einweg Vape 600 Puffs | ElementVape.de","description":"Wir bieten IVG Bar Einweg Vape 600 Puffs , Elementvape.de akzeptieren Gro\u00df-und Einzelhandel Bestellungen.","robots":{"index":"index","follow":"follow","max-snippet":"max-snippet:-1","max-image-preview":"max-image-preview:large","max-video-preview":"max-video-preview:-1"},"canonical":"https:\/\/www.elementvape.de\/lt\/produkt\/ivg-bar-einweg-vape-600-puffs\/","og_locale":"lt_LT","og_type":"article","og_title":"IVG Bar Einweg Vape 600 Puffs | ElementVape.de","og_description":"Wir bieten IVG Bar Einweg Vape 600 Puffs , Elementvape.de akzeptieren Gro\u00df-und Einzelhandel Bestellungen.","og_url":"https:\/\/www.elementvape.de\/lt\/produkt\/ivg-bar-einweg-vape-600-puffs\/","og_site_name":"ElementVape.de","article_modified_time":"2024-09-12T10:36:40+00:00","og_image":[{"width":800,"height":800,"url":"https:\/\/www.elementvape.de\/wp-content\/uploads\/2024\/05\/IVG_BAR_Strawberry_watermeelon_einweg_ezigarette.webp","type":"image\/webp"}],"twitter_card":"summary_large_image","twitter_misc":{"Est. reading time":"6 minut\u0117s"},"schema":{"@context":"https:\/\/schema.org","@graph":[{"@type":"WebPage","@id":"https:\/\/www.elementvape.de\/produkt\/ivg-bar-einweg-vape-600-puffs\/","url":"https:\/\/www.elementvape.de\/produkt\/ivg-bar-einweg-vape-600-puffs\/","name":"IVG Bar Einweg Vape 600 Puffs | ElementVape.de","isPartOf":{"@id":"https:\/\/www.elementvape.de\/#website"},"primaryImageOfPage":{"@id":"https:\/\/www.elementvape.de\/produkt\/ivg-bar-einweg-vape-600-puffs\/#primaryimage"},"image":{"@id":"https:\/\/www.elementvape.de\/produkt\/ivg-bar-einweg-vape-600-puffs\/#primaryimage"},"thumbnailUrl":"https:\/\/www.elementvape.de\/wp-content\/uploads\/2024\/05\/IVG_BAR_Strawberry_watermeelon_einweg_ezigarette.webp","datePublished":"2024-05-30T09:48:52+00:00","dateModified":"2024-09-12T10:36:40+00:00","description":"Wir bieten IVG Bar Einweg Vape 600 Puffs , Elementvape.de akzeptieren Gro\u00df-und Einzelhandel Bestellungen.","breadcrumb":{"@id":"https:\/\/www.elementvape.de\/produkt\/ivg-bar-einweg-vape-600-puffs\/#breadcrumb"},"inLanguage":"lt-LT","potentialAction":[{"@type":"ReadAction","target":["https:\/\/www.elementvape.de\/produkt\/ivg-bar-einweg-vape-600-puffs\/"]}]},{"@type":"ImageObject","inLanguage":"lt-LT","@id":"https:\/\/www.elementvape.de\/produkt\/ivg-bar-einweg-vape-600-puffs\/#primaryimage","url":"https:\/\/www.elementvape.de\/wp-content\/uploads\/2024\/05\/IVG_BAR_Strawberry_watermeelon_einweg_ezigarette.webp","contentUrl":"https:\/\/www.elementvape.de\/wp-content\/uploads\/2024\/05\/IVG_BAR_Strawberry_watermeelon_einweg_ezigarette.webp","width":800,"height":800,"caption":"IVG_BAR_Strawberry_watermeelon_einweg_ezigarette"},{"@type":"BreadcrumbList","@id":"https:\/\/www.elementvape.de\/produkt\/ivg-bar-einweg-vape-600-puffs\/#breadcrumb","itemListElement":[{"@type":"ListItem","position":1,"name":"Home","item":"https:\/\/www.elementvape.de\/"},{"@type":"ListItem","position":2,"name":"Shop","item":"https:\/\/www.elementvape.de\/shop\/"},{"@type":"ListItem","position":3,"name":"IVG Bar Einweg Vape 600 Puffs"}]},{"@type":"WebSite","@id":"https:\/\/www.elementvape.de\/#website","url":"https:\/\/www.elementvape.de\/","name":"ElementVape.de","description":"","publisher":{"@id":"https:\/\/www.elementvape.de\/#organization"},"potentialAction":[{"@type":"SearchAction","target":{"@type":"EntryPoint","urlTemplate":"https:\/\/www.elementvape.de\/?s={search_term_string}"},"query-input":"required name=search_term_string"}],"inLanguage":"lt-LT"},{"@type":"Organization","@id":"https:\/\/www.elementvape.de\/#organization","name":"ElementVape.DE","url":"https:\/\/www.elementvape.de\/","logo":{"@type":"ImageObject","inLanguage":"lt-LT","@id":"https:\/\/www.elementvape.de\/#\/schema\/logo\/image\/","url":"https:\/\/www.elementvape.de\/wp-content\/uploads\/2024\/09\/cropped-1elementvape-3.png","contentUrl":"https:\/\/www.elementvape.de\/wp-content\/uploads\/2024\/09\/cropped-1elementvape-3.png","width":285,"height":228,"caption":"ElementVape.DE"},"image":{"@id":"https:\/\/www.elementvape.de\/#\/schema\/logo\/image\/"}}]}},"_links":{"self":[{"href":"https:\/\/www.elementvape.de\/lt\/wp-json\/wp\/v2\/product\/11159"}],"collection":[{"href":"https:\/\/www.elementvape.de\/lt\/wp-json\/wp\/v2\/product"}],"about":[{"href":"https:\/\/www.elementvape.de\/lt\/wp-json\/wp\/v2\/types\/product"}],"wp:featuredmedia":[{"embeddable":true,"href":"https:\/\/www.elementvape.de\/lt\/wp-json\/wp\/v2\/media\/11160"}],"wp:attachment":[{"href":"https:\/\/www.elementvape.de\/lt\/wp-json\/wp\/v2\/media?parent=11159"}],"wp:term":[{"taxonomy":"product_cat","embeddable":true,"href":"https:\/\/www.elementvape.de\/lt\/wp-json\/wp\/v2\/product_cat?post=11159"},{"taxonomy":"product_tag","embeddable":true,"href":"https:\/\/www.elementvape.de\/lt\/wp-json\/wp\/v2\/product_tag?post=11159"}],"curies":[{"name":"wp","href":"https:\/\/api.w.org\/{rel}","templated":true}]}}