{"id":11101,"date":"2024-05-29T08:59:12","date_gmt":"2024-05-29T08:59:12","guid":{"rendered":"https:\/\/www.elementvape.de\/?post_type=product&#038;p=11101"},"modified":"2024-09-12T10:36:41","modified_gmt":"2024-09-12T10:36:41","slug":"geek-bar-c600-einweg-vape-600-zuege-500mah","status":"publish","type":"product","link":"https:\/\/www.elementvape.de\/lt\/produkt\/geek-bar-c600-einweg-vape-600-zuege-500mah\/","title":{"rendered":"Geek Bar C600 Vienkartinis Garintuvas 600 \u012etraukim\u0173 500mAh"},"content":{"rendered":"<p>Apra\u0161yti<br \/>\nMes si\u016blome auk\u0161\u010diausios kokyb\u0117s vienkartinius vape produktus i\u0161 Geek Bar. Atvykite pas mus. Pirkite Geek Bar C600 vienkartinius vape produktus u\u017e geriausias didmenines kainas. GEEK BAR C600 su auk\u0161tos kokyb\u0117s KAl-Mesh rit\u0117 viduje u\u017etikrina vienod\u0105 ir smulk\u0173 d\u016bm\u0105, geresn\u012f nei daugelis kit\u0173 produkt\u0173. Mink\u0161ta cigaret\u0117s vir\u0161\u016bn\u0117 yra integruota \u012f \u0161veln\u0173 d\u016bm\u0105. J\u016bs galite patirti tiek mink\u0161t\u0105, tiek tvirt\u0105 poj\u016bt\u012f, kai lie\u010diate gerkl\u0119. Dabar su naujais skaniais Geek Bar skoniais, i\u0161bandykime juos.<\/p>\n<p>Skonis<br \/>\nMi\u0161ri\u0173 vaisi\u0173 ro\u017ei\u0173 d\u017eemo \u0161i\u0161a<br \/>\nAnanasas kokos\u0173 pienas<br \/>\nAnanasas persikas mangas<br \/>\nS\u016brus m\u0117lyni\u0173 \u017eel\u0117<br \/>\nTropik\u0173 Skittles sprogimas<br \/>\nMango persiko kremas<br \/>\nApelsin\u0173 s\u016bris pyragas<br \/>\nVynuogi\u0173 ledas<br \/>\nLaimo kaktusas<br \/>\nR\u016bg\u0161tus obuolys<br \/>\nApelsinas vanil\u0117<br \/>\nPoliarinis ledas m\u0117t\u0173<br \/>\nImbiero soda<br \/>\nRaudonas Mojitas<br \/>\nKolos ledas<\/p>\n<p>Parametrai<br \/>\nBaterija: 500 mAh \u012fmontuotas akumuliatorius<br \/>\nE-sultys: 2 ml pripildytos<br \/>\n\u012ekv\u0117pimai: iki 600 \u012fkv\u0117pim\u0173. Nikotinas: 20 mg<br \/>\nSkoniai: 15<\/p>\n<p>Pakuot\u0117s<br \/>\n1 x Geek Bar C600 vienkartinis vape 600 \u012fkv\u0117pim\u0173<\/p>","protected":false},"excerpt":{"rendered":"<p>Beschreiben Wir bieten die hochwertigsten Einweg-Vaping-Produkte von Geek Bar an. Komm zu uns. Kaufen Sie Geek Bar C600 Einweg-Vaping-Produkte zu den besten Gro\u00dfhandelspreisen. GEEK BAR C600 mit hochwertiger KAl-Mesh-Spule im Inneren sorgt f\u00fcr einen gleichm\u00e4\u00dfigen und feinen Rauch, besser als bei vielen anderen Produkten. Die weiche Zigarettenspitze ist in den sanften Rauch integriert. Sie k\u00f6nnen [&hellip;]<\/p>","protected":false},"featured_media":11117,"template":"","meta":{"inline_featured_image":false},"product_cat":[78,754,745,742,748,744,755,738,751],"product_tag":[679],"tiered_pricing_type":"fixed","tiered_pricing_fixed_rules":[],"tiered_pricing_percentage_rules":[],"tiered_pricing_minimum":1,"_administrator_tiered_pricing_type":"fixed","_administrator_tiered_pricing_fixed_rules":[],"_editor_tiered_pricing_type":"fixed","_editor_tiered_pricing_fixed_rules":[],"_author_tiered_pricing_type":"fixed","_author_tiered_pricing_fixed_rules":[],"_contributor_tiered_pricing_type":"fixed","_contributor_tiered_pricing_fixed_rules":[],"_subscriber_tiered_pricing_type":"fixed","_subscriber_tiered_pricing_fixed_rules":[],"_customer_tiered_pricing_type":"fixed","_customer_tiered_pricing_fixed_rules":[],"_shop_manager_tiered_pricing_type":"fixed","_shop_manager_tiered_pricing_fixed_rules":[],"_wpseo_manager_tiered_pricing_type":"fixed","_wpseo_manager_tiered_pricing_fixed_rules":[],"_wpseo_editor_tiered_pricing_type":"fixed","_wpseo_editor_tiered_pricing_fixed_rules":[],"_wholesale_customer_tiered_pricing_type":"fixed","_wholesale_customer_tiered_pricing_fixed_rules":[],"_marketer_tiered_pricing_type":"fixed","_marketer_tiered_pricing_fixed_rules":[],"_sales_manager_tiered_pricing_type":"fixed","_sales_manager_tiered_pricing_fixed_rules":[],"_sales_rep_tiered_pricing_type":"fixed","_sales_rep_tiered_pricing_fixed_rules":[],"yoast_head":"<!-- This site is optimized with the Yoast SEO plugin v23.3 - https:\/\/yoast.com\/wordpress\/plugins\/seo\/ -->\n<title>Geek Bar C600 Einweg-Vape 600 Z\u00fcge 500mAh | ElementVape.de<\/title>\n<meta name=\"description\" content=\"Wir bieten Geek Bar C600 Einweg-Vape 600 Z\u00fcge 500mAh , Elementvape.de akzeptieren Gro\u00df-und Einzelhandel Bestellungen.\" \/>\n<meta name=\"robots\" content=\"index, follow, max-snippet:-1, max-image-preview:large, max-video-preview:-1\" \/>\n<link rel=\"canonical\" href=\"https:\/\/www.elementvape.de\/lt\/produkt\/geek-bar-c600-einweg-vape-600-zuege-500mah\/\" \/>\n<meta property=\"og:locale\" content=\"lt_LT\" \/>\n<meta property=\"og:type\" content=\"article\" \/>\n<meta property=\"og:title\" content=\"Geek Bar C600 Einweg-Vape 600 Z\u00fcge 500mAh | ElementVape.de\" \/>\n<meta property=\"og:description\" content=\"Wir bieten Geek Bar C600 Einweg-Vape 600 Z\u00fcge 500mAh , Elementvape.de akzeptieren Gro\u00df-und Einzelhandel Bestellungen.\" \/>\n<meta property=\"og:url\" content=\"https:\/\/www.elementvape.de\/lt\/produkt\/geek-bar-c600-einweg-vape-600-zuege-500mah\/\" \/>\n<meta property=\"og:site_name\" content=\"ElementVape.de\" \/>\n<meta property=\"article:modified_time\" content=\"2024-09-12T10:36:41+00:00\" \/>\n<meta property=\"og:image\" content=\"https:\/\/www.elementvape.de\/wp-content\/uploads\/2024\/05\/Geek-bar-C600-Disposable-Vape-600-Puffs-6.webp\" \/>\n\t<meta property=\"og:image:width\" content=\"800\" \/>\n\t<meta property=\"og:image:height\" content=\"800\" \/>\n\t<meta property=\"og:image:type\" content=\"image\/webp\" \/>\n<meta name=\"twitter:card\" content=\"summary_large_image\" \/>\n<meta name=\"twitter:label1\" content=\"Est. reading time\" \/>\n\t<meta name=\"twitter:data1\" content=\"2 minut\u0117s\" \/>\n<script type=\"application\/ld+json\" class=\"yoast-schema-graph\">{\"@context\":\"https:\/\/schema.org\",\"@graph\":[{\"@type\":\"WebPage\",\"@id\":\"https:\/\/www.elementvape.de\/nl\/produkt\/geek-bar-c600-einweg-vape-600-zuege-500mah\/\",\"url\":\"https:\/\/www.elementvape.de\/nl\/produkt\/geek-bar-c600-einweg-vape-600-zuege-500mah\/\",\"name\":\"Geek Bar C600 Einweg-Vape 600 Z\u00fcge 500mAh | ElementVape.de\",\"isPartOf\":{\"@id\":\"https:\/\/www.elementvape.de\/#website\"},\"primaryImageOfPage\":{\"@id\":\"https:\/\/www.elementvape.de\/nl\/produkt\/geek-bar-c600-einweg-vape-600-zuege-500mah\/#primaryimage\"},\"image\":{\"@id\":\"https:\/\/www.elementvape.de\/nl\/produkt\/geek-bar-c600-einweg-vape-600-zuege-500mah\/#primaryimage\"},\"thumbnailUrl\":\"https:\/\/www.elementvape.de\/wp-content\/uploads\/2024\/05\/Geek-bar-C600-Disposable-Vape-600-Puffs-6.webp\",\"datePublished\":\"2024-05-29T08:59:12+00:00\",\"dateModified\":\"2024-09-12T10:36:41+00:00\",\"description\":\"Wir bieten Geek Bar C600 Einweg-Vape 600 Z\u00fcge 500mAh , Elementvape.de akzeptieren Gro\u00df-und Einzelhandel Bestellungen.\",\"breadcrumb\":{\"@id\":\"https:\/\/www.elementvape.de\/nl\/produkt\/geek-bar-c600-einweg-vape-600-zuege-500mah\/#breadcrumb\"},\"inLanguage\":\"lt-LT\",\"potentialAction\":[{\"@type\":\"ReadAction\",\"target\":[\"https:\/\/www.elementvape.de\/nl\/produkt\/geek-bar-c600-einweg-vape-600-zuege-500mah\/\"]}]},{\"@type\":\"ImageObject\",\"inLanguage\":\"lt-LT\",\"@id\":\"https:\/\/www.elementvape.de\/nl\/produkt\/geek-bar-c600-einweg-vape-600-zuege-500mah\/#primaryimage\",\"url\":\"https:\/\/www.elementvape.de\/wp-content\/uploads\/2024\/05\/Geek-bar-C600-Disposable-Vape-600-Puffs-6.webp\",\"contentUrl\":\"https:\/\/www.elementvape.de\/wp-content\/uploads\/2024\/05\/Geek-bar-C600-Disposable-Vape-600-Puffs-6.webp\",\"width\":800,\"height\":800,\"caption\":\"Geek-bar-C600-Disposable-Vape-600-Puffs-6\"},{\"@type\":\"BreadcrumbList\",\"@id\":\"https:\/\/www.elementvape.de\/nl\/produkt\/geek-bar-c600-einweg-vape-600-zuege-500mah\/#breadcrumb\",\"itemListElement\":[{\"@type\":\"ListItem\",\"position\":1,\"name\":\"Home\",\"item\":\"https:\/\/www.elementvape.de\/\"},{\"@type\":\"ListItem\",\"position\":2,\"name\":\"Shop\",\"item\":\"https:\/\/www.elementvape.de\/shop\/\"},{\"@type\":\"ListItem\",\"position\":3,\"name\":\"Geek Bar C600 Einweg-Vape 600 Z\u00fcge 500mAh\"}]},{\"@type\":\"WebSite\",\"@id\":\"https:\/\/www.elementvape.de\/#website\",\"url\":\"https:\/\/www.elementvape.de\/\",\"name\":\"ElementVape.de\",\"description\":\"\",\"publisher\":{\"@id\":\"https:\/\/www.elementvape.de\/#organization\"},\"potentialAction\":[{\"@type\":\"SearchAction\",\"target\":{\"@type\":\"EntryPoint\",\"urlTemplate\":\"https:\/\/www.elementvape.de\/?s={search_term_string}\"},\"query-input\":\"required name=search_term_string\"}],\"inLanguage\":\"lt-LT\"},{\"@type\":\"Organization\",\"@id\":\"https:\/\/www.elementvape.de\/#organization\",\"name\":\"ElementVape.DE\",\"url\":\"https:\/\/www.elementvape.de\/\",\"logo\":{\"@type\":\"ImageObject\",\"inLanguage\":\"lt-LT\",\"@id\":\"https:\/\/www.elementvape.de\/#\/schema\/logo\/image\/\",\"url\":\"https:\/\/www.elementvape.de\/wp-content\/uploads\/2024\/09\/cropped-1elementvape-3.png\",\"contentUrl\":\"https:\/\/www.elementvape.de\/wp-content\/uploads\/2024\/09\/cropped-1elementvape-3.png\",\"width\":285,\"height\":228,\"caption\":\"ElementVape.DE\"},\"image\":{\"@id\":\"https:\/\/www.elementvape.de\/#\/schema\/logo\/image\/\"}}]}<\/script>\n<!-- \/ Yoast SEO plugin. -->","yoast_head_json":{"title":"Geek Bar C600 Einweg-Vape 600 Z\u00fcge 500mAh | ElementVape.de","description":"Wir bieten Geek Bar C600 Einweg-Vape 600 Z\u00fcge 500mAh , Elementvape.de akzeptieren Gro\u00df-und Einzelhandel Bestellungen.","robots":{"index":"index","follow":"follow","max-snippet":"max-snippet:-1","max-image-preview":"max-image-preview:large","max-video-preview":"max-video-preview:-1"},"canonical":"https:\/\/www.elementvape.de\/lt\/produkt\/geek-bar-c600-einweg-vape-600-zuege-500mah\/","og_locale":"lt_LT","og_type":"article","og_title":"Geek Bar C600 Einweg-Vape 600 Z\u00fcge 500mAh | ElementVape.de","og_description":"Wir bieten Geek Bar C600 Einweg-Vape 600 Z\u00fcge 500mAh , Elementvape.de akzeptieren Gro\u00df-und Einzelhandel Bestellungen.","og_url":"https:\/\/www.elementvape.de\/lt\/produkt\/geek-bar-c600-einweg-vape-600-zuege-500mah\/","og_site_name":"ElementVape.de","article_modified_time":"2024-09-12T10:36:41+00:00","og_image":[{"width":800,"height":800,"url":"https:\/\/www.elementvape.de\/wp-content\/uploads\/2024\/05\/Geek-bar-C600-Disposable-Vape-600-Puffs-6.webp","type":"image\/webp"}],"twitter_card":"summary_large_image","twitter_misc":{"Est. reading time":"2 minut\u0117s"},"schema":{"@context":"https:\/\/schema.org","@graph":[{"@type":"WebPage","@id":"https:\/\/www.elementvape.de\/nl\/produkt\/geek-bar-c600-einweg-vape-600-zuege-500mah\/","url":"https:\/\/www.elementvape.de\/nl\/produkt\/geek-bar-c600-einweg-vape-600-zuege-500mah\/","name":"Geek Bar C600 Einweg-Vape 600 Z\u00fcge 500mAh | ElementVape.de","isPartOf":{"@id":"https:\/\/www.elementvape.de\/#website"},"primaryImageOfPage":{"@id":"https:\/\/www.elementvape.de\/nl\/produkt\/geek-bar-c600-einweg-vape-600-zuege-500mah\/#primaryimage"},"image":{"@id":"https:\/\/www.elementvape.de\/nl\/produkt\/geek-bar-c600-einweg-vape-600-zuege-500mah\/#primaryimage"},"thumbnailUrl":"https:\/\/www.elementvape.de\/wp-content\/uploads\/2024\/05\/Geek-bar-C600-Disposable-Vape-600-Puffs-6.webp","datePublished":"2024-05-29T08:59:12+00:00","dateModified":"2024-09-12T10:36:41+00:00","description":"Wir bieten Geek Bar C600 Einweg-Vape 600 Z\u00fcge 500mAh , Elementvape.de akzeptieren Gro\u00df-und Einzelhandel Bestellungen.","breadcrumb":{"@id":"https:\/\/www.elementvape.de\/nl\/produkt\/geek-bar-c600-einweg-vape-600-zuege-500mah\/#breadcrumb"},"inLanguage":"lt-LT","potentialAction":[{"@type":"ReadAction","target":["https:\/\/www.elementvape.de\/nl\/produkt\/geek-bar-c600-einweg-vape-600-zuege-500mah\/"]}]},{"@type":"ImageObject","inLanguage":"lt-LT","@id":"https:\/\/www.elementvape.de\/nl\/produkt\/geek-bar-c600-einweg-vape-600-zuege-500mah\/#primaryimage","url":"https:\/\/www.elementvape.de\/wp-content\/uploads\/2024\/05\/Geek-bar-C600-Disposable-Vape-600-Puffs-6.webp","contentUrl":"https:\/\/www.elementvape.de\/wp-content\/uploads\/2024\/05\/Geek-bar-C600-Disposable-Vape-600-Puffs-6.webp","width":800,"height":800,"caption":"Geek-bar-C600-Disposable-Vape-600-Puffs-6"},{"@type":"BreadcrumbList","@id":"https:\/\/www.elementvape.de\/nl\/produkt\/geek-bar-c600-einweg-vape-600-zuege-500mah\/#breadcrumb","itemListElement":[{"@type":"ListItem","position":1,"name":"Home","item":"https:\/\/www.elementvape.de\/"},{"@type":"ListItem","position":2,"name":"Shop","item":"https:\/\/www.elementvape.de\/shop\/"},{"@type":"ListItem","position":3,"name":"Geek Bar C600 Einweg-Vape 600 Z\u00fcge 500mAh"}]},{"@type":"WebSite","@id":"https:\/\/www.elementvape.de\/#website","url":"https:\/\/www.elementvape.de\/","name":"ElementVape.de","description":"","publisher":{"@id":"https:\/\/www.elementvape.de\/#organization"},"potentialAction":[{"@type":"SearchAction","target":{"@type":"EntryPoint","urlTemplate":"https:\/\/www.elementvape.de\/?s={search_term_string}"},"query-input":"required name=search_term_string"}],"inLanguage":"lt-LT"},{"@type":"Organization","@id":"https:\/\/www.elementvape.de\/#organization","name":"ElementVape.DE","url":"https:\/\/www.elementvape.de\/","logo":{"@type":"ImageObject","inLanguage":"lt-LT","@id":"https:\/\/www.elementvape.de\/#\/schema\/logo\/image\/","url":"https:\/\/www.elementvape.de\/wp-content\/uploads\/2024\/09\/cropped-1elementvape-3.png","contentUrl":"https:\/\/www.elementvape.de\/wp-content\/uploads\/2024\/09\/cropped-1elementvape-3.png","width":285,"height":228,"caption":"ElementVape.DE"},"image":{"@id":"https:\/\/www.elementvape.de\/#\/schema\/logo\/image\/"}}]}},"_links":{"self":[{"href":"https:\/\/www.elementvape.de\/lt\/wp-json\/wp\/v2\/product\/11101"}],"collection":[{"href":"https:\/\/www.elementvape.de\/lt\/wp-json\/wp\/v2\/product"}],"about":[{"href":"https:\/\/www.elementvape.de\/lt\/wp-json\/wp\/v2\/types\/product"}],"wp:featuredmedia":[{"embeddable":true,"href":"https:\/\/www.elementvape.de\/lt\/wp-json\/wp\/v2\/media\/11117"}],"wp:attachment":[{"href":"https:\/\/www.elementvape.de\/lt\/wp-json\/wp\/v2\/media?parent=11101"}],"wp:term":[{"taxonomy":"product_cat","embeddable":true,"href":"https:\/\/www.elementvape.de\/lt\/wp-json\/wp\/v2\/product_cat?post=11101"},{"taxonomy":"product_tag","embeddable":true,"href":"https:\/\/www.elementvape.de\/lt\/wp-json\/wp\/v2\/product_tag?post=11101"}],"curies":[{"name":"wp","href":"https:\/\/api.w.org\/{rel}","templated":true}]}}