{"id":11022,"date":"2024-05-29T07:13:21","date_gmt":"2024-05-29T07:13:21","guid":{"rendered":"https:\/\/www.elementvape.de\/?post_type=product&#038;p=11022"},"modified":"2024-09-12T10:36:43","modified_gmt":"2024-09-12T10:36:43","slug":"geek-bar-x5500-einweg-vape-5500-zuege-630mah","status":"publish","type":"product","link":"https:\/\/www.elementvape.de\/lt\/produkt\/geek-bar-x5500-einweg-vape-5500-zuege-630mah\/","title":{"rendered":"Geek Bar X5500 vienkartinis vape 5500 \u012fkv\u0117pim\u0173 630mAh"},"content":{"rendered":"<p>Apra\u0161ymas<br \/>\nElementVape yra vienas did\u017eiausi\u0173 didmenini\u0173 prekybinink\u0173 ir tiek\u0117j\u0173 Geek Bar Vape produkt\u0173 Lietuvoje. Mes tiekiame auk\u0161\u010diausios kokyb\u0117s Geek Bar Disposable Vape produktus. Atvykite pas mus. Pirkite Geek Bar C500 Disposable Vape produktus u\u017e geriausias didmenines kainas. Geek Bar X5500 turi superlengv\u0105, sraigtin\u012f, cilindrin\u012f dizain\u0105. Jame \u012fmontuotas KAl tinklinis rit\u0117, kuri suteikia \u0161velnesn\u012f \u012fkv\u0117pim\u0105 iki paskutinio la\u0161o. Patobulinta plok\u0161\u010dia burnos anga lengvai priglunda prie l\u016bp\u0173. \u012ekraunamas 630 mAh akumuliatorius leid\u017eia jums r\u016bkyti vis\u0105 dien\u0105.<\/p>\n<p>Aromatai:<\/p>\n<p>Vynuogi\u0173 ledas<br \/>\nLaimo kaktusas<br \/>\nAnanasas persikas mangas<br \/>\nKivi pasionas guava<br \/>\nTropiniai vaisiai<br \/>\nAnanaso limonado soda<br \/>\nGranat\u0173 uog\u0173 m\u0117tin\u0117<br \/>\nLemon\u0173 led\u0173<br \/>\n\u017daliojo obuolio kivi<br \/>\nApelsin\u0173 mang\u0173 guava<br \/>\nKivi Bra\u0161k\u0117<br \/>\nKolos ledas<br \/>\nAnanasas kokos\u0173 pienas<br \/>\nMi\u0161ri\u0173 vaisi\u0173 \u0161isha<br \/>\nTropik\u0173 Skittles sprogimas<br \/>\nBra\u0161ki\u0173 limonadas<br \/>\nUog\u0173 trio<br \/>\nM\u0117lyni\u0173 kokteilis<br \/>\nBra\u0161ki\u0173 grietin\u0117l\u0117s tortas<br \/>\nMi\u0161rus uog\u0173 mi\u0161kas<br \/>\nMi\u0161rios persiko uogos<br \/>\nPoliarinis ledas m\u0117t\u0173<\/p>\n<p>Parametrai<br \/>\nAkumuliatorius: 630 mAh \u012fkraunamas akumuliatorius<br \/>\nE-sultys: 12 ml pripildytos<br \/>\n\u012ekv\u0117pimai: iki 5500 \u012fkv\u0117pim\u0173<br \/>\nNikotinas: 50\/20 mg<br \/>\nAromatai: 22<br \/>\nGalia: Pastovi 3,6 V<\/p>\n<p>Pakuot\u0117s<br \/>\n1 x Geek Bar X5500 vienkartinis vape 5500 \u012fkv\u0117pim\u0173<\/p>","protected":false},"excerpt":{"rendered":"<p>Beschreibung ElementVape ist einer der gr\u00f6\u00dften Gro\u00dfh\u00e4ndler und Lieferanten von Geek Bar Vape-Produkten in China. Wir liefern die hochwertigsten Geek Bar Disposable Vape-Produkte. Kommen Sie zu uns. Kaufen Sie Geek Bar C500 Disposable Vape-Produkte zu den besten Gro\u00dfhandelspreisen. Geek Bar X5500 verf\u00fcgt \u00fcber ein superleichtes, stromlinienf\u00f6rmiges, zylindrisches Design. Es ist mit einer integrierten KAl-Netzspule ausgestattet, [&hellip;]<\/p>","protected":false},"featured_media":11045,"template":"","meta":{"inline_featured_image":false},"product_cat":[78,754,745,742,748,744,755,738,751],"product_tag":[680],"tiered_pricing_type":"fixed","tiered_pricing_fixed_rules":[],"tiered_pricing_percentage_rules":[],"tiered_pricing_minimum":1,"_administrator_tiered_pricing_type":"fixed","_administrator_tiered_pricing_fixed_rules":[],"_editor_tiered_pricing_type":"fixed","_editor_tiered_pricing_fixed_rules":[],"_author_tiered_pricing_type":"fixed","_author_tiered_pricing_fixed_rules":[],"_contributor_tiered_pricing_type":"fixed","_contributor_tiered_pricing_fixed_rules":[],"_subscriber_tiered_pricing_type":"fixed","_subscriber_tiered_pricing_fixed_rules":[],"_customer_tiered_pricing_type":"fixed","_customer_tiered_pricing_fixed_rules":[],"_shop_manager_tiered_pricing_type":"fixed","_shop_manager_tiered_pricing_fixed_rules":[],"_wpseo_manager_tiered_pricing_type":"fixed","_wpseo_manager_tiered_pricing_fixed_rules":[],"_wpseo_editor_tiered_pricing_type":"fixed","_wpseo_editor_tiered_pricing_fixed_rules":[],"_wholesale_customer_tiered_pricing_type":"fixed","_wholesale_customer_tiered_pricing_fixed_rules":[],"_marketer_tiered_pricing_type":"fixed","_marketer_tiered_pricing_fixed_rules":[],"_sales_manager_tiered_pricing_type":"fixed","_sales_manager_tiered_pricing_fixed_rules":[],"_sales_rep_tiered_pricing_type":"fixed","_sales_rep_tiered_pricing_fixed_rules":[],"yoast_head":"<!-- This site is optimized with the Yoast SEO plugin v23.3 - https:\/\/yoast.com\/wordpress\/plugins\/seo\/ -->\n<title>Geek Bar X5500 Einweg-Vape 5500 Z\u00fcge 630mAh | ElementVape.de<\/title>\n<meta name=\"description\" content=\"Wir bieten Geek Bar X5500 Einweg-Vape 5500 Z\u00fcge 630mAh , Elementvape.de akzeptieren Gro\u00df-und Einzelhandel Bestellungen.\" \/>\n<meta name=\"robots\" content=\"index, follow, max-snippet:-1, max-image-preview:large, max-video-preview:-1\" \/>\n<link rel=\"canonical\" href=\"https:\/\/www.elementvape.de\/lt\/produkt\/geek-bar-x5500-einweg-vape-5500-zuege-630mah\/\" \/>\n<meta property=\"og:locale\" content=\"lt_LT\" \/>\n<meta property=\"og:type\" content=\"article\" \/>\n<meta property=\"og:title\" content=\"Geek Bar X5500 Einweg-Vape 5500 Z\u00fcge 630mAh | ElementVape.de\" \/>\n<meta property=\"og:description\" content=\"Wir bieten Geek Bar X5500 Einweg-Vape 5500 Z\u00fcge 630mAh , Elementvape.de akzeptieren Gro\u00df-und Einzelhandel Bestellungen.\" \/>\n<meta property=\"og:url\" content=\"https:\/\/www.elementvape.de\/lt\/produkt\/geek-bar-x5500-einweg-vape-5500-zuege-630mah\/\" \/>\n<meta property=\"og:site_name\" content=\"ElementVape.de\" \/>\n<meta property=\"article:modified_time\" content=\"2024-09-12T10:36:43+00:00\" \/>\n<meta property=\"og:image\" content=\"https:\/\/www.elementvape.de\/wp-content\/uploads\/2024\/05\/Geek-bar-X5500-Disposable-Vape-5500-Puffs-972937.webp\" \/>\n\t<meta property=\"og:image:width\" content=\"600\" \/>\n\t<meta property=\"og:image:height\" content=\"600\" \/>\n\t<meta property=\"og:image:type\" content=\"image\/webp\" \/>\n<meta name=\"twitter:card\" content=\"summary_large_image\" \/>\n<meta name=\"twitter:label1\" content=\"Est. reading time\" \/>\n\t<meta name=\"twitter:data1\" content=\"2 minut\u0117s\" \/>\n<script type=\"application\/ld+json\" class=\"yoast-schema-graph\">{\"@context\":\"https:\/\/schema.org\",\"@graph\":[{\"@type\":\"WebPage\",\"@id\":\"https:\/\/www.elementvape.de\/it\/produkt\/geek-bar-x5500-einweg-vape-5500-zuege-630mah\/\",\"url\":\"https:\/\/www.elementvape.de\/it\/produkt\/geek-bar-x5500-einweg-vape-5500-zuege-630mah\/\",\"name\":\"Geek Bar X5500 Einweg-Vape 5500 Z\u00fcge 630mAh | ElementVape.de\",\"isPartOf\":{\"@id\":\"https:\/\/www.elementvape.de\/#website\"},\"primaryImageOfPage\":{\"@id\":\"https:\/\/www.elementvape.de\/it\/produkt\/geek-bar-x5500-einweg-vape-5500-zuege-630mah\/#primaryimage\"},\"image\":{\"@id\":\"https:\/\/www.elementvape.de\/it\/produkt\/geek-bar-x5500-einweg-vape-5500-zuege-630mah\/#primaryimage\"},\"thumbnailUrl\":\"https:\/\/www.elementvape.de\/wp-content\/uploads\/2024\/05\/Geek-bar-X5500-Disposable-Vape-5500-Puffs-972937.webp\",\"datePublished\":\"2024-05-29T07:13:21+00:00\",\"dateModified\":\"2024-09-12T10:36:43+00:00\",\"description\":\"Wir bieten Geek Bar X5500 Einweg-Vape 5500 Z\u00fcge 630mAh , Elementvape.de akzeptieren Gro\u00df-und Einzelhandel Bestellungen.\",\"breadcrumb\":{\"@id\":\"https:\/\/www.elementvape.de\/it\/produkt\/geek-bar-x5500-einweg-vape-5500-zuege-630mah\/#breadcrumb\"},\"inLanguage\":\"lt-LT\",\"potentialAction\":[{\"@type\":\"ReadAction\",\"target\":[\"https:\/\/www.elementvape.de\/it\/produkt\/geek-bar-x5500-einweg-vape-5500-zuege-630mah\/\"]}]},{\"@type\":\"ImageObject\",\"inLanguage\":\"lt-LT\",\"@id\":\"https:\/\/www.elementvape.de\/it\/produkt\/geek-bar-x5500-einweg-vape-5500-zuege-630mah\/#primaryimage\",\"url\":\"https:\/\/www.elementvape.de\/wp-content\/uploads\/2024\/05\/Geek-bar-X5500-Disposable-Vape-5500-Puffs-972937.webp\",\"contentUrl\":\"https:\/\/www.elementvape.de\/wp-content\/uploads\/2024\/05\/Geek-bar-X5500-Disposable-Vape-5500-Puffs-972937.webp\",\"width\":600,\"height\":600,\"caption\":\"Geek-bar-X5500-Disposable-Vape-5500-Puffs-972937\"},{\"@type\":\"BreadcrumbList\",\"@id\":\"https:\/\/www.elementvape.de\/it\/produkt\/geek-bar-x5500-einweg-vape-5500-zuege-630mah\/#breadcrumb\",\"itemListElement\":[{\"@type\":\"ListItem\",\"position\":1,\"name\":\"Home\",\"item\":\"https:\/\/www.elementvape.de\/\"},{\"@type\":\"ListItem\",\"position\":2,\"name\":\"Shop\",\"item\":\"https:\/\/www.elementvape.de\/shop\/\"},{\"@type\":\"ListItem\",\"position\":3,\"name\":\"Geek Bar X5500 Einweg-Vape 5500 Z\u00fcge 630mAh\"}]},{\"@type\":\"WebSite\",\"@id\":\"https:\/\/www.elementvape.de\/#website\",\"url\":\"https:\/\/www.elementvape.de\/\",\"name\":\"ElementVape.de\",\"description\":\"\",\"publisher\":{\"@id\":\"https:\/\/www.elementvape.de\/#organization\"},\"potentialAction\":[{\"@type\":\"SearchAction\",\"target\":{\"@type\":\"EntryPoint\",\"urlTemplate\":\"https:\/\/www.elementvape.de\/?s={search_term_string}\"},\"query-input\":\"required name=search_term_string\"}],\"inLanguage\":\"lt-LT\"},{\"@type\":\"Organization\",\"@id\":\"https:\/\/www.elementvape.de\/#organization\",\"name\":\"ElementVape.DE\",\"url\":\"https:\/\/www.elementvape.de\/\",\"logo\":{\"@type\":\"ImageObject\",\"inLanguage\":\"lt-LT\",\"@id\":\"https:\/\/www.elementvape.de\/#\/schema\/logo\/image\/\",\"url\":\"https:\/\/www.elementvape.de\/wp-content\/uploads\/2024\/09\/cropped-1elementvape-3.png\",\"contentUrl\":\"https:\/\/www.elementvape.de\/wp-content\/uploads\/2024\/09\/cropped-1elementvape-3.png\",\"width\":285,\"height\":228,\"caption\":\"ElementVape.DE\"},\"image\":{\"@id\":\"https:\/\/www.elementvape.de\/#\/schema\/logo\/image\/\"}}]}<\/script>\n<!-- \/ Yoast SEO plugin. -->","yoast_head_json":{"title":"Geek Bar X5500 Einweg-Vape 5500 Z\u00fcge 630mAh | ElementVape.de","description":"Wir bieten Geek Bar X5500 Einweg-Vape 5500 Z\u00fcge 630mAh , Elementvape.de akzeptieren Gro\u00df-und Einzelhandel Bestellungen.","robots":{"index":"index","follow":"follow","max-snippet":"max-snippet:-1","max-image-preview":"max-image-preview:large","max-video-preview":"max-video-preview:-1"},"canonical":"https:\/\/www.elementvape.de\/lt\/produkt\/geek-bar-x5500-einweg-vape-5500-zuege-630mah\/","og_locale":"lt_LT","og_type":"article","og_title":"Geek Bar X5500 Einweg-Vape 5500 Z\u00fcge 630mAh | ElementVape.de","og_description":"Wir bieten Geek Bar X5500 Einweg-Vape 5500 Z\u00fcge 630mAh , Elementvape.de akzeptieren Gro\u00df-und Einzelhandel Bestellungen.","og_url":"https:\/\/www.elementvape.de\/lt\/produkt\/geek-bar-x5500-einweg-vape-5500-zuege-630mah\/","og_site_name":"ElementVape.de","article_modified_time":"2024-09-12T10:36:43+00:00","og_image":[{"width":600,"height":600,"url":"https:\/\/www.elementvape.de\/wp-content\/uploads\/2024\/05\/Geek-bar-X5500-Disposable-Vape-5500-Puffs-972937.webp","type":"image\/webp"}],"twitter_card":"summary_large_image","twitter_misc":{"Est. reading time":"2 minut\u0117s"},"schema":{"@context":"https:\/\/schema.org","@graph":[{"@type":"WebPage","@id":"https:\/\/www.elementvape.de\/it\/produkt\/geek-bar-x5500-einweg-vape-5500-zuege-630mah\/","url":"https:\/\/www.elementvape.de\/it\/produkt\/geek-bar-x5500-einweg-vape-5500-zuege-630mah\/","name":"Geek Bar X5500 Einweg-Vape 5500 Z\u00fcge 630mAh | ElementVape.de","isPartOf":{"@id":"https:\/\/www.elementvape.de\/#website"},"primaryImageOfPage":{"@id":"https:\/\/www.elementvape.de\/it\/produkt\/geek-bar-x5500-einweg-vape-5500-zuege-630mah\/#primaryimage"},"image":{"@id":"https:\/\/www.elementvape.de\/it\/produkt\/geek-bar-x5500-einweg-vape-5500-zuege-630mah\/#primaryimage"},"thumbnailUrl":"https:\/\/www.elementvape.de\/wp-content\/uploads\/2024\/05\/Geek-bar-X5500-Disposable-Vape-5500-Puffs-972937.webp","datePublished":"2024-05-29T07:13:21+00:00","dateModified":"2024-09-12T10:36:43+00:00","description":"Wir bieten Geek Bar X5500 Einweg-Vape 5500 Z\u00fcge 630mAh , Elementvape.de akzeptieren Gro\u00df-und Einzelhandel Bestellungen.","breadcrumb":{"@id":"https:\/\/www.elementvape.de\/it\/produkt\/geek-bar-x5500-einweg-vape-5500-zuege-630mah\/#breadcrumb"},"inLanguage":"lt-LT","potentialAction":[{"@type":"ReadAction","target":["https:\/\/www.elementvape.de\/it\/produkt\/geek-bar-x5500-einweg-vape-5500-zuege-630mah\/"]}]},{"@type":"ImageObject","inLanguage":"lt-LT","@id":"https:\/\/www.elementvape.de\/it\/produkt\/geek-bar-x5500-einweg-vape-5500-zuege-630mah\/#primaryimage","url":"https:\/\/www.elementvape.de\/wp-content\/uploads\/2024\/05\/Geek-bar-X5500-Disposable-Vape-5500-Puffs-972937.webp","contentUrl":"https:\/\/www.elementvape.de\/wp-content\/uploads\/2024\/05\/Geek-bar-X5500-Disposable-Vape-5500-Puffs-972937.webp","width":600,"height":600,"caption":"Geek-bar-X5500-Disposable-Vape-5500-Puffs-972937"},{"@type":"BreadcrumbList","@id":"https:\/\/www.elementvape.de\/it\/produkt\/geek-bar-x5500-einweg-vape-5500-zuege-630mah\/#breadcrumb","itemListElement":[{"@type":"ListItem","position":1,"name":"Home","item":"https:\/\/www.elementvape.de\/"},{"@type":"ListItem","position":2,"name":"Shop","item":"https:\/\/www.elementvape.de\/shop\/"},{"@type":"ListItem","position":3,"name":"Geek Bar X5500 Einweg-Vape 5500 Z\u00fcge 630mAh"}]},{"@type":"WebSite","@id":"https:\/\/www.elementvape.de\/#website","url":"https:\/\/www.elementvape.de\/","name":"ElementVape.de","description":"","publisher":{"@id":"https:\/\/www.elementvape.de\/#organization"},"potentialAction":[{"@type":"SearchAction","target":{"@type":"EntryPoint","urlTemplate":"https:\/\/www.elementvape.de\/?s={search_term_string}"},"query-input":"required name=search_term_string"}],"inLanguage":"lt-LT"},{"@type":"Organization","@id":"https:\/\/www.elementvape.de\/#organization","name":"ElementVape.DE","url":"https:\/\/www.elementvape.de\/","logo":{"@type":"ImageObject","inLanguage":"lt-LT","@id":"https:\/\/www.elementvape.de\/#\/schema\/logo\/image\/","url":"https:\/\/www.elementvape.de\/wp-content\/uploads\/2024\/09\/cropped-1elementvape-3.png","contentUrl":"https:\/\/www.elementvape.de\/wp-content\/uploads\/2024\/09\/cropped-1elementvape-3.png","width":285,"height":228,"caption":"ElementVape.DE"},"image":{"@id":"https:\/\/www.elementvape.de\/#\/schema\/logo\/image\/"}}]}},"_links":{"self":[{"href":"https:\/\/www.elementvape.de\/lt\/wp-json\/wp\/v2\/product\/11022"}],"collection":[{"href":"https:\/\/www.elementvape.de\/lt\/wp-json\/wp\/v2\/product"}],"about":[{"href":"https:\/\/www.elementvape.de\/lt\/wp-json\/wp\/v2\/types\/product"}],"wp:featuredmedia":[{"embeddable":true,"href":"https:\/\/www.elementvape.de\/lt\/wp-json\/wp\/v2\/media\/11045"}],"wp:attachment":[{"href":"https:\/\/www.elementvape.de\/lt\/wp-json\/wp\/v2\/media?parent=11022"}],"wp:term":[{"taxonomy":"product_cat","embeddable":true,"href":"https:\/\/www.elementvape.de\/lt\/wp-json\/wp\/v2\/product_cat?post=11022"},{"taxonomy":"product_tag","embeddable":true,"href":"https:\/\/www.elementvape.de\/lt\/wp-json\/wp\/v2\/product_tag?post=11022"}],"curies":[{"name":"wp","href":"https:\/\/api.w.org\/{rel}","templated":true}]}}