{"id":10952,"date":"2024-05-28T07:38:29","date_gmt":"2024-05-28T07:38:29","guid":{"rendered":"https:\/\/www.elementvape.de\/?post_type=product&#038;p=10952"},"modified":"2024-09-12T10:36:44","modified_gmt":"2024-09-12T10:36:44","slug":"geek-bar-b4000-einweg-vape-4000-zuege-1050mah","status":"publish","type":"product","link":"https:\/\/www.elementvape.de\/lt\/produkt\/geek-bar-b4000-einweg-vape-4000-zuege-1050mah\/","title":{"rendered":"Geek Bar B4000 Vienkartinis Vape 4000 \u012fkv\u0117pim\u0173 1050mAh"},"content":{"rendered":"<h2>Apra\u0161ymas:<\/h2>\n<p>Elementvape internetin\u0117 vape parduotuv\u0117 si\u016blo visame pasaulyje didmenin\u0117s prekybos priedus vienkartiniams vape produktams i\u0161 Geek Bar. Tapkite nariu. Pirkite Geek Bar B4000 vienkartinius vape produktus u\u017e geriausias didmenines kainas. GEEK BAR B4000, kri\u0161tolin\u0117 d\u0117\u017eut\u0117 su KAl tinklo rit\u0117 viduje, dviej\u0173 spalv\u0173 liejimas viename gabale. Ji si\u016blo vapotojams turtingus aromatus ir stipri\u0105 gerkl\u0117s poj\u016bt\u012f. Taip pat ji yra labai kompakti\u0161ka, tod\u0117l galite \u012fsid\u0117ti \u012f ki\u0161en\u0119 ar rankin\u0119. \u0160velnus prisilietimo poj\u016btis prasideda nuo j\u016bs\u0173 rankos iki l\u016bp\u0173 ir galiausiai sukuria j\u016bs\u0173 vape patirt\u012f<\/p>\n<p>Skoni\u0173 r\u016b\u0161ys:<\/p>\n<p>Vynuogi\u0173 ledas<br \/>\nM\u0117lyna Razz Lemonaidas<br \/>\nBra\u0161ki\u0173 limonadas<br \/>\nAnanasas persikas mangas<br \/>\nKivi pasionas guava<br \/>\nLemon\u0173 led\u0173<br \/>\nBra\u0161k\u0117 Kivi<br \/>\nLaimo kaktusas<br \/>\nPoliarinis ledas m\u0117t\u0173<br \/>\nAnanasas kokos\u0173 pienas<br \/>\nMi\u0161ri\u0173 vaisi\u0173 \u0161isha<br \/>\n\u017daliojo obuolio kivi<br \/>\nTropiniai vaisiai<br \/>\nAvokad\u0173 kokteilis<br \/>\nUog\u0173 trio<br \/>\nM\u0117lyni\u0173 kokteilis<br \/>\nBra\u0161ki\u0173 spurgos<br \/>\nPersiko mang\u0173 guava<br \/>\nMi\u0161rus uog\u0173 mi\u0161kas<br \/>\nAnanaso limonado soda<br \/>\nVynuog\u0117s arb\u016bzas<br \/>\nMi\u0161rios persiko uogos<\/p>\n<p>Parametrai<br \/>\nDydis: 50,6 x 21 x 75,5 mm<br \/>\nAkumuliatorius: 1050 mAh \u012fmontuotas akumuliatorius<br \/>\nE-Saikas: 10 ml pripildytas<br \/>\n\u012ekv\u0117pimai: iki 4000 \u012fkv\u0117pim\u0173<br \/>\nNikotinas: 50 mg<br \/>\nAromatai: 22<br \/>\nGalia: Pastovi 3,6 V<\/p>\n<p>Pakuot\u0117s<br \/>\n1 x Geek Bar B4000 vienkartinis Vape 4000 \u012fkv\u0117pim\u0173<\/p>","protected":false},"excerpt":{"rendered":"<p>Apra\u0161ymas: Elementvape internetin\u0117 vape parduotuv\u0117 si\u016blo visame pasaulyje didmenin\u0117s prekybos priedus vienkartiniams vape produktams i\u0161 Geek Bar. Tapkite nariu. Pirkite Geek Bar B4000 vienkartinius vape produktus u\u017e geriausias didmenines kainas. GEEK BAR B4000, kri\u0161tolin\u0117 d\u0117\u017eut\u0117 su KAl tinklo rit\u0117 viduje, dviej\u0173 spalv\u0173 liejimas i\u0161 vieno gabalo. Ji suteikia garintojams turtingus aromatus ir stipri\u0105 gerkl\u0117s \u012ftamp\u0105. Taip pat [\u2026]<\/p>","protected":false},"featured_media":10943,"template":"","meta":{"inline_featured_image":false},"product_cat":[78,754,745,742,748,744,755,738,751],"product_tag":[677],"tiered_pricing_type":"fixed","tiered_pricing_fixed_rules":[],"tiered_pricing_percentage_rules":[],"tiered_pricing_minimum":1,"_administrator_tiered_pricing_type":"fixed","_administrator_tiered_pricing_fixed_rules":[],"_editor_tiered_pricing_type":"fixed","_editor_tiered_pricing_fixed_rules":[],"_author_tiered_pricing_type":"fixed","_author_tiered_pricing_fixed_rules":[],"_contributor_tiered_pricing_type":"fixed","_contributor_tiered_pricing_fixed_rules":[],"_subscriber_tiered_pricing_type":"fixed","_subscriber_tiered_pricing_fixed_rules":[],"_customer_tiered_pricing_type":"fixed","_customer_tiered_pricing_fixed_rules":[],"_shop_manager_tiered_pricing_type":"fixed","_shop_manager_tiered_pricing_fixed_rules":[],"_wpseo_manager_tiered_pricing_type":"fixed","_wpseo_manager_tiered_pricing_fixed_rules":[],"_wpseo_editor_tiered_pricing_type":"fixed","_wpseo_editor_tiered_pricing_fixed_rules":[],"_wholesale_customer_tiered_pricing_type":"fixed","_wholesale_customer_tiered_pricing_fixed_rules":[],"_marketer_tiered_pricing_type":"fixed","_marketer_tiered_pricing_fixed_rules":[],"_sales_manager_tiered_pricing_type":"fixed","_sales_manager_tiered_pricing_fixed_rules":[],"_sales_rep_tiered_pricing_type":"fixed","_sales_rep_tiered_pricing_fixed_rules":[],"yoast_head":"<!-- This site is optimized with the Yoast SEO plugin v23.3 - https:\/\/yoast.com\/wordpress\/plugins\/seo\/ -->\n<title>Geek Bar B4000 Einweg-Vape 4000 Z\u00fcge 1050mAh | ElementVape.de<\/title>\n<meta name=\"description\" content=\"Wir bieten Geek Bar B4000 Einweg-Vape 4000 Z\u00fcge 1050mAh , Elementvape.de akzeptieren Gro\u00df-und Einzelhandel Bestellungen.\" \/>\n<meta name=\"robots\" content=\"index, follow, max-snippet:-1, max-image-preview:large, max-video-preview:-1\" \/>\n<link rel=\"canonical\" href=\"https:\/\/www.elementvape.de\/lt\/produkt\/geek-bar-b4000-einweg-vape-4000-zuege-1050mah\/\" \/>\n<meta property=\"og:locale\" content=\"lt_LT\" \/>\n<meta property=\"og:type\" content=\"article\" \/>\n<meta property=\"og:title\" content=\"Geek Bar B4000 Einweg-Vape 4000 Z\u00fcge 1050mAh | ElementVape.de\" \/>\n<meta property=\"og:description\" content=\"Wir bieten Geek Bar B4000 Einweg-Vape 4000 Z\u00fcge 1050mAh , Elementvape.de akzeptieren Gro\u00df-und Einzelhandel Bestellungen.\" \/>\n<meta property=\"og:url\" content=\"https:\/\/www.elementvape.de\/lt\/produkt\/geek-bar-b4000-einweg-vape-4000-zuege-1050mah\/\" \/>\n<meta property=\"og:site_name\" content=\"ElementVape.de\" \/>\n<meta property=\"article:modified_time\" content=\"2024-09-12T10:36:44+00:00\" \/>\n<meta property=\"og:image\" content=\"https:\/\/www.elementvape.de\/wp-content\/uploads\/2024\/05\/Geek-bar-B4000-Disposable-Vape-4000-Puffs-2-834510.webp\" \/>\n\t<meta property=\"og:image:width\" content=\"800\" \/>\n\t<meta property=\"og:image:height\" content=\"800\" \/>\n\t<meta property=\"og:image:type\" content=\"image\/webp\" \/>\n<meta name=\"twitter:card\" content=\"summary_large_image\" \/>\n<meta name=\"twitter:label1\" content=\"Est. reading time\" \/>\n\t<meta name=\"twitter:data1\" content=\"2 minut\u0117s\" \/>\n<script type=\"application\/ld+json\" class=\"yoast-schema-graph\">{\"@context\":\"https:\/\/schema.org\",\"@graph\":[{\"@type\":\"WebPage\",\"@id\":\"https:\/\/www.elementvape.de\/es\/produkt\/geek-bar-b4000-einweg-vape-4000-zuege-1050mah\/\",\"url\":\"https:\/\/www.elementvape.de\/es\/produkt\/geek-bar-b4000-einweg-vape-4000-zuege-1050mah\/\",\"name\":\"Geek Bar B4000 Einweg-Vape 4000 Z\u00fcge 1050mAh | ElementVape.de\",\"isPartOf\":{\"@id\":\"https:\/\/www.elementvape.de\/#website\"},\"primaryImageOfPage\":{\"@id\":\"https:\/\/www.elementvape.de\/es\/produkt\/geek-bar-b4000-einweg-vape-4000-zuege-1050mah\/#primaryimage\"},\"image\":{\"@id\":\"https:\/\/www.elementvape.de\/es\/produkt\/geek-bar-b4000-einweg-vape-4000-zuege-1050mah\/#primaryimage\"},\"thumbnailUrl\":\"https:\/\/www.elementvape.de\/wp-content\/uploads\/2024\/05\/Geek-bar-B4000-Disposable-Vape-4000-Puffs-2-834510.webp\",\"datePublished\":\"2024-05-28T07:38:29+00:00\",\"dateModified\":\"2024-09-12T10:36:44+00:00\",\"description\":\"Wir bieten Geek Bar B4000 Einweg-Vape 4000 Z\u00fcge 1050mAh , Elementvape.de akzeptieren Gro\u00df-und Einzelhandel Bestellungen.\",\"breadcrumb\":{\"@id\":\"https:\/\/www.elementvape.de\/es\/produkt\/geek-bar-b4000-einweg-vape-4000-zuege-1050mah\/#breadcrumb\"},\"inLanguage\":\"lt-LT\",\"potentialAction\":[{\"@type\":\"ReadAction\",\"target\":[\"https:\/\/www.elementvape.de\/es\/produkt\/geek-bar-b4000-einweg-vape-4000-zuege-1050mah\/\"]}]},{\"@type\":\"ImageObject\",\"inLanguage\":\"lt-LT\",\"@id\":\"https:\/\/www.elementvape.de\/es\/produkt\/geek-bar-b4000-einweg-vape-4000-zuege-1050mah\/#primaryimage\",\"url\":\"https:\/\/www.elementvape.de\/wp-content\/uploads\/2024\/05\/Geek-bar-B4000-Disposable-Vape-4000-Puffs-2-834510.webp\",\"contentUrl\":\"https:\/\/www.elementvape.de\/wp-content\/uploads\/2024\/05\/Geek-bar-B4000-Disposable-Vape-4000-Puffs-2-834510.webp\",\"width\":800,\"height\":800,\"caption\":\"Geek-bar-B4000-Disposable-Vape-4000-Puffs-2-834510\"},{\"@type\":\"BreadcrumbList\",\"@id\":\"https:\/\/www.elementvape.de\/es\/produkt\/geek-bar-b4000-einweg-vape-4000-zuege-1050mah\/#breadcrumb\",\"itemListElement\":[{\"@type\":\"ListItem\",\"position\":1,\"name\":\"Home\",\"item\":\"https:\/\/www.elementvape.de\/\"},{\"@type\":\"ListItem\",\"position\":2,\"name\":\"Shop\",\"item\":\"https:\/\/www.elementvape.de\/shop\/\"},{\"@type\":\"ListItem\",\"position\":3,\"name\":\"Geek Bar B4000 Einweg-Vape 4000 Z\u00fcge 1050mAh\"}]},{\"@type\":\"WebSite\",\"@id\":\"https:\/\/www.elementvape.de\/#website\",\"url\":\"https:\/\/www.elementvape.de\/\",\"name\":\"ElementVape.de\",\"description\":\"\",\"publisher\":{\"@id\":\"https:\/\/www.elementvape.de\/#organization\"},\"potentialAction\":[{\"@type\":\"SearchAction\",\"target\":{\"@type\":\"EntryPoint\",\"urlTemplate\":\"https:\/\/www.elementvape.de\/?s={search_term_string}\"},\"query-input\":\"required name=search_term_string\"}],\"inLanguage\":\"lt-LT\"},{\"@type\":\"Organization\",\"@id\":\"https:\/\/www.elementvape.de\/#organization\",\"name\":\"ElementVape.DE\",\"url\":\"https:\/\/www.elementvape.de\/\",\"logo\":{\"@type\":\"ImageObject\",\"inLanguage\":\"lt-LT\",\"@id\":\"https:\/\/www.elementvape.de\/#\/schema\/logo\/image\/\",\"url\":\"https:\/\/www.elementvape.de\/wp-content\/uploads\/2024\/09\/cropped-1elementvape-3.png\",\"contentUrl\":\"https:\/\/www.elementvape.de\/wp-content\/uploads\/2024\/09\/cropped-1elementvape-3.png\",\"width\":285,\"height\":228,\"caption\":\"ElementVape.DE\"},\"image\":{\"@id\":\"https:\/\/www.elementvape.de\/#\/schema\/logo\/image\/\"}}]}<\/script>\n<!-- \/ Yoast SEO plugin. -->","yoast_head_json":{"title":"Geek Bar B4000 Einweg-Vape 4000 Z\u00fcge 1050mAh | ElementVape.de","description":"Wir bieten Geek Bar B4000 Einweg-Vape 4000 Z\u00fcge 1050mAh , Elementvape.de akzeptieren Gro\u00df-und Einzelhandel Bestellungen.","robots":{"index":"index","follow":"follow","max-snippet":"max-snippet:-1","max-image-preview":"max-image-preview:large","max-video-preview":"max-video-preview:-1"},"canonical":"https:\/\/www.elementvape.de\/lt\/produkt\/geek-bar-b4000-einweg-vape-4000-zuege-1050mah\/","og_locale":"lt_LT","og_type":"article","og_title":"Geek Bar B4000 Einweg-Vape 4000 Z\u00fcge 1050mAh | ElementVape.de","og_description":"Wir bieten Geek Bar B4000 Einweg-Vape 4000 Z\u00fcge 1050mAh , Elementvape.de akzeptieren Gro\u00df-und Einzelhandel Bestellungen.","og_url":"https:\/\/www.elementvape.de\/lt\/produkt\/geek-bar-b4000-einweg-vape-4000-zuege-1050mah\/","og_site_name":"ElementVape.de","article_modified_time":"2024-09-12T10:36:44+00:00","og_image":[{"width":800,"height":800,"url":"https:\/\/www.elementvape.de\/wp-content\/uploads\/2024\/05\/Geek-bar-B4000-Disposable-Vape-4000-Puffs-2-834510.webp","type":"image\/webp"}],"twitter_card":"summary_large_image","twitter_misc":{"Est. reading time":"2 minut\u0117s"},"schema":{"@context":"https:\/\/schema.org","@graph":[{"@type":"WebPage","@id":"https:\/\/www.elementvape.de\/es\/produkt\/geek-bar-b4000-einweg-vape-4000-zuege-1050mah\/","url":"https:\/\/www.elementvape.de\/es\/produkt\/geek-bar-b4000-einweg-vape-4000-zuege-1050mah\/","name":"Geek Bar B4000 Einweg-Vape 4000 Z\u00fcge 1050mAh | ElementVape.de","isPartOf":{"@id":"https:\/\/www.elementvape.de\/#website"},"primaryImageOfPage":{"@id":"https:\/\/www.elementvape.de\/es\/produkt\/geek-bar-b4000-einweg-vape-4000-zuege-1050mah\/#primaryimage"},"image":{"@id":"https:\/\/www.elementvape.de\/es\/produkt\/geek-bar-b4000-einweg-vape-4000-zuege-1050mah\/#primaryimage"},"thumbnailUrl":"https:\/\/www.elementvape.de\/wp-content\/uploads\/2024\/05\/Geek-bar-B4000-Disposable-Vape-4000-Puffs-2-834510.webp","datePublished":"2024-05-28T07:38:29+00:00","dateModified":"2024-09-12T10:36:44+00:00","description":"Wir bieten Geek Bar B4000 Einweg-Vape 4000 Z\u00fcge 1050mAh , Elementvape.de akzeptieren Gro\u00df-und Einzelhandel Bestellungen.","breadcrumb":{"@id":"https:\/\/www.elementvape.de\/es\/produkt\/geek-bar-b4000-einweg-vape-4000-zuege-1050mah\/#breadcrumb"},"inLanguage":"lt-LT","potentialAction":[{"@type":"ReadAction","target":["https:\/\/www.elementvape.de\/es\/produkt\/geek-bar-b4000-einweg-vape-4000-zuege-1050mah\/"]}]},{"@type":"ImageObject","inLanguage":"lt-LT","@id":"https:\/\/www.elementvape.de\/es\/produkt\/geek-bar-b4000-einweg-vape-4000-zuege-1050mah\/#primaryimage","url":"https:\/\/www.elementvape.de\/wp-content\/uploads\/2024\/05\/Geek-bar-B4000-Disposable-Vape-4000-Puffs-2-834510.webp","contentUrl":"https:\/\/www.elementvape.de\/wp-content\/uploads\/2024\/05\/Geek-bar-B4000-Disposable-Vape-4000-Puffs-2-834510.webp","width":800,"height":800,"caption":"Geek-bar-B4000-Disposable-Vape-4000-Puffs-2-834510"},{"@type":"BreadcrumbList","@id":"https:\/\/www.elementvape.de\/es\/produkt\/geek-bar-b4000-einweg-vape-4000-zuege-1050mah\/#breadcrumb","itemListElement":[{"@type":"ListItem","position":1,"name":"Home","item":"https:\/\/www.elementvape.de\/"},{"@type":"ListItem","position":2,"name":"Shop","item":"https:\/\/www.elementvape.de\/shop\/"},{"@type":"ListItem","position":3,"name":"Geek Bar B4000 Einweg-Vape 4000 Z\u00fcge 1050mAh"}]},{"@type":"WebSite","@id":"https:\/\/www.elementvape.de\/#website","url":"https:\/\/www.elementvape.de\/","name":"ElementVape.de","description":"","publisher":{"@id":"https:\/\/www.elementvape.de\/#organization"},"potentialAction":[{"@type":"SearchAction","target":{"@type":"EntryPoint","urlTemplate":"https:\/\/www.elementvape.de\/?s={search_term_string}"},"query-input":"required name=search_term_string"}],"inLanguage":"lt-LT"},{"@type":"Organization","@id":"https:\/\/www.elementvape.de\/#organization","name":"ElementVape.DE","url":"https:\/\/www.elementvape.de\/","logo":{"@type":"ImageObject","inLanguage":"lt-LT","@id":"https:\/\/www.elementvape.de\/#\/schema\/logo\/image\/","url":"https:\/\/www.elementvape.de\/wp-content\/uploads\/2024\/09\/cropped-1elementvape-3.png","contentUrl":"https:\/\/www.elementvape.de\/wp-content\/uploads\/2024\/09\/cropped-1elementvape-3.png","width":285,"height":228,"caption":"ElementVape.DE"},"image":{"@id":"https:\/\/www.elementvape.de\/#\/schema\/logo\/image\/"}}]}},"_links":{"self":[{"href":"https:\/\/www.elementvape.de\/lt\/wp-json\/wp\/v2\/product\/10952"}],"collection":[{"href":"https:\/\/www.elementvape.de\/lt\/wp-json\/wp\/v2\/product"}],"about":[{"href":"https:\/\/www.elementvape.de\/lt\/wp-json\/wp\/v2\/types\/product"}],"wp:featuredmedia":[{"embeddable":true,"href":"https:\/\/www.elementvape.de\/lt\/wp-json\/wp\/v2\/media\/10943"}],"wp:attachment":[{"href":"https:\/\/www.elementvape.de\/lt\/wp-json\/wp\/v2\/media?parent=10952"}],"wp:term":[{"taxonomy":"product_cat","embeddable":true,"href":"https:\/\/www.elementvape.de\/lt\/wp-json\/wp\/v2\/product_cat?post=10952"},{"taxonomy":"product_tag","embeddable":true,"href":"https:\/\/www.elementvape.de\/lt\/wp-json\/wp\/v2\/product_tag?post=10952"}],"curies":[{"name":"wp","href":"https:\/\/api.w.org\/{rel}","templated":true}]}}