{"id":10632,"date":"2024-05-25T08:44:43","date_gmt":"2024-05-25T08:44:43","guid":{"rendered":"https:\/\/www.elementvape.de\/?post_type=product&#038;p=10632"},"modified":"2024-09-12T10:31:42","modified_gmt":"2024-09-12T10:31:42","slug":"elf-bar-bc5000-einweg-vape-650mah-5000-zuege","status":"publish","type":"product","link":"https:\/\/www.elementvape.de\/lt\/produkt\/elf-bar-bc5000-einweg-vape-650mah-5000-zuege\/","title":{"rendered":"\u201eELF BAR BC5000\u201c vienkartinis vape 650 mAh 5000 \u012ftraukim\u0173"},"content":{"rendered":"<h2>\u012evadas\uff1a<\/h2>\n<p>Nepaisant savo itin kompakti\u0161ko dyd\u017eio patogiam transportavimui, Elf Bar BC5000 turi nuostabi\u0105 13 ml E-liquido talp\u0105, kuri yra daugiau nei keturis kartus didesn\u0117 u\u017e \u012fprasto vienkartinio E-liquido talp\u0105. Jame taip pat yra \u012fsp\u016bdingas 650 mAh akumuliatorius, kuris i\u0161laiko iki 5000 kart\u0173 \u012fkrovus.<\/p>\n<p>BC5000 si\u016blo su pa\u017eangia dvigubo \u0161ildymo sistem\u0105 ir artim\u0105 MTL \u012fkv\u0117pim\u0105, kuris tiksliai imituoja r\u016bkymo poj\u016bt\u012f, nepaprastai tolyg\u0173 skonio patirt\u012f. Su daugiau nei 45 skaniomis aromat\u0173 r\u016b\u0161imis nikotino koncentracijose nuo 5 %, 3 % ir 0 %, jis tikrai atitinka visus elektronini\u0173 cigare\u010di\u0173 m\u0117g\u0117j\u0173 poreikius \u2013 nuo vaisi\u0173 iki desert\u0173, mentolio, saldumyn\u0173 ir daugiau.<\/p>\n<h3>Akcentuotos funkcijos\uff1a<\/h3>\n<p>Dydis: 79 mm x 41 mm x 19 mm<br \/>\nE-liquido talpa: 13 ml<br \/>\nNikotino stiprumas: 50 mg (5 %)<br \/>\nBaterijos talpa: 650 mAh<br \/>\n\u012ekv\u0117pimai: 5000 \u012fkv\u0117pim\u0173<\/p>\n<p>Bra\u0161k\u0117-Pina Colada \u2013 prabangi tropin\u0117 kokteilis<br \/>\n\u0160is kokteilio skonis yra puikus balansas tarp saldaus, prinokusio bra\u0161k\u0117s skonio \u012fkv\u0117pimo metu ir \u0161ilko saldaus ananaso bei kokoso skonio i\u0161kv\u0117pimo metu. Saldi bra\u0161k\u0117s nata pirmauja, o tropiniai ananaso ir kokoso vaisiai sukuria skan\u0173 kremin\u012f fon\u0105. Tai sukuria maloni\u0105, vaisi\u0173 kokteilio garavimo patirt\u012f. Bra\u0161k\u0117s skonis yra \u0161vie\u017eias ir sultingas, o kokoso skonis suteikia prabangi\u0105 poj\u016bt\u012f.<\/p>\n<p>Elf Bar BC5000 Bra\u0161k\u0117-Pina Colada<br \/>\nPersikas-Mangutas \u2013 saldus tropinis skonis<br \/>\n\u0160i sultinga mi\u0161inys yra pilna sulting\u0173 persik\u0173 ir gyvybing\u0173, prinokusi\u0173 mang\u0173, puikiai \u012fsiterpusi \u012f \u0161vie\u017eius, autenti\u0161kus tropinius aromatus. Persikas ir mangas harmoningai susimai\u0161o, sukurdami galutin\u012f vaisi\u0173 malonum\u0105. Vidutin\u0117 \u0161iluma sustiprina ir suvienodina vaisi\u0173 aromatus, neleid\u017eiant j\u0173 per daug i\u0161ry\u0161k\u0117ti. I\u0161 esm\u0117s tai yra nepaprastai sultingas, saldus ir gaivus visos dienos vape. Mangas ir persikas yra puikiai subalansuoti, sukurdami ideali\u0105 vaisi\u0173 harmonij\u0105.<\/p>\n<p>Elf Bar BC5000 Persikas Mango<br \/>\nVandensmelionas Cantaloupe Honeydew \u2013 gaivus melion\u0173 tro\u0161kinys<br \/>\n\u0160is melion\u0173 tro\u0161kinys puikiai primena gaivi\u0105 sulting\u0105 mi\u0161in\u012f, piln\u0105 daugyb\u0117s melion\u0173 aromat\u0173. Sald\u016bs, kart\u016bs ir \u0161iek tiek r\u016bg\u0161t\u016bs medaus meliono, cantaloupe ir vandensmeliono aromatai susimai\u0161o \u012f \u012fdom\u0173 melion\u0173 skonio profil\u012f. Minimalus \u0161iluma leid\u017eia kiekvieno meliono niuansams pilnai atsiskleisti. \u012edomi ir labai patenkinanti vaisi\u0173 sankirta. \u0160vie\u017eio meliono esm\u0117 \u012fgaunama su kiekvienu gurk\u0161niu.<\/p>\n<p>Elf Bar BC5000 Vandensmelionas Cantaloupe Honeydew<br \/>\nAnanaso-Kokoso Ledas \u2013 Tropin\u0117 salos atostog\u0173 patirtis<br \/>\nSaldus ananasas ir r\u016bg\u0161ti kokoso rie\u0161utas puikiai susimai\u0161o, kad i\u0161kart suteikt\u0173 jums tropin\u0117s atostogos poj\u016bt\u012f. Intensyvi \u0161iluma sukuria tobul\u0105 kontrast\u0105 su vaisiumi ir u\u017ebaigia subalansuot\u0105 skon\u012f. \u0160is skonis yra gaivus ir priklausomyb\u0119 sukeliantis. Tikras tropinis kokteilis gar\u0173 pavidalu. Kokosas puikiai papildo ananaso skon\u012f.<\/p>\n<p>Elf Bar BC5000 Ananas\u0173-Kokos\u0173 Ledai<br \/>\nBra\u0161k\u0117s kremas \u2013 eleganti\u0161kas uog\u0173 desertinis desertas<br \/>\n\u0160i elektronin\u0117 cigaret\u0117 su klasikiniu skoniu puikiai mai\u0161o sald\u017eias, prinokusias ir sultingas bra\u0161kes su turtinga ir \u0161velnia grietin\u0117le, kad suteikt\u0173 jums \u0161veln\u0173, nat\u016bralesn\u012f bra\u0161ki\u0173 ir grietin\u0117l\u0117s patirt\u012f. Bra\u0161ki\u0173 skonis yra turtingas, o grietin\u0117l\u0117 \u2013 \u0161velni. I\u0161kv\u0117pimo metu jau\u010diamas \u0161iek tiek v\u0117sumo, kuris sustiprina bra\u0161ki\u0173 aromat\u0105. Tai maloni ir autenti\u0161ka elektronin\u0117 cigaret\u0117 su uog\u0173 desertu. Abi skoni\u0173 r\u016b\u0161ys yra labai nat\u016bralios ir subalansuotos.<\/p>\n<p>Elf Bar BC5000 Bra\u0161ki\u0173 kremas<br \/>\nKitos ypatingos skoni\u0173 r\u016b\u0161ys<br \/>\nNors auk\u0161\u010diau i\u0161vardyti yra mano penki m\u0117gstamiausi skoniai, \u0161ios papildomos Elf Bar BC5000 skoniai taip pat pasirod\u0117 labai malon\u016bs ir i\u0161skirtiniai:<\/p>\n<p>Kivi-Passion Fruit-Gvazdikas \u2013 Malonus tropini\u0173 vaisi\u0173 trio, su kivi \u012fkv\u0117pimo metu ir gvazdikais i\u0161kv\u0117pimo metu. Labai unikalus skonis.<\/p>\n<p>Persik\u0173 ledai \u2013 Sald\u016bs, sultingi persikai kartu su gaiviu mentoliu, suteikian\u010diu gaivumo skon\u012f. Mentolas dar labiau sustiprina sulting\u0105 persik\u0173 skon\u012f.<\/p>\n<p>Vandensmeliono ledai \u2013 Saldus vasaros vandensmeliono skonis su \u0161iek tiek v\u0117sumo. Ikoni\u0161ka kombinacija yra tobula.<\/p>\n<p>Meliono-Ananaso-Orange \u2013 Ry\u0161ki vaisi\u0173 sankirta su melionu kaip pagrindiniu akcentu. Melionas suteikia saldum\u0105, o ananasas ir apelsinas \u2013 papuo\u0161imus.<\/p>\n<p>Strawzz \u2013 Putojantis, saldaini\u0173 tipo bra\u0161ki\u0173 gazuotas g\u0117rimas. Jei jums patinka saldus bra\u0161ki\u0173 skonis, \u0161is g\u0117rimas jus prad\u017eiugins.<\/p>\n<p>Galutinis \u012fvertinimas<\/p>\n<h3>Privalumai:<\/h3>\n<p>Didel\u0117 elektroninio skys\u010dio talpa ilgesniam elektronin\u0117s cigaret\u0117s tarnavimo laikui<br \/>\n\u012ekraunamas akumuliatorius patikimai tarnauja 5000 kart\u0173<br \/>\nPa\u017eangi \u0161ildymo technologija u\u017etikrina turting\u0105 ir pastov\u0173 skonio koncentracij\u0105<br \/>\nAktyvuojama \u012fkv\u0117pimu be komplikacij\u0173<br \/>\nDaugiau nei 45 skoni\u0173 su skirtingais nikotino stiprumais, leid\u017eian\u010diais kurti begalines variacijas<br \/>\nTikslios, precizi\u0161kos, cigare\u010di\u0173 pana\u0161ios \u012fkv\u0117pimo trajektorijos<\/p>\n<h3>Tr\u016bkumai:<\/h3>\n<p>1 valandos \u012fkrovimo laikas yra ilgesnis nei idealu<\/p>\n<p>I\u0161vada: Su savo mil\u017eini\u0161ku E-liquido talpumu, patenkinamu na\u0161umu ir turtingomis skonio r\u016b\u0161imis, Elf Bar BC5000 nusipelno mano visi\u0161ko rekomendavimo kaip \u0161iuo metu vienkartini\u0173 elektronini\u0173 cigare\u010di\u0173 vir\u0161\u016bn\u0117. Ji si\u016blo lengvai ilgiausi\u0105 ir skaniausi\u0105 vienkartini\u0173 elektronini\u0173 cigare\u010di\u0173 patirt\u012f, koki\u0105 kada nors esu tur\u0117j\u0119s.<\/p>\n<p>Nors asmeniniai skonio pasirinkimai skiriasi, mano patirtimi, BC5000 skonis su tropini\u0173 vaisi\u0173 mi\u0161iniu yra ypa\u010d skanus. D\u0117l vaporizatori\u0173, kurie nori paprasto<\/p>","protected":false},"excerpt":{"rendered":"<p>Einf\u00fchrung\uff1a Trotz seiner extrem kompakten Gr\u00f6\u00dfe f\u00fcr einfachen Transport hat der Elf Bar BC5000 eine erstaunliche Kapazit\u00e4t von 13 ml E-Liquid, was mehr als viermal mehr ist als die Kapazit\u00e4t von gew\u00f6hnlichem Einweg-E-Liquid. Er hat au\u00dferdem einen beeindruckenden 650-mAh-Akku, der bis zu 5000 Mal pro voller Ladung h\u00e4lt. Der BC5000 bietet mit seinem fortschrittlichen Doppelspulen-Heizsystem [&hellip;]<\/p>","protected":false},"featured_media":10654,"template":"","meta":{"inline_featured_image":false},"product_cat":[78,750,737,736,749],"product_tag":[678],"tiered_pricing_type":"fixed","tiered_pricing_fixed_rules":[],"tiered_pricing_percentage_rules":[],"tiered_pricing_minimum":1,"_administrator_tiered_pricing_type":"fixed","_administrator_tiered_pricing_fixed_rules":[],"_editor_tiered_pricing_type":"fixed","_editor_tiered_pricing_fixed_rules":[],"_author_tiered_pricing_type":"fixed","_author_tiered_pricing_fixed_rules":[],"_contributor_tiered_pricing_type":"fixed","_contributor_tiered_pricing_fixed_rules":[],"_subscriber_tiered_pricing_type":"fixed","_subscriber_tiered_pricing_fixed_rules":[],"_customer_tiered_pricing_type":"fixed","_customer_tiered_pricing_fixed_rules":[],"_shop_manager_tiered_pricing_type":"fixed","_shop_manager_tiered_pricing_fixed_rules":[],"_wpseo_manager_tiered_pricing_type":"fixed","_wpseo_manager_tiered_pricing_fixed_rules":[],"_wpseo_editor_tiered_pricing_type":"fixed","_wpseo_editor_tiered_pricing_fixed_rules":[],"_wholesale_customer_tiered_pricing_type":"fixed","_wholesale_customer_tiered_pricing_fixed_rules":[],"_marketer_tiered_pricing_type":"fixed","_marketer_tiered_pricing_fixed_rules":[],"_sales_manager_tiered_pricing_type":"fixed","_sales_manager_tiered_pricing_fixed_rules":[],"_sales_rep_tiered_pricing_type":"fixed","_sales_rep_tiered_pricing_fixed_rules":[],"yoast_head":"<!-- This site is optimized with the Yoast SEO plugin v23.3 - https:\/\/yoast.com\/wordpress\/plugins\/seo\/ -->\n<title>ELF BAR BC5000 Einweg Vape 650mAh 5000 Z\u00fcge | ElementVape.de<\/title>\n<meta name=\"description\" content=\"Wir bieten ELF BAR BC5000 Einweg Vape 650mAh 5000 Z\u00fcge , Elementvape.de akzeptieren Gro\u00df-und Einzelhandel Bestellungen.\" \/>\n<meta name=\"robots\" content=\"index, follow, max-snippet:-1, max-image-preview:large, max-video-preview:-1\" \/>\n<link rel=\"canonical\" href=\"https:\/\/www.elementvape.de\/lt\/produkt\/elf-bar-bc5000-einweg-vape-650mah-5000-zuege\/\" \/>\n<meta property=\"og:locale\" content=\"lt_LT\" \/>\n<meta property=\"og:type\" content=\"article\" \/>\n<meta property=\"og:title\" content=\"ELF BAR BC5000 Einweg Vape 650mAh 5000 Z\u00fcge | ElementVape.de\" \/>\n<meta property=\"og:description\" content=\"Wir bieten ELF BAR BC5000 Einweg Vape 650mAh 5000 Z\u00fcge , Elementvape.de akzeptieren Gro\u00df-und Einzelhandel Bestellungen.\" \/>\n<meta property=\"og:url\" content=\"https:\/\/www.elementvape.de\/lt\/produkt\/elf-bar-bc5000-einweg-vape-650mah-5000-zuege\/\" \/>\n<meta property=\"og:site_name\" content=\"ElementVape.de\" \/>\n<meta property=\"article:modified_time\" content=\"2024-09-12T10:31:42+00:00\" \/>\n<meta property=\"og:image\" content=\"https:\/\/www.elementvape.de\/wp-content\/uploads\/2024\/05\/ELF-BAR-BC5000-Disposable-Vape-650mAh-5000-Puffs-863583.webp\" \/>\n\t<meta property=\"og:image:width\" content=\"600\" \/>\n\t<meta property=\"og:image:height\" content=\"600\" \/>\n\t<meta property=\"og:image:type\" content=\"image\/webp\" \/>\n<meta name=\"twitter:card\" content=\"summary_large_image\" \/>\n<meta name=\"twitter:label1\" content=\"Est. reading time\" \/>\n\t<meta name=\"twitter:data1\" content=\"5 minut\u0117s\" \/>\n<script type=\"application\/ld+json\" class=\"yoast-schema-graph\">{\"@context\":\"https:\/\/schema.org\",\"@graph\":[{\"@type\":\"WebPage\",\"@id\":\"https:\/\/www.elementvape.de\/produkt\/elf-bar-bc5000-einweg-vape-650mah-5000-zuege\/\",\"url\":\"https:\/\/www.elementvape.de\/produkt\/elf-bar-bc5000-einweg-vape-650mah-5000-zuege\/\",\"name\":\"ELF BAR BC5000 Einweg Vape 650mAh 5000 Z\u00fcge | ElementVape.de\",\"isPartOf\":{\"@id\":\"https:\/\/www.elementvape.de\/#website\"},\"primaryImageOfPage\":{\"@id\":\"https:\/\/www.elementvape.de\/produkt\/elf-bar-bc5000-einweg-vape-650mah-5000-zuege\/#primaryimage\"},\"image\":{\"@id\":\"https:\/\/www.elementvape.de\/produkt\/elf-bar-bc5000-einweg-vape-650mah-5000-zuege\/#primaryimage\"},\"thumbnailUrl\":\"https:\/\/www.elementvape.de\/wp-content\/uploads\/2024\/05\/ELF-BAR-BC5000-Disposable-Vape-650mAh-5000-Puffs-863583.webp\",\"datePublished\":\"2024-05-25T08:44:43+00:00\",\"dateModified\":\"2024-09-12T10:31:42+00:00\",\"description\":\"Wir bieten ELF BAR BC5000 Einweg Vape 650mAh 5000 Z\u00fcge , Elementvape.de akzeptieren Gro\u00df-und Einzelhandel Bestellungen.\",\"breadcrumb\":{\"@id\":\"https:\/\/www.elementvape.de\/produkt\/elf-bar-bc5000-einweg-vape-650mah-5000-zuege\/#breadcrumb\"},\"inLanguage\":\"lt-LT\",\"potentialAction\":[{\"@type\":\"ReadAction\",\"target\":[\"https:\/\/www.elementvape.de\/produkt\/elf-bar-bc5000-einweg-vape-650mah-5000-zuege\/\"]}]},{\"@type\":\"ImageObject\",\"inLanguage\":\"lt-LT\",\"@id\":\"https:\/\/www.elementvape.de\/produkt\/elf-bar-bc5000-einweg-vape-650mah-5000-zuege\/#primaryimage\",\"url\":\"https:\/\/www.elementvape.de\/wp-content\/uploads\/2024\/05\/ELF-BAR-BC5000-Disposable-Vape-650mAh-5000-Puffs-863583.webp\",\"contentUrl\":\"https:\/\/www.elementvape.de\/wp-content\/uploads\/2024\/05\/ELF-BAR-BC5000-Disposable-Vape-650mAh-5000-Puffs-863583.webp\",\"width\":600,\"height\":600,\"caption\":\"ELF-BAR-BC5000-Disposable-Vape-650mAh-5000-Puffs-863583\"},{\"@type\":\"BreadcrumbList\",\"@id\":\"https:\/\/www.elementvape.de\/produkt\/elf-bar-bc5000-einweg-vape-650mah-5000-zuege\/#breadcrumb\",\"itemListElement\":[{\"@type\":\"ListItem\",\"position\":1,\"name\":\"Home\",\"item\":\"https:\/\/www.elementvape.de\/\"},{\"@type\":\"ListItem\",\"position\":2,\"name\":\"Shop\",\"item\":\"https:\/\/www.elementvape.de\/shop\/\"},{\"@type\":\"ListItem\",\"position\":3,\"name\":\"ELF BAR BC5000 Einweg Vape 650mAh 5000 Z\u00fcge\"}]},{\"@type\":\"WebSite\",\"@id\":\"https:\/\/www.elementvape.de\/#website\",\"url\":\"https:\/\/www.elementvape.de\/\",\"name\":\"ElementVape.de\",\"description\":\"\",\"publisher\":{\"@id\":\"https:\/\/www.elementvape.de\/#organization\"},\"potentialAction\":[{\"@type\":\"SearchAction\",\"target\":{\"@type\":\"EntryPoint\",\"urlTemplate\":\"https:\/\/www.elementvape.de\/?s={search_term_string}\"},\"query-input\":\"required name=search_term_string\"}],\"inLanguage\":\"lt-LT\"},{\"@type\":\"Organization\",\"@id\":\"https:\/\/www.elementvape.de\/#organization\",\"name\":\"ElementVape.DE\",\"url\":\"https:\/\/www.elementvape.de\/\",\"logo\":{\"@type\":\"ImageObject\",\"inLanguage\":\"lt-LT\",\"@id\":\"https:\/\/www.elementvape.de\/#\/schema\/logo\/image\/\",\"url\":\"https:\/\/www.elementvape.de\/wp-content\/uploads\/2024\/09\/cropped-1elementvape-3.png\",\"contentUrl\":\"https:\/\/www.elementvape.de\/wp-content\/uploads\/2024\/09\/cropped-1elementvape-3.png\",\"width\":285,\"height\":228,\"caption\":\"ElementVape.DE\"},\"image\":{\"@id\":\"https:\/\/www.elementvape.de\/#\/schema\/logo\/image\/\"}}]}<\/script>\n<!-- \/ Yoast SEO plugin. -->","yoast_head_json":{"title":"ELF BAR BC5000 Einweg Vape 650mAh 5000 Z\u00fcge | ElementVape.de","description":"Wir bieten ELF BAR BC5000 Einweg Vape 650mAh 5000 Z\u00fcge , Elementvape.de akzeptieren Gro\u00df-und Einzelhandel Bestellungen.","robots":{"index":"index","follow":"follow","max-snippet":"max-snippet:-1","max-image-preview":"max-image-preview:large","max-video-preview":"max-video-preview:-1"},"canonical":"https:\/\/www.elementvape.de\/lt\/produkt\/elf-bar-bc5000-einweg-vape-650mah-5000-zuege\/","og_locale":"lt_LT","og_type":"article","og_title":"ELF BAR BC5000 Einweg Vape 650mAh 5000 Z\u00fcge | ElementVape.de","og_description":"Wir bieten ELF BAR BC5000 Einweg Vape 650mAh 5000 Z\u00fcge , Elementvape.de akzeptieren Gro\u00df-und Einzelhandel Bestellungen.","og_url":"https:\/\/www.elementvape.de\/lt\/produkt\/elf-bar-bc5000-einweg-vape-650mah-5000-zuege\/","og_site_name":"ElementVape.de","article_modified_time":"2024-09-12T10:31:42+00:00","og_image":[{"width":600,"height":600,"url":"https:\/\/www.elementvape.de\/wp-content\/uploads\/2024\/05\/ELF-BAR-BC5000-Disposable-Vape-650mAh-5000-Puffs-863583.webp","type":"image\/webp"}],"twitter_card":"summary_large_image","twitter_misc":{"Est. reading time":"5 minut\u0117s"},"schema":{"@context":"https:\/\/schema.org","@graph":[{"@type":"WebPage","@id":"https:\/\/www.elementvape.de\/produkt\/elf-bar-bc5000-einweg-vape-650mah-5000-zuege\/","url":"https:\/\/www.elementvape.de\/produkt\/elf-bar-bc5000-einweg-vape-650mah-5000-zuege\/","name":"ELF BAR BC5000 Einweg Vape 650mAh 5000 Z\u00fcge | ElementVape.de","isPartOf":{"@id":"https:\/\/www.elementvape.de\/#website"},"primaryImageOfPage":{"@id":"https:\/\/www.elementvape.de\/produkt\/elf-bar-bc5000-einweg-vape-650mah-5000-zuege\/#primaryimage"},"image":{"@id":"https:\/\/www.elementvape.de\/produkt\/elf-bar-bc5000-einweg-vape-650mah-5000-zuege\/#primaryimage"},"thumbnailUrl":"https:\/\/www.elementvape.de\/wp-content\/uploads\/2024\/05\/ELF-BAR-BC5000-Disposable-Vape-650mAh-5000-Puffs-863583.webp","datePublished":"2024-05-25T08:44:43+00:00","dateModified":"2024-09-12T10:31:42+00:00","description":"Wir bieten ELF BAR BC5000 Einweg Vape 650mAh 5000 Z\u00fcge , Elementvape.de akzeptieren Gro\u00df-und Einzelhandel Bestellungen.","breadcrumb":{"@id":"https:\/\/www.elementvape.de\/produkt\/elf-bar-bc5000-einweg-vape-650mah-5000-zuege\/#breadcrumb"},"inLanguage":"lt-LT","potentialAction":[{"@type":"ReadAction","target":["https:\/\/www.elementvape.de\/produkt\/elf-bar-bc5000-einweg-vape-650mah-5000-zuege\/"]}]},{"@type":"ImageObject","inLanguage":"lt-LT","@id":"https:\/\/www.elementvape.de\/produkt\/elf-bar-bc5000-einweg-vape-650mah-5000-zuege\/#primaryimage","url":"https:\/\/www.elementvape.de\/wp-content\/uploads\/2024\/05\/ELF-BAR-BC5000-Disposable-Vape-650mAh-5000-Puffs-863583.webp","contentUrl":"https:\/\/www.elementvape.de\/wp-content\/uploads\/2024\/05\/ELF-BAR-BC5000-Disposable-Vape-650mAh-5000-Puffs-863583.webp","width":600,"height":600,"caption":"ELF-BAR-BC5000-Disposable-Vape-650mAh-5000-Puffs-863583"},{"@type":"BreadcrumbList","@id":"https:\/\/www.elementvape.de\/produkt\/elf-bar-bc5000-einweg-vape-650mah-5000-zuege\/#breadcrumb","itemListElement":[{"@type":"ListItem","position":1,"name":"Home","item":"https:\/\/www.elementvape.de\/"},{"@type":"ListItem","position":2,"name":"Shop","item":"https:\/\/www.elementvape.de\/shop\/"},{"@type":"ListItem","position":3,"name":"ELF BAR BC5000 Einweg Vape 650mAh 5000 Z\u00fcge"}]},{"@type":"WebSite","@id":"https:\/\/www.elementvape.de\/#website","url":"https:\/\/www.elementvape.de\/","name":"ElementVape.de","description":"","publisher":{"@id":"https:\/\/www.elementvape.de\/#organization"},"potentialAction":[{"@type":"SearchAction","target":{"@type":"EntryPoint","urlTemplate":"https:\/\/www.elementvape.de\/?s={search_term_string}"},"query-input":"required name=search_term_string"}],"inLanguage":"lt-LT"},{"@type":"Organization","@id":"https:\/\/www.elementvape.de\/#organization","name":"ElementVape.DE","url":"https:\/\/www.elementvape.de\/","logo":{"@type":"ImageObject","inLanguage":"lt-LT","@id":"https:\/\/www.elementvape.de\/#\/schema\/logo\/image\/","url":"https:\/\/www.elementvape.de\/wp-content\/uploads\/2024\/09\/cropped-1elementvape-3.png","contentUrl":"https:\/\/www.elementvape.de\/wp-content\/uploads\/2024\/09\/cropped-1elementvape-3.png","width":285,"height":228,"caption":"ElementVape.DE"},"image":{"@id":"https:\/\/www.elementvape.de\/#\/schema\/logo\/image\/"}}]}},"_links":{"self":[{"href":"https:\/\/www.elementvape.de\/lt\/wp-json\/wp\/v2\/product\/10632"}],"collection":[{"href":"https:\/\/www.elementvape.de\/lt\/wp-json\/wp\/v2\/product"}],"about":[{"href":"https:\/\/www.elementvape.de\/lt\/wp-json\/wp\/v2\/types\/product"}],"wp:featuredmedia":[{"embeddable":true,"href":"https:\/\/www.elementvape.de\/lt\/wp-json\/wp\/v2\/media\/10654"}],"wp:attachment":[{"href":"https:\/\/www.elementvape.de\/lt\/wp-json\/wp\/v2\/media?parent=10632"}],"wp:term":[{"taxonomy":"product_cat","embeddable":true,"href":"https:\/\/www.elementvape.de\/lt\/wp-json\/wp\/v2\/product_cat?post=10632"},{"taxonomy":"product_tag","embeddable":true,"href":"https:\/\/www.elementvape.de\/lt\/wp-json\/wp\/v2\/product_tag?post=10632"}],"curies":[{"name":"wp","href":"https:\/\/api.w.org\/{rel}","templated":true}]}}