{"id":10400,"date":"2024-05-08T08:31:27","date_gmt":"2024-05-08T08:31:27","guid":{"rendered":"https:\/\/www.elementvape.de\/?post_type=product&#038;p=10400"},"modified":"2024-09-12T10:31:46","modified_gmt":"2024-09-12T10:31:46","slug":"elf-bar-elfa-pods-2-ml","status":"publish","type":"product","link":"https:\/\/www.elementvape.de\/lt\/produkt\/elf-bar-elfa-pods-2-ml\/","title":{"rendered":"ELF BAR ELFA Podai \u2013 2 ml"},"content":{"rendered":"<h2>ELFA-Kartuchos i\u0161 ELF BAR: Sud\u0117tyje yra 20 mg nikotino<\/h2>\n<p>Elfa Pods yra pripildyti skysti kapsul\u0117s (kapsul\u0117s) prek\u0117s \u017eenklo Elf Bar, kuriose yra 2 ml Elfbar skys\u010dio su \u012fvairiais skoniais, pakuot\u0117se po 2 kapsules. Elfa Pods naudoja tinklinius ritinius. Tai u\u017etikrina turting\u0105 aromat\u0105 ir \u0161veln\u0173 aromatin\u012f gar\u0105.<\/p>\n<p>\u2713 Tinklinis ritin\u0117lis<br \/>\n\u2713 Lengva \u012fdiegti<br \/>\n\u2713 Reikalingas ritin\u0117lio keitimas<br \/>\n\u2713 Intensyvus skonis iki paskutinio k\u0105snio<\/p>\n<h2>Kokie ELF BAR ELFA Pod tipai yra?<\/h2>\n<h3>Tai yra ELFA Pod r\u016b\u0161ys:<\/h3>\n<p>M\u0117lyna Razz Lemonada: gaivinanti limonada su m\u0117lynomis aviet\u0117mis ir a\u0161triu citrusu.<br \/>\nRo\u017ein\u0117 Lemonada: ro\u017ein\u0117 limonada su bra\u0161k\u0117mis, aviet\u0117mis ir citrina.<br \/>\nTropin\u0117s vaisiai: tropini\u0173 vaisi\u0173 mi\u0161inys i\u0161 mango, ananaso, papajos ir kivi.<br \/>\nMi\u0161rios uogos: mi\u0161inys i\u0161 m\u0117lyni\u0173, gervuogi\u0173, bra\u0161ki\u0173 ir avie\u010di\u0173.<br \/>\nObuoli\u0173 persikas: Klasikin\u0117 sulting\u0173 obuoli\u0173 ir \u0161alt\u0173 persik\u0173 kombinacija.<br \/>\nBananas: \u0160aldyti banan\u0173 grie\u017ein\u0117liai su kreminiu tekst\u016bra.<br \/>\nM\u0117lyn\u0117s: Sauja \u0161vie\u017ei\u0173 m\u0117lyni\u0173.<br \/>\nM\u0117lyni\u0173 marshmallow: Saldus marshmallow su m\u0117lyni\u0173 skoniu ir gaivumo u\u017euomina.<br \/>\nM\u0117lyni\u0173 r\u016bg\u0161tus aviet\u0117s: Vaisi\u0173 mi\u0161inys i\u0161 m\u0117lyni\u0173 ir avie\u010di\u0173 su lengva r\u016bg\u0161tumu ir \u0161altu skoniu.<br \/>\nM\u0117lyna Razz Lemonada: gaivinanti limonada su m\u0117lynomis aviet\u0117mis ir a\u0161triu citrusu.<br \/>\nVy\u0161nini\u0173 saldaini\u0173: Sald\u016bs ir sultingi vy\u0161ni\u0173 saldainiai.<br \/>\nCola: Klasikinis kola skonis su \u0161altu poskoniu.<br \/>\nCranberry vynuog\u0117s: Vaisi\u0173 derinys i\u0161 spanguoli\u0173 ir vynuogi\u0173, saldus ir r\u016bg\u0161tus.<br \/>\nElfergy (Elfstorm): \u0160altas energinis g\u0117rimas.<br \/>\nVynuog\u0117s: Grynas subrendusios vynuog\u0117s skonis su sald\u017eiu, vaisiniu aromatu.<br \/>\nKivi-passion fruit: Tropinis mi\u0161inys i\u0161 kivi ir pasifloros.<br \/>\nMango: Subrend\u0119s mango su sald\u017eiu, kreminiu aromatu.<br \/>\nBra\u0161ki\u0173 ledai: Kreminiai bra\u0161ki\u0173 ledai, lengvai \u0161aldyti.<br \/>\nSultingas persikas: Sultingas persik\u0173 skonis su sald\u017eiu, vaisiniu aromatu.<br \/>\nBra\u0161k\u0117s-kivi: Bra\u0161ki\u0173 saldumas ir kivi vaisi\u0161kumas.<br \/>\nVandensmelionas: Sultingas vandensmelionas su gaivumo u\u017euomina.<\/p>\n<p>Mes patys i\u0161samiai i\u0161band\u0117me Elf Bar Elfa Pods ir padar\u0117me i\u0161vad\u0105: iki 2024 met\u0173 \u0161iame produkte (i\u0161 anksto u\u017epildyti pods) nebus geresnio produkto i\u0161 Elf Bar ar kitos mark\u0117s u\u017e \u0161i\u0105 kain\u0105. Pig\u016bs, auk\u0161tos kokyb\u0117s ir su tokia didel\u0117 i\u0161 anksto u\u017epildyt\u0173 pad\u0173 \u012fvairov\u0117, j\u016bs nerastum\u0117te kitos mark\u0117s i\u0161 anksto u\u017epildyt\u0173 pad\u0173. Su Elfa Pods Elf Bar suk\u016br\u0117 tikrai ger\u0105 produkt\u0105.<\/p>","protected":false},"excerpt":{"rendered":"<p>ELFA-Kartuschen von ELF BAR: Enth\u00e4lt 20 mg Nikotin Elfa Pods sind vorgef\u00fcllte fl\u00fcssige Pods (Kapseln) der Marke Elf Bar, die 2 ml Elfbar-Fl\u00fcssigkeit in verschiedenen Geschmacksrichtungen enthalten, in Packungen mit 2 Pods. In Elfa Pods werden Netzspulen verwendet. Dies sorgt f\u00fcr ein reichhaltiges Aroma und einen mild aromatischen Dampf. \u2713 Mesh-Spule \u2713 Einfach zu installieren [&hellip;]<\/p>","protected":false},"featured_media":10401,"template":"","meta":{"inline_featured_image":false},"product_cat":[15,78,750,737,736,749,76],"product_tag":[],"tiered_pricing_type":"fixed","tiered_pricing_fixed_rules":[],"tiered_pricing_percentage_rules":[],"tiered_pricing_minimum":1,"_administrator_tiered_pricing_type":"fixed","_administrator_tiered_pricing_fixed_rules":[],"_editor_tiered_pricing_type":"fixed","_editor_tiered_pricing_fixed_rules":[],"_author_tiered_pricing_type":"fixed","_author_tiered_pricing_fixed_rules":[],"_contributor_tiered_pricing_type":"fixed","_contributor_tiered_pricing_fixed_rules":[],"_subscriber_tiered_pricing_type":"fixed","_subscriber_tiered_pricing_fixed_rules":[],"_customer_tiered_pricing_type":"fixed","_customer_tiered_pricing_fixed_rules":[],"_shop_manager_tiered_pricing_type":"fixed","_shop_manager_tiered_pricing_fixed_rules":[],"_wpseo_manager_tiered_pricing_type":"fixed","_wpseo_manager_tiered_pricing_fixed_rules":[],"_wpseo_editor_tiered_pricing_type":"fixed","_wpseo_editor_tiered_pricing_fixed_rules":[],"_wholesale_customer_tiered_pricing_type":"fixed","_wholesale_customer_tiered_pricing_fixed_rules":[],"_marketer_tiered_pricing_type":"fixed","_marketer_tiered_pricing_fixed_rules":[],"_sales_manager_tiered_pricing_type":"fixed","_sales_manager_tiered_pricing_fixed_rules":[],"_sales_rep_tiered_pricing_type":"fixed","_sales_rep_tiered_pricing_fixed_rules":[],"yoast_head":"<!-- This site is optimized with the Yoast SEO plugin v23.3 - https:\/\/yoast.com\/wordpress\/plugins\/seo\/ -->\n<title>ELF BAR ELFA Pods - 2 ml | ElementVape.de<\/title>\n<meta name=\"description\" content=\"Wir bieten ELF BAR ELFA Pods - 2 ml , Elementvape.de akzeptieren Gro\u00df-und Einzelhandel Bestellungen.\" \/>\n<meta name=\"robots\" content=\"index, follow, max-snippet:-1, max-image-preview:large, max-video-preview:-1\" \/>\n<link rel=\"canonical\" href=\"https:\/\/www.elementvape.de\/lt\/produkt\/elf-bar-elfa-pods-2-ml\/\" \/>\n<meta property=\"og:locale\" content=\"lt_LT\" \/>\n<meta property=\"og:type\" content=\"article\" \/>\n<meta property=\"og:title\" content=\"ELF BAR ELFA Pods - 2 ml | ElementVape.de\" \/>\n<meta property=\"og:description\" content=\"Wir bieten ELF BAR ELFA Pods - 2 ml , Elementvape.de akzeptieren Gro\u00df-und Einzelhandel Bestellungen.\" \/>\n<meta property=\"og:url\" content=\"https:\/\/www.elementvape.de\/lt\/produkt\/elf-bar-elfa-pods-2-ml\/\" \/>\n<meta property=\"og:site_name\" content=\"ElementVape.de\" \/>\n<meta property=\"article:modified_time\" content=\"2024-09-12T10:31:46+00:00\" \/>\n<meta property=\"og:image\" content=\"https:\/\/www.elementvape.de\/wp-content\/uploads\/2024\/05\/Elf-Bar-Elfa-Pod.webp\" \/>\n\t<meta property=\"og:image:width\" content=\"800\" \/>\n\t<meta property=\"og:image:height\" content=\"800\" \/>\n\t<meta property=\"og:image:type\" content=\"image\/webp\" \/>\n<meta name=\"twitter:card\" content=\"summary_large_image\" \/>\n<meta name=\"twitter:label1\" content=\"Est. reading time\" \/>\n\t<meta name=\"twitter:data1\" content=\"3 minut\u0117s\" \/>\n<script type=\"application\/ld+json\" class=\"yoast-schema-graph\">{\"@context\":\"https:\/\/schema.org\",\"@graph\":[{\"@type\":\"WebPage\",\"@id\":\"https:\/\/www.elementvape.de\/produkt\/elf-bar-elfa-pods-2-ml\/\",\"url\":\"https:\/\/www.elementvape.de\/produkt\/elf-bar-elfa-pods-2-ml\/\",\"name\":\"ELF BAR ELFA Pods - 2 ml | ElementVape.de\",\"isPartOf\":{\"@id\":\"https:\/\/www.elementvape.de\/#website\"},\"primaryImageOfPage\":{\"@id\":\"https:\/\/www.elementvape.de\/produkt\/elf-bar-elfa-pods-2-ml\/#primaryimage\"},\"image\":{\"@id\":\"https:\/\/www.elementvape.de\/produkt\/elf-bar-elfa-pods-2-ml\/#primaryimage\"},\"thumbnailUrl\":\"https:\/\/www.elementvape.de\/wp-content\/uploads\/2024\/05\/Elf-Bar-Elfa-Pod.webp\",\"datePublished\":\"2024-05-08T08:31:27+00:00\",\"dateModified\":\"2024-09-12T10:31:46+00:00\",\"description\":\"Wir bieten ELF BAR ELFA Pods - 2 ml , Elementvape.de akzeptieren Gro\u00df-und Einzelhandel Bestellungen.\",\"breadcrumb\":{\"@id\":\"https:\/\/www.elementvape.de\/produkt\/elf-bar-elfa-pods-2-ml\/#breadcrumb\"},\"inLanguage\":\"lt-LT\",\"potentialAction\":[{\"@type\":\"ReadAction\",\"target\":[\"https:\/\/www.elementvape.de\/produkt\/elf-bar-elfa-pods-2-ml\/\"]}]},{\"@type\":\"ImageObject\",\"inLanguage\":\"lt-LT\",\"@id\":\"https:\/\/www.elementvape.de\/produkt\/elf-bar-elfa-pods-2-ml\/#primaryimage\",\"url\":\"https:\/\/www.elementvape.de\/wp-content\/uploads\/2024\/05\/Elf-Bar-Elfa-Pod.webp\",\"contentUrl\":\"https:\/\/www.elementvape.de\/wp-content\/uploads\/2024\/05\/Elf-Bar-Elfa-Pod.webp\",\"width\":800,\"height\":800,\"caption\":\"Elf-Bar-Elfa-Pod\"},{\"@type\":\"BreadcrumbList\",\"@id\":\"https:\/\/www.elementvape.de\/produkt\/elf-bar-elfa-pods-2-ml\/#breadcrumb\",\"itemListElement\":[{\"@type\":\"ListItem\",\"position\":1,\"name\":\"Home\",\"item\":\"https:\/\/www.elementvape.de\/\"},{\"@type\":\"ListItem\",\"position\":2,\"name\":\"Shop\",\"item\":\"https:\/\/www.elementvape.de\/shop\/\"},{\"@type\":\"ListItem\",\"position\":3,\"name\":\"ELF BAR ELFA Pods &#8211; 2 ml\"}]},{\"@type\":\"WebSite\",\"@id\":\"https:\/\/www.elementvape.de\/#website\",\"url\":\"https:\/\/www.elementvape.de\/\",\"name\":\"ElementVape.de\",\"description\":\"\",\"publisher\":{\"@id\":\"https:\/\/www.elementvape.de\/#organization\"},\"potentialAction\":[{\"@type\":\"SearchAction\",\"target\":{\"@type\":\"EntryPoint\",\"urlTemplate\":\"https:\/\/www.elementvape.de\/?s={search_term_string}\"},\"query-input\":\"required name=search_term_string\"}],\"inLanguage\":\"lt-LT\"},{\"@type\":\"Organization\",\"@id\":\"https:\/\/www.elementvape.de\/#organization\",\"name\":\"ElementVape.DE\",\"url\":\"https:\/\/www.elementvape.de\/\",\"logo\":{\"@type\":\"ImageObject\",\"inLanguage\":\"lt-LT\",\"@id\":\"https:\/\/www.elementvape.de\/#\/schema\/logo\/image\/\",\"url\":\"https:\/\/www.elementvape.de\/wp-content\/uploads\/2024\/09\/cropped-1elementvape-3.png\",\"contentUrl\":\"https:\/\/www.elementvape.de\/wp-content\/uploads\/2024\/09\/cropped-1elementvape-3.png\",\"width\":285,\"height\":228,\"caption\":\"ElementVape.DE\"},\"image\":{\"@id\":\"https:\/\/www.elementvape.de\/#\/schema\/logo\/image\/\"}}]}<\/script>\n<!-- \/ Yoast SEO plugin. -->","yoast_head_json":{"title":"ELF BAR ELFA Pods - 2 ml | ElementVape.de","description":"Wir bieten ELF BAR ELFA Pods - 2 ml , Elementvape.de akzeptieren Gro\u00df-und Einzelhandel Bestellungen.","robots":{"index":"index","follow":"follow","max-snippet":"max-snippet:-1","max-image-preview":"max-image-preview:large","max-video-preview":"max-video-preview:-1"},"canonical":"https:\/\/www.elementvape.de\/lt\/produkt\/elf-bar-elfa-pods-2-ml\/","og_locale":"lt_LT","og_type":"article","og_title":"ELF BAR ELFA Pods - 2 ml | ElementVape.de","og_description":"Wir bieten ELF BAR ELFA Pods - 2 ml , Elementvape.de akzeptieren Gro\u00df-und Einzelhandel Bestellungen.","og_url":"https:\/\/www.elementvape.de\/lt\/produkt\/elf-bar-elfa-pods-2-ml\/","og_site_name":"ElementVape.de","article_modified_time":"2024-09-12T10:31:46+00:00","og_image":[{"width":800,"height":800,"url":"https:\/\/www.elementvape.de\/wp-content\/uploads\/2024\/05\/Elf-Bar-Elfa-Pod.webp","type":"image\/webp"}],"twitter_card":"summary_large_image","twitter_misc":{"Est. reading time":"3 minut\u0117s"},"schema":{"@context":"https:\/\/schema.org","@graph":[{"@type":"WebPage","@id":"https:\/\/www.elementvape.de\/produkt\/elf-bar-elfa-pods-2-ml\/","url":"https:\/\/www.elementvape.de\/produkt\/elf-bar-elfa-pods-2-ml\/","name":"ELF BAR ELFA Pods - 2 ml | ElementVape.de","isPartOf":{"@id":"https:\/\/www.elementvape.de\/#website"},"primaryImageOfPage":{"@id":"https:\/\/www.elementvape.de\/produkt\/elf-bar-elfa-pods-2-ml\/#primaryimage"},"image":{"@id":"https:\/\/www.elementvape.de\/produkt\/elf-bar-elfa-pods-2-ml\/#primaryimage"},"thumbnailUrl":"https:\/\/www.elementvape.de\/wp-content\/uploads\/2024\/05\/Elf-Bar-Elfa-Pod.webp","datePublished":"2024-05-08T08:31:27+00:00","dateModified":"2024-09-12T10:31:46+00:00","description":"Wir bieten ELF BAR ELFA Pods - 2 ml , Elementvape.de akzeptieren Gro\u00df-und Einzelhandel Bestellungen.","breadcrumb":{"@id":"https:\/\/www.elementvape.de\/produkt\/elf-bar-elfa-pods-2-ml\/#breadcrumb"},"inLanguage":"lt-LT","potentialAction":[{"@type":"ReadAction","target":["https:\/\/www.elementvape.de\/produkt\/elf-bar-elfa-pods-2-ml\/"]}]},{"@type":"ImageObject","inLanguage":"lt-LT","@id":"https:\/\/www.elementvape.de\/produkt\/elf-bar-elfa-pods-2-ml\/#primaryimage","url":"https:\/\/www.elementvape.de\/wp-content\/uploads\/2024\/05\/Elf-Bar-Elfa-Pod.webp","contentUrl":"https:\/\/www.elementvape.de\/wp-content\/uploads\/2024\/05\/Elf-Bar-Elfa-Pod.webp","width":800,"height":800,"caption":"Elf-Bar-Elfa-Pod"},{"@type":"BreadcrumbList","@id":"https:\/\/www.elementvape.de\/produkt\/elf-bar-elfa-pods-2-ml\/#breadcrumb","itemListElement":[{"@type":"ListItem","position":1,"name":"Home","item":"https:\/\/www.elementvape.de\/"},{"@type":"ListItem","position":2,"name":"Shop","item":"https:\/\/www.elementvape.de\/shop\/"},{"@type":"ListItem","position":3,"name":"ELF BAR ELFA Pods &#8211; 2 ml"}]},{"@type":"WebSite","@id":"https:\/\/www.elementvape.de\/#website","url":"https:\/\/www.elementvape.de\/","name":"ElementVape.de","description":"","publisher":{"@id":"https:\/\/www.elementvape.de\/#organization"},"potentialAction":[{"@type":"SearchAction","target":{"@type":"EntryPoint","urlTemplate":"https:\/\/www.elementvape.de\/?s={search_term_string}"},"query-input":"required name=search_term_string"}],"inLanguage":"lt-LT"},{"@type":"Organization","@id":"https:\/\/www.elementvape.de\/#organization","name":"ElementVape.DE","url":"https:\/\/www.elementvape.de\/","logo":{"@type":"ImageObject","inLanguage":"lt-LT","@id":"https:\/\/www.elementvape.de\/#\/schema\/logo\/image\/","url":"https:\/\/www.elementvape.de\/wp-content\/uploads\/2024\/09\/cropped-1elementvape-3.png","contentUrl":"https:\/\/www.elementvape.de\/wp-content\/uploads\/2024\/09\/cropped-1elementvape-3.png","width":285,"height":228,"caption":"ElementVape.DE"},"image":{"@id":"https:\/\/www.elementvape.de\/#\/schema\/logo\/image\/"}}]}},"_links":{"self":[{"href":"https:\/\/www.elementvape.de\/lt\/wp-json\/wp\/v2\/product\/10400"}],"collection":[{"href":"https:\/\/www.elementvape.de\/lt\/wp-json\/wp\/v2\/product"}],"about":[{"href":"https:\/\/www.elementvape.de\/lt\/wp-json\/wp\/v2\/types\/product"}],"wp:featuredmedia":[{"embeddable":true,"href":"https:\/\/www.elementvape.de\/lt\/wp-json\/wp\/v2\/media\/10401"}],"wp:attachment":[{"href":"https:\/\/www.elementvape.de\/lt\/wp-json\/wp\/v2\/media?parent=10400"}],"wp:term":[{"taxonomy":"product_cat","embeddable":true,"href":"https:\/\/www.elementvape.de\/lt\/wp-json\/wp\/v2\/product_cat?post=10400"},{"taxonomy":"product_tag","embeddable":true,"href":"https:\/\/www.elementvape.de\/lt\/wp-json\/wp\/v2\/product_tag?post=10400"}],"curies":[{"name":"wp","href":"https:\/\/api.w.org\/{rel}","templated":true}]}}