{"id":10317,"date":"2024-04-29T09:18:40","date_gmt":"2024-04-29T09:18:40","guid":{"rendered":"https:\/\/www.elementvape.de\/?post_type=product&#038;p=10317"},"modified":"2025-04-02T02:02:45","modified_gmt":"2025-04-02T02:02:45","slug":"randm-tornado-7000-einweg-vape-7000-puffs-eu-lagerraum","status":"publish","type":"product","link":"https:\/\/www.elementvape.de\/lt\/produkt\/randm-tornado-7000-einweg-vape-7000-puffs-eu-lagerraum\/","title":{"rendered":"RandM Tornado 7000 Elektronini\u0173 cigare\u010di\u0173 7000 Puffs - pirkti Europos sand\u0117lyje"},"content":{"rendered":"<p>\u0160is inventorius bus atnaujintas gruod\u017eio 27 d. Minimalus u\u017esakymo kiekis elektronin\u0117ms cigaret\u0117ms yra 1 pakuot\u0117, kurioje yra 10 elektronini\u0173 cigare\u010di\u0173. Galite pasirinkti savo m\u0117gstam\u0105 skon\u012f.<\/p>\n<p>\u0160io produkto kaina atitinka 10 vapes kain\u0105<\/p>\n<p>Jei norite su\u017einoti naujausi\u0105 atsarg\u0173 b\u016bsen\u0105, galite susisiekti su manimi el. pa\u0161tu<br \/>\nEl. pa\u0161tas: <strong>elementvapede@gmail.com<\/strong><\/p>\n<h1>RandM Tornado 7000: Galutinis garinimo patirtis<\/h1>\n<h2>Pristatome: RandM Tornado 7000: Atskleiskite skonio audr\u0105<\/h2>\n<p>Patirkite i\u0161skirtinum\u0105 su RandM Tornado 7000, garinimo \u012frenginiu, kuris gars\u0117ja savo \u0161variu ir \u0161velniu skoniu. \u0160is i\u0161skirtinis vape buvo sukurtas tam, kad kiekvienu \u012fkv\u0117pimu suteikt\u0173 jums \u012fsimintin\u0105 skonio kelion\u0119. Nesvarbu, ar esate patyr\u0119s garintojas, ar tik pradedate, <strong>RandM Tornado 7000<\/strong> garantuoja jaudinan\u010di\u0105 garinimo patirt\u012f, kuri privers jus gr\u012f\u017eti dar ir dar kart\u0105, norint su\u017einoti daugiau.<\/p>\n<h2>Nepakartojama akumuliatoriaus veikimo trukm\u0117 ir patogus dizainas<\/h2>\n<p>Su galingu \u012fkraunamu 1000 mAh akumuliatoriumi, RandM Tornado 7000 leid\u017eia m\u0117gautis ilgesn\u0117mis garinimo sesijomis be da\u017en\u0173 \u012fkrovim\u0173. Atsisveikinkite su varginan\u010dia paie\u0161ka elektros \u0161altinio. \u0160is garintojas yra sukurtas ilgaam\u017ei\u0161kumui ir suteikia jums nuolatin\u012f garinimo malonum\u0105.<\/p>\n<p>Ergonomi\u0161kas dizainas <strong>RandM Tornado 7000<\/strong> yra \u012frodymas, kad jis yra auk\u0161\u010diausios kokyb\u0117s rank\u0173 darbo. Prietaisas patogiai laikosi rankoje ir yra lengvai ne\u0161iojamas bei paprastas naudoti. Jo plonas ir tvirtas konstrukcija garantuoja pirmos klas\u0117s garinimo patirt\u012f be tra\u0161k\u0117jimo ar keist\u0173 gars\u0173 veikimo metu.<\/p>\n<h4>Parametrai<\/h4>\n<p>2 % nikotino druska<br \/>\n14 ml elektroninio skys\u010dio<br \/>\n7000 \u012fkv\u0117pim\u0173 kiekvienam \u012frenginiui<br \/>\nOro srauto kontrol\u0117<br \/>\nTipo-C \u012fkroviklis<br \/>\n\u012ekraunama baterija<br \/>\nIntegruota 850 mAh baterija<br \/>\nPrieinama 5 skoni\u0173 r\u016b\u0161i\u0173<br \/>\n10 vienet\u0173 d\u0117\u017eut\u0117je<\/p>\n<h3>Be vargo garinimas su i\u0161 anksto u\u017epildytu patogumu<\/h3>\n<p>Nebereikia vargti papildyti ar keisti rit\u0117s. RandM Tornado 7000 yra su 14 ml 70 mg nikotino druskos, i\u0161 karto naudojamas i\u0161 pakuot\u0117s. Tai rei\u0161kia, kad galite i\u0161kart m\u0117gautis garu, nesir\u016bpindami \u012frengimu ar prie\u017ei\u016bra. Tiesiog \u012fkv\u0117pkite per burnos antgal\u012f ir m\u0117gaukit\u0117s iki 7 000 \u012fkv\u0117pim\u0173, kol v\u0117l reik\u0117s \u012fkrauti.<\/p>\n<h3>Pasinerkite \u012f spalving\u0105 garinimo patirt\u012f<\/h3>\n<p>Leiskit\u0117s \u012fsp\u016bd\u012f i\u0161skirtin\u0117mis RandM Tornado 7000 RGB \u0161viesomis. Kai gaunate sm\u016bg\u012f, apatin\u0117 \u012frenginio dalis \u012fsi\u017eiebia ir rodo \u012fdomi\u0105 spalv\u0173 palet\u0119. Nuo linksmo geltono iki ugnies raudonos, ramios m\u0117lynos iki raminan\u010dios \u017ealios ir \u017eavingos violetin\u0117s \u2013 \u0161ios \u0161viesos suteikia j\u016bs\u0173 garavimo sesijoms vizualin\u012f malonum\u0105. \u0160viesos seka j\u016bs\u0173 \u012fkv\u0117pim\u0105 ir \u0161vie\u010dia apie 7 sekundes, sukurdamos tikrai \u012ftraukiant\u012f patirt\u012f.<\/p>\n<h3>Reguliuojamas oro srautas ir pa\u017eangi tinklelio rit\u0117<\/h3>\n<p>RandM Tornado 7000 si\u016blo reguliuojam\u0105 oro sraut\u0105, leid\u017eiant\u012f pritaikyti garinimo patirt\u012f pagal savo pageidavimus. Tiksliai reguliuokite oro sraut\u0105, kad pasiektum\u0117te tobul\u0105 skonio ir garo balans\u0105 ir kiekvien\u0105 kart\u0105 u\u017etikrintum\u0117te patenkinam\u0105 gar\u0105.<\/p>\n<p>\u012erengtas auk\u0161tos kokyb\u0117s tinklelio rit\u0117mis, jis <strong>RandM Tornado 7000<\/strong> u\u017etikrina i\u0161skirtin\u012f skon\u012f ir garo kiek\u012f. Tinklelio rit\u0117s technologija u\u017etikrina tolyg\u0173 \u0161ilumos paskirstym\u0105, kas lemia \u0161velnius ir vienodai paskirstytus \u012fkv\u0117pimus. Leiskit\u0117s nustebinti skonio pilnatve ir gylumu, kur\u012f patirsite naudodami \u0161\u012f \u012fsp\u016bding\u0105 garinimo \u012frengin\u012f.<\/p>\n<h3>Pasim\u0117gaukite \u012fvairi\u0173 skoni\u0173 gausa<\/h3>\n<p>Su <strong>RandM Tornado 7000<\/strong> J\u016bs\u0173 skonio receptoriai bus lepinti pla\u010dia skoni\u0173 \u012fvairove, patenkinan\u010dia kiekvien\u0105 skonio pumpur\u0105. Pasirinkite i\u0161 \u012fsp\u016bdingo pasirinkimo iki 50 skoni\u0173, \u012fskaitant skanius vaisi\u0173, sald\u017ei\u0173j\u0173 skan\u0117st\u0173, gaivinan\u010di\u0173 g\u0117rim\u0173 ir gaivi\u0173 led\u0173 vaisi\u0173 mi\u0161inius. Nesvarbu, ar trok\u0161tate a\u0161traus vaisi\u0173 skonio, nostalgi\u0161ko saldumo ar gazuoto, gaiv\u0173 g\u0117rimo \u012fkv\u0117pto garo, RandM Tornado 7000 tur\u0117s skon\u012f, kuris jus \u012fkv\u0117ps gar\u0173 malonumui.<\/p>\n<h4>Patirkite RandM skirtum\u0105<\/h4>\n<p>Kalbant apie vienkartinius garintuvus, RandM Tornado 7000 yra tikras \u017eaidimo keitiklis. \u012ekraunama baterija yra auk\u0161tos kokyb\u0117s ir prakti\u0161ka<\/p>\n<h4>U\u017esisakykite savo RandM Tornado 7000 jau \u0161iandien<\/h4>\n<p>Ar esate pasiruo\u0161\u0119 pagerinti savo garinimo patirt\u012f? Nepraleiskite nuostabi\u0173 funkcij\u0173 ir skoni\u0173, kuriuos si\u016blo RandM Tornado 7000. U\u017esisakykite jau \u0161iandien ir pasinerkite \u012f aromatini\u0173 debes\u0173 ir be vargo garinimo pasaul\u012f.<\/p>\n<h4>skonis\uff1a<\/h4>\n<p>1. M\u0117lyni\u0173 aviet\u0117<br \/>\n2. Mi\u0161rios uogos<br \/>\n3. Bra\u0161ki\u0173 arb\u016bzas<br \/>\n4. M\u0117lyn\u0173j\u0173 uog\u0173 ledas<br \/>\n5. Persik\u0173 ledas<\/p>\n<p>&nbsp;<\/p>","protected":false},"excerpt":{"rendered":"<p>Dieses Inventar wird am 27. Dezember aktualisiert. Die Mindestbestellmenge f\u00fcr E-Zigaretten betr\u00e4gt 1 Packung, die 10 E-Zigaretten enth\u00e4lt. Sie k\u00f6nnen Ihren Lieblingsgeschmack w\u00e4hlen. Der Preis dieses Produkts entspricht dem Preis von 10 vapes Wenn Sie den neuesten Lagerbestand erfahren m\u00f6chten, k\u00f6nnen Sie mich per\u00a0E-Mail kontaktieren E-Mail: elementvapede@gmail.com RandM Tornado 7000: Das ultimative Dampferlebnis Wir stellen [&hellip;]<\/p>","protected":false},"featured_media":10327,"template":"","meta":{"inline_featured_image":false},"product_cat":[15,78,735,746,741,733,747,740,734,753,754,745,742,748,750,737,736,749,752,756,739,743,744,755,738,751],"product_tag":[710,709,681],"tiered_pricing_type":"fixed","tiered_pricing_fixed_rules":{"50":"7.40","110":"6.99","210":"6.58","510":"6.17","1100":"5.75"},"tiered_pricing_percentage_rules":[],"tiered_pricing_minimum":1,"_administrator_tiered_pricing_type":"fixed","_administrator_tiered_pricing_fixed_rules":[],"_editor_tiered_pricing_type":"fixed","_editor_tiered_pricing_fixed_rules":[],"_author_tiered_pricing_type":"fixed","_author_tiered_pricing_fixed_rules":[],"_contributor_tiered_pricing_type":"fixed","_contributor_tiered_pricing_fixed_rules":[],"_subscriber_tiered_pricing_type":"fixed","_subscriber_tiered_pricing_fixed_rules":[],"_customer_tiered_pricing_type":"fixed","_customer_tiered_pricing_fixed_rules":[],"_shop_manager_tiered_pricing_type":"fixed","_shop_manager_tiered_pricing_fixed_rules":[],"_wpseo_manager_tiered_pricing_type":"fixed","_wpseo_manager_tiered_pricing_fixed_rules":[],"_wpseo_editor_tiered_pricing_type":"fixed","_wpseo_editor_tiered_pricing_fixed_rules":[],"_wholesale_customer_tiered_pricing_type":"fixed","_wholesale_customer_tiered_pricing_fixed_rules":[],"_marketer_tiered_pricing_type":"fixed","_marketer_tiered_pricing_fixed_rules":[],"_sales_manager_tiered_pricing_type":"fixed","_sales_manager_tiered_pricing_fixed_rules":[],"_sales_rep_tiered_pricing_type":"fixed","_sales_rep_tiered_pricing_fixed_rules":[],"yoast_head":"<!-- This site is optimized with the Yoast SEO plugin v23.3 - https:\/\/yoast.com\/wordpress\/plugins\/seo\/ -->\n<title>RandM Tornado 7000 E-Zigaretten 7000 Puffs Kaufen Eu lagerraum | ElementVape.de<\/title>\n<meta name=\"description\" content=\"Wir bieten RandM Tornado 7000 E-Zigaretten 7000 Puffs Kaufen Eu lagerraum , Elementvape.de akzeptieren Gro\u00df-und Einzelhandel Bestellungen.\" \/>\n<meta name=\"robots\" content=\"index, follow, max-snippet:-1, max-image-preview:large, max-video-preview:-1\" \/>\n<link rel=\"canonical\" href=\"https:\/\/www.elementvape.de\/lt\/produkt\/randm-tornado-7000-einweg-vape-7000-puffs-eu-lagerraum\/\" \/>\n<meta property=\"og:locale\" content=\"lt_LT\" \/>\n<meta property=\"og:type\" content=\"article\" \/>\n<meta property=\"og:title\" content=\"RandM Tornado 7000 E-Zigaretten 7000 Puffs Kaufen Eu lagerraum | ElementVape.de\" \/>\n<meta property=\"og:description\" content=\"Wir bieten RandM Tornado 7000 E-Zigaretten 7000 Puffs Kaufen Eu lagerraum , Elementvape.de akzeptieren Gro\u00df-und Einzelhandel Bestellungen.\" \/>\n<meta property=\"og:url\" content=\"https:\/\/www.elementvape.de\/lt\/produkt\/randm-tornado-7000-einweg-vape-7000-puffs-eu-lagerraum\/\" \/>\n<meta property=\"og:site_name\" content=\"ElementVape.de\" \/>\n<meta property=\"article:modified_time\" content=\"2025-04-02T02:02:45+00:00\" \/>\n<meta property=\"og:image\" content=\"https:\/\/www.elementvape.de\/wp-content\/uploads\/2024\/04\/PINK-LEMONADE_1024x1024.webp\" \/>\n\t<meta property=\"og:image:width\" content=\"1024\" \/>\n\t<meta property=\"og:image:height\" content=\"512\" \/>\n\t<meta property=\"og:image:type\" content=\"image\/webp\" \/>\n<meta name=\"twitter:card\" content=\"summary_large_image\" \/>\n<meta name=\"twitter:label1\" content=\"Est. reading time\" \/>\n\t<meta name=\"twitter:data1\" content=\"4 minut\u0117s\" \/>\n<script type=\"application\/ld+json\" class=\"yoast-schema-graph\">{\"@context\":\"https:\/\/schema.org\",\"@graph\":[{\"@type\":\"WebPage\",\"@id\":\"https:\/\/www.elementvape.de\/produkt\/randm-tornado-7000-einweg-vape-7000-puffs-eu-lagerraum\/\",\"url\":\"https:\/\/www.elementvape.de\/produkt\/randm-tornado-7000-einweg-vape-7000-puffs-eu-lagerraum\/\",\"name\":\"RandM Tornado 7000 E-Zigaretten 7000 Puffs Kaufen Eu lagerraum | ElementVape.de\",\"isPartOf\":{\"@id\":\"https:\/\/www.elementvape.de\/#website\"},\"primaryImageOfPage\":{\"@id\":\"https:\/\/www.elementvape.de\/produkt\/randm-tornado-7000-einweg-vape-7000-puffs-eu-lagerraum\/#primaryimage\"},\"image\":{\"@id\":\"https:\/\/www.elementvape.de\/produkt\/randm-tornado-7000-einweg-vape-7000-puffs-eu-lagerraum\/#primaryimage\"},\"thumbnailUrl\":\"https:\/\/www.elementvape.de\/wp-content\/uploads\/2024\/04\/PINK-LEMONADE_1024x1024.webp\",\"datePublished\":\"2024-04-29T09:18:40+00:00\",\"dateModified\":\"2025-04-02T02:02:45+00:00\",\"description\":\"Wir bieten RandM Tornado 7000 E-Zigaretten 7000 Puffs Kaufen Eu lagerraum , Elementvape.de akzeptieren Gro\u00df-und Einzelhandel Bestellungen.\",\"breadcrumb\":{\"@id\":\"https:\/\/www.elementvape.de\/produkt\/randm-tornado-7000-einweg-vape-7000-puffs-eu-lagerraum\/#breadcrumb\"},\"inLanguage\":\"lt-LT\",\"potentialAction\":[{\"@type\":\"ReadAction\",\"target\":[\"https:\/\/www.elementvape.de\/produkt\/randm-tornado-7000-einweg-vape-7000-puffs-eu-lagerraum\/\"]}]},{\"@type\":\"ImageObject\",\"inLanguage\":\"lt-LT\",\"@id\":\"https:\/\/www.elementvape.de\/produkt\/randm-tornado-7000-einweg-vape-7000-puffs-eu-lagerraum\/#primaryimage\",\"url\":\"https:\/\/www.elementvape.de\/wp-content\/uploads\/2024\/04\/PINK-LEMONADE_1024x1024.webp\",\"contentUrl\":\"https:\/\/www.elementvape.de\/wp-content\/uploads\/2024\/04\/PINK-LEMONADE_1024x1024.webp\",\"width\":1024,\"height\":512,\"caption\":\"PINK-LEMONADE_1024x1024\"},{\"@type\":\"BreadcrumbList\",\"@id\":\"https:\/\/www.elementvape.de\/produkt\/randm-tornado-7000-einweg-vape-7000-puffs-eu-lagerraum\/#breadcrumb\",\"itemListElement\":[{\"@type\":\"ListItem\",\"position\":1,\"name\":\"Home\",\"item\":\"https:\/\/www.elementvape.de\/\"},{\"@type\":\"ListItem\",\"position\":2,\"name\":\"Shop\",\"item\":\"https:\/\/www.elementvape.de\/shop\/\"},{\"@type\":\"ListItem\",\"position\":3,\"name\":\"RandM Tornado 7000 E-Zigaretten 7000 Puffs Kaufen Eu lagerraum\"}]},{\"@type\":\"WebSite\",\"@id\":\"https:\/\/www.elementvape.de\/#website\",\"url\":\"https:\/\/www.elementvape.de\/\",\"name\":\"ElementVape.de\",\"description\":\"\",\"publisher\":{\"@id\":\"https:\/\/www.elementvape.de\/#organization\"},\"potentialAction\":[{\"@type\":\"SearchAction\",\"target\":{\"@type\":\"EntryPoint\",\"urlTemplate\":\"https:\/\/www.elementvape.de\/?s={search_term_string}\"},\"query-input\":\"required name=search_term_string\"}],\"inLanguage\":\"lt-LT\"},{\"@type\":\"Organization\",\"@id\":\"https:\/\/www.elementvape.de\/#organization\",\"name\":\"ElementVape.DE\",\"url\":\"https:\/\/www.elementvape.de\/\",\"logo\":{\"@type\":\"ImageObject\",\"inLanguage\":\"lt-LT\",\"@id\":\"https:\/\/www.elementvape.de\/#\/schema\/logo\/image\/\",\"url\":\"https:\/\/www.elementvape.de\/wp-content\/uploads\/2024\/09\/cropped-1elementvape-3.png\",\"contentUrl\":\"https:\/\/www.elementvape.de\/wp-content\/uploads\/2024\/09\/cropped-1elementvape-3.png\",\"width\":285,\"height\":228,\"caption\":\"ElementVape.DE\"},\"image\":{\"@id\":\"https:\/\/www.elementvape.de\/#\/schema\/logo\/image\/\"}}]}<\/script>\n<!-- \/ Yoast SEO plugin. -->","yoast_head_json":{"title":"RandM Tornado 7000 E-Zigaretten 7000 Puffs Kaufen Eu lagerraum | ElementVape.de","description":"Wir bieten RandM Tornado 7000 E-Zigaretten 7000 Puffs Kaufen Eu lagerraum , Elementvape.de akzeptieren Gro\u00df-und Einzelhandel Bestellungen.","robots":{"index":"index","follow":"follow","max-snippet":"max-snippet:-1","max-image-preview":"max-image-preview:large","max-video-preview":"max-video-preview:-1"},"canonical":"https:\/\/www.elementvape.de\/lt\/produkt\/randm-tornado-7000-einweg-vape-7000-puffs-eu-lagerraum\/","og_locale":"lt_LT","og_type":"article","og_title":"RandM Tornado 7000 E-Zigaretten 7000 Puffs Kaufen Eu lagerraum | ElementVape.de","og_description":"Wir bieten RandM Tornado 7000 E-Zigaretten 7000 Puffs Kaufen Eu lagerraum , Elementvape.de akzeptieren Gro\u00df-und Einzelhandel Bestellungen.","og_url":"https:\/\/www.elementvape.de\/lt\/produkt\/randm-tornado-7000-einweg-vape-7000-puffs-eu-lagerraum\/","og_site_name":"ElementVape.de","article_modified_time":"2025-04-02T02:02:45+00:00","og_image":[{"width":1024,"height":512,"url":"https:\/\/www.elementvape.de\/wp-content\/uploads\/2024\/04\/PINK-LEMONADE_1024x1024.webp","type":"image\/webp"}],"twitter_card":"summary_large_image","twitter_misc":{"Est. reading time":"4 minut\u0117s"},"schema":{"@context":"https:\/\/schema.org","@graph":[{"@type":"WebPage","@id":"https:\/\/www.elementvape.de\/produkt\/randm-tornado-7000-einweg-vape-7000-puffs-eu-lagerraum\/","url":"https:\/\/www.elementvape.de\/produkt\/randm-tornado-7000-einweg-vape-7000-puffs-eu-lagerraum\/","name":"RandM Tornado 7000 E-Zigaretten 7000 Puffs Kaufen Eu lagerraum | ElementVape.de","isPartOf":{"@id":"https:\/\/www.elementvape.de\/#website"},"primaryImageOfPage":{"@id":"https:\/\/www.elementvape.de\/produkt\/randm-tornado-7000-einweg-vape-7000-puffs-eu-lagerraum\/#primaryimage"},"image":{"@id":"https:\/\/www.elementvape.de\/produkt\/randm-tornado-7000-einweg-vape-7000-puffs-eu-lagerraum\/#primaryimage"},"thumbnailUrl":"https:\/\/www.elementvape.de\/wp-content\/uploads\/2024\/04\/PINK-LEMONADE_1024x1024.webp","datePublished":"2024-04-29T09:18:40+00:00","dateModified":"2025-04-02T02:02:45+00:00","description":"Wir bieten RandM Tornado 7000 E-Zigaretten 7000 Puffs Kaufen Eu lagerraum , Elementvape.de akzeptieren Gro\u00df-und Einzelhandel Bestellungen.","breadcrumb":{"@id":"https:\/\/www.elementvape.de\/produkt\/randm-tornado-7000-einweg-vape-7000-puffs-eu-lagerraum\/#breadcrumb"},"inLanguage":"lt-LT","potentialAction":[{"@type":"ReadAction","target":["https:\/\/www.elementvape.de\/produkt\/randm-tornado-7000-einweg-vape-7000-puffs-eu-lagerraum\/"]}]},{"@type":"ImageObject","inLanguage":"lt-LT","@id":"https:\/\/www.elementvape.de\/produkt\/randm-tornado-7000-einweg-vape-7000-puffs-eu-lagerraum\/#primaryimage","url":"https:\/\/www.elementvape.de\/wp-content\/uploads\/2024\/04\/PINK-LEMONADE_1024x1024.webp","contentUrl":"https:\/\/www.elementvape.de\/wp-content\/uploads\/2024\/04\/PINK-LEMONADE_1024x1024.webp","width":1024,"height":512,"caption":"PINK-LEMONADE_1024x1024"},{"@type":"BreadcrumbList","@id":"https:\/\/www.elementvape.de\/produkt\/randm-tornado-7000-einweg-vape-7000-puffs-eu-lagerraum\/#breadcrumb","itemListElement":[{"@type":"ListItem","position":1,"name":"Home","item":"https:\/\/www.elementvape.de\/"},{"@type":"ListItem","position":2,"name":"Shop","item":"https:\/\/www.elementvape.de\/shop\/"},{"@type":"ListItem","position":3,"name":"RandM Tornado 7000 E-Zigaretten 7000 Puffs Kaufen Eu lagerraum"}]},{"@type":"WebSite","@id":"https:\/\/www.elementvape.de\/#website","url":"https:\/\/www.elementvape.de\/","name":"ElementVape.de","description":"","publisher":{"@id":"https:\/\/www.elementvape.de\/#organization"},"potentialAction":[{"@type":"SearchAction","target":{"@type":"EntryPoint","urlTemplate":"https:\/\/www.elementvape.de\/?s={search_term_string}"},"query-input":"required name=search_term_string"}],"inLanguage":"lt-LT"},{"@type":"Organization","@id":"https:\/\/www.elementvape.de\/#organization","name":"ElementVape.DE","url":"https:\/\/www.elementvape.de\/","logo":{"@type":"ImageObject","inLanguage":"lt-LT","@id":"https:\/\/www.elementvape.de\/#\/schema\/logo\/image\/","url":"https:\/\/www.elementvape.de\/wp-content\/uploads\/2024\/09\/cropped-1elementvape-3.png","contentUrl":"https:\/\/www.elementvape.de\/wp-content\/uploads\/2024\/09\/cropped-1elementvape-3.png","width":285,"height":228,"caption":"ElementVape.DE"},"image":{"@id":"https:\/\/www.elementvape.de\/#\/schema\/logo\/image\/"}}]}},"_links":{"self":[{"href":"https:\/\/www.elementvape.de\/lt\/wp-json\/wp\/v2\/product\/10317"}],"collection":[{"href":"https:\/\/www.elementvape.de\/lt\/wp-json\/wp\/v2\/product"}],"about":[{"href":"https:\/\/www.elementvape.de\/lt\/wp-json\/wp\/v2\/types\/product"}],"wp:featuredmedia":[{"embeddable":true,"href":"https:\/\/www.elementvape.de\/lt\/wp-json\/wp\/v2\/media\/10327"}],"wp:attachment":[{"href":"https:\/\/www.elementvape.de\/lt\/wp-json\/wp\/v2\/media?parent=10317"}],"wp:term":[{"taxonomy":"product_cat","embeddable":true,"href":"https:\/\/www.elementvape.de\/lt\/wp-json\/wp\/v2\/product_cat?post=10317"},{"taxonomy":"product_tag","embeddable":true,"href":"https:\/\/www.elementvape.de\/lt\/wp-json\/wp\/v2\/product_tag?post=10317"}],"curies":[{"name":"wp","href":"https:\/\/api.w.org\/{rel}","templated":true}]}}