{"id":10307,"date":"2024-04-29T08:01:21","date_gmt":"2024-04-29T08:01:21","guid":{"rendered":"https:\/\/www.elementvape.de\/?post_type=product&#038;p=10307"},"modified":"2026-01-05T19:11:18","modified_gmt":"2026-01-05T19:11:18","slug":"randm-tornado-9000-einweg-vape-9000-puffs-eu-lagerraum","status":"publish","type":"product","link":"https:\/\/www.elementvape.de\/lt\/produkt\/randm-tornado-9000-einweg-vape-9000-puffs-eu-lagerraum\/","title":{"rendered":"Randm Tornado 9000 Vienkartinis Vape 9000 Puffs Europos sand\u0117lis"},"content":{"rendered":"<p>Minimalus u\u017esakymo kiekis elektronin\u0117ms cigaret\u0117ms yra 1 pakuot\u0117 su 10 elektronini\u0173 cigare\u010di\u0173. Galite pasirinkti savo m\u0117gstam\u0105 skon\u012f.<\/p>\n<p>\u0160ios prek\u0117s kaina galioja 10 vapes.<\/p>\n<p>El. pa\u0161tas: <a rel=\"noreferrer\">elementvapede@gmail.com<\/a><\/p>\n<hr \/>\n<h2><strong>RandM Tornado 9000: Auk\u0161\u010diausias garinimo potyris<\/strong><\/h2>\n<p><strong>Pristatome: RandM Tornado 9000 \u2013 Sprogstantis skonio audra<\/strong><\/p>\n<p>M\u0117gaukit\u0117s i\u0161skirtiniu patirtimi su RandM Tornado 9000, garinimo \u012frenginiu, kuris gars\u0117ja savo \u0161variu ir \u0161velniu skoniu. \u0160i i\u0161skirtin\u0117 elektronin\u0117 cigaret\u0117 sukurta tam, kad kiekvienu \u012fkv\u0117pimu suteikt\u0173 jums \u012fsimintin\u0105 skonio kelion\u0119. Nesvarbu, ar esate patyr\u0119s garintojas, ar naujokas, RandM Tornado 9000 tikrai suteiks jums jaudinant\u012f garinimo patirt\u012f, kuri paskatins sugr\u012f\u017eti dar ir dar kart\u0105.<\/p>\n<h3><strong>Neprilygstamas akumuliatoriaus veikimo laikas ir patogus dizainas<\/strong><\/h3>\n<p>RandM Tornado 9000 turi galing\u0105 akumuliatori\u0173, leid\u017eiant\u012f m\u0117gautis ilgesniais garinimo laikais be da\u017en\u0173 \u012fkrovim\u0173. Atsisveikinkite su vargais ie\u0161kant maitinimo \u0161altinio. \u0160is garintuvas yra patvarus ir suteikia jums nuolatin\u012f garinimo malonum\u0105.<\/p>\n<p>Ergonomi\u0161kas RandM Tornado 9000 dizainas yra \u012frodymas jo auk\u0161tos meistri\u0161kumo kokyb\u0117s. Prietaisas gerai laikosi rankoje, yra ne\u0161iojamas ir lengvai naudojamas bet kur. Jo plonas ir tuo pa\u010diu tvirtas dizainas u\u017etikrina auk\u0161\u010diausios kokyb\u0117s garinimo patirt\u012f be tra\u0161k\u0117jimo ar keist\u0173 gars\u0173 veikimo metu.<\/p>\n<p><strong>Apimtis<\/strong><\/p>\n<ul>\n<li>2% Nikotino druska<\/li>\n<li>18 ml Elektroninio skys\u010dio<\/li>\n<li>Tinklelio spirale<\/li>\n<li>\u012ekraunama baterija<\/li>\n<li>Integruota 850 mAh baterija<\/li>\n<li>20 skoni\u0173 pasirinkimas<\/li>\n<li>Pateikiama pristatymo d\u0117\u017eut\u0117je su 10 vienet\u0173<\/li>\n<li>200 vienet\u0173 d\u0117\u017eut\u0117je<\/li>\n<\/ul>\n<h4><strong>Pasinerkite \u012f spalvingas elektronines cigaretes<\/strong><\/h4>\n<p>RandM Tornado 9000 RGB ap\u0161vietimas yra \u017eavus. Kai \u012fkv\u0117psite, apatin\u0117 \u012frenginio dalis \u012fsi\u017eiebia ir rodo \u012fdomi\u0173 spalv\u0173 spektr\u0105 \u2013 nuo linksmo geltono iki ugningo raudono, raminan\u010dio m\u0117lyno iki raminan\u010dio \u017ealio ir \u017eavingo violetinio. \u0160viesos suteikia j\u016bs\u0173 garinimo patir\u010diai vizualin\u012f malonum\u0105. \u0160viesos reaguoja \u012f j\u016bs\u0173 \u012fkv\u0117pimus ir ma\u017edaug septynias sekundes mirksi be pertraukos, sukurdamos tikr\u0105 \u012ftraukiant\u012f patirt\u012f.<\/p>\n<p><strong>Reguliuojamas oro srautas ir pa\u017eangios tinklelio rit\u0117s<\/strong><\/p>\n<p>RandM Tornado 9000 turi auk\u0161tos kokyb\u0117s tinklelio rit\u0119, u\u017etikrinan\u010di\u0105 puik\u0173 skon\u012f ir gar\u0173 gamyb\u0105. Tinklelio rit\u0117s technologija leid\u017eia tolygiai paskirstyti \u0161ilum\u0105, suteikdama vienod\u0105 poj\u016bt\u012f. J\u016bs b\u016bsite nustebinti skonio pilnatve ir gylumu.<\/p>\n<h3><strong>U\u017esisakykite dabar RandM Tornado 9000<\/strong><\/h3>\n<p>Ar esate pasiruo\u0161\u0119 pagerinti savo garinimo patirt\u012f? Nepraleiskite ne\u012ftik\u0117tin\u0173 funkcij\u0173 ir skoni\u0173, kuriuos si\u016blo RandM Tornado 9000. U\u017esisakykite dabar ir pasinerkite \u012f kvapni\u0173 debes\u0173 ir lengvo r\u016bkymo pasaul\u012f.<\/p>","protected":false},"excerpt":{"rendered":"<p>Die Mindestbestellmenge f\u00fcr E-Zigaretten betr\u00e4gt 1 Packung mit 10 E-Zigaretten. Sie k\u00f6nnen Ihren Lieblingsgeschmack w\u00e4hlen. Der Preis f\u00fcr dieses Produkt gilt f\u00fcr 10 Vapes. E-Mail: elementvapede@gmail.com RandM Tornado 9000: Das ultimative Dampferlebnis Wir stellen vor: RandM Tornado 9000 \u2013 Ein Geschmackssturm entfesselt Genie\u00dfen Sie ein au\u00dfergew\u00f6hnliches Erlebnis mit dem RandM Tornado 9000, einem Dampfger\u00e4t, das [&hellip;]<\/p>","protected":false},"featured_media":10315,"template":"","meta":{"inline_featured_image":false},"product_cat":[15,78,735,746,741,733,747,740,734,753,754,745,742,748,750,737,736,749,752,756,739,743,744,755,738,751],"product_tag":[710,709,684],"tiered_pricing_type":"fixed","tiered_pricing_fixed_rules":{"50":"7.92","110":"7.48","210":"7.04","510":"6.6","1100":"6.16"},"tiered_pricing_percentage_rules":[],"tiered_pricing_minimum":1,"_administrator_tiered_pricing_type":"fixed","_administrator_tiered_pricing_fixed_rules":[],"_editor_tiered_pricing_type":"fixed","_editor_tiered_pricing_fixed_rules":[],"_author_tiered_pricing_type":"fixed","_author_tiered_pricing_fixed_rules":[],"_contributor_tiered_pricing_type":"fixed","_contributor_tiered_pricing_fixed_rules":[],"_subscriber_tiered_pricing_type":"fixed","_subscriber_tiered_pricing_fixed_rules":[],"_customer_tiered_pricing_type":"fixed","_customer_tiered_pricing_fixed_rules":[],"_shop_manager_tiered_pricing_type":"fixed","_shop_manager_tiered_pricing_fixed_rules":[],"_wpseo_manager_tiered_pricing_type":"fixed","_wpseo_manager_tiered_pricing_fixed_rules":[],"_wpseo_editor_tiered_pricing_type":"fixed","_wpseo_editor_tiered_pricing_fixed_rules":[],"_wholesale_customer_tiered_pricing_type":"fixed","_wholesale_customer_tiered_pricing_fixed_rules":[],"_marketer_tiered_pricing_type":"fixed","_marketer_tiered_pricing_fixed_rules":[],"_sales_manager_tiered_pricing_type":"fixed","_sales_manager_tiered_pricing_fixed_rules":[],"_sales_rep_tiered_pricing_type":"fixed","_sales_rep_tiered_pricing_fixed_rules":[],"yoast_head":"<!-- This site is optimized with the Yoast SEO plugin v23.3 - https:\/\/yoast.com\/wordpress\/plugins\/seo\/ -->\n<title>Randm Tornado 9000 Einweg Vape 9000 Puffs Eu lagerraum | ElementVape.de<\/title>\n<meta name=\"description\" content=\"Wir bieten Randm Tornado 9000 Einweg Vape 9000 Puffs Eu lagerraum , Elementvape.de akzeptieren Gro\u00df-und Einzelhandel Bestellungen.\" \/>\n<meta name=\"robots\" content=\"index, follow, max-snippet:-1, max-image-preview:large, max-video-preview:-1\" \/>\n<link rel=\"canonical\" href=\"https:\/\/www.elementvape.de\/lt\/produkt\/randm-tornado-9000-einweg-vape-9000-puffs-eu-lagerraum\/\" \/>\n<meta property=\"og:locale\" content=\"lt_LT\" \/>\n<meta property=\"og:type\" content=\"article\" \/>\n<meta property=\"og:title\" content=\"Randm Tornado 9000 Einweg Vape 9000 Puffs Eu lagerraum | ElementVape.de\" \/>\n<meta property=\"og:description\" content=\"Wir bieten Randm Tornado 9000 Einweg Vape 9000 Puffs Eu lagerraum , Elementvape.de akzeptieren Gro\u00df-und Einzelhandel Bestellungen.\" \/>\n<meta property=\"og:url\" content=\"https:\/\/www.elementvape.de\/lt\/produkt\/randm-tornado-9000-einweg-vape-9000-puffs-eu-lagerraum\/\" \/>\n<meta property=\"og:site_name\" content=\"ElementVape.de\" \/>\n<meta property=\"article:modified_time\" content=\"2026-01-05T19:11:18+00:00\" \/>\n<meta property=\"og:image\" content=\"https:\/\/www.elementvape.de\/wp-content\/uploads\/2024\/04\/RandM-Tornado-9000-Puffs-10.webp\" \/>\n\t<meta property=\"og:image:width\" content=\"800\" \/>\n\t<meta property=\"og:image:height\" content=\"800\" \/>\n\t<meta property=\"og:image:type\" content=\"image\/webp\" \/>\n<meta name=\"twitter:card\" content=\"summary_large_image\" \/>\n<meta name=\"twitter:label1\" content=\"Est. reading time\" \/>\n\t<meta name=\"twitter:data1\" content=\"3 minut\u0117s\" \/>\n<script type=\"application\/ld+json\" class=\"yoast-schema-graph\">{\"@context\":\"https:\/\/schema.org\",\"@graph\":[{\"@type\":\"WebPage\",\"@id\":\"https:\/\/www.elementvape.de\/produkt\/randm-tornado-9000-einweg-vape-9000-puffs-eu-lagerraum\/\",\"url\":\"https:\/\/www.elementvape.de\/produkt\/randm-tornado-9000-einweg-vape-9000-puffs-eu-lagerraum\/\",\"name\":\"Randm Tornado 9000 Einweg Vape 9000 Puffs Eu lagerraum | ElementVape.de\",\"isPartOf\":{\"@id\":\"https:\/\/www.elementvape.de\/#website\"},\"primaryImageOfPage\":{\"@id\":\"https:\/\/www.elementvape.de\/produkt\/randm-tornado-9000-einweg-vape-9000-puffs-eu-lagerraum\/#primaryimage\"},\"image\":{\"@id\":\"https:\/\/www.elementvape.de\/produkt\/randm-tornado-9000-einweg-vape-9000-puffs-eu-lagerraum\/#primaryimage\"},\"thumbnailUrl\":\"https:\/\/www.elementvape.de\/wp-content\/uploads\/2024\/04\/RandM-Tornado-9000-Puffs-10.webp\",\"datePublished\":\"2024-04-29T08:01:21+00:00\",\"dateModified\":\"2026-01-05T19:11:18+00:00\",\"description\":\"Wir bieten Randm Tornado 9000 Einweg Vape 9000 Puffs Eu lagerraum , Elementvape.de akzeptieren Gro\u00df-und Einzelhandel Bestellungen.\",\"breadcrumb\":{\"@id\":\"https:\/\/www.elementvape.de\/produkt\/randm-tornado-9000-einweg-vape-9000-puffs-eu-lagerraum\/#breadcrumb\"},\"inLanguage\":\"lt-LT\",\"potentialAction\":[{\"@type\":\"ReadAction\",\"target\":[\"https:\/\/www.elementvape.de\/produkt\/randm-tornado-9000-einweg-vape-9000-puffs-eu-lagerraum\/\"]}]},{\"@type\":\"ImageObject\",\"inLanguage\":\"lt-LT\",\"@id\":\"https:\/\/www.elementvape.de\/produkt\/randm-tornado-9000-einweg-vape-9000-puffs-eu-lagerraum\/#primaryimage\",\"url\":\"https:\/\/www.elementvape.de\/wp-content\/uploads\/2024\/04\/RandM-Tornado-9000-Puffs-10.webp\",\"contentUrl\":\"https:\/\/www.elementvape.de\/wp-content\/uploads\/2024\/04\/RandM-Tornado-9000-Puffs-10.webp\",\"width\":800,\"height\":800},{\"@type\":\"BreadcrumbList\",\"@id\":\"https:\/\/www.elementvape.de\/produkt\/randm-tornado-9000-einweg-vape-9000-puffs-eu-lagerraum\/#breadcrumb\",\"itemListElement\":[{\"@type\":\"ListItem\",\"position\":1,\"name\":\"Home\",\"item\":\"https:\/\/www.elementvape.de\/\"},{\"@type\":\"ListItem\",\"position\":2,\"name\":\"Shop\",\"item\":\"https:\/\/www.elementvape.de\/shop\/\"},{\"@type\":\"ListItem\",\"position\":3,\"name\":\"Randm Tornado 9000 Einweg Vape 9000 Puffs Eu lagerraum\"}]},{\"@type\":\"WebSite\",\"@id\":\"https:\/\/www.elementvape.de\/#website\",\"url\":\"https:\/\/www.elementvape.de\/\",\"name\":\"ElementVape.de\",\"description\":\"\",\"publisher\":{\"@id\":\"https:\/\/www.elementvape.de\/#organization\"},\"potentialAction\":[{\"@type\":\"SearchAction\",\"target\":{\"@type\":\"EntryPoint\",\"urlTemplate\":\"https:\/\/www.elementvape.de\/?s={search_term_string}\"},\"query-input\":\"required name=search_term_string\"}],\"inLanguage\":\"lt-LT\"},{\"@type\":\"Organization\",\"@id\":\"https:\/\/www.elementvape.de\/#organization\",\"name\":\"ElementVape.DE\",\"url\":\"https:\/\/www.elementvape.de\/\",\"logo\":{\"@type\":\"ImageObject\",\"inLanguage\":\"lt-LT\",\"@id\":\"https:\/\/www.elementvape.de\/#\/schema\/logo\/image\/\",\"url\":\"https:\/\/www.elementvape.de\/wp-content\/uploads\/2024\/09\/cropped-1elementvape-3.png\",\"contentUrl\":\"https:\/\/www.elementvape.de\/wp-content\/uploads\/2024\/09\/cropped-1elementvape-3.png\",\"width\":285,\"height\":228,\"caption\":\"ElementVape.DE\"},\"image\":{\"@id\":\"https:\/\/www.elementvape.de\/#\/schema\/logo\/image\/\"}}]}<\/script>\n<!-- \/ Yoast SEO plugin. -->","yoast_head_json":{"title":"Randm Tornado 9000 Einweg Vape 9000 Puffs Eu lagerraum | ElementVape.de","description":"Wir bieten Randm Tornado 9000 Einweg Vape 9000 Puffs Eu lagerraum , Elementvape.de akzeptieren Gro\u00df-und Einzelhandel Bestellungen.","robots":{"index":"index","follow":"follow","max-snippet":"max-snippet:-1","max-image-preview":"max-image-preview:large","max-video-preview":"max-video-preview:-1"},"canonical":"https:\/\/www.elementvape.de\/lt\/produkt\/randm-tornado-9000-einweg-vape-9000-puffs-eu-lagerraum\/","og_locale":"lt_LT","og_type":"article","og_title":"Randm Tornado 9000 Einweg Vape 9000 Puffs Eu lagerraum | ElementVape.de","og_description":"Wir bieten Randm Tornado 9000 Einweg Vape 9000 Puffs Eu lagerraum , Elementvape.de akzeptieren Gro\u00df-und Einzelhandel Bestellungen.","og_url":"https:\/\/www.elementvape.de\/lt\/produkt\/randm-tornado-9000-einweg-vape-9000-puffs-eu-lagerraum\/","og_site_name":"ElementVape.de","article_modified_time":"2026-01-05T19:11:18+00:00","og_image":[{"width":800,"height":800,"url":"https:\/\/www.elementvape.de\/wp-content\/uploads\/2024\/04\/RandM-Tornado-9000-Puffs-10.webp","type":"image\/webp"}],"twitter_card":"summary_large_image","twitter_misc":{"Est. reading time":"3 minut\u0117s"},"schema":{"@context":"https:\/\/schema.org","@graph":[{"@type":"WebPage","@id":"https:\/\/www.elementvape.de\/produkt\/randm-tornado-9000-einweg-vape-9000-puffs-eu-lagerraum\/","url":"https:\/\/www.elementvape.de\/produkt\/randm-tornado-9000-einweg-vape-9000-puffs-eu-lagerraum\/","name":"Randm Tornado 9000 Einweg Vape 9000 Puffs Eu lagerraum | ElementVape.de","isPartOf":{"@id":"https:\/\/www.elementvape.de\/#website"},"primaryImageOfPage":{"@id":"https:\/\/www.elementvape.de\/produkt\/randm-tornado-9000-einweg-vape-9000-puffs-eu-lagerraum\/#primaryimage"},"image":{"@id":"https:\/\/www.elementvape.de\/produkt\/randm-tornado-9000-einweg-vape-9000-puffs-eu-lagerraum\/#primaryimage"},"thumbnailUrl":"https:\/\/www.elementvape.de\/wp-content\/uploads\/2024\/04\/RandM-Tornado-9000-Puffs-10.webp","datePublished":"2024-04-29T08:01:21+00:00","dateModified":"2026-01-05T19:11:18+00:00","description":"Wir bieten Randm Tornado 9000 Einweg Vape 9000 Puffs Eu lagerraum , Elementvape.de akzeptieren Gro\u00df-und Einzelhandel Bestellungen.","breadcrumb":{"@id":"https:\/\/www.elementvape.de\/produkt\/randm-tornado-9000-einweg-vape-9000-puffs-eu-lagerraum\/#breadcrumb"},"inLanguage":"lt-LT","potentialAction":[{"@type":"ReadAction","target":["https:\/\/www.elementvape.de\/produkt\/randm-tornado-9000-einweg-vape-9000-puffs-eu-lagerraum\/"]}]},{"@type":"ImageObject","inLanguage":"lt-LT","@id":"https:\/\/www.elementvape.de\/produkt\/randm-tornado-9000-einweg-vape-9000-puffs-eu-lagerraum\/#primaryimage","url":"https:\/\/www.elementvape.de\/wp-content\/uploads\/2024\/04\/RandM-Tornado-9000-Puffs-10.webp","contentUrl":"https:\/\/www.elementvape.de\/wp-content\/uploads\/2024\/04\/RandM-Tornado-9000-Puffs-10.webp","width":800,"height":800},{"@type":"BreadcrumbList","@id":"https:\/\/www.elementvape.de\/produkt\/randm-tornado-9000-einweg-vape-9000-puffs-eu-lagerraum\/#breadcrumb","itemListElement":[{"@type":"ListItem","position":1,"name":"Home","item":"https:\/\/www.elementvape.de\/"},{"@type":"ListItem","position":2,"name":"Shop","item":"https:\/\/www.elementvape.de\/shop\/"},{"@type":"ListItem","position":3,"name":"Randm Tornado 9000 Einweg Vape 9000 Puffs Eu lagerraum"}]},{"@type":"WebSite","@id":"https:\/\/www.elementvape.de\/#website","url":"https:\/\/www.elementvape.de\/","name":"ElementVape.de","description":"","publisher":{"@id":"https:\/\/www.elementvape.de\/#organization"},"potentialAction":[{"@type":"SearchAction","target":{"@type":"EntryPoint","urlTemplate":"https:\/\/www.elementvape.de\/?s={search_term_string}"},"query-input":"required name=search_term_string"}],"inLanguage":"lt-LT"},{"@type":"Organization","@id":"https:\/\/www.elementvape.de\/#organization","name":"ElementVape.DE","url":"https:\/\/www.elementvape.de\/","logo":{"@type":"ImageObject","inLanguage":"lt-LT","@id":"https:\/\/www.elementvape.de\/#\/schema\/logo\/image\/","url":"https:\/\/www.elementvape.de\/wp-content\/uploads\/2024\/09\/cropped-1elementvape-3.png","contentUrl":"https:\/\/www.elementvape.de\/wp-content\/uploads\/2024\/09\/cropped-1elementvape-3.png","width":285,"height":228,"caption":"ElementVape.DE"},"image":{"@id":"https:\/\/www.elementvape.de\/#\/schema\/logo\/image\/"}}]}},"_links":{"self":[{"href":"https:\/\/www.elementvape.de\/lt\/wp-json\/wp\/v2\/product\/10307"}],"collection":[{"href":"https:\/\/www.elementvape.de\/lt\/wp-json\/wp\/v2\/product"}],"about":[{"href":"https:\/\/www.elementvape.de\/lt\/wp-json\/wp\/v2\/types\/product"}],"wp:featuredmedia":[{"embeddable":true,"href":"https:\/\/www.elementvape.de\/lt\/wp-json\/wp\/v2\/media\/10315"}],"wp:attachment":[{"href":"https:\/\/www.elementvape.de\/lt\/wp-json\/wp\/v2\/media?parent=10307"}],"wp:term":[{"taxonomy":"product_cat","embeddable":true,"href":"https:\/\/www.elementvape.de\/lt\/wp-json\/wp\/v2\/product_cat?post=10307"},{"taxonomy":"product_tag","embeddable":true,"href":"https:\/\/www.elementvape.de\/lt\/wp-json\/wp\/v2\/product_tag?post=10307"}],"curies":[{"name":"wp","href":"https:\/\/api.w.org\/{rel}","templated":true}]}}