{"id":14259,"date":"2024-09-10T07:29:15","date_gmt":"2024-09-10T07:29:15","guid":{"rendered":"https:\/\/www.elementvape.de\/?page_id=14259"},"modified":"2025-12-11T07:00:30","modified_gmt":"2025-12-11T07:00:30","slug":"terms-conditions","status":"publish","type":"page","link":"https:\/\/www.elementvape.de\/lt\/terms-conditions\/","title":{"rendered":"Pirkimo s\u0105lygos"},"content":{"rendered":"<h2 class=\"wp-block-heading\"><strong>Bendrosios s\u0105lygos (BSS) ir Naudojimosi s\u0105lygos<\/strong><\/h2>\n\n\n\n<p><strong>PRA\u0160OME ATID\u017dIAI PERSKAITYTI \u0160IAS NAUDOJIMOSI S\u0104LYGAS PRIE\u0160 PRADANT NAUDOTIS \u0160IAIS TINKLALAPIU.<\/strong> PRIE\u0160GAUJANT PRIE\u0160 \u0160\u012e TINKLALAP\u012e IR JIS NAUDODAMAS, PATVIRTINATE, KAD SKAIT\u0116TE IR SUSIPA\u017d\u012eSTATE SU \u0160IOMIS S\u0104LYGOMIS IR JOMS PRITARIATE. JEI NESUTINKATE SU \u0160IOMIS S\u0104LYGOMIS, NEGALITE NAUDOTIS \u0160IUO TINKLALAPIU.<\/p>\n\n\n\n<h3 class=\"wp-block-heading\">1. Sutikimas su s\u0105lygomis<\/h3>\n\n\n\n<p>Naudodamiesi tinklalapiu <strong>Elementvape<\/strong> (toliau \u201etinklalapis\u201c) arba paspausdami \u201eSutinku\u201c, kaip naudotojas sutinkate su \u0161iomis Bendrosiomis s\u0105lygomis. Elementvape pasilieka teis\u0119 bet kuriuo metu ir be i\u0161ankstinio \u012fsp\u0117jimo u\u017eblokuoti arba nutraukti j\u016bs\u0173 prieig\u0105 prie tinklalapio, ypa\u010d pa\u017eeidus \u0161ias s\u0105lygas ar galiojan\u010dias taisykles.<\/p>\n\n\n\n<h3 class=\"wp-block-heading\">2. Am\u017eiaus apribojimas (jaunimo apsauga)<\/h3>\n\n\n\n<p><strong>SVARBUS PASTABOS: PRIE\u0160 PERKANT TABAK\u0104 ARBA E-CIGARETES GAMINIAI, PRIVALOTE PASIEKTI \u012eSTATYMU NUSTATYT\u0104 MAISTIN\u0104 AM\u017dI\u0172 J\u016aS\u0172 TEIS\u0116S SRITYJE.<\/strong><\/p>\n\n\n\n<p>\u0160ios sutarties ir tinklalapio naudojimo s\u0105lygos yra skiriamos tik asmenims, kurie pasiek\u0117 \u012fstatym\u0173 nustatyt\u0105 minimal\u0173 am\u017ei\u0173 (daugelyje jurisdikcij\u0173 18 arba 21 met\u0173). Jei nesate \u0161io reikalavimo \u012fvykd\u0119s, nedelsdami i\u0161eikite i\u0161 tinklalapio. Mes neleid\u017eiame joki\u0173 i\u0161im\u010di\u0173 i\u0161 \u0161ios taisykl\u0117s.<\/p>\n\n\n\n<p><em>Pastaba: Elementvape parduoda savo produktus ir paslaugas tik suaugusiems. Jei nustatysime, kad neatitinkate am\u017eiaus reikalavim\u0173 (bent 21 met\u0173, jei n\u0117ra kitaip nustatyta \u012fstatymais), Elementvape atsisakys teikti paslaug\u0105 ir nedelsiant u\u017edarys j\u016bs\u0173 paskyr\u0105.<\/em><\/p>\n\n\n\n<h3 class=\"wp-block-heading\">3. Duomen\u0173 apsauga<\/h3>\n\n\n\n<p>Kad visi\u0161kai suprastum\u0117te m\u016bs\u0173 verslo praktikas ir j\u016bs\u0173 duomen\u0173 tvarkym\u0105, perskaitykite m\u016bs\u0173 <strong>[Privatumo politik\u0105]<\/strong> (nuoroda \u012f privatumo politikos puslap\u012f), kuri taip pat taikoma j\u016bs\u0173 apsilankymui \u0161iame tinklalapyje.<\/p>\n\n\n\n<h3 class=\"wp-block-heading\">4. Naudojimo licencija ir prieiga prie tinklalapio<\/h3>\n\n\n\n<p>Sutikdami su \u0161iomis s\u0105lygomis, Elementvape suteikia jums ribot\u0105, neekskliuzyv\u0173 ir neperleid\u017eiam\u0105 licencij\u0105 naudotis \u0161iuo tinklalapiu asmeniniams pirkimo tikslams.<\/p>\n\n\n\n<ul>\n<li>J\u016bs \u012fsipareigojate nesuteikti melagingos ar apgaulingos informacijos, siekiant gauti prieig\u0105 prie \u0161io tinklalapio.<\/li>\n\n\n\n<li>J\u016bs pripa\u017e\u012fstate, kad visi \u0161io tinklalapio turiniai, dizainas ir paslaugos yra Elementvape intelektin\u0117 nuosavyb\u0117 ir yra apsaugoti autori\u0173 teis\u0117mis, preki\u0173 \u017eenklais bei kitomis tarptautin\u0117mis apsaugos priemon\u0117mis.<\/li>\n\n\n\n<li>Visos teis\u0117s, kurios n\u0117ra ai\u0161kiai suteiktos \u0161iame dokumente, lieka Elementvape nuosavybe.<\/li>\n<\/ul>\n\n\n\n<h3 class=\"wp-block-heading\">5. J\u016bs\u0173 naudotojo paskyra<\/h3>\n\n\n\n<p>Jei sukuriate paskyr\u0105 \u0161ioje svetain\u0117je, j\u016bs esate atsakingas u\u017e savo paskyros duomen\u0173 ir slapta\u017eod\u017eio konfidencialumo i\u0161laikym\u0105 bei prieigos prie j\u016bs\u0173 kompiuterio ribojim\u0105. J\u016bs sutinkate prisiimti atsakomyb\u0119 u\u017e visas veiklas, vykstan\u010dias j\u016bs\u0173 paskyroje ar naudojant j\u016bs\u0173 slapta\u017eod\u012f.<\/p>\n\n\n\n<h3 class=\"wp-block-heading\">6. Vartotojo \u012fra\u0161ai ir komunikacija<\/h3>\n\n\n\n<p>Bet kokios med\u017eiagos, informacijos, id\u0117j\u0173 ar kitokios komunikacijos, kuri\u0105 j\u016bs perduodate ar skelbiate \u0161ioje svetain\u0117je, n\u0117ra laikomos konfidencialiomis ar autori\u0173 teisi\u0173 saugomomis. Elementvape turi teis\u0119 neribotai naudoti \u0161\u012f turin\u012f bet kokiems komerciniams ar nekomerciniams tikslams.<\/p>\n\n\n\n<h3 class=\"wp-block-heading\">7. Garantijos, siuntimas ir gr\u0105\u017einimai<\/h3>\n\n\n\n<p>Daugiau informacijos apie m\u016bs\u0173 garantijos s\u0105lygas, siuntimo politik\u0105 ir gr\u0105\u017einimo procesus rasite m\u016bs\u0173 atskirame puslapyje <strong>\u201eGarantija, siuntimas ir gr\u0105\u017einimai\u201c<\/strong>. \u0160ios gair\u0117s yra \u0161i\u0173 naudojimo s\u0105lyg\u0173 dalis.<\/p>\n\n\n\n<h3 class=\"wp-block-heading\">8. Autori\u0173 teis\u0117s (Copyright)<\/h3>\n\n\n\n<p>Visa \u0161ios svetain\u0117s turinys (\u012fskaitant tekstus, grafikus, logotipus, vaizdus) priklauso Elementvape. Joks med\u017eiagos kopijavimas, reprodukavimas, naujas paskelbimas, \u012fk\u0117limas ar kita platinimas be ai\u0161kaus ra\u0161ytinio Elementvape leidimo n\u0117ra leid\u017eiamas.<\/p>\n\n\n\n<h3 class=\"wp-block-heading\">9. Atsakomyb\u0117s atsisakymas<\/h3>\n\n\n\n<p>\u0160i svetain\u0117 ir visi joje esantys informacija, turinys, med\u017eiaga ir produktai yra teikiami \u201ekaip yra\u201c (\u201eas is\u201c) ir \u201ekaip prieinama\u201c pagrindu. Elementvape neatsako u\u017e ai\u0161kias ar numanomas garantijas d\u0117l svetain\u0117s veikimo ar turimos informacijos teisingumo, kiek tai leid\u017eia \u012fstatymai.<\/p>\n\n\n\n<h3 class=\"wp-block-heading\">10. Taikytina teis\u0117 ir teism\u0173 jurisdikcija<\/h3>\n\n\n\n<p>\u0160i svetain\u0117 yra valdoma <strong>Lietuvoje<\/strong> ir visos gin\u010d\u0173, kilusi\u0173 d\u0117l svetain\u0117s naudojimo, sprend\u017eiamos pagal Lietuvos Respublikos \u012fstatymus, nepaisant bet koki\u0173 kolizini\u0173 teis\u0117s nuostat\u0173.<\/p>\n\n\n\n<h3 class=\"wp-block-heading\">11. Naudojimo s\u0105lyg\u0173 pakeitimai<\/h3>\n\n\n\n<p>Elementvape pasilieka teis\u0119 bet kada ir savo nuo\u017ei\u016bra atnaujinti ar keisti \u0161ias naudojimo s\u0105lygas. J\u016bs\u0173 pareiga yra reguliariai tikrinti \u0161\u012f puslap\u012f d\u0117l pakeitim\u0173. J\u016bs\u0173 tolesnis svetain\u0117s naudojimas po pakeitim\u0173 paskelbimo laikomas sutikimu su jais.<\/p>\n\n\n\n<h3 class=\"wp-block-heading\">12. Interpretacijos nuostata<\/h3>\n\n\n\n<p>Galutinis \u0161i\u0173 s\u0105lyg\u0173 ir svetain\u0117s turinio ai\u0161kinimo teis\u0117, kiek tai leid\u017eia \u012fstatymai, priklauso Elementvape.<\/p>","protected":false},"excerpt":{"rendered":"<p>Allgemeine Gesch\u00e4ftsbedingungen (AGB) &amp; Nutzungsbedingungen BITTE LESEN SIE DIESE NUTZUNGSBEDINGUNGEN SORGF\u00c4LTIG DURCH, BEVOR SIE DIESE WEBSITE NUTZEN. DURCH DEN ZUGRIFF AUF UND DIE NUTZUNG DIESER WEBSITE BEST\u00c4TIGEN SIE, DASS SIE DIESE BEDINGUNGEN GELESEN UND VERSTANDEN HABEN UND DIESEN ZUSTIMMEN. WENN SIE DIESEN BEDINGUNGEN NICHT ZUSTIMMEN, D\u00dcRFEN SIE DIE WEBSITE NICHT NUTZEN. 1. Zustimmung zu den [&hellip;]<\/p>","protected":false},"author":3,"featured_media":0,"parent":0,"menu_order":0,"comment_status":"closed","ping_status":"closed","template":"","meta":{"inline_featured_image":false,"footnotes":""},"yoast_head":"<!-- This site is optimized with the Yoast SEO plugin v23.3 - https:\/\/yoast.com\/wordpress\/plugins\/seo\/ -->\n<title>Gesch\u00e4ftsbedingungen<\/title>\n<meta name=\"description\" content=\"Unsere Nutzungsbedingungen regeln Altersanforderungen, Datenschutz, Rechte und Pflichten f\u00fcr eine sichere und rechtskonforme Nutzung unserer Website.\" \/>\n<meta name=\"robots\" content=\"index, follow, max-snippet:-1, max-image-preview:large, max-video-preview:-1\" \/>\n<link rel=\"canonical\" href=\"https:\/\/www.elementvape.de\/lt\/terms-conditions\/\" \/>\n<meta property=\"og:locale\" content=\"lt_LT\" \/>\n<meta property=\"og:type\" content=\"article\" \/>\n<meta property=\"og:title\" content=\"Gesch\u00e4ftsbedingungen\" \/>\n<meta property=\"og:description\" content=\"Unsere Nutzungsbedingungen regeln Altersanforderungen, Datenschutz, Rechte und Pflichten f\u00fcr eine sichere und rechtskonforme Nutzung unserer Website.\" \/>\n<meta property=\"og:url\" content=\"https:\/\/www.elementvape.de\/lt\/terms-conditions\/\" \/>\n<meta property=\"og:site_name\" content=\"ElementVape.de\" \/>\n<meta property=\"article:modified_time\" content=\"2025-12-11T07:00:30+00:00\" \/>\n<meta name=\"twitter:card\" content=\"summary_large_image\" \/>\n<meta name=\"twitter:label1\" content=\"Est. reading time\" \/>\n\t<meta name=\"twitter:data1\" content=\"4 minut\u0117s\" \/>\n<script type=\"application\/ld+json\" class=\"yoast-schema-graph\">{\"@context\":\"https:\/\/schema.org\",\"@graph\":[{\"@type\":\"WebPage\",\"@id\":\"https:\/\/www.elementvape.de\/terms-conditions\/\",\"url\":\"https:\/\/www.elementvape.de\/terms-conditions\/\",\"name\":\"Gesch\u00e4ftsbedingungen\",\"isPartOf\":{\"@id\":\"https:\/\/www.elementvape.de\/#website\"},\"datePublished\":\"2024-09-10T07:29:15+00:00\",\"dateModified\":\"2025-12-11T07:00:30+00:00\",\"description\":\"Unsere Nutzungsbedingungen regeln Altersanforderungen, Datenschutz, Rechte und Pflichten f\u00fcr eine sichere und rechtskonforme Nutzung unserer Website.\",\"breadcrumb\":{\"@id\":\"https:\/\/www.elementvape.de\/terms-conditions\/#breadcrumb\"},\"inLanguage\":\"lt-LT\",\"potentialAction\":[{\"@type\":\"ReadAction\",\"target\":[\"https:\/\/www.elementvape.de\/terms-conditions\/\"]}]},{\"@type\":\"BreadcrumbList\",\"@id\":\"https:\/\/www.elementvape.de\/terms-conditions\/#breadcrumb\",\"itemListElement\":[{\"@type\":\"ListItem\",\"position\":1,\"name\":\"Home\",\"item\":\"https:\/\/www.elementvape.de\/\"},{\"@type\":\"ListItem\",\"position\":2,\"name\":\"Gesch\u00e4ftsbedingungen\"}]},{\"@type\":\"WebSite\",\"@id\":\"https:\/\/www.elementvape.de\/#website\",\"url\":\"https:\/\/www.elementvape.de\/\",\"name\":\"ElementVape.de\",\"description\":\"\",\"publisher\":{\"@id\":\"https:\/\/www.elementvape.de\/#organization\"},\"potentialAction\":[{\"@type\":\"SearchAction\",\"target\":{\"@type\":\"EntryPoint\",\"urlTemplate\":\"https:\/\/www.elementvape.de\/?s={search_term_string}\"},\"query-input\":\"required name=search_term_string\"}],\"inLanguage\":\"lt-LT\"},{\"@type\":\"Organization\",\"@id\":\"https:\/\/www.elementvape.de\/#organization\",\"name\":\"ElementVape.DE\",\"url\":\"https:\/\/www.elementvape.de\/\",\"logo\":{\"@type\":\"ImageObject\",\"inLanguage\":\"lt-LT\",\"@id\":\"https:\/\/www.elementvape.de\/#\/schema\/logo\/image\/\",\"url\":\"https:\/\/www.elementvape.de\/wp-content\/uploads\/2024\/09\/cropped-1elementvape-3.png\",\"contentUrl\":\"https:\/\/www.elementvape.de\/wp-content\/uploads\/2024\/09\/cropped-1elementvape-3.png\",\"width\":285,\"height\":228,\"caption\":\"ElementVape.DE\"},\"image\":{\"@id\":\"https:\/\/www.elementvape.de\/#\/schema\/logo\/image\/\"}}]}<\/script>\n<!-- \/ Yoast SEO plugin. -->","yoast_head_json":{"title":"Gesch\u00e4ftsbedingungen","description":"Unsere Nutzungsbedingungen regeln Altersanforderungen, Datenschutz, Rechte und Pflichten f\u00fcr eine sichere und rechtskonforme Nutzung unserer Website.","robots":{"index":"index","follow":"follow","max-snippet":"max-snippet:-1","max-image-preview":"max-image-preview:large","max-video-preview":"max-video-preview:-1"},"canonical":"https:\/\/www.elementvape.de\/lt\/terms-conditions\/","og_locale":"lt_LT","og_type":"article","og_title":"Gesch\u00e4ftsbedingungen","og_description":"Unsere Nutzungsbedingungen regeln Altersanforderungen, Datenschutz, Rechte und Pflichten f\u00fcr eine sichere und rechtskonforme Nutzung unserer Website.","og_url":"https:\/\/www.elementvape.de\/lt\/terms-conditions\/","og_site_name":"ElementVape.de","article_modified_time":"2025-12-11T07:00:30+00:00","twitter_card":"summary_large_image","twitter_misc":{"Est. reading time":"4 minut\u0117s"},"schema":{"@context":"https:\/\/schema.org","@graph":[{"@type":"WebPage","@id":"https:\/\/www.elementvape.de\/terms-conditions\/","url":"https:\/\/www.elementvape.de\/terms-conditions\/","name":"Gesch\u00e4ftsbedingungen","isPartOf":{"@id":"https:\/\/www.elementvape.de\/#website"},"datePublished":"2024-09-10T07:29:15+00:00","dateModified":"2025-12-11T07:00:30+00:00","description":"Unsere Nutzungsbedingungen regeln Altersanforderungen, Datenschutz, Rechte und Pflichten f\u00fcr eine sichere und rechtskonforme Nutzung unserer Website.","breadcrumb":{"@id":"https:\/\/www.elementvape.de\/terms-conditions\/#breadcrumb"},"inLanguage":"lt-LT","potentialAction":[{"@type":"ReadAction","target":["https:\/\/www.elementvape.de\/terms-conditions\/"]}]},{"@type":"BreadcrumbList","@id":"https:\/\/www.elementvape.de\/terms-conditions\/#breadcrumb","itemListElement":[{"@type":"ListItem","position":1,"name":"Home","item":"https:\/\/www.elementvape.de\/"},{"@type":"ListItem","position":2,"name":"Gesch\u00e4ftsbedingungen"}]},{"@type":"WebSite","@id":"https:\/\/www.elementvape.de\/#website","url":"https:\/\/www.elementvape.de\/","name":"ElementVape.de","description":"","publisher":{"@id":"https:\/\/www.elementvape.de\/#organization"},"potentialAction":[{"@type":"SearchAction","target":{"@type":"EntryPoint","urlTemplate":"https:\/\/www.elementvape.de\/?s={search_term_string}"},"query-input":"required name=search_term_string"}],"inLanguage":"lt-LT"},{"@type":"Organization","@id":"https:\/\/www.elementvape.de\/#organization","name":"ElementVape.DE","url":"https:\/\/www.elementvape.de\/","logo":{"@type":"ImageObject","inLanguage":"lt-LT","@id":"https:\/\/www.elementvape.de\/#\/schema\/logo\/image\/","url":"https:\/\/www.elementvape.de\/wp-content\/uploads\/2024\/09\/cropped-1elementvape-3.png","contentUrl":"https:\/\/www.elementvape.de\/wp-content\/uploads\/2024\/09\/cropped-1elementvape-3.png","width":285,"height":228,"caption":"ElementVape.DE"},"image":{"@id":"https:\/\/www.elementvape.de\/#\/schema\/logo\/image\/"}}]}},"_links":{"self":[{"href":"https:\/\/www.elementvape.de\/lt\/wp-json\/wp\/v2\/pages\/14259"}],"collection":[{"href":"https:\/\/www.elementvape.de\/lt\/wp-json\/wp\/v2\/pages"}],"about":[{"href":"https:\/\/www.elementvape.de\/lt\/wp-json\/wp\/v2\/types\/page"}],"author":[{"embeddable":true,"href":"https:\/\/www.elementvape.de\/lt\/wp-json\/wp\/v2\/users\/3"}],"replies":[{"embeddable":true,"href":"https:\/\/www.elementvape.de\/lt\/wp-json\/wp\/v2\/comments?post=14259"}],"version-history":[{"count":5,"href":"https:\/\/www.elementvape.de\/lt\/wp-json\/wp\/v2\/pages\/14259\/revisions"}],"predecessor-version":[{"id":16683,"href":"https:\/\/www.elementvape.de\/lt\/wp-json\/wp\/v2\/pages\/14259\/revisions\/16683"}],"wp:attachment":[{"href":"https:\/\/www.elementvape.de\/lt\/wp-json\/wp\/v2\/media?parent=14259"}],"curies":[{"name":"wp","href":"https:\/\/api.w.org\/{rel}","templated":true}]}}