{"id":8814,"date":"2024-04-20T08:23:25","date_gmt":"2024-04-20T08:23:25","guid":{"rendered":"https:\/\/www.elementvape.de\/?post_type=product&#038;p=8814"},"modified":"2024-09-12T10:31:51","modified_gmt":"2024-09-12T10:31:51","slug":"vapor-storm-ares-pod-system-vape-12w-nachfuell-starterkit","status":"publish","type":"product","link":"https:\/\/www.elementvape.de\/it\/produkt\/vapor-storm-ares-pod-system-vape-12w-nachfuell-starterkit\/","title":{"rendered":"Vapor Storm Ares Sistema Pod Vape 12W Kit di avviamento ricaricabile"},"content":{"rendered":"<p>&nbsp;<\/p>\n<div class=\"product-specs-list-container\">\n<ul class=\"product-specs-list util-clearfix\">\n<li class=\"product-prop line-limit-length\"><span class=\"property-title\">Aspetto:\u00a0<\/span><span class=\"property-desc line-limit-length\">Forma cilindrica<\/span><\/li>\n<li class=\"product-prop line-limit-length\"><span class=\"property-title\">Batteria compatibile:\u00a0<\/span><span class=\"property-desc line-limit-length\">Nessuno<\/span><\/li>\n<li class=\"product-prop line-limit-length\"><span class=\"property-title\">Funzione di monitoraggio del numero di fumate:\u00a0<\/span><span class=\"property-desc line-limit-length\">No<\/span><\/li>\n<li class=\"product-prop line-limit-length\"><span class=\"property-title\">Custodia in silicone:\u00a0<\/span><span class=\"property-desc line-limit-length\">No<\/span><\/li>\n<li class=\"product-prop line-limit-length\"><span class=\"property-title\">Regolazione della temperatura:\u00a0<\/span><span class=\"property-desc line-limit-length\">No<\/span><\/li>\n<li class=\"product-prop line-limit-length\"><span class=\"property-title\">Batteria integrata o esterna:\u00a0<\/span><span class=\"property-desc line-limit-length\">Integrata<\/span><\/li>\n<li class=\"product-prop line-limit-length\"><span class=\"property-title\">Funzione di protezione da cortocircuito:\u00a0<\/span><span class=\"property-desc line-limit-length\">Ja<\/span><\/li>\n<li class=\"product-prop line-limit-length\"><span class=\"property-title\">Funzione di protezione da surriscaldamento:\u00a0<\/span><span class=\"property-desc line-limit-length\">Ja<\/span><\/li>\n<li class=\"product-prop line-limit-length\"><span class=\"property-title\">Funzione di allarme a bassa tensione:\u00a0<\/span><span class=\"property-desc line-limit-length\">Ja<\/span><\/li>\n<li class=\"product-prop line-limit-length\"><span class=\"property-title\">Funzione di identificazione dello spruzzatore:\u00a0<\/span><span class=\"property-desc line-limit-length\">No<\/span><\/li>\n<li class=\"product-prop line-limit-length\"><span class=\"property-title\">Modalit\u00e0 di impostazione TCR:\u00a0<\/span><span class=\"property-desc line-limit-length\">No<\/span><\/li>\n<li class=\"product-prop line-limit-length\"><span class=\"property-title\">Capacit\u00e0 nominale:\u00a0<\/span><span class=\"property-desc line-limit-length\">Batteria compatibile: Nessuna<\/span><\/li>\n<li class=\"product-prop line-limit-length\"><span class=\"property-title\">Materiale:\u00a0<\/span><span class=\"property-desc line-limit-length\">Metallo<\/span><\/li>\n<li class=\"product-prop line-limit-length\"><span class=\"property-title\">Modello compatibile:\u00a0<\/span><span class=\"property-desc line-limit-length\">Cartuccia Pod Ares<\/span><\/li>\n<li class=\"product-prop line-limit-length\"><span class=\"property-title\">Numero di modello:\u00a0<\/span><span class=\"property-desc line-limit-length\">Vape Pod Ares<\/span><\/li>\n<li class=\"product-prop line-limit-length\"><span class=\"property-title\">Caricatore USB:\u00a0<\/span><span class=\"property-desc line-limit-length\">Ja<\/span><\/li>\n<li class=\"product-prop line-limit-length\"><span class=\"property-title\">Aggiornamento del firmware:\u00a0<\/span><span class=\"property-desc line-limit-length\">No<\/span><\/li>\n<li class=\"product-prop line-limit-length\"><span class=\"property-title\">Display:\u00a0<\/span><span class=\"property-desc line-limit-length\">No<\/span><\/li>\n<li class=\"product-prop line-limit-length\"><span class=\"property-title\">Tipo:\u00a0<\/span><span class=\"property-desc line-limit-length\">Con Batteria<\/span><\/li>\n<li class=\"product-prop line-limit-length\"><span class=\"property-title\">Nome del marchio:\u00a0<\/span><span class=\"property-desc line-limit-length\">vapor storm<\/span><\/li>\n<li class=\"product-prop line-limit-length\"><span class=\"property-title\">Origine:\u00a0<\/span><span class=\"property-desc line-limit-length\">CN (Origine)<\/span><\/li>\n<li class=\"product-prop line-limit-length\"><span class=\"property-title\">Colore:\u00a0<\/span><span class=\"property-desc line-limit-length\">Nero,Rosso,Blu,Dorato,Grigio<\/span><\/li>\n<li class=\"product-prop line-limit-length\"><span class=\"property-title\">Capacit\u00e0 della cartuccia:\u00a0<\/span><span class=\"property-desc line-limit-length\">1,6ml<\/span><\/li>\n<li class=\"product-prop line-limit-length\"><span class=\"property-title\">Capacit\u00e0 della batteria:\u00a0<\/span><span class=\"property-desc line-limit-length\">560mAh<\/span><\/li>\n<li class=\"product-prop line-limit-length\"><span class=\"property-title\">Potenza massima:\u00a0<\/span><span class=\"property-desc line-limit-length\">12W<\/span><\/li>\n<li class=\"product-prop line-limit-length\"><span class=\"property-title\">Dimensione del pod:\u00a0<\/span><span class=\"property-desc line-limit-length\">92x16mm (lunghezza x diametro)<\/span><\/li>\n<li class=\"product-prop line-limit-length\"><span class=\"property-title\">Peso netto:\u00a0<\/span><span class=\"property-desc line-limit-length\">25g<\/span><\/li>\n<li class=\"product-prop line-limit-length\"><span class=\"property-title\">Resistenza della bobina:\u00a0<\/span><span class=\"property-desc line-limit-length\">1,2 ohm<\/span><\/li>\n<li class=\"product-prop line-limit-length\"><span class=\"property-title\">Tempo di ricarica:\u00a0<\/span><span class=\"property-desc line-limit-length\">60-80 minuti<\/span><\/li>\n<li class=\"product-prop line-limit-length\"><span class=\"property-title\">Connessione Pod:\u00a0<\/span><span class=\"property-desc line-limit-length\">Attrazione magnetica<\/span><\/li>\n<\/ul>\n<\/div>\n<div class=\"detailmodule_html\">\n<div class=\"detail-desc-decorate-richtext\">\n<div class=\"detailmodule_text-image\">\n<p id=\"tl_1\" class=\"detail-desc-decorate-title\" style=\"font-family: OpenSans; font-size: 20px; font-weight: 900; line-height: 28px; margin-bottom: 12px;\">Compra pi\u00f9 cartucce ares pod<\/p>\n<div><a class=\"\" href=\"https:\/\/www.aliexpress.com\/item\/4000271191663.html\" target=\"_self\" rel=\"noopener\"><img decoding=\"async\" loading=\"lazy\" class=\"detail-desc-decorate-image\" style=\"margin-bottom: 10px;\" src=\"https:\/\/ae01.alicdn.com\/kf\/Hb1e74d825930418fa0acb47e47e111caQ.jpg\" \/><\/a><\/div>\n<\/div>\n<div class=\"detailmodule_text\">\n<p id=\"tl_2\" class=\"detail-desc-decorate-content\" style=\"font-family: OpenSans; font-size: 14px; font-weight: 300; line-height: 20px; margin-bottom: 12px;\">Il nuovo vaporizzatore \u00e8 una penna Pod Vape da 12W, sigaretta elettronica da 560mAh, cartuccia Mesh Coil da 1,6 ml, sistema a pod ricaricabile, kit di avviamento<\/p>\n<\/div>\n<div class=\"detailmodule_text\">\n<p id=\"tl_3\" class=\"detail-desc-decorate-title\" style=\"font-family: OpenSans; font-size: 20px; font-weight: 900; line-height: 28px; margin-bottom: 12px;\">Specifiche Ares:<\/p>\n<p id=\"tl_4\" class=\"detail-desc-decorate-content\" style=\"font-family: OpenSans; font-size: 14px; font-weight: 300; line-height: 20px; margin-bottom: 12px;\">Materiale: lega di alluminio + pctg<br \/>\nCapacit\u00e0 della cartuccia: 1,6 ml<br \/>\nCapacit\u00e0 della batteria: 560mah<br \/>\nTempo di ricarica: 60-80 minuti<br \/>\nResistenza della coil: 1,2 Ohm<br \/>\nTipo di coil: coil a rete<br \/>\nIntervallo di tensione: 3,2 V-4,0 V<br \/>\nPotenza massima in watt: 12w<br \/>\nDimensione: 92x16mm<br \/>\nPeso netto: 25g<br \/>\nConnessione: Attrazione magnetica<\/p>\n<\/div>\n<div class=\"detailmodule_text\">\n<p id=\"tl_5\" class=\"detail-desc-decorate-title\" style=\"font-family: OpenSans; font-size: 20px; font-weight: 900; line-height: 28px; margin-bottom: 12px;\">Pacchetto kit Ares:<\/p>\n<p id=\"tl_6\" class=\"detail-desc-decorate-content\" style=\"font-family: OpenSans; font-size: 14px; font-weight: 300; line-height: 20px; margin-bottom: 12px;\">1 * batteria sistema pod Ares<br \/>\n2 * cartucce pod Ares<br \/>\n1 * cavo di ricarica<br \/>\n1 * manuale utente<br \/>\n1 * cordino<\/p>\n<\/div>\n<div class=\"detailmodule_text-image\"><img decoding=\"async\" loading=\"lazy\" class=\"detail-desc-decorate-image\" src=\"https:\/\/ae01.alicdn.com\/kf\/H7fdcbef377464b6392a6f94a5da5e6d9E.jpg\" \/><br \/>\n<img decoding=\"async\" loading=\"lazy\" class=\"detail-desc-decorate-image\" src=\"https:\/\/ae01.alicdn.com\/kf\/H2d9a91e3a3e44387af7439a69b335747G.jpg\" \/><br \/>\n<img decoding=\"async\" loading=\"lazy\" class=\"detail-desc-decorate-image\" src=\"https:\/\/ae01.alicdn.com\/kf\/Hc5cc14f480e446b2bcb9407337afd3fbq.jpg\" \/><br \/>\n<img decoding=\"async\" loading=\"lazy\" class=\"detail-desc-decorate-image\" src=\"https:\/\/ae01.alicdn.com\/kf\/H871f69e7904d460eb5d7eee604bd0c4fg.jpg\" \/><br \/>\n<img decoding=\"async\" loading=\"lazy\" class=\"detail-desc-decorate-image\" src=\"https:\/\/ae01.alicdn.com\/kf\/Hcaa08b34e9f342ec8177fa40d56b01b4L.jpg\" \/><br \/>\n<img decoding=\"async\" loading=\"lazy\" class=\"detail-desc-decorate-image\" src=\"https:\/\/ae01.alicdn.com\/kf\/Hdee358b289b94a41a2ed8e6e1f407e67h.jpg\" \/><br \/>\n<img decoding=\"async\" loading=\"lazy\" class=\"detail-desc-decorate-image\" src=\"https:\/\/ae01.alicdn.com\/kf\/H66edfe77ab214f4c837055dc99de0cb8R.jpg\" \/><br \/>\n<img decoding=\"async\" loading=\"lazy\" class=\"detail-desc-decorate-image\" src=\"https:\/\/ae01.alicdn.com\/kf\/Hb9f0dd5c287d40cdb5c466f26618963ad.jpg\" \/><br \/>\n<img decoding=\"async\" loading=\"lazy\" class=\"detail-desc-decorate-image\" src=\"https:\/\/ae01.alicdn.com\/kf\/Ha44259ac64bf4d46a1dbba3ac48014ebe.jpg\" \/><br \/>\n<img decoding=\"async\" loading=\"lazy\" class=\"detail-desc-decorate-image\" src=\"https:\/\/ae01.alicdn.com\/kf\/Hf9bc8b10477442e1a6301b7f764bcbaaL.jpg\" \/><br \/>\n<img decoding=\"async\" loading=\"lazy\" class=\"detail-desc-decorate-image\" src=\"https:\/\/ae01.alicdn.com\/kf\/H68f50602e5ac498dac765b8c1edb6389v.jpg\" \/><\/div>\n<div class=\"detailmodule_text-image\"><\/div>\n<div class=\"detailmodule_text\">\n<p id=\"tl_7\" class=\"detail-desc-decorate-title\" style=\"font-family: OpenSans; font-size: 20px; font-weight: 900; line-height: 28px; margin-bottom: 12px;\">Come riempire il liquido elettronico:<\/p>\n<p id=\"tl_8\" class=\"detail-desc-decorate-content\" style=\"font-family: OpenSans; font-size: 14px; font-weight: 300; line-height: 20px; margin-bottom: 12px;\">1. Rimuovi la cartuccia pod.<br \/>\n2. Rimuovi la guarnizione di gomma della cartuccia dal lato,<br \/>\n3. Riempi il foro con liquido e assicurati che la cartuccia non venga sovraccaricata.<br \/>\n4. Chiudi la guarnizione di gomma<br \/>\n5. Reinstallare la cartuccia della pod sulla batteria.<\/p>\n<\/div>\n<div class=\"detailmodule_text\">\n<p id=\"tl_9\" class=\"detail-desc-decorate-title\" style=\"font-family: OpenSans; font-size: 20px; font-weight: 900; line-height: 28px; margin-bottom: 12px;\">Caratteristiche di protezione:<\/p>\n<p id=\"tl_10\" class=\"detail-desc-decorate-content\" style=\"font-family: OpenSans; font-size: 14px; font-weight: 300; line-height: 20px; margin-bottom: 12px;\">1. Protezione da sovraccarico: ogni inspirazione pu\u00f2 durare al massimo 6 secondi. Se supera i 6 secondi, il dispositivo smette di funzionare e il LED lampeggia 8 volte.<\/p>\n<p>2. Protezione da cortocircuito: se il dispositivo \u00e8 cortocircuitato, smette di funzionare e il LED rosso lampeggia 3 volte.<\/p>\n<p>3. Protezione da scarica eccessiva: se la tensione della batteria \u00e8 inferiore a 3,2 V, il dispositivo si spegne e il LED rosso lampeggia 10 volte.<\/p>\n<p>4. Allarme di bassa potenza: quando il dispositivo ha poca potenza, smette di funzionare e il LED rosso lampeggia 10 volte.<\/p>\n<\/div>\n<p>&nbsp;<\/p>\n<\/div>\n<\/div>","protected":false},"excerpt":{"rendered":"<p>&nbsp; Aussehen:\u00a0Zylindrische Form Kompatibler Akku:\u00a0Kein \u00dcberwachung Funktion Von Rauchen Anzahl:\u00a0Nein Silikon Fall:\u00a0Nein Temperaturregelung:\u00a0Nein Eingebaute Oder Externe Batterie:\u00a0Eingebaute Kurzschlussschutz Funktion:\u00a0Ja \u00dcberhitzungsschutz-funktion:\u00a0Ja Niederspannungsalarmfunktion:\u00a0Ja Zerst\u00e4uber Identifikation Funktion:\u00a0Nein TCR Einstellung Modi:\u00a0Nein Nominale Kapazit\u00e4t:\u00a0&lt;700 mAh Material:\u00a0Metall Compatible Model:\u00a0Ares Pod Cartridge Modellnummer:\u00a0Ares Pod Vape Usb-ladeger\u00e4t:\u00a0Ja Firmware-upgrade:\u00a0Nein Display:\u00a0Nein Art:\u00a0Mit Batterie Markenname:\u00a0vapor storm Ursprung:\u00a0CN (Herkunft) Color:\u00a0Black,Red,Blue,Golden,Grey Cartridge Capacity:\u00a01.6ml Battery Capacity:\u00a0560mah Maximum Wattage:\u00a012W Pod [&hellip;]<\/p>","protected":false},"featured_media":8815,"template":"","meta":{"inline_featured_image":false},"product_cat":[15,78,750,737,736,749,76,81],"product_tag":[],"tiered_pricing_type":"fixed","tiered_pricing_fixed_rules":[],"tiered_pricing_percentage_rules":[],"tiered_pricing_minimum":1,"_administrator_tiered_pricing_type":"fixed","_administrator_tiered_pricing_fixed_rules":[],"_editor_tiered_pricing_type":"fixed","_editor_tiered_pricing_fixed_rules":[],"_author_tiered_pricing_type":"fixed","_author_tiered_pricing_fixed_rules":[],"_contributor_tiered_pricing_type":"fixed","_contributor_tiered_pricing_fixed_rules":[],"_subscriber_tiered_pricing_type":"fixed","_subscriber_tiered_pricing_fixed_rules":[],"_customer_tiered_pricing_type":"fixed","_customer_tiered_pricing_fixed_rules":[],"_shop_manager_tiered_pricing_type":"fixed","_shop_manager_tiered_pricing_fixed_rules":[],"_wpseo_manager_tiered_pricing_type":"fixed","_wpseo_manager_tiered_pricing_fixed_rules":[],"_wpseo_editor_tiered_pricing_type":"fixed","_wpseo_editor_tiered_pricing_fixed_rules":[],"_wholesale_customer_tiered_pricing_type":"fixed","_wholesale_customer_tiered_pricing_fixed_rules":[],"_marketer_tiered_pricing_type":"fixed","_marketer_tiered_pricing_fixed_rules":[],"_sales_manager_tiered_pricing_type":"fixed","_sales_manager_tiered_pricing_fixed_rules":[],"_sales_rep_tiered_pricing_type":"fixed","_sales_rep_tiered_pricing_fixed_rules":[],"yoast_head":"<!-- This site is optimized with the Yoast SEO plugin v23.3 - https:\/\/yoast.com\/wordpress\/plugins\/seo\/ -->\n<title>Vapor Storm Ares Pod System Vape 12W Nachf\u00fcll-Starterkit | ElementVape.de<\/title>\n<meta name=\"description\" content=\"Wir bieten Vapor Storm Ares Pod System Vape 12W Nachf\u00fcll-Starterkit , Elementvape.de akzeptieren Gro\u00df-und Einzelhandel Bestellungen.\" \/>\n<meta name=\"robots\" content=\"index, follow, max-snippet:-1, max-image-preview:large, max-video-preview:-1\" \/>\n<link rel=\"canonical\" href=\"https:\/\/www.elementvape.de\/it\/produkt\/vapor-storm-ares-pod-system-vape-12w-nachfuell-starterkit\/\" \/>\n<meta property=\"og:locale\" content=\"it_IT\" \/>\n<meta property=\"og:type\" content=\"article\" \/>\n<meta property=\"og:title\" content=\"Vapor Storm Ares Pod System Vape 12W Nachf\u00fcll-Starterkit | ElementVape.de\" \/>\n<meta property=\"og:description\" content=\"Wir bieten Vapor Storm Ares Pod System Vape 12W Nachf\u00fcll-Starterkit , Elementvape.de akzeptieren Gro\u00df-und Einzelhandel Bestellungen.\" \/>\n<meta property=\"og:url\" content=\"https:\/\/www.elementvape.de\/it\/produkt\/vapor-storm-ares-pod-system-vape-12w-nachfuell-starterkit\/\" \/>\n<meta property=\"og:site_name\" content=\"ElementVape.de\" \/>\n<meta property=\"article:modified_time\" content=\"2024-09-12T10:31:51+00:00\" \/>\n<meta property=\"og:image\" content=\"https:\/\/ae01.alicdn.com\/kf\/H815b47451dc14ee79331ee3fc07e169ax\/Neue-Dampf-Storm-Ares-Pod-System-Vape-12W-Elektronische-Zigarette-560mah-1-6-ml-Mesh-Spule.jpg\" \/>\n\t<meta property=\"og:image:width\" content=\"800\" \/>\n\t<meta property=\"og:image:height\" content=\"800\" \/>\n\t<meta property=\"og:image:type\" content=\"image\/jpeg\" \/>\n<meta name=\"twitter:card\" content=\"summary_large_image\" \/>\n<meta name=\"twitter:label1\" content=\"Est. reading time\" \/>\n\t<meta name=\"twitter:data1\" content=\"5 minuti\" \/>\n<script type=\"application\/ld+json\" class=\"yoast-schema-graph\">{\"@context\":\"https:\/\/schema.org\",\"@graph\":[{\"@type\":\"WebPage\",\"@id\":\"https:\/\/www.elementvape.de\/et\/produkt\/vapor-storm-ares-pod-system-vape-12w-nachfuell-starterkit\/\",\"url\":\"https:\/\/www.elementvape.de\/et\/produkt\/vapor-storm-ares-pod-system-vape-12w-nachfuell-starterkit\/\",\"name\":\"Vapor Storm Ares Pod System Vape 12W Nachf\u00fcll-Starterkit | ElementVape.de\",\"isPartOf\":{\"@id\":\"https:\/\/www.elementvape.de\/#website\"},\"primaryImageOfPage\":{\"@id\":\"https:\/\/www.elementvape.de\/et\/produkt\/vapor-storm-ares-pod-system-vape-12w-nachfuell-starterkit\/#primaryimage\"},\"image\":{\"@id\":\"https:\/\/www.elementvape.de\/et\/produkt\/vapor-storm-ares-pod-system-vape-12w-nachfuell-starterkit\/#primaryimage\"},\"thumbnailUrl\":\"https:\/\/ae01.alicdn.com\/kf\/H815b47451dc14ee79331ee3fc07e169ax\/Neue-Dampf-Storm-Ares-Pod-System-Vape-12W-Elektronische-Zigarette-560mah-1-6-ml-Mesh-Spule.jpg\",\"datePublished\":\"2024-04-20T08:23:25+00:00\",\"dateModified\":\"2024-09-12T10:31:51+00:00\",\"description\":\"Wir bieten Vapor Storm Ares Pod System Vape 12W Nachf\u00fcll-Starterkit , Elementvape.de akzeptieren Gro\u00df-und Einzelhandel Bestellungen.\",\"breadcrumb\":{\"@id\":\"https:\/\/www.elementvape.de\/et\/produkt\/vapor-storm-ares-pod-system-vape-12w-nachfuell-starterkit\/#breadcrumb\"},\"inLanguage\":\"it-IT\",\"potentialAction\":[{\"@type\":\"ReadAction\",\"target\":[\"https:\/\/www.elementvape.de\/et\/produkt\/vapor-storm-ares-pod-system-vape-12w-nachfuell-starterkit\/\"]}]},{\"@type\":\"ImageObject\",\"inLanguage\":\"it-IT\",\"@id\":\"https:\/\/www.elementvape.de\/et\/produkt\/vapor-storm-ares-pod-system-vape-12w-nachfuell-starterkit\/#primaryimage\",\"url\":\"https:\/\/ae01.alicdn.com\/kf\/H815b47451dc14ee79331ee3fc07e169ax\/Neue-Dampf-Storm-Ares-Pod-System-Vape-12W-Elektronische-Zigarette-560mah-1-6-ml-Mesh-Spule.jpg\",\"contentUrl\":\"https:\/\/ae01.alicdn.com\/kf\/H815b47451dc14ee79331ee3fc07e169ax\/Neue-Dampf-Storm-Ares-Pod-System-Vape-12W-Elektronische-Zigarette-560mah-1-6-ml-Mesh-Spule.jpg\",\"width\":800,\"height\":800},{\"@type\":\"BreadcrumbList\",\"@id\":\"https:\/\/www.elementvape.de\/et\/produkt\/vapor-storm-ares-pod-system-vape-12w-nachfuell-starterkit\/#breadcrumb\",\"itemListElement\":[{\"@type\":\"ListItem\",\"position\":1,\"name\":\"Home\",\"item\":\"https:\/\/www.elementvape.de\/\"},{\"@type\":\"ListItem\",\"position\":2,\"name\":\"Shop\",\"item\":\"https:\/\/www.elementvape.de\/shop\/\"},{\"@type\":\"ListItem\",\"position\":3,\"name\":\"Vapor Storm Ares Pod System Vape 12W Nachf\u00fcll-Starterkit\"}]},{\"@type\":\"WebSite\",\"@id\":\"https:\/\/www.elementvape.de\/#website\",\"url\":\"https:\/\/www.elementvape.de\/\",\"name\":\"ElementVape.de\",\"description\":\"\",\"publisher\":{\"@id\":\"https:\/\/www.elementvape.de\/#organization\"},\"potentialAction\":[{\"@type\":\"SearchAction\",\"target\":{\"@type\":\"EntryPoint\",\"urlTemplate\":\"https:\/\/www.elementvape.de\/?s={search_term_string}\"},\"query-input\":\"required name=search_term_string\"}],\"inLanguage\":\"it-IT\"},{\"@type\":\"Organization\",\"@id\":\"https:\/\/www.elementvape.de\/#organization\",\"name\":\"ElementVape.DE\",\"url\":\"https:\/\/www.elementvape.de\/\",\"logo\":{\"@type\":\"ImageObject\",\"inLanguage\":\"it-IT\",\"@id\":\"https:\/\/www.elementvape.de\/#\/schema\/logo\/image\/\",\"url\":\"https:\/\/www.elementvape.de\/wp-content\/uploads\/2024\/09\/cropped-1elementvape-3.png\",\"contentUrl\":\"https:\/\/www.elementvape.de\/wp-content\/uploads\/2024\/09\/cropped-1elementvape-3.png\",\"width\":285,\"height\":228,\"caption\":\"ElementVape.DE\"},\"image\":{\"@id\":\"https:\/\/www.elementvape.de\/#\/schema\/logo\/image\/\"}}]}<\/script>\n<!-- \/ Yoast SEO plugin. -->","yoast_head_json":{"title":"Vapor Storm Ares Pod System Vape 12W Nachf\u00fcll-Starterkit | ElementVape.de","description":"Wir bieten Vapor Storm Ares Pod System Vape 12W Nachf\u00fcll-Starterkit , Elementvape.de akzeptieren Gro\u00df-und Einzelhandel Bestellungen.","robots":{"index":"index","follow":"follow","max-snippet":"max-snippet:-1","max-image-preview":"max-image-preview:large","max-video-preview":"max-video-preview:-1"},"canonical":"https:\/\/www.elementvape.de\/it\/produkt\/vapor-storm-ares-pod-system-vape-12w-nachfuell-starterkit\/","og_locale":"it_IT","og_type":"article","og_title":"Vapor Storm Ares Pod System Vape 12W Nachf\u00fcll-Starterkit | ElementVape.de","og_description":"Wir bieten Vapor Storm Ares Pod System Vape 12W Nachf\u00fcll-Starterkit , Elementvape.de akzeptieren Gro\u00df-und Einzelhandel Bestellungen.","og_url":"https:\/\/www.elementvape.de\/it\/produkt\/vapor-storm-ares-pod-system-vape-12w-nachfuell-starterkit\/","og_site_name":"ElementVape.de","article_modified_time":"2024-09-12T10:31:51+00:00","og_image":[{"width":800,"height":800,"url":"https:\/\/ae01.alicdn.com\/kf\/H815b47451dc14ee79331ee3fc07e169ax\/Neue-Dampf-Storm-Ares-Pod-System-Vape-12W-Elektronische-Zigarette-560mah-1-6-ml-Mesh-Spule.jpg","type":"image\/jpeg"}],"twitter_card":"summary_large_image","twitter_misc":{"Est. reading time":"5 minuti"},"schema":{"@context":"https:\/\/schema.org","@graph":[{"@type":"WebPage","@id":"https:\/\/www.elementvape.de\/et\/produkt\/vapor-storm-ares-pod-system-vape-12w-nachfuell-starterkit\/","url":"https:\/\/www.elementvape.de\/et\/produkt\/vapor-storm-ares-pod-system-vape-12w-nachfuell-starterkit\/","name":"Vapor Storm Ares Pod System Vape 12W Nachf\u00fcll-Starterkit | ElementVape.de","isPartOf":{"@id":"https:\/\/www.elementvape.de\/#website"},"primaryImageOfPage":{"@id":"https:\/\/www.elementvape.de\/et\/produkt\/vapor-storm-ares-pod-system-vape-12w-nachfuell-starterkit\/#primaryimage"},"image":{"@id":"https:\/\/www.elementvape.de\/et\/produkt\/vapor-storm-ares-pod-system-vape-12w-nachfuell-starterkit\/#primaryimage"},"thumbnailUrl":"https:\/\/ae01.alicdn.com\/kf\/H815b47451dc14ee79331ee3fc07e169ax\/Neue-Dampf-Storm-Ares-Pod-System-Vape-12W-Elektronische-Zigarette-560mah-1-6-ml-Mesh-Spule.jpg","datePublished":"2024-04-20T08:23:25+00:00","dateModified":"2024-09-12T10:31:51+00:00","description":"Wir bieten Vapor Storm Ares Pod System Vape 12W Nachf\u00fcll-Starterkit , Elementvape.de akzeptieren Gro\u00df-und Einzelhandel Bestellungen.","breadcrumb":{"@id":"https:\/\/www.elementvape.de\/et\/produkt\/vapor-storm-ares-pod-system-vape-12w-nachfuell-starterkit\/#breadcrumb"},"inLanguage":"it-IT","potentialAction":[{"@type":"ReadAction","target":["https:\/\/www.elementvape.de\/et\/produkt\/vapor-storm-ares-pod-system-vape-12w-nachfuell-starterkit\/"]}]},{"@type":"ImageObject","inLanguage":"it-IT","@id":"https:\/\/www.elementvape.de\/et\/produkt\/vapor-storm-ares-pod-system-vape-12w-nachfuell-starterkit\/#primaryimage","url":"https:\/\/ae01.alicdn.com\/kf\/H815b47451dc14ee79331ee3fc07e169ax\/Neue-Dampf-Storm-Ares-Pod-System-Vape-12W-Elektronische-Zigarette-560mah-1-6-ml-Mesh-Spule.jpg","contentUrl":"https:\/\/ae01.alicdn.com\/kf\/H815b47451dc14ee79331ee3fc07e169ax\/Neue-Dampf-Storm-Ares-Pod-System-Vape-12W-Elektronische-Zigarette-560mah-1-6-ml-Mesh-Spule.jpg","width":800,"height":800},{"@type":"BreadcrumbList","@id":"https:\/\/www.elementvape.de\/et\/produkt\/vapor-storm-ares-pod-system-vape-12w-nachfuell-starterkit\/#breadcrumb","itemListElement":[{"@type":"ListItem","position":1,"name":"Home","item":"https:\/\/www.elementvape.de\/"},{"@type":"ListItem","position":2,"name":"Shop","item":"https:\/\/www.elementvape.de\/shop\/"},{"@type":"ListItem","position":3,"name":"Vapor Storm Ares Pod System Vape 12W Nachf\u00fcll-Starterkit"}]},{"@type":"WebSite","@id":"https:\/\/www.elementvape.de\/#website","url":"https:\/\/www.elementvape.de\/","name":"ElementVape.de","description":"","publisher":{"@id":"https:\/\/www.elementvape.de\/#organization"},"potentialAction":[{"@type":"SearchAction","target":{"@type":"EntryPoint","urlTemplate":"https:\/\/www.elementvape.de\/?s={search_term_string}"},"query-input":"required name=search_term_string"}],"inLanguage":"it-IT"},{"@type":"Organization","@id":"https:\/\/www.elementvape.de\/#organization","name":"ElementVape.DE","url":"https:\/\/www.elementvape.de\/","logo":{"@type":"ImageObject","inLanguage":"it-IT","@id":"https:\/\/www.elementvape.de\/#\/schema\/logo\/image\/","url":"https:\/\/www.elementvape.de\/wp-content\/uploads\/2024\/09\/cropped-1elementvape-3.png","contentUrl":"https:\/\/www.elementvape.de\/wp-content\/uploads\/2024\/09\/cropped-1elementvape-3.png","width":285,"height":228,"caption":"ElementVape.DE"},"image":{"@id":"https:\/\/www.elementvape.de\/#\/schema\/logo\/image\/"}}]}},"_links":{"self":[{"href":"https:\/\/www.elementvape.de\/it\/wp-json\/wp\/v2\/product\/8814"}],"collection":[{"href":"https:\/\/www.elementvape.de\/it\/wp-json\/wp\/v2\/product"}],"about":[{"href":"https:\/\/www.elementvape.de\/it\/wp-json\/wp\/v2\/types\/product"}],"wp:featuredmedia":[{"embeddable":true,"href":"https:\/\/www.elementvape.de\/it\/wp-json\/wp\/v2\/media\/8815"}],"wp:attachment":[{"href":"https:\/\/www.elementvape.de\/it\/wp-json\/wp\/v2\/media?parent=8814"}],"wp:term":[{"taxonomy":"product_cat","embeddable":true,"href":"https:\/\/www.elementvape.de\/it\/wp-json\/wp\/v2\/product_cat?post=8814"},{"taxonomy":"product_tag","embeddable":true,"href":"https:\/\/www.elementvape.de\/it\/wp-json\/wp\/v2\/product_tag?post=8814"}],"curies":[{"name":"wp","href":"https:\/\/api.w.org\/{rel}","templated":true}]}}