{"id":8671,"date":"2024-04-20T06:46:36","date_gmt":"2024-04-20T06:46:36","guid":{"rendered":"https:\/\/www.elementvape.de\/?post_type=product&#038;p=8671"},"modified":"2024-09-12T10:32:30","modified_gmt":"2024-09-12T10:32:30","slug":"vapor-esso-vape-xros-3-mini-kit-1000mah-mit-2ml","status":"publish","type":"product","link":"https:\/\/www.elementvape.de\/it\/produkt\/vapor-esso-vape-xros-3-mini-kit-1000mah-mit-2ml\/","title":{"rendered":"Vapor esso vape xros 3 mini kit 1000mah con 2ml cartuccia xros da 0,6 ohm mtl a rdl sigaretta elettronica vaporizzatore"},"content":{"rendered":"<p>&nbsp;<\/p>\n<div class=\"product-specs-list-container\">\n<ul class=\"product-specs-list util-clearfix\">\n<li class=\"product-prop line-limit-length\"><span class=\"property-title\">Aspetto:\u00a0<\/span><span class=\"property-desc line-limit-length\">Forma della scatola<\/span><\/li>\n<li class=\"product-prop line-limit-length\"><span class=\"property-title\">Regolazione della temperatura:\u00a0<\/span><span class=\"property-desc line-limit-length\">Ja<\/span><\/li>\n<li class=\"product-prop line-limit-length\"><span class=\"property-title\">Batteria integrata o esterna:\u00a0<\/span><span class=\"property-desc line-limit-length\">Integrata<\/span><\/li>\n<li class=\"product-prop line-limit-length\"><span class=\"property-title\">Funzione di protezione da cortocircuito:\u00a0<\/span><span class=\"property-desc line-limit-length\">Ja<\/span><\/li>\n<li class=\"product-prop line-limit-length\"><span class=\"property-title\">Funzione di protezione da surriscaldamento:\u00a0<\/span><span class=\"property-desc line-limit-length\">Ja<\/span><\/li>\n<li class=\"product-prop line-limit-length\"><span class=\"property-title\">Funzione di allarme a bassa tensione:\u00a0<\/span><span class=\"property-desc line-limit-length\">Ja<\/span><\/li>\n<li class=\"product-prop line-limit-length\"><span class=\"property-title\">Funzione di identificazione dello spruzzatore:\u00a0<\/span><span class=\"property-desc line-limit-length\">Ja<\/span><\/li>\n<li class=\"product-prop line-limit-length\"><span class=\"property-title\">Capacit\u00e0 nominale:\u00a0<\/span><span class=\"property-desc line-limit-length\">1000mAh<\/span><\/li>\n<li class=\"product-prop line-limit-length\"><span class=\"property-title\">Materiale:\u00a0<\/span><span class=\"property-desc line-limit-length\">Metallo<\/span><\/li>\n<li class=\"product-prop line-limit-length\"><span class=\"property-title\">Modello compatibile:\u00a0<\/span><span class=\"property-desc line-limit-length\">Adatto a tutti gli XROS Pod<\/span><\/li>\n<li class=\"product-prop line-limit-length\"><span class=\"property-title\">Numero di modello:\u00a0<\/span><span class=\"property-desc line-limit-length\">Kit Vaporesso XROS 3 Mini<\/span><\/li>\n<li class=\"product-prop line-limit-length\"><span class=\"property-title\">Caricatore USB:\u00a0<\/span><span class=\"property-desc line-limit-length\">Ja<\/span><\/li>\n<li class=\"product-prop line-limit-length\"><span class=\"property-title\">Aggiornamento del firmware:\u00a0<\/span><span class=\"property-desc line-limit-length\">Ja<\/span><\/li>\n<li class=\"product-prop line-limit-length\"><span class=\"property-title\">Display:\u00a0<\/span><span class=\"property-desc line-limit-length\">No<\/span><\/li>\n<li class=\"product-prop line-limit-length\"><span class=\"property-title\">Tipo:\u00a0<\/span><span class=\"property-desc line-limit-length\">Con Batteria<\/span><\/li>\n<li class=\"product-prop line-limit-length\"><span class=\"property-title\">Nome del marchio:\u00a0<\/span><span class=\"property-desc line-limit-length\">vaporesso<\/span><\/li>\n<li class=\"product-prop line-limit-length\"><span class=\"property-title\">Origine:\u00a0<\/span><span class=\"property-desc line-limit-length\">CN (Origine)<\/span><\/li>\n<\/ul>\n<\/div>\n<div class=\"detailmodule_html\">\n<div class=\"detail-desc-decorate-richtext\">\n<div class=\"detailmodule_text\">\n<p class=\"detail-desc-decorate-title\" style=\"font-family: OpenSans; font-size: 20px; font-weight: 900; line-height: 28px; margin-bottom: 12px;\">Vapor esso vape xros 3 mini kit 1000mah con 2ml cartuccia xros da 0,6 ohm mtl a rdl sigaretta elettronica vaporizzatore<\/p>\n<\/div>\n<div class=\"detailmodule_text\">\n<p class=\"detail-desc-decorate-title\" style=\"font-family: OpenSans; font-size: 20px; font-weight: 900; line-height: 28px; margin-bottom: 12px;\">Vapor esso xros 3 mini kit breve descrizione:<\/p>\n<p class=\"detail-desc-decorate-content\" style=\"font-family: OpenSans; font-size: 14px; font-weight: 300; line-height: 20px; margin-bottom: 12px;\">Il kit Xros 3 mini \u00e8 il nuovo sistema pod MTL della famiglia Xros, che pu\u00f2 offrire un'esperienza RDL. \u00c8 alimentato da una batteria integrata da 1000mAh, per offrirti 48 ore di svapo con una singola carica. Progettato con indicatore di batteria, pu\u00f2 mostrarti chiaramente i dati di svapo. Grazie alla tecnologia di riscaldamento Corex innovativa, applicata con struttura Morph-Mesh unica e cotone Corex, garantisce un riscaldamento migliore, migliora l'efficienza della vaporizzazione e prolunga la durata delle cartucce. Il Xros 3 mini ha anche la bocca pi\u00f9 migliorata, che si adatta perfettamente alle tue labbra e ti offre un'esperienza MTL pi\u00f9 precisa. Inoltre, \u00e8 dotato del nuovo Pod da 0,6\u03a9 ed \u00e8 compatibile anche con gli altri Pods Xros. Ha una capacit\u00e0 di 2ml, sistema di riempimento superiore semplice e tecnologia anti-perdita SSS. Progettato con sezioni a gradiente e diamante, crea un'incredibile arte visiva di luce e ombra. Prendilo facilmente.<\/p>\n<\/div>\n<div class=\"detailmodule_text\">\n<p class=\"detail-desc-decorate-title\" style=\"font-family: OpenSans; font-size: 20px; font-weight: 900; line-height: 28px; margin-bottom: 12px;\">Parametro del sistema pod Vapor esso xros 3 mini kit:<\/p>\n<p class=\"detail-desc-decorate-content\" style=\"font-family: OpenSans; font-size: 14px; font-weight: 300; line-height: 20px; margin-bottom: 12px;\">Marca: vapor esso<br \/>\nNome del prodotto: kit xros 3 mini<br \/>\nDimensioni: 99,2*23,6*13,8mm<br \/>\nBatteria: batteria integrata da 1000mAh<br \/>\nRicarica: 5V\/1A, Tipo-C<br \/>\nCapacit\u00e0 del Pod: 2ml<br \/>\nRiempimento: Riempimento dall'alto<br \/>\nAdatto per: tutti gli xros pod<br \/>\nColore: nero, Space Grey, Marine Blue, Rosa Rosa, Azzurro cielo, Fiume ghiaccio, Verde Fantasma, Oro Fantasma<\/p>\n<\/div>\n<div class=\"detailmodule_text\">\n<p class=\"detail-desc-decorate-title\" style=\"font-family: OpenSans; font-size: 20px; font-weight: 900; line-height: 28px; margin-bottom: 12px;\">Dettagli di Vapor esso xros 3 mini:<\/p>\n<p class=\"detail-desc-decorate-content\" style=\"font-family: OpenSans; font-size: 14px; font-weight: 300; line-height: 20px; margin-bottom: 12px;\">1. Batteria integrata da 1000mAh con ricarica Type-C<br \/>\n2. Indicatore della batteria a neon per mostrare i dati di svapo<br \/>\n3. Tecnologia di riscaldamento corex con struttura a mesh morph<br \/>\n4. Capacit\u00e0 di E-juice di 2ml e sistema di riempimento superiore semplice<br \/>\n5. Resistente alle perdite grazie alla tecnologia SSS anti-fuga<br \/>\n6. Compatibile con tutte le cartucce pod xros<br \/>\n7. Bocchino aggiornato per adattarsi perfettamente alle labbra<br \/>\n8. Tecnologia di texture di incisione di precisione<\/p>\n<\/div>\n<div class=\"detailmodule_text\">\n<p class=\"detail-desc-decorate-title\" style=\"font-family: OpenSans; font-size: 20px; font-weight: 900; line-height: 28px; margin-bottom: 12px;\">Il pacchetto del kit di avviamento xros 3 mini include:<\/p>\n<p class=\"detail-desc-decorate-content\" style=\"font-family: OpenSans; font-size: 14px; font-weight: 300; line-height: 20px; margin-bottom: 12px;\">1 * batteria vapor esso xros 3 mini<br \/>\n1 * Pod Mesh xros 3 0,6\u03a9<br \/>\n1 * cavo di ricarica Type-C<br \/>\n1 * Scheda di promemoria<br \/>\n1 * Manuale utente &amp; Scheda di garanzia<\/p>\n<\/div>\n<div class=\"detailmodule_image\"><img decoding=\"async\" loading=\"lazy\" class=\"detail-desc-decorate-image\" src=\"https:\/\/ae01.alicdn.com\/kf\/S666ebf6f51c54ea5bb010d5b14812648x.jpg\" \/><img decoding=\"async\" loading=\"lazy\" class=\"detail-desc-decorate-image\" src=\"https:\/\/ae01.alicdn.com\/kf\/Saadbddea01344b0a9a39e33631e777893.jpg\" \/><img decoding=\"async\" loading=\"lazy\" class=\"detail-desc-decorate-image\" src=\"https:\/\/ae01.alicdn.com\/kf\/Sb035170751b740bf960a3495d7d6f517H.jpg\" \/><img decoding=\"async\" loading=\"lazy\" class=\"detail-desc-decorate-image\" src=\"https:\/\/ae01.alicdn.com\/kf\/S739c5d3e7f27412b80a79102d84ad9f01.jpg\" \/><img decoding=\"async\" loading=\"lazy\" class=\"detail-desc-decorate-image\" src=\"https:\/\/ae01.alicdn.com\/kf\/S40d26b0d9b474c7da4a93a2e151acc10W.jpg\" \/><img decoding=\"async\" loading=\"lazy\" class=\"detail-desc-decorate-image\" src=\"https:\/\/ae01.alicdn.com\/kf\/Sfa47e0deb9554813a19cd0cc29f43f4fR.jpg\" \/><img decoding=\"async\" loading=\"lazy\" class=\"detail-desc-decorate-image\" src=\"https:\/\/ae01.alicdn.com\/kf\/Sdb03d2681e4d4ee1ab6bd8c8bb639b0bI.jpg\" \/><img decoding=\"async\" loading=\"lazy\" class=\"detail-desc-decorate-image\" src=\"https:\/\/ae01.alicdn.com\/kf\/Sa1d6208007a045c6a57007b2be996295E.jpg\" \/><img decoding=\"async\" loading=\"lazy\" class=\"detail-desc-decorate-image\" src=\"https:\/\/ae01.alicdn.com\/kf\/Se82f53c164f74d478799e650ed7314d7A.jpg\" \/><\/div>\n<p>&nbsp;<\/p>\n<\/div>\n<\/div>","protected":false},"excerpt":{"rendered":"<p>&nbsp; Aussehen:\u00a0Box Form Temperaturregelung:\u00a0Ja Eingebaute Oder Externe Batterie:\u00a0Eingebaute Kurzschlussschutz Funktion:\u00a0Ja \u00dcberhitzungsschutz-funktion:\u00a0Ja Niederspannungsalarmfunktion:\u00a0Ja Zerst\u00e4uber Identifikation Funktion:\u00a0Ja Nominale Kapazit\u00e4t:\u00a01000mAh Material:\u00a0Metall Compatible Model:\u00a0Fit for all XROS Pod Modellnummer:\u00a0Vaporesso XROS 3 Mini Kit Usb-ladeger\u00e4t:\u00a0Ja Firmware-upgrade:\u00a0Ja Display:\u00a0Nein Art:\u00a0Mit Batterie Markenname:\u00a0vaporesso Ursprung:\u00a0CN (Herkunft) Original vapor esso xros 3 mini kit 1000mah vape mit 2ml 0,6 ohm xros pod patrone mtl zu [&hellip;]<\/p>","protected":false},"featured_media":8673,"template":"","meta":{"inline_featured_image":false},"product_cat":[750,737,736,749,76],"product_tag":[],"tiered_pricing_type":"fixed","tiered_pricing_fixed_rules":[],"tiered_pricing_percentage_rules":[],"tiered_pricing_minimum":1,"_administrator_tiered_pricing_type":"fixed","_administrator_tiered_pricing_fixed_rules":[],"_editor_tiered_pricing_type":"fixed","_editor_tiered_pricing_fixed_rules":[],"_author_tiered_pricing_type":"fixed","_author_tiered_pricing_fixed_rules":[],"_contributor_tiered_pricing_type":"fixed","_contributor_tiered_pricing_fixed_rules":[],"_subscriber_tiered_pricing_type":"fixed","_subscriber_tiered_pricing_fixed_rules":[],"_customer_tiered_pricing_type":"fixed","_customer_tiered_pricing_fixed_rules":[],"_shop_manager_tiered_pricing_type":"fixed","_shop_manager_tiered_pricing_fixed_rules":[],"_wpseo_manager_tiered_pricing_type":"fixed","_wpseo_manager_tiered_pricing_fixed_rules":[],"_wpseo_editor_tiered_pricing_type":"fixed","_wpseo_editor_tiered_pricing_fixed_rules":[],"_wholesale_customer_tiered_pricing_type":"fixed","_wholesale_customer_tiered_pricing_fixed_rules":[],"_marketer_tiered_pricing_type":"fixed","_marketer_tiered_pricing_fixed_rules":[],"_sales_manager_tiered_pricing_type":"fixed","_sales_manager_tiered_pricing_fixed_rules":[],"_sales_rep_tiered_pricing_type":"fixed","_sales_rep_tiered_pricing_fixed_rules":[],"yoast_head":"<!-- This site is optimized with the Yoast SEO plugin v23.3 - https:\/\/yoast.com\/wordpress\/plugins\/seo\/ -->\n<title>Vapor esso vape xros 3 mini kit 1000mah mit 2ml 0,6 ohm xros pod patrone mtl zu rdl elektronischer zigaretten verdampfer | ElementVape.de<\/title>\n<meta name=\"description\" content=\"Wir bieten Vapor esso vape xros 3 mini kit 1000mah mit 2ml 0,6 ohm xros pod patrone mtl zu rdl elektronischer zigaretten verdampfer , Elementvape.de akzeptieren Gro\u00df-und Einzelhandel Bestellungen.\" \/>\n<meta name=\"robots\" content=\"index, follow, max-snippet:-1, max-image-preview:large, max-video-preview:-1\" \/>\n<link rel=\"canonical\" href=\"https:\/\/www.elementvape.de\/it\/produkt\/vapor-esso-vape-xros-3-mini-kit-1000mah-mit-2ml\/\" \/>\n<meta property=\"og:locale\" content=\"it_IT\" \/>\n<meta property=\"og:type\" content=\"article\" \/>\n<meta property=\"og:title\" content=\"Vapor esso vape xros 3 mini kit 1000mah mit 2ml 0,6 ohm xros pod patrone mtl zu rdl elektronischer zigaretten verdampfer | ElementVape.de\" \/>\n<meta property=\"og:description\" content=\"Wir bieten Vapor esso vape xros 3 mini kit 1000mah mit 2ml 0,6 ohm xros pod patrone mtl zu rdl elektronischer zigaretten verdampfer , Elementvape.de akzeptieren Gro\u00df-und Einzelhandel Bestellungen.\" \/>\n<meta property=\"og:url\" content=\"https:\/\/www.elementvape.de\/it\/produkt\/vapor-esso-vape-xros-3-mini-kit-1000mah-mit-2ml\/\" \/>\n<meta property=\"og:site_name\" content=\"ElementVape.de\" \/>\n<meta property=\"article:modified_time\" content=\"2024-09-12T10:32:30+00:00\" \/>\n<meta property=\"og:image\" content=\"https:\/\/ae01.alicdn.com\/kf\/Sc7ff1dc0a66943b3a0ba075ae25c558bV\/Original-vapor-esso-vape-xros-3-mini-kit-1000mah-mit-2ml-0-6-ohm-xros-pod.jpg\" \/>\n\t<meta property=\"og:image:width\" content=\"800\" \/>\n\t<meta property=\"og:image:height\" content=\"800\" \/>\n\t<meta property=\"og:image:type\" content=\"image\/jpeg\" \/>\n<meta name=\"twitter:card\" content=\"summary_large_image\" \/>\n<meta name=\"twitter:label1\" content=\"Est. reading time\" \/>\n\t<meta name=\"twitter:data1\" content=\"5 minuti\" \/>\n<script type=\"application\/ld+json\" class=\"yoast-schema-graph\">{\"@context\":\"https:\/\/schema.org\",\"@graph\":[{\"@type\":\"WebPage\",\"@id\":\"https:\/\/www.elementvape.de\/fi\/produkt\/vapor-esso-vape-xros-3-mini-kit-1000mah-mit-2ml\/\",\"url\":\"https:\/\/www.elementvape.de\/fi\/produkt\/vapor-esso-vape-xros-3-mini-kit-1000mah-mit-2ml\/\",\"name\":\"Vapor esso vape xros 3 mini kit 1000mah mit 2ml 0,6 ohm xros pod patrone mtl zu rdl elektronischer zigaretten verdampfer | ElementVape.de\",\"isPartOf\":{\"@id\":\"https:\/\/www.elementvape.de\/#website\"},\"primaryImageOfPage\":{\"@id\":\"https:\/\/www.elementvape.de\/fi\/produkt\/vapor-esso-vape-xros-3-mini-kit-1000mah-mit-2ml\/#primaryimage\"},\"image\":{\"@id\":\"https:\/\/www.elementvape.de\/fi\/produkt\/vapor-esso-vape-xros-3-mini-kit-1000mah-mit-2ml\/#primaryimage\"},\"thumbnailUrl\":\"https:\/\/ae01.alicdn.com\/kf\/Sc7ff1dc0a66943b3a0ba075ae25c558bV\/Original-vapor-esso-vape-xros-3-mini-kit-1000mah-mit-2ml-0-6-ohm-xros-pod.jpg\",\"datePublished\":\"2024-04-20T06:46:36+00:00\",\"dateModified\":\"2024-09-12T10:32:30+00:00\",\"description\":\"Wir bieten Vapor esso vape xros 3 mini kit 1000mah mit 2ml 0,6 ohm xros pod patrone mtl zu rdl elektronischer zigaretten verdampfer , Elementvape.de akzeptieren Gro\u00df-und Einzelhandel Bestellungen.\",\"breadcrumb\":{\"@id\":\"https:\/\/www.elementvape.de\/fi\/produkt\/vapor-esso-vape-xros-3-mini-kit-1000mah-mit-2ml\/#breadcrumb\"},\"inLanguage\":\"it-IT\",\"potentialAction\":[{\"@type\":\"ReadAction\",\"target\":[\"https:\/\/www.elementvape.de\/fi\/produkt\/vapor-esso-vape-xros-3-mini-kit-1000mah-mit-2ml\/\"]}]},{\"@type\":\"ImageObject\",\"inLanguage\":\"it-IT\",\"@id\":\"https:\/\/www.elementvape.de\/fi\/produkt\/vapor-esso-vape-xros-3-mini-kit-1000mah-mit-2ml\/#primaryimage\",\"url\":\"https:\/\/ae01.alicdn.com\/kf\/Sc7ff1dc0a66943b3a0ba075ae25c558bV\/Original-vapor-esso-vape-xros-3-mini-kit-1000mah-mit-2ml-0-6-ohm-xros-pod.jpg\",\"contentUrl\":\"https:\/\/ae01.alicdn.com\/kf\/Sc7ff1dc0a66943b3a0ba075ae25c558bV\/Original-vapor-esso-vape-xros-3-mini-kit-1000mah-mit-2ml-0-6-ohm-xros-pod.jpg\",\"width\":800,\"height\":800},{\"@type\":\"BreadcrumbList\",\"@id\":\"https:\/\/www.elementvape.de\/fi\/produkt\/vapor-esso-vape-xros-3-mini-kit-1000mah-mit-2ml\/#breadcrumb\",\"itemListElement\":[{\"@type\":\"ListItem\",\"position\":1,\"name\":\"Home\",\"item\":\"https:\/\/www.elementvape.de\/\"},{\"@type\":\"ListItem\",\"position\":2,\"name\":\"Shop\",\"item\":\"https:\/\/www.elementvape.de\/shop\/\"},{\"@type\":\"ListItem\",\"position\":3,\"name\":\"Vapor esso vape xros 3 mini kit 1000mah mit 2ml 0,6 ohm xros pod patrone mtl zu rdl elektronischer zigaretten verdampfer\"}]},{\"@type\":\"WebSite\",\"@id\":\"https:\/\/www.elementvape.de\/#website\",\"url\":\"https:\/\/www.elementvape.de\/\",\"name\":\"ElementVape.de\",\"description\":\"\",\"publisher\":{\"@id\":\"https:\/\/www.elementvape.de\/#organization\"},\"potentialAction\":[{\"@type\":\"SearchAction\",\"target\":{\"@type\":\"EntryPoint\",\"urlTemplate\":\"https:\/\/www.elementvape.de\/?s={search_term_string}\"},\"query-input\":\"required name=search_term_string\"}],\"inLanguage\":\"it-IT\"},{\"@type\":\"Organization\",\"@id\":\"https:\/\/www.elementvape.de\/#organization\",\"name\":\"ElementVape.DE\",\"url\":\"https:\/\/www.elementvape.de\/\",\"logo\":{\"@type\":\"ImageObject\",\"inLanguage\":\"it-IT\",\"@id\":\"https:\/\/www.elementvape.de\/#\/schema\/logo\/image\/\",\"url\":\"https:\/\/www.elementvape.de\/wp-content\/uploads\/2024\/09\/cropped-1elementvape-3.png\",\"contentUrl\":\"https:\/\/www.elementvape.de\/wp-content\/uploads\/2024\/09\/cropped-1elementvape-3.png\",\"width\":285,\"height\":228,\"caption\":\"ElementVape.DE\"},\"image\":{\"@id\":\"https:\/\/www.elementvape.de\/#\/schema\/logo\/image\/\"}}]}<\/script>\n<!-- \/ Yoast SEO plugin. -->","yoast_head_json":{"title":"Vapor esso vape xros 3 mini kit 1000mah mit 2ml 0,6 ohm xros pod patrone mtl zu rdl elektronischer zigaretten verdampfer | ElementVape.de","description":"Wir bieten Vapor esso vape xros 3 mini kit 1000mah mit 2ml 0,6 ohm xros pod patrone mtl zu rdl elektronischer zigaretten verdampfer , Elementvape.de akzeptieren Gro\u00df-und Einzelhandel Bestellungen.","robots":{"index":"index","follow":"follow","max-snippet":"max-snippet:-1","max-image-preview":"max-image-preview:large","max-video-preview":"max-video-preview:-1"},"canonical":"https:\/\/www.elementvape.de\/it\/produkt\/vapor-esso-vape-xros-3-mini-kit-1000mah-mit-2ml\/","og_locale":"it_IT","og_type":"article","og_title":"Vapor esso vape xros 3 mini kit 1000mah mit 2ml 0,6 ohm xros pod patrone mtl zu rdl elektronischer zigaretten verdampfer | ElementVape.de","og_description":"Wir bieten Vapor esso vape xros 3 mini kit 1000mah mit 2ml 0,6 ohm xros pod patrone mtl zu rdl elektronischer zigaretten verdampfer , Elementvape.de akzeptieren Gro\u00df-und Einzelhandel Bestellungen.","og_url":"https:\/\/www.elementvape.de\/it\/produkt\/vapor-esso-vape-xros-3-mini-kit-1000mah-mit-2ml\/","og_site_name":"ElementVape.de","article_modified_time":"2024-09-12T10:32:30+00:00","og_image":[{"width":800,"height":800,"url":"https:\/\/ae01.alicdn.com\/kf\/Sc7ff1dc0a66943b3a0ba075ae25c558bV\/Original-vapor-esso-vape-xros-3-mini-kit-1000mah-mit-2ml-0-6-ohm-xros-pod.jpg","type":"image\/jpeg"}],"twitter_card":"summary_large_image","twitter_misc":{"Est. reading time":"5 minuti"},"schema":{"@context":"https:\/\/schema.org","@graph":[{"@type":"WebPage","@id":"https:\/\/www.elementvape.de\/fi\/produkt\/vapor-esso-vape-xros-3-mini-kit-1000mah-mit-2ml\/","url":"https:\/\/www.elementvape.de\/fi\/produkt\/vapor-esso-vape-xros-3-mini-kit-1000mah-mit-2ml\/","name":"Vapor esso vape xros 3 mini kit 1000mah mit 2ml 0,6 ohm xros pod patrone mtl zu rdl elektronischer zigaretten verdampfer | ElementVape.de","isPartOf":{"@id":"https:\/\/www.elementvape.de\/#website"},"primaryImageOfPage":{"@id":"https:\/\/www.elementvape.de\/fi\/produkt\/vapor-esso-vape-xros-3-mini-kit-1000mah-mit-2ml\/#primaryimage"},"image":{"@id":"https:\/\/www.elementvape.de\/fi\/produkt\/vapor-esso-vape-xros-3-mini-kit-1000mah-mit-2ml\/#primaryimage"},"thumbnailUrl":"https:\/\/ae01.alicdn.com\/kf\/Sc7ff1dc0a66943b3a0ba075ae25c558bV\/Original-vapor-esso-vape-xros-3-mini-kit-1000mah-mit-2ml-0-6-ohm-xros-pod.jpg","datePublished":"2024-04-20T06:46:36+00:00","dateModified":"2024-09-12T10:32:30+00:00","description":"Wir bieten Vapor esso vape xros 3 mini kit 1000mah mit 2ml 0,6 ohm xros pod patrone mtl zu rdl elektronischer zigaretten verdampfer , Elementvape.de akzeptieren Gro\u00df-und Einzelhandel Bestellungen.","breadcrumb":{"@id":"https:\/\/www.elementvape.de\/fi\/produkt\/vapor-esso-vape-xros-3-mini-kit-1000mah-mit-2ml\/#breadcrumb"},"inLanguage":"it-IT","potentialAction":[{"@type":"ReadAction","target":["https:\/\/www.elementvape.de\/fi\/produkt\/vapor-esso-vape-xros-3-mini-kit-1000mah-mit-2ml\/"]}]},{"@type":"ImageObject","inLanguage":"it-IT","@id":"https:\/\/www.elementvape.de\/fi\/produkt\/vapor-esso-vape-xros-3-mini-kit-1000mah-mit-2ml\/#primaryimage","url":"https:\/\/ae01.alicdn.com\/kf\/Sc7ff1dc0a66943b3a0ba075ae25c558bV\/Original-vapor-esso-vape-xros-3-mini-kit-1000mah-mit-2ml-0-6-ohm-xros-pod.jpg","contentUrl":"https:\/\/ae01.alicdn.com\/kf\/Sc7ff1dc0a66943b3a0ba075ae25c558bV\/Original-vapor-esso-vape-xros-3-mini-kit-1000mah-mit-2ml-0-6-ohm-xros-pod.jpg","width":800,"height":800},{"@type":"BreadcrumbList","@id":"https:\/\/www.elementvape.de\/fi\/produkt\/vapor-esso-vape-xros-3-mini-kit-1000mah-mit-2ml\/#breadcrumb","itemListElement":[{"@type":"ListItem","position":1,"name":"Home","item":"https:\/\/www.elementvape.de\/"},{"@type":"ListItem","position":2,"name":"Shop","item":"https:\/\/www.elementvape.de\/shop\/"},{"@type":"ListItem","position":3,"name":"Vapor esso vape xros 3 mini kit 1000mah mit 2ml 0,6 ohm xros pod patrone mtl zu rdl elektronischer zigaretten verdampfer"}]},{"@type":"WebSite","@id":"https:\/\/www.elementvape.de\/#website","url":"https:\/\/www.elementvape.de\/","name":"ElementVape.de","description":"","publisher":{"@id":"https:\/\/www.elementvape.de\/#organization"},"potentialAction":[{"@type":"SearchAction","target":{"@type":"EntryPoint","urlTemplate":"https:\/\/www.elementvape.de\/?s={search_term_string}"},"query-input":"required name=search_term_string"}],"inLanguage":"it-IT"},{"@type":"Organization","@id":"https:\/\/www.elementvape.de\/#organization","name":"ElementVape.DE","url":"https:\/\/www.elementvape.de\/","logo":{"@type":"ImageObject","inLanguage":"it-IT","@id":"https:\/\/www.elementvape.de\/#\/schema\/logo\/image\/","url":"https:\/\/www.elementvape.de\/wp-content\/uploads\/2024\/09\/cropped-1elementvape-3.png","contentUrl":"https:\/\/www.elementvape.de\/wp-content\/uploads\/2024\/09\/cropped-1elementvape-3.png","width":285,"height":228,"caption":"ElementVape.DE"},"image":{"@id":"https:\/\/www.elementvape.de\/#\/schema\/logo\/image\/"}}]}},"_links":{"self":[{"href":"https:\/\/www.elementvape.de\/it\/wp-json\/wp\/v2\/product\/8671"}],"collection":[{"href":"https:\/\/www.elementvape.de\/it\/wp-json\/wp\/v2\/product"}],"about":[{"href":"https:\/\/www.elementvape.de\/it\/wp-json\/wp\/v2\/types\/product"}],"wp:featuredmedia":[{"embeddable":true,"href":"https:\/\/www.elementvape.de\/it\/wp-json\/wp\/v2\/media\/8673"}],"wp:attachment":[{"href":"https:\/\/www.elementvape.de\/it\/wp-json\/wp\/v2\/media?parent=8671"}],"wp:term":[{"taxonomy":"product_cat","embeddable":true,"href":"https:\/\/www.elementvape.de\/it\/wp-json\/wp\/v2\/product_cat?post=8671"},{"taxonomy":"product_tag","embeddable":true,"href":"https:\/\/www.elementvape.de\/it\/wp-json\/wp\/v2\/product_tag?post=8671"}],"curies":[{"name":"wp","href":"https:\/\/api.w.org\/{rel}","templated":true}]}}