{"id":8549,"date":"2024-04-20T06:38:53","date_gmt":"2024-04-20T06:38:53","guid":{"rendered":"https:\/\/www.elementvape.de\/?post_type=product&#038;p=8549"},"modified":"2024-12-12T06:36:55","modified_gmt":"2024-12-12T06:36:55","slug":"oxva-xlim-pro-kit-1000mah-batterie-30w","status":"publish","type":"product","link":"https:\/\/www.elementvape.de\/it\/produkt\/oxva-xlim-pro-kit-1000mah-batterie-30w\/","title":{"rendered":"Oxva Xlim Pro Kit Batteria da 1000mAh, Vape da 30W con cartuccia vuota V3 da 2ml, resistenza da 0,6\/0,8 Ohm, sigaretta elettronica vaporizzatore"},"content":{"rendered":"<p>&nbsp;<\/p>\n<div class=\"product-specs-list-container\">\n<ul class=\"product-specs-list util-clearfix\">\n<li class=\"product-prop line-limit-length\"><span class=\"property-title\">Aspetto:\u00a0<\/span><span class=\"property-desc line-limit-length\">Forma della scatola<\/span><\/li>\n<li class=\"product-prop line-limit-length\"><span class=\"property-title\">Batteria compatibile:\u00a0<\/span><span class=\"property-desc line-limit-length\">Nessuno<\/span><\/li>\n<li class=\"product-prop line-limit-length\"><span class=\"property-title\">Funzione di monitoraggio del numero di fumate:\u00a0<\/span><span class=\"property-desc line-limit-length\">No<\/span><\/li>\n<li class=\"product-prop line-limit-length\"><span class=\"property-title\">Custodia in silicone:\u00a0<\/span><span class=\"property-desc line-limit-length\">No<\/span><\/li>\n<li class=\"product-prop line-limit-length\"><span class=\"property-title\">Regolazione della temperatura:\u00a0<\/span><span class=\"property-desc line-limit-length\">No<\/span><\/li>\n<li class=\"product-prop line-limit-length\"><span class=\"property-title\">Batteria integrata o esterna:\u00a0<\/span><span class=\"property-desc line-limit-length\">Integrata<\/span><\/li>\n<li class=\"product-prop line-limit-length\"><span class=\"property-title\">Funzione di protezione da cortocircuito:\u00a0<\/span><span class=\"property-desc line-limit-length\">Ja<\/span><\/li>\n<li class=\"product-prop line-limit-length\"><span class=\"property-title\">Funzione di protezione da surriscaldamento:\u00a0<\/span><span class=\"property-desc line-limit-length\">Ja<\/span><\/li>\n<li class=\"product-prop line-limit-length\"><span class=\"property-title\">Funzione di allarme a bassa tensione:\u00a0<\/span><span class=\"property-desc line-limit-length\">Ja<\/span><\/li>\n<li class=\"product-prop line-limit-length\"><span class=\"property-title\">Funzione di identificazione dello spruzzatore:\u00a0<\/span><span class=\"property-desc line-limit-length\">Ja<\/span><\/li>\n<li class=\"product-prop line-limit-length\"><span class=\"property-title\">Modalit\u00e0 di impostazione TCR:\u00a0<\/span><span class=\"property-desc line-limit-length\">No<\/span><\/li>\n<li class=\"product-prop line-limit-length\"><span class=\"property-title\">Capacit\u00e0 nominale:\u00a0<\/span><span class=\"property-desc line-limit-length\">1000mAh<\/span><\/li>\n<li class=\"product-prop line-limit-length\"><span class=\"property-title\">Materiale:\u00a0<\/span><span class=\"property-desc line-limit-length\">Metallo<\/span><\/li>\n<li class=\"product-prop line-limit-length\"><span class=\"property-title\">Modello compatibile:\u00a0<\/span><span class=\"property-desc line-limit-length\">Sigaretta Elettronica Vape<\/span><\/li>\n<li class=\"product-prop line-limit-length\"><span class=\"property-title\">Numero di modello:\u00a0<\/span><span class=\"property-desc line-limit-length\">Kit OXVA Xlim Pro<\/span><\/li>\n<li class=\"product-prop line-limit-length\"><span class=\"property-title\">Caricatore USB:\u00a0<\/span><span class=\"property-desc line-limit-length\">Ja<\/span><\/li>\n<li class=\"product-prop line-limit-length\"><span class=\"property-title\">Aggiornamento del firmware:\u00a0<\/span><span class=\"property-desc line-limit-length\">No<\/span><\/li>\n<li class=\"product-prop line-limit-length\"><span class=\"property-title\">Display:\u00a0<\/span><span class=\"property-desc line-limit-length\">No<\/span><\/li>\n<li class=\"product-prop line-limit-length\"><span class=\"property-title\">Tipo:\u00a0<\/span><span class=\"property-desc line-limit-length\">Con Batteria<\/span><\/li>\n<li class=\"product-prop line-limit-length\"><span class=\"property-title\">Nome del marchio:\u00a0<\/span><span class=\"property-desc line-limit-length\">Batteria compatibile: No<\/span><\/li>\n<li class=\"product-prop line-limit-length\"><span class=\"property-title\">Origine:\u00a0<\/span><span class=\"property-desc line-limit-length\">CN (Origine)<\/span><\/li>\n<\/ul>\n<\/div>\n<div class=\"detailmodule_html\">\n<div class=\"detail-desc-decorate-richtext\">\n<div class=\"detailmodule_text\">\n<p id=\"tl_1\" class=\"detail-desc-decorate-title\" style=\"font-family: OpenSans; font-size: 20px; font-weight: 900; line-height: 28px; color: #000000; margin-bottom: 12px;\">Custodia in silicone: No<\/p>\n<\/div>\n<div class=\"detailmodule_text\">\n<p id=\"tl_2\" class=\"detail-desc-decorate-title\" style=\"font-family: OpenSans; font-size: 20px; font-weight: 900; line-height: 28px; color: #000000; margin-bottom: 12px;\">Descrizione:<\/p>\n<p id=\"tl_3\" class=\"detail-desc-decorate-content\" style=\"font-family: OpenSans; font-size: 14px; font-weight: 300; line-height: 20px; color: #000000; margin-bottom: 12px;\">Il kit Xlim pro \u00e8 l'edizione pro di Xlim. Viene fornito con una capacit\u00e0 della batteria maggiore di 1000mAh, una potenza pi\u00f9 elevata di 30W e una nuova luce RGB per illuminare la tua passione. Il kit Xlim pro \u00e8 dotato della cartuccia anti-perdita migliorata con riempimento superiore (cartuccia Xlim v3) con una capacit\u00e0 di 2ml. \u00c8 anche compatibile con la cartuccia Oxva Xlim v2. Nel pacchetto \u00e8 incluso un cordino.<\/p>\n<\/div>\n<div class=\"detailmodule_text\">\n<p id=\"tl_4\" class=\"detail-desc-decorate-title\" style=\"font-family: OpenSans; font-size: 20px; font-weight: 900; line-height: 28px; color: #000000; margin-bottom: 12px;\">Parametri:<\/p>\n<p id=\"tl_5\" class=\"detail-desc-decorate-content\" style=\"font-family: OpenSans; font-size: 14px; font-weight: 300; line-height: 20px; color: #000000; margin-bottom: 12px;\">Marca: oxva<br \/>\nNome del prodotto: kit xlim pro<br \/>\nPotenza in uscita: 5-30w<br \/>\nRegolazione della temperatura: No<br \/>\nIntervallo di resistenza: 0,33-3,0 Ohm<br \/>\nCartuccia di riempimento superiore: 0,6 Ohm\/0,8 Ohm\/1,2 Ohm<br \/>\nRicarica: Ricarica superiore<br \/>\nRegolazione del flusso d'aria: AFC laterale<br \/>\nCapacit\u00e0 della batteria: 1000mah<br \/>\nRicarica: 5v\/2a, Tipo-C<br \/>\nMateriale: Lega di zinco + IML + PCTG<br \/>\nDimensione: 111,0*25,0*14,3mm<br \/>\nColore: carbonio nero, oro nero, blu lucido, ciano lucido, grigio lucido, verde lucido, rosa lucido, rosso lucido<\/p>\n<\/div>\n<div class=\"detailmodule_text\">\n<p id=\"tl_6\" class=\"detail-desc-decorate-title\" style=\"font-family: OpenSans; font-size: 20px; font-weight: 900; line-height: 28px; color: #000000; margin-bottom: 12px;\">Dettagli:<\/p>\n<p id=\"tl_7\" class=\"detail-desc-decorate-content\" style=\"font-family: OpenSans; font-size: 14px; font-weight: 300; line-height: 20px; color: #000000; margin-bottom: 12px;\">1. luce RGB scintillante<br \/>\n2. Cartuccia di riempimento superiore anti-perdita<br \/>\n3. Design ergonomico AFC<br \/>\n4. Attivazione automatica con tiro &amp; pulsante<br \/>\n5. Potenza massima in uscita 30w<br \/>\n6. Batteria da 1000mAh pi\u00f9 grande<br \/>\n7. Molto sicuro contro le perdite<br \/>\n8. Ricarica rapida Tipo-C<br \/>\n9. Compatibile con nuove cartucce Top-Fill (xlim v3) &amp; xlim v2<\/p>\n<\/div>\n<div class=\"detailmodule_text\">\n<p id=\"tl_8\" class=\"detail-desc-decorate-title\" style=\"font-family: OpenSans; font-size: 20px; font-weight: 900; line-height: 28px; color: #000000; margin-bottom: 12px;\">Batteria integrata o esterna: Integrata<\/p>\n<p id=\"tl_9\" class=\"detail-desc-decorate-content\" style=\"font-family: OpenSans; font-size: 14px; font-weight: 300; line-height: 20px; color: #000000; margin-bottom: 12px;\">1 * dispositivo xlim pro<br \/>\n1 * cartuccia di riempimento superiore (xlim v3) 0,6 Ohm (gi\u00e0 installata)<br \/>\n1 * cartuccia di riempimento superiore (xlim v3) 0,8 Ohm<br \/>\n1 * cavo Tipo-C<br \/>\n1 * cordino<br \/>\n1 * manuale utente<\/p>\n<\/div>\n<div class=\"detailmodule_image\"><img decoding=\"async\" loading=\"lazy\" class=\"detail-desc-decorate-image\" src=\"https:\/\/ae01.alicdn.com\/kf\/S0de73680026546e9b60ed8ce404947ac2.jpg\" \/><br \/>\n<img decoding=\"async\" loading=\"lazy\" class=\"detail-desc-decorate-image\" src=\"https:\/\/ae01.alicdn.com\/kf\/S693f7e5695d740e4b58732085d19ad80r.jpg\" \/><br \/>\n<img decoding=\"async\" loading=\"lazy\" class=\"detail-desc-decorate-image\" src=\"https:\/\/ae01.alicdn.com\/kf\/S662388ef72bb4a9e86a65f2d1873038fe.jpg\" \/><br \/>\n<img decoding=\"async\" loading=\"lazy\" class=\"detail-desc-decorate-image\" style=\"margin-bottom: 10px;\" src=\"https:\/\/ae01.alicdn.com\/kf\/Sc94577c4017e4f4e846f47a47d7f907cH.jpg\" \/><br \/>\n<img decoding=\"async\" loading=\"lazy\" class=\"detail-desc-decorate-image\" style=\"margin-bottom: 10px;\" src=\"https:\/\/ae01.alicdn.com\/kf\/Se7cd433468154ebdb58322c4c48260c2K.jpg\" \/><\/div>\n<p>&nbsp;<\/p>\n<\/div>\n<\/div>","protected":false},"excerpt":{"rendered":"<p>&nbsp; Aussehen:\u00a0Box Form Kompatibler Akku:\u00a0Kein \u00dcberwachung Funktion Von Rauchen Anzahl:\u00a0Nein Silikon Fall:\u00a0Nein Temperaturregelung:\u00a0Nein Eingebaute Oder Externe Batterie:\u00a0Eingebaute Kurzschlussschutz Funktion:\u00a0Ja \u00dcberhitzungsschutz-funktion:\u00a0Ja Niederspannungsalarmfunktion:\u00a0Ja Zerst\u00e4uber Identifikation Funktion:\u00a0Ja TCR Einstellung Modi:\u00a0Nein Nominale Kapazit\u00e4t:\u00a01000mAh Material:\u00a0Metall Compatible Model:\u00a0Electronic Cigarette Vape Modellnummer:\u00a0OXVA Xlim Pro Kit Usb-ladeger\u00e4t:\u00a0Ja Firmware-upgrade:\u00a0Nein Display:\u00a0Nein Art:\u00a0Mit Batterie Markenname:\u00a0Hapyan Ursprung:\u00a0CN (Herkunft) Original Oxva Xlim Pro Kit 1000mAh Batterie 30W Vape [&hellip;]<\/p>","protected":false},"featured_media":8551,"template":"","meta":{"inline_featured_image":false},"product_cat":[750,737,736,749,76,81],"product_tag":[],"tiered_pricing_type":"fixed","tiered_pricing_fixed_rules":[],"tiered_pricing_percentage_rules":[],"tiered_pricing_minimum":1,"_administrator_tiered_pricing_type":"fixed","_administrator_tiered_pricing_fixed_rules":[],"_editor_tiered_pricing_type":"fixed","_editor_tiered_pricing_fixed_rules":[],"_author_tiered_pricing_type":"fixed","_author_tiered_pricing_fixed_rules":[],"_contributor_tiered_pricing_type":"fixed","_contributor_tiered_pricing_fixed_rules":[],"_subscriber_tiered_pricing_type":"fixed","_subscriber_tiered_pricing_fixed_rules":[],"_customer_tiered_pricing_type":"fixed","_customer_tiered_pricing_fixed_rules":[],"_shop_manager_tiered_pricing_type":"fixed","_shop_manager_tiered_pricing_fixed_rules":[],"_wpseo_manager_tiered_pricing_type":"fixed","_wpseo_manager_tiered_pricing_fixed_rules":[],"_wpseo_editor_tiered_pricing_type":"fixed","_wpseo_editor_tiered_pricing_fixed_rules":[],"_wholesale_customer_tiered_pricing_type":"fixed","_wholesale_customer_tiered_pricing_fixed_rules":[],"_marketer_tiered_pricing_type":"fixed","_marketer_tiered_pricing_fixed_rules":[],"_sales_manager_tiered_pricing_type":"fixed","_sales_manager_tiered_pricing_fixed_rules":[],"_sales_rep_tiered_pricing_type":"fixed","_sales_rep_tiered_pricing_fixed_rules":[],"yoast_head":"<!-- This site is optimized with the Yoast SEO plugin v23.3 - https:\/\/yoast.com\/wordpress\/plugins\/seo\/ -->\n<title>Oxva Xlim Pro Kit 1000mAh Batterie 30W Vape mit 2ml V3 Pod leere Patrone 0.6\/0,8 Ohm elektronische Zigarette Vapor izer | ElementVape.de<\/title>\n<meta name=\"description\" content=\"Wir bieten Oxva Xlim Pro Kit 1000mAh Batterie 30W Vape mit 2ml V3 Pod leere Patrone 0.6\/0,8 Ohm elektronische Zigarette Vapor izer , Elementvape.de akzeptieren Gro\u00df-und Einzelhandel Bestellungen.\" \/>\n<meta name=\"robots\" content=\"index, follow, max-snippet:-1, max-image-preview:large, max-video-preview:-1\" \/>\n<link rel=\"canonical\" href=\"https:\/\/www.elementvape.de\/it\/produkt\/oxva-xlim-pro-kit-1000mah-batterie-30w\/\" \/>\n<meta property=\"og:locale\" content=\"it_IT\" \/>\n<meta property=\"og:type\" content=\"article\" \/>\n<meta property=\"og:title\" content=\"Oxva Xlim Pro Kit 1000mAh Batterie 30W Vape mit 2ml V3 Pod leere Patrone 0.6\/0,8 Ohm elektronische Zigarette Vapor izer | ElementVape.de\" \/>\n<meta property=\"og:description\" content=\"Wir bieten Oxva Xlim Pro Kit 1000mAh Batterie 30W Vape mit 2ml V3 Pod leere Patrone 0.6\/0,8 Ohm elektronische Zigarette Vapor izer , Elementvape.de akzeptieren Gro\u00df-und Einzelhandel Bestellungen.\" \/>\n<meta property=\"og:url\" content=\"https:\/\/www.elementvape.de\/it\/produkt\/oxva-xlim-pro-kit-1000mah-batterie-30w\/\" \/>\n<meta property=\"og:site_name\" content=\"ElementVape.de\" \/>\n<meta property=\"article:modified_time\" content=\"2024-12-12T06:36:55+00:00\" \/>\n<meta property=\"og:image\" content=\"https:\/\/ae01.alicdn.com\/kf\/S4f0a8e483e5241aebd7a55bd036145f4j\/Original-Oxva-Xlim-Pro-Kit-1000mAh-Batterie-30W-Vape-mit-2ml-V3-Pod-leere-Patrone-0.jpg\" \/>\n\t<meta property=\"og:image:width\" content=\"800\" \/>\n\t<meta property=\"og:image:height\" content=\"800\" \/>\n\t<meta property=\"og:image:type\" content=\"image\/jpeg\" \/>\n<meta name=\"twitter:card\" content=\"summary_large_image\" \/>\n<meta name=\"twitter:label1\" content=\"Est. reading time\" \/>\n\t<meta name=\"twitter:data1\" content=\"3 minuti\" \/>\n<script type=\"application\/ld+json\" class=\"yoast-schema-graph\">{\"@context\":\"https:\/\/schema.org\",\"@graph\":[{\"@type\":\"WebPage\",\"@id\":\"https:\/\/www.elementvape.de\/fi\/produkt\/oxva-xlim-pro-kit-1000mah-batterie-30w\/\",\"url\":\"https:\/\/www.elementvape.de\/fi\/produkt\/oxva-xlim-pro-kit-1000mah-batterie-30w\/\",\"name\":\"Oxva Xlim Pro Kit 1000mAh Batterie 30W Vape mit 2ml V3 Pod leere Patrone 0.6\/0,8 Ohm elektronische Zigarette Vapor izer | ElementVape.de\",\"isPartOf\":{\"@id\":\"https:\/\/www.elementvape.de\/#website\"},\"primaryImageOfPage\":{\"@id\":\"https:\/\/www.elementvape.de\/fi\/produkt\/oxva-xlim-pro-kit-1000mah-batterie-30w\/#primaryimage\"},\"image\":{\"@id\":\"https:\/\/www.elementvape.de\/fi\/produkt\/oxva-xlim-pro-kit-1000mah-batterie-30w\/#primaryimage\"},\"thumbnailUrl\":\"https:\/\/ae01.alicdn.com\/kf\/S4f0a8e483e5241aebd7a55bd036145f4j\/Original-Oxva-Xlim-Pro-Kit-1000mAh-Batterie-30W-Vape-mit-2ml-V3-Pod-leere-Patrone-0.jpg\",\"datePublished\":\"2024-04-20T06:38:53+00:00\",\"dateModified\":\"2024-12-12T06:36:55+00:00\",\"description\":\"Wir bieten Oxva Xlim Pro Kit 1000mAh Batterie 30W Vape mit 2ml V3 Pod leere Patrone 0.6\/0,8 Ohm elektronische Zigarette Vapor izer , Elementvape.de akzeptieren Gro\u00df-und Einzelhandel Bestellungen.\",\"breadcrumb\":{\"@id\":\"https:\/\/www.elementvape.de\/fi\/produkt\/oxva-xlim-pro-kit-1000mah-batterie-30w\/#breadcrumb\"},\"inLanguage\":\"it-IT\",\"potentialAction\":[{\"@type\":\"ReadAction\",\"target\":[\"https:\/\/www.elementvape.de\/fi\/produkt\/oxva-xlim-pro-kit-1000mah-batterie-30w\/\"]}]},{\"@type\":\"ImageObject\",\"inLanguage\":\"it-IT\",\"@id\":\"https:\/\/www.elementvape.de\/fi\/produkt\/oxva-xlim-pro-kit-1000mah-batterie-30w\/#primaryimage\",\"url\":\"https:\/\/ae01.alicdn.com\/kf\/S4f0a8e483e5241aebd7a55bd036145f4j\/Original-Oxva-Xlim-Pro-Kit-1000mAh-Batterie-30W-Vape-mit-2ml-V3-Pod-leere-Patrone-0.jpg\",\"contentUrl\":\"https:\/\/ae01.alicdn.com\/kf\/S4f0a8e483e5241aebd7a55bd036145f4j\/Original-Oxva-Xlim-Pro-Kit-1000mAh-Batterie-30W-Vape-mit-2ml-V3-Pod-leere-Patrone-0.jpg\",\"width\":800,\"height\":800},{\"@type\":\"BreadcrumbList\",\"@id\":\"https:\/\/www.elementvape.de\/fi\/produkt\/oxva-xlim-pro-kit-1000mah-batterie-30w\/#breadcrumb\",\"itemListElement\":[{\"@type\":\"ListItem\",\"position\":1,\"name\":\"Home\",\"item\":\"https:\/\/www.elementvape.de\/\"},{\"@type\":\"ListItem\",\"position\":2,\"name\":\"Shop\",\"item\":\"https:\/\/www.elementvape.de\/shop\/\"},{\"@type\":\"ListItem\",\"position\":3,\"name\":\"Oxva Xlim Pro Kit 1000mAh Batterie 30W Vape mit 2ml V3 Pod leere Patrone 0.6\/0,8 Ohm elektronische Zigarette Vapor izer\"}]},{\"@type\":\"WebSite\",\"@id\":\"https:\/\/www.elementvape.de\/#website\",\"url\":\"https:\/\/www.elementvape.de\/\",\"name\":\"ElementVape.de\",\"description\":\"\",\"publisher\":{\"@id\":\"https:\/\/www.elementvape.de\/#organization\"},\"potentialAction\":[{\"@type\":\"SearchAction\",\"target\":{\"@type\":\"EntryPoint\",\"urlTemplate\":\"https:\/\/www.elementvape.de\/?s={search_term_string}\"},\"query-input\":\"required name=search_term_string\"}],\"inLanguage\":\"it-IT\"},{\"@type\":\"Organization\",\"@id\":\"https:\/\/www.elementvape.de\/#organization\",\"name\":\"ElementVape.DE\",\"url\":\"https:\/\/www.elementvape.de\/\",\"logo\":{\"@type\":\"ImageObject\",\"inLanguage\":\"it-IT\",\"@id\":\"https:\/\/www.elementvape.de\/#\/schema\/logo\/image\/\",\"url\":\"https:\/\/www.elementvape.de\/wp-content\/uploads\/2024\/09\/cropped-1elementvape-3.png\",\"contentUrl\":\"https:\/\/www.elementvape.de\/wp-content\/uploads\/2024\/09\/cropped-1elementvape-3.png\",\"width\":285,\"height\":228,\"caption\":\"ElementVape.DE\"},\"image\":{\"@id\":\"https:\/\/www.elementvape.de\/#\/schema\/logo\/image\/\"}}]}<\/script>\n<!-- \/ Yoast SEO plugin. -->","yoast_head_json":{"title":"Oxva Xlim Pro Kit 1000mAh Batterie 30W Vape mit 2ml V3 Pod leere Patrone 0.6\/0,8 Ohm elektronische Zigarette Vapor izer | ElementVape.de","description":"Wir bieten Oxva Xlim Pro Kit 1000mAh Batterie 30W Vape mit 2ml V3 Pod leere Patrone 0.6\/0,8 Ohm elektronische Zigarette Vapor izer , Elementvape.de akzeptieren Gro\u00df-und Einzelhandel Bestellungen.","robots":{"index":"index","follow":"follow","max-snippet":"max-snippet:-1","max-image-preview":"max-image-preview:large","max-video-preview":"max-video-preview:-1"},"canonical":"https:\/\/www.elementvape.de\/it\/produkt\/oxva-xlim-pro-kit-1000mah-batterie-30w\/","og_locale":"it_IT","og_type":"article","og_title":"Oxva Xlim Pro Kit 1000mAh Batterie 30W Vape mit 2ml V3 Pod leere Patrone 0.6\/0,8 Ohm elektronische Zigarette Vapor izer | ElementVape.de","og_description":"Wir bieten Oxva Xlim Pro Kit 1000mAh Batterie 30W Vape mit 2ml V3 Pod leere Patrone 0.6\/0,8 Ohm elektronische Zigarette Vapor izer , Elementvape.de akzeptieren Gro\u00df-und Einzelhandel Bestellungen.","og_url":"https:\/\/www.elementvape.de\/it\/produkt\/oxva-xlim-pro-kit-1000mah-batterie-30w\/","og_site_name":"ElementVape.de","article_modified_time":"2024-12-12T06:36:55+00:00","og_image":[{"width":800,"height":800,"url":"https:\/\/ae01.alicdn.com\/kf\/S4f0a8e483e5241aebd7a55bd036145f4j\/Original-Oxva-Xlim-Pro-Kit-1000mAh-Batterie-30W-Vape-mit-2ml-V3-Pod-leere-Patrone-0.jpg","type":"image\/jpeg"}],"twitter_card":"summary_large_image","twitter_misc":{"Est. reading time":"3 minuti"},"schema":{"@context":"https:\/\/schema.org","@graph":[{"@type":"WebPage","@id":"https:\/\/www.elementvape.de\/fi\/produkt\/oxva-xlim-pro-kit-1000mah-batterie-30w\/","url":"https:\/\/www.elementvape.de\/fi\/produkt\/oxva-xlim-pro-kit-1000mah-batterie-30w\/","name":"Oxva Xlim Pro Kit 1000mAh Batterie 30W Vape mit 2ml V3 Pod leere Patrone 0.6\/0,8 Ohm elektronische Zigarette Vapor izer | ElementVape.de","isPartOf":{"@id":"https:\/\/www.elementvape.de\/#website"},"primaryImageOfPage":{"@id":"https:\/\/www.elementvape.de\/fi\/produkt\/oxva-xlim-pro-kit-1000mah-batterie-30w\/#primaryimage"},"image":{"@id":"https:\/\/www.elementvape.de\/fi\/produkt\/oxva-xlim-pro-kit-1000mah-batterie-30w\/#primaryimage"},"thumbnailUrl":"https:\/\/ae01.alicdn.com\/kf\/S4f0a8e483e5241aebd7a55bd036145f4j\/Original-Oxva-Xlim-Pro-Kit-1000mAh-Batterie-30W-Vape-mit-2ml-V3-Pod-leere-Patrone-0.jpg","datePublished":"2024-04-20T06:38:53+00:00","dateModified":"2024-12-12T06:36:55+00:00","description":"Wir bieten Oxva Xlim Pro Kit 1000mAh Batterie 30W Vape mit 2ml V3 Pod leere Patrone 0.6\/0,8 Ohm elektronische Zigarette Vapor izer , Elementvape.de akzeptieren Gro\u00df-und Einzelhandel Bestellungen.","breadcrumb":{"@id":"https:\/\/www.elementvape.de\/fi\/produkt\/oxva-xlim-pro-kit-1000mah-batterie-30w\/#breadcrumb"},"inLanguage":"it-IT","potentialAction":[{"@type":"ReadAction","target":["https:\/\/www.elementvape.de\/fi\/produkt\/oxva-xlim-pro-kit-1000mah-batterie-30w\/"]}]},{"@type":"ImageObject","inLanguage":"it-IT","@id":"https:\/\/www.elementvape.de\/fi\/produkt\/oxva-xlim-pro-kit-1000mah-batterie-30w\/#primaryimage","url":"https:\/\/ae01.alicdn.com\/kf\/S4f0a8e483e5241aebd7a55bd036145f4j\/Original-Oxva-Xlim-Pro-Kit-1000mAh-Batterie-30W-Vape-mit-2ml-V3-Pod-leere-Patrone-0.jpg","contentUrl":"https:\/\/ae01.alicdn.com\/kf\/S4f0a8e483e5241aebd7a55bd036145f4j\/Original-Oxva-Xlim-Pro-Kit-1000mAh-Batterie-30W-Vape-mit-2ml-V3-Pod-leere-Patrone-0.jpg","width":800,"height":800},{"@type":"BreadcrumbList","@id":"https:\/\/www.elementvape.de\/fi\/produkt\/oxva-xlim-pro-kit-1000mah-batterie-30w\/#breadcrumb","itemListElement":[{"@type":"ListItem","position":1,"name":"Home","item":"https:\/\/www.elementvape.de\/"},{"@type":"ListItem","position":2,"name":"Shop","item":"https:\/\/www.elementvape.de\/shop\/"},{"@type":"ListItem","position":3,"name":"Oxva Xlim Pro Kit 1000mAh Batterie 30W Vape mit 2ml V3 Pod leere Patrone 0.6\/0,8 Ohm elektronische Zigarette Vapor izer"}]},{"@type":"WebSite","@id":"https:\/\/www.elementvape.de\/#website","url":"https:\/\/www.elementvape.de\/","name":"ElementVape.de","description":"","publisher":{"@id":"https:\/\/www.elementvape.de\/#organization"},"potentialAction":[{"@type":"SearchAction","target":{"@type":"EntryPoint","urlTemplate":"https:\/\/www.elementvape.de\/?s={search_term_string}"},"query-input":"required name=search_term_string"}],"inLanguage":"it-IT"},{"@type":"Organization","@id":"https:\/\/www.elementvape.de\/#organization","name":"ElementVape.DE","url":"https:\/\/www.elementvape.de\/","logo":{"@type":"ImageObject","inLanguage":"it-IT","@id":"https:\/\/www.elementvape.de\/#\/schema\/logo\/image\/","url":"https:\/\/www.elementvape.de\/wp-content\/uploads\/2024\/09\/cropped-1elementvape-3.png","contentUrl":"https:\/\/www.elementvape.de\/wp-content\/uploads\/2024\/09\/cropped-1elementvape-3.png","width":285,"height":228,"caption":"ElementVape.DE"},"image":{"@id":"https:\/\/www.elementvape.de\/#\/schema\/logo\/image\/"}}]}},"_links":{"self":[{"href":"https:\/\/www.elementvape.de\/it\/wp-json\/wp\/v2\/product\/8549"}],"collection":[{"href":"https:\/\/www.elementvape.de\/it\/wp-json\/wp\/v2\/product"}],"about":[{"href":"https:\/\/www.elementvape.de\/it\/wp-json\/wp\/v2\/types\/product"}],"wp:featuredmedia":[{"embeddable":true,"href":"https:\/\/www.elementvape.de\/it\/wp-json\/wp\/v2\/media\/8551"}],"wp:attachment":[{"href":"https:\/\/www.elementvape.de\/it\/wp-json\/wp\/v2\/media?parent=8549"}],"wp:term":[{"taxonomy":"product_cat","embeddable":true,"href":"https:\/\/www.elementvape.de\/it\/wp-json\/wp\/v2\/product_cat?post=8549"},{"taxonomy":"product_tag","embeddable":true,"href":"https:\/\/www.elementvape.de\/it\/wp-json\/wp\/v2\/product_tag?post=8549"}],"curies":[{"name":"wp","href":"https:\/\/api.w.org\/{rel}","templated":true}]}}