{"id":8534,"date":"2024-04-20T06:38:29","date_gmt":"2024-04-20T06:38:29","guid":{"rendered":"https:\/\/www.elementvape.de\/?post_type=product&#038;p=8534"},"modified":"2024-12-12T06:36:56","modified_gmt":"2024-12-12T06:36:56","slug":"geekvape-wenax-q-pod-kit-1000mah-batterie-25w","status":"publish","type":"product","link":"https:\/\/www.elementvape.de\/it\/produkt\/geekvape-wenax-q-pod-kit-1000mah-batterie-25w\/","title":{"rendered":"Geekvape Wenax Q Pod Kit 1000mAh batteria 25W vape 2ml riempimento superiore vaporizzatore sigaretta elettronica MTL RDL vape pen"},"content":{"rendered":"<p>&nbsp;<\/p>\n<div class=\"product-specs-list-container\">\n<ul class=\"product-specs-list util-clearfix\">\n<li class=\"product-prop line-limit-length\"><span class=\"property-title\">Funzione di monitoraggio del numero di fumate:\u00a0<\/span><span class=\"property-desc line-limit-length\">No<\/span><\/li>\n<li class=\"product-prop line-limit-length\"><span class=\"property-title\">Custodia in silicone:\u00a0<\/span><span class=\"property-desc line-limit-length\">No<\/span><\/li>\n<li class=\"product-prop line-limit-length\"><span class=\"property-title\">Regolazione della temperatura:\u00a0<\/span><span class=\"property-desc line-limit-length\">Ja<\/span><\/li>\n<li class=\"product-prop line-limit-length\"><span class=\"property-title\">Batteria integrata o esterna:\u00a0<\/span><span class=\"property-desc line-limit-length\">Integrata<\/span><\/li>\n<li class=\"product-prop line-limit-length\"><span class=\"property-title\">Funzione di protezione da cortocircuito:\u00a0<\/span><span class=\"property-desc line-limit-length\">Ja<\/span><\/li>\n<li class=\"product-prop line-limit-length\"><span class=\"property-title\">Funzione di protezione da surriscaldamento:\u00a0<\/span><span class=\"property-desc line-limit-length\">Ja<\/span><\/li>\n<li class=\"product-prop line-limit-length\"><span class=\"property-title\">Funzione di allarme a bassa tensione:\u00a0<\/span><span class=\"property-desc line-limit-length\">Ja<\/span><\/li>\n<li class=\"product-prop line-limit-length\"><span class=\"property-title\">Funzione di identificazione dello spruzzatore:\u00a0<\/span><span class=\"property-desc line-limit-length\">Ja<\/span><\/li>\n<li class=\"product-prop line-limit-length\"><span class=\"property-title\">Modalit\u00e0 di impostazione TCR:\u00a0<\/span><span class=\"property-desc line-limit-length\">Ja<\/span><\/li>\n<li class=\"product-prop line-limit-length\"><span class=\"property-title\">Capacit\u00e0 nominale:\u00a0<\/span><span class=\"property-desc line-limit-length\">1000mAh<\/span><\/li>\n<li class=\"product-prop line-limit-length\"><span class=\"property-title\">Modello compatibile:\u00a0<\/span><span class=\"property-desc line-limit-length\">Box Mod Vape Sigaretta Elettronica<\/span><\/li>\n<li class=\"product-prop line-limit-length\"><span class=\"property-title\">Numero di modello:\u00a0<\/span><span class=\"property-desc line-limit-length\">Kit Pod GeekVape Wenax Q<\/span><\/li>\n<li class=\"product-prop line-limit-length\"><span class=\"property-title\">Caricatore USB:\u00a0<\/span><span class=\"property-desc line-limit-length\">Ja<\/span><\/li>\n<li class=\"product-prop line-limit-length\"><span class=\"property-title\">Aggiornamento del firmware:\u00a0<\/span><span class=\"property-desc line-limit-length\">No<\/span><\/li>\n<li class=\"product-prop line-limit-length\"><span class=\"property-title\">Display:\u00a0<\/span><span class=\"property-desc line-limit-length\">Ja<\/span><\/li>\n<li class=\"product-prop line-limit-length\"><span class=\"property-title\">Tipo:\u00a0<\/span><span class=\"property-desc line-limit-length\">Mod Elettrico<\/span><\/li>\n<li class=\"product-prop line-limit-length\"><span class=\"property-title\">Nome del marchio:\u00a0<\/span><span class=\"property-desc line-limit-length\">GEEKVAPE<\/span><\/li>\n<li class=\"product-prop line-limit-length\"><span class=\"property-title\">Origine:\u00a0<\/span><span class=\"property-desc line-limit-length\">CN (Origine)<\/span><\/li>\n<\/ul>\n<\/div>\n<div class=\"detailmodule_html\">\n<div class=\"detail-desc-decorate-richtext\">\n<div class=\"detailmodule_dynamic\"><\/div>\n<div><\/div>\n<div><span id=\"tl_1\" style=\"font-size: 22px; font-family: arial, helvetica, sans-serif;\">Geekvape Wenax Q Pod Kit 1000mAh batteria 25W vape 2ml riempimento superiore vaporizzatore sigaretta elettronica MTL RDL vape pen<\/span><\/div>\n<div><\/div>\n<p><span id=\"tl_2\" style=\"font-size: 18px; font-family: arial, helvetica, sans-serif;\">Descrizione:<\/span><\/p>\n<p><span id=\"tl_3\" style=\"font-size: 18px; font-family: arial, helvetica, sans-serif;\">Il kit Wenax Q \u00e8 dotato di batteria da 1000mAh e di cartuccia Geekvape Q da 2ml. \u00c8 facile per te staccare la punta a goccia e riempire il liquido elettronico. Offre non solo un controllo preciso del flusso d'aria per creare diverse nuvole, ma anche un controllo preciso dell'erogazione per ottenere un sapore delicato o un colpo di gola intenso. Inoltre, \u00e8 semplice e leggero da usare con la modalit\u00e0 intelligente. \u00c8 stato aggiunto un display HD per mostrarti i dettagli. Il kit Geekvape Wenax Q pu\u00f2 offrire vaping MTL e restrittivo DTL. Il kit Wenax Q utilizza la tecnologia VPU pi\u00f9 recente, che ti garantisce un sapore pi\u00f9 delicato, una durata pi\u00f9 lunga e un vaping pi\u00f9 sicuro.<\/span><\/p>\n<p>&nbsp;<\/p>\n<p><span id=\"tl_4\" style=\"font-size: 18px; font-family: arial, helvetica, sans-serif;\">Parametri:<\/span><\/p>\n<p><span id=\"tl_5\" style=\"font-size: 18px; font-family: arial, helvetica, sans-serif;\">Marca: geekvape<\/span><\/p>\n<p><span id=\"tl_6\" style=\"font-size: 18px; font-family: arial, helvetica, sans-serif;\">Nome del prodotto: kit wenax q<\/span><\/p>\n<p><span id=\"tl_7\" style=\"font-size: 18px; font-family: arial, helvetica, sans-serif;\">Potenza erogata: 5-25w<\/span><\/p>\n<p><span id=\"tl_8\" style=\"font-size: 18px; font-family: arial, helvetica, sans-serif;\">Capacit\u00e0 della cartuccia: 2ml<\/span><\/p>\n<p><span id=\"tl_9\" style=\"font-size: 18px; font-family: arial, helvetica, sans-serif;\">Resistenza delle coil: 0,6 Ohm\/1,2 Ohm<\/span><\/p>\n<p><span id=\"tl_10\" style=\"font-size: 18px; font-family: arial, helvetica, sans-serif;\">Capacit\u00e0 della batteria: 1000mah<\/span><\/p>\n<p><span id=\"tl_11\" style=\"font-size: 18px; font-family: arial, helvetica, sans-serif;\">Connessione di ricarica: Typ-c<\/span><\/p>\n<p><span id=\"tl_12\" style=\"font-size: 18px; font-family: arial, helvetica, sans-serif;\">Display: schermo HD OLED &amp; LED sul pulsante<\/span><\/p>\n<p><span id=\"tl_13\" style=\"font-size: 18px; font-family: arial, helvetica, sans-serif;\">Indicazioni sullo stato della batteria: luce rossa (70%)<\/span><\/p>\n<p><span id=\"tl_14\" style=\"font-size: 18px; font-family: arial, helvetica, sans-serif;\">Temperatura di lavoro: ~ 60 \u2103<\/span><\/p>\n<p><span id=\"tl_15\" style=\"font-size: 18px; font-family: arial, helvetica, sans-serif;\">Tipo di riempimento: riempimento superiore<\/span><\/p>\n<p><span id=\"tl_16\" style=\"font-size: 18px; font-family: arial, helvetica, sans-serif;\">Colore: Blu Cobalto, Rosa, Rosa Sakura, Violetta Gradiente, Giallo Tramonto, Verde Turchese, Gradiente scuro, nero<\/span><\/p>\n<p>&nbsp;<\/p>\n<p><span id=\"tl_17\" style=\"font-size: 18px; font-family: arial, helvetica, sans-serif;\">Dettagli:<\/span><\/p>\n<p><span id=\"tl_18\" style=\"font-size: 18px; font-family: arial, helvetica, sans-serif;\">1. Compatibile con cartuccia geekvape q<\/span><\/p>\n<p><span id=\"tl_19\" style=\"font-size: 18px; font-family: arial, helvetica, sans-serif;\">2. Regolazioni precise per flusso d'aria e erogazione<\/span><\/p>\n<p><span id=\"tl_20\" style=\"font-size: 18px; font-family: arial, helvetica, sans-serif;\">3. potenza massima 25w, riempimento superiore<\/span><\/p>\n<p><span id=\"tl_21\" style=\"font-size: 18px; font-family: arial, helvetica, sans-serif;\">4. display HD OLED<\/span><\/p>\n<p><span id=\"tl_22\" style=\"font-size: 18px; font-family: arial, helvetica, sans-serif;\">5. batteria da 1000mAh, prestazioni stabili<\/span><\/p>\n<p><span id=\"tl_23\" style=\"font-size: 18px; font-family: arial, helvetica, sans-serif;\">6. design sicuro per bambini<\/span><\/p>\n<p><span id=\"tl_24\" style=\"font-size: 18px; font-family: arial, helvetica, sans-serif;\">7. supporto vaping mensile e rdl limitato<\/span><\/p>\n<p><span id=\"tl_25\" style=\"font-size: 18px; font-family: arial, helvetica, sans-serif;\">8. corpo solido, dall'aspetto lucido<\/span><\/p>\n<p><span id=\"tl_26\" style=\"font-size: 18px; font-family: arial, helvetica, sans-serif;\">9. tecnologia VPU: sapore pi\u00f9 morbido, durata d'uso pi\u00f9 lunga, vape pi\u00f9 sicuro<\/span><\/p>\n<p>&nbsp;<\/p>\n<p><span id=\"tl_27\" style=\"font-size: 18px; font-family: arial, helvetica, sans-serif;\">Il pacchetto del kit pod Wenax Q include:<\/span><\/p>\n<p><span id=\"tl_28\" style=\"font-size: 18px; font-family: arial, helvetica, sans-serif;\">1 * dispositivo Geekvape Wenax Q<\/span><\/p>\n<p><span id=\"tl_29\" style=\"font-size: 18px; font-family: arial, helvetica, sans-serif;\">1 * cartuccia Geekvape Q 2ml 0,6 Ohm<\/span><\/p>\n<p><span id=\"tl_30\" style=\"font-size: 18px; font-family: arial, helvetica, sans-serif;\">1 * cartuccia Geekvape Q 2ml 1,2 Ohm<\/span><\/p>\n<p><span id=\"tl_31\" style=\"font-size: 18px; font-family: arial, helvetica, sans-serif;\">1 * cavo USB-C<\/span><\/p>\n<p>&nbsp;<\/p>\n<p><img decoding=\"async\" loading=\"lazy\" src=\"https:\/\/ae01.alicdn.com\/kf\/S0f35172d2b8d4383b89c53ef42c740b57.jpg\" \/><img decoding=\"async\" loading=\"lazy\" src=\"https:\/\/ae01.alicdn.com\/kf\/S66385c6823984ad3826809194051885fs.jpg\" \/><img decoding=\"async\" loading=\"lazy\" src=\"https:\/\/ae01.alicdn.com\/kf\/Sfe20b1543e0741e3a8aed5bf527102b64.jpg\" \/><img decoding=\"async\" loading=\"lazy\" src=\"https:\/\/ae01.alicdn.com\/kf\/S062c36c14c5b40bbb9e529f152fc6cafW.jpg\" \/><img decoding=\"async\" loading=\"lazy\" src=\"https:\/\/ae01.alicdn.com\/kf\/S2fdf992c8e0c4ccb8359c61d6beff5b2B.jpg\" \/><img decoding=\"async\" loading=\"lazy\" src=\"https:\/\/ae01.alicdn.com\/kf\/Saee4b05379284bffa78fa39c36a1225fh.jpg\" \/><img decoding=\"async\" loading=\"lazy\" src=\"https:\/\/ae01.alicdn.com\/kf\/S597c0bfd460d4576a872ae0f7112cf9fy.jpg\" \/><img decoding=\"async\" loading=\"lazy\" src=\"https:\/\/ae01.alicdn.com\/kf\/Sf14f4954366243c0af40177a45671f39n.jpg\" \/><img decoding=\"async\" loading=\"lazy\" src=\"https:\/\/ae01.alicdn.com\/kf\/Sc1d354a45dae44829a1669d651b78187h.jpg\" \/><\/p>\n<\/div>\n<\/div>","protected":false},"excerpt":{"rendered":"<p>&nbsp; \u00dcberwachung Funktion Von Rauchen Anzahl:\u00a0Nein Silikon Fall:\u00a0Nein Temperaturregelung:\u00a0Ja Eingebaute Oder Externe Batterie:\u00a0Eingebaute Kurzschlussschutz Funktion:\u00a0Ja \u00dcberhitzungsschutz-funktion:\u00a0Ja Niederspannungsalarmfunktion:\u00a0Ja Zerst\u00e4uber Identifikation Funktion:\u00a0Ja TCR Einstellung Modi:\u00a0Ja Nominale Kapazit\u00e4t:\u00a01000mAh Compatible Model:\u00a0Electronic Cigarette Box Mod Vape Modellnummer:\u00a0GeekVape Wenax Q Pod Kit Usb-ladeger\u00e4t:\u00a0Ja Firmware-upgrade:\u00a0Nein Display:\u00a0Ja Art:\u00a0Elektrische Mod Markenname:\u00a0GEEKVAPE Ursprung:\u00a0CN (Herkunft) Original geekvape wenax q pod kit 1000mah batterie 25w vape 2ml [&hellip;]<\/p>","protected":false},"featured_media":8535,"template":"","meta":{"inline_featured_image":false},"product_cat":[750,737,736,749,76,81],"product_tag":[],"tiered_pricing_type":"fixed","tiered_pricing_fixed_rules":[],"tiered_pricing_percentage_rules":[],"tiered_pricing_minimum":1,"_administrator_tiered_pricing_type":"fixed","_administrator_tiered_pricing_fixed_rules":[],"_editor_tiered_pricing_type":"fixed","_editor_tiered_pricing_fixed_rules":[],"_author_tiered_pricing_type":"fixed","_author_tiered_pricing_fixed_rules":[],"_contributor_tiered_pricing_type":"fixed","_contributor_tiered_pricing_fixed_rules":[],"_subscriber_tiered_pricing_type":"fixed","_subscriber_tiered_pricing_fixed_rules":[],"_customer_tiered_pricing_type":"fixed","_customer_tiered_pricing_fixed_rules":[],"_shop_manager_tiered_pricing_type":"fixed","_shop_manager_tiered_pricing_fixed_rules":[],"_wpseo_manager_tiered_pricing_type":"fixed","_wpseo_manager_tiered_pricing_fixed_rules":[],"_wpseo_editor_tiered_pricing_type":"fixed","_wpseo_editor_tiered_pricing_fixed_rules":[],"_wholesale_customer_tiered_pricing_type":"fixed","_wholesale_customer_tiered_pricing_fixed_rules":[],"_marketer_tiered_pricing_type":"fixed","_marketer_tiered_pricing_fixed_rules":[],"_sales_manager_tiered_pricing_type":"fixed","_sales_manager_tiered_pricing_fixed_rules":[],"_sales_rep_tiered_pricing_type":"fixed","_sales_rep_tiered_pricing_fixed_rules":[],"yoast_head":"<!-- This site is optimized with the Yoast SEO plugin v23.3 - https:\/\/yoast.com\/wordpress\/plugins\/seo\/ -->\n<title>Geekvape wenax q pod kit 1000mah batterie 25w vape 2ml top f\u00fcllung vapor izer elektronische zigarette mtl rdl vape pen | ElementVape.de<\/title>\n<meta name=\"description\" content=\"Wir bieten Geekvape wenax q pod kit 1000mah batterie 25w vape 2ml top f\u00fcllung vapor izer elektronische zigarette mtl rdl vape pen , Elementvape.de akzeptieren Gro\u00df-und Einzelhandel Bestellungen.\" \/>\n<meta name=\"robots\" content=\"index, follow, max-snippet:-1, max-image-preview:large, max-video-preview:-1\" \/>\n<link rel=\"canonical\" href=\"https:\/\/www.elementvape.de\/it\/produkt\/geekvape-wenax-q-pod-kit-1000mah-batterie-25w\/\" \/>\n<meta property=\"og:locale\" content=\"it_IT\" \/>\n<meta property=\"og:type\" content=\"article\" \/>\n<meta property=\"og:title\" content=\"Geekvape wenax q pod kit 1000mah batterie 25w vape 2ml top f\u00fcllung vapor izer elektronische zigarette mtl rdl vape pen | ElementVape.de\" \/>\n<meta property=\"og:description\" content=\"Wir bieten Geekvape wenax q pod kit 1000mah batterie 25w vape 2ml top f\u00fcllung vapor izer elektronische zigarette mtl rdl vape pen , Elementvape.de akzeptieren Gro\u00df-und Einzelhandel Bestellungen.\" \/>\n<meta property=\"og:url\" content=\"https:\/\/www.elementvape.de\/it\/produkt\/geekvape-wenax-q-pod-kit-1000mah-batterie-25w\/\" \/>\n<meta property=\"og:site_name\" content=\"ElementVape.de\" \/>\n<meta property=\"article:modified_time\" content=\"2024-12-12T06:36:56+00:00\" \/>\n<meta property=\"og:image\" content=\"https:\/\/ae01.alicdn.com\/kf\/S60babee1543440dc98062f0cb3c7b75fQ\/Original-geekvape-wenax-q-pod-kit-1000mah-batterie-25w-vape-2ml-top-f-llung-vapor-izer.jpg\" \/>\n\t<meta property=\"og:image:width\" content=\"800\" \/>\n\t<meta property=\"og:image:height\" content=\"800\" \/>\n\t<meta property=\"og:image:type\" content=\"image\/jpeg\" \/>\n<meta name=\"twitter:card\" content=\"summary_large_image\" \/>\n<meta name=\"twitter:label1\" content=\"Est. reading time\" \/>\n\t<meta name=\"twitter:data1\" content=\"4 minuti\" \/>\n<script type=\"application\/ld+json\" class=\"yoast-schema-graph\">{\"@context\":\"https:\/\/schema.org\",\"@graph\":[{\"@type\":\"WebPage\",\"@id\":\"https:\/\/www.elementvape.de\/produkt\/geekvape-wenax-q-pod-kit-1000mah-batterie-25w\/\",\"url\":\"https:\/\/www.elementvape.de\/produkt\/geekvape-wenax-q-pod-kit-1000mah-batterie-25w\/\",\"name\":\"Geekvape wenax q pod kit 1000mah batterie 25w vape 2ml top f\u00fcllung vapor izer elektronische zigarette mtl rdl vape pen | ElementVape.de\",\"isPartOf\":{\"@id\":\"https:\/\/www.elementvape.de\/#website\"},\"primaryImageOfPage\":{\"@id\":\"https:\/\/www.elementvape.de\/produkt\/geekvape-wenax-q-pod-kit-1000mah-batterie-25w\/#primaryimage\"},\"image\":{\"@id\":\"https:\/\/www.elementvape.de\/produkt\/geekvape-wenax-q-pod-kit-1000mah-batterie-25w\/#primaryimage\"},\"thumbnailUrl\":\"https:\/\/ae01.alicdn.com\/kf\/S60babee1543440dc98062f0cb3c7b75fQ\/Original-geekvape-wenax-q-pod-kit-1000mah-batterie-25w-vape-2ml-top-f-llung-vapor-izer.jpg\",\"datePublished\":\"2024-04-20T06:38:29+00:00\",\"dateModified\":\"2024-12-12T06:36:56+00:00\",\"description\":\"Wir bieten Geekvape wenax q pod kit 1000mah batterie 25w vape 2ml top f\u00fcllung vapor izer elektronische zigarette mtl rdl vape pen , Elementvape.de akzeptieren Gro\u00df-und Einzelhandel Bestellungen.\",\"breadcrumb\":{\"@id\":\"https:\/\/www.elementvape.de\/produkt\/geekvape-wenax-q-pod-kit-1000mah-batterie-25w\/#breadcrumb\"},\"inLanguage\":\"it-IT\",\"potentialAction\":[{\"@type\":\"ReadAction\",\"target\":[\"https:\/\/www.elementvape.de\/produkt\/geekvape-wenax-q-pod-kit-1000mah-batterie-25w\/\"]}]},{\"@type\":\"ImageObject\",\"inLanguage\":\"it-IT\",\"@id\":\"https:\/\/www.elementvape.de\/produkt\/geekvape-wenax-q-pod-kit-1000mah-batterie-25w\/#primaryimage\",\"url\":\"https:\/\/ae01.alicdn.com\/kf\/S60babee1543440dc98062f0cb3c7b75fQ\/Original-geekvape-wenax-q-pod-kit-1000mah-batterie-25w-vape-2ml-top-f-llung-vapor-izer.jpg\",\"contentUrl\":\"https:\/\/ae01.alicdn.com\/kf\/S60babee1543440dc98062f0cb3c7b75fQ\/Original-geekvape-wenax-q-pod-kit-1000mah-batterie-25w-vape-2ml-top-f-llung-vapor-izer.jpg\",\"width\":800,\"height\":800},{\"@type\":\"BreadcrumbList\",\"@id\":\"https:\/\/www.elementvape.de\/produkt\/geekvape-wenax-q-pod-kit-1000mah-batterie-25w\/#breadcrumb\",\"itemListElement\":[{\"@type\":\"ListItem\",\"position\":1,\"name\":\"Home\",\"item\":\"https:\/\/www.elementvape.de\/\"},{\"@type\":\"ListItem\",\"position\":2,\"name\":\"Shop\",\"item\":\"https:\/\/www.elementvape.de\/shop\/\"},{\"@type\":\"ListItem\",\"position\":3,\"name\":\"Geekvape wenax q pod kit 1000mah batterie 25w vape 2ml top f\u00fcllung vapor izer elektronische zigarette mtl rdl vape pen\"}]},{\"@type\":\"WebSite\",\"@id\":\"https:\/\/www.elementvape.de\/#website\",\"url\":\"https:\/\/www.elementvape.de\/\",\"name\":\"ElementVape.de\",\"description\":\"\",\"publisher\":{\"@id\":\"https:\/\/www.elementvape.de\/#organization\"},\"potentialAction\":[{\"@type\":\"SearchAction\",\"target\":{\"@type\":\"EntryPoint\",\"urlTemplate\":\"https:\/\/www.elementvape.de\/?s={search_term_string}\"},\"query-input\":\"required name=search_term_string\"}],\"inLanguage\":\"it-IT\"},{\"@type\":\"Organization\",\"@id\":\"https:\/\/www.elementvape.de\/#organization\",\"name\":\"ElementVape.DE\",\"url\":\"https:\/\/www.elementvape.de\/\",\"logo\":{\"@type\":\"ImageObject\",\"inLanguage\":\"it-IT\",\"@id\":\"https:\/\/www.elementvape.de\/#\/schema\/logo\/image\/\",\"url\":\"https:\/\/www.elementvape.de\/wp-content\/uploads\/2024\/09\/cropped-1elementvape-3.png\",\"contentUrl\":\"https:\/\/www.elementvape.de\/wp-content\/uploads\/2024\/09\/cropped-1elementvape-3.png\",\"width\":285,\"height\":228,\"caption\":\"ElementVape.DE\"},\"image\":{\"@id\":\"https:\/\/www.elementvape.de\/#\/schema\/logo\/image\/\"}}]}<\/script>\n<!-- \/ Yoast SEO plugin. -->","yoast_head_json":{"title":"Geekvape wenax q pod kit 1000mah batterie 25w vape 2ml top f\u00fcllung vapor izer elektronische zigarette mtl rdl vape pen | ElementVape.de","description":"Wir bieten Geekvape wenax q pod kit 1000mah batterie 25w vape 2ml top f\u00fcllung vapor izer elektronische zigarette mtl rdl vape pen , Elementvape.de akzeptieren Gro\u00df-und Einzelhandel Bestellungen.","robots":{"index":"index","follow":"follow","max-snippet":"max-snippet:-1","max-image-preview":"max-image-preview:large","max-video-preview":"max-video-preview:-1"},"canonical":"https:\/\/www.elementvape.de\/it\/produkt\/geekvape-wenax-q-pod-kit-1000mah-batterie-25w\/","og_locale":"it_IT","og_type":"article","og_title":"Geekvape wenax q pod kit 1000mah batterie 25w vape 2ml top f\u00fcllung vapor izer elektronische zigarette mtl rdl vape pen | ElementVape.de","og_description":"Wir bieten Geekvape wenax q pod kit 1000mah batterie 25w vape 2ml top f\u00fcllung vapor izer elektronische zigarette mtl rdl vape pen , Elementvape.de akzeptieren Gro\u00df-und Einzelhandel Bestellungen.","og_url":"https:\/\/www.elementvape.de\/it\/produkt\/geekvape-wenax-q-pod-kit-1000mah-batterie-25w\/","og_site_name":"ElementVape.de","article_modified_time":"2024-12-12T06:36:56+00:00","og_image":[{"width":800,"height":800,"url":"https:\/\/ae01.alicdn.com\/kf\/S60babee1543440dc98062f0cb3c7b75fQ\/Original-geekvape-wenax-q-pod-kit-1000mah-batterie-25w-vape-2ml-top-f-llung-vapor-izer.jpg","type":"image\/jpeg"}],"twitter_card":"summary_large_image","twitter_misc":{"Est. reading time":"4 minuti"},"schema":{"@context":"https:\/\/schema.org","@graph":[{"@type":"WebPage","@id":"https:\/\/www.elementvape.de\/produkt\/geekvape-wenax-q-pod-kit-1000mah-batterie-25w\/","url":"https:\/\/www.elementvape.de\/produkt\/geekvape-wenax-q-pod-kit-1000mah-batterie-25w\/","name":"Geekvape wenax q pod kit 1000mah batterie 25w vape 2ml top f\u00fcllung vapor izer elektronische zigarette mtl rdl vape pen | ElementVape.de","isPartOf":{"@id":"https:\/\/www.elementvape.de\/#website"},"primaryImageOfPage":{"@id":"https:\/\/www.elementvape.de\/produkt\/geekvape-wenax-q-pod-kit-1000mah-batterie-25w\/#primaryimage"},"image":{"@id":"https:\/\/www.elementvape.de\/produkt\/geekvape-wenax-q-pod-kit-1000mah-batterie-25w\/#primaryimage"},"thumbnailUrl":"https:\/\/ae01.alicdn.com\/kf\/S60babee1543440dc98062f0cb3c7b75fQ\/Original-geekvape-wenax-q-pod-kit-1000mah-batterie-25w-vape-2ml-top-f-llung-vapor-izer.jpg","datePublished":"2024-04-20T06:38:29+00:00","dateModified":"2024-12-12T06:36:56+00:00","description":"Wir bieten Geekvape wenax q pod kit 1000mah batterie 25w vape 2ml top f\u00fcllung vapor izer elektronische zigarette mtl rdl vape pen , Elementvape.de akzeptieren Gro\u00df-und Einzelhandel Bestellungen.","breadcrumb":{"@id":"https:\/\/www.elementvape.de\/produkt\/geekvape-wenax-q-pod-kit-1000mah-batterie-25w\/#breadcrumb"},"inLanguage":"it-IT","potentialAction":[{"@type":"ReadAction","target":["https:\/\/www.elementvape.de\/produkt\/geekvape-wenax-q-pod-kit-1000mah-batterie-25w\/"]}]},{"@type":"ImageObject","inLanguage":"it-IT","@id":"https:\/\/www.elementvape.de\/produkt\/geekvape-wenax-q-pod-kit-1000mah-batterie-25w\/#primaryimage","url":"https:\/\/ae01.alicdn.com\/kf\/S60babee1543440dc98062f0cb3c7b75fQ\/Original-geekvape-wenax-q-pod-kit-1000mah-batterie-25w-vape-2ml-top-f-llung-vapor-izer.jpg","contentUrl":"https:\/\/ae01.alicdn.com\/kf\/S60babee1543440dc98062f0cb3c7b75fQ\/Original-geekvape-wenax-q-pod-kit-1000mah-batterie-25w-vape-2ml-top-f-llung-vapor-izer.jpg","width":800,"height":800},{"@type":"BreadcrumbList","@id":"https:\/\/www.elementvape.de\/produkt\/geekvape-wenax-q-pod-kit-1000mah-batterie-25w\/#breadcrumb","itemListElement":[{"@type":"ListItem","position":1,"name":"Home","item":"https:\/\/www.elementvape.de\/"},{"@type":"ListItem","position":2,"name":"Shop","item":"https:\/\/www.elementvape.de\/shop\/"},{"@type":"ListItem","position":3,"name":"Geekvape wenax q pod kit 1000mah batterie 25w vape 2ml top f\u00fcllung vapor izer elektronische zigarette mtl rdl vape pen"}]},{"@type":"WebSite","@id":"https:\/\/www.elementvape.de\/#website","url":"https:\/\/www.elementvape.de\/","name":"ElementVape.de","description":"","publisher":{"@id":"https:\/\/www.elementvape.de\/#organization"},"potentialAction":[{"@type":"SearchAction","target":{"@type":"EntryPoint","urlTemplate":"https:\/\/www.elementvape.de\/?s={search_term_string}"},"query-input":"required name=search_term_string"}],"inLanguage":"it-IT"},{"@type":"Organization","@id":"https:\/\/www.elementvape.de\/#organization","name":"ElementVape.DE","url":"https:\/\/www.elementvape.de\/","logo":{"@type":"ImageObject","inLanguage":"it-IT","@id":"https:\/\/www.elementvape.de\/#\/schema\/logo\/image\/","url":"https:\/\/www.elementvape.de\/wp-content\/uploads\/2024\/09\/cropped-1elementvape-3.png","contentUrl":"https:\/\/www.elementvape.de\/wp-content\/uploads\/2024\/09\/cropped-1elementvape-3.png","width":285,"height":228,"caption":"ElementVape.DE"},"image":{"@id":"https:\/\/www.elementvape.de\/#\/schema\/logo\/image\/"}}]}},"_links":{"self":[{"href":"https:\/\/www.elementvape.de\/it\/wp-json\/wp\/v2\/product\/8534"}],"collection":[{"href":"https:\/\/www.elementvape.de\/it\/wp-json\/wp\/v2\/product"}],"about":[{"href":"https:\/\/www.elementvape.de\/it\/wp-json\/wp\/v2\/types\/product"}],"wp:featuredmedia":[{"embeddable":true,"href":"https:\/\/www.elementvape.de\/it\/wp-json\/wp\/v2\/media\/8535"}],"wp:attachment":[{"href":"https:\/\/www.elementvape.de\/it\/wp-json\/wp\/v2\/media?parent=8534"}],"wp:term":[{"taxonomy":"product_cat","embeddable":true,"href":"https:\/\/www.elementvape.de\/it\/wp-json\/wp\/v2\/product_cat?post=8534"},{"taxonomy":"product_tag","embeddable":true,"href":"https:\/\/www.elementvape.de\/it\/wp-json\/wp\/v2\/product_tag?post=8534"}],"curies":[{"name":"wp","href":"https:\/\/api.w.org\/{rel}","templated":true}]}}