{"id":8466,"date":"2024-04-20T06:34:49","date_gmt":"2024-04-20T06:34:49","guid":{"rendered":"https:\/\/www.elementvape.de\/?post_type=product&#038;p=8466"},"modified":"2024-12-12T06:37:03","modified_gmt":"2024-12-12T06:37:03","slug":"justfog-minifit-pod-kit-19-ml-pod","status":"publish","type":"product","link":"https:\/\/www.elementvape.de\/it\/produkt\/justfog-minifit-pod-kit-19-ml-pod\/","title":{"rendered":"Justfog Minifit Pod Kit 1,9 ml Pod cartuccia con batteria integrata da 420mAh 12W sigaretta elettronica Vape Vaporizzatore"},"content":{"rendered":"<p>&nbsp;<\/p>\n<div class=\"product-specs-list-container\">\n<ul class=\"product-specs-list util-clearfix\">\n<li class=\"product-prop line-limit-length\"><span class=\"property-title\">Aspetto:\u00a0<\/span><span class=\"property-desc line-limit-length\">Forma della scatola<\/span><\/li>\n<li class=\"product-prop line-limit-length\"><span class=\"property-title\">Funzione di monitoraggio del numero di fumate:\u00a0<\/span><span class=\"property-desc line-limit-length\">No<\/span><\/li>\n<li class=\"product-prop line-limit-length\"><span class=\"property-title\">Custodia in silicone:\u00a0<\/span><span class=\"property-desc line-limit-length\">No<\/span><\/li>\n<li class=\"product-prop line-limit-length\"><span class=\"property-title\">Regolazione della temperatura:\u00a0<\/span><span class=\"property-desc line-limit-length\">No<\/span><\/li>\n<li class=\"product-prop line-limit-length\"><span class=\"property-title\">Batteria integrata o esterna:\u00a0<\/span><span class=\"property-desc line-limit-length\">Integrata<\/span><\/li>\n<li class=\"product-prop line-limit-length\"><span class=\"property-title\">Funzione di protezione da cortocircuito:\u00a0<\/span><span class=\"property-desc line-limit-length\">Ja<\/span><\/li>\n<li class=\"product-prop line-limit-length\"><span class=\"property-title\">Funzione di protezione da surriscaldamento:\u00a0<\/span><span class=\"property-desc line-limit-length\">Ja<\/span><\/li>\n<li class=\"product-prop line-limit-length\"><span class=\"property-title\">Funzione di allarme a bassa tensione:\u00a0<\/span><span class=\"property-desc line-limit-length\">No<\/span><\/li>\n<li class=\"product-prop line-limit-length\"><span class=\"property-title\">Funzione di identificazione dello spruzzatore:\u00a0<\/span><span class=\"property-desc line-limit-length\">Ja<\/span><\/li>\n<li class=\"product-prop line-limit-length\"><span class=\"property-title\">Materiale:\u00a0<\/span><span class=\"property-desc line-limit-length\">Metallo<\/span><\/li>\n<li class=\"product-prop line-limit-length\"><span class=\"property-title\">Modello compatibile:\u00a0<\/span><span class=\"property-desc line-limit-length\">Joyetech Sigarette Elettroniche Vape<\/span><\/li>\n<li class=\"product-prop line-limit-length\"><span class=\"property-title\">Numero di modello:\u00a0<\/span><span class=\"property-desc line-limit-length\">Funzione di monitoraggio del numero di fumate: No<\/span><\/li>\n<li class=\"product-prop line-limit-length\"><span class=\"property-title\">Caricatore USB:\u00a0<\/span><span class=\"property-desc line-limit-length\">Ja<\/span><\/li>\n<li class=\"product-prop line-limit-length\"><span class=\"property-title\">Aggiornamento del firmware:\u00a0<\/span><span class=\"property-desc line-limit-length\">No<\/span><\/li>\n<li class=\"product-prop line-limit-length\"><span class=\"property-title\">Display:\u00a0<\/span><span class=\"property-desc line-limit-length\">No<\/span><\/li>\n<li class=\"product-prop line-limit-length\"><span class=\"property-title\">Tipo:\u00a0<\/span><span class=\"property-desc line-limit-length\">Con Batteria<\/span><\/li>\n<li class=\"product-prop line-limit-length\"><span class=\"property-title\">Nome del marchio:\u00a0<\/span><span class=\"property-desc line-limit-length\">Custodia in silicone: No<\/span><\/li>\n<li class=\"product-prop line-limit-length\"><span class=\"property-title\">Origine:\u00a0<\/span><span class=\"property-desc line-limit-length\">CN (Origine)<\/span><\/li>\n<\/ul>\n<\/div>\n<div class=\"detailmodule_html\">\n<div class=\"detail-desc-decorate-richtext\">\n<h1 style=\"font-family: arial, verdana, sans-serif; font-size: 12px; margin: 0px; padding: 0px;\"><\/h1>\n<p>&nbsp;<\/p>\n<p><span style=\"font-size: 22px; font-family: arial, helvetica, sans-serif;\"><span id=\"tl_1\" style=\"font-size: 22px;\">Justfog Minifit Pod Kit 1,9 ml Pod cartuccia con batteria integrata da 420mAh 12W sigaretta elettronica Vape Vaporizzatore<\/span><\/span><\/p>\n<p>&nbsp;<\/p>\n<p><img loading=\"lazy\" decoding=\"async\" src=\"https:\/\/ae01.alicdn.com\/kf\/HTB1JYqGQpXXXXbwXVXXq6xXFXXXi.jpg\" width=\"920\" height=\"50\" \/><\/p>\n<div>\n<div>\n<div><\/div>\n<div><strong><i><u><span id=\"tl_2\" style=\"font-size: 18px; font-family: arial, helvetica, sans-serif;\">Descrizione:<\/span><\/u><\/i><\/strong><\/div>\n<div><span id=\"tl_3\" style=\"font-size: 18px; font-family: arial, helvetica, sans-serif;\">Il kit minifit-s dispone di una batteria integrata da 420mAh con potenza costante di 12W. Offre opzioni di attivazione tramite Auto\/Pulsante con doppio modo di inalazione. La visualizzazione della batteria residua e la funzione di accensione\/spegnimento rendono l'uso pi\u00f9 comodo. Dotato di ricarica USB di tipo C, il kit justfog minifit-s \u00e8 facile da ricaricare. Inoltre, ha una capacit\u00e0 del pod di 1,9 ml e un sistema di riempimento semplice dal basso. Dispone anche di una coil in mesh da 0,8 Ohm integrata per un gusto eccezionale. Prendilo facilmente.<\/span><\/div>\n<div><\/div>\n<div><\/div>\n<div><strong><u><i><span id=\"tl_4\" style=\"font-size: 18px; font-family: arial, helvetica, sans-serif;\">Parametri:<\/span><\/i><\/u><\/strong><\/div>\n<div><span id=\"tl_5\" style=\"font-size: 18px; font-family: arial, helvetica, sans-serif;\">Marca: justfog<\/span><\/div>\n<div><span id=\"tl_6\" style=\"font-size: 18px; font-family: arial, helvetica, sans-serif;\">Nome del prodotto: kit minifit-s<\/span><\/div>\n<div><span id=\"tl_7\" style=\"font-size: 18px; font-family: arial, helvetica, sans-serif;\">Capacit\u00e0 della batteria: batteria integrata da 420mAh<\/span><\/div>\n<div><span id=\"tl_8\" style=\"font-size: 18px; font-family: arial, helvetica, sans-serif;\">Potenza costante: 12w<\/span><\/div>\n<div><span id=\"tl_9\" style=\"font-size: 18px; font-family: arial, helvetica, sans-serif;\">Tipo di ricarica: ricarica USB di tipo C DC 5V<\/span><\/div>\n<div><span id=\"tl_10\" style=\"font-size: 18px; font-family: arial, helvetica, sans-serif;\">Modo di attivazione: Auto\/Pulsante con doppio modo di inalazione<\/span><\/div>\n<div><span id=\"tl_11\" style=\"font-size: 18px; font-family: arial, helvetica, sans-serif;\">Capacit\u00e0 del pod: 1,9 ml<\/span><\/div>\n<div><span id=\"tl_12\" style=\"font-size: 18px; font-family: arial, helvetica, sans-serif;\">Tipo di riempimento: riempimento dal basso<\/span><\/div>\n<div><span id=\"tl_13\" style=\"font-size: 18px; font-family: arial, helvetica, sans-serif;\">Tipo di coil: coil in mesh da 0,8 Ohm integrata<\/span><\/div>\n<div><span id=\"tl_14\" style=\"font-size: 18px; font-family: arial, helvetica, sans-serif;\">Colore: nero, argento, rosso, oro, blu<\/span><\/div>\n<div><\/div>\n<div><\/div>\n<div><u><i><strong><span id=\"tl_15\" style=\"font-size: 18px; font-family: arial, helvetica, sans-serif;\">Dettagli:<\/span><\/strong><\/i><\/u><\/div>\n<div><span id=\"tl_16\" style=\"font-size: 18px; font-family: arial, helvetica, sans-serif;\">1. Batteria integrata da 420mah con potenza costante di 12W<\/span><\/div>\n<div><span id=\"tl_17\" style=\"font-size: 18px; font-family: arial, helvetica, sans-serif;\">2. Ricarica USB di tipo C per un vaping tutto il giorno<\/span><\/div>\n<div><span id=\"tl_18\" style=\"font-size: 18px; font-family: arial, helvetica, sans-serif;\">3. Offre opzioni di attivazione Auto\/Pulsante con doppio modo di inalazione<\/span><\/div>\n<div><span id=\"tl_19\" style=\"font-size: 18px; font-family: arial, helvetica, sans-serif;\">4. Visualizzazione della batteria residua e funzione di accensione\/spegnimento<\/span><\/div>\n<div><span id=\"tl_20\" style=\"font-size: 18px; font-family: arial, helvetica, sans-serif;\">5. Sistema di riempimento inferiore, capacit\u00e0 di 1,9 ml di e-liquido<\/span><\/div>\n<div><span id=\"tl_21\" style=\"font-size: 18px; font-family: arial, helvetica, sans-serif;\">6. Dotato di coil in mesh da 0,8 Ohm integrata per un gusto intenso<\/span><\/div>\n<div><span id=\"tl_22\" style=\"font-size: 18px; font-family: arial, helvetica, sans-serif;\">Regolazione della temperatura: No<\/span><\/div>\n<div><span id=\"tl_23\" style=\"font-size: 18px; font-family: arial, helvetica, sans-serif;\">Batteria incorporata o esterna: Incorporata<\/span><\/div>\n<div><\/div>\n<div><\/div>\n<div><strong><i><u><span id=\"tl_24\" style=\"font-size: 18px; font-family: arial, helvetica, sans-serif;\">Funzione di protezione da cortocircuito: S\u00ec<\/span><\/u><\/i><\/strong><\/div>\n<div><span id=\"tl_25\" style=\"font-size: 18px; font-family: arial, helvetica, sans-serif;\">Funzione di protezione da surriscaldamento: S\u00ec<\/span><\/div>\n<div><span id=\"tl_26\" style=\"font-size: 18px; font-family: arial, helvetica, sans-serif;\">Specifiche:\\n Metodo di riscaldamento: riscaldamento a piastre in ceramica, senza filo n\u00e9 bobina\\n Materiale: Metallo\\n Connessione bocchino: tipo a vite\\n Capacit\u00e0 della batteria: 650mAh\\n Tensione di uscita: 5V\/1A\\n Regolazione della temperatura: basso, medio, alto\\n Ricarica: micro-USB 5V, limitata a 0,5A\\n Tempo di ricarica: circa 1 ora\\n Ciclo di ricarica: oltre 300 volte\\n Avviso: luce rossa lampeggiante in caso di bassa tensione o cortocircuito\\n Tensione\/ corrente di ingresso: 5V\/1A\\n Potenza di uscita: 30W-40W\\n Peso: 50g\\n Colore: nero\/bianco\\n Confezione: 1 * lama\\n 1 * caricatore USB\\n 1 * batteria\\n 1 * scatola blister<\/span><\/div>\n<div><span id=\"tl_27\" style=\"font-size: 18px; font-family: arial, helvetica, sans-serif;\">Cavo USB<\/span><\/div>\n<div><span id=\"tl_28\" style=\"font-size: 18px; font-family: arial, helvetica, sans-serif;\">1 * manuale utente<\/span><\/div>\n<\/div>\n<\/div>\n<div><\/div>\n<p><img loading=\"lazy\" decoding=\"async\" src=\"https:\/\/ae01.alicdn.com\/kf\/HTB1ZFCiQpXXXXXtaFXXq6xXFXXXs.jpg\" width=\"920\" height=\"50\" \/><\/p>\n<div>\n<p><img decoding=\"async\" loading=\"lazy\" src=\"https:\/\/ae01.alicdn.com\/kf\/H7fd90ded64ad4f368d7517431d294d22o.jpg\" \/><img decoding=\"async\" loading=\"lazy\" src=\"https:\/\/ae01.alicdn.com\/kf\/H8db53678712944acb1b859669a0d0e1bt.jpg\" \/><img decoding=\"async\" loading=\"lazy\" src=\"https:\/\/ae01.alicdn.com\/kf\/H72c6e03220344238952e72df6e593e48x.jpg\" \/><img decoding=\"async\" loading=\"lazy\" src=\"https:\/\/ae01.alicdn.com\/kf\/Hda68a4f0dc144a67ba8e2d2d9561d0290.jpg\" \/><img decoding=\"async\" loading=\"lazy\" src=\"https:\/\/ae01.alicdn.com\/kf\/H812badd873084fab861bcfca1a9e41fce.jpg\" \/><img decoding=\"async\" loading=\"lazy\" src=\"https:\/\/ae01.alicdn.com\/kf\/H412f4d9654cf498ca1c845a9884d4d91T.jpg\" \/><img decoding=\"async\" loading=\"lazy\" src=\"https:\/\/ae01.alicdn.com\/kf\/Ha529f607c5244cbf8d2ee2377060df6dH.jpg\" \/><\/p>\n<div><\/div>\n<div><\/div>\n<\/div>\n<\/div>\n<\/div>","protected":false},"excerpt":{"rendered":"<p>&nbsp; Aussehen:\u00a0Box Form \u00dcberwachung Funktion Von Rauchen Anzahl:\u00a0Nein Silikon Fall:\u00a0Nein Temperaturregelung:\u00a0Nein Eingebaute Oder Externe Batterie:\u00a0Eingebaute Kurzschlussschutz Funktion:\u00a0Ja \u00dcberhitzungsschutz-funktion:\u00a0Ja Niederspannungsalarmfunktion:\u00a0Nein Zerst\u00e4uber Identifikation Funktion:\u00a0Ja Material:\u00a0Metall Compatible Model:\u00a0Joyetech Electronic Cigarettes Vape Modellnummer:\u00a0Justfog Minifit-S Kit Usb-ladeger\u00e4t:\u00a0Ja Firmware-upgrade:\u00a0Nein Display:\u00a0Nein Art:\u00a0Mit Batterie Markenname:\u00a0JUSTFOG Ursprung:\u00a0CN (Herkunft) &nbsp; Original Justfog Minifit Pod Kit 1,9 ml Pod Patrone mit 420mAh eingebauter Batterie 12W elektronische [&hellip;]<\/p>","protected":false},"featured_media":8467,"template":"","meta":{"inline_featured_image":false},"product_cat":[752,756,739,743,76,81],"product_tag":[],"tiered_pricing_type":"fixed","tiered_pricing_fixed_rules":[],"tiered_pricing_percentage_rules":[],"tiered_pricing_minimum":1,"_administrator_tiered_pricing_type":"fixed","_administrator_tiered_pricing_fixed_rules":[],"_editor_tiered_pricing_type":"fixed","_editor_tiered_pricing_fixed_rules":[],"_author_tiered_pricing_type":"fixed","_author_tiered_pricing_fixed_rules":[],"_contributor_tiered_pricing_type":"fixed","_contributor_tiered_pricing_fixed_rules":[],"_subscriber_tiered_pricing_type":"fixed","_subscriber_tiered_pricing_fixed_rules":[],"_customer_tiered_pricing_type":"fixed","_customer_tiered_pricing_fixed_rules":[],"_shop_manager_tiered_pricing_type":"fixed","_shop_manager_tiered_pricing_fixed_rules":[],"_wpseo_manager_tiered_pricing_type":"fixed","_wpseo_manager_tiered_pricing_fixed_rules":[],"_wpseo_editor_tiered_pricing_type":"fixed","_wpseo_editor_tiered_pricing_fixed_rules":[],"_wholesale_customer_tiered_pricing_type":"fixed","_wholesale_customer_tiered_pricing_fixed_rules":[],"_marketer_tiered_pricing_type":"fixed","_marketer_tiered_pricing_fixed_rules":[],"_sales_manager_tiered_pricing_type":"fixed","_sales_manager_tiered_pricing_fixed_rules":[],"_sales_rep_tiered_pricing_type":"fixed","_sales_rep_tiered_pricing_fixed_rules":[],"yoast_head":"<!-- This site is optimized with the Yoast SEO plugin v23.3 - https:\/\/yoast.com\/wordpress\/plugins\/seo\/ -->\n<title>Justfog Minifit Pod Kit 1,9 ml Pod Patrone mit 420mAh eingebauter Batterie 12W elektronische Zigarette Vape Vapor izer | ElementVape.de<\/title>\n<meta name=\"description\" content=\"Wir bieten Justfog Minifit Pod Kit 1,9 ml Pod Patrone mit 420mAh eingebauter Batterie 12W elektronische Zigarette Vape Vapor izer , Elementvape.de akzeptieren Gro\u00df-und Einzelhandel Bestellungen.\" \/>\n<meta name=\"robots\" content=\"index, follow, max-snippet:-1, max-image-preview:large, max-video-preview:-1\" \/>\n<link rel=\"canonical\" href=\"https:\/\/www.elementvape.de\/it\/produkt\/justfog-minifit-pod-kit-19-ml-pod\/\" \/>\n<meta property=\"og:locale\" content=\"it_IT\" \/>\n<meta property=\"og:type\" content=\"article\" \/>\n<meta property=\"og:title\" content=\"Justfog Minifit Pod Kit 1,9 ml Pod Patrone mit 420mAh eingebauter Batterie 12W elektronische Zigarette Vape Vapor izer | ElementVape.de\" \/>\n<meta property=\"og:description\" content=\"Wir bieten Justfog Minifit Pod Kit 1,9 ml Pod Patrone mit 420mAh eingebauter Batterie 12W elektronische Zigarette Vape Vapor izer , Elementvape.de akzeptieren Gro\u00df-und Einzelhandel Bestellungen.\" \/>\n<meta property=\"og:url\" content=\"https:\/\/www.elementvape.de\/it\/produkt\/justfog-minifit-pod-kit-19-ml-pod\/\" \/>\n<meta property=\"og:site_name\" content=\"ElementVape.de\" \/>\n<meta property=\"article:modified_time\" content=\"2024-12-12T06:37:03+00:00\" \/>\n<meta property=\"og:image\" content=\"https:\/\/ae01.alicdn.com\/kf\/H1c6ccc07e21c4da989c2eeb19bbfe529J\/Original-Justfog-Minifit-Pod-Kit-1-9-ml-Pod-Patrone-mit-420mAh-eingebauter-Batterie-12W-elektronische.jpg\" \/>\n\t<meta property=\"og:image:width\" content=\"800\" \/>\n\t<meta property=\"og:image:height\" content=\"800\" \/>\n\t<meta property=\"og:image:type\" content=\"image\/jpeg\" \/>\n<meta name=\"twitter:card\" content=\"summary_large_image\" \/>\n<meta name=\"twitter:label1\" content=\"Est. reading time\" \/>\n\t<meta name=\"twitter:data1\" content=\"4 minuti\" \/>\n<script type=\"application\/ld+json\" class=\"yoast-schema-graph\">{\"@context\":\"https:\/\/schema.org\",\"@graph\":[{\"@type\":\"WebPage\",\"@id\":\"https:\/\/www.elementvape.de\/produkt\/justfog-minifit-pod-kit-19-ml-pod\/\",\"url\":\"https:\/\/www.elementvape.de\/produkt\/justfog-minifit-pod-kit-19-ml-pod\/\",\"name\":\"Justfog Minifit Pod Kit 1,9 ml Pod Patrone mit 420mAh eingebauter Batterie 12W elektronische Zigarette Vape Vapor izer | ElementVape.de\",\"isPartOf\":{\"@id\":\"https:\/\/www.elementvape.de\/#website\"},\"primaryImageOfPage\":{\"@id\":\"https:\/\/www.elementvape.de\/produkt\/justfog-minifit-pod-kit-19-ml-pod\/#primaryimage\"},\"image\":{\"@id\":\"https:\/\/www.elementvape.de\/produkt\/justfog-minifit-pod-kit-19-ml-pod\/#primaryimage\"},\"thumbnailUrl\":\"https:\/\/ae01.alicdn.com\/kf\/H1c6ccc07e21c4da989c2eeb19bbfe529J\/Original-Justfog-Minifit-Pod-Kit-1-9-ml-Pod-Patrone-mit-420mAh-eingebauter-Batterie-12W-elektronische.jpg\",\"datePublished\":\"2024-04-20T06:34:49+00:00\",\"dateModified\":\"2024-12-12T06:37:03+00:00\",\"description\":\"Wir bieten Justfog Minifit Pod Kit 1,9 ml Pod Patrone mit 420mAh eingebauter Batterie 12W elektronische Zigarette Vape Vapor izer , Elementvape.de akzeptieren Gro\u00df-und Einzelhandel Bestellungen.\",\"breadcrumb\":{\"@id\":\"https:\/\/www.elementvape.de\/produkt\/justfog-minifit-pod-kit-19-ml-pod\/#breadcrumb\"},\"inLanguage\":\"it-IT\",\"potentialAction\":[{\"@type\":\"ReadAction\",\"target\":[\"https:\/\/www.elementvape.de\/produkt\/justfog-minifit-pod-kit-19-ml-pod\/\"]}]},{\"@type\":\"ImageObject\",\"inLanguage\":\"it-IT\",\"@id\":\"https:\/\/www.elementvape.de\/produkt\/justfog-minifit-pod-kit-19-ml-pod\/#primaryimage\",\"url\":\"https:\/\/ae01.alicdn.com\/kf\/H1c6ccc07e21c4da989c2eeb19bbfe529J\/Original-Justfog-Minifit-Pod-Kit-1-9-ml-Pod-Patrone-mit-420mAh-eingebauter-Batterie-12W-elektronische.jpg\",\"contentUrl\":\"https:\/\/ae01.alicdn.com\/kf\/H1c6ccc07e21c4da989c2eeb19bbfe529J\/Original-Justfog-Minifit-Pod-Kit-1-9-ml-Pod-Patrone-mit-420mAh-eingebauter-Batterie-12W-elektronische.jpg\",\"width\":800,\"height\":800},{\"@type\":\"BreadcrumbList\",\"@id\":\"https:\/\/www.elementvape.de\/produkt\/justfog-minifit-pod-kit-19-ml-pod\/#breadcrumb\",\"itemListElement\":[{\"@type\":\"ListItem\",\"position\":1,\"name\":\"Home\",\"item\":\"https:\/\/www.elementvape.de\/\"},{\"@type\":\"ListItem\",\"position\":2,\"name\":\"Shop\",\"item\":\"https:\/\/www.elementvape.de\/shop\/\"},{\"@type\":\"ListItem\",\"position\":3,\"name\":\"Justfog Minifit Pod Kit 1,9 ml Pod Patrone mit 420mAh eingebauter Batterie 12W elektronische Zigarette Vape Vapor izer\"}]},{\"@type\":\"WebSite\",\"@id\":\"https:\/\/www.elementvape.de\/#website\",\"url\":\"https:\/\/www.elementvape.de\/\",\"name\":\"ElementVape.de\",\"description\":\"\",\"publisher\":{\"@id\":\"https:\/\/www.elementvape.de\/#organization\"},\"potentialAction\":[{\"@type\":\"SearchAction\",\"target\":{\"@type\":\"EntryPoint\",\"urlTemplate\":\"https:\/\/www.elementvape.de\/?s={search_term_string}\"},\"query-input\":\"required name=search_term_string\"}],\"inLanguage\":\"it-IT\"},{\"@type\":\"Organization\",\"@id\":\"https:\/\/www.elementvape.de\/#organization\",\"name\":\"ElementVape.DE\",\"url\":\"https:\/\/www.elementvape.de\/\",\"logo\":{\"@type\":\"ImageObject\",\"inLanguage\":\"it-IT\",\"@id\":\"https:\/\/www.elementvape.de\/#\/schema\/logo\/image\/\",\"url\":\"https:\/\/www.elementvape.de\/wp-content\/uploads\/2024\/09\/cropped-1elementvape-3.png\",\"contentUrl\":\"https:\/\/www.elementvape.de\/wp-content\/uploads\/2024\/09\/cropped-1elementvape-3.png\",\"width\":285,\"height\":228,\"caption\":\"ElementVape.DE\"},\"image\":{\"@id\":\"https:\/\/www.elementvape.de\/#\/schema\/logo\/image\/\"}}]}<\/script>\n<!-- \/ Yoast SEO plugin. -->","yoast_head_json":{"title":"Justfog Minifit Pod Kit 1,9 ml Pod Patrone mit 420mAh eingebauter Batterie 12W elektronische Zigarette Vape Vapor izer | ElementVape.de","description":"Wir bieten Justfog Minifit Pod Kit 1,9 ml Pod Patrone mit 420mAh eingebauter Batterie 12W elektronische Zigarette Vape Vapor izer , Elementvape.de akzeptieren Gro\u00df-und Einzelhandel Bestellungen.","robots":{"index":"index","follow":"follow","max-snippet":"max-snippet:-1","max-image-preview":"max-image-preview:large","max-video-preview":"max-video-preview:-1"},"canonical":"https:\/\/www.elementvape.de\/it\/produkt\/justfog-minifit-pod-kit-19-ml-pod\/","og_locale":"it_IT","og_type":"article","og_title":"Justfog Minifit Pod Kit 1,9 ml Pod Patrone mit 420mAh eingebauter Batterie 12W elektronische Zigarette Vape Vapor izer | ElementVape.de","og_description":"Wir bieten Justfog Minifit Pod Kit 1,9 ml Pod Patrone mit 420mAh eingebauter Batterie 12W elektronische Zigarette Vape Vapor izer , Elementvape.de akzeptieren Gro\u00df-und Einzelhandel Bestellungen.","og_url":"https:\/\/www.elementvape.de\/it\/produkt\/justfog-minifit-pod-kit-19-ml-pod\/","og_site_name":"ElementVape.de","article_modified_time":"2024-12-12T06:37:03+00:00","og_image":[{"width":800,"height":800,"url":"https:\/\/ae01.alicdn.com\/kf\/H1c6ccc07e21c4da989c2eeb19bbfe529J\/Original-Justfog-Minifit-Pod-Kit-1-9-ml-Pod-Patrone-mit-420mAh-eingebauter-Batterie-12W-elektronische.jpg","type":"image\/jpeg"}],"twitter_card":"summary_large_image","twitter_misc":{"Est. reading time":"4 minuti"},"schema":{"@context":"https:\/\/schema.org","@graph":[{"@type":"WebPage","@id":"https:\/\/www.elementvape.de\/produkt\/justfog-minifit-pod-kit-19-ml-pod\/","url":"https:\/\/www.elementvape.de\/produkt\/justfog-minifit-pod-kit-19-ml-pod\/","name":"Justfog Minifit Pod Kit 1,9 ml Pod Patrone mit 420mAh eingebauter Batterie 12W elektronische Zigarette Vape Vapor izer | ElementVape.de","isPartOf":{"@id":"https:\/\/www.elementvape.de\/#website"},"primaryImageOfPage":{"@id":"https:\/\/www.elementvape.de\/produkt\/justfog-minifit-pod-kit-19-ml-pod\/#primaryimage"},"image":{"@id":"https:\/\/www.elementvape.de\/produkt\/justfog-minifit-pod-kit-19-ml-pod\/#primaryimage"},"thumbnailUrl":"https:\/\/ae01.alicdn.com\/kf\/H1c6ccc07e21c4da989c2eeb19bbfe529J\/Original-Justfog-Minifit-Pod-Kit-1-9-ml-Pod-Patrone-mit-420mAh-eingebauter-Batterie-12W-elektronische.jpg","datePublished":"2024-04-20T06:34:49+00:00","dateModified":"2024-12-12T06:37:03+00:00","description":"Wir bieten Justfog Minifit Pod Kit 1,9 ml Pod Patrone mit 420mAh eingebauter Batterie 12W elektronische Zigarette Vape Vapor izer , Elementvape.de akzeptieren Gro\u00df-und Einzelhandel Bestellungen.","breadcrumb":{"@id":"https:\/\/www.elementvape.de\/produkt\/justfog-minifit-pod-kit-19-ml-pod\/#breadcrumb"},"inLanguage":"it-IT","potentialAction":[{"@type":"ReadAction","target":["https:\/\/www.elementvape.de\/produkt\/justfog-minifit-pod-kit-19-ml-pod\/"]}]},{"@type":"ImageObject","inLanguage":"it-IT","@id":"https:\/\/www.elementvape.de\/produkt\/justfog-minifit-pod-kit-19-ml-pod\/#primaryimage","url":"https:\/\/ae01.alicdn.com\/kf\/H1c6ccc07e21c4da989c2eeb19bbfe529J\/Original-Justfog-Minifit-Pod-Kit-1-9-ml-Pod-Patrone-mit-420mAh-eingebauter-Batterie-12W-elektronische.jpg","contentUrl":"https:\/\/ae01.alicdn.com\/kf\/H1c6ccc07e21c4da989c2eeb19bbfe529J\/Original-Justfog-Minifit-Pod-Kit-1-9-ml-Pod-Patrone-mit-420mAh-eingebauter-Batterie-12W-elektronische.jpg","width":800,"height":800},{"@type":"BreadcrumbList","@id":"https:\/\/www.elementvape.de\/produkt\/justfog-minifit-pod-kit-19-ml-pod\/#breadcrumb","itemListElement":[{"@type":"ListItem","position":1,"name":"Home","item":"https:\/\/www.elementvape.de\/"},{"@type":"ListItem","position":2,"name":"Shop","item":"https:\/\/www.elementvape.de\/shop\/"},{"@type":"ListItem","position":3,"name":"Justfog Minifit Pod Kit 1,9 ml Pod Patrone mit 420mAh eingebauter Batterie 12W elektronische Zigarette Vape Vapor izer"}]},{"@type":"WebSite","@id":"https:\/\/www.elementvape.de\/#website","url":"https:\/\/www.elementvape.de\/","name":"ElementVape.de","description":"","publisher":{"@id":"https:\/\/www.elementvape.de\/#organization"},"potentialAction":[{"@type":"SearchAction","target":{"@type":"EntryPoint","urlTemplate":"https:\/\/www.elementvape.de\/?s={search_term_string}"},"query-input":"required name=search_term_string"}],"inLanguage":"it-IT"},{"@type":"Organization","@id":"https:\/\/www.elementvape.de\/#organization","name":"ElementVape.DE","url":"https:\/\/www.elementvape.de\/","logo":{"@type":"ImageObject","inLanguage":"it-IT","@id":"https:\/\/www.elementvape.de\/#\/schema\/logo\/image\/","url":"https:\/\/www.elementvape.de\/wp-content\/uploads\/2024\/09\/cropped-1elementvape-3.png","contentUrl":"https:\/\/www.elementvape.de\/wp-content\/uploads\/2024\/09\/cropped-1elementvape-3.png","width":285,"height":228,"caption":"ElementVape.DE"},"image":{"@id":"https:\/\/www.elementvape.de\/#\/schema\/logo\/image\/"}}]}},"_links":{"self":[{"href":"https:\/\/www.elementvape.de\/it\/wp-json\/wp\/v2\/product\/8466"}],"collection":[{"href":"https:\/\/www.elementvape.de\/it\/wp-json\/wp\/v2\/product"}],"about":[{"href":"https:\/\/www.elementvape.de\/it\/wp-json\/wp\/v2\/types\/product"}],"wp:featuredmedia":[{"embeddable":true,"href":"https:\/\/www.elementvape.de\/it\/wp-json\/wp\/v2\/media\/8467"}],"wp:attachment":[{"href":"https:\/\/www.elementvape.de\/it\/wp-json\/wp\/v2\/media?parent=8466"}],"wp:term":[{"taxonomy":"product_cat","embeddable":true,"href":"https:\/\/www.elementvape.de\/it\/wp-json\/wp\/v2\/product_cat?post=8466"},{"taxonomy":"product_tag","embeddable":true,"href":"https:\/\/www.elementvape.de\/it\/wp-json\/wp\/v2\/product_tag?post=8466"}],"curies":[{"name":"wp","href":"https:\/\/api.w.org\/{rel}","templated":true}]}}