{"id":8231,"date":"2024-04-20T08:00:31","date_gmt":"2024-04-20T08:00:31","guid":{"rendered":"https:\/\/www.elementvape.de\/?post_type=product&#038;p=8231"},"modified":"2024-09-12T10:32:00","modified_gmt":"2024-09-12T10:32:00","slug":"eleaf-istick-amnis-3-mod-900mah-batterie-vape","status":"publish","type":"product","link":"https:\/\/www.elementvape.de\/it\/produkt\/eleaf-istick-amnis-3-mod-900mah-batterie-vape\/","title":{"rendered":"Eleaf istick amnis 3 mod batteria da 900mAh vape"},"content":{"rendered":"<p>&nbsp;<\/p>\n<div class=\"product-specs-list-container\">\n<ul class=\"product-specs-list util-clearfix\">\n<li class=\"product-prop line-limit-length\"><span class=\"property-title\">Funzione di monitoraggio del numero di fumate:\u00a0<\/span><span class=\"property-desc line-limit-length\">No<\/span><\/li>\n<li class=\"product-prop line-limit-length\"><span class=\"property-title\">Custodia in silicone:\u00a0<\/span><span class=\"property-desc line-limit-length\">No<\/span><\/li>\n<li class=\"product-prop line-limit-length\"><span class=\"property-title\">Funzione di protezione da cortocircuito:\u00a0<\/span><span class=\"property-desc line-limit-length\">Ja<\/span><\/li>\n<li class=\"product-prop line-limit-length\"><span class=\"property-title\">Funzione di protezione da surriscaldamento:\u00a0<\/span><span class=\"property-desc line-limit-length\">Ja<\/span><\/li>\n<li class=\"product-prop line-limit-length\"><span class=\"property-title\">Funzione di allarme a bassa tensione:\u00a0<\/span><span class=\"property-desc line-limit-length\">No<\/span><\/li>\n<li class=\"product-prop line-limit-length\"><span class=\"property-title\">Funzione di identificazione dello spruzzatore:\u00a0<\/span><span class=\"property-desc line-limit-length\">No<\/span><\/li>\n<li class=\"product-prop line-limit-length\"><span class=\"property-title\">Regolazione della temperatura:\u00a0<\/span><span class=\"property-desc line-limit-length\">No<\/span><\/li>\n<li class=\"product-prop line-limit-length\"><span class=\"property-title\">Modalit\u00e0 di impostazione TCR:\u00a0<\/span><span class=\"property-desc line-limit-length\">No<\/span><\/li>\n<li class=\"product-prop line-limit-length\"><span class=\"property-title\">Materiale:\u00a0<\/span><span class=\"property-desc line-limit-length\">Metallo<\/span><\/li>\n<li class=\"product-prop line-limit-length\"><span class=\"property-title\">Modello compatibile:\u00a0<\/span><span class=\"property-desc line-limit-length\">Serbatoio GS Drive<\/span><\/li>\n<li class=\"product-prop line-limit-length\"><span class=\"property-title\">Numero di modello:\u00a0<\/span><span class=\"property-desc line-limit-length\">Eleaf iStick Amnis 3 Mod<\/span><\/li>\n<li class=\"product-prop line-limit-length\"><span class=\"property-title\">Aggiornamento del firmware:\u00a0<\/span><span class=\"property-desc line-limit-length\">No<\/span><\/li>\n<li class=\"product-prop line-limit-length\"><span class=\"property-title\">Caricatore USB:\u00a0<\/span><span class=\"property-desc line-limit-length\">Ja<\/span><\/li>\n<li class=\"product-prop line-limit-length\"><span class=\"property-title\">Display:\u00a0<\/span><span class=\"property-desc line-limit-length\">No<\/span><\/li>\n<li class=\"product-prop line-limit-length\"><span class=\"property-title\">Batteria integrata o esterna:\u00a0<\/span><span class=\"property-desc line-limit-length\">Ja<\/span><\/li>\n<li class=\"product-prop line-limit-length\"><span class=\"property-title\">Tipo:\u00a0<\/span><span class=\"property-desc line-limit-length\">Mod Elettrico<\/span><\/li>\n<li class=\"product-prop line-limit-length\"><span class=\"property-title\">Nome del marchio:\u00a0<\/span><span class=\"property-desc line-limit-length\">Dovpo<\/span><\/li>\n<li class=\"product-prop line-limit-length\"><span class=\"property-title\">Origine:\u00a0<\/span><span class=\"property-desc line-limit-length\">CN (Origine)<\/span><\/li>\n<\/ul>\n<\/div>\n<div class=\"detailmodule_html\">\n<div class=\"detail-desc-decorate-richtext\">\n<div class=\"detailmodule_text\">\n<p id=\"tl_1\" class=\"detail-desc-decorate-title\" style=\"font-family: OpenSans; font-size: 20px; font-weight: 900; line-height: 28px; margin-bottom: 12px;\">Eleaf iStick Amnis 3 Mod originale con batteria da 900mAh, vape USB-C ricarica rapida, atomizzatore e sigaretta elettronica per serbatoio GS<\/p>\n<p id=\"tl_2\" class=\"detail-desc-decorate-content\" style=\"font-family: OpenSans; font-size: 14px; font-weight: 300; line-height: 20px; margin-bottom: 12px;\">L'iStick Amnis 3 Mod presenta un design sottile e aerodinamico di dimensioni compatte. \u00c8 possibile selezionare la tensione di uscita con la funzione di regolazione della tensione. Inoltre, c'\u00e8 un indicatore LED a 3 colori per mostrare facilmente e tempestivamente la durata della batteria. Con una capacit\u00e0 della batteria di 900mAh e ricarica USB-C, l'iStick Amnis 3 pu\u00f2 essere completamente ricaricato in circa un'ora e supporta circa 2 giorni di svapo.<\/p>\n<\/div>\n<div class=\"detailmodule_text\">\n<p id=\"tl_3\" class=\"detail-desc-decorate-title\" style=\"font-family: OpenSans; font-size: 20px; font-weight: 900; line-height: 28px; margin-bottom: 12px;\">Specifiche:<\/p>\n<p id=\"tl_4\" class=\"detail-desc-decorate-content\" style=\"font-family: OpenSans; font-size: 14px; font-weight: 300; line-height: 20px; margin-bottom: 12px;\">Marca: eleaf<br \/>\nNome del prodotto: istick amnis 3 mod<br \/>\nDimensioni: 18,5*27*77mm<br \/>\nCapacit\u00e0 della batteria: 900mAh<br \/>\nTensione di uscita: livello h (3,7 V)\/m (3,5 V)\/l (3,3 V)<br \/>\nCorrente di ricarica 5V\/1A (USB-C)<br \/>\nAdatto per: kit eleaf istick amnis, serbatoio eleaf gs<br \/>\nColore: nero, caff\u00e8, argento, rosso, blu<\/p>\n<\/div>\n<div class=\"detailmodule_text\">\n<p id=\"tl_5\" class=\"detail-desc-decorate-title\" style=\"font-family: OpenSans; font-size: 20px; font-weight: 900; line-height: 28px; margin-bottom: 12px;\">Dettagli:<\/p>\n<p id=\"tl_6\" class=\"detail-desc-decorate-content\" style=\"font-family: OpenSans; font-size: 14px; font-weight: 300; line-height: 20px; margin-bottom: 12px;\">1. Design sottile e aerodinamico<br \/>\n2. Tensione regolabile: 3,7 V\/3,5 V\/3,3 V<br \/>\n3. Dimensioni mini, comodo da usare e portare<br \/>\n4. Indicatore di livello della batteria a LED<br \/>\n5. Batteria con capacit\u00e0 di 900mAh<br \/>\nRicarica rapida USB-C<\/p>\n<\/div>\n<div class=\"detailmodule_text\">\n<p id=\"tl_7\" class=\"detail-desc-decorate-title\" style=\"font-family: OpenSans; font-size: 20px; font-weight: 900; line-height: 28px; margin-bottom: 12px;\">Il pacchetto include:<\/p>\n<p id=\"tl_8\" class=\"detail-desc-decorate-content\" style=\"font-family: OpenSans; font-size: 14px; font-weight: 300; line-height: 20px; margin-bottom: 12px;\">1 * iStick Amnis 3 mod<br \/>\n1 * cavo USB di tipo-C<br \/>\n1 * manuale utente<br \/>\n1 * carta di garanzia<\/p>\n<\/div>\n<div class=\"detailmodule_image\"><img decoding=\"async\" loading=\"lazy\" class=\"detail-desc-decorate-image\" src=\"https:\/\/ae01.alicdn.com\/kf\/S6a2c8b2e4ead44daa5da38d7a69466a3q.jpg\" \/><br \/>\n<img decoding=\"async\" loading=\"lazy\" class=\"detail-desc-decorate-image\" src=\"https:\/\/ae01.alicdn.com\/kf\/Sa0ac95002d3847c28e79fe107af6db09d.jpg\" \/><\/div>\n<p>&nbsp;<\/p>\n<\/div>\n<\/div>","protected":false},"excerpt":{"rendered":"<p>&nbsp; \u00dcberwachung Funktion Von Rauchen Anzahl:\u00a0Nein Silikon Fall:\u00a0Nein Kurzschlussschutz Funktion:\u00a0Ja \u00dcberhitzungsschutz-funktion:\u00a0Ja Niederspannungsalarmfunktion:\u00a0Nein Zerst\u00e4uber Identifikation Funktion:\u00a0Nein Temperaturregelung:\u00a0Nein TCR Einstellung Modi:\u00a0Nein Material:\u00a0Metall Compatible Model:\u00a0GS Drive Tank Modellnummer:\u00a0Eleaf iStick Amnis 3 Mod Firmware-upgrade:\u00a0Nein Usb-ladeger\u00e4t:\u00a0Ja Display:\u00a0Nein Eingebaute Oder Externe Batterie:\u00a0Ja Art:\u00a0Elektrische Mod Markenname:\u00a0Dovpo Ursprung:\u00a0CN (Herkunft) Original eleaf istick amnis 3 mod 900mah batterie vape USB-C schnell lade verdampfer e [&hellip;]<\/p>","protected":false},"featured_media":8232,"template":"","meta":{"inline_featured_image":false},"product_cat":[15,78,750,737,736,749,77],"product_tag":[],"tiered_pricing_type":"fixed","tiered_pricing_fixed_rules":[],"tiered_pricing_percentage_rules":[],"tiered_pricing_minimum":1,"_administrator_tiered_pricing_type":"fixed","_administrator_tiered_pricing_fixed_rules":[],"_editor_tiered_pricing_type":"fixed","_editor_tiered_pricing_fixed_rules":[],"_author_tiered_pricing_type":"fixed","_author_tiered_pricing_fixed_rules":[],"_contributor_tiered_pricing_type":"fixed","_contributor_tiered_pricing_fixed_rules":[],"_subscriber_tiered_pricing_type":"fixed","_subscriber_tiered_pricing_fixed_rules":[],"_customer_tiered_pricing_type":"fixed","_customer_tiered_pricing_fixed_rules":[],"_shop_manager_tiered_pricing_type":"fixed","_shop_manager_tiered_pricing_fixed_rules":[],"_wpseo_manager_tiered_pricing_type":"fixed","_wpseo_manager_tiered_pricing_fixed_rules":[],"_wpseo_editor_tiered_pricing_type":"fixed","_wpseo_editor_tiered_pricing_fixed_rules":[],"_wholesale_customer_tiered_pricing_type":"fixed","_wholesale_customer_tiered_pricing_fixed_rules":[],"_marketer_tiered_pricing_type":"fixed","_marketer_tiered_pricing_fixed_rules":[],"_sales_manager_tiered_pricing_type":"fixed","_sales_manager_tiered_pricing_fixed_rules":[],"_sales_rep_tiered_pricing_type":"fixed","_sales_rep_tiered_pricing_fixed_rules":[],"yoast_head":"<!-- This site is optimized with the Yoast SEO plugin v23.3 - https:\/\/yoast.com\/wordpress\/plugins\/seo\/ -->\n<title>Eleaf istick amnis 3 mod 900mah batterie vape | ElementVape.de<\/title>\n<meta name=\"description\" content=\"Wir bieten Eleaf istick amnis 3 mod 900mah batterie vape , Elementvape.de akzeptieren Gro\u00df-und Einzelhandel Bestellungen.\" \/>\n<meta name=\"robots\" content=\"index, follow, max-snippet:-1, max-image-preview:large, max-video-preview:-1\" \/>\n<link rel=\"canonical\" href=\"https:\/\/www.elementvape.de\/it\/produkt\/eleaf-istick-amnis-3-mod-900mah-batterie-vape\/\" \/>\n<meta property=\"og:locale\" content=\"it_IT\" \/>\n<meta property=\"og:type\" content=\"article\" \/>\n<meta property=\"og:title\" content=\"Eleaf istick amnis 3 mod 900mah batterie vape | ElementVape.de\" \/>\n<meta property=\"og:description\" content=\"Wir bieten Eleaf istick amnis 3 mod 900mah batterie vape , Elementvape.de akzeptieren Gro\u00df-und Einzelhandel Bestellungen.\" \/>\n<meta property=\"og:url\" content=\"https:\/\/www.elementvape.de\/it\/produkt\/eleaf-istick-amnis-3-mod-900mah-batterie-vape\/\" \/>\n<meta property=\"og:site_name\" content=\"ElementVape.de\" \/>\n<meta property=\"article:modified_time\" content=\"2024-09-12T10:32:00+00:00\" \/>\n<meta property=\"og:image\" content=\"https:\/\/ae01.alicdn.com\/kf\/S84307e7627e548dba7bf3bea2c4da73fS\/Original-eleaf-istick-amnis-3-mod-900mah-batterie-vape-USB-C-schnell-lade-verdampfer-e-zigarette.jpg\" \/>\n\t<meta property=\"og:image:width\" content=\"800\" \/>\n\t<meta property=\"og:image:height\" content=\"800\" \/>\n\t<meta property=\"og:image:type\" content=\"image\/jpeg\" \/>\n<meta name=\"twitter:card\" content=\"summary_large_image\" \/>\n<meta name=\"twitter:label1\" content=\"Est. reading time\" \/>\n\t<meta name=\"twitter:data1\" content=\"2 minuti\" \/>\n<script type=\"application\/ld+json\" class=\"yoast-schema-graph\">{\"@context\":\"https:\/\/schema.org\",\"@graph\":[{\"@type\":\"WebPage\",\"@id\":\"https:\/\/www.elementvape.de\/sv\/produkt\/eleaf-istick-amnis-3-mod-900mah-batterie-vape\/\",\"url\":\"https:\/\/www.elementvape.de\/sv\/produkt\/eleaf-istick-amnis-3-mod-900mah-batterie-vape\/\",\"name\":\"Eleaf istick amnis 3 mod 900mah batterie vape | ElementVape.de\",\"isPartOf\":{\"@id\":\"https:\/\/www.elementvape.de\/#website\"},\"primaryImageOfPage\":{\"@id\":\"https:\/\/www.elementvape.de\/sv\/produkt\/eleaf-istick-amnis-3-mod-900mah-batterie-vape\/#primaryimage\"},\"image\":{\"@id\":\"https:\/\/www.elementvape.de\/sv\/produkt\/eleaf-istick-amnis-3-mod-900mah-batterie-vape\/#primaryimage\"},\"thumbnailUrl\":\"https:\/\/ae01.alicdn.com\/kf\/S84307e7627e548dba7bf3bea2c4da73fS\/Original-eleaf-istick-amnis-3-mod-900mah-batterie-vape-USB-C-schnell-lade-verdampfer-e-zigarette.jpg\",\"datePublished\":\"2024-04-20T08:00:31+00:00\",\"dateModified\":\"2024-09-12T10:32:00+00:00\",\"description\":\"Wir bieten Eleaf istick amnis 3 mod 900mah batterie vape , Elementvape.de akzeptieren Gro\u00df-und Einzelhandel Bestellungen.\",\"breadcrumb\":{\"@id\":\"https:\/\/www.elementvape.de\/sv\/produkt\/eleaf-istick-amnis-3-mod-900mah-batterie-vape\/#breadcrumb\"},\"inLanguage\":\"it-IT\",\"potentialAction\":[{\"@type\":\"ReadAction\",\"target\":[\"https:\/\/www.elementvape.de\/sv\/produkt\/eleaf-istick-amnis-3-mod-900mah-batterie-vape\/\"]}]},{\"@type\":\"ImageObject\",\"inLanguage\":\"it-IT\",\"@id\":\"https:\/\/www.elementvape.de\/sv\/produkt\/eleaf-istick-amnis-3-mod-900mah-batterie-vape\/#primaryimage\",\"url\":\"https:\/\/ae01.alicdn.com\/kf\/S84307e7627e548dba7bf3bea2c4da73fS\/Original-eleaf-istick-amnis-3-mod-900mah-batterie-vape-USB-C-schnell-lade-verdampfer-e-zigarette.jpg\",\"contentUrl\":\"https:\/\/ae01.alicdn.com\/kf\/S84307e7627e548dba7bf3bea2c4da73fS\/Original-eleaf-istick-amnis-3-mod-900mah-batterie-vape-USB-C-schnell-lade-verdampfer-e-zigarette.jpg\",\"width\":800,\"height\":800},{\"@type\":\"BreadcrumbList\",\"@id\":\"https:\/\/www.elementvape.de\/sv\/produkt\/eleaf-istick-amnis-3-mod-900mah-batterie-vape\/#breadcrumb\",\"itemListElement\":[{\"@type\":\"ListItem\",\"position\":1,\"name\":\"Home\",\"item\":\"https:\/\/www.elementvape.de\/\"},{\"@type\":\"ListItem\",\"position\":2,\"name\":\"Shop\",\"item\":\"https:\/\/www.elementvape.de\/shop\/\"},{\"@type\":\"ListItem\",\"position\":3,\"name\":\"Eleaf istick amnis 3 mod 900mah batterie vape\"}]},{\"@type\":\"WebSite\",\"@id\":\"https:\/\/www.elementvape.de\/#website\",\"url\":\"https:\/\/www.elementvape.de\/\",\"name\":\"ElementVape.de\",\"description\":\"\",\"publisher\":{\"@id\":\"https:\/\/www.elementvape.de\/#organization\"},\"potentialAction\":[{\"@type\":\"SearchAction\",\"target\":{\"@type\":\"EntryPoint\",\"urlTemplate\":\"https:\/\/www.elementvape.de\/?s={search_term_string}\"},\"query-input\":\"required name=search_term_string\"}],\"inLanguage\":\"it-IT\"},{\"@type\":\"Organization\",\"@id\":\"https:\/\/www.elementvape.de\/#organization\",\"name\":\"ElementVape.DE\",\"url\":\"https:\/\/www.elementvape.de\/\",\"logo\":{\"@type\":\"ImageObject\",\"inLanguage\":\"it-IT\",\"@id\":\"https:\/\/www.elementvape.de\/#\/schema\/logo\/image\/\",\"url\":\"https:\/\/www.elementvape.de\/wp-content\/uploads\/2024\/09\/cropped-1elementvape-3.png\",\"contentUrl\":\"https:\/\/www.elementvape.de\/wp-content\/uploads\/2024\/09\/cropped-1elementvape-3.png\",\"width\":285,\"height\":228,\"caption\":\"ElementVape.DE\"},\"image\":{\"@id\":\"https:\/\/www.elementvape.de\/#\/schema\/logo\/image\/\"}}]}<\/script>\n<!-- \/ Yoast SEO plugin. -->","yoast_head_json":{"title":"Eleaf istick amnis 3 mod 900mah batterie vape | ElementVape.de","description":"Wir bieten Eleaf istick amnis 3 mod 900mah batterie vape , Elementvape.de akzeptieren Gro\u00df-und Einzelhandel Bestellungen.","robots":{"index":"index","follow":"follow","max-snippet":"max-snippet:-1","max-image-preview":"max-image-preview:large","max-video-preview":"max-video-preview:-1"},"canonical":"https:\/\/www.elementvape.de\/it\/produkt\/eleaf-istick-amnis-3-mod-900mah-batterie-vape\/","og_locale":"it_IT","og_type":"article","og_title":"Eleaf istick amnis 3 mod 900mah batterie vape | ElementVape.de","og_description":"Wir bieten Eleaf istick amnis 3 mod 900mah batterie vape , Elementvape.de akzeptieren Gro\u00df-und Einzelhandel Bestellungen.","og_url":"https:\/\/www.elementvape.de\/it\/produkt\/eleaf-istick-amnis-3-mod-900mah-batterie-vape\/","og_site_name":"ElementVape.de","article_modified_time":"2024-09-12T10:32:00+00:00","og_image":[{"width":800,"height":800,"url":"https:\/\/ae01.alicdn.com\/kf\/S84307e7627e548dba7bf3bea2c4da73fS\/Original-eleaf-istick-amnis-3-mod-900mah-batterie-vape-USB-C-schnell-lade-verdampfer-e-zigarette.jpg","type":"image\/jpeg"}],"twitter_card":"summary_large_image","twitter_misc":{"Est. reading time":"2 minuti"},"schema":{"@context":"https:\/\/schema.org","@graph":[{"@type":"WebPage","@id":"https:\/\/www.elementvape.de\/sv\/produkt\/eleaf-istick-amnis-3-mod-900mah-batterie-vape\/","url":"https:\/\/www.elementvape.de\/sv\/produkt\/eleaf-istick-amnis-3-mod-900mah-batterie-vape\/","name":"Eleaf istick amnis 3 mod 900mah batterie vape | ElementVape.de","isPartOf":{"@id":"https:\/\/www.elementvape.de\/#website"},"primaryImageOfPage":{"@id":"https:\/\/www.elementvape.de\/sv\/produkt\/eleaf-istick-amnis-3-mod-900mah-batterie-vape\/#primaryimage"},"image":{"@id":"https:\/\/www.elementvape.de\/sv\/produkt\/eleaf-istick-amnis-3-mod-900mah-batterie-vape\/#primaryimage"},"thumbnailUrl":"https:\/\/ae01.alicdn.com\/kf\/S84307e7627e548dba7bf3bea2c4da73fS\/Original-eleaf-istick-amnis-3-mod-900mah-batterie-vape-USB-C-schnell-lade-verdampfer-e-zigarette.jpg","datePublished":"2024-04-20T08:00:31+00:00","dateModified":"2024-09-12T10:32:00+00:00","description":"Wir bieten Eleaf istick amnis 3 mod 900mah batterie vape , Elementvape.de akzeptieren Gro\u00df-und Einzelhandel Bestellungen.","breadcrumb":{"@id":"https:\/\/www.elementvape.de\/sv\/produkt\/eleaf-istick-amnis-3-mod-900mah-batterie-vape\/#breadcrumb"},"inLanguage":"it-IT","potentialAction":[{"@type":"ReadAction","target":["https:\/\/www.elementvape.de\/sv\/produkt\/eleaf-istick-amnis-3-mod-900mah-batterie-vape\/"]}]},{"@type":"ImageObject","inLanguage":"it-IT","@id":"https:\/\/www.elementvape.de\/sv\/produkt\/eleaf-istick-amnis-3-mod-900mah-batterie-vape\/#primaryimage","url":"https:\/\/ae01.alicdn.com\/kf\/S84307e7627e548dba7bf3bea2c4da73fS\/Original-eleaf-istick-amnis-3-mod-900mah-batterie-vape-USB-C-schnell-lade-verdampfer-e-zigarette.jpg","contentUrl":"https:\/\/ae01.alicdn.com\/kf\/S84307e7627e548dba7bf3bea2c4da73fS\/Original-eleaf-istick-amnis-3-mod-900mah-batterie-vape-USB-C-schnell-lade-verdampfer-e-zigarette.jpg","width":800,"height":800},{"@type":"BreadcrumbList","@id":"https:\/\/www.elementvape.de\/sv\/produkt\/eleaf-istick-amnis-3-mod-900mah-batterie-vape\/#breadcrumb","itemListElement":[{"@type":"ListItem","position":1,"name":"Home","item":"https:\/\/www.elementvape.de\/"},{"@type":"ListItem","position":2,"name":"Shop","item":"https:\/\/www.elementvape.de\/shop\/"},{"@type":"ListItem","position":3,"name":"Eleaf istick amnis 3 mod 900mah batterie vape"}]},{"@type":"WebSite","@id":"https:\/\/www.elementvape.de\/#website","url":"https:\/\/www.elementvape.de\/","name":"ElementVape.de","description":"","publisher":{"@id":"https:\/\/www.elementvape.de\/#organization"},"potentialAction":[{"@type":"SearchAction","target":{"@type":"EntryPoint","urlTemplate":"https:\/\/www.elementvape.de\/?s={search_term_string}"},"query-input":"required name=search_term_string"}],"inLanguage":"it-IT"},{"@type":"Organization","@id":"https:\/\/www.elementvape.de\/#organization","name":"ElementVape.DE","url":"https:\/\/www.elementvape.de\/","logo":{"@type":"ImageObject","inLanguage":"it-IT","@id":"https:\/\/www.elementvape.de\/#\/schema\/logo\/image\/","url":"https:\/\/www.elementvape.de\/wp-content\/uploads\/2024\/09\/cropped-1elementvape-3.png","contentUrl":"https:\/\/www.elementvape.de\/wp-content\/uploads\/2024\/09\/cropped-1elementvape-3.png","width":285,"height":228,"caption":"ElementVape.DE"},"image":{"@id":"https:\/\/www.elementvape.de\/#\/schema\/logo\/image\/"}}]}},"_links":{"self":[{"href":"https:\/\/www.elementvape.de\/it\/wp-json\/wp\/v2\/product\/8231"}],"collection":[{"href":"https:\/\/www.elementvape.de\/it\/wp-json\/wp\/v2\/product"}],"about":[{"href":"https:\/\/www.elementvape.de\/it\/wp-json\/wp\/v2\/types\/product"}],"wp:featuredmedia":[{"embeddable":true,"href":"https:\/\/www.elementvape.de\/it\/wp-json\/wp\/v2\/media\/8232"}],"wp:attachment":[{"href":"https:\/\/www.elementvape.de\/it\/wp-json\/wp\/v2\/media?parent=8231"}],"wp:term":[{"taxonomy":"product_cat","embeddable":true,"href":"https:\/\/www.elementvape.de\/it\/wp-json\/wp\/v2\/product_cat?post=8231"},{"taxonomy":"product_tag","embeddable":true,"href":"https:\/\/www.elementvape.de\/it\/wp-json\/wp\/v2\/product_tag?post=8231"}],"curies":[{"name":"wp","href":"https:\/\/api.w.org\/{rel}","templated":true}]}}