{"id":8169,"date":"2024-04-20T07:51:56","date_gmt":"2024-04-20T07:51:56","guid":{"rendered":"https:\/\/www.elementvape.de\/?post_type=product&#038;p=8169"},"modified":"2024-09-12T10:32:03","modified_gmt":"2024-09-12T10:32:03","slug":"vaporesso-gen-80s-itank-version-2-kit-80w-box-mod-vape","status":"publish","type":"product","link":"https:\/\/www.elementvape.de\/it\/produkt\/vaporesso-gen-80s-itank-version-2-kit-80w-box-mod-vape\/","title":{"rendered":"Vaporesso GEN 80S iTank Versione 2 Kit 80W Box Mod Vape"},"content":{"rendered":"<p>&nbsp;<\/p>\n<div class=\"product-specs-list-container\">\n<ul class=\"product-specs-list util-clearfix\">\n<li class=\"product-prop line-limit-length\"><span class=\"property-title\">Aspetto:\u00a0<\/span><span class=\"property-desc line-limit-length\">Forma della scatola<\/span><\/li>\n<li class=\"product-prop line-limit-length\"><span class=\"property-title\">Batteria compatibile:\u00a0<\/span><span class=\"property-desc line-limit-length\">18650<\/span><\/li>\n<li class=\"product-prop line-limit-length\"><span class=\"property-title\">Funzione di monitoraggio del numero di fumate:\u00a0<\/span><span class=\"property-desc line-limit-length\">No<\/span><\/li>\n<li class=\"product-prop line-limit-length\"><span class=\"property-title\">Custodia in silicone:\u00a0<\/span><span class=\"property-desc line-limit-length\">No<\/span><\/li>\n<li class=\"product-prop line-limit-length\"><span class=\"property-title\">Regolazione della temperatura:\u00a0<\/span><span class=\"property-desc line-limit-length\">Ja<\/span><\/li>\n<li class=\"product-prop line-limit-length\"><span class=\"property-title\">Batteria integrata o esterna:\u00a0<\/span><span class=\"property-desc line-limit-length\">Esterno<\/span><\/li>\n<li class=\"product-prop line-limit-length\"><span class=\"property-title\">Funzione di protezione da cortocircuito:\u00a0<\/span><span class=\"property-desc line-limit-length\">Ja<\/span><\/li>\n<li class=\"product-prop line-limit-length\"><span class=\"property-title\">Funzione di protezione da surriscaldamento:\u00a0<\/span><span class=\"property-desc line-limit-length\">Ja<\/span><\/li>\n<li class=\"product-prop line-limit-length\"><span class=\"property-title\">Funzione di allarme a bassa tensione:\u00a0<\/span><span class=\"property-desc line-limit-length\">Ja<\/span><\/li>\n<li class=\"product-prop line-limit-length\"><span class=\"property-title\">Funzione di identificazione dello spruzzatore:\u00a0<\/span><span class=\"property-desc line-limit-length\">Ja<\/span><\/li>\n<li class=\"product-prop line-limit-length\"><span class=\"property-title\">Modalit\u00e0 di impostazione TCR:\u00a0<\/span><span class=\"property-desc line-limit-length\">No<\/span><\/li>\n<li class=\"product-prop line-limit-length\"><span class=\"property-title\">Capacit\u00e0 nominale:\u00a0<\/span><span class=\"property-desc line-limit-length\">Nessuno<\/span><\/li>\n<li class=\"product-prop line-limit-length\"><span class=\"property-title\">Materiale:\u00a0<\/span><span class=\"property-desc line-limit-length\">Metallo<\/span><\/li>\n<li class=\"product-prop line-limit-length\"><span class=\"property-title\">Modello compatibile:\u00a0<\/span><span class=\"property-desc line-limit-length\">Sigaretta Elettronica Vape<\/span><\/li>\n<li class=\"product-prop line-limit-length\"><span class=\"property-title\">Numero di modello:\u00a0<\/span><span class=\"property-desc line-limit-length\">Kit Vaporesso GEN 80S iTank 2 Edition<\/span><\/li>\n<li class=\"product-prop line-limit-length\"><span class=\"property-title\">Caricatore USB:\u00a0<\/span><span class=\"property-desc line-limit-length\">Ja<\/span><\/li>\n<li class=\"product-prop line-limit-length\"><span class=\"property-title\">Aggiornamento del firmware:\u00a0<\/span><span class=\"property-desc line-limit-length\">No<\/span><\/li>\n<li class=\"product-prop line-limit-length\"><span class=\"property-title\">Display:\u00a0<\/span><span class=\"property-desc line-limit-length\">Ja<\/span><\/li>\n<li class=\"product-prop line-limit-length\"><span class=\"property-title\">Tipo:\u00a0<\/span><span class=\"property-desc line-limit-length\">Senza Batteria<\/span><\/li>\n<li class=\"product-prop line-limit-length\"><span class=\"property-title\">Nome del marchio:\u00a0<\/span><span class=\"property-desc line-limit-length\">vaporesso<\/span><\/li>\n<li class=\"product-prop line-limit-length\"><span class=\"property-title\">Origine:\u00a0<\/span><span class=\"property-desc line-limit-length\">CN (Origine)<\/span><\/li>\n<\/ul>\n<\/div>\n<div class=\"detailmodule_html\">\n<div class=\"detail-desc-decorate-richtext\">\n<div class=\"detailmodule_dynamic\"><\/div>\n<div class=\"detailmodule_text\">\n<p id=\"tl_1\" class=\"detail-desc-decorate-title\" style=\"font-family: OpenSans; font-size: 20px; font-weight: 900; line-height: 28px; margin-bottom: 12px;\">Kit originale vapor esso gen 80s itank 2 edition box mod vape con itank 2 5ml serbatoio vuoto atomizzatore elettronico sigaretta vaporizzatore<\/p>\n<\/div>\n<div class=\"detailmodule_text\">\n<p id=\"tl_2\" class=\"detail-desc-decorate-title\" style=\"font-family: OpenSans; font-size: 20px; font-weight: 900; line-height: 28px; margin-bottom: 12px;\">Descrizione:<\/p>\n<p id=\"tl_3\" class=\"detail-desc-decorate-content\" style=\"font-family: OpenSans; font-size: 14px; font-weight: 300; line-height: 20px; margin-bottom: 12px;\">Il kit Gen 80 S itank 2 \u00e8 composto da mod Gen 80 S versione CMF e itank 2. Il mod supporta una singola batteria esterna 18650 con massimo 80w ed \u00e8 il mod a batteria singola pi\u00f9 piccolo e leggero. Itank 2 ha una capacit\u00e0 di 5ml, riempimento semplice (premi e auto-apertura), design anti-fuoriuscita e sistema di auto-pulizia liquido. Con il design del nucleo riscaldante, la tecnologia offre un gusto preciso, che dura pi\u00f9 a lungo rispetto al 50%. \u00c8 compatibile con la bobina vapor esso GTI.<\/p>\n<\/div>\n<div class=\"detailmodule_text\">\n<p id=\"tl_4\" class=\"detail-desc-decorate-title\" style=\"font-family: OpenSans; font-size: 20px; font-weight: 900; line-height: 28px; margin-bottom: 12px;\">Parametri:<\/p>\n<p id=\"tl_5\" class=\"detail-desc-decorate-content\" style=\"font-family: OpenSans; font-size: 14px; font-weight: 300; line-height: 20px; margin-bottom: 12px;\">Marca: vapor esso<br \/>\nNome del prodotto: kit gen 80 S con edizione itank 2<br \/>\nCapacit\u00e0 del contenitore: 5ml<br \/>\nResistenza delle bobine: bobina mesh GTI 0,2 Ohm (60-75W), bobina mesh GTI 0,4 Ohm (50-60W)<br \/>\nBatteria: batteria esterna singola 18650 (non inclusa)<br \/>\nPotenza in uscita: 5-80w<br \/>\nCorrente di ricarica: 5V\/2A, Tipo C.<br \/>\nDisplay: schermo TFT da 0,96\u201d<br \/>\nColore: nero, argento, marrone, blu, azzurro, neon arancione, neon viola<\/p>\n<\/div>\n<div class=\"detailmodule_text\">\n<p id=\"tl_6\" class=\"detail-desc-decorate-title\" style=\"font-family: OpenSans; font-size: 20px; font-weight: 900; line-height: 28px; margin-bottom: 12px;\">Dettagli:<\/p>\n<p id=\"tl_7\" class=\"detail-desc-decorate-content\" style=\"font-family: OpenSans; font-size: 14px; font-weight: 300; line-height: 20px; margin-bottom: 12px;\">1. il pi\u00f9 piccolo e leggero mod a batteria singola<br \/>\n2. batteria esterna singola 18650 con massimo 80w<br \/>\n3. punta a goccia 810, nuvole pi\u00f9 dense<br \/>\n4. Presse e riempimento automatico aperto<br \/>\n5. capacit\u00e0 vuota 5ml<br \/>\n6. tecnologia riscaldamento corex: gusto preciso duraturo 50% pi\u00f9 a lungo<br \/>\n7. Design resistente alle perdite<br \/>\n8. sistema liquido auto-pulente<\/p>\n<\/div>\n<div class=\"detailmodule_text\">\n<p id=\"tl_8\" class=\"detail-desc-decorate-title\" style=\"font-family: OpenSans; font-size: 20px; font-weight: 900; line-height: 28px; margin-bottom: 12px;\">Pacchetto:<\/p>\n<p id=\"tl_9\" class=\"detail-desc-decorate-content\" style=\"font-family: OpenSans; font-size: 14px; font-weight: 300; line-height: 20px; margin-bottom: 12px;\">1 * vaporizzatore Esso Gen 80 S mod<br \/>\n1 * vaporizzatore Esso iTank 2<br \/>\n1 * bobina mesh GTI 0,2\u03a9 (60-75w)<br \/>\n1 * bobina mesh GTI 0,4\u03a9 (50-60w)<br \/>\n1 * tubo di vetro extra<br \/>\n3 * O-Ring<br \/>\n1 * cavo Tipo-C<br \/>\n1 * manuale utente<br \/>\n1 * carta di garanzia<\/p>\n<\/div>\n<div class=\"detailmodule_image\"><img decoding=\"async\" loading=\"lazy\" class=\"detail-desc-decorate-image\" src=\"https:\/\/ae01.alicdn.com\/kf\/Sede468d5a897416da89453e7afb8f52fq.jpg\" \/><\/div>\n<p>&nbsp;<\/p>\n<\/div>\n<\/div>","protected":false},"excerpt":{"rendered":"<p>&nbsp; Aussehen:\u00a0Box Form Kompatibler Akku:\u00a018650 \u00dcberwachung Funktion Von Rauchen Anzahl:\u00a0Nein Silikon Fall:\u00a0Nein Temperaturregelung:\u00a0Ja Eingebaute Oder Externe Batterie:\u00a0External Kurzschlussschutz Funktion:\u00a0Ja \u00dcberhitzungsschutz-funktion:\u00a0Ja Niederspannungsalarmfunktion:\u00a0Ja Zerst\u00e4uber Identifikation Funktion:\u00a0Ja TCR Einstellung Modi:\u00a0Nein Nominale Kapazit\u00e4t:\u00a0Kein Material:\u00a0Metall Compatible Model:\u00a0Electronic Cigarette Vape Modellnummer:\u00a0Vaporesso GEN 80S iTank 2 Edition Kit Usb-ladeger\u00e4t:\u00a0Ja Firmware-upgrade:\u00a0Nein Display:\u00a0Ja Art:\u00a0Ohne Batterie Markenname:\u00a0vaporesso Ursprung:\u00a0CN (Herkunft) Original vapor esso gen 80s itank [&hellip;]<\/p>","protected":false},"featured_media":8171,"template":"","meta":{"inline_featured_image":false},"product_cat":[15,78,750,737,736,749,77],"product_tag":[],"tiered_pricing_type":"fixed","tiered_pricing_fixed_rules":[],"tiered_pricing_percentage_rules":[],"tiered_pricing_minimum":1,"_administrator_tiered_pricing_type":"fixed","_administrator_tiered_pricing_fixed_rules":[],"_editor_tiered_pricing_type":"fixed","_editor_tiered_pricing_fixed_rules":[],"_author_tiered_pricing_type":"fixed","_author_tiered_pricing_fixed_rules":[],"_contributor_tiered_pricing_type":"fixed","_contributor_tiered_pricing_fixed_rules":[],"_subscriber_tiered_pricing_type":"fixed","_subscriber_tiered_pricing_fixed_rules":[],"_customer_tiered_pricing_type":"fixed","_customer_tiered_pricing_fixed_rules":[],"_shop_manager_tiered_pricing_type":"fixed","_shop_manager_tiered_pricing_fixed_rules":[],"_wpseo_manager_tiered_pricing_type":"fixed","_wpseo_manager_tiered_pricing_fixed_rules":[],"_wpseo_editor_tiered_pricing_type":"fixed","_wpseo_editor_tiered_pricing_fixed_rules":[],"_wholesale_customer_tiered_pricing_type":"fixed","_wholesale_customer_tiered_pricing_fixed_rules":[],"_marketer_tiered_pricing_type":"fixed","_marketer_tiered_pricing_fixed_rules":[],"_sales_manager_tiered_pricing_type":"fixed","_sales_manager_tiered_pricing_fixed_rules":[],"_sales_rep_tiered_pricing_type":"fixed","_sales_rep_tiered_pricing_fixed_rules":[],"yoast_head":"<!-- This site is optimized with the Yoast SEO plugin v23.3 - https:\/\/yoast.com\/wordpress\/plugins\/seo\/ -->\n<title>Vaporesso GEN 80S iTank Version 2 Kit 80W Box Mod Vape | ElementVape.de<\/title>\n<meta name=\"description\" content=\"Wir bieten Vaporesso GEN 80S iTank Version 2 Kit 80W Box Mod Vape , Elementvape.de akzeptieren Gro\u00df-und Einzelhandel Bestellungen.\" \/>\n<meta name=\"robots\" content=\"index, follow, max-snippet:-1, max-image-preview:large, max-video-preview:-1\" \/>\n<link rel=\"canonical\" href=\"https:\/\/www.elementvape.de\/it\/produkt\/vaporesso-gen-80s-itank-version-2-kit-80w-box-mod-vape\/\" \/>\n<meta property=\"og:locale\" content=\"it_IT\" \/>\n<meta property=\"og:type\" content=\"article\" \/>\n<meta property=\"og:title\" content=\"Vaporesso GEN 80S iTank Version 2 Kit 80W Box Mod Vape | ElementVape.de\" \/>\n<meta property=\"og:description\" content=\"Wir bieten Vaporesso GEN 80S iTank Version 2 Kit 80W Box Mod Vape , Elementvape.de akzeptieren Gro\u00df-und Einzelhandel Bestellungen.\" \/>\n<meta property=\"og:url\" content=\"https:\/\/www.elementvape.de\/it\/produkt\/vaporesso-gen-80s-itank-version-2-kit-80w-box-mod-vape\/\" \/>\n<meta property=\"og:site_name\" content=\"ElementVape.de\" \/>\n<meta property=\"article:modified_time\" content=\"2024-09-12T10:32:03+00:00\" \/>\n<meta property=\"og:image\" content=\"https:\/\/ae01.alicdn.com\/kf\/S2df47a5d133f4215b5a192948d844e6bZ\/Original-Vaporesso-GEN-80S-iTank-2-Edition-Kit-80W-Box-Mod-Vape-mit-iTank-2-5ml.jpg\" \/>\n\t<meta property=\"og:image:width\" content=\"800\" \/>\n\t<meta property=\"og:image:height\" content=\"800\" \/>\n\t<meta property=\"og:image:type\" content=\"image\/jpeg\" \/>\n<meta name=\"twitter:card\" content=\"summary_large_image\" \/>\n<meta name=\"twitter:label1\" content=\"Est. reading time\" \/>\n\t<meta name=\"twitter:data1\" content=\"3 minuti\" \/>\n<script type=\"application\/ld+json\" class=\"yoast-schema-graph\">{\"@context\":\"https:\/\/schema.org\",\"@graph\":[{\"@type\":\"WebPage\",\"@id\":\"https:\/\/www.elementvape.de\/sk\/produkt\/vaporesso-gen-80s-itank-version-2-kit-80w-box-mod-vape\/\",\"url\":\"https:\/\/www.elementvape.de\/sk\/produkt\/vaporesso-gen-80s-itank-version-2-kit-80w-box-mod-vape\/\",\"name\":\"Vaporesso GEN 80S iTank Version 2 Kit 80W Box Mod Vape | ElementVape.de\",\"isPartOf\":{\"@id\":\"https:\/\/www.elementvape.de\/#website\"},\"primaryImageOfPage\":{\"@id\":\"https:\/\/www.elementvape.de\/sk\/produkt\/vaporesso-gen-80s-itank-version-2-kit-80w-box-mod-vape\/#primaryimage\"},\"image\":{\"@id\":\"https:\/\/www.elementvape.de\/sk\/produkt\/vaporesso-gen-80s-itank-version-2-kit-80w-box-mod-vape\/#primaryimage\"},\"thumbnailUrl\":\"https:\/\/ae01.alicdn.com\/kf\/S2df47a5d133f4215b5a192948d844e6bZ\/Original-Vaporesso-GEN-80S-iTank-2-Edition-Kit-80W-Box-Mod-Vape-mit-iTank-2-5ml.jpg\",\"datePublished\":\"2024-04-20T07:51:56+00:00\",\"dateModified\":\"2024-09-12T10:32:03+00:00\",\"description\":\"Wir bieten Vaporesso GEN 80S iTank Version 2 Kit 80W Box Mod Vape , Elementvape.de akzeptieren Gro\u00df-und Einzelhandel Bestellungen.\",\"breadcrumb\":{\"@id\":\"https:\/\/www.elementvape.de\/sk\/produkt\/vaporesso-gen-80s-itank-version-2-kit-80w-box-mod-vape\/#breadcrumb\"},\"inLanguage\":\"it-IT\",\"potentialAction\":[{\"@type\":\"ReadAction\",\"target\":[\"https:\/\/www.elementvape.de\/sk\/produkt\/vaporesso-gen-80s-itank-version-2-kit-80w-box-mod-vape\/\"]}]},{\"@type\":\"ImageObject\",\"inLanguage\":\"it-IT\",\"@id\":\"https:\/\/www.elementvape.de\/sk\/produkt\/vaporesso-gen-80s-itank-version-2-kit-80w-box-mod-vape\/#primaryimage\",\"url\":\"https:\/\/ae01.alicdn.com\/kf\/S2df47a5d133f4215b5a192948d844e6bZ\/Original-Vaporesso-GEN-80S-iTank-2-Edition-Kit-80W-Box-Mod-Vape-mit-iTank-2-5ml.jpg\",\"contentUrl\":\"https:\/\/ae01.alicdn.com\/kf\/S2df47a5d133f4215b5a192948d844e6bZ\/Original-Vaporesso-GEN-80S-iTank-2-Edition-Kit-80W-Box-Mod-Vape-mit-iTank-2-5ml.jpg\",\"width\":800,\"height\":800},{\"@type\":\"BreadcrumbList\",\"@id\":\"https:\/\/www.elementvape.de\/sk\/produkt\/vaporesso-gen-80s-itank-version-2-kit-80w-box-mod-vape\/#breadcrumb\",\"itemListElement\":[{\"@type\":\"ListItem\",\"position\":1,\"name\":\"Home\",\"item\":\"https:\/\/www.elementvape.de\/\"},{\"@type\":\"ListItem\",\"position\":2,\"name\":\"Shop\",\"item\":\"https:\/\/www.elementvape.de\/shop\/\"},{\"@type\":\"ListItem\",\"position\":3,\"name\":\"Vaporesso GEN 80S iTank Version 2 Kit 80W Box Mod Vape\"}]},{\"@type\":\"WebSite\",\"@id\":\"https:\/\/www.elementvape.de\/#website\",\"url\":\"https:\/\/www.elementvape.de\/\",\"name\":\"ElementVape.de\",\"description\":\"\",\"publisher\":{\"@id\":\"https:\/\/www.elementvape.de\/#organization\"},\"potentialAction\":[{\"@type\":\"SearchAction\",\"target\":{\"@type\":\"EntryPoint\",\"urlTemplate\":\"https:\/\/www.elementvape.de\/?s={search_term_string}\"},\"query-input\":\"required name=search_term_string\"}],\"inLanguage\":\"it-IT\"},{\"@type\":\"Organization\",\"@id\":\"https:\/\/www.elementvape.de\/#organization\",\"name\":\"ElementVape.DE\",\"url\":\"https:\/\/www.elementvape.de\/\",\"logo\":{\"@type\":\"ImageObject\",\"inLanguage\":\"it-IT\",\"@id\":\"https:\/\/www.elementvape.de\/#\/schema\/logo\/image\/\",\"url\":\"https:\/\/www.elementvape.de\/wp-content\/uploads\/2024\/09\/cropped-1elementvape-3.png\",\"contentUrl\":\"https:\/\/www.elementvape.de\/wp-content\/uploads\/2024\/09\/cropped-1elementvape-3.png\",\"width\":285,\"height\":228,\"caption\":\"ElementVape.DE\"},\"image\":{\"@id\":\"https:\/\/www.elementvape.de\/#\/schema\/logo\/image\/\"}}]}<\/script>\n<!-- \/ Yoast SEO plugin. -->","yoast_head_json":{"title":"Vaporesso GEN 80S iTank Version 2 Kit 80W Box Mod Vape | ElementVape.de","description":"Wir bieten Vaporesso GEN 80S iTank Version 2 Kit 80W Box Mod Vape , Elementvape.de akzeptieren Gro\u00df-und Einzelhandel Bestellungen.","robots":{"index":"index","follow":"follow","max-snippet":"max-snippet:-1","max-image-preview":"max-image-preview:large","max-video-preview":"max-video-preview:-1"},"canonical":"https:\/\/www.elementvape.de\/it\/produkt\/vaporesso-gen-80s-itank-version-2-kit-80w-box-mod-vape\/","og_locale":"it_IT","og_type":"article","og_title":"Vaporesso GEN 80S iTank Version 2 Kit 80W Box Mod Vape | ElementVape.de","og_description":"Wir bieten Vaporesso GEN 80S iTank Version 2 Kit 80W Box Mod Vape , Elementvape.de akzeptieren Gro\u00df-und Einzelhandel Bestellungen.","og_url":"https:\/\/www.elementvape.de\/it\/produkt\/vaporesso-gen-80s-itank-version-2-kit-80w-box-mod-vape\/","og_site_name":"ElementVape.de","article_modified_time":"2024-09-12T10:32:03+00:00","og_image":[{"width":800,"height":800,"url":"https:\/\/ae01.alicdn.com\/kf\/S2df47a5d133f4215b5a192948d844e6bZ\/Original-Vaporesso-GEN-80S-iTank-2-Edition-Kit-80W-Box-Mod-Vape-mit-iTank-2-5ml.jpg","type":"image\/jpeg"}],"twitter_card":"summary_large_image","twitter_misc":{"Est. reading time":"3 minuti"},"schema":{"@context":"https:\/\/schema.org","@graph":[{"@type":"WebPage","@id":"https:\/\/www.elementvape.de\/sk\/produkt\/vaporesso-gen-80s-itank-version-2-kit-80w-box-mod-vape\/","url":"https:\/\/www.elementvape.de\/sk\/produkt\/vaporesso-gen-80s-itank-version-2-kit-80w-box-mod-vape\/","name":"Vaporesso GEN 80S iTank Version 2 Kit 80W Box Mod Vape | ElementVape.de","isPartOf":{"@id":"https:\/\/www.elementvape.de\/#website"},"primaryImageOfPage":{"@id":"https:\/\/www.elementvape.de\/sk\/produkt\/vaporesso-gen-80s-itank-version-2-kit-80w-box-mod-vape\/#primaryimage"},"image":{"@id":"https:\/\/www.elementvape.de\/sk\/produkt\/vaporesso-gen-80s-itank-version-2-kit-80w-box-mod-vape\/#primaryimage"},"thumbnailUrl":"https:\/\/ae01.alicdn.com\/kf\/S2df47a5d133f4215b5a192948d844e6bZ\/Original-Vaporesso-GEN-80S-iTank-2-Edition-Kit-80W-Box-Mod-Vape-mit-iTank-2-5ml.jpg","datePublished":"2024-04-20T07:51:56+00:00","dateModified":"2024-09-12T10:32:03+00:00","description":"Wir bieten Vaporesso GEN 80S iTank Version 2 Kit 80W Box Mod Vape , Elementvape.de akzeptieren Gro\u00df-und Einzelhandel Bestellungen.","breadcrumb":{"@id":"https:\/\/www.elementvape.de\/sk\/produkt\/vaporesso-gen-80s-itank-version-2-kit-80w-box-mod-vape\/#breadcrumb"},"inLanguage":"it-IT","potentialAction":[{"@type":"ReadAction","target":["https:\/\/www.elementvape.de\/sk\/produkt\/vaporesso-gen-80s-itank-version-2-kit-80w-box-mod-vape\/"]}]},{"@type":"ImageObject","inLanguage":"it-IT","@id":"https:\/\/www.elementvape.de\/sk\/produkt\/vaporesso-gen-80s-itank-version-2-kit-80w-box-mod-vape\/#primaryimage","url":"https:\/\/ae01.alicdn.com\/kf\/S2df47a5d133f4215b5a192948d844e6bZ\/Original-Vaporesso-GEN-80S-iTank-2-Edition-Kit-80W-Box-Mod-Vape-mit-iTank-2-5ml.jpg","contentUrl":"https:\/\/ae01.alicdn.com\/kf\/S2df47a5d133f4215b5a192948d844e6bZ\/Original-Vaporesso-GEN-80S-iTank-2-Edition-Kit-80W-Box-Mod-Vape-mit-iTank-2-5ml.jpg","width":800,"height":800},{"@type":"BreadcrumbList","@id":"https:\/\/www.elementvape.de\/sk\/produkt\/vaporesso-gen-80s-itank-version-2-kit-80w-box-mod-vape\/#breadcrumb","itemListElement":[{"@type":"ListItem","position":1,"name":"Home","item":"https:\/\/www.elementvape.de\/"},{"@type":"ListItem","position":2,"name":"Shop","item":"https:\/\/www.elementvape.de\/shop\/"},{"@type":"ListItem","position":3,"name":"Vaporesso GEN 80S iTank Version 2 Kit 80W Box Mod Vape"}]},{"@type":"WebSite","@id":"https:\/\/www.elementvape.de\/#website","url":"https:\/\/www.elementvape.de\/","name":"ElementVape.de","description":"","publisher":{"@id":"https:\/\/www.elementvape.de\/#organization"},"potentialAction":[{"@type":"SearchAction","target":{"@type":"EntryPoint","urlTemplate":"https:\/\/www.elementvape.de\/?s={search_term_string}"},"query-input":"required name=search_term_string"}],"inLanguage":"it-IT"},{"@type":"Organization","@id":"https:\/\/www.elementvape.de\/#organization","name":"ElementVape.DE","url":"https:\/\/www.elementvape.de\/","logo":{"@type":"ImageObject","inLanguage":"it-IT","@id":"https:\/\/www.elementvape.de\/#\/schema\/logo\/image\/","url":"https:\/\/www.elementvape.de\/wp-content\/uploads\/2024\/09\/cropped-1elementvape-3.png","contentUrl":"https:\/\/www.elementvape.de\/wp-content\/uploads\/2024\/09\/cropped-1elementvape-3.png","width":285,"height":228,"caption":"ElementVape.DE"},"image":{"@id":"https:\/\/www.elementvape.de\/#\/schema\/logo\/image\/"}}]}},"_links":{"self":[{"href":"https:\/\/www.elementvape.de\/it\/wp-json\/wp\/v2\/product\/8169"}],"collection":[{"href":"https:\/\/www.elementvape.de\/it\/wp-json\/wp\/v2\/product"}],"about":[{"href":"https:\/\/www.elementvape.de\/it\/wp-json\/wp\/v2\/types\/product"}],"wp:featuredmedia":[{"embeddable":true,"href":"https:\/\/www.elementvape.de\/it\/wp-json\/wp\/v2\/media\/8171"}],"wp:attachment":[{"href":"https:\/\/www.elementvape.de\/it\/wp-json\/wp\/v2\/media?parent=8169"}],"wp:term":[{"taxonomy":"product_cat","embeddable":true,"href":"https:\/\/www.elementvape.de\/it\/wp-json\/wp\/v2\/product_cat?post=8169"},{"taxonomy":"product_tag","embeddable":true,"href":"https:\/\/www.elementvape.de\/it\/wp-json\/wp\/v2\/product_tag?post=8169"}],"curies":[{"name":"wp","href":"https:\/\/api.w.org\/{rel}","templated":true}]}}