{"id":8118,"date":"2024-04-20T07:44:38","date_gmt":"2024-04-20T07:44:38","guid":{"rendered":"https:\/\/www.elementvape.de\/?post_type=product&#038;p=8118"},"modified":"2024-09-12T10:32:07","modified_gmt":"2024-09-12T10:32:07","slug":"wolfcoolvape-e-zigaretten-vape-120-w-box-modul-kit","status":"publish","type":"product","link":"https:\/\/www.elementvape.de\/it\/produkt\/wolfcoolvape-e-zigaretten-vape-120-w-box-modul-kit\/","title":{"rendered":"Wolfcoolvape Kit mod box vape sigaretta elettronica da 120W"},"content":{"rendered":"<p>&nbsp;<\/p>\n<div class=\"product-specs-list-container\">\n<ul class=\"product-specs-list util-clearfix\">\n<li class=\"product-prop line-limit-length\"><span class=\"property-title\">Aspetto:\u00a0<\/span><span class=\"property-desc line-limit-length\">Forma della scatola<\/span><\/li>\n<li class=\"product-prop line-limit-length\"><span class=\"property-title\">Batteria compatibile:\u00a0<\/span><span class=\"property-desc line-limit-length\">Nessuno<\/span><\/li>\n<li class=\"product-prop line-limit-length\"><span class=\"property-title\">Funzione di monitoraggio del numero di fumate:\u00a0<\/span><span class=\"property-desc line-limit-length\">No<\/span><\/li>\n<li class=\"product-prop line-limit-length\"><span class=\"property-title\">Custodia in silicone:\u00a0<\/span><span class=\"property-desc line-limit-length\">No<\/span><\/li>\n<li class=\"product-prop line-limit-length\"><span class=\"property-title\">Regolazione della temperatura:\u00a0<\/span><span class=\"property-desc line-limit-length\">No<\/span><\/li>\n<li class=\"product-prop line-limit-length\"><span class=\"property-title\">Batteria integrata o esterna:\u00a0<\/span><span class=\"property-desc line-limit-length\">Integrata<\/span><\/li>\n<li class=\"product-prop line-limit-length\"><span class=\"property-title\">Funzione di protezione da cortocircuito:\u00a0<\/span><span class=\"property-desc line-limit-length\">Ja<\/span><\/li>\n<li class=\"product-prop line-limit-length\"><span class=\"property-title\">Funzione di protezione da surriscaldamento:\u00a0<\/span><span class=\"property-desc line-limit-length\">Ja<\/span><\/li>\n<li class=\"product-prop line-limit-length\"><span class=\"property-title\">Funzione di allarme a bassa tensione:\u00a0<\/span><span class=\"property-desc line-limit-length\">No<\/span><\/li>\n<li class=\"product-prop line-limit-length\"><span class=\"property-title\">Funzione di identificazione dello spruzzatore:\u00a0<\/span><span class=\"property-desc line-limit-length\">No<\/span><\/li>\n<li class=\"product-prop line-limit-length\"><span class=\"property-title\">Modalit\u00e0 di impostazione TCR:\u00a0<\/span><span class=\"property-desc line-limit-length\">No<\/span><\/li>\n<li class=\"product-prop line-limit-length\"><span class=\"property-title\">Capacit\u00e0 nominale:\u00a0<\/span><span class=\"property-desc line-limit-length\">1800 mAh<\/span><\/li>\n<li class=\"product-prop line-limit-length\"><span class=\"property-title\">Materiale:\u00a0<\/span><span class=\"property-desc line-limit-length\">Metallo<\/span><\/li>\n<li class=\"product-prop line-limit-length\"><span class=\"property-title\">Modello compatibile:\u00a0<\/span><span class=\"property-desc line-limit-length\">Wolfcoolvape sigarette elettroniche Vape 120W Box Mod Kit 1800mah OLED<\/span><\/li>\n<li class=\"product-prop line-limit-length\"><span class=\"property-title\">Numero di modello:\u00a0<\/span><span class=\"property-desc line-limit-length\">Wolfcoolvape sigarette elettroniche Vape 120W Box Mod Kit 1800mah OLED<\/span><\/li>\n<li class=\"product-prop line-limit-length\"><span class=\"property-title\">Caricatore USB:\u00a0<\/span><span class=\"property-desc line-limit-length\">Ja<\/span><\/li>\n<li class=\"product-prop line-limit-length\"><span class=\"property-title\">Aggiornamento del firmware:\u00a0<\/span><span class=\"property-desc line-limit-length\">No<\/span><\/li>\n<li class=\"product-prop line-limit-length\"><span class=\"property-title\">Display:\u00a0<\/span><span class=\"property-desc line-limit-length\">Ja<\/span><\/li>\n<li class=\"product-prop line-limit-length\"><span class=\"property-title\">Tipo:\u00a0<\/span><span class=\"property-desc line-limit-length\">Con Batteria<\/span><\/li>\n<li class=\"product-prop line-limit-length\"><span class=\"property-title\">Nome del marchio:\u00a0<\/span><span class=\"property-desc line-limit-length\">WOLF COOLVAPE<\/span><\/li>\n<li class=\"product-prop line-limit-length\"><span class=\"property-title\">Origine:\u00a0<\/span><span class=\"property-desc line-limit-length\">CN (Origine)<\/span><\/li>\n<\/ul>\n<\/div>\n<div class=\"detailmodule_html\">\n<div class=\"detail-desc-decorate-richtext\">\n<div class=\"detailmodule_text-image\">\n<div class=\"detailmodule_media\">\n<div class=\"video-container-1100202521669\">\n<div id=\"1100202521669\" class=\"detail-video\" data-previewurl=\"https:\/\/ae01.alicdn.com\/kf\/Scdb02e7963114b9fbecf5d02daef0ca1Q.jpg\"><\/div>\n<\/div>\n<\/div>\n<p id=\"tl_1\" class=\"detail-desc-decorate-title\" style=\"font-family: OpenSans; font-size: 20px; font-weight: 900; line-height: 28px; margin-bottom: 12px;\">Wolfcoolvape sigarette elettroniche vape 120w box mod kit 1800mah schermo OLED kit e-cigarette atomizzatore 2,5 ml<\/p>\n<p id=\"tl_2\" class=\"detail-desc-decorate-content\" style=\"font-family: OpenSans; font-size: 14px; font-weight: 300; line-height: 20px; margin-bottom: 12px;\">Valutazione dei giocatori Wolfcoolvape esperienza con console elettroniche<\/p>\n<p>Nota: se desideri analizzare un gusto migliore, questo prodotto non \u00e8 adatto a te. Se sei un giocatore esperto, dovresti capire che dovresti cercare un dispositivo che possa controllare la temperatura.<br \/>\nTuttavia, se passi ad altri atomizzatori come mtl dl rta rda ecc., la funzione della macchina pu\u00f2 essere utilizzata solo, o puoi modificarla tu stesso.<br \/>\nControlla la resistenza del filo riscaldante.<\/p>\n<p>Il prodotto \u00e8 grande fumo \u2014\u2014\u2014- Voglio solo divertirmi<br \/>\nDescrizione della funzione:<br \/>\nI prodotti sono universali, con filettatura 510. Puoi anche vedere gli stessi prodotti sulla piattaforma, e le funzioni sono effettivamente uguali.<br \/>\nQuesto prodotto cambia solo i numeri, la resistenza e la tensione sono per decorazione (\u00e8 pi\u00f9 comodo rispetto alla regolazione della tensione a tre velocit\u00e0)<\/p>\n<p>Se vuoi un grande fumo, puoi acquistarlo<\/p>\n<p>Perch\u00e9 wolfcoolvape consiglia questo prodotto?<br \/>\nRisposta: 1. la qualit\u00e0 \u00e8 accettabile. Se non \u00e8 l'atomizzatore originale, devi sostituirlo con un altro atomizzatore, ma usa sempre un atomizzatore con filettatura 510. Non usare troppa forza per torcerlo.<br \/>\n2. \u00e8 per principianti. Se vuoi diventare un esperto, DIY e regolabile sono i migliori (trova altri posti dove acquistare)<\/p>\n<\/div>\n<div class=\"detailmodule_text-image\"><img decoding=\"async\" loading=\"lazy\" class=\"detail-desc-decorate-image\" src=\"https:\/\/ae01.alicdn.com\/kf\/Scebfa41f81214dfa8fac3b1246a220efE.jpg\" \/><br \/>\n<img decoding=\"async\" loading=\"lazy\" class=\"detail-desc-decorate-image\" src=\"https:\/\/ae01.alicdn.com\/kf\/S81262fbe904d40ed95dd69aa0ecfbddag.jpg\" \/><br \/>\n<img decoding=\"async\" loading=\"lazy\" class=\"detail-desc-decorate-image\" src=\"https:\/\/ae01.alicdn.com\/kf\/S58a5606316e943eebb7d956c71c4e78eO.jpg\" \/><br \/>\n<img decoding=\"async\" loading=\"lazy\" class=\"detail-desc-decorate-image\" src=\"https:\/\/ae01.alicdn.com\/kf\/S96166073b2694d2d89ea19090d8823b4t.jpg\" \/><br \/>\n<img decoding=\"async\" loading=\"lazy\" class=\"detail-desc-decorate-image\" src=\"https:\/\/ae01.alicdn.com\/kf\/S31d5942aa44e481ca94f5f403462f5a97.jpg\" \/><br \/>\n<img decoding=\"async\" loading=\"lazy\" class=\"detail-desc-decorate-image\" src=\"https:\/\/ae01.alicdn.com\/kf\/S25b996817f5e41dc8f3a3b4ca08165702.jpg\" \/><\/div>\n<p>&nbsp;<\/p>\n<\/div>\n<\/div>","protected":false},"excerpt":{"rendered":"<p>&nbsp; Aussehen:\u00a0Box Form Kompatibler Akku:\u00a0Kein \u00dcberwachung Funktion Von Rauchen Anzahl:\u00a0Nein Silikon Fall:\u00a0Nein Temperaturregelung:\u00a0Nein Eingebaute Oder Externe Batterie:\u00a0Eingebaute Kurzschlussschutz Funktion:\u00a0Ja \u00dcberhitzungsschutz-funktion:\u00a0Ja Niederspannungsalarmfunktion:\u00a0Nein Zerst\u00e4uber Identifikation Funktion:\u00a0Nein TCR Einstellung Modi:\u00a0Nein Nominale Kapazit\u00e4t:\u00a01800 mAh Material:\u00a0Metall Compatible Model:\u00a0wolfcoolvape Electronic Cigarettes Vape 120W Box Mod Kit 1800mah OLED Modellnummer:\u00a0wolfcoolvape Electronic Cigarettes Vape 120W Box Mod Kit 1800mah OLED Usb-ladeger\u00e4t:\u00a0Ja Firmware-upgrade:\u00a0Nein Display:\u00a0Ja [&hellip;]<\/p>","protected":false},"featured_media":8120,"template":"","meta":{"inline_featured_image":false},"product_cat":[78,750,737,736,749,77],"product_tag":[],"tiered_pricing_type":"fixed","tiered_pricing_fixed_rules":[],"tiered_pricing_percentage_rules":[],"tiered_pricing_minimum":1,"_administrator_tiered_pricing_type":"fixed","_administrator_tiered_pricing_fixed_rules":[],"_editor_tiered_pricing_type":"fixed","_editor_tiered_pricing_fixed_rules":[],"_author_tiered_pricing_type":"fixed","_author_tiered_pricing_fixed_rules":[],"_contributor_tiered_pricing_type":"fixed","_contributor_tiered_pricing_fixed_rules":[],"_subscriber_tiered_pricing_type":"fixed","_subscriber_tiered_pricing_fixed_rules":[],"_customer_tiered_pricing_type":"fixed","_customer_tiered_pricing_fixed_rules":[],"_shop_manager_tiered_pricing_type":"fixed","_shop_manager_tiered_pricing_fixed_rules":[],"_wpseo_manager_tiered_pricing_type":"fixed","_wpseo_manager_tiered_pricing_fixed_rules":[],"_wpseo_editor_tiered_pricing_type":"fixed","_wpseo_editor_tiered_pricing_fixed_rules":[],"_wholesale_customer_tiered_pricing_type":"fixed","_wholesale_customer_tiered_pricing_fixed_rules":[],"_marketer_tiered_pricing_type":"fixed","_marketer_tiered_pricing_fixed_rules":[],"_sales_manager_tiered_pricing_type":"fixed","_sales_manager_tiered_pricing_fixed_rules":[],"_sales_rep_tiered_pricing_type":"fixed","_sales_rep_tiered_pricing_fixed_rules":[],"yoast_head":"<!-- This site is optimized with the Yoast SEO plugin v23.3 - https:\/\/yoast.com\/wordpress\/plugins\/seo\/ -->\n<title>Wolfcoolvape E-Zigaretten-Vape-120-W-Box-Modul-Kit | ElementVape.de<\/title>\n<meta name=\"description\" content=\"Wir bieten Wolfcoolvape E-Zigaretten-Vape-120-W-Box-Modul-Kit , Elementvape.de akzeptieren Gro\u00df-und Einzelhandel Bestellungen.\" \/>\n<meta name=\"robots\" content=\"index, follow, max-snippet:-1, max-image-preview:large, max-video-preview:-1\" \/>\n<link rel=\"canonical\" href=\"https:\/\/www.elementvape.de\/it\/produkt\/wolfcoolvape-e-zigaretten-vape-120-w-box-modul-kit\/\" \/>\n<meta property=\"og:locale\" content=\"it_IT\" \/>\n<meta property=\"og:type\" content=\"article\" \/>\n<meta property=\"og:title\" content=\"Wolfcoolvape E-Zigaretten-Vape-120-W-Box-Modul-Kit | ElementVape.de\" \/>\n<meta property=\"og:description\" content=\"Wir bieten Wolfcoolvape E-Zigaretten-Vape-120-W-Box-Modul-Kit , Elementvape.de akzeptieren Gro\u00df-und Einzelhandel Bestellungen.\" \/>\n<meta property=\"og:url\" content=\"https:\/\/www.elementvape.de\/it\/produkt\/wolfcoolvape-e-zigaretten-vape-120-w-box-modul-kit\/\" \/>\n<meta property=\"og:site_name\" content=\"ElementVape.de\" \/>\n<meta property=\"article:modified_time\" content=\"2024-09-12T10:32:07+00:00\" \/>\n<meta property=\"og:image\" content=\"https:\/\/ae01.alicdn.com\/kf\/S58a5606316e943eebb7d956c71c4e78eO\/Wolfcoolvape-elektronische-zigaretten-vape-120w-box-mod-kit-1800mah-oled-bildschirm-e-zigaretten-verdampfer-kit-2.jpg\" \/>\n\t<meta property=\"og:image:width\" content=\"1000\" \/>\n\t<meta property=\"og:image:height\" content=\"1000\" \/>\n\t<meta property=\"og:image:type\" content=\"image\/jpeg\" \/>\n<meta name=\"twitter:card\" content=\"summary_large_image\" \/>\n<meta name=\"twitter:label1\" content=\"Est. reading time\" \/>\n\t<meta name=\"twitter:data1\" content=\"4 minuti\" \/>\n<script type=\"application\/ld+json\" class=\"yoast-schema-graph\">{\"@context\":\"https:\/\/schema.org\",\"@graph\":[{\"@type\":\"WebPage\",\"@id\":\"https:\/\/www.elementvape.de\/da\/produkt\/wolfcoolvape-e-zigaretten-vape-120-w-box-modul-kit\/\",\"url\":\"https:\/\/www.elementvape.de\/da\/produkt\/wolfcoolvape-e-zigaretten-vape-120-w-box-modul-kit\/\",\"name\":\"Wolfcoolvape E-Zigaretten-Vape-120-W-Box-Modul-Kit | ElementVape.de\",\"isPartOf\":{\"@id\":\"https:\/\/www.elementvape.de\/#website\"},\"primaryImageOfPage\":{\"@id\":\"https:\/\/www.elementvape.de\/da\/produkt\/wolfcoolvape-e-zigaretten-vape-120-w-box-modul-kit\/#primaryimage\"},\"image\":{\"@id\":\"https:\/\/www.elementvape.de\/da\/produkt\/wolfcoolvape-e-zigaretten-vape-120-w-box-modul-kit\/#primaryimage\"},\"thumbnailUrl\":\"https:\/\/ae01.alicdn.com\/kf\/S58a5606316e943eebb7d956c71c4e78eO\/Wolfcoolvape-elektronische-zigaretten-vape-120w-box-mod-kit-1800mah-oled-bildschirm-e-zigaretten-verdampfer-kit-2.jpg\",\"datePublished\":\"2024-04-20T07:44:38+00:00\",\"dateModified\":\"2024-09-12T10:32:07+00:00\",\"description\":\"Wir bieten Wolfcoolvape E-Zigaretten-Vape-120-W-Box-Modul-Kit , Elementvape.de akzeptieren Gro\u00df-und Einzelhandel Bestellungen.\",\"breadcrumb\":{\"@id\":\"https:\/\/www.elementvape.de\/da\/produkt\/wolfcoolvape-e-zigaretten-vape-120-w-box-modul-kit\/#breadcrumb\"},\"inLanguage\":\"it-IT\",\"potentialAction\":[{\"@type\":\"ReadAction\",\"target\":[\"https:\/\/www.elementvape.de\/da\/produkt\/wolfcoolvape-e-zigaretten-vape-120-w-box-modul-kit\/\"]}]},{\"@type\":\"ImageObject\",\"inLanguage\":\"it-IT\",\"@id\":\"https:\/\/www.elementvape.de\/da\/produkt\/wolfcoolvape-e-zigaretten-vape-120-w-box-modul-kit\/#primaryimage\",\"url\":\"https:\/\/ae01.alicdn.com\/kf\/S58a5606316e943eebb7d956c71c4e78eO\/Wolfcoolvape-elektronische-zigaretten-vape-120w-box-mod-kit-1800mah-oled-bildschirm-e-zigaretten-verdampfer-kit-2.jpg\",\"contentUrl\":\"https:\/\/ae01.alicdn.com\/kf\/S58a5606316e943eebb7d956c71c4e78eO\/Wolfcoolvape-elektronische-zigaretten-vape-120w-box-mod-kit-1800mah-oled-bildschirm-e-zigaretten-verdampfer-kit-2.jpg\",\"width\":1000,\"height\":1000},{\"@type\":\"BreadcrumbList\",\"@id\":\"https:\/\/www.elementvape.de\/da\/produkt\/wolfcoolvape-e-zigaretten-vape-120-w-box-modul-kit\/#breadcrumb\",\"itemListElement\":[{\"@type\":\"ListItem\",\"position\":1,\"name\":\"Home\",\"item\":\"https:\/\/www.elementvape.de\/\"},{\"@type\":\"ListItem\",\"position\":2,\"name\":\"Shop\",\"item\":\"https:\/\/www.elementvape.de\/shop\/\"},{\"@type\":\"ListItem\",\"position\":3,\"name\":\"Wolfcoolvape E-Zigaretten-Vape-120-W-Box-Modul-Kit\"}]},{\"@type\":\"WebSite\",\"@id\":\"https:\/\/www.elementvape.de\/#website\",\"url\":\"https:\/\/www.elementvape.de\/\",\"name\":\"ElementVape.de\",\"description\":\"\",\"publisher\":{\"@id\":\"https:\/\/www.elementvape.de\/#organization\"},\"potentialAction\":[{\"@type\":\"SearchAction\",\"target\":{\"@type\":\"EntryPoint\",\"urlTemplate\":\"https:\/\/www.elementvape.de\/?s={search_term_string}\"},\"query-input\":\"required name=search_term_string\"}],\"inLanguage\":\"it-IT\"},{\"@type\":\"Organization\",\"@id\":\"https:\/\/www.elementvape.de\/#organization\",\"name\":\"ElementVape.DE\",\"url\":\"https:\/\/www.elementvape.de\/\",\"logo\":{\"@type\":\"ImageObject\",\"inLanguage\":\"it-IT\",\"@id\":\"https:\/\/www.elementvape.de\/#\/schema\/logo\/image\/\",\"url\":\"https:\/\/www.elementvape.de\/wp-content\/uploads\/2024\/09\/cropped-1elementvape-3.png\",\"contentUrl\":\"https:\/\/www.elementvape.de\/wp-content\/uploads\/2024\/09\/cropped-1elementvape-3.png\",\"width\":285,\"height\":228,\"caption\":\"ElementVape.DE\"},\"image\":{\"@id\":\"https:\/\/www.elementvape.de\/#\/schema\/logo\/image\/\"}}]}<\/script>\n<!-- \/ Yoast SEO plugin. -->","yoast_head_json":{"title":"Wolfcoolvape E-Zigaretten-Vape-120-W-Box-Modul-Kit | ElementVape.de","description":"Wir bieten Wolfcoolvape E-Zigaretten-Vape-120-W-Box-Modul-Kit , Elementvape.de akzeptieren Gro\u00df-und Einzelhandel Bestellungen.","robots":{"index":"index","follow":"follow","max-snippet":"max-snippet:-1","max-image-preview":"max-image-preview:large","max-video-preview":"max-video-preview:-1"},"canonical":"https:\/\/www.elementvape.de\/it\/produkt\/wolfcoolvape-e-zigaretten-vape-120-w-box-modul-kit\/","og_locale":"it_IT","og_type":"article","og_title":"Wolfcoolvape E-Zigaretten-Vape-120-W-Box-Modul-Kit | ElementVape.de","og_description":"Wir bieten Wolfcoolvape E-Zigaretten-Vape-120-W-Box-Modul-Kit , Elementvape.de akzeptieren Gro\u00df-und Einzelhandel Bestellungen.","og_url":"https:\/\/www.elementvape.de\/it\/produkt\/wolfcoolvape-e-zigaretten-vape-120-w-box-modul-kit\/","og_site_name":"ElementVape.de","article_modified_time":"2024-09-12T10:32:07+00:00","og_image":[{"width":1000,"height":1000,"url":"https:\/\/ae01.alicdn.com\/kf\/S58a5606316e943eebb7d956c71c4e78eO\/Wolfcoolvape-elektronische-zigaretten-vape-120w-box-mod-kit-1800mah-oled-bildschirm-e-zigaretten-verdampfer-kit-2.jpg","type":"image\/jpeg"}],"twitter_card":"summary_large_image","twitter_misc":{"Est. reading time":"4 minuti"},"schema":{"@context":"https:\/\/schema.org","@graph":[{"@type":"WebPage","@id":"https:\/\/www.elementvape.de\/da\/produkt\/wolfcoolvape-e-zigaretten-vape-120-w-box-modul-kit\/","url":"https:\/\/www.elementvape.de\/da\/produkt\/wolfcoolvape-e-zigaretten-vape-120-w-box-modul-kit\/","name":"Wolfcoolvape E-Zigaretten-Vape-120-W-Box-Modul-Kit | ElementVape.de","isPartOf":{"@id":"https:\/\/www.elementvape.de\/#website"},"primaryImageOfPage":{"@id":"https:\/\/www.elementvape.de\/da\/produkt\/wolfcoolvape-e-zigaretten-vape-120-w-box-modul-kit\/#primaryimage"},"image":{"@id":"https:\/\/www.elementvape.de\/da\/produkt\/wolfcoolvape-e-zigaretten-vape-120-w-box-modul-kit\/#primaryimage"},"thumbnailUrl":"https:\/\/ae01.alicdn.com\/kf\/S58a5606316e943eebb7d956c71c4e78eO\/Wolfcoolvape-elektronische-zigaretten-vape-120w-box-mod-kit-1800mah-oled-bildschirm-e-zigaretten-verdampfer-kit-2.jpg","datePublished":"2024-04-20T07:44:38+00:00","dateModified":"2024-09-12T10:32:07+00:00","description":"Wir bieten Wolfcoolvape E-Zigaretten-Vape-120-W-Box-Modul-Kit , Elementvape.de akzeptieren Gro\u00df-und Einzelhandel Bestellungen.","breadcrumb":{"@id":"https:\/\/www.elementvape.de\/da\/produkt\/wolfcoolvape-e-zigaretten-vape-120-w-box-modul-kit\/#breadcrumb"},"inLanguage":"it-IT","potentialAction":[{"@type":"ReadAction","target":["https:\/\/www.elementvape.de\/da\/produkt\/wolfcoolvape-e-zigaretten-vape-120-w-box-modul-kit\/"]}]},{"@type":"ImageObject","inLanguage":"it-IT","@id":"https:\/\/www.elementvape.de\/da\/produkt\/wolfcoolvape-e-zigaretten-vape-120-w-box-modul-kit\/#primaryimage","url":"https:\/\/ae01.alicdn.com\/kf\/S58a5606316e943eebb7d956c71c4e78eO\/Wolfcoolvape-elektronische-zigaretten-vape-120w-box-mod-kit-1800mah-oled-bildschirm-e-zigaretten-verdampfer-kit-2.jpg","contentUrl":"https:\/\/ae01.alicdn.com\/kf\/S58a5606316e943eebb7d956c71c4e78eO\/Wolfcoolvape-elektronische-zigaretten-vape-120w-box-mod-kit-1800mah-oled-bildschirm-e-zigaretten-verdampfer-kit-2.jpg","width":1000,"height":1000},{"@type":"BreadcrumbList","@id":"https:\/\/www.elementvape.de\/da\/produkt\/wolfcoolvape-e-zigaretten-vape-120-w-box-modul-kit\/#breadcrumb","itemListElement":[{"@type":"ListItem","position":1,"name":"Home","item":"https:\/\/www.elementvape.de\/"},{"@type":"ListItem","position":2,"name":"Shop","item":"https:\/\/www.elementvape.de\/shop\/"},{"@type":"ListItem","position":3,"name":"Wolfcoolvape E-Zigaretten-Vape-120-W-Box-Modul-Kit"}]},{"@type":"WebSite","@id":"https:\/\/www.elementvape.de\/#website","url":"https:\/\/www.elementvape.de\/","name":"ElementVape.de","description":"","publisher":{"@id":"https:\/\/www.elementvape.de\/#organization"},"potentialAction":[{"@type":"SearchAction","target":{"@type":"EntryPoint","urlTemplate":"https:\/\/www.elementvape.de\/?s={search_term_string}"},"query-input":"required name=search_term_string"}],"inLanguage":"it-IT"},{"@type":"Organization","@id":"https:\/\/www.elementvape.de\/#organization","name":"ElementVape.DE","url":"https:\/\/www.elementvape.de\/","logo":{"@type":"ImageObject","inLanguage":"it-IT","@id":"https:\/\/www.elementvape.de\/#\/schema\/logo\/image\/","url":"https:\/\/www.elementvape.de\/wp-content\/uploads\/2024\/09\/cropped-1elementvape-3.png","contentUrl":"https:\/\/www.elementvape.de\/wp-content\/uploads\/2024\/09\/cropped-1elementvape-3.png","width":285,"height":228,"caption":"ElementVape.DE"},"image":{"@id":"https:\/\/www.elementvape.de\/#\/schema\/logo\/image\/"}}]}},"_links":{"self":[{"href":"https:\/\/www.elementvape.de\/it\/wp-json\/wp\/v2\/product\/8118"}],"collection":[{"href":"https:\/\/www.elementvape.de\/it\/wp-json\/wp\/v2\/product"}],"about":[{"href":"https:\/\/www.elementvape.de\/it\/wp-json\/wp\/v2\/types\/product"}],"wp:featuredmedia":[{"embeddable":true,"href":"https:\/\/www.elementvape.de\/it\/wp-json\/wp\/v2\/media\/8120"}],"wp:attachment":[{"href":"https:\/\/www.elementvape.de\/it\/wp-json\/wp\/v2\/media?parent=8118"}],"wp:term":[{"taxonomy":"product_cat","embeddable":true,"href":"https:\/\/www.elementvape.de\/it\/wp-json\/wp\/v2\/product_cat?post=8118"},{"taxonomy":"product_tag","embeddable":true,"href":"https:\/\/www.elementvape.de\/it\/wp-json\/wp\/v2\/product_tag?post=8118"}],"curies":[{"name":"wp","href":"https:\/\/api.w.org\/{rel}","templated":true}]}}