{"id":7300,"date":"2024-04-20T06:35:29","date_gmt":"2024-04-20T06:35:29","guid":{"rendered":"https:\/\/www.elementvape.de\/?post_type=product&#038;p=7300"},"modified":"2024-12-12T06:37:01","modified_gmt":"2024-12-12T06:37:01","slug":"freemax-galex-nano-kit-22w-vape-mit-galex-pod","status":"publish","type":"product","link":"https:\/\/www.elementvape.de\/it\/produkt\/freemax-galex-nano-kit-22w-vape-mit-galex-pod\/","title":{"rendered":"Kit Freemax Galex Nano 22W Vape con Pod Galex"},"content":{"rendered":"<p>&nbsp;<\/p>\n<div class=\"product-specs-list-container\">\n<ul class=\"product-specs-list util-clearfix\">\n<li class=\"product-prop line-limit-length\"><span class=\"property-title\">Aspetto:\u00a0<\/span><span class=\"property-desc line-limit-length\">Forma della scatola<\/span><\/li>\n<li class=\"product-prop line-limit-length\"><span class=\"property-title\">Batteria compatibile:\u00a0<\/span><span class=\"property-desc line-limit-length\">Nessuno<\/span><\/li>\n<li class=\"product-prop line-limit-length\"><span class=\"property-title\">Funzione di monitoraggio del numero di fumate:\u00a0<\/span><span class=\"property-desc line-limit-length\">No<\/span><\/li>\n<li class=\"product-prop line-limit-length\"><span class=\"property-title\">Custodia in silicone:\u00a0<\/span><span class=\"property-desc line-limit-length\">No<\/span><\/li>\n<li class=\"product-prop line-limit-length\"><span class=\"property-title\">Regolazione della temperatura:\u00a0<\/span><span class=\"property-desc line-limit-length\">No<\/span><\/li>\n<li class=\"product-prop line-limit-length\"><span class=\"property-title\">Batteria integrata o esterna:\u00a0<\/span><span class=\"property-desc line-limit-length\">Integrata<\/span><\/li>\n<li class=\"product-prop line-limit-length\"><span class=\"property-title\">Funzione di protezione da cortocircuito:\u00a0<\/span><span class=\"property-desc line-limit-length\">Ja<\/span><\/li>\n<li class=\"product-prop line-limit-length\"><span class=\"property-title\">Funzione di protezione da surriscaldamento:\u00a0<\/span><span class=\"property-desc line-limit-length\">Ja<\/span><\/li>\n<li class=\"product-prop line-limit-length\"><span class=\"property-title\">Funzione di allarme a bassa tensione:\u00a0<\/span><span class=\"property-desc line-limit-length\">Ja<\/span><\/li>\n<li class=\"product-prop line-limit-length\"><span class=\"property-title\">Funzione di identificazione dello spruzzatore:\u00a0<\/span><span class=\"property-desc line-limit-length\">Ja<\/span><\/li>\n<li class=\"product-prop line-limit-length\"><span class=\"property-title\">Modalit\u00e0 di impostazione TCR:\u00a0<\/span><span class=\"property-desc line-limit-length\">No<\/span><\/li>\n<li class=\"product-prop line-limit-length\"><span class=\"property-title\">Capacit\u00e0 nominale:\u00a0<\/span><span class=\"property-desc line-limit-length\">800 mAh<\/span><\/li>\n<li class=\"product-prop line-limit-length\"><span class=\"property-title\">Materiale:\u00a0<\/span><span class=\"property-desc line-limit-length\">Metallo<\/span><\/li>\n<li class=\"product-prop line-limit-length\"><span class=\"property-title\">Modello compatibile:\u00a0<\/span><span class=\"property-desc line-limit-length\">vaporizzatore per sigarette elettroniche<\/span><\/li>\n<li class=\"product-prop line-limit-length\"><span class=\"property-title\">Numero di modello:\u00a0<\/span><span class=\"property-desc line-limit-length\">Kit Freemax Galex Nano<\/span><\/li>\n<li class=\"product-prop line-limit-length\"><span class=\"property-title\">Caricatore USB:\u00a0<\/span><span class=\"property-desc line-limit-length\">Ja<\/span><\/li>\n<li class=\"product-prop line-limit-length\"><span class=\"property-title\">Aggiornamento del firmware:\u00a0<\/span><span class=\"property-desc line-limit-length\">No<\/span><\/li>\n<li class=\"product-prop line-limit-length\"><span class=\"property-title\">Display:\u00a0<\/span><span class=\"property-desc line-limit-length\">No<\/span><\/li>\n<li class=\"product-prop line-limit-length\"><span class=\"property-title\">Tipo:\u00a0<\/span><span class=\"property-desc line-limit-length\">Con Batteria<\/span><\/li>\n<li class=\"product-prop line-limit-length\"><span class=\"property-title\">Nome del marchio:\u00a0<\/span><span class=\"property-desc line-limit-length\">freemax<\/span><\/li>\n<li class=\"product-prop line-limit-length\"><span class=\"property-title\">Origine:\u00a0<\/span><span class=\"property-desc line-limit-length\">CN (Origine)<\/span><\/li>\n<\/ul>\n<\/div>\n<div class=\"detailmodule_html\">\n<div class=\"detail-desc-decorate-richtext\">\n<div class=\"detailmodule_text\">\n<div><\/div>\n<p id=\"tl_1\" class=\"detail-desc-decorate-title\" style=\"font-family: OpenSans; font-size: 20px; font-weight: 900; line-height: 28px; margin-bottom: 12px;\">Kit originale Freemax Galex Nano 22W Vape con batteria da 800mAh, cartuccia Galex da 2ml, compatibile con coil GX Mesh E Zigarette Mtl Vaporizer<\/p>\n<\/div>\n<div class=\"detailmodule_text\">\n<p id=\"tl_2\" class=\"detail-desc-decorate-title\" style=\"font-family: OpenSans; font-size: 20px; font-weight: 900; line-height: 28px; margin-bottom: 12px;\">Descrizione:<\/p>\n<p id=\"tl_3\" class=\"detail-desc-decorate-content\" style=\"font-family: OpenSans; font-size: 14px; font-weight: 300; line-height: 20px; margin-bottom: 12px;\">Il kit Galex nano \u00e8 stato progettato per il vaping ultra MTL (bocca a polmone), \u00e8 il nuovo sistema a pod che arriva con un design a luce a spettro completo per aiutarti a personalizzare il tuo dispositivo. Con la tecnologia fm saltcoiltech 4,0, ti permette di godere di diverse prestazioni, come aromi pi\u00f9 puri, durata pi\u00f9 lunga delle coil. La tecnologia FM anti-perdita pu\u00f2 evitare efficacemente il problema di perdite. Inoltre, il Galex Nano \u00e8 dotato di una cartuccia a prova di bambino, con una capacit\u00e0 vuota di 2ml e un sistema di riempimento superiore. Il kit Freemax Galex Nano ha una capacit\u00e0 della batteria di 800mAh. Puoi regolare il livello di uscita con un design a 3 livelli. \u00c8 presente un foro per il laccio nella parte superiore. Il kit Freemax Galex \u00e8 compatibile con le coil GX.<\/p>\n<\/div>\n<div class=\"detailmodule_text\">\n<p id=\"tl_4\" class=\"detail-desc-decorate-title\" style=\"font-family: OpenSans; font-size: 20px; font-weight: 900; line-height: 28px; margin-bottom: 12px;\">Parametri:<\/p>\n<p id=\"tl_5\" class=\"detail-desc-decorate-content\" style=\"font-family: OpenSans; font-size: 14px; font-weight: 300; line-height: 20px; margin-bottom: 12px;\">Marca: Freemax<br \/>\nNome del prodotto: kit galex nano<br \/>\nDimensioni: 53*19*76,96mm<br \/>\nCapacit\u00e0 vuota: 2ml<br \/>\nResistenza delle coil: 0,8\/1,0 Ohm<br \/>\nCapacit\u00e0 della batteria: 800mAh<br \/>\nPotenza in watt: 11-22w<br \/>\nTensione di uscita: 3,3 V-3,5 V-4,2 V<br \/>\nTipo di riempimento: riempimento superiore<br \/>\nRicarica: ricarica USB di tipo-C<br \/>\nColore: nero, Gun metal, blu, oro rosso, rosa viola<\/p>\n<\/div>\n<div class=\"detailmodule_text\">\n<p id=\"tl_6\" class=\"detail-desc-decorate-title\" style=\"font-family: OpenSans; font-size: 20px; font-weight: 900; line-height: 28px; margin-bottom: 12px;\">Dettagli:<\/p>\n<p id=\"tl_7\" class=\"detail-desc-decorate-content\" style=\"font-family: OpenSans; font-size: 14px; font-weight: 300; line-height: 20px; margin-bottom: 12px;\">1. Design a luce a spettro completo<br \/>\n2. fm saltcoiltech 4,0 tech, soluzione ultra MTL<br \/>\n3. Uscita regolabile: 4,2 V (alta), 3,5 V (media), 3,3 V (bassa)<br \/>\n4. Batteria da 800mAh, porta di ricarica USB-C<br \/>\n5. maglia innovativa-antiscivolo ss904l<br \/>\n6. tecnologia di sicurezza antiflusso FM<br \/>\n7. pod con capacit\u00e0 di 2ml, design a riempimento superiore<br \/>\n8. supporta resistenze a maglia GX<br \/>\n9. foro per cordino ben progettato<\/p>\n<\/div>\n<div class=\"detailmodule_text\">\n<p id=\"tl_8\" class=\"detail-desc-decorate-title\" style=\"font-family: OpenSans; font-size: 20px; font-weight: 900; line-height: 28px; margin-bottom: 12px;\">Pacchetto:<\/p>\n<p id=\"tl_9\" class=\"detail-desc-decorate-content\" style=\"font-family: OpenSans; font-size: 14px; font-weight: 300; line-height: 20px; margin-bottom: 12px;\">1 * Kit Galex Nano<br \/>\n1 * Resistenza a maglia GX 0,8 Ohm<br \/>\n1 * Resistenza a maglia GX 1,0 Ohm (gi\u00e0 installata)<br \/>\n1 * manuale utente<br \/>\n1 * cavo USB di tipo-C<br \/>\n1 * Liquido secco<\/p>\n<\/div>\n<div class=\"detailmodule_image\"><img decoding=\"async\" loading=\"lazy\" class=\"detail-desc-decorate-image\" src=\"https:\/\/ae01.alicdn.com\/kf\/Sbee13c2a8a2746e38199382d45ad06672.jpg\" \/><br \/>\n<img decoding=\"async\" loading=\"lazy\" class=\"detail-desc-decorate-image\" src=\"https:\/\/ae01.alicdn.com\/kf\/Sd75cc78f0d024a1e9c193e6cecd985f3F.jpg\" \/><br \/>\n<img decoding=\"async\" loading=\"lazy\" class=\"detail-desc-decorate-image\" src=\"https:\/\/ae01.alicdn.com\/kf\/S9bba4a0a6a564db9b2070c98acfc86acJ.jpg\" \/><br \/>\n<img decoding=\"async\" loading=\"lazy\" class=\"detail-desc-decorate-image\" src=\"https:\/\/ae01.alicdn.com\/kf\/Sb227f30dc4d845529ff2d0a6edc4629aG.jpg\" \/><br \/>\n<img decoding=\"async\" loading=\"lazy\" class=\"detail-desc-decorate-image\" src=\"https:\/\/ae01.alicdn.com\/kf\/S590cc89e495e4e11b6a3400f7e8c7f44N.jpg\" \/><br \/>\n<img decoding=\"async\" loading=\"lazy\" class=\"detail-desc-decorate-image\" src=\"https:\/\/ae01.alicdn.com\/kf\/S202a30c4f7014a8fa88e858003edf045r.jpg\" \/><br \/>\n<img decoding=\"async\" loading=\"lazy\" class=\"detail-desc-decorate-image\" src=\"https:\/\/ae01.alicdn.com\/kf\/S065527a0f498421b9f2bac6feef6a330b.jpg\" \/><br \/>\n<img decoding=\"async\" loading=\"lazy\" class=\"detail-desc-decorate-image\" src=\"https:\/\/ae01.alicdn.com\/kf\/Sd6ab36f3d39449b4aad9755b2cecffe5q.jpg\" \/><br \/>\n<img decoding=\"async\" loading=\"lazy\" class=\"detail-desc-decorate-image\" src=\"https:\/\/ae01.alicdn.com\/kf\/S9cd554f557ad497dbfb70447c1b86eceh.jpg\" \/><br \/>\n<img decoding=\"async\" loading=\"lazy\" class=\"detail-desc-decorate-image\" src=\"https:\/\/ae01.alicdn.com\/kf\/S41a07e0e0edb40c692d3d62b5612953aJ.jpg\" \/><\/div>\n<div class=\"detailmodule_image\"><img decoding=\"async\" loading=\"lazy\" class=\"detail-desc-decorate-image\" src=\"https:\/\/ae01.alicdn.com\/kf\/Sf6ea220e0ca64346921b6c136357af36r.jpg\" \/><br \/>\n<img decoding=\"async\" loading=\"lazy\" class=\"detail-desc-decorate-image\" src=\"https:\/\/ae01.alicdn.com\/kf\/S4ff8d5e97c584b1283fb18a1f34021237.jpg\" \/><br \/>\n<img decoding=\"async\" loading=\"lazy\" class=\"detail-desc-decorate-image\" src=\"https:\/\/ae01.alicdn.com\/kf\/S43639554bef14014b6369296023a0cdef.jpg\" \/><br \/>\n<img decoding=\"async\" loading=\"lazy\" class=\"detail-desc-decorate-image\" src=\"https:\/\/ae01.alicdn.com\/kf\/S561aaa0cc3254e7cbcb786c908508461x.jpg\" \/><\/div>\n<p>&nbsp;<\/p>\n<\/div>\n<\/div>","protected":false},"excerpt":{"rendered":"<p>&nbsp; Aussehen:\u00a0Box Form Kompatibler Akku:\u00a0Kein \u00dcberwachung Funktion Von Rauchen Anzahl:\u00a0Nein Silikon Fall:\u00a0Nein Temperaturregelung:\u00a0Nein Eingebaute Oder Externe Batterie:\u00a0Eingebaute Kurzschlussschutz Funktion:\u00a0Ja \u00dcberhitzungsschutz-funktion:\u00a0Ja Niederspannungsalarmfunktion:\u00a0Ja Zerst\u00e4uber Identifikation Funktion:\u00a0Ja TCR Einstellung Modi:\u00a0Nein Nominale Kapazit\u00e4t:\u00a0800 mAh Material:\u00a0Metall Compatible Model:\u00a0Electronic Cigarette Vaporizer Modellnummer:\u00a0Freemax Galex Nano Kit Usb-ladeger\u00e4t:\u00a0Ja Firmware-upgrade:\u00a0Nein Display:\u00a0Nein Art:\u00a0Mit Batterie Markenname:\u00a0freemax Ursprung:\u00a0CN (Herkunft) Original Freemax Galex Nano Kit 22W Vape mit [&hellip;]<\/p>","protected":false},"featured_media":7301,"template":"","meta":{"inline_featured_image":false},"product_cat":[78,752,756,739,743,76,81],"product_tag":[],"tiered_pricing_type":"fixed","tiered_pricing_fixed_rules":[],"tiered_pricing_percentage_rules":[],"tiered_pricing_minimum":1,"_administrator_tiered_pricing_type":"fixed","_administrator_tiered_pricing_fixed_rules":[],"_editor_tiered_pricing_type":"fixed","_editor_tiered_pricing_fixed_rules":[],"_author_tiered_pricing_type":"fixed","_author_tiered_pricing_fixed_rules":[],"_contributor_tiered_pricing_type":"fixed","_contributor_tiered_pricing_fixed_rules":[],"_subscriber_tiered_pricing_type":"fixed","_subscriber_tiered_pricing_fixed_rules":[],"_customer_tiered_pricing_type":"fixed","_customer_tiered_pricing_fixed_rules":[],"_shop_manager_tiered_pricing_type":"fixed","_shop_manager_tiered_pricing_fixed_rules":[],"_wpseo_manager_tiered_pricing_type":"fixed","_wpseo_manager_tiered_pricing_fixed_rules":[],"_wpseo_editor_tiered_pricing_type":"fixed","_wpseo_editor_tiered_pricing_fixed_rules":[],"_wholesale_customer_tiered_pricing_type":"fixed","_wholesale_customer_tiered_pricing_fixed_rules":[],"_marketer_tiered_pricing_type":"fixed","_marketer_tiered_pricing_fixed_rules":[],"_sales_manager_tiered_pricing_type":"fixed","_sales_manager_tiered_pricing_fixed_rules":[],"_sales_rep_tiered_pricing_type":"fixed","_sales_rep_tiered_pricing_fixed_rules":[],"yoast_head":"<!-- This site is optimized with the Yoast SEO plugin v23.3 - https:\/\/yoast.com\/wordpress\/plugins\/seo\/ -->\n<title>Freemax Galex Nano Kit 22W Vape mit Galex Pod | ElementVape.de<\/title>\n<meta name=\"description\" content=\"Wir bieten Freemax Galex Nano Kit 22W Vape mit Galex Pod , Elementvape.de akzeptieren Gro\u00df-und Einzelhandel Bestellungen.\" \/>\n<meta name=\"robots\" content=\"index, follow, max-snippet:-1, max-image-preview:large, max-video-preview:-1\" \/>\n<link rel=\"canonical\" href=\"https:\/\/www.elementvape.de\/it\/produkt\/freemax-galex-nano-kit-22w-vape-mit-galex-pod\/\" \/>\n<meta property=\"og:locale\" content=\"it_IT\" \/>\n<meta property=\"og:type\" content=\"article\" \/>\n<meta property=\"og:title\" content=\"Freemax Galex Nano Kit 22W Vape mit Galex Pod | ElementVape.de\" \/>\n<meta property=\"og:description\" content=\"Wir bieten Freemax Galex Nano Kit 22W Vape mit Galex Pod , Elementvape.de akzeptieren Gro\u00df-und Einzelhandel Bestellungen.\" \/>\n<meta property=\"og:url\" content=\"https:\/\/www.elementvape.de\/it\/produkt\/freemax-galex-nano-kit-22w-vape-mit-galex-pod\/\" \/>\n<meta property=\"og:site_name\" content=\"ElementVape.de\" \/>\n<meta property=\"article:modified_time\" content=\"2024-12-12T06:37:01+00:00\" \/>\n<meta property=\"og:image\" content=\"https:\/\/ae01.alicdn.com\/kf\/S43151e5cab9d4ccb8d2afdbd21248a8cj\/Original-Freemax-Galex-Nano-Kit-22W-Vape-mit-800mAh-Batterie-2ml-Galex-Pod-Patrone-fit-GX.jpg\" \/>\n\t<meta property=\"og:image:width\" content=\"800\" \/>\n\t<meta property=\"og:image:height\" content=\"800\" \/>\n\t<meta property=\"og:image:type\" content=\"image\/jpeg\" \/>\n<meta name=\"twitter:card\" content=\"summary_large_image\" \/>\n<meta name=\"twitter:label1\" content=\"Est. reading time\" \/>\n\t<meta name=\"twitter:data1\" content=\"5 minuti\" \/>\n<script type=\"application\/ld+json\" class=\"yoast-schema-graph\">{\"@context\":\"https:\/\/schema.org\",\"@graph\":[{\"@type\":\"WebPage\",\"@id\":\"https:\/\/www.elementvape.de\/pt\/produkt\/freemax-galex-nano-kit-22w-vape-mit-galex-pod\/\",\"url\":\"https:\/\/www.elementvape.de\/pt\/produkt\/freemax-galex-nano-kit-22w-vape-mit-galex-pod\/\",\"name\":\"Freemax Galex Nano Kit 22W Vape mit Galex Pod | ElementVape.de\",\"isPartOf\":{\"@id\":\"https:\/\/www.elementvape.de\/#website\"},\"primaryImageOfPage\":{\"@id\":\"https:\/\/www.elementvape.de\/pt\/produkt\/freemax-galex-nano-kit-22w-vape-mit-galex-pod\/#primaryimage\"},\"image\":{\"@id\":\"https:\/\/www.elementvape.de\/pt\/produkt\/freemax-galex-nano-kit-22w-vape-mit-galex-pod\/#primaryimage\"},\"thumbnailUrl\":\"https:\/\/ae01.alicdn.com\/kf\/S43151e5cab9d4ccb8d2afdbd21248a8cj\/Original-Freemax-Galex-Nano-Kit-22W-Vape-mit-800mAh-Batterie-2ml-Galex-Pod-Patrone-fit-GX.jpg\",\"datePublished\":\"2024-04-20T06:35:29+00:00\",\"dateModified\":\"2024-12-12T06:37:01+00:00\",\"description\":\"Wir bieten Freemax Galex Nano Kit 22W Vape mit Galex Pod , Elementvape.de akzeptieren Gro\u00df-und Einzelhandel Bestellungen.\",\"breadcrumb\":{\"@id\":\"https:\/\/www.elementvape.de\/pt\/produkt\/freemax-galex-nano-kit-22w-vape-mit-galex-pod\/#breadcrumb\"},\"inLanguage\":\"it-IT\",\"potentialAction\":[{\"@type\":\"ReadAction\",\"target\":[\"https:\/\/www.elementvape.de\/pt\/produkt\/freemax-galex-nano-kit-22w-vape-mit-galex-pod\/\"]}]},{\"@type\":\"ImageObject\",\"inLanguage\":\"it-IT\",\"@id\":\"https:\/\/www.elementvape.de\/pt\/produkt\/freemax-galex-nano-kit-22w-vape-mit-galex-pod\/#primaryimage\",\"url\":\"https:\/\/ae01.alicdn.com\/kf\/S43151e5cab9d4ccb8d2afdbd21248a8cj\/Original-Freemax-Galex-Nano-Kit-22W-Vape-mit-800mAh-Batterie-2ml-Galex-Pod-Patrone-fit-GX.jpg\",\"contentUrl\":\"https:\/\/ae01.alicdn.com\/kf\/S43151e5cab9d4ccb8d2afdbd21248a8cj\/Original-Freemax-Galex-Nano-Kit-22W-Vape-mit-800mAh-Batterie-2ml-Galex-Pod-Patrone-fit-GX.jpg\",\"width\":800,\"height\":800},{\"@type\":\"BreadcrumbList\",\"@id\":\"https:\/\/www.elementvape.de\/pt\/produkt\/freemax-galex-nano-kit-22w-vape-mit-galex-pod\/#breadcrumb\",\"itemListElement\":[{\"@type\":\"ListItem\",\"position\":1,\"name\":\"Home\",\"item\":\"https:\/\/www.elementvape.de\/\"},{\"@type\":\"ListItem\",\"position\":2,\"name\":\"Shop\",\"item\":\"https:\/\/www.elementvape.de\/shop\/\"},{\"@type\":\"ListItem\",\"position\":3,\"name\":\"Freemax Galex Nano Kit 22W Vape mit Galex Pod\"}]},{\"@type\":\"WebSite\",\"@id\":\"https:\/\/www.elementvape.de\/#website\",\"url\":\"https:\/\/www.elementvape.de\/\",\"name\":\"ElementVape.de\",\"description\":\"\",\"publisher\":{\"@id\":\"https:\/\/www.elementvape.de\/#organization\"},\"potentialAction\":[{\"@type\":\"SearchAction\",\"target\":{\"@type\":\"EntryPoint\",\"urlTemplate\":\"https:\/\/www.elementvape.de\/?s={search_term_string}\"},\"query-input\":\"required name=search_term_string\"}],\"inLanguage\":\"it-IT\"},{\"@type\":\"Organization\",\"@id\":\"https:\/\/www.elementvape.de\/#organization\",\"name\":\"ElementVape.DE\",\"url\":\"https:\/\/www.elementvape.de\/\",\"logo\":{\"@type\":\"ImageObject\",\"inLanguage\":\"it-IT\",\"@id\":\"https:\/\/www.elementvape.de\/#\/schema\/logo\/image\/\",\"url\":\"https:\/\/www.elementvape.de\/wp-content\/uploads\/2024\/09\/cropped-1elementvape-3.png\",\"contentUrl\":\"https:\/\/www.elementvape.de\/wp-content\/uploads\/2024\/09\/cropped-1elementvape-3.png\",\"width\":285,\"height\":228,\"caption\":\"ElementVape.DE\"},\"image\":{\"@id\":\"https:\/\/www.elementvape.de\/#\/schema\/logo\/image\/\"}}]}<\/script>\n<!-- \/ Yoast SEO plugin. -->","yoast_head_json":{"title":"Freemax Galex Nano Kit 22W Vape mit Galex Pod | ElementVape.de","description":"Wir bieten Freemax Galex Nano Kit 22W Vape mit Galex Pod , Elementvape.de akzeptieren Gro\u00df-und Einzelhandel Bestellungen.","robots":{"index":"index","follow":"follow","max-snippet":"max-snippet:-1","max-image-preview":"max-image-preview:large","max-video-preview":"max-video-preview:-1"},"canonical":"https:\/\/www.elementvape.de\/it\/produkt\/freemax-galex-nano-kit-22w-vape-mit-galex-pod\/","og_locale":"it_IT","og_type":"article","og_title":"Freemax Galex Nano Kit 22W Vape mit Galex Pod | ElementVape.de","og_description":"Wir bieten Freemax Galex Nano Kit 22W Vape mit Galex Pod , Elementvape.de akzeptieren Gro\u00df-und Einzelhandel Bestellungen.","og_url":"https:\/\/www.elementvape.de\/it\/produkt\/freemax-galex-nano-kit-22w-vape-mit-galex-pod\/","og_site_name":"ElementVape.de","article_modified_time":"2024-12-12T06:37:01+00:00","og_image":[{"width":800,"height":800,"url":"https:\/\/ae01.alicdn.com\/kf\/S43151e5cab9d4ccb8d2afdbd21248a8cj\/Original-Freemax-Galex-Nano-Kit-22W-Vape-mit-800mAh-Batterie-2ml-Galex-Pod-Patrone-fit-GX.jpg","type":"image\/jpeg"}],"twitter_card":"summary_large_image","twitter_misc":{"Est. reading time":"5 minuti"},"schema":{"@context":"https:\/\/schema.org","@graph":[{"@type":"WebPage","@id":"https:\/\/www.elementvape.de\/pt\/produkt\/freemax-galex-nano-kit-22w-vape-mit-galex-pod\/","url":"https:\/\/www.elementvape.de\/pt\/produkt\/freemax-galex-nano-kit-22w-vape-mit-galex-pod\/","name":"Freemax Galex Nano Kit 22W Vape mit Galex Pod | ElementVape.de","isPartOf":{"@id":"https:\/\/www.elementvape.de\/#website"},"primaryImageOfPage":{"@id":"https:\/\/www.elementvape.de\/pt\/produkt\/freemax-galex-nano-kit-22w-vape-mit-galex-pod\/#primaryimage"},"image":{"@id":"https:\/\/www.elementvape.de\/pt\/produkt\/freemax-galex-nano-kit-22w-vape-mit-galex-pod\/#primaryimage"},"thumbnailUrl":"https:\/\/ae01.alicdn.com\/kf\/S43151e5cab9d4ccb8d2afdbd21248a8cj\/Original-Freemax-Galex-Nano-Kit-22W-Vape-mit-800mAh-Batterie-2ml-Galex-Pod-Patrone-fit-GX.jpg","datePublished":"2024-04-20T06:35:29+00:00","dateModified":"2024-12-12T06:37:01+00:00","description":"Wir bieten Freemax Galex Nano Kit 22W Vape mit Galex Pod , Elementvape.de akzeptieren Gro\u00df-und Einzelhandel Bestellungen.","breadcrumb":{"@id":"https:\/\/www.elementvape.de\/pt\/produkt\/freemax-galex-nano-kit-22w-vape-mit-galex-pod\/#breadcrumb"},"inLanguage":"it-IT","potentialAction":[{"@type":"ReadAction","target":["https:\/\/www.elementvape.de\/pt\/produkt\/freemax-galex-nano-kit-22w-vape-mit-galex-pod\/"]}]},{"@type":"ImageObject","inLanguage":"it-IT","@id":"https:\/\/www.elementvape.de\/pt\/produkt\/freemax-galex-nano-kit-22w-vape-mit-galex-pod\/#primaryimage","url":"https:\/\/ae01.alicdn.com\/kf\/S43151e5cab9d4ccb8d2afdbd21248a8cj\/Original-Freemax-Galex-Nano-Kit-22W-Vape-mit-800mAh-Batterie-2ml-Galex-Pod-Patrone-fit-GX.jpg","contentUrl":"https:\/\/ae01.alicdn.com\/kf\/S43151e5cab9d4ccb8d2afdbd21248a8cj\/Original-Freemax-Galex-Nano-Kit-22W-Vape-mit-800mAh-Batterie-2ml-Galex-Pod-Patrone-fit-GX.jpg","width":800,"height":800},{"@type":"BreadcrumbList","@id":"https:\/\/www.elementvape.de\/pt\/produkt\/freemax-galex-nano-kit-22w-vape-mit-galex-pod\/#breadcrumb","itemListElement":[{"@type":"ListItem","position":1,"name":"Home","item":"https:\/\/www.elementvape.de\/"},{"@type":"ListItem","position":2,"name":"Shop","item":"https:\/\/www.elementvape.de\/shop\/"},{"@type":"ListItem","position":3,"name":"Freemax Galex Nano Kit 22W Vape mit Galex Pod"}]},{"@type":"WebSite","@id":"https:\/\/www.elementvape.de\/#website","url":"https:\/\/www.elementvape.de\/","name":"ElementVape.de","description":"","publisher":{"@id":"https:\/\/www.elementvape.de\/#organization"},"potentialAction":[{"@type":"SearchAction","target":{"@type":"EntryPoint","urlTemplate":"https:\/\/www.elementvape.de\/?s={search_term_string}"},"query-input":"required name=search_term_string"}],"inLanguage":"it-IT"},{"@type":"Organization","@id":"https:\/\/www.elementvape.de\/#organization","name":"ElementVape.DE","url":"https:\/\/www.elementvape.de\/","logo":{"@type":"ImageObject","inLanguage":"it-IT","@id":"https:\/\/www.elementvape.de\/#\/schema\/logo\/image\/","url":"https:\/\/www.elementvape.de\/wp-content\/uploads\/2024\/09\/cropped-1elementvape-3.png","contentUrl":"https:\/\/www.elementvape.de\/wp-content\/uploads\/2024\/09\/cropped-1elementvape-3.png","width":285,"height":228,"caption":"ElementVape.DE"},"image":{"@id":"https:\/\/www.elementvape.de\/#\/schema\/logo\/image\/"}}]}},"_links":{"self":[{"href":"https:\/\/www.elementvape.de\/it\/wp-json\/wp\/v2\/product\/7300"}],"collection":[{"href":"https:\/\/www.elementvape.de\/it\/wp-json\/wp\/v2\/product"}],"about":[{"href":"https:\/\/www.elementvape.de\/it\/wp-json\/wp\/v2\/types\/product"}],"wp:featuredmedia":[{"embeddable":true,"href":"https:\/\/www.elementvape.de\/it\/wp-json\/wp\/v2\/media\/7301"}],"wp:attachment":[{"href":"https:\/\/www.elementvape.de\/it\/wp-json\/wp\/v2\/media?parent=7300"}],"wp:term":[{"taxonomy":"product_cat","embeddable":true,"href":"https:\/\/www.elementvape.de\/it\/wp-json\/wp\/v2\/product_cat?post=7300"},{"taxonomy":"product_tag","embeddable":true,"href":"https:\/\/www.elementvape.de\/it\/wp-json\/wp\/v2\/product_tag?post=7300"}],"curies":[{"name":"wp","href":"https:\/\/api.w.org\/{rel}","templated":true}]}}