{"id":7048,"date":"2024-04-20T06:15:12","date_gmt":"2024-04-20T06:15:12","guid":{"rendered":"https:\/\/www.elementvape.de\/?post_type=product&#038;p=7048"},"modified":"2024-12-12T06:37:18","modified_gmt":"2024-12-12T06:37:18","slug":"kingtons-blk-kuss-kit-e-zigarette-kraeuter-vape-stift","status":"publish","type":"product","link":"https:\/\/www.elementvape.de\/it\/produkt\/kingtons-blk-kuss-kit-e-zigarette-kraeuter-vape-stift\/","title":{"rendered":"Kingtons BLK Kuss Kit sigaretta elettronica Vape Stift alle erbe"},"content":{"rendered":"<p>&nbsp;<\/p>\n<div class=\"product-specs-list-container\">\n<ul class=\"product-specs-list util-clearfix\">\n<li class=\"product-prop line-limit-length\"><span class=\"property-title\">Aspetto:\u00a0<\/span><span class=\"property-desc line-limit-length\">Forma cilindrica<\/span><\/li>\n<li class=\"product-prop line-limit-length\"><span class=\"property-title\">Batteria compatibile:\u00a0<\/span><span class=\"property-desc line-limit-length\">Nessuno<\/span><\/li>\n<li class=\"product-prop line-limit-length\"><span class=\"property-title\">Funzione di monitoraggio del numero di fumate:\u00a0<\/span><span class=\"property-desc line-limit-length\">No<\/span><\/li>\n<li class=\"product-prop line-limit-length\"><span class=\"property-title\">Custodia in silicone:\u00a0<\/span><span class=\"property-desc line-limit-length\">No<\/span><\/li>\n<li class=\"product-prop line-limit-length\"><span class=\"property-title\">Regolazione della temperatura:\u00a0<\/span><span class=\"property-desc line-limit-length\">Ja<\/span><\/li>\n<li class=\"product-prop line-limit-length\"><span class=\"property-title\">Batteria integrata o esterna:\u00a0<\/span><span class=\"property-desc line-limit-length\">Integrata<\/span><\/li>\n<li class=\"product-prop line-limit-length\"><span class=\"property-title\">Funzione di protezione da cortocircuito:\u00a0<\/span><span class=\"property-desc line-limit-length\">Ja<\/span><\/li>\n<li class=\"product-prop line-limit-length\"><span class=\"property-title\">Funzione di protezione da surriscaldamento:\u00a0<\/span><span class=\"property-desc line-limit-length\">Ja<\/span><\/li>\n<li class=\"product-prop line-limit-length\"><span class=\"property-title\">Funzione di allarme a bassa tensione:\u00a0<\/span><span class=\"property-desc line-limit-length\">Ja<\/span><\/li>\n<li class=\"product-prop line-limit-length\"><span class=\"property-title\">Funzione di identificazione dello spruzzatore:\u00a0<\/span><span class=\"property-desc line-limit-length\">Ja<\/span><\/li>\n<li class=\"product-prop line-limit-length\"><span class=\"property-title\">Modalit\u00e0 di impostazione TCR:\u00a0<\/span><span class=\"property-desc line-limit-length\">No<\/span><\/li>\n<li class=\"product-prop line-limit-length\"><span class=\"property-title\">Capacit\u00e0 nominale:\u00a0<\/span><span class=\"property-desc line-limit-length\">Nessuno<\/span><\/li>\n<li class=\"product-prop line-limit-length\"><span class=\"property-title\">Materiale:\u00a0<\/span><span class=\"property-desc line-limit-length\">Metallo<\/span><\/li>\n<li class=\"product-prop line-limit-length\"><span class=\"property-title\">Modello compatibile:\u00a0<\/span><span class=\"property-desc line-limit-length\">Vaporizzatore di Erbe Secche<\/span><\/li>\n<li class=\"product-prop line-limit-length\"><span class=\"property-title\">Numero di modello:\u00a0<\/span><span class=\"property-desc line-limit-length\">Kingtons BLK Kiss Kit<\/span><\/li>\n<li class=\"product-prop line-limit-length\"><span class=\"property-title\">Caricatore USB:\u00a0<\/span><span class=\"property-desc line-limit-length\">Ja<\/span><\/li>\n<li class=\"product-prop line-limit-length\"><span class=\"property-title\">Aggiornamento del firmware:\u00a0<\/span><span class=\"property-desc line-limit-length\">Ja<\/span><\/li>\n<li class=\"product-prop line-limit-length\"><span class=\"property-title\">Display:\u00a0<\/span><span class=\"property-desc line-limit-length\">Ja<\/span><\/li>\n<li class=\"product-prop line-limit-length\"><span class=\"property-title\">Tipo:\u00a0<\/span><span class=\"property-desc line-limit-length\">Con Batteria<\/span><\/li>\n<li class=\"product-prop line-limit-length\"><span class=\"property-title\">Nome del marchio:\u00a0<\/span><span class=\"property-desc line-limit-length\">Kingtons<\/span><\/li>\n<li class=\"product-prop line-limit-length\"><span class=\"property-title\">Origine:\u00a0<\/span><span class=\"property-desc line-limit-length\">CN (Origine)<\/span><\/li>\n<\/ul>\n<\/div>\n<div class=\"detailmodule_html\">\n<div class=\"detail-desc-decorate-richtext\">\n<div class=\"detailmodule_text\">\n<p class=\"detail-desc-decorate-title\" style=\"font-family: OpenSans; font-size: 20px; font-weight: 900; line-height: 28px; margin-bottom: 12px;\">Kit Kingtons BLK Kiss originale 1600mAh Batteria 1,2 ml Forno Ceramica OLED Sigaretta Elettronica Erba Vape Pen Secco Erba vaporizzatore<\/p>\n<p class=\"detail-desc-decorate-content\" style=\"font-family: OpenSans; font-size: 14px; font-weight: 300; line-height: 20px; margin-bottom: 12px;\">Il vaporizzatore BLK Kiss \u00e8 famoso come vaporizzatore di erba secca, che viene fornito con dimensioni compatte e design ergonomico. \u00c8 composto da un forno da 1,2 ml e una batteria integrata da 1600mAh. Con un percorso d'aria isolato in vetro puro, offre un vape pulito e denso. E \u00e8 dotato di un tappo ugello facile da rimuovere e pulire. Inoltre, utilizza un design a stile shutter favorevole alla dissipazione del calore, con porta di ricarica Type-C. Inoltre, \u00e8 dotato di uno schermo OLED per mostrare la temperatura, il conto alla rovescia e il livello di potenza.<\/p>\n<\/div>\n<div class=\"detailmodule_text\">\n<p class=\"detail-desc-decorate-title\" style=\"font-family: OpenSans; font-size: 20px; font-weight: 900; line-height: 28px; margin-bottom: 12px;\">Specifiche:<\/p>\n<p class=\"detail-desc-decorate-content\" style=\"font-family: OpenSans; font-size: 14px; font-weight: 300; line-height: 20px; margin-bottom: 12px;\">Marca: Kingtons<br \/>\nNome del prodotto: Vaporizzatore BLK Kiss<br \/>\nCorpo: Plastica<br \/>\nDimensioni: 126x 29,2 x25mm<br \/>\nForno: 1,2 ml<br \/>\nCapacit\u00e0 della batteria: 1600mAh<br \/>\nRiscaldamento: Ceramica<br \/>\nResistenza: 0,6 ohm<br \/>\nTemperatura: 320 \u00b0F ~ 446 \u00b0F<br \/>\nColore: Nero<\/p>\n<\/div>\n<div class=\"detailmodule_text\">\n<p class=\"detail-desc-decorate-title\" style=\"font-family: OpenSans; font-size: 20px; font-weight: 900; line-height: 28px; margin-bottom: 12px;\">Dettagli:<\/p>\n<p class=\"detail-desc-decorate-content\" style=\"font-family: OpenSans; font-size: 14px; font-weight: 300; line-height: 20px; margin-bottom: 12px;\">1. 1,2 ml di forno e batteria interna da 1600mAh<br \/>\n2. Percorso d'aria isolato in vetro puro, vape pulito e denso<br \/>\n3. Tappo ugello facile da rimuovere, pi\u00f9 facile da pulire<br \/>\n4. Design a stile shutter favorevole alla dissipazione del calore, porta di ricarica Type-C<br \/>\n5. Schermo OLED per mostrare temperatura, conto alla rovescia e livello di potenza<\/p>\n<\/div>\n<div class=\"detailmodule_text\">\n<p class=\"detail-desc-decorate-title\" style=\"font-family: OpenSans; font-size: 20px; font-weight: 900; line-height: 28px; margin-bottom: 12px;\">Pacchetto include:<\/p>\n<p class=\"detail-desc-decorate-content\" style=\"font-family: OpenSans; font-size: 14px; font-weight: 300; line-height: 20px; margin-bottom: 12px;\">1 x Vaporizzatore BLK Kiss<br \/>\n1 x Tubo di vetro<br \/>\n1 x Pennello<br \/>\n1 x pinzetta<br \/>\n1 x confezione di attrezzi<br \/>\n2 x filtri di ricambio per schermo<br \/>\n1 x Caricabatterie USB<br \/>\n1 x Manuale utente<\/p>\n<\/div>\n<div class=\"detailmodule_image\"><img decoding=\"async\" loading=\"lazy\" class=\"detail-desc-decorate-image\" src=\"https:\/\/ae01.alicdn.com\/kf\/Hdcc5433563974ba6a2b845ee11dad5425.jpg\" \/><img decoding=\"async\" loading=\"lazy\" class=\"detail-desc-decorate-image\" src=\"https:\/\/ae01.alicdn.com\/kf\/H0a00728797574d43b06110320d5fbaf0t.jpg\" \/><img decoding=\"async\" loading=\"lazy\" class=\"detail-desc-decorate-image\" src=\"https:\/\/ae01.alicdn.com\/kf\/Hf77aac58391c4356b880bd6488315d4f1.jpg\" \/><img decoding=\"async\" loading=\"lazy\" class=\"detail-desc-decorate-image\" src=\"https:\/\/ae01.alicdn.com\/kf\/H17ccd3e56a424bae91e482242fd8eeb1s.jpg\" \/><img decoding=\"async\" loading=\"lazy\" class=\"detail-desc-decorate-image\" src=\"https:\/\/ae01.alicdn.com\/kf\/H829b3b0680034acb9c2a314eb534ad98i.jpg\" \/><img decoding=\"async\" loading=\"lazy\" class=\"detail-desc-decorate-image\" src=\"https:\/\/ae01.alicdn.com\/kf\/H3c87a07ddcb942129f8e817b89af38eeb.jpg\" \/><\/div>\n<p>&nbsp;<\/p>\n<\/div>\n<\/div>","protected":false},"excerpt":{"rendered":"<p>&nbsp; Aussehen:\u00a0Zylindrische Form Kompatibler Akku:\u00a0Kein \u00dcberwachung Funktion Von Rauchen Anzahl:\u00a0Nein Silikon Fall:\u00a0Nein Temperaturregelung:\u00a0Ja Eingebaute Oder Externe Batterie:\u00a0Eingebaute Kurzschlussschutz Funktion:\u00a0Ja \u00dcberhitzungsschutz-funktion:\u00a0Ja Niederspannungsalarmfunktion:\u00a0Ja Zerst\u00e4uber Identifikation Funktion:\u00a0Ja TCR Einstellung Modi:\u00a0Nein Nominale Kapazit\u00e4t:\u00a0Kein Material:\u00a0Metall Compatible Model:\u00a0Dry Herb Vaporizer Modellnummer:\u00a0Kingtons BLK Kiss Kit Usb-ladeger\u00e4t:\u00a0Ja Firmware-upgrade:\u00a0Ja Display:\u00a0Ja Art:\u00a0Mit Batterie Markenname:\u00a0Kingtons Ursprung:\u00a0CN (Herkunft) Original Kingtons BLK Kuss Kit 1600mAh Batterie 1,2 ml [&hellip;]<\/p>","protected":false},"featured_media":7049,"template":"","meta":{"inline_featured_image":false},"product_cat":[752,756,739,743,76,79,81],"product_tag":[],"tiered_pricing_type":"fixed","tiered_pricing_fixed_rules":[],"tiered_pricing_percentage_rules":[],"tiered_pricing_minimum":1,"_administrator_tiered_pricing_type":"fixed","_administrator_tiered_pricing_fixed_rules":[],"_editor_tiered_pricing_type":"fixed","_editor_tiered_pricing_fixed_rules":[],"_author_tiered_pricing_type":"fixed","_author_tiered_pricing_fixed_rules":[],"_contributor_tiered_pricing_type":"fixed","_contributor_tiered_pricing_fixed_rules":[],"_subscriber_tiered_pricing_type":"fixed","_subscriber_tiered_pricing_fixed_rules":[],"_customer_tiered_pricing_type":"fixed","_customer_tiered_pricing_fixed_rules":[],"_shop_manager_tiered_pricing_type":"fixed","_shop_manager_tiered_pricing_fixed_rules":[],"_wpseo_manager_tiered_pricing_type":"fixed","_wpseo_manager_tiered_pricing_fixed_rules":[],"_wpseo_editor_tiered_pricing_type":"fixed","_wpseo_editor_tiered_pricing_fixed_rules":[],"_wholesale_customer_tiered_pricing_type":"fixed","_wholesale_customer_tiered_pricing_fixed_rules":[],"_marketer_tiered_pricing_type":"fixed","_marketer_tiered_pricing_fixed_rules":[],"_sales_manager_tiered_pricing_type":"fixed","_sales_manager_tiered_pricing_fixed_rules":[],"_sales_rep_tiered_pricing_type":"fixed","_sales_rep_tiered_pricing_fixed_rules":[],"yoast_head":"<!-- This site is optimized with the Yoast SEO plugin v23.3 - https:\/\/yoast.com\/wordpress\/plugins\/seo\/ -->\n<title>Kingtons BLK Kuss Kit E-Zigarette Kr\u00e4uter Vape Stift | ElementVape.de<\/title>\n<meta name=\"description\" content=\"Wir bieten Kingtons BLK Kuss Kit E-Zigarette Kr\u00e4uter Vape Stift , Elementvape.de akzeptieren Gro\u00df-und Einzelhandel Bestellungen.\" \/>\n<meta name=\"robots\" content=\"index, follow, max-snippet:-1, max-image-preview:large, max-video-preview:-1\" \/>\n<link rel=\"canonical\" href=\"https:\/\/www.elementvape.de\/it\/produkt\/kingtons-blk-kuss-kit-e-zigarette-kraeuter-vape-stift\/\" \/>\n<meta property=\"og:locale\" content=\"it_IT\" \/>\n<meta property=\"og:type\" content=\"article\" \/>\n<meta property=\"og:title\" content=\"Kingtons BLK Kuss Kit E-Zigarette Kr\u00e4uter Vape Stift | ElementVape.de\" \/>\n<meta property=\"og:description\" content=\"Wir bieten Kingtons BLK Kuss Kit E-Zigarette Kr\u00e4uter Vape Stift , Elementvape.de akzeptieren Gro\u00df-und Einzelhandel Bestellungen.\" \/>\n<meta property=\"og:url\" content=\"https:\/\/www.elementvape.de\/it\/produkt\/kingtons-blk-kuss-kit-e-zigarette-kraeuter-vape-stift\/\" \/>\n<meta property=\"og:site_name\" content=\"ElementVape.de\" \/>\n<meta property=\"article:modified_time\" content=\"2024-12-12T06:37:18+00:00\" \/>\n<meta property=\"og:image\" content=\"https:\/\/ae01.alicdn.com\/kf\/Hbb375bf3d27c40d7974f4a732f3eb15bP\/Original-Kingtons-BLK-Kuss-Kit-1600mAh-Batterie-1-2-ml-Ofen-Keramik-OLED-Elektronische-Zigarette-Kr.png\" \/>\n\t<meta property=\"og:image:width\" content=\"800\" \/>\n\t<meta property=\"og:image:height\" content=\"800\" \/>\n\t<meta property=\"og:image:type\" content=\"image\/png\" \/>\n<meta name=\"twitter:card\" content=\"summary_large_image\" \/>\n<meta name=\"twitter:label1\" content=\"Est. reading time\" \/>\n\t<meta name=\"twitter:data1\" content=\"3 minuti\" \/>\n<script type=\"application\/ld+json\" class=\"yoast-schema-graph\">{\"@context\":\"https:\/\/schema.org\",\"@graph\":[{\"@type\":\"WebPage\",\"@id\":\"https:\/\/www.elementvape.de\/sv\/produkt\/kingtons-blk-kuss-kit-e-zigarette-kraeuter-vape-stift\/\",\"url\":\"https:\/\/www.elementvape.de\/sv\/produkt\/kingtons-blk-kuss-kit-e-zigarette-kraeuter-vape-stift\/\",\"name\":\"Kingtons BLK Kuss Kit E-Zigarette Kr\u00e4uter Vape Stift | ElementVape.de\",\"isPartOf\":{\"@id\":\"https:\/\/www.elementvape.de\/#website\"},\"primaryImageOfPage\":{\"@id\":\"https:\/\/www.elementvape.de\/sv\/produkt\/kingtons-blk-kuss-kit-e-zigarette-kraeuter-vape-stift\/#primaryimage\"},\"image\":{\"@id\":\"https:\/\/www.elementvape.de\/sv\/produkt\/kingtons-blk-kuss-kit-e-zigarette-kraeuter-vape-stift\/#primaryimage\"},\"thumbnailUrl\":\"https:\/\/ae01.alicdn.com\/kf\/Hbb375bf3d27c40d7974f4a732f3eb15bP\/Original-Kingtons-BLK-Kuss-Kit-1600mAh-Batterie-1-2-ml-Ofen-Keramik-OLED-Elektronische-Zigarette-Kr.png\",\"datePublished\":\"2024-04-20T06:15:12+00:00\",\"dateModified\":\"2024-12-12T06:37:18+00:00\",\"description\":\"Wir bieten Kingtons BLK Kuss Kit E-Zigarette Kr\u00e4uter Vape Stift , Elementvape.de akzeptieren Gro\u00df-und Einzelhandel Bestellungen.\",\"breadcrumb\":{\"@id\":\"https:\/\/www.elementvape.de\/sv\/produkt\/kingtons-blk-kuss-kit-e-zigarette-kraeuter-vape-stift\/#breadcrumb\"},\"inLanguage\":\"it-IT\",\"potentialAction\":[{\"@type\":\"ReadAction\",\"target\":[\"https:\/\/www.elementvape.de\/sv\/produkt\/kingtons-blk-kuss-kit-e-zigarette-kraeuter-vape-stift\/\"]}]},{\"@type\":\"ImageObject\",\"inLanguage\":\"it-IT\",\"@id\":\"https:\/\/www.elementvape.de\/sv\/produkt\/kingtons-blk-kuss-kit-e-zigarette-kraeuter-vape-stift\/#primaryimage\",\"url\":\"https:\/\/ae01.alicdn.com\/kf\/Hbb375bf3d27c40d7974f4a732f3eb15bP\/Original-Kingtons-BLK-Kuss-Kit-1600mAh-Batterie-1-2-ml-Ofen-Keramik-OLED-Elektronische-Zigarette-Kr.png\",\"contentUrl\":\"https:\/\/ae01.alicdn.com\/kf\/Hbb375bf3d27c40d7974f4a732f3eb15bP\/Original-Kingtons-BLK-Kuss-Kit-1600mAh-Batterie-1-2-ml-Ofen-Keramik-OLED-Elektronische-Zigarette-Kr.png\",\"width\":800,\"height\":800},{\"@type\":\"BreadcrumbList\",\"@id\":\"https:\/\/www.elementvape.de\/sv\/produkt\/kingtons-blk-kuss-kit-e-zigarette-kraeuter-vape-stift\/#breadcrumb\",\"itemListElement\":[{\"@type\":\"ListItem\",\"position\":1,\"name\":\"Home\",\"item\":\"https:\/\/www.elementvape.de\/\"},{\"@type\":\"ListItem\",\"position\":2,\"name\":\"Shop\",\"item\":\"https:\/\/www.elementvape.de\/shop\/\"},{\"@type\":\"ListItem\",\"position\":3,\"name\":\"Kingtons BLK Kuss Kit E-Zigarette Kr\u00e4uter Vape Stift\"}]},{\"@type\":\"WebSite\",\"@id\":\"https:\/\/www.elementvape.de\/#website\",\"url\":\"https:\/\/www.elementvape.de\/\",\"name\":\"ElementVape.de\",\"description\":\"\",\"publisher\":{\"@id\":\"https:\/\/www.elementvape.de\/#organization\"},\"potentialAction\":[{\"@type\":\"SearchAction\",\"target\":{\"@type\":\"EntryPoint\",\"urlTemplate\":\"https:\/\/www.elementvape.de\/?s={search_term_string}\"},\"query-input\":\"required name=search_term_string\"}],\"inLanguage\":\"it-IT\"},{\"@type\":\"Organization\",\"@id\":\"https:\/\/www.elementvape.de\/#organization\",\"name\":\"ElementVape.DE\",\"url\":\"https:\/\/www.elementvape.de\/\",\"logo\":{\"@type\":\"ImageObject\",\"inLanguage\":\"it-IT\",\"@id\":\"https:\/\/www.elementvape.de\/#\/schema\/logo\/image\/\",\"url\":\"https:\/\/www.elementvape.de\/wp-content\/uploads\/2024\/09\/cropped-1elementvape-3.png\",\"contentUrl\":\"https:\/\/www.elementvape.de\/wp-content\/uploads\/2024\/09\/cropped-1elementvape-3.png\",\"width\":285,\"height\":228,\"caption\":\"ElementVape.DE\"},\"image\":{\"@id\":\"https:\/\/www.elementvape.de\/#\/schema\/logo\/image\/\"}}]}<\/script>\n<!-- \/ Yoast SEO plugin. -->","yoast_head_json":{"title":"Kingtons BLK Kuss Kit E-Zigarette Kr\u00e4uter Vape Stift | ElementVape.de","description":"Wir bieten Kingtons BLK Kuss Kit E-Zigarette Kr\u00e4uter Vape Stift , Elementvape.de akzeptieren Gro\u00df-und Einzelhandel Bestellungen.","robots":{"index":"index","follow":"follow","max-snippet":"max-snippet:-1","max-image-preview":"max-image-preview:large","max-video-preview":"max-video-preview:-1"},"canonical":"https:\/\/www.elementvape.de\/it\/produkt\/kingtons-blk-kuss-kit-e-zigarette-kraeuter-vape-stift\/","og_locale":"it_IT","og_type":"article","og_title":"Kingtons BLK Kuss Kit E-Zigarette Kr\u00e4uter Vape Stift | ElementVape.de","og_description":"Wir bieten Kingtons BLK Kuss Kit E-Zigarette Kr\u00e4uter Vape Stift , Elementvape.de akzeptieren Gro\u00df-und Einzelhandel Bestellungen.","og_url":"https:\/\/www.elementvape.de\/it\/produkt\/kingtons-blk-kuss-kit-e-zigarette-kraeuter-vape-stift\/","og_site_name":"ElementVape.de","article_modified_time":"2024-12-12T06:37:18+00:00","og_image":[{"width":800,"height":800,"url":"https:\/\/ae01.alicdn.com\/kf\/Hbb375bf3d27c40d7974f4a732f3eb15bP\/Original-Kingtons-BLK-Kuss-Kit-1600mAh-Batterie-1-2-ml-Ofen-Keramik-OLED-Elektronische-Zigarette-Kr.png","type":"image\/png"}],"twitter_card":"summary_large_image","twitter_misc":{"Est. reading time":"3 minuti"},"schema":{"@context":"https:\/\/schema.org","@graph":[{"@type":"WebPage","@id":"https:\/\/www.elementvape.de\/sv\/produkt\/kingtons-blk-kuss-kit-e-zigarette-kraeuter-vape-stift\/","url":"https:\/\/www.elementvape.de\/sv\/produkt\/kingtons-blk-kuss-kit-e-zigarette-kraeuter-vape-stift\/","name":"Kingtons BLK Kuss Kit E-Zigarette Kr\u00e4uter Vape Stift | ElementVape.de","isPartOf":{"@id":"https:\/\/www.elementvape.de\/#website"},"primaryImageOfPage":{"@id":"https:\/\/www.elementvape.de\/sv\/produkt\/kingtons-blk-kuss-kit-e-zigarette-kraeuter-vape-stift\/#primaryimage"},"image":{"@id":"https:\/\/www.elementvape.de\/sv\/produkt\/kingtons-blk-kuss-kit-e-zigarette-kraeuter-vape-stift\/#primaryimage"},"thumbnailUrl":"https:\/\/ae01.alicdn.com\/kf\/Hbb375bf3d27c40d7974f4a732f3eb15bP\/Original-Kingtons-BLK-Kuss-Kit-1600mAh-Batterie-1-2-ml-Ofen-Keramik-OLED-Elektronische-Zigarette-Kr.png","datePublished":"2024-04-20T06:15:12+00:00","dateModified":"2024-12-12T06:37:18+00:00","description":"Wir bieten Kingtons BLK Kuss Kit E-Zigarette Kr\u00e4uter Vape Stift , Elementvape.de akzeptieren Gro\u00df-und Einzelhandel Bestellungen.","breadcrumb":{"@id":"https:\/\/www.elementvape.de\/sv\/produkt\/kingtons-blk-kuss-kit-e-zigarette-kraeuter-vape-stift\/#breadcrumb"},"inLanguage":"it-IT","potentialAction":[{"@type":"ReadAction","target":["https:\/\/www.elementvape.de\/sv\/produkt\/kingtons-blk-kuss-kit-e-zigarette-kraeuter-vape-stift\/"]}]},{"@type":"ImageObject","inLanguage":"it-IT","@id":"https:\/\/www.elementvape.de\/sv\/produkt\/kingtons-blk-kuss-kit-e-zigarette-kraeuter-vape-stift\/#primaryimage","url":"https:\/\/ae01.alicdn.com\/kf\/Hbb375bf3d27c40d7974f4a732f3eb15bP\/Original-Kingtons-BLK-Kuss-Kit-1600mAh-Batterie-1-2-ml-Ofen-Keramik-OLED-Elektronische-Zigarette-Kr.png","contentUrl":"https:\/\/ae01.alicdn.com\/kf\/Hbb375bf3d27c40d7974f4a732f3eb15bP\/Original-Kingtons-BLK-Kuss-Kit-1600mAh-Batterie-1-2-ml-Ofen-Keramik-OLED-Elektronische-Zigarette-Kr.png","width":800,"height":800},{"@type":"BreadcrumbList","@id":"https:\/\/www.elementvape.de\/sv\/produkt\/kingtons-blk-kuss-kit-e-zigarette-kraeuter-vape-stift\/#breadcrumb","itemListElement":[{"@type":"ListItem","position":1,"name":"Home","item":"https:\/\/www.elementvape.de\/"},{"@type":"ListItem","position":2,"name":"Shop","item":"https:\/\/www.elementvape.de\/shop\/"},{"@type":"ListItem","position":3,"name":"Kingtons BLK Kuss Kit E-Zigarette Kr\u00e4uter Vape Stift"}]},{"@type":"WebSite","@id":"https:\/\/www.elementvape.de\/#website","url":"https:\/\/www.elementvape.de\/","name":"ElementVape.de","description":"","publisher":{"@id":"https:\/\/www.elementvape.de\/#organization"},"potentialAction":[{"@type":"SearchAction","target":{"@type":"EntryPoint","urlTemplate":"https:\/\/www.elementvape.de\/?s={search_term_string}"},"query-input":"required name=search_term_string"}],"inLanguage":"it-IT"},{"@type":"Organization","@id":"https:\/\/www.elementvape.de\/#organization","name":"ElementVape.DE","url":"https:\/\/www.elementvape.de\/","logo":{"@type":"ImageObject","inLanguage":"it-IT","@id":"https:\/\/www.elementvape.de\/#\/schema\/logo\/image\/","url":"https:\/\/www.elementvape.de\/wp-content\/uploads\/2024\/09\/cropped-1elementvape-3.png","contentUrl":"https:\/\/www.elementvape.de\/wp-content\/uploads\/2024\/09\/cropped-1elementvape-3.png","width":285,"height":228,"caption":"ElementVape.DE"},"image":{"@id":"https:\/\/www.elementvape.de\/#\/schema\/logo\/image\/"}}]}},"_links":{"self":[{"href":"https:\/\/www.elementvape.de\/it\/wp-json\/wp\/v2\/product\/7048"}],"collection":[{"href":"https:\/\/www.elementvape.de\/it\/wp-json\/wp\/v2\/product"}],"about":[{"href":"https:\/\/www.elementvape.de\/it\/wp-json\/wp\/v2\/types\/product"}],"wp:featuredmedia":[{"embeddable":true,"href":"https:\/\/www.elementvape.de\/it\/wp-json\/wp\/v2\/media\/7049"}],"wp:attachment":[{"href":"https:\/\/www.elementvape.de\/it\/wp-json\/wp\/v2\/media?parent=7048"}],"wp:term":[{"taxonomy":"product_cat","embeddable":true,"href":"https:\/\/www.elementvape.de\/it\/wp-json\/wp\/v2\/product_cat?post=7048"},{"taxonomy":"product_tag","embeddable":true,"href":"https:\/\/www.elementvape.de\/it\/wp-json\/wp\/v2\/product_tag?post=7048"}],"curies":[{"name":"wp","href":"https:\/\/api.w.org\/{rel}","templated":true}]}}