{"id":6978,"date":"2024-04-20T05:53:37","date_gmt":"2024-04-20T05:53:37","guid":{"rendered":"https:\/\/www.elementvape.de\/?post_type=product&#038;p=6978"},"modified":"2024-12-12T06:37:23","modified_gmt":"2024-12-12T06:37:23","slug":"joyetech-widewick-air-kit-800mah-batterie-2ml-patrone-pod-e-zigarette-mtl-vape","status":"publish","type":"product","link":"https:\/\/www.elementvape.de\/it\/produkt\/joyetech-widewick-air-kit-800mah-batterie-2ml-patrone-pod-e-zigarette-mtl-vape\/","title":{"rendered":"Joyetech Widewick Air Kit batteria da 800mAh, cartuccia da 2ml, pod e-cigarette, vape in acciaio"},"content":{"rendered":"<p>&nbsp;<\/p>\n<div class=\"product-specs-list-container\">\n<ul class=\"product-specs-list util-clearfix\">\n<li class=\"product-prop line-limit-length\"><span class=\"property-title\">Batteria compatibile:\u00a0<\/span><span class=\"property-desc line-limit-length\">Nessuno<\/span><\/li>\n<li class=\"product-prop line-limit-length\"><span class=\"property-title\">Funzione di monitoraggio del numero di fumate:\u00a0<\/span><span class=\"property-desc line-limit-length\">No<\/span><\/li>\n<li class=\"product-prop line-limit-length\"><span class=\"property-title\">Custodia in silicone:\u00a0<\/span><span class=\"property-desc line-limit-length\">No<\/span><\/li>\n<li class=\"product-prop line-limit-length\"><span class=\"property-title\">Regolazione della temperatura:\u00a0<\/span><span class=\"property-desc line-limit-length\">No<\/span><\/li>\n<li class=\"product-prop line-limit-length\"><span class=\"property-title\">Batteria integrata o esterna:\u00a0<\/span><span class=\"property-desc line-limit-length\">Integrata<\/span><\/li>\n<li class=\"product-prop line-limit-length\"><span class=\"property-title\">Funzione di protezione da cortocircuito:\u00a0<\/span><span class=\"property-desc line-limit-length\">Ja<\/span><\/li>\n<li class=\"product-prop line-limit-length\"><span class=\"property-title\">Funzione di protezione da surriscaldamento:\u00a0<\/span><span class=\"property-desc line-limit-length\">Ja<\/span><\/li>\n<li class=\"product-prop line-limit-length\"><span class=\"property-title\">Funzione di allarme a bassa tensione:\u00a0<\/span><span class=\"property-desc line-limit-length\">Ja<\/span><\/li>\n<li class=\"product-prop line-limit-length\"><span class=\"property-title\">Funzione di identificazione dello spruzzatore:\u00a0<\/span><span class=\"property-desc line-limit-length\">Ja<\/span><\/li>\n<li class=\"product-prop line-limit-length\"><span class=\"property-title\">Modalit\u00e0 di impostazione TCR:\u00a0<\/span><span class=\"property-desc line-limit-length\">No<\/span><\/li>\n<li class=\"product-prop line-limit-length\"><span class=\"property-title\">Capacit\u00e0 nominale:\u00a0<\/span><span class=\"property-desc line-limit-length\">800 mAh<\/span><\/li>\n<li class=\"product-prop line-limit-length\"><span class=\"property-title\">Materiale:\u00a0<\/span><span class=\"property-desc line-limit-length\">Metallo<\/span><\/li>\n<li class=\"product-prop line-limit-length\"><span class=\"property-title\">Modello compatibile:\u00a0<\/span><span class=\"property-desc line-limit-length\">Sigaretta elettronica penna vape<\/span><\/li>\n<li class=\"product-prop line-limit-length\"><span class=\"property-title\">Numero di modello:\u00a0<\/span><span class=\"property-desc line-limit-length\">Kit Joyetech WideWick Air<\/span><\/li>\n<li class=\"product-prop line-limit-length\"><span class=\"property-title\">Caricatore USB:\u00a0<\/span><span class=\"property-desc line-limit-length\">Ja<\/span><\/li>\n<li class=\"product-prop line-limit-length\"><span class=\"property-title\">Aggiornamento del firmware:\u00a0<\/span><span class=\"property-desc line-limit-length\">No<\/span><\/li>\n<li class=\"product-prop line-limit-length\"><span class=\"property-title\">Display:\u00a0<\/span><span class=\"property-desc line-limit-length\">No<\/span><\/li>\n<li class=\"product-prop line-limit-length\"><span class=\"property-title\">Tipo:\u00a0<\/span><span class=\"property-desc line-limit-length\">Mod Elettrico<\/span><\/li>\n<li class=\"product-prop line-limit-length\"><span class=\"property-title\">Nome del marchio:\u00a0<\/span><span class=\"property-desc line-limit-length\">JOYETECH<\/span><\/li>\n<li class=\"product-prop line-limit-length\"><span class=\"property-title\">Origine:\u00a0<\/span><span class=\"property-desc line-limit-length\">CN (Origine)<\/span><\/li>\n<\/ul>\n<\/div>\n<div class=\"detailmodule_html\">\n<div class=\"detail-desc-decorate-richtext\">\n<div class=\"detailmodule_dynamic\"><\/div>\n<p><span style=\"font-size: 22px;\"><span id=\"tl_1\" style=\"font-family: arial, helvetica, sans-serif;\">Kit originale Joyetech Widewick Air 800mAh Batteria 2ml Cartuccia Pod 1,2 Ohm Vaporizzatore sigaretta elettronica mtl vape<\/span><\/span><\/p>\n<p><span id=\"tl_2\" style=\"font-size: 18px; font-family: arial, helvetica, sans-serif;\">Descrizione:<\/span><\/p>\n<p><span id=\"tl_3\" style=\"font-size: 18px; font-family: arial, helvetica, sans-serif;\">Il Widewick Air Kit presenta un aspetto pi\u00f9 bello ed elegante, un corpo pi\u00f9 leggero e la tecnologia Widewick\u2122 pi\u00f9 avanzata. Contiene il grande cotone Widewick\u2122 all'interno, che assorbe il liquido elettronico in modo completo dall'ambiente circostante, offrendo un riscaldamento equilibrato senza sputo. Il grande cotone interno immagazzina sempre abbastanza liquido elettronico per garantire nessun colpo secco, in qualsiasi momento e modo si vaporizzi. Inoltre, il grande cotone assorbe rapidamente il liquido elettronico e lo trattiene, permettendoti di gustare un sapore puro dopo alcuni tiri continui. Il Widewick Air Pod Kit \u00e8 abbinato alla coil in mesh da 1,2 Ohm. Con due ingressi d'aria su entrambi i lati, offrir\u00e0 un'esperienza di vaping eccezionale. Il Joyetech Widewick Air Kit \u00e8 dotato di una batteria integrata da 800mAh e di una porta di ricarica USB-C.<\/span><\/p>\n<p>&nbsp;<\/p>\n<p><span id=\"tl_4\" style=\"font-size: 18px; font-family: arial, helvetica, sans-serif;\">Parametri:<\/span><\/p>\n<p><span id=\"tl_5\" style=\"font-size: 18px; font-family: arial, helvetica, sans-serif;\">Marca: joyetech<\/span><\/p>\n<p><span id=\"tl_6\" style=\"font-size: 18px; font-family: arial, helvetica, sans-serif;\">Nome del prodotto: Widewick Air Kit<\/span><\/p>\n<p><span id=\"tl_7\" style=\"font-size: 18px; font-family: arial, helvetica, sans-serif;\">Dimensioni: 26,5*16,5*114,5mm<\/span><\/p>\n<p><span id=\"tl_8\" style=\"font-size: 18px; font-family: arial, helvetica, sans-serif;\">Capacit\u00e0 della batteria: 800mAh<\/span><\/p>\n<p><span id=\"tl_9\" style=\"font-size: 18px; font-family: arial, helvetica, sans-serif;\">Capacit\u00e0 del Pod: 2ml<\/span><\/p>\n<p><span id=\"tl_10\" style=\"font-size: 18px; font-family: arial, helvetica, sans-serif;\">Resistenza della coil: 1,2 Ohm<\/span><\/p>\n<p><span id=\"tl_11\" style=\"font-size: 18px; font-family: arial, helvetica, sans-serif;\">Diametro del foro di riempimento: 3,2mm<\/span><\/p>\n<p><span id=\"tl_12\" style=\"font-size: 18px; font-family: arial, helvetica, sans-serif;\">Potenza massima: 12w<\/span><\/p>\n<p><span id=\"tl_13\" style=\"font-size: 18px; font-family: arial, helvetica, sans-serif;\">Corrente di ricarica: 5v\/0,5a (USB-C)<\/span><\/p>\n<p><span id=\"tl_14\" style=\"font-size: 18px; font-family: arial, helvetica, sans-serif;\">Tipo di riempimento: riempimento superiore<\/span><\/p>\n<p><span id=\"tl_15\" style=\"font-size: 18px; font-family: arial, helvetica, sans-serif;\">Colore: grigio scuro, blu mare, rosa rosso, bianco perla<\/span><\/p>\n<p>&nbsp;<\/p>\n<p><span id=\"tl_16\" style=\"font-size: 18px; font-family: arial, helvetica, sans-serif;\">Dettagli:<\/span><\/p>\n<p><span id=\"tl_17\" style=\"font-size: 18px; font-family: arial, helvetica, sans-serif;\">1. aspetto pi\u00f9 bello e elegante<\/span><\/p>\n<p><span id=\"tl_18\" style=\"font-size: 18px; font-family: arial, helvetica, sans-serif;\">2. assorbimento completo di liquido elettronico<\/span><\/p>\n<p><span id=\"tl_19\" style=\"font-size: 18px; font-family: arial, helvetica, sans-serif;\">3. riscaldamento equilibrato senza sputo<\/span><\/p>\n<p><span id=\"tl_20\" style=\"font-size: 18px; font-family: arial, helvetica, sans-serif;\">4. Meccanismo di blocco del liquido elettronico<\/span><\/p>\n<p><span id=\"tl_21\" style=\"font-size: 18px; font-family: arial, helvetica, sans-serif;\">5. Design a doppia iniezione con spruzzo<\/span><\/p>\n<p><span id=\"tl_22\" style=\"font-size: 18px; font-family: arial, helvetica, sans-serif;\">6. leggero e comodo<\/span><\/p>\n<p><span id=\"tl_23\" style=\"font-size: 18px; font-family: arial, helvetica, sans-serif;\">7. abbinato alla coil in mesh da 1,2 Ohm<\/span><\/p>\n<p><span id=\"tl_24\" style=\"font-size: 18px; font-family: arial, helvetica, sans-serif;\">8. sistema di riempimento superiore<\/span><\/p>\n<p><span id=\"tl_25\" style=\"font-size: 18px; font-family: arial, helvetica, sans-serif;\">9. ingresso d'aria raffinato che garantisce un vaping mensile<\/span><\/p>\n<p><span id=\"tl_26\" style=\"font-size: 18px; font-family: arial, helvetica, sans-serif;\">10. attivazione senza premere il pulsante per vaporizzare<\/span><\/p>\n<p><span id=\"tl_27\" style=\"font-size: 18px; font-family: arial, helvetica, sans-serif;\">11. Batteria integrata da 800mAh<\/span><\/p>\n<p><span id=\"tl_28\" style=\"font-size: 18px; font-family: arial, helvetica, sans-serif;\">Ricarica tramite USB-C<\/span><\/p>\n<p>&nbsp;<\/p>\n<p><span id=\"tl_29\" style=\"font-size: 18px; font-family: arial, helvetica, sans-serif;\">Il pacchetto di joyetech widewick air pod kit include:<\/span><\/p>\n<p><span id=\"tl_30\" style=\"font-size: 18px; font-family: arial, helvetica, sans-serif;\">1 * Batteria Widewick Air<\/span><\/p>\n<p><span id=\"tl_31\" style=\"font-size: 18px; font-family: arial, helvetica, sans-serif;\">1 * Pod Air Widewick (1,2 Ohm)<\/span><\/p>\n<p><span id=\"tl_32\" style=\"font-size: 18px; font-family: arial, helvetica, sans-serif;\">1 * manuale utente<\/span><\/p>\n<p><span id=\"tl_33\" style=\"font-size: 18px; font-family: arial, helvetica, sans-serif;\">1 * carta di garanzia<\/span><\/p>\n<p><span id=\"tl_34\" style=\"font-size: 18px; font-family: arial, helvetica, sans-serif;\">Il liquido elettronico non \u00e8 incluso.<\/span><\/p>\n<div><\/div>\n<p><img decoding=\"async\" loading=\"lazy\" src=\"https:\/\/ae01.alicdn.com\/kf\/S50790ddb65c94ec0aa1502cf9d6e1a71R.jpg\" \/><img decoding=\"async\" loading=\"lazy\" src=\"https:\/\/ae01.alicdn.com\/kf\/Sd478c41ee7f74e16aefc4778568f3ef2q.jpg\" \/><img decoding=\"async\" loading=\"lazy\" src=\"https:\/\/ae01.alicdn.com\/kf\/S67e12195fc7b4b54b3d6e406c3f31030r.jpg\" \/><img decoding=\"async\" loading=\"lazy\" src=\"https:\/\/ae01.alicdn.com\/kf\/S2a09672d30624bf8b59111afba9b98f5p.jpg\" \/><img decoding=\"async\" loading=\"lazy\" src=\"https:\/\/ae01.alicdn.com\/kf\/See990379e82044e6aef347f6634c5f44i.jpg\" \/><img decoding=\"async\" loading=\"lazy\" src=\"https:\/\/ae01.alicdn.com\/kf\/Sfaed8fbd481949c38cde1b6a53429747v.jpg\" \/><img decoding=\"async\" loading=\"lazy\" src=\"https:\/\/ae01.alicdn.com\/kf\/S39236cf165e44d54b5b6213aa7185e08T.jpg\" \/><img decoding=\"async\" loading=\"lazy\" src=\"https:\/\/ae01.alicdn.com\/kf\/S5e84210139c344bf9ecde552c68779c5D.jpg\" \/><img decoding=\"async\" loading=\"lazy\" src=\"https:\/\/ae01.alicdn.com\/kf\/S5c9e9d144bda4552b24cb35852fa8db4F.jpg\" \/><img decoding=\"async\" loading=\"lazy\" src=\"https:\/\/ae01.alicdn.com\/kf\/Sd9937d1b973b412ca9254aa751291fdbp.jpg\" \/><\/p>\n<\/div>\n<\/div>","protected":false},"excerpt":{"rendered":"<p>&nbsp; Kompatibler Akku:\u00a0Kein \u00dcberwachung Funktion Von Rauchen Anzahl:\u00a0Nein Silikon Fall:\u00a0Nein Temperaturregelung:\u00a0Nein Eingebaute Oder Externe Batterie:\u00a0Eingebaute Kurzschlussschutz Funktion:\u00a0Ja \u00dcberhitzungsschutz-funktion:\u00a0Ja Niederspannungsalarmfunktion:\u00a0Ja Zerst\u00e4uber Identifikation Funktion:\u00a0Ja TCR Einstellung Modi:\u00a0Nein Nominale Kapazit\u00e4t:\u00a0800 mAh Material:\u00a0Metall Compatible Model:\u00a0Electronic Cigarette Vape pen Modellnummer:\u00a0Joyetech WideWick Air Kit Usb-ladeger\u00e4t:\u00a0Ja Firmware-upgrade:\u00a0Nein Display:\u00a0Nein Art:\u00a0Elektrische Mod Markenname:\u00a0JOYETECH Ursprung:\u00a0CN (Herkunft) Original Joyetech Widewick Air Kit 800mAh Batterie 2ml Patrone [&hellip;]<\/p>","protected":false},"featured_media":6980,"template":"","meta":{"inline_featured_image":false},"product_cat":[752,756,739,743,76,79,81],"product_tag":[],"tiered_pricing_type":"fixed","tiered_pricing_fixed_rules":[],"tiered_pricing_percentage_rules":[],"tiered_pricing_minimum":1,"_administrator_tiered_pricing_type":"fixed","_administrator_tiered_pricing_fixed_rules":[],"_editor_tiered_pricing_type":"fixed","_editor_tiered_pricing_fixed_rules":[],"_author_tiered_pricing_type":"fixed","_author_tiered_pricing_fixed_rules":[],"_contributor_tiered_pricing_type":"fixed","_contributor_tiered_pricing_fixed_rules":[],"_subscriber_tiered_pricing_type":"fixed","_subscriber_tiered_pricing_fixed_rules":[],"_customer_tiered_pricing_type":"fixed","_customer_tiered_pricing_fixed_rules":[],"_shop_manager_tiered_pricing_type":"fixed","_shop_manager_tiered_pricing_fixed_rules":[],"_wpseo_manager_tiered_pricing_type":"fixed","_wpseo_manager_tiered_pricing_fixed_rules":[],"_wpseo_editor_tiered_pricing_type":"fixed","_wpseo_editor_tiered_pricing_fixed_rules":[],"_wholesale_customer_tiered_pricing_type":"fixed","_wholesale_customer_tiered_pricing_fixed_rules":[],"_marketer_tiered_pricing_type":"fixed","_marketer_tiered_pricing_fixed_rules":[],"_sales_manager_tiered_pricing_type":"fixed","_sales_manager_tiered_pricing_fixed_rules":[],"_sales_rep_tiered_pricing_type":"fixed","_sales_rep_tiered_pricing_fixed_rules":[],"yoast_head":"<!-- This site is optimized with the Yoast SEO plugin v23.3 - https:\/\/yoast.com\/wordpress\/plugins\/seo\/ -->\n<title>Joyetech Widewick Air Kit 800mAh Batterie 2ml Patrone Pod E-Zigarette mtl vape | ElementVape.de<\/title>\n<meta name=\"description\" content=\"Wir bieten Joyetech Widewick Air Kit 800mAh Batterie 2ml Patrone Pod E-Zigarette mtl vape , Elementvape.de akzeptieren Gro\u00df-und Einzelhandel Bestellungen.\" \/>\n<meta name=\"robots\" content=\"index, follow, max-snippet:-1, max-image-preview:large, max-video-preview:-1\" \/>\n<link rel=\"canonical\" href=\"https:\/\/www.elementvape.de\/it\/produkt\/joyetech-widewick-air-kit-800mah-batterie-2ml-patrone-pod-e-zigarette-mtl-vape\/\" \/>\n<meta property=\"og:locale\" content=\"it_IT\" \/>\n<meta property=\"og:type\" content=\"article\" \/>\n<meta property=\"og:title\" content=\"Joyetech Widewick Air Kit 800mAh Batterie 2ml Patrone Pod E-Zigarette mtl vape | ElementVape.de\" \/>\n<meta property=\"og:description\" content=\"Wir bieten Joyetech Widewick Air Kit 800mAh Batterie 2ml Patrone Pod E-Zigarette mtl vape , Elementvape.de akzeptieren Gro\u00df-und Einzelhandel Bestellungen.\" \/>\n<meta property=\"og:url\" content=\"https:\/\/www.elementvape.de\/it\/produkt\/joyetech-widewick-air-kit-800mah-batterie-2ml-patrone-pod-e-zigarette-mtl-vape\/\" \/>\n<meta property=\"og:site_name\" content=\"ElementVape.de\" \/>\n<meta property=\"article:modified_time\" content=\"2024-12-12T06:37:23+00:00\" \/>\n<meta property=\"og:image\" content=\"https:\/\/ae01.alicdn.com\/kf\/S8ee476a92a1748cfb9dacb8ea9bcd541r\/Original-Joyetech-Widewick-Air-Kit-800mAh-Batterie-2ml-Patrone-Pod-1-2-Ohm-Vapor-izer-elektronische.jpg\" \/>\n\t<meta property=\"og:image:width\" content=\"800\" \/>\n\t<meta property=\"og:image:height\" content=\"800\" \/>\n\t<meta property=\"og:image:type\" content=\"image\/jpeg\" \/>\n<meta name=\"twitter:card\" content=\"summary_large_image\" \/>\n<meta name=\"twitter:label1\" content=\"Est. reading time\" \/>\n\t<meta name=\"twitter:data1\" content=\"5 minuti\" \/>\n<script type=\"application\/ld+json\" class=\"yoast-schema-graph\">{\"@context\":\"https:\/\/schema.org\",\"@graph\":[{\"@type\":\"WebPage\",\"@id\":\"https:\/\/www.elementvape.de\/produkt\/joyetech-widewick-air-kit-800mah-batterie-2ml-patrone-pod-e-zigarette-mtl-vape\/\",\"url\":\"https:\/\/www.elementvape.de\/produkt\/joyetech-widewick-air-kit-800mah-batterie-2ml-patrone-pod-e-zigarette-mtl-vape\/\",\"name\":\"Joyetech Widewick Air Kit 800mAh Batterie 2ml Patrone Pod E-Zigarette mtl vape | ElementVape.de\",\"isPartOf\":{\"@id\":\"https:\/\/www.elementvape.de\/#website\"},\"primaryImageOfPage\":{\"@id\":\"https:\/\/www.elementvape.de\/produkt\/joyetech-widewick-air-kit-800mah-batterie-2ml-patrone-pod-e-zigarette-mtl-vape\/#primaryimage\"},\"image\":{\"@id\":\"https:\/\/www.elementvape.de\/produkt\/joyetech-widewick-air-kit-800mah-batterie-2ml-patrone-pod-e-zigarette-mtl-vape\/#primaryimage\"},\"thumbnailUrl\":\"https:\/\/ae01.alicdn.com\/kf\/S8ee476a92a1748cfb9dacb8ea9bcd541r\/Original-Joyetech-Widewick-Air-Kit-800mAh-Batterie-2ml-Patrone-Pod-1-2-Ohm-Vapor-izer-elektronische.jpg\",\"datePublished\":\"2024-04-20T05:53:37+00:00\",\"dateModified\":\"2024-12-12T06:37:23+00:00\",\"description\":\"Wir bieten Joyetech Widewick Air Kit 800mAh Batterie 2ml Patrone Pod E-Zigarette mtl vape , Elementvape.de akzeptieren Gro\u00df-und Einzelhandel Bestellungen.\",\"breadcrumb\":{\"@id\":\"https:\/\/www.elementvape.de\/produkt\/joyetech-widewick-air-kit-800mah-batterie-2ml-patrone-pod-e-zigarette-mtl-vape\/#breadcrumb\"},\"inLanguage\":\"it-IT\",\"potentialAction\":[{\"@type\":\"ReadAction\",\"target\":[\"https:\/\/www.elementvape.de\/produkt\/joyetech-widewick-air-kit-800mah-batterie-2ml-patrone-pod-e-zigarette-mtl-vape\/\"]}]},{\"@type\":\"ImageObject\",\"inLanguage\":\"it-IT\",\"@id\":\"https:\/\/www.elementvape.de\/produkt\/joyetech-widewick-air-kit-800mah-batterie-2ml-patrone-pod-e-zigarette-mtl-vape\/#primaryimage\",\"url\":\"https:\/\/ae01.alicdn.com\/kf\/S8ee476a92a1748cfb9dacb8ea9bcd541r\/Original-Joyetech-Widewick-Air-Kit-800mAh-Batterie-2ml-Patrone-Pod-1-2-Ohm-Vapor-izer-elektronische.jpg\",\"contentUrl\":\"https:\/\/ae01.alicdn.com\/kf\/S8ee476a92a1748cfb9dacb8ea9bcd541r\/Original-Joyetech-Widewick-Air-Kit-800mAh-Batterie-2ml-Patrone-Pod-1-2-Ohm-Vapor-izer-elektronische.jpg\",\"width\":800,\"height\":800},{\"@type\":\"BreadcrumbList\",\"@id\":\"https:\/\/www.elementvape.de\/produkt\/joyetech-widewick-air-kit-800mah-batterie-2ml-patrone-pod-e-zigarette-mtl-vape\/#breadcrumb\",\"itemListElement\":[{\"@type\":\"ListItem\",\"position\":1,\"name\":\"Home\",\"item\":\"https:\/\/www.elementvape.de\/\"},{\"@type\":\"ListItem\",\"position\":2,\"name\":\"Shop\",\"item\":\"https:\/\/www.elementvape.de\/shop\/\"},{\"@type\":\"ListItem\",\"position\":3,\"name\":\"Joyetech Widewick Air Kit 800mAh Batterie 2ml Patrone Pod E-Zigarette mtl vape\"}]},{\"@type\":\"WebSite\",\"@id\":\"https:\/\/www.elementvape.de\/#website\",\"url\":\"https:\/\/www.elementvape.de\/\",\"name\":\"ElementVape.de\",\"description\":\"\",\"publisher\":{\"@id\":\"https:\/\/www.elementvape.de\/#organization\"},\"potentialAction\":[{\"@type\":\"SearchAction\",\"target\":{\"@type\":\"EntryPoint\",\"urlTemplate\":\"https:\/\/www.elementvape.de\/?s={search_term_string}\"},\"query-input\":\"required name=search_term_string\"}],\"inLanguage\":\"it-IT\"},{\"@type\":\"Organization\",\"@id\":\"https:\/\/www.elementvape.de\/#organization\",\"name\":\"ElementVape.DE\",\"url\":\"https:\/\/www.elementvape.de\/\",\"logo\":{\"@type\":\"ImageObject\",\"inLanguage\":\"it-IT\",\"@id\":\"https:\/\/www.elementvape.de\/#\/schema\/logo\/image\/\",\"url\":\"https:\/\/www.elementvape.de\/wp-content\/uploads\/2024\/09\/cropped-1elementvape-3.png\",\"contentUrl\":\"https:\/\/www.elementvape.de\/wp-content\/uploads\/2024\/09\/cropped-1elementvape-3.png\",\"width\":285,\"height\":228,\"caption\":\"ElementVape.DE\"},\"image\":{\"@id\":\"https:\/\/www.elementvape.de\/#\/schema\/logo\/image\/\"}}]}<\/script>\n<!-- \/ Yoast SEO plugin. -->","yoast_head_json":{"title":"Joyetech Widewick Air Kit 800mAh Batterie 2ml Patrone Pod E-Zigarette mtl vape | ElementVape.de","description":"Wir bieten Joyetech Widewick Air Kit 800mAh Batterie 2ml Patrone Pod E-Zigarette mtl vape , Elementvape.de akzeptieren Gro\u00df-und Einzelhandel Bestellungen.","robots":{"index":"index","follow":"follow","max-snippet":"max-snippet:-1","max-image-preview":"max-image-preview:large","max-video-preview":"max-video-preview:-1"},"canonical":"https:\/\/www.elementvape.de\/it\/produkt\/joyetech-widewick-air-kit-800mah-batterie-2ml-patrone-pod-e-zigarette-mtl-vape\/","og_locale":"it_IT","og_type":"article","og_title":"Joyetech Widewick Air Kit 800mAh Batterie 2ml Patrone Pod E-Zigarette mtl vape | ElementVape.de","og_description":"Wir bieten Joyetech Widewick Air Kit 800mAh Batterie 2ml Patrone Pod E-Zigarette mtl vape , Elementvape.de akzeptieren Gro\u00df-und Einzelhandel Bestellungen.","og_url":"https:\/\/www.elementvape.de\/it\/produkt\/joyetech-widewick-air-kit-800mah-batterie-2ml-patrone-pod-e-zigarette-mtl-vape\/","og_site_name":"ElementVape.de","article_modified_time":"2024-12-12T06:37:23+00:00","og_image":[{"width":800,"height":800,"url":"https:\/\/ae01.alicdn.com\/kf\/S8ee476a92a1748cfb9dacb8ea9bcd541r\/Original-Joyetech-Widewick-Air-Kit-800mAh-Batterie-2ml-Patrone-Pod-1-2-Ohm-Vapor-izer-elektronische.jpg","type":"image\/jpeg"}],"twitter_card":"summary_large_image","twitter_misc":{"Est. reading time":"5 minuti"},"schema":{"@context":"https:\/\/schema.org","@graph":[{"@type":"WebPage","@id":"https:\/\/www.elementvape.de\/produkt\/joyetech-widewick-air-kit-800mah-batterie-2ml-patrone-pod-e-zigarette-mtl-vape\/","url":"https:\/\/www.elementvape.de\/produkt\/joyetech-widewick-air-kit-800mah-batterie-2ml-patrone-pod-e-zigarette-mtl-vape\/","name":"Joyetech Widewick Air Kit 800mAh Batterie 2ml Patrone Pod E-Zigarette mtl vape | ElementVape.de","isPartOf":{"@id":"https:\/\/www.elementvape.de\/#website"},"primaryImageOfPage":{"@id":"https:\/\/www.elementvape.de\/produkt\/joyetech-widewick-air-kit-800mah-batterie-2ml-patrone-pod-e-zigarette-mtl-vape\/#primaryimage"},"image":{"@id":"https:\/\/www.elementvape.de\/produkt\/joyetech-widewick-air-kit-800mah-batterie-2ml-patrone-pod-e-zigarette-mtl-vape\/#primaryimage"},"thumbnailUrl":"https:\/\/ae01.alicdn.com\/kf\/S8ee476a92a1748cfb9dacb8ea9bcd541r\/Original-Joyetech-Widewick-Air-Kit-800mAh-Batterie-2ml-Patrone-Pod-1-2-Ohm-Vapor-izer-elektronische.jpg","datePublished":"2024-04-20T05:53:37+00:00","dateModified":"2024-12-12T06:37:23+00:00","description":"Wir bieten Joyetech Widewick Air Kit 800mAh Batterie 2ml Patrone Pod E-Zigarette mtl vape , Elementvape.de akzeptieren Gro\u00df-und Einzelhandel Bestellungen.","breadcrumb":{"@id":"https:\/\/www.elementvape.de\/produkt\/joyetech-widewick-air-kit-800mah-batterie-2ml-patrone-pod-e-zigarette-mtl-vape\/#breadcrumb"},"inLanguage":"it-IT","potentialAction":[{"@type":"ReadAction","target":["https:\/\/www.elementvape.de\/produkt\/joyetech-widewick-air-kit-800mah-batterie-2ml-patrone-pod-e-zigarette-mtl-vape\/"]}]},{"@type":"ImageObject","inLanguage":"it-IT","@id":"https:\/\/www.elementvape.de\/produkt\/joyetech-widewick-air-kit-800mah-batterie-2ml-patrone-pod-e-zigarette-mtl-vape\/#primaryimage","url":"https:\/\/ae01.alicdn.com\/kf\/S8ee476a92a1748cfb9dacb8ea9bcd541r\/Original-Joyetech-Widewick-Air-Kit-800mAh-Batterie-2ml-Patrone-Pod-1-2-Ohm-Vapor-izer-elektronische.jpg","contentUrl":"https:\/\/ae01.alicdn.com\/kf\/S8ee476a92a1748cfb9dacb8ea9bcd541r\/Original-Joyetech-Widewick-Air-Kit-800mAh-Batterie-2ml-Patrone-Pod-1-2-Ohm-Vapor-izer-elektronische.jpg","width":800,"height":800},{"@type":"BreadcrumbList","@id":"https:\/\/www.elementvape.de\/produkt\/joyetech-widewick-air-kit-800mah-batterie-2ml-patrone-pod-e-zigarette-mtl-vape\/#breadcrumb","itemListElement":[{"@type":"ListItem","position":1,"name":"Home","item":"https:\/\/www.elementvape.de\/"},{"@type":"ListItem","position":2,"name":"Shop","item":"https:\/\/www.elementvape.de\/shop\/"},{"@type":"ListItem","position":3,"name":"Joyetech Widewick Air Kit 800mAh Batterie 2ml Patrone Pod E-Zigarette mtl vape"}]},{"@type":"WebSite","@id":"https:\/\/www.elementvape.de\/#website","url":"https:\/\/www.elementvape.de\/","name":"ElementVape.de","description":"","publisher":{"@id":"https:\/\/www.elementvape.de\/#organization"},"potentialAction":[{"@type":"SearchAction","target":{"@type":"EntryPoint","urlTemplate":"https:\/\/www.elementvape.de\/?s={search_term_string}"},"query-input":"required name=search_term_string"}],"inLanguage":"it-IT"},{"@type":"Organization","@id":"https:\/\/www.elementvape.de\/#organization","name":"ElementVape.DE","url":"https:\/\/www.elementvape.de\/","logo":{"@type":"ImageObject","inLanguage":"it-IT","@id":"https:\/\/www.elementvape.de\/#\/schema\/logo\/image\/","url":"https:\/\/www.elementvape.de\/wp-content\/uploads\/2024\/09\/cropped-1elementvape-3.png","contentUrl":"https:\/\/www.elementvape.de\/wp-content\/uploads\/2024\/09\/cropped-1elementvape-3.png","width":285,"height":228,"caption":"ElementVape.DE"},"image":{"@id":"https:\/\/www.elementvape.de\/#\/schema\/logo\/image\/"}}]}},"_links":{"self":[{"href":"https:\/\/www.elementvape.de\/it\/wp-json\/wp\/v2\/product\/6978"}],"collection":[{"href":"https:\/\/www.elementvape.de\/it\/wp-json\/wp\/v2\/product"}],"about":[{"href":"https:\/\/www.elementvape.de\/it\/wp-json\/wp\/v2\/types\/product"}],"wp:featuredmedia":[{"embeddable":true,"href":"https:\/\/www.elementvape.de\/it\/wp-json\/wp\/v2\/media\/6980"}],"wp:attachment":[{"href":"https:\/\/www.elementvape.de\/it\/wp-json\/wp\/v2\/media?parent=6978"}],"wp:term":[{"taxonomy":"product_cat","embeddable":true,"href":"https:\/\/www.elementvape.de\/it\/wp-json\/wp\/v2\/product_cat?post=6978"},{"taxonomy":"product_tag","embeddable":true,"href":"https:\/\/www.elementvape.de\/it\/wp-json\/wp\/v2\/product_tag?post=6978"}],"curies":[{"name":"wp","href":"https:\/\/api.w.org\/{rel}","templated":true}]}}