{"id":6842,"date":"2024-04-20T03:48:34","date_gmt":"2024-04-20T03:48:34","guid":{"rendered":"https:\/\/www.elementvape.de\/?post_type=product&#038;p=6842"},"modified":"2024-12-12T06:37:33","modified_gmt":"2024-12-12T06:37:33","slug":"uwell-caliburn-g3-pod-kit-integrierter-spulen-patrone-e-zigaretten-verdampfer","status":"publish","type":"product","link":"https:\/\/www.elementvape.de\/it\/produkt\/uwell-caliburn-g3-pod-kit-integrierter-spulen-patrone-e-zigaretten-verdampfer\/","title":{"rendered":"uwell caliburn g3 kit pod con cartuccia integrata, sigaretta elettronica vaporizzatore"},"content":{"rendered":"<p>&nbsp;<\/p>\n<div class=\"product-specs-list-container\">\n<ul class=\"product-specs-list util-clearfix\">\n<li class=\"product-prop line-limit-length\"><span class=\"property-title\">Aspetto:\u00a0<\/span><span class=\"property-desc line-limit-length\">Forma della scatola<\/span><\/li>\n<li class=\"product-prop line-limit-length\"><span class=\"property-title\">Batteria compatibile:\u00a0<\/span><span class=\"property-desc line-limit-length\">Nessuno<\/span><\/li>\n<li class=\"product-prop line-limit-length\"><span class=\"property-title\">Funzione di monitoraggio del numero di fumate:\u00a0<\/span><span class=\"property-desc line-limit-length\">No<\/span><\/li>\n<li class=\"product-prop line-limit-length\"><span class=\"property-title\">Custodia in silicone:\u00a0<\/span><span class=\"property-desc line-limit-length\">No<\/span><\/li>\n<li class=\"product-prop line-limit-length\"><span class=\"property-title\">Regolazione della temperatura:\u00a0<\/span><span class=\"property-desc line-limit-length\">No<\/span><\/li>\n<li class=\"product-prop line-limit-length\"><span class=\"property-title\">Batteria integrata o esterna:\u00a0<\/span><span class=\"property-desc line-limit-length\">Integrata<\/span><\/li>\n<li class=\"product-prop line-limit-length\"><span class=\"property-title\">Funzione di protezione da cortocircuito:\u00a0<\/span><span class=\"property-desc line-limit-length\">Ja<\/span><\/li>\n<li class=\"product-prop line-limit-length\"><span class=\"property-title\">Funzione di protezione da surriscaldamento:\u00a0<\/span><span class=\"property-desc line-limit-length\">Ja<\/span><\/li>\n<li class=\"product-prop line-limit-length\"><span class=\"property-title\">Funzione di allarme a bassa tensione:\u00a0<\/span><span class=\"property-desc line-limit-length\">Ja<\/span><\/li>\n<li class=\"product-prop line-limit-length\"><span class=\"property-title\">Funzione di identificazione dello spruzzatore:\u00a0<\/span><span class=\"property-desc line-limit-length\">Ja<\/span><\/li>\n<li class=\"product-prop line-limit-length\"><span class=\"property-title\">Modalit\u00e0 di impostazione TCR:\u00a0<\/span><span class=\"property-desc line-limit-length\">No<\/span><\/li>\n<li class=\"product-prop line-limit-length\"><span class=\"property-title\">Capacit\u00e0 nominale:\u00a0<\/span><span class=\"property-desc line-limit-length\">900 mAh<\/span><\/li>\n<li class=\"product-prop line-limit-length\"><span class=\"property-title\">Materiale:\u00a0<\/span><span class=\"property-desc line-limit-length\">Metallo<\/span><\/li>\n<li class=\"product-prop line-limit-length\"><span class=\"property-title\">Modello compatibile:\u00a0<\/span><span class=\"property-desc line-limit-length\">Sigaretta Elettronica Penna Vape<\/span><\/li>\n<li class=\"product-prop line-limit-length\"><span class=\"property-title\">Numero di modello:\u00a0<\/span><span class=\"property-desc line-limit-length\">Kit a Pod Uwell Caliburn G3<\/span><\/li>\n<li class=\"product-prop line-limit-length\"><span class=\"property-title\">Caricatore USB:\u00a0<\/span><span class=\"property-desc line-limit-length\">Ja<\/span><\/li>\n<li class=\"product-prop line-limit-length\"><span class=\"property-title\">Aggiornamento del firmware:\u00a0<\/span><span class=\"property-desc line-limit-length\">No<\/span><\/li>\n<li class=\"product-prop line-limit-length\"><span class=\"property-title\">Display:\u00a0<\/span><span class=\"property-desc line-limit-length\">Ja<\/span><\/li>\n<li class=\"product-prop line-limit-length\"><span class=\"property-title\">Tipo:\u00a0<\/span><span class=\"property-desc line-limit-length\">Con Batteria<\/span><\/li>\n<li class=\"product-prop line-limit-length\"><span class=\"property-title\">Nome del marchio:\u00a0<\/span><span class=\"property-desc line-limit-length\">Custodia in silicone: No<\/span><\/li>\n<li class=\"product-prop line-limit-length\"><span class=\"property-title\">Origine:\u00a0<\/span><span class=\"property-desc line-limit-length\">CN (Origine)<\/span><\/li>\n<li class=\"product-prop line-limit-length\"><span class=\"property-title\">Dimensioni:\u00a0<\/span><span class=\"property-desc line-limit-length\">115,5 mm * 24 mm * 13,9 mm<\/span><\/li>\n<li class=\"product-prop line-limit-length\"><span class=\"property-title\">Materiali:\u00a0<\/span><span class=\"property-desc line-limit-length\">Cartuccia: PCTG \/ Dispositivo: Lega di Alluminio<\/span><\/li>\n<li class=\"product-prop line-limit-length\"><span class=\"property-title\">Capacit\u00e0 vuota del pod:\u00a0<\/span><span class=\"property-desc line-limit-length\">2,5 ml<\/span><\/li>\n<li class=\"product-prop line-limit-length\"><span class=\"property-title\">Potenza in uscita:\u00a0<\/span><span class=\"property-desc line-limit-length\">25W<\/span><\/li>\n<\/ul>\n<\/div>\n<div class=\"detailmodule_html\">\n<div class=\"detail-desc-decorate-richtext\">\n<div class=\"detailmodule_text\">\n<p id=\"tl_1\" class=\"detail-desc-decorate-title\" style=\"font-family: OpenSans; font-size: 20px; font-weight: 900; line-height: 28px; margin-bottom: 12px;\">Kit a pod originale Uwell Caliburn G3 25w vape batteria da 900mAh con cartuccia integrata da 2ml con coil elettronico sigarette vaporizzatore<\/p>\n<\/div>\n<div class=\"detailmodule_text\">\n<p id=\"tl_2\" class=\"detail-desc-decorate-title\" style=\"font-family: OpenSans; font-size: 20px; font-weight: 900; line-height: 28px; margin-bottom: 12px;\">Introduzione<\/p>\n<p id=\"tl_3\" class=\"detail-desc-decorate-content\" style=\"font-family: OpenSans; font-size: 14px; font-weight: 300; line-height: 20px; margin-bottom: 12px;\">Caliburn G3 \u00e8 il primo Caliburn della serie G, che supporta resistenze da 0,6 \u03a9, potenza massima di 25w per utenti RDL a base di nicotina e utenti MTL a nicotina salina sciolta. Un'opzione aggiuntiva da 0,9 \u03a9 \u00e8 disponibile per utenti MTL pi\u00f9 stretti di nicotina salina. La cartuccia con coil integrato garantisce un ambiente ermetico per una migliore resistenza alle perdite. Gli utenti non devono sostituire continuamente la coil o preoccuparsi di perdite di liquido, consentendo una vaporizzazione senza perdite, senza interruzioni e senza problemi. Questo \u00e8 il primo sistema a pod della serie Caliburn G con display OLED. Caliburn G3 ora include una modalit\u00e0 di blocco del pulsante di attivazione, auto-ispirazione attivata e disattivata. Caliburn G3 \u00e8 stato aggiornato con una capacit\u00e0 della batteria di 900 mAh rispetto al G2. Manteniamo ancora un meccanismo di costruzione a tripla parete per garantire la massima protezione di tutti i componenti interni.<\/p>\n<\/div>\n<div class=\"detailmodule_text\">\n<p id=\"tl_4\" class=\"detail-desc-decorate-title\" style=\"font-family: OpenSans; font-size: 20px; font-weight: 900; line-height: 28px; margin-bottom: 12px;\">Funzioni<\/p>\n<p id=\"tl_5\" class=\"detail-desc-decorate-content\" style=\"font-family: OpenSans; font-size: 14px; font-weight: 300; line-height: 20px; margin-bottom: 12px;\">1. sistema di doppio flusso d'aria<br \/>\nCapacit\u00e0 vuota della cartuccia da 2,2,5 ml<br \/>\n3. ampia visualizzazione chiara<br \/>\n4. ricarica rapida da 2,4<br \/>\n5. Tecnologia aromatica Pro-Focs<\/p>\n<\/div>\n<div class=\"detailmodule_text\">\n<p id=\"tl_6\" class=\"detail-desc-decorate-title\" style=\"font-family: OpenSans; font-size: 20px; font-weight: 900; line-height: 28px; margin-bottom: 12px;\">Specificazione<\/p>\n<p id=\"tl_7\" class=\"detail-desc-decorate-content\" style=\"font-family: OpenSans; font-size: 14px; font-weight: 300; line-height: 20px; margin-bottom: 12px;\">Materiale della cartuccia: PCTG | Dispositivo: Lega di Alluminio<br \/>\nDimensioni: 115,5 mm * 24 mm * 13,9 mm<br \/>\nPeso netto: 47g<br \/>\nCapacit\u00e0 vuota: 2,5 ml (int.\/fda) | 2 ml (tpd)<br \/>\nPotenza in uscita: massimo 25 w<br \/>\nSpecifiche delle cartucce (int.\/fda):<br \/>\nFecral meshato 0,6 \u03a9 cartuccia con coil integrato caliburn g3 (ricarica laterale)<br \/>\nFecral meshato 0,9 \u03a9 cartuccia con coil integrato caliburn g3 (ricarica laterale)<\/p>\n<\/div>\n<div class=\"detailmodule_text\">\n<p id=\"tl_8\" class=\"detail-desc-decorate-title\" style=\"font-family: OpenSans; font-size: 20px; font-weight: 900; line-height: 28px; margin-bottom: 12px;\">Batteria integrata o esterna: Integrata<\/p>\n<p id=\"tl_9\" class=\"detail-desc-decorate-content\" style=\"font-family: OpenSans; font-size: 14px; font-weight: 300; line-height: 20px; margin-bottom: 12px;\">Dispositivo Caliburn g3 x 1<br \/>\nCartuccia con coil integrato caliburn g3 0,6 Ohm (crc) x 1<br \/>\nCartuccia con coil integrato caliburn g3 0,9 Ohm (crc) x 1<br \/>\nCavo di ricarica Type-C x 1<br \/>\nLanyard x 1<br \/>\nManuale utente x 1<\/p>\n<\/div>\n<div class=\"detailmodule_image\"><img decoding=\"async\" loading=\"lazy\" class=\"detail-desc-decorate-image\" src=\"https:\/\/ae01.alicdn.com\/kf\/S3e344c679bec472e84f4b7f30e58f024N.jpg\" \/><br \/>\n<img decoding=\"async\" loading=\"lazy\" class=\"detail-desc-decorate-image\" src=\"https:\/\/ae01.alicdn.com\/kf\/S1ccf8a613f39427189884efbea4ac14dH.jpg\" \/><br \/>\n<img decoding=\"async\" loading=\"lazy\" class=\"detail-desc-decorate-image\" src=\"https:\/\/ae01.alicdn.com\/kf\/Sac1fa914729c43ab89ba1e379129d6c1d.jpg\" \/><br \/>\n<img decoding=\"async\" loading=\"lazy\" class=\"detail-desc-decorate-image\" src=\"https:\/\/ae01.alicdn.com\/kf\/S1f12568fb3a042b1916e804d01579a92G.jpg\" \/><br \/>\n<img decoding=\"async\" loading=\"lazy\" class=\"detail-desc-decorate-image\" src=\"https:\/\/ae01.alicdn.com\/kf\/Sfb6403ca0f3040e59bfa60bf54248a1fY.jpg\" \/><\/div>\n<p>&nbsp;<\/p>\n<\/div>\n<\/div>","protected":false},"excerpt":{"rendered":"<p>&nbsp; Aussehen:\u00a0Box Form Kompatibler Akku:\u00a0Kein \u00dcberwachung Funktion Von Rauchen Anzahl:\u00a0Nein Silikon Fall:\u00a0Nein Temperaturregelung:\u00a0Nein Eingebaute Oder Externe Batterie:\u00a0Eingebaute Kurzschlussschutz Funktion:\u00a0Ja \u00dcberhitzungsschutz-funktion:\u00a0Ja Niederspannungsalarmfunktion:\u00a0Ja Zerst\u00e4uber Identifikation Funktion:\u00a0Ja TCR Einstellung Modi:\u00a0Nein Nominale Kapazit\u00e4t:\u00a0900 mAh Material:\u00a0Metall Compatible Model:\u00a0Electronic Cigarette Vape Pen Modellnummer:\u00a0Uwell Caliburn G3 Pod Kit Usb-ladeger\u00e4t:\u00a0Ja Firmware-upgrade:\u00a0Nein Display:\u00a0Ja Art:\u00a0Mit Batterie Markenname:\u00a0UWELL Ursprung:\u00a0CN (Herkunft) Dimensions:\u00a0115.5 mm * 24 mm * [&hellip;]<\/p>","protected":false},"featured_media":6844,"template":"","meta":{"inline_featured_image":false},"product_cat":[752,756,739,743,76,79,81],"product_tag":[],"tiered_pricing_type":"fixed","tiered_pricing_fixed_rules":[],"tiered_pricing_percentage_rules":[],"tiered_pricing_minimum":1,"_administrator_tiered_pricing_type":"fixed","_administrator_tiered_pricing_fixed_rules":[],"_editor_tiered_pricing_type":"fixed","_editor_tiered_pricing_fixed_rules":[],"_author_tiered_pricing_type":"fixed","_author_tiered_pricing_fixed_rules":[],"_contributor_tiered_pricing_type":"fixed","_contributor_tiered_pricing_fixed_rules":[],"_subscriber_tiered_pricing_type":"fixed","_subscriber_tiered_pricing_fixed_rules":[],"_customer_tiered_pricing_type":"fixed","_customer_tiered_pricing_fixed_rules":[],"_shop_manager_tiered_pricing_type":"fixed","_shop_manager_tiered_pricing_fixed_rules":[],"_wpseo_manager_tiered_pricing_type":"fixed","_wpseo_manager_tiered_pricing_fixed_rules":[],"_wpseo_editor_tiered_pricing_type":"fixed","_wpseo_editor_tiered_pricing_fixed_rules":[],"_wholesale_customer_tiered_pricing_type":"fixed","_wholesale_customer_tiered_pricing_fixed_rules":[],"_marketer_tiered_pricing_type":"fixed","_marketer_tiered_pricing_fixed_rules":[],"_sales_manager_tiered_pricing_type":"fixed","_sales_manager_tiered_pricing_fixed_rules":[],"_sales_rep_tiered_pricing_type":"fixed","_sales_rep_tiered_pricing_fixed_rules":[],"yoast_head":"<!-- This site is optimized with the Yoast SEO plugin v23.3 - https:\/\/yoast.com\/wordpress\/plugins\/seo\/ -->\n<title>uwell caliburn g3 pod kit integrierter spulen patrone e zigaretten verdampfer | ElementVape.de<\/title>\n<meta name=\"description\" content=\"Wir bieten uwell caliburn g3 pod kit integrierter spulen patrone e zigaretten verdampfer , Elementvape.de akzeptieren Gro\u00df-und Einzelhandel Bestellungen.\" \/>\n<meta name=\"robots\" content=\"index, follow, max-snippet:-1, max-image-preview:large, max-video-preview:-1\" \/>\n<link rel=\"canonical\" href=\"https:\/\/www.elementvape.de\/it\/produkt\/uwell-caliburn-g3-pod-kit-integrierter-spulen-patrone-e-zigaretten-verdampfer\/\" \/>\n<meta property=\"og:locale\" content=\"it_IT\" \/>\n<meta property=\"og:type\" content=\"article\" \/>\n<meta property=\"og:title\" content=\"uwell caliburn g3 pod kit integrierter spulen patrone e zigaretten verdampfer | ElementVape.de\" \/>\n<meta property=\"og:description\" content=\"Wir bieten uwell caliburn g3 pod kit integrierter spulen patrone e zigaretten verdampfer , Elementvape.de akzeptieren Gro\u00df-und Einzelhandel Bestellungen.\" \/>\n<meta property=\"og:url\" content=\"https:\/\/www.elementvape.de\/it\/produkt\/uwell-caliburn-g3-pod-kit-integrierter-spulen-patrone-e-zigaretten-verdampfer\/\" \/>\n<meta property=\"og:site_name\" content=\"ElementVape.de\" \/>\n<meta property=\"article:modified_time\" content=\"2024-12-12T06:37:33+00:00\" \/>\n<meta property=\"og:image\" content=\"https:\/\/ae01.alicdn.com\/kf\/Sc4e57aa713344c9da3dd351c52d62bf83\/Neue-Farbe-original-uwell-caliburn-g3-pod-kit-25w-vape-900mah-batterie-mit-2-5-ml.jpg\" \/>\n\t<meta property=\"og:image:width\" content=\"800\" \/>\n\t<meta property=\"og:image:height\" content=\"800\" \/>\n\t<meta property=\"og:image:type\" content=\"image\/jpeg\" \/>\n<meta name=\"twitter:card\" content=\"summary_large_image\" \/>\n<meta name=\"twitter:label1\" content=\"Est. reading time\" \/>\n\t<meta name=\"twitter:data1\" content=\"4 minuti\" \/>\n<script type=\"application\/ld+json\" class=\"yoast-schema-graph\">{\"@context\":\"https:\/\/schema.org\",\"@graph\":[{\"@type\":\"WebPage\",\"@id\":\"https:\/\/www.elementvape.de\/produkt\/uwell-caliburn-g3-pod-kit-integrierter-spulen-patrone-e-zigaretten-verdampfer\/\",\"url\":\"https:\/\/www.elementvape.de\/produkt\/uwell-caliburn-g3-pod-kit-integrierter-spulen-patrone-e-zigaretten-verdampfer\/\",\"name\":\"uwell caliburn g3 pod kit integrierter spulen patrone e zigaretten verdampfer | ElementVape.de\",\"isPartOf\":{\"@id\":\"https:\/\/www.elementvape.de\/#website\"},\"primaryImageOfPage\":{\"@id\":\"https:\/\/www.elementvape.de\/produkt\/uwell-caliburn-g3-pod-kit-integrierter-spulen-patrone-e-zigaretten-verdampfer\/#primaryimage\"},\"image\":{\"@id\":\"https:\/\/www.elementvape.de\/produkt\/uwell-caliburn-g3-pod-kit-integrierter-spulen-patrone-e-zigaretten-verdampfer\/#primaryimage\"},\"thumbnailUrl\":\"https:\/\/ae01.alicdn.com\/kf\/Sc4e57aa713344c9da3dd351c52d62bf83\/Neue-Farbe-original-uwell-caliburn-g3-pod-kit-25w-vape-900mah-batterie-mit-2-5-ml.jpg\",\"datePublished\":\"2024-04-20T03:48:34+00:00\",\"dateModified\":\"2024-12-12T06:37:33+00:00\",\"description\":\"Wir bieten uwell caliburn g3 pod kit integrierter spulen patrone e zigaretten verdampfer , Elementvape.de akzeptieren Gro\u00df-und Einzelhandel Bestellungen.\",\"breadcrumb\":{\"@id\":\"https:\/\/www.elementvape.de\/produkt\/uwell-caliburn-g3-pod-kit-integrierter-spulen-patrone-e-zigaretten-verdampfer\/#breadcrumb\"},\"inLanguage\":\"it-IT\",\"potentialAction\":[{\"@type\":\"ReadAction\",\"target\":[\"https:\/\/www.elementvape.de\/produkt\/uwell-caliburn-g3-pod-kit-integrierter-spulen-patrone-e-zigaretten-verdampfer\/\"]}]},{\"@type\":\"ImageObject\",\"inLanguage\":\"it-IT\",\"@id\":\"https:\/\/www.elementvape.de\/produkt\/uwell-caliburn-g3-pod-kit-integrierter-spulen-patrone-e-zigaretten-verdampfer\/#primaryimage\",\"url\":\"https:\/\/ae01.alicdn.com\/kf\/Sc4e57aa713344c9da3dd351c52d62bf83\/Neue-Farbe-original-uwell-caliburn-g3-pod-kit-25w-vape-900mah-batterie-mit-2-5-ml.jpg\",\"contentUrl\":\"https:\/\/ae01.alicdn.com\/kf\/Sc4e57aa713344c9da3dd351c52d62bf83\/Neue-Farbe-original-uwell-caliburn-g3-pod-kit-25w-vape-900mah-batterie-mit-2-5-ml.jpg\",\"width\":800,\"height\":800},{\"@type\":\"BreadcrumbList\",\"@id\":\"https:\/\/www.elementvape.de\/produkt\/uwell-caliburn-g3-pod-kit-integrierter-spulen-patrone-e-zigaretten-verdampfer\/#breadcrumb\",\"itemListElement\":[{\"@type\":\"ListItem\",\"position\":1,\"name\":\"Home\",\"item\":\"https:\/\/www.elementvape.de\/\"},{\"@type\":\"ListItem\",\"position\":2,\"name\":\"Shop\",\"item\":\"https:\/\/www.elementvape.de\/shop\/\"},{\"@type\":\"ListItem\",\"position\":3,\"name\":\"uwell caliburn g3 pod kit integrierter spulen patrone e zigaretten verdampfer\"}]},{\"@type\":\"WebSite\",\"@id\":\"https:\/\/www.elementvape.de\/#website\",\"url\":\"https:\/\/www.elementvape.de\/\",\"name\":\"ElementVape.de\",\"description\":\"\",\"publisher\":{\"@id\":\"https:\/\/www.elementvape.de\/#organization\"},\"potentialAction\":[{\"@type\":\"SearchAction\",\"target\":{\"@type\":\"EntryPoint\",\"urlTemplate\":\"https:\/\/www.elementvape.de\/?s={search_term_string}\"},\"query-input\":\"required name=search_term_string\"}],\"inLanguage\":\"it-IT\"},{\"@type\":\"Organization\",\"@id\":\"https:\/\/www.elementvape.de\/#organization\",\"name\":\"ElementVape.DE\",\"url\":\"https:\/\/www.elementvape.de\/\",\"logo\":{\"@type\":\"ImageObject\",\"inLanguage\":\"it-IT\",\"@id\":\"https:\/\/www.elementvape.de\/#\/schema\/logo\/image\/\",\"url\":\"https:\/\/www.elementvape.de\/wp-content\/uploads\/2024\/09\/cropped-1elementvape-3.png\",\"contentUrl\":\"https:\/\/www.elementvape.de\/wp-content\/uploads\/2024\/09\/cropped-1elementvape-3.png\",\"width\":285,\"height\":228,\"caption\":\"ElementVape.DE\"},\"image\":{\"@id\":\"https:\/\/www.elementvape.de\/#\/schema\/logo\/image\/\"}}]}<\/script>\n<!-- \/ Yoast SEO plugin. -->","yoast_head_json":{"title":"uwell caliburn g3 pod kit integrierter spulen patrone e zigaretten verdampfer | ElementVape.de","description":"Wir bieten uwell caliburn g3 pod kit integrierter spulen patrone e zigaretten verdampfer , Elementvape.de akzeptieren Gro\u00df-und Einzelhandel Bestellungen.","robots":{"index":"index","follow":"follow","max-snippet":"max-snippet:-1","max-image-preview":"max-image-preview:large","max-video-preview":"max-video-preview:-1"},"canonical":"https:\/\/www.elementvape.de\/it\/produkt\/uwell-caliburn-g3-pod-kit-integrierter-spulen-patrone-e-zigaretten-verdampfer\/","og_locale":"it_IT","og_type":"article","og_title":"uwell caliburn g3 pod kit integrierter spulen patrone e zigaretten verdampfer | ElementVape.de","og_description":"Wir bieten uwell caliburn g3 pod kit integrierter spulen patrone e zigaretten verdampfer , Elementvape.de akzeptieren Gro\u00df-und Einzelhandel Bestellungen.","og_url":"https:\/\/www.elementvape.de\/it\/produkt\/uwell-caliburn-g3-pod-kit-integrierter-spulen-patrone-e-zigaretten-verdampfer\/","og_site_name":"ElementVape.de","article_modified_time":"2024-12-12T06:37:33+00:00","og_image":[{"width":800,"height":800,"url":"https:\/\/ae01.alicdn.com\/kf\/Sc4e57aa713344c9da3dd351c52d62bf83\/Neue-Farbe-original-uwell-caliburn-g3-pod-kit-25w-vape-900mah-batterie-mit-2-5-ml.jpg","type":"image\/jpeg"}],"twitter_card":"summary_large_image","twitter_misc":{"Est. reading time":"4 minuti"},"schema":{"@context":"https:\/\/schema.org","@graph":[{"@type":"WebPage","@id":"https:\/\/www.elementvape.de\/produkt\/uwell-caliburn-g3-pod-kit-integrierter-spulen-patrone-e-zigaretten-verdampfer\/","url":"https:\/\/www.elementvape.de\/produkt\/uwell-caliburn-g3-pod-kit-integrierter-spulen-patrone-e-zigaretten-verdampfer\/","name":"uwell caliburn g3 pod kit integrierter spulen patrone e zigaretten verdampfer | ElementVape.de","isPartOf":{"@id":"https:\/\/www.elementvape.de\/#website"},"primaryImageOfPage":{"@id":"https:\/\/www.elementvape.de\/produkt\/uwell-caliburn-g3-pod-kit-integrierter-spulen-patrone-e-zigaretten-verdampfer\/#primaryimage"},"image":{"@id":"https:\/\/www.elementvape.de\/produkt\/uwell-caliburn-g3-pod-kit-integrierter-spulen-patrone-e-zigaretten-verdampfer\/#primaryimage"},"thumbnailUrl":"https:\/\/ae01.alicdn.com\/kf\/Sc4e57aa713344c9da3dd351c52d62bf83\/Neue-Farbe-original-uwell-caliburn-g3-pod-kit-25w-vape-900mah-batterie-mit-2-5-ml.jpg","datePublished":"2024-04-20T03:48:34+00:00","dateModified":"2024-12-12T06:37:33+00:00","description":"Wir bieten uwell caliburn g3 pod kit integrierter spulen patrone e zigaretten verdampfer , Elementvape.de akzeptieren Gro\u00df-und Einzelhandel Bestellungen.","breadcrumb":{"@id":"https:\/\/www.elementvape.de\/produkt\/uwell-caliburn-g3-pod-kit-integrierter-spulen-patrone-e-zigaretten-verdampfer\/#breadcrumb"},"inLanguage":"it-IT","potentialAction":[{"@type":"ReadAction","target":["https:\/\/www.elementvape.de\/produkt\/uwell-caliburn-g3-pod-kit-integrierter-spulen-patrone-e-zigaretten-verdampfer\/"]}]},{"@type":"ImageObject","inLanguage":"it-IT","@id":"https:\/\/www.elementvape.de\/produkt\/uwell-caliburn-g3-pod-kit-integrierter-spulen-patrone-e-zigaretten-verdampfer\/#primaryimage","url":"https:\/\/ae01.alicdn.com\/kf\/Sc4e57aa713344c9da3dd351c52d62bf83\/Neue-Farbe-original-uwell-caliburn-g3-pod-kit-25w-vape-900mah-batterie-mit-2-5-ml.jpg","contentUrl":"https:\/\/ae01.alicdn.com\/kf\/Sc4e57aa713344c9da3dd351c52d62bf83\/Neue-Farbe-original-uwell-caliburn-g3-pod-kit-25w-vape-900mah-batterie-mit-2-5-ml.jpg","width":800,"height":800},{"@type":"BreadcrumbList","@id":"https:\/\/www.elementvape.de\/produkt\/uwell-caliburn-g3-pod-kit-integrierter-spulen-patrone-e-zigaretten-verdampfer\/#breadcrumb","itemListElement":[{"@type":"ListItem","position":1,"name":"Home","item":"https:\/\/www.elementvape.de\/"},{"@type":"ListItem","position":2,"name":"Shop","item":"https:\/\/www.elementvape.de\/shop\/"},{"@type":"ListItem","position":3,"name":"uwell caliburn g3 pod kit integrierter spulen patrone e zigaretten verdampfer"}]},{"@type":"WebSite","@id":"https:\/\/www.elementvape.de\/#website","url":"https:\/\/www.elementvape.de\/","name":"ElementVape.de","description":"","publisher":{"@id":"https:\/\/www.elementvape.de\/#organization"},"potentialAction":[{"@type":"SearchAction","target":{"@type":"EntryPoint","urlTemplate":"https:\/\/www.elementvape.de\/?s={search_term_string}"},"query-input":"required name=search_term_string"}],"inLanguage":"it-IT"},{"@type":"Organization","@id":"https:\/\/www.elementvape.de\/#organization","name":"ElementVape.DE","url":"https:\/\/www.elementvape.de\/","logo":{"@type":"ImageObject","inLanguage":"it-IT","@id":"https:\/\/www.elementvape.de\/#\/schema\/logo\/image\/","url":"https:\/\/www.elementvape.de\/wp-content\/uploads\/2024\/09\/cropped-1elementvape-3.png","contentUrl":"https:\/\/www.elementvape.de\/wp-content\/uploads\/2024\/09\/cropped-1elementvape-3.png","width":285,"height":228,"caption":"ElementVape.DE"},"image":{"@id":"https:\/\/www.elementvape.de\/#\/schema\/logo\/image\/"}}]}},"_links":{"self":[{"href":"https:\/\/www.elementvape.de\/it\/wp-json\/wp\/v2\/product\/6842"}],"collection":[{"href":"https:\/\/www.elementvape.de\/it\/wp-json\/wp\/v2\/product"}],"about":[{"href":"https:\/\/www.elementvape.de\/it\/wp-json\/wp\/v2\/types\/product"}],"wp:featuredmedia":[{"embeddable":true,"href":"https:\/\/www.elementvape.de\/it\/wp-json\/wp\/v2\/media\/6844"}],"wp:attachment":[{"href":"https:\/\/www.elementvape.de\/it\/wp-json\/wp\/v2\/media?parent=6842"}],"wp:term":[{"taxonomy":"product_cat","embeddable":true,"href":"https:\/\/www.elementvape.de\/it\/wp-json\/wp\/v2\/product_cat?post=6842"},{"taxonomy":"product_tag","embeddable":true,"href":"https:\/\/www.elementvape.de\/it\/wp-json\/wp\/v2\/product_tag?post=6842"}],"curies":[{"name":"wp","href":"https:\/\/api.w.org\/{rel}","templated":true}]}}