{"id":6783,"date":"2024-04-20T03:34:47","date_gmt":"2024-04-20T03:34:47","guid":{"rendered":"https:\/\/www.elementvape.de\/?post_type=product&#038;p=6783"},"modified":"2024-09-12T10:34:36","modified_gmt":"2024-09-12T10:34:36","slug":"vape-elektronische-zigarette-waerme-nicht-brennen-geladen-e-cig-vape","status":"publish","type":"product","link":"https:\/\/www.elementvape.de\/it\/produkt\/vape-elektronische-zigarette-waerme-nicht-brennen-geladen-e-cig-vape\/","title":{"rendered":"Sigaretta elettronica Vape Riscaldamento Non bruciare Caricato E-cig Vape Adatto"},"content":{"rendered":"<p>&nbsp;<\/p>\n<div class=\"product-specs-list-container\">\n<ul class=\"product-specs-list util-clearfix\">\n<li class=\"product-prop line-limit-length\"><span class=\"property-title\">Aspetto:\u00a0<\/span><span class=\"property-desc line-limit-length\">Forma cilindrica<\/span><\/li>\n<li class=\"product-prop line-limit-length\"><span class=\"property-title\">Batteria compatibile:\u00a0<\/span><span class=\"property-desc line-limit-length\">18350<\/span><\/li>\n<li class=\"product-prop line-limit-length\"><span class=\"property-title\">Funzione di monitoraggio del numero di fumate:\u00a0<\/span><span class=\"property-desc line-limit-length\">No<\/span><\/li>\n<li class=\"product-prop line-limit-length\"><span class=\"property-title\">Custodia in silicone:\u00a0<\/span><span class=\"property-desc line-limit-length\">No<\/span><\/li>\n<li class=\"product-prop line-limit-length\"><span class=\"property-title\">Regolazione della temperatura:\u00a0<\/span><span class=\"property-desc line-limit-length\">Ja<\/span><\/li>\n<li class=\"product-prop line-limit-length\"><span class=\"property-title\">Batteria integrata o esterna:\u00a0<\/span><span class=\"property-desc line-limit-length\">Integrata<\/span><\/li>\n<li class=\"product-prop line-limit-length\"><span class=\"property-title\">Funzione di protezione da cortocircuito:\u00a0<\/span><span class=\"property-desc line-limit-length\">Ja<\/span><\/li>\n<li class=\"product-prop line-limit-length\"><span class=\"property-title\">Funzione di protezione da surriscaldamento:\u00a0<\/span><span class=\"property-desc line-limit-length\">Ja<\/span><\/li>\n<li class=\"product-prop line-limit-length\"><span class=\"property-title\">Funzione di allarme a bassa tensione:\u00a0<\/span><span class=\"property-desc line-limit-length\">Ja<\/span><\/li>\n<li class=\"product-prop line-limit-length\"><span class=\"property-title\">Funzione di identificazione dello spruzzatore:\u00a0<\/span><span class=\"property-desc line-limit-length\">Ja<\/span><\/li>\n<li class=\"product-prop line-limit-length\"><span class=\"property-title\">Modalit\u00e0 di impostazione TCR:\u00a0<\/span><span class=\"property-desc line-limit-length\">No<\/span><\/li>\n<li class=\"product-prop line-limit-length\"><span class=\"property-title\">Capacit\u00e0 nominale:\u00a0<\/span><span class=\"property-desc line-limit-length\">2200mAh<\/span><\/li>\n<li class=\"product-prop line-limit-length\"><span class=\"property-title\">Materiale:\u00a0<\/span><span class=\"property-desc line-limit-length\">Metallo<\/span><\/li>\n<li class=\"product-prop line-limit-length\"><span class=\"property-title\">Modello compatibile:\u00a0<\/span><span class=\"property-desc line-limit-length\">kit vape YD 618 sabbia<\/span><\/li>\n<li class=\"product-prop line-limit-length\"><span class=\"property-title\">Numero di modello:\u00a0<\/span><span class=\"property-desc line-limit-length\">kit vape YD 618 sabbia<\/span><\/li>\n<li class=\"product-prop line-limit-length\"><span class=\"property-title\">Caricatore USB:\u00a0<\/span><span class=\"property-desc line-limit-length\">Ja<\/span><\/li>\n<li class=\"product-prop line-limit-length\"><span class=\"property-title\">Aggiornamento del firmware:\u00a0<\/span><span class=\"property-desc line-limit-length\">No<\/span><\/li>\n<li class=\"product-prop line-limit-length\"><span class=\"property-title\">Display:\u00a0<\/span><span class=\"property-desc line-limit-length\">Ja<\/span><\/li>\n<li class=\"product-prop line-limit-length\"><span class=\"property-title\">Tipo:\u00a0<\/span><span class=\"property-desc line-limit-length\">Con Batteria<\/span><\/li>\n<li class=\"product-prop line-limit-length\"><span class=\"property-title\">Nome del marchio:\u00a0<\/span><span class=\"property-desc line-limit-length\">SOTTO DUE<\/span><\/li>\n<li class=\"product-prop line-limit-length\"><span class=\"property-title\">Origine:\u00a0<\/span><span class=\"property-desc line-limit-length\">CN (Origine)<\/span><\/li>\n<li class=\"product-prop line-limit-length\"><span class=\"property-title\">per:\u00a0<\/span><span class=\"property-desc line-limit-length\">stick iqos<\/span><\/li>\n<li class=\"product-prop line-limit-length\"><span class=\"property-title\">Riscaldamento e sigarette elettroniche:\u00a0<\/span><span class=\"property-desc line-limit-length\">kit vape<\/span><\/li>\n<\/ul>\n<\/div>\n<div class=\"detailmodule_html\">\n<div class=\"detail-desc-decorate-richtext\">\n<div><\/div>\n<div><\/div>\n<div>\n<div>\n<div>\n<p id=\"tl_1\" class=\"detail-desc-decorate-title\" style=\"font-family: OpenSans; font-size: 20px; font-weight: 900; line-height: 28px; margin-bottom: 12px;\">Kit Vape autentico Riscalda senza bruciare, carica sigaretta elettronica Vaper adatto per iqos stick Heets sticks dispositivo vs Tabo 1, sono ancora<\/p>\n<p id=\"tl_2\" class=\"detail-desc-decorate-content\" style=\"font-family: OpenSans; font-size: 14px; font-weight: 300; line-height: 20px; margin-bottom: 12px;\"><img decoding=\"async\" loading=\"lazy\" src=\"https:\/\/ae01.alicdn.com\/kf\/S6c69382fb7b2406cac7c10922ea0360d8.jpg?width=3653&amp;height=300&amp;hash=3953\" \/><\/p>\n<p>1,1 Inserisci la bomba di fumo nel portellone (inserisci la bomba di fumo fino in fondo). Quando il riscaldamento \u00e8 completo, tieni la bocchetta di aspirazione della bomba di fumo e rimuovila direttamente a sinistra e a destra, come mostrato nell'immagine a destra. Lo scopo della rotazione \u00e8 rilassare la bomba di fumo e la resistenza di riscaldamento, in modo che tutta la bomba di fumo usata possa essere rimossa senza residui di macchie.<br \/>\n1,2 Premi il pulsante di accensione\/spegnimento per 3 secondi per avviare o spegnere la macchina. Premi il pulsante per 3 secondi per vibrare. Dopo che la luce lampeggia 8 volte, si accende la luce per un lungo periodo e entra in modalit\u00e0 operativa di vaporizzazione. Dopo 4 minuti, la vibrazione ricorder\u00e0. La spia lampeggia 20 volte e si spegne automaticamente. Il tempo totale di riscaldamento \u00e8 di 4 minuti e 30 secondi. Premi una volta il pulsante di accensione\/spegnimento per verificare l'alimentazione tramite lo schermo LCD.<br \/>\n1,3 Indicatore luminoso di segnale (la spia di controllo lampeggia durante la ricarica, lampeggia se l'energia non \u00e8 disponibile e si spegne quando \u00e8 completamente carica).<br \/>\nR 1,4 Tasto di regolazione della temperatura + (quando il riscaldamento entra in modalit\u00e0 operativa, premi il tasto \u201c+\u201d per aumentare la temperatura. Ogni volta che la temperatura aumenta di un grado, il simbolo della temperatura sullo schermo cambia rapidamente e aumenta nel tempo. La temperatura massima pu\u00f2 essere impostata a 360 gradi. Questo tasto pu\u00f2 essere usato solo per regolare la temperatura all'avvio della macchina e all'inizio del vaporizzatore).<br \/>\n1,5 Tasto di regolazione della temperatura - (premi il tasto \u201c-\u201d quando il riscaldamento entra in modalit\u00e0 operativa, e la temperatura diminuisce di un grado ogni volta, e il simbolo della temperatura sullo schermo cambia rapidamente nel tempo, e la temperatura minima pu\u00f2 essere impostata a 300 gradi. Questo tasto pu\u00f2 essere usato solo quando la macchina \u00e8 in funzione e il vaporizzatore \u00e8 attivato).<br \/>\n1,6 Porta di ricarica Micro-USB (si prega di selezionare una corrente di ricarica superiore a 1,5 A) o il tempo di ricarica sar\u00e0 accorciato.<br \/>\n1,7 Schermo LCD (visualizzazione della temperatura e della corrente, stato predefinito in gradi, regola la temperatura con il tasto \u201c-\u201d, in modo che i consumatori possano adattarsi alle abitudini di vaporizzazione e ottenere il gusto ideale. Pi\u00f9 alta \u00e8 la temperatura, maggiore \u00e8 la quantit\u00e0 di vapore, se manca energia, il carattere di corrente e la spia lampeggiano velocemente e indicano che si desidera ricaricare).<br \/>\n1,8 Copertura di protezione della camera di vaporizzazione (tieni la sigaretta con il pollice e premi leggermente verso l'alto, pu\u00f2 aprirsi automaticamente di 90 gradi, come mostrato nell'immagine corretta: \u00e8 comodo per pulire la resistenza di riscaldamento e la camera di vaporizzazione integrata. Per motivi di sicurezza, \u00e8 vietato aprire la copertura di protezione durante il funzionamento del vaporizzatore, e ci sono pi\u00f9 di 300 resistori ad alta temperatura all'interno, per evitare di ferire le persone. Aprilo solo quando \u00e8 freddo per la pulizia).<br \/>\n1,9 Materiale speciale in Peek ad alta temperatura utilizzato per la camera di vaporizzazione (dopo aver estratto la bomba di fumo usata, ci sono residui di fumo nella camera di vaporizzazione, apri la copertura di protezione e pulisci la camera con una spazzola).<br \/>\n2,0 Resistenza di riscaldamento (costituita da materiale ceramico in ossido di alluminio e raggiunge oltre 300 gradi durante il riscaldamento. \u00c8 vietato aprire la copertura di protezione della camera di vaporizzazione durante il riscaldamento, e vietato strofinare o collidere con oggetti appuntiti per evitare danni).<\/p>\n<p>Peso totale 95g<\/p>\n<p>Modalit\u00e0 di ricarica Micro USB<br \/>\nTensione di ingresso 5V\/1,2 A<br \/>\nTempo di ricarica 2,5 h<br \/>\nTensione di uscita 3,4-4,2 V<br \/>\nFunzioni di protezione: protezione da cortocircuito, protezione da sovraccarico, protezione da scarica eccessiva, protezione da bassa tensione, protezione termica<br \/>\nCapacit\u00e0 della batteria 2000 mAh<br \/>\n20-25 sigarette<br \/>\nRegolazione della temperatura costante del cilindro di riscaldamento<br \/>\nAssicurazione di qualit\u00e0 IV<br \/>\n1. Il periodo di garanzia di questo prodotto \u00e8 di 90 giorni<br \/>\n2. Si prega di non utilizzare questo prodotto vicino a materiali infiammabili, liquidi o gas.<br \/>\nIl danno causato dall'uso improprio sopra descritto non \u00e8 coperto dalla garanzia.<br \/>\n5. Precauzioni di sicurezza<br \/>\n1. Si prega di non tentare di rimuovere il circuito elettronico della sigaretta, di manutenere o sostituire le componenti e le batterie di questo prodotto, poich\u00e9 ci\u00f2 pu\u00f2 causare lesioni.<br \/>\n2. \u00c8 vietato far cadere la sigaretta elettronica a piacimento, e il guscio interno non deve infiltrarsi acqua. Questo prodotto non \u00e8 impermeabile.<br \/>\n3. Non utilizzare una fonte di alimentazione superiore a DC 5,3 V per caricare la porta USB della sigaretta elettronica. Non lasciare il dispositivo in carica all'aperto. Pulire e asciugare correttamente.<br \/>\nDopo l'allarme di bassa tensione del corpo della batteria, si prega di ricaricarlo tempestivamente per evitare danni a lungo termine alla memoria e alla batteria a causa di scarica eccessiva.<br \/>\nTenere lontano da bambini, donne in gravidanza e pazienti.<br \/>\n<img decoding=\"async\" loading=\"lazy\" src=\"https:\/\/ae01.alicdn.com\/kf\/S540f89946c2343648843441d797961ea9.jpg?width=3653&amp;height=300&amp;hash=3953\" \/><\/p>\n<\/div>\n<div><img decoding=\"async\" loading=\"lazy\" class=\"detail-desc-decorate-image\" style=\"margin-bottom: 10px;\" src=\"https:\/\/ae01.alicdn.com\/kf\/H15eee1a2b686438896276df8dab9afc6J.jpg\" \/><br \/>\n<img decoding=\"async\" loading=\"lazy\" class=\"detail-desc-decorate-image\" style=\"margin-bottom: 10px;\" src=\"https:\/\/ae01.alicdn.com\/kf\/H3708679e28634749bd29464760e25277y.jpg\" \/><br \/>\n<img decoding=\"async\" loading=\"lazy\" class=\"detail-desc-decorate-image\" style=\"margin-bottom: 10px;\" src=\"https:\/\/ae01.alicdn.com\/kf\/Hba64457540ec404c88e3dcb91a0a22e93.jpg\" \/><br \/>\n<img decoding=\"async\" loading=\"lazy\" class=\"detail-desc-decorate-image\" style=\"margin-bottom: 10px;\" src=\"https:\/\/ae01.alicdn.com\/kf\/H3e7fd12d2bdc4cd7ba63304a47aa1575w.jpg\" \/><br \/>\n<img decoding=\"async\" loading=\"lazy\" class=\"detail-desc-decorate-image\" style=\"margin-bottom: 10px;\" src=\"https:\/\/ae01.alicdn.com\/kf\/Hed11a67f912b403180ec46a24f67ab4dR.jpg\" \/><br \/>\n<img decoding=\"async\" loading=\"lazy\" class=\"detail-desc-decorate-image\" style=\"margin-bottom: 10px;\" src=\"https:\/\/ae01.alicdn.com\/kf\/H430ecf857458408cb53a387c701ff8f50.jpg\" \/><br \/>\n<img decoding=\"async\" loading=\"lazy\" class=\"detail-desc-decorate-image\" style=\"margin-bottom: 10px;\" src=\"https:\/\/ae01.alicdn.com\/kf\/H5656887ac0404364a529307ec86aba09G.jpg\" \/><br \/>\n<img decoding=\"async\" loading=\"lazy\" class=\"detail-desc-decorate-image\" style=\"margin-bottom: 10px;\" src=\"https:\/\/ae01.alicdn.com\/kf\/H2e5e104bff7a4ff881548abe945ac678i.jpg\" \/><\/div>\n<\/div>\n<\/div>\n<div>\n<p><img decoding=\"async\" loading=\"lazy\" src=\"https:\/\/ae01.alicdn.com\/kf\/S8c0e8e04080f4e7287b59bcfc6289826f.jpg?width=909&amp;height=1286&amp;hash=2195\" \/><\/p>\n<\/div>\n<p>&nbsp;<\/p>\n<\/div>\n<\/div>","protected":false},"excerpt":{"rendered":"<p>&nbsp; Aussehen:\u00a0Zylindrische Form Kompatibler Akku:\u00a018350 \u00dcberwachung Funktion Von Rauchen Anzahl:\u00a0Nein Silikon Fall:\u00a0Nein Temperaturregelung:\u00a0Ja Eingebaute Oder Externe Batterie:\u00a0Eingebaute Kurzschlussschutz Funktion:\u00a0Ja \u00dcberhitzungsschutz-funktion:\u00a0Ja Niederspannungsalarmfunktion:\u00a0Ja Zerst\u00e4uber Identifikation Funktion:\u00a0Ja TCR Einstellung Modi:\u00a0Nein Nominale Kapazit\u00e4t:\u00a02200mAh Material:\u00a0Metall Compatible Model:\u00a0sandy YD 618 vape kit Modellnummer:\u00a0sandy YD 618 vape kit Usb-ladeger\u00e4t:\u00a0Ja Firmware-upgrade:\u00a0Nein Display:\u00a0Ja Art:\u00a0Mit Batterie Markenname:\u00a0SUB TWO Ursprung:\u00a0CN (Herkunft) for:\u00a0iqos stick Heating e cigarettes:\u00a0vape [&hellip;]<\/p>","protected":false},"featured_media":6784,"template":"","meta":{"inline_featured_image":false},"product_cat":[752,756,739,743,79],"product_tag":[],"tiered_pricing_type":"fixed","tiered_pricing_fixed_rules":[],"tiered_pricing_percentage_rules":[],"tiered_pricing_minimum":1,"_administrator_tiered_pricing_type":"fixed","_administrator_tiered_pricing_fixed_rules":[],"_editor_tiered_pricing_type":"fixed","_editor_tiered_pricing_fixed_rules":[],"_author_tiered_pricing_type":"fixed","_author_tiered_pricing_fixed_rules":[],"_contributor_tiered_pricing_type":"fixed","_contributor_tiered_pricing_fixed_rules":[],"_subscriber_tiered_pricing_type":"fixed","_subscriber_tiered_pricing_fixed_rules":[],"_customer_tiered_pricing_type":"fixed","_customer_tiered_pricing_fixed_rules":[],"_shop_manager_tiered_pricing_type":"fixed","_shop_manager_tiered_pricing_fixed_rules":[],"_wpseo_manager_tiered_pricing_type":"fixed","_wpseo_manager_tiered_pricing_fixed_rules":[],"_wpseo_editor_tiered_pricing_type":"fixed","_wpseo_editor_tiered_pricing_fixed_rules":[],"_wholesale_customer_tiered_pricing_type":"fixed","_wholesale_customer_tiered_pricing_fixed_rules":[],"_marketer_tiered_pricing_type":"fixed","_marketer_tiered_pricing_fixed_rules":[],"_sales_manager_tiered_pricing_type":"fixed","_sales_manager_tiered_pricing_fixed_rules":[],"_sales_rep_tiered_pricing_type":"fixed","_sales_rep_tiered_pricing_fixed_rules":[],"yoast_head":"<!-- This site is optimized with the Yoast SEO plugin v23.3 - https:\/\/yoast.com\/wordpress\/plugins\/seo\/ -->\n<title>Vape Elektronische Zigarette W\u00e4rme Nicht Brennen Geladen E-cig Vape Geeignet | ElementVape.de<\/title>\n<meta name=\"description\" content=\"Wir bieten Vape Elektronische Zigarette W\u00e4rme Nicht Brennen Geladen E-cig Vape Geeignet , Elementvape.de akzeptieren Gro\u00df-und Einzelhandel Bestellungen.\" \/>\n<meta name=\"robots\" content=\"index, follow, max-snippet:-1, max-image-preview:large, max-video-preview:-1\" \/>\n<link rel=\"canonical\" href=\"https:\/\/www.elementvape.de\/it\/produkt\/vape-elektronische-zigarette-waerme-nicht-brennen-geladen-e-cig-vape\/\" \/>\n<meta property=\"og:locale\" content=\"it_IT\" \/>\n<meta property=\"og:type\" content=\"article\" \/>\n<meta property=\"og:title\" content=\"Vape Elektronische Zigarette W\u00e4rme Nicht Brennen Geladen E-cig Vape Geeignet | ElementVape.de\" \/>\n<meta property=\"og:description\" content=\"Wir bieten Vape Elektronische Zigarette W\u00e4rme Nicht Brennen Geladen E-cig Vape Geeignet , Elementvape.de akzeptieren Gro\u00df-und Einzelhandel Bestellungen.\" \/>\n<meta property=\"og:url\" content=\"https:\/\/www.elementvape.de\/it\/produkt\/vape-elektronische-zigarette-waerme-nicht-brennen-geladen-e-cig-vape\/\" \/>\n<meta property=\"og:site_name\" content=\"ElementVape.de\" \/>\n<meta property=\"article:modified_time\" content=\"2024-09-12T10:34:36+00:00\" \/>\n<meta property=\"og:image\" content=\"https:\/\/ae01.alicdn.com\/kf\/Sc3611a0fe4ab4a4e9b71bf86ee986bf6M\/Vape-Elektronische-Zigarette-W-rme-Nicht-Brennen-Geladen-E-cig-Vape-Geeignet-f-r-IQO-Stick.jpg\" \/>\n\t<meta property=\"og:image:width\" content=\"800\" \/>\n\t<meta property=\"og:image:height\" content=\"800\" \/>\n\t<meta property=\"og:image:type\" content=\"image\/jpeg\" \/>\n<meta name=\"twitter:card\" content=\"summary_large_image\" \/>\n<meta name=\"twitter:label1\" content=\"Est. reading time\" \/>\n\t<meta name=\"twitter:data1\" content=\"8 minuti\" \/>\n<script type=\"application\/ld+json\" class=\"yoast-schema-graph\">{\"@context\":\"https:\/\/schema.org\",\"@graph\":[{\"@type\":\"WebPage\",\"@id\":\"https:\/\/www.elementvape.de\/produkt\/vape-elektronische-zigarette-waerme-nicht-brennen-geladen-e-cig-vape\/\",\"url\":\"https:\/\/www.elementvape.de\/produkt\/vape-elektronische-zigarette-waerme-nicht-brennen-geladen-e-cig-vape\/\",\"name\":\"Vape Elektronische Zigarette W\u00e4rme Nicht Brennen Geladen E-cig Vape Geeignet | ElementVape.de\",\"isPartOf\":{\"@id\":\"https:\/\/www.elementvape.de\/#website\"},\"primaryImageOfPage\":{\"@id\":\"https:\/\/www.elementvape.de\/produkt\/vape-elektronische-zigarette-waerme-nicht-brennen-geladen-e-cig-vape\/#primaryimage\"},\"image\":{\"@id\":\"https:\/\/www.elementvape.de\/produkt\/vape-elektronische-zigarette-waerme-nicht-brennen-geladen-e-cig-vape\/#primaryimage\"},\"thumbnailUrl\":\"https:\/\/ae01.alicdn.com\/kf\/Sc3611a0fe4ab4a4e9b71bf86ee986bf6M\/Vape-Elektronische-Zigarette-W-rme-Nicht-Brennen-Geladen-E-cig-Vape-Geeignet-f-r-IQO-Stick.jpg\",\"datePublished\":\"2024-04-20T03:34:47+00:00\",\"dateModified\":\"2024-09-12T10:34:36+00:00\",\"description\":\"Wir bieten Vape Elektronische Zigarette W\u00e4rme Nicht Brennen Geladen E-cig Vape Geeignet , Elementvape.de akzeptieren Gro\u00df-und Einzelhandel Bestellungen.\",\"breadcrumb\":{\"@id\":\"https:\/\/www.elementvape.de\/produkt\/vape-elektronische-zigarette-waerme-nicht-brennen-geladen-e-cig-vape\/#breadcrumb\"},\"inLanguage\":\"it-IT\",\"potentialAction\":[{\"@type\":\"ReadAction\",\"target\":[\"https:\/\/www.elementvape.de\/produkt\/vape-elektronische-zigarette-waerme-nicht-brennen-geladen-e-cig-vape\/\"]}]},{\"@type\":\"ImageObject\",\"inLanguage\":\"it-IT\",\"@id\":\"https:\/\/www.elementvape.de\/produkt\/vape-elektronische-zigarette-waerme-nicht-brennen-geladen-e-cig-vape\/#primaryimage\",\"url\":\"https:\/\/ae01.alicdn.com\/kf\/Sc3611a0fe4ab4a4e9b71bf86ee986bf6M\/Vape-Elektronische-Zigarette-W-rme-Nicht-Brennen-Geladen-E-cig-Vape-Geeignet-f-r-IQO-Stick.jpg\",\"contentUrl\":\"https:\/\/ae01.alicdn.com\/kf\/Sc3611a0fe4ab4a4e9b71bf86ee986bf6M\/Vape-Elektronische-Zigarette-W-rme-Nicht-Brennen-Geladen-E-cig-Vape-Geeignet-f-r-IQO-Stick.jpg\",\"width\":800,\"height\":800},{\"@type\":\"BreadcrumbList\",\"@id\":\"https:\/\/www.elementvape.de\/produkt\/vape-elektronische-zigarette-waerme-nicht-brennen-geladen-e-cig-vape\/#breadcrumb\",\"itemListElement\":[{\"@type\":\"ListItem\",\"position\":1,\"name\":\"Home\",\"item\":\"https:\/\/www.elementvape.de\/\"},{\"@type\":\"ListItem\",\"position\":2,\"name\":\"Shop\",\"item\":\"https:\/\/www.elementvape.de\/shop\/\"},{\"@type\":\"ListItem\",\"position\":3,\"name\":\"Vape Elektronische Zigarette W\u00e4rme Nicht Brennen Geladen E-cig Vape Geeignet\"}]},{\"@type\":\"WebSite\",\"@id\":\"https:\/\/www.elementvape.de\/#website\",\"url\":\"https:\/\/www.elementvape.de\/\",\"name\":\"ElementVape.de\",\"description\":\"\",\"publisher\":{\"@id\":\"https:\/\/www.elementvape.de\/#organization\"},\"potentialAction\":[{\"@type\":\"SearchAction\",\"target\":{\"@type\":\"EntryPoint\",\"urlTemplate\":\"https:\/\/www.elementvape.de\/?s={search_term_string}\"},\"query-input\":\"required name=search_term_string\"}],\"inLanguage\":\"it-IT\"},{\"@type\":\"Organization\",\"@id\":\"https:\/\/www.elementvape.de\/#organization\",\"name\":\"ElementVape.DE\",\"url\":\"https:\/\/www.elementvape.de\/\",\"logo\":{\"@type\":\"ImageObject\",\"inLanguage\":\"it-IT\",\"@id\":\"https:\/\/www.elementvape.de\/#\/schema\/logo\/image\/\",\"url\":\"https:\/\/www.elementvape.de\/wp-content\/uploads\/2024\/09\/cropped-1elementvape-3.png\",\"contentUrl\":\"https:\/\/www.elementvape.de\/wp-content\/uploads\/2024\/09\/cropped-1elementvape-3.png\",\"width\":285,\"height\":228,\"caption\":\"ElementVape.DE\"},\"image\":{\"@id\":\"https:\/\/www.elementvape.de\/#\/schema\/logo\/image\/\"}}]}<\/script>\n<!-- \/ Yoast SEO plugin. -->","yoast_head_json":{"title":"Vape Elektronische Zigarette W\u00e4rme Nicht Brennen Geladen E-cig Vape Geeignet | ElementVape.de","description":"Wir bieten Vape Elektronische Zigarette W\u00e4rme Nicht Brennen Geladen E-cig Vape Geeignet , Elementvape.de akzeptieren Gro\u00df-und Einzelhandel Bestellungen.","robots":{"index":"index","follow":"follow","max-snippet":"max-snippet:-1","max-image-preview":"max-image-preview:large","max-video-preview":"max-video-preview:-1"},"canonical":"https:\/\/www.elementvape.de\/it\/produkt\/vape-elektronische-zigarette-waerme-nicht-brennen-geladen-e-cig-vape\/","og_locale":"it_IT","og_type":"article","og_title":"Vape Elektronische Zigarette W\u00e4rme Nicht Brennen Geladen E-cig Vape Geeignet | ElementVape.de","og_description":"Wir bieten Vape Elektronische Zigarette W\u00e4rme Nicht Brennen Geladen E-cig Vape Geeignet , Elementvape.de akzeptieren Gro\u00df-und Einzelhandel Bestellungen.","og_url":"https:\/\/www.elementvape.de\/it\/produkt\/vape-elektronische-zigarette-waerme-nicht-brennen-geladen-e-cig-vape\/","og_site_name":"ElementVape.de","article_modified_time":"2024-09-12T10:34:36+00:00","og_image":[{"width":800,"height":800,"url":"https:\/\/ae01.alicdn.com\/kf\/Sc3611a0fe4ab4a4e9b71bf86ee986bf6M\/Vape-Elektronische-Zigarette-W-rme-Nicht-Brennen-Geladen-E-cig-Vape-Geeignet-f-r-IQO-Stick.jpg","type":"image\/jpeg"}],"twitter_card":"summary_large_image","twitter_misc":{"Est. reading time":"8 minuti"},"schema":{"@context":"https:\/\/schema.org","@graph":[{"@type":"WebPage","@id":"https:\/\/www.elementvape.de\/produkt\/vape-elektronische-zigarette-waerme-nicht-brennen-geladen-e-cig-vape\/","url":"https:\/\/www.elementvape.de\/produkt\/vape-elektronische-zigarette-waerme-nicht-brennen-geladen-e-cig-vape\/","name":"Vape Elektronische Zigarette W\u00e4rme Nicht Brennen Geladen E-cig Vape Geeignet | ElementVape.de","isPartOf":{"@id":"https:\/\/www.elementvape.de\/#website"},"primaryImageOfPage":{"@id":"https:\/\/www.elementvape.de\/produkt\/vape-elektronische-zigarette-waerme-nicht-brennen-geladen-e-cig-vape\/#primaryimage"},"image":{"@id":"https:\/\/www.elementvape.de\/produkt\/vape-elektronische-zigarette-waerme-nicht-brennen-geladen-e-cig-vape\/#primaryimage"},"thumbnailUrl":"https:\/\/ae01.alicdn.com\/kf\/Sc3611a0fe4ab4a4e9b71bf86ee986bf6M\/Vape-Elektronische-Zigarette-W-rme-Nicht-Brennen-Geladen-E-cig-Vape-Geeignet-f-r-IQO-Stick.jpg","datePublished":"2024-04-20T03:34:47+00:00","dateModified":"2024-09-12T10:34:36+00:00","description":"Wir bieten Vape Elektronische Zigarette W\u00e4rme Nicht Brennen Geladen E-cig Vape Geeignet , Elementvape.de akzeptieren Gro\u00df-und Einzelhandel Bestellungen.","breadcrumb":{"@id":"https:\/\/www.elementvape.de\/produkt\/vape-elektronische-zigarette-waerme-nicht-brennen-geladen-e-cig-vape\/#breadcrumb"},"inLanguage":"it-IT","potentialAction":[{"@type":"ReadAction","target":["https:\/\/www.elementvape.de\/produkt\/vape-elektronische-zigarette-waerme-nicht-brennen-geladen-e-cig-vape\/"]}]},{"@type":"ImageObject","inLanguage":"it-IT","@id":"https:\/\/www.elementvape.de\/produkt\/vape-elektronische-zigarette-waerme-nicht-brennen-geladen-e-cig-vape\/#primaryimage","url":"https:\/\/ae01.alicdn.com\/kf\/Sc3611a0fe4ab4a4e9b71bf86ee986bf6M\/Vape-Elektronische-Zigarette-W-rme-Nicht-Brennen-Geladen-E-cig-Vape-Geeignet-f-r-IQO-Stick.jpg","contentUrl":"https:\/\/ae01.alicdn.com\/kf\/Sc3611a0fe4ab4a4e9b71bf86ee986bf6M\/Vape-Elektronische-Zigarette-W-rme-Nicht-Brennen-Geladen-E-cig-Vape-Geeignet-f-r-IQO-Stick.jpg","width":800,"height":800},{"@type":"BreadcrumbList","@id":"https:\/\/www.elementvape.de\/produkt\/vape-elektronische-zigarette-waerme-nicht-brennen-geladen-e-cig-vape\/#breadcrumb","itemListElement":[{"@type":"ListItem","position":1,"name":"Home","item":"https:\/\/www.elementvape.de\/"},{"@type":"ListItem","position":2,"name":"Shop","item":"https:\/\/www.elementvape.de\/shop\/"},{"@type":"ListItem","position":3,"name":"Vape Elektronische Zigarette W\u00e4rme Nicht Brennen Geladen E-cig Vape Geeignet"}]},{"@type":"WebSite","@id":"https:\/\/www.elementvape.de\/#website","url":"https:\/\/www.elementvape.de\/","name":"ElementVape.de","description":"","publisher":{"@id":"https:\/\/www.elementvape.de\/#organization"},"potentialAction":[{"@type":"SearchAction","target":{"@type":"EntryPoint","urlTemplate":"https:\/\/www.elementvape.de\/?s={search_term_string}"},"query-input":"required name=search_term_string"}],"inLanguage":"it-IT"},{"@type":"Organization","@id":"https:\/\/www.elementvape.de\/#organization","name":"ElementVape.DE","url":"https:\/\/www.elementvape.de\/","logo":{"@type":"ImageObject","inLanguage":"it-IT","@id":"https:\/\/www.elementvape.de\/#\/schema\/logo\/image\/","url":"https:\/\/www.elementvape.de\/wp-content\/uploads\/2024\/09\/cropped-1elementvape-3.png","contentUrl":"https:\/\/www.elementvape.de\/wp-content\/uploads\/2024\/09\/cropped-1elementvape-3.png","width":285,"height":228,"caption":"ElementVape.DE"},"image":{"@id":"https:\/\/www.elementvape.de\/#\/schema\/logo\/image\/"}}]}},"_links":{"self":[{"href":"https:\/\/www.elementvape.de\/it\/wp-json\/wp\/v2\/product\/6783"}],"collection":[{"href":"https:\/\/www.elementvape.de\/it\/wp-json\/wp\/v2\/product"}],"about":[{"href":"https:\/\/www.elementvape.de\/it\/wp-json\/wp\/v2\/types\/product"}],"wp:featuredmedia":[{"embeddable":true,"href":"https:\/\/www.elementvape.de\/it\/wp-json\/wp\/v2\/media\/6784"}],"wp:attachment":[{"href":"https:\/\/www.elementvape.de\/it\/wp-json\/wp\/v2\/media?parent=6783"}],"wp:term":[{"taxonomy":"product_cat","embeddable":true,"href":"https:\/\/www.elementvape.de\/it\/wp-json\/wp\/v2\/product_cat?post=6783"},{"taxonomy":"product_tag","embeddable":true,"href":"https:\/\/www.elementvape.de\/it\/wp-json\/wp\/v2\/product_tag?post=6783"}],"curies":[{"name":"wp","href":"https:\/\/api.w.org\/{rel}","templated":true}]}}