{"id":16314,"date":"2025-04-19T06:01:38","date_gmt":"2025-04-19T06:01:38","guid":{"rendered":"https:\/\/www.elementvape.de\/?post_type=product&#038;p=16314"},"modified":"2025-04-19T06:13:05","modified_gmt":"2025-04-19T06:13:05","slug":"bang-king-45000-zuege-pineapple-coconut-strawberry-banana-blue-razz-fuer-intensiven-dampfgenuss","status":"publish","type":"product","link":"https:\/\/www.elementvape.de\/it\/produkt\/bang-king-45000-zuege-pineapple-coconut-strawberry-banana-blue-razz-fuer-intensiven-dampfgenuss\/","title":{"rendered":"BANG KING 45000 puff Ananas Cocco-Mela Banana-Razz blu per un'esperienza di svapo intensa"},"content":{"rendered":"<h2 data-start=\"0\" data-end=\"121\">BANG KING 45000 Puff Ananas Cocco \u2013 Fragola Banana \u2013 Blue Razz: Un piacere di svapo fruttato di altissima qualit\u00e0<\/h2>\n<p class=\"\" data-start=\"123\" data-end=\"600\">La sigaretta elettronica usa e getta BANG KING 45000 Puff \u00e8 la scelta perfetta per i vapers alla ricerca di un'esperienza di gusto intensa e variegata. Con un'incredibile capacit\u00e0 di 45.000 puff e una selezione unica di tre aromi fruttati \u2013 Ananas Cocco, Fragola Banana e Blue Razz \u2013 questo dispositivo offre un'esperienza di svapo eccezionale, adatta sia ai principianti che ai vapers esperti.<\/p>\n<h3 class=\"\" data-start=\"602\" data-end=\"647\">Esperienze di gusto impareggiabili<\/h3>\n<p class=\"\" data-start=\"649\" data-end=\"803\">Il BANG KING 45000 Puff presenta una raffinata miscela di aromi tropicali e fruttati, che si distinguono per la loro freschezza e dolcezza:<\/p>\n<ul data-start=\"805\" data-end=\"1613\">\n<li class=\"\" data-start=\"805\" data-end=\"1089\">\n<p class=\"\" data-start=\"807\" data-end=\"1089\">Ananas Cocco: Questa combinazione tropicale di ananas dolce e cocco cremoso porta il sapore della vacanza direttamente a te. L'ananas fornisce un tocco rinfrescante, mentre il cocco fornisce una nota delicata e cremosa che completa perfettamente il gusto.<\/p>\n<\/li>\n<li class=\"\" data-start=\"1090\" data-end=\"1355\">\n<p class=\"\" data-start=\"1092\" data-end=\"1355\">Fragola Banana: Un classico duo di frutta che entusiasma sempre. La dolcezza delle fragole si armonizza perfettamente con la delicata freschezza delle banane. Questo aroma \u00e8 perfetto per chi cerca un'esplosione di gusto morbida ma intensa.<\/p>\n<\/li>\n<li class=\"\" data-start=\"1356\" data-end=\"1613\">\n<p class=\"\" data-start=\"1358\" data-end=\"1613\">Blue Razz: Un mix fruttato di mirtilli e lamponi offre un'esperienza rinfrescante e leggermente acidula. La combinazione di questi due tipi di bacche conferisce al vapore una fruttuosit\u00e0 vivace ed espressiva che seduce il palato.<\/p>\n<\/li>\n<\/ul>\n<p class=\"\" data-start=\"1615\" data-end=\"1836\">Questi tre aromi offrono una selezione unica di esperienze di gusto che ti sorprenderanno ed entusiasmeranno ad ogni tiro. Ogni aroma \u00e8 unico e porta con s\u00e9 la propria freschezza e intensit\u00e0.<\/p>\n<h3 class=\"\" data-start=\"1838\" data-end=\"1885\">Caratteristiche tecniche del BANG KING 45000<\/h3>\n<p class=\"\" data-start=\"1887\" data-end=\"2123\">Oltre alla straordinaria variet\u00e0 di aromi, il BANG KING 45000 Puff convince anche per la sua potente tecnologia. La combinazione di design di alta qualit\u00e0 e tecnologia avanzata garantisce un piacere di svapo senza sforzo:<\/p>\n<ul data-start=\"2125\" data-end=\"3470\">\n<li class=\"\" data-start=\"2125\" data-end=\"2306\">\n<p class=\"\" data-start=\"2127\" data-end=\"2306\">45.000 Puff: Con un numero impressionante di 45.000 puff, puoi goderti il dispositivo per molto tempo senza doverti preoccupare che si scarichi rapidamente.<\/p>\n<\/li>\n<li class=\"\" data-start=\"2307\" data-end=\"2578\">\n<p class=\"\" data-start=\"2309\" data-end=\"2578\">Tre aromi in una scatola: Il BANG KING 45000 Puff ti offre la possibilit\u00e0 di gustare tre diversi aromi, conservati in tre camere separate. Ci\u00f2 ti consente di cambiare gli aromi in base ai tuoi desideri, senza che si mescolino.<\/p>\n<\/li>\n<li class=\"\" data-start=\"2579\" data-end=\"2816\">\n<p class=\"\" data-start=\"2581\" data-end=\"2816\">Mesh Coil: Dotato di una moderna tecnologia Mesh Coil, il dispositivo garantisce una vaporizzazione uniforme e un intenso piacere di svapo. La Mesh Coil contribuisce a migliorare la resa del sapore e la quantit\u00e0 di vapore.<\/p>\n<\/li>\n<li class=\"\" data-start=\"2817\" data-end=\"2984\">\n<p class=\"\" data-start=\"2819\" data-end=\"2984\">Opzioni di nicotina: Scegli il contenuto di nicotina pi\u00f9 adatto a te \u2013 che sia 0%, 2%, 3% o 5% di nicotina \u2013 e adatta la tua esperienza di svapo alle tue preferenze.<\/p>\n<\/li>\n<li class=\"\" data-start=\"2985\" data-end=\"3220\">\n<p class=\"\" data-start=\"2987\" data-end=\"3220\">Batteria da 650 mAh: La potente batteria garantisce una lunga durata del dispositivo. Grazie alla porta di ricarica Type-C, la batteria pu\u00f2 essere ricaricata rapidamente, in modo da non dover mai aspettare a lungo per il tuo prossimo svapo.<\/p>\n<\/li>\n<li class=\"\" data-start=\"3221\" data-end=\"3470\">\n<p class=\"\" data-start=\"3223\" data-end=\"3470\">Facile da usare e pratico: Come vape usa e getta, il BANG KING 45000 \u00e8 particolarmente facile da usare. Dopo l'uso completo, puoi smaltire comodamente il dispositivo senza doverti preoccupare di ricariche o sostituzioni di coil.<\/p>\n<\/li>\n<\/ul>\n<h3 class=\"\" data-start=\"3472\" data-end=\"3511\">Perch\u00e9 il BANG KING 45000 Puff?<\/h3>\n<p class=\"\" data-start=\"3513\" data-end=\"3989\">Il BANG KING 45000 Puff ti offre pi\u00f9 di una semplice esperienza di svapo media. Con i suoi 45.000 puff, un'impressionante capacit\u00e0 di liquido di 45 ml e la selezione di tre aromi unici, \u00e8 la scelta perfetta per i vapers alla ricerca di un'esperienza di svapo intensa e variegata. Che sia per l'uso quotidiano o per momenti speciali, questo dispositivo ti assicura di poter godere in qualsiasi momento della dose perfetta di piacere fruttato.<\/p>\n<p class=\"\" data-start=\"3991\" data-end=\"4266\">Grazie alla tecnologia Mesh Coil e alle numerose opzioni di nicotina, il BANG KING 45000 \u00e8 adatto sia ai principianti che ai vapers esperti. Se apprezzi il gusto, le prestazioni e la facilit\u00e0 d'uso, rimarrai entusiasta di questo dispositivo.<\/p>\n<p class=\"\" data-start=\"4283\" data-end=\"4845\">Il BANG KING 45000 tiri \u00e8 una scelta perfetta per tutti gli svapatori che cercano un'esperienza di gusto straordinaria. Con i sapori freschi di Ananas Cocco, Fragola Banana e Blue Razz, questa vape usa e getta offre una vasta gamma di gusti intensi e rinfrescanti. L'alto numero di tiri, la maneggevolezza intuitiva e la tecnologia avanzata rendono il BANG KING 45000 una scelta eccellente per chi cerca un piacere di svapo di alta qualit\u00e0.<\/p>","protected":false},"excerpt":{"rendered":"<p>BANG KING 45000 Z\u00fcge Pineapple Coconut &#8211; Strawberry Banana &#8211; Blue Razz: Ein fruchtiges Dampfvergn\u00fcgen der Extraklasse Die BANG KING 45000 Z\u00fcge Einweg-E-Zigarette ist die perfekte Wahl f\u00fcr Dampfer, die auf der Suche nach einem intensiven und abwechslungsreichen Geschmackserlebnis sind. Mit einer erstaunlichen Kapazit\u00e4t von 45.000 Z\u00fcgen und einer einzigartigen Auswahl an drei fruchtigen Aromen [&hellip;]<\/p>","protected":false},"featured_media":16298,"template":"","meta":{"inline_featured_image":false},"product_cat":[779],"product_tag":[780],"tiered_pricing_type":"fixed","tiered_pricing_fixed_rules":[],"tiered_pricing_percentage_rules":[],"tiered_pricing_minimum":1,"_administrator_tiered_pricing_type":"fixed","_administrator_tiered_pricing_fixed_rules":[],"_editor_tiered_pricing_type":"fixed","_editor_tiered_pricing_fixed_rules":[],"_author_tiered_pricing_type":"fixed","_author_tiered_pricing_fixed_rules":[],"_contributor_tiered_pricing_type":"fixed","_contributor_tiered_pricing_fixed_rules":[],"_subscriber_tiered_pricing_type":"fixed","_subscriber_tiered_pricing_fixed_rules":[],"_customer_tiered_pricing_type":"fixed","_customer_tiered_pricing_fixed_rules":[],"_shop_manager_tiered_pricing_type":"fixed","_shop_manager_tiered_pricing_fixed_rules":[],"_wpseo_manager_tiered_pricing_type":"fixed","_wpseo_manager_tiered_pricing_fixed_rules":[],"_wpseo_editor_tiered_pricing_type":"fixed","_wpseo_editor_tiered_pricing_fixed_rules":[],"_wholesale_customer_tiered_pricing_type":"fixed","_wholesale_customer_tiered_pricing_fixed_rules":[],"_marketer_tiered_pricing_type":"fixed","_marketer_tiered_pricing_fixed_rules":[],"_sales_manager_tiered_pricing_type":"fixed","_sales_manager_tiered_pricing_fixed_rules":[],"_sales_rep_tiered_pricing_type":"fixed","_sales_rep_tiered_pricing_fixed_rules":[],"yoast_head":"<!-- This site is optimized with the Yoast SEO plugin v23.3 - https:\/\/yoast.com\/wordpress\/plugins\/seo\/ -->\n<title>BANG KING 45000 Z\u00fcge Pineapple Coconut-Strawberry Banana-Blue Razz f\u00fcr intensiven Dampfgenuss | ElementVape.de<\/title>\n<meta name=\"description\" content=\"BANG KING 45000 Z\u00fcge bietet erfrischende Aromen wie Pineapple Coconut, Strawberry Banana und Blue Razz f\u00fcr ein intensives und langanhaltendes Dampferlebnis.\" \/>\n<meta name=\"robots\" content=\"index, follow, max-snippet:-1, max-image-preview:large, max-video-preview:-1\" \/>\n<link rel=\"canonical\" href=\"https:\/\/www.elementvape.de\/it\/produkt\/bang-king-45000-zuege-pineapple-coconut-strawberry-banana-blue-razz-fuer-intensiven-dampfgenuss\/\" \/>\n<meta property=\"og:locale\" content=\"it_IT\" \/>\n<meta property=\"og:type\" content=\"article\" \/>\n<meta property=\"og:title\" content=\"BANG KING 45000 Z\u00fcge Pineapple Coconut-Strawberry Banana-Blue Razz f\u00fcr intensiven Dampfgenuss | ElementVape.de\" \/>\n<meta property=\"og:description\" content=\"BANG KING 45000 Z\u00fcge bietet erfrischende Aromen wie Pineapple Coconut, Strawberry Banana und Blue Razz f\u00fcr ein intensives und langanhaltendes Dampferlebnis.\" \/>\n<meta property=\"og:url\" content=\"https:\/\/www.elementvape.de\/it\/produkt\/bang-king-45000-zuege-pineapple-coconut-strawberry-banana-blue-razz-fuer-intensiven-dampfgenuss\/\" \/>\n<meta property=\"og:site_name\" content=\"ElementVape.de\" \/>\n<meta property=\"article:modified_time\" content=\"2025-04-19T06:13:05+00:00\" \/>\n<meta property=\"og:image\" content=\"https:\/\/www.elementvape.de\/wp-content\/uploads\/2025\/04\/bangking45k-Pineapple-Coconut-Strawberry-Banana-Blue-Razz.jpg\" \/>\n\t<meta property=\"og:image:width\" content=\"698\" \/>\n\t<meta property=\"og:image:height\" content=\"771\" \/>\n\t<meta property=\"og:image:type\" content=\"image\/jpeg\" \/>\n<meta name=\"twitter:card\" content=\"summary_large_image\" \/>\n<meta name=\"twitter:label1\" content=\"Est. reading time\" \/>\n\t<meta name=\"twitter:data1\" content=\"4 minuti\" \/>\n<script type=\"application\/ld+json\" class=\"yoast-schema-graph\">{\"@context\":\"https:\/\/schema.org\",\"@graph\":[{\"@type\":\"WebPage\",\"@id\":\"https:\/\/www.elementvape.de\/sk\/produkt\/bang-king-45000-zuege-pineapple-coconut-strawberry-banana-blue-razz-fuer-intensiven-dampfgenuss\/\",\"url\":\"https:\/\/www.elementvape.de\/sk\/produkt\/bang-king-45000-zuege-pineapple-coconut-strawberry-banana-blue-razz-fuer-intensiven-dampfgenuss\/\",\"name\":\"BANG KING 45000 Z\u00fcge Pineapple Coconut-Strawberry Banana-Blue Razz f\u00fcr intensiven Dampfgenuss | ElementVape.de\",\"isPartOf\":{\"@id\":\"https:\/\/www.elementvape.de\/#website\"},\"primaryImageOfPage\":{\"@id\":\"https:\/\/www.elementvape.de\/sk\/produkt\/bang-king-45000-zuege-pineapple-coconut-strawberry-banana-blue-razz-fuer-intensiven-dampfgenuss\/#primaryimage\"},\"image\":{\"@id\":\"https:\/\/www.elementvape.de\/sk\/produkt\/bang-king-45000-zuege-pineapple-coconut-strawberry-banana-blue-razz-fuer-intensiven-dampfgenuss\/#primaryimage\"},\"thumbnailUrl\":\"https:\/\/www.elementvape.de\/wp-content\/uploads\/2025\/04\/bangking45k-Pineapple-Coconut-Strawberry-Banana-Blue-Razz.jpg\",\"datePublished\":\"2025-04-19T06:01:38+00:00\",\"dateModified\":\"2025-04-19T06:13:05+00:00\",\"description\":\"BANG KING 45000 Z\u00fcge bietet erfrischende Aromen wie Pineapple Coconut, Strawberry Banana und Blue Razz f\u00fcr ein intensives und langanhaltendes Dampferlebnis.\",\"breadcrumb\":{\"@id\":\"https:\/\/www.elementvape.de\/sk\/produkt\/bang-king-45000-zuege-pineapple-coconut-strawberry-banana-blue-razz-fuer-intensiven-dampfgenuss\/#breadcrumb\"},\"inLanguage\":\"it-IT\",\"potentialAction\":[{\"@type\":\"ReadAction\",\"target\":[\"https:\/\/www.elementvape.de\/sk\/produkt\/bang-king-45000-zuege-pineapple-coconut-strawberry-banana-blue-razz-fuer-intensiven-dampfgenuss\/\"]}]},{\"@type\":\"ImageObject\",\"inLanguage\":\"it-IT\",\"@id\":\"https:\/\/www.elementvape.de\/sk\/produkt\/bang-king-45000-zuege-pineapple-coconut-strawberry-banana-blue-razz-fuer-intensiven-dampfgenuss\/#primaryimage\",\"url\":\"https:\/\/www.elementvape.de\/wp-content\/uploads\/2025\/04\/bangking45k-Pineapple-Coconut-Strawberry-Banana-Blue-Razz.jpg\",\"contentUrl\":\"https:\/\/www.elementvape.de\/wp-content\/uploads\/2025\/04\/bangking45k-Pineapple-Coconut-Strawberry-Banana-Blue-Razz.jpg\",\"width\":698,\"height\":771},{\"@type\":\"BreadcrumbList\",\"@id\":\"https:\/\/www.elementvape.de\/sk\/produkt\/bang-king-45000-zuege-pineapple-coconut-strawberry-banana-blue-razz-fuer-intensiven-dampfgenuss\/#breadcrumb\",\"itemListElement\":[{\"@type\":\"ListItem\",\"position\":1,\"name\":\"Home\",\"item\":\"https:\/\/www.elementvape.de\/\"},{\"@type\":\"ListItem\",\"position\":2,\"name\":\"Shop\",\"item\":\"https:\/\/www.elementvape.de\/shop\/\"},{\"@type\":\"ListItem\",\"position\":3,\"name\":\"BANG KING 45000 Z\u00fcge Pineapple Coconut-Strawberry Banana-Blue Razz f\u00fcr intensiven Dampfgenuss\"}]},{\"@type\":\"WebSite\",\"@id\":\"https:\/\/www.elementvape.de\/#website\",\"url\":\"https:\/\/www.elementvape.de\/\",\"name\":\"ElementVape.de\",\"description\":\"\",\"publisher\":{\"@id\":\"https:\/\/www.elementvape.de\/#organization\"},\"potentialAction\":[{\"@type\":\"SearchAction\",\"target\":{\"@type\":\"EntryPoint\",\"urlTemplate\":\"https:\/\/www.elementvape.de\/?s={search_term_string}\"},\"query-input\":\"required name=search_term_string\"}],\"inLanguage\":\"it-IT\"},{\"@type\":\"Organization\",\"@id\":\"https:\/\/www.elementvape.de\/#organization\",\"name\":\"ElementVape.DE\",\"url\":\"https:\/\/www.elementvape.de\/\",\"logo\":{\"@type\":\"ImageObject\",\"inLanguage\":\"it-IT\",\"@id\":\"https:\/\/www.elementvape.de\/#\/schema\/logo\/image\/\",\"url\":\"https:\/\/www.elementvape.de\/wp-content\/uploads\/2024\/09\/cropped-1elementvape-3.png\",\"contentUrl\":\"https:\/\/www.elementvape.de\/wp-content\/uploads\/2024\/09\/cropped-1elementvape-3.png\",\"width\":285,\"height\":228,\"caption\":\"ElementVape.DE\"},\"image\":{\"@id\":\"https:\/\/www.elementvape.de\/#\/schema\/logo\/image\/\"}}]}<\/script>\n<!-- \/ Yoast SEO plugin. -->","yoast_head_json":{"title":"BANG KING 45000 Z\u00fcge Pineapple Coconut-Strawberry Banana-Blue Razz f\u00fcr intensiven Dampfgenuss | ElementVape.de","description":"BANG KING 45000 Z\u00fcge bietet erfrischende Aromen wie Pineapple Coconut, Strawberry Banana und Blue Razz f\u00fcr ein intensives und langanhaltendes Dampferlebnis.","robots":{"index":"index","follow":"follow","max-snippet":"max-snippet:-1","max-image-preview":"max-image-preview:large","max-video-preview":"max-video-preview:-1"},"canonical":"https:\/\/www.elementvape.de\/it\/produkt\/bang-king-45000-zuege-pineapple-coconut-strawberry-banana-blue-razz-fuer-intensiven-dampfgenuss\/","og_locale":"it_IT","og_type":"article","og_title":"BANG KING 45000 Z\u00fcge Pineapple Coconut-Strawberry Banana-Blue Razz f\u00fcr intensiven Dampfgenuss | ElementVape.de","og_description":"BANG KING 45000 Z\u00fcge bietet erfrischende Aromen wie Pineapple Coconut, Strawberry Banana und Blue Razz f\u00fcr ein intensives und langanhaltendes Dampferlebnis.","og_url":"https:\/\/www.elementvape.de\/it\/produkt\/bang-king-45000-zuege-pineapple-coconut-strawberry-banana-blue-razz-fuer-intensiven-dampfgenuss\/","og_site_name":"ElementVape.de","article_modified_time":"2025-04-19T06:13:05+00:00","og_image":[{"width":698,"height":771,"url":"https:\/\/www.elementvape.de\/wp-content\/uploads\/2025\/04\/bangking45k-Pineapple-Coconut-Strawberry-Banana-Blue-Razz.jpg","type":"image\/jpeg"}],"twitter_card":"summary_large_image","twitter_misc":{"Est. reading time":"4 minuti"},"schema":{"@context":"https:\/\/schema.org","@graph":[{"@type":"WebPage","@id":"https:\/\/www.elementvape.de\/sk\/produkt\/bang-king-45000-zuege-pineapple-coconut-strawberry-banana-blue-razz-fuer-intensiven-dampfgenuss\/","url":"https:\/\/www.elementvape.de\/sk\/produkt\/bang-king-45000-zuege-pineapple-coconut-strawberry-banana-blue-razz-fuer-intensiven-dampfgenuss\/","name":"BANG KING 45000 Z\u00fcge Pineapple Coconut-Strawberry Banana-Blue Razz f\u00fcr intensiven Dampfgenuss | ElementVape.de","isPartOf":{"@id":"https:\/\/www.elementvape.de\/#website"},"primaryImageOfPage":{"@id":"https:\/\/www.elementvape.de\/sk\/produkt\/bang-king-45000-zuege-pineapple-coconut-strawberry-banana-blue-razz-fuer-intensiven-dampfgenuss\/#primaryimage"},"image":{"@id":"https:\/\/www.elementvape.de\/sk\/produkt\/bang-king-45000-zuege-pineapple-coconut-strawberry-banana-blue-razz-fuer-intensiven-dampfgenuss\/#primaryimage"},"thumbnailUrl":"https:\/\/www.elementvape.de\/wp-content\/uploads\/2025\/04\/bangking45k-Pineapple-Coconut-Strawberry-Banana-Blue-Razz.jpg","datePublished":"2025-04-19T06:01:38+00:00","dateModified":"2025-04-19T06:13:05+00:00","description":"BANG KING 45000 Z\u00fcge bietet erfrischende Aromen wie Pineapple Coconut, Strawberry Banana und Blue Razz f\u00fcr ein intensives und langanhaltendes Dampferlebnis.","breadcrumb":{"@id":"https:\/\/www.elementvape.de\/sk\/produkt\/bang-king-45000-zuege-pineapple-coconut-strawberry-banana-blue-razz-fuer-intensiven-dampfgenuss\/#breadcrumb"},"inLanguage":"it-IT","potentialAction":[{"@type":"ReadAction","target":["https:\/\/www.elementvape.de\/sk\/produkt\/bang-king-45000-zuege-pineapple-coconut-strawberry-banana-blue-razz-fuer-intensiven-dampfgenuss\/"]}]},{"@type":"ImageObject","inLanguage":"it-IT","@id":"https:\/\/www.elementvape.de\/sk\/produkt\/bang-king-45000-zuege-pineapple-coconut-strawberry-banana-blue-razz-fuer-intensiven-dampfgenuss\/#primaryimage","url":"https:\/\/www.elementvape.de\/wp-content\/uploads\/2025\/04\/bangking45k-Pineapple-Coconut-Strawberry-Banana-Blue-Razz.jpg","contentUrl":"https:\/\/www.elementvape.de\/wp-content\/uploads\/2025\/04\/bangking45k-Pineapple-Coconut-Strawberry-Banana-Blue-Razz.jpg","width":698,"height":771},{"@type":"BreadcrumbList","@id":"https:\/\/www.elementvape.de\/sk\/produkt\/bang-king-45000-zuege-pineapple-coconut-strawberry-banana-blue-razz-fuer-intensiven-dampfgenuss\/#breadcrumb","itemListElement":[{"@type":"ListItem","position":1,"name":"Home","item":"https:\/\/www.elementvape.de\/"},{"@type":"ListItem","position":2,"name":"Shop","item":"https:\/\/www.elementvape.de\/shop\/"},{"@type":"ListItem","position":3,"name":"BANG KING 45000 Z\u00fcge Pineapple Coconut-Strawberry Banana-Blue Razz f\u00fcr intensiven Dampfgenuss"}]},{"@type":"WebSite","@id":"https:\/\/www.elementvape.de\/#website","url":"https:\/\/www.elementvape.de\/","name":"ElementVape.de","description":"","publisher":{"@id":"https:\/\/www.elementvape.de\/#organization"},"potentialAction":[{"@type":"SearchAction","target":{"@type":"EntryPoint","urlTemplate":"https:\/\/www.elementvape.de\/?s={search_term_string}"},"query-input":"required name=search_term_string"}],"inLanguage":"it-IT"},{"@type":"Organization","@id":"https:\/\/www.elementvape.de\/#organization","name":"ElementVape.DE","url":"https:\/\/www.elementvape.de\/","logo":{"@type":"ImageObject","inLanguage":"it-IT","@id":"https:\/\/www.elementvape.de\/#\/schema\/logo\/image\/","url":"https:\/\/www.elementvape.de\/wp-content\/uploads\/2024\/09\/cropped-1elementvape-3.png","contentUrl":"https:\/\/www.elementvape.de\/wp-content\/uploads\/2024\/09\/cropped-1elementvape-3.png","width":285,"height":228,"caption":"ElementVape.DE"},"image":{"@id":"https:\/\/www.elementvape.de\/#\/schema\/logo\/image\/"}}]}},"_links":{"self":[{"href":"https:\/\/www.elementvape.de\/it\/wp-json\/wp\/v2\/product\/16314"}],"collection":[{"href":"https:\/\/www.elementvape.de\/it\/wp-json\/wp\/v2\/product"}],"about":[{"href":"https:\/\/www.elementvape.de\/it\/wp-json\/wp\/v2\/types\/product"}],"wp:featuredmedia":[{"embeddable":true,"href":"https:\/\/www.elementvape.de\/it\/wp-json\/wp\/v2\/media\/16298"}],"wp:attachment":[{"href":"https:\/\/www.elementvape.de\/it\/wp-json\/wp\/v2\/media?parent=16314"}],"wp:term":[{"taxonomy":"product_cat","embeddable":true,"href":"https:\/\/www.elementvape.de\/it\/wp-json\/wp\/v2\/product_cat?post=16314"},{"taxonomy":"product_tag","embeddable":true,"href":"https:\/\/www.elementvape.de\/it\/wp-json\/wp\/v2\/product_tag?post=16314"}],"curies":[{"name":"wp","href":"https:\/\/api.w.org\/{rel}","templated":true}]}}