{"id":16296,"date":"2025-04-19T01:56:05","date_gmt":"2025-04-19T01:56:05","guid":{"rendered":"https:\/\/www.elementvape.de\/?post_type=product&#038;p=16296"},"modified":"2025-04-19T03:44:32","modified_gmt":"2025-04-19T03:44:32","slug":"bang-king-45000-zuege-lemon-lime-strawberry-watermelon-blueberry-ice-fuer-intensiven-dampfgenuss","status":"publish","type":"product","link":"https:\/\/www.elementvape.de\/it\/produkt\/bang-king-45000-zuege-lemon-lime-strawberry-watermelon-blueberry-ice-fuer-intensiven-dampfgenuss\/","title":{"rendered":"BANG KING 45000 tiri Lemon Lime Strawberry Watermelon Blueberry Ice per un intenso piacere di svapo"},"content":{"rendered":"<h2 data-start=\"108\" data-end=\"201\">BANG KING 45000 Soffiate Tre esplosioni di gusto per la tua esperienza di svapo<\/h2>\n<p class=\"\" data-start=\"203\" data-end=\"717\">Il BANG KING 45000 Soffiate combina tecnologia all'avanguardia, aromi straordinari e lunga durata in un dispositivo monouso di alta qualit\u00e0. Con tre deliziose varianti di gusto \u2013 Lemon Lime, Strawberry Watermelon e Blueberry Ice \u2013 questo dispositivo \u00e8 il compagno ideale per tutti gli svapatori in cerca di variet\u00e0 e esperienze di gusto intense. Perfetto per chi desidera gustare sia la freschezza degli agrumi sia la dolcezza dei frutti tropicali.<\/p>\n<h3 class=\"\" data-start=\"724\" data-end=\"761\">Esplosione di gusto tripla<\/h3>\n<p class=\"\" data-start=\"763\" data-end=\"1020\">Il BANG KING 45000 Soffiate \u00e8 speciale perch\u00e9 offre non solo un sapore, ma tre aromi diversi in un unico dispositivo. Ci\u00f2 significa che ad ogni tiro vivi un'esperienza nuova ed emozionante \u2013 per il massimo piacere tutto il giorno.<\/p>\n<ul data-start=\"1022\" data-end=\"1518\">\n<li class=\"\" data-start=\"1022\" data-end=\"1204\">\n<p class=\"\" data-start=\"1024\" data-end=\"1204\">Lemon Lime: Vivi la combinazione rinfrescante di limone frizzante e un tocco di lime. La miscela perfetta per chi preferisce una nota fresca e agrumata.<\/p>\n<\/li>\n<li class=\"\" data-start=\"1205\" data-end=\"1377\">\n<p class=\"\" data-start=\"1207\" data-end=\"1377\">Strawberry Watermelon: Fragole succose incontrano anguria dolce \u2013 un classico tra i gusti di frutta, che seduce ad ogni inalazione.<\/p>\n<\/li>\n<li class=\"\" data-start=\"1378\" data-end=\"1518\">\n<p class=\"\" data-start=\"1380\" data-end=\"1518\">Blueberry Ice: La dolcezza del mirtillo abbinata a un effetto ghiacciato per un'esperienza di svapo rinfrescante e fruttata.<\/p>\n<\/li>\n<\/ul>\n<p class=\"\" data-start=\"1520\" data-end=\"1631\">Queste miscele di gusto non solo offrono variet\u00e0, ma rendono lo svapo un vero piacere.<\/p>\n<h3 class=\"\" data-start=\"1638\" data-end=\"1690\">Caratteristiche tecniche del BANG KING 45000 Soffiate<\/h3>\n<p class=\"\" data-start=\"1692\" data-end=\"1923\">Oltre ai deliziosi aromi, il BANG KING 45000 Soffiate si distingue per le sue impressionanti caratteristiche tecniche. Con questa combinazione di gusto e tecnologia, il BANG KING 45000 \u00e8 un dispositivo che non lascia desideri insoddisfatti.<\/p>\n<ul data-start=\"1925\" data-end=\"2776\">\n<li class=\"\" data-start=\"1925\" data-end=\"2001\">\n<p class=\"\" data-start=\"1927\" data-end=\"2001\">Soffi: Fino a 45000 soffi per un piacere duraturo senza bisogno di ricaricare.<\/p>\n<\/li>\n<li class=\"\" data-start=\"2002\" data-end=\"2123\">\n<p class=\"\" data-start=\"2004\" data-end=\"2123\">Capacit\u00e0 di E-Liquido: 15 ml + 15 ml + 15 ml \u2013 in totale 45 ml di E-Liquido, sufficienti per un gran numero di tiri.<\/p>\n<\/li>\n<li class=\"\" data-start=\"2124\" data-end=\"2222\">\n<p class=\"\" data-start=\"2126\" data-end=\"2222\">Tipo di coil: Dotato di Mesh Coils per un riscaldamento uniforme e vapore intenso.<\/p>\n<\/li>\n<li class=\"\" data-start=\"2223\" data-end=\"2352\">\n<p class=\"\" data-start=\"2225\" data-end=\"2352\">Livelli di nicotina: Puoi scegliere tra livelli di nicotina 0%, 2%, 3% o 5% \u2013 perfetti per ogni esigenza di svapo.<\/p>\n<\/li>\n<li class=\"\" data-start=\"2353\" data-end=\"2446\">\n<p class=\"\" data-start=\"2355\" data-end=\"2446\">Batteria: Con una potente batteria da 650 mAh, garantisce una lunga durata.<\/p>\n<\/li>\n<li class=\"\" data-start=\"2447\" data-end=\"2585\">\n<p class=\"\" data-start=\"2449\" data-end=\"2585\">Punto di ricarica: La porta di ricarica Type-C permette una ricarica rapida e semplice in circa due ore.<\/p>\n<\/li>\n<li class=\"\" data-start=\"2586\" data-end=\"2668\">\n<p class=\"\" data-start=\"2588\" data-end=\"2668\">Tipo di dispositivo: Vape monouso, ideale per un piacere senza manutenzione.<\/p>\n<\/li>\n<li class=\"\" data-start=\"2669\" data-end=\"2776\">\n<p class=\"\" data-start=\"2671\" data-end=\"2776\">Unit\u00e0 di confezionamento: In ogni scatola ci sono 10 pezzi, cos\u00ec hai sempre scorte sufficienti.<\/p>\n<\/li>\n<\/ul>\n<h3 class=\"\" data-start=\"2783\" data-end=\"2829\">Perch\u00e9 scegliere il BANG KING 45000 Soffiate?<\/h3>\n<p class=\"\" data-start=\"2831\" data-end=\"2988\">Il BANG KING 45000 tiri non \u00e8 solo un altro vape usa e getta sul mercato. Ecco alcuni motivi per cui questo dispositivo \u00e8 la scelta perfetta per te:<\/p>\n<ul data-start=\"2990\" data-end=\"3639\">\n<li class=\"\" data-start=\"2990\" data-end=\"3137\">\n<p class=\"\" data-start=\"2992\" data-end=\"3137\">Triplo gusto: con gli aromi Lemon Lime, Strawberry Watermelon e Blueberry Ice hai sempre una selezione emozionante.<\/p>\n<\/li>\n<li class=\"\" data-start=\"3138\" data-end=\"3285\">\n<p class=\"\" data-start=\"3140\" data-end=\"3285\">Lunga durata: con 45 ml di e-liquid e fino a 45.000 tiri puoi goderti il BANG KING per un periodo prolungato.<\/p>\n<\/li>\n<li class=\"\" data-start=\"3286\" data-end=\"3409\">\n<p class=\"\" data-start=\"3288\" data-end=\"3409\">Ricarica rapida: la porta Type-C garantisce tempi di ricarica veloci e semplici, cos\u00ec sei sempre pronto.<\/p>\n<\/li>\n<li class=\"\" data-start=\"3410\" data-end=\"3542\">\n<p class=\"\" data-start=\"3412\" data-end=\"3542\">Nessun ricarica necessaria: il vape usa e getta \u00e8 particolarmente pratico, poich\u00e9 puoi semplicemente smaltirlo dopo l'uso.<\/p>\n<\/li>\n<li class=\"\" data-start=\"3543\" data-end=\"3639\">\n<p class=\"\" data-start=\"3545\" data-end=\"3639\">Ideale per quando sei in movimento: compatto, facile da usare e perfetto da portare con te o da usare a casa.<\/p>\n<\/li>\n<\/ul>\n<p class=\"\" data-start=\"3661\" data-end=\"4249\">Il BANG KING 45000 tiri con gli aromi freschi e deliziosi Lemon Lime, Strawberry Watermelon e Blueberry Ice ti offre l'esperienza di svapo perfetta. Combina comodit\u00e0 d'uso, piacere duraturo e gusto intenso, cos\u00ec hai sempre la scelta giusta per ogni umore. Che tu desideri la freschezza degli agrumi, preferisca le bacche dolci o cerchi una nota rinfrescante di ghiaccio \u2013 il BANG KING 45000 tiri ti offre esattamente ci\u00f2 di cui hai bisogno. Prendi il tuo BANG KING e gusta la variet\u00e0 di aromi in un solo dispositivo.<\/p>","protected":false},"excerpt":{"rendered":"<p>BANG KING 45000 Z\u00fcge Drei erfrischende Geschmacksexplosionen f\u00fcr dein Dampferlebnis Der BANG KING 45000 Z\u00fcge vereint modernste Technologie, au\u00dfergew\u00f6hnliche Aromen und eine lange Nutzungsdauer in einem hochwertigen Einweg-Vape-Ger\u00e4t. Mit drei k\u00f6stlichen Geschmacksrichtungen \u2013 Lemon Lime, Strawberry Watermelon und Blueberry Ice \u2013 bietet dieses Ger\u00e4t den idealen Begleiter f\u00fcr alle Dampfer, die auf der Suche nach [&hellip;]<\/p>","protected":false},"featured_media":16301,"template":"","meta":{"inline_featured_image":false},"product_cat":[779],"product_tag":[780],"tiered_pricing_type":"fixed","tiered_pricing_fixed_rules":[],"tiered_pricing_percentage_rules":[],"tiered_pricing_minimum":1,"_administrator_tiered_pricing_type":"fixed","_administrator_tiered_pricing_fixed_rules":[],"_editor_tiered_pricing_type":"fixed","_editor_tiered_pricing_fixed_rules":[],"_author_tiered_pricing_type":"fixed","_author_tiered_pricing_fixed_rules":[],"_contributor_tiered_pricing_type":"fixed","_contributor_tiered_pricing_fixed_rules":[],"_subscriber_tiered_pricing_type":"fixed","_subscriber_tiered_pricing_fixed_rules":[],"_customer_tiered_pricing_type":"fixed","_customer_tiered_pricing_fixed_rules":[],"_shop_manager_tiered_pricing_type":"fixed","_shop_manager_tiered_pricing_fixed_rules":[],"_wpseo_manager_tiered_pricing_type":"fixed","_wpseo_manager_tiered_pricing_fixed_rules":[],"_wpseo_editor_tiered_pricing_type":"fixed","_wpseo_editor_tiered_pricing_fixed_rules":[],"_wholesale_customer_tiered_pricing_type":"fixed","_wholesale_customer_tiered_pricing_fixed_rules":[],"_marketer_tiered_pricing_type":"fixed","_marketer_tiered_pricing_fixed_rules":[],"_sales_manager_tiered_pricing_type":"fixed","_sales_manager_tiered_pricing_fixed_rules":[],"_sales_rep_tiered_pricing_type":"fixed","_sales_rep_tiered_pricing_fixed_rules":[],"yoast_head":"<!-- This site is optimized with the Yoast SEO plugin v23.3 - https:\/\/yoast.com\/wordpress\/plugins\/seo\/ -->\n<title>BANG KING 45000 Z\u00fcge Lemon Lime Strawberry Watermelon Blueberry Ice f\u00fcr intensiven Dampfgenuss | ElementVape.de<\/title>\n<meta name=\"description\" content=\"BANG KING 45000 Z\u00fcge \u2013 Genie\u00df die Aromen von Lemon Lime, Strawberry Watermelon Blueberry Ice f\u00fcr ein intensives Dampferlebnis\" \/>\n<meta name=\"robots\" content=\"index, follow, max-snippet:-1, max-image-preview:large, max-video-preview:-1\" \/>\n<link rel=\"canonical\" href=\"https:\/\/www.elementvape.de\/it\/produkt\/bang-king-45000-zuege-lemon-lime-strawberry-watermelon-blueberry-ice-fuer-intensiven-dampfgenuss\/\" \/>\n<meta property=\"og:locale\" content=\"it_IT\" \/>\n<meta property=\"og:type\" content=\"article\" \/>\n<meta property=\"og:title\" content=\"BANG KING 45000 Z\u00fcge Lemon Lime Strawberry Watermelon Blueberry Ice f\u00fcr intensiven Dampfgenuss | ElementVape.de\" \/>\n<meta property=\"og:description\" content=\"BANG KING 45000 Z\u00fcge \u2013 Genie\u00df die Aromen von Lemon Lime, Strawberry Watermelon Blueberry Ice f\u00fcr ein intensives Dampferlebnis\" \/>\n<meta property=\"og:url\" content=\"https:\/\/www.elementvape.de\/it\/produkt\/bang-king-45000-zuege-lemon-lime-strawberry-watermelon-blueberry-ice-fuer-intensiven-dampfgenuss\/\" \/>\n<meta property=\"og:site_name\" content=\"ElementVape.de\" \/>\n<meta property=\"article:modified_time\" content=\"2025-04-19T03:44:32+00:00\" \/>\n<meta property=\"og:image\" content=\"https:\/\/www.elementvape.de\/wp-content\/uploads\/2025\/04\/bangking45k-Lemon-Lime-Strawberry-Watermelon-Blueberry-Ice.jpg\" \/>\n\t<meta property=\"og:image:width\" content=\"685\" \/>\n\t<meta property=\"og:image:height\" content=\"757\" \/>\n\t<meta property=\"og:image:type\" content=\"image\/jpeg\" \/>\n<meta name=\"twitter:card\" content=\"summary_large_image\" \/>\n<meta name=\"twitter:label1\" content=\"Est. reading time\" \/>\n\t<meta name=\"twitter:data1\" content=\"4 minuti\" \/>\n<script type=\"application\/ld+json\" class=\"yoast-schema-graph\">{\"@context\":\"https:\/\/schema.org\",\"@graph\":[{\"@type\":\"WebPage\",\"@id\":\"https:\/\/www.elementvape.de\/produkt\/bang-king-45000-zuege-lemon-lime-strawberry-watermelon-blueberry-ice-fuer-intensiven-dampfgenuss\/\",\"url\":\"https:\/\/www.elementvape.de\/produkt\/bang-king-45000-zuege-lemon-lime-strawberry-watermelon-blueberry-ice-fuer-intensiven-dampfgenuss\/\",\"name\":\"BANG KING 45000 Z\u00fcge Lemon Lime Strawberry Watermelon Blueberry Ice f\u00fcr intensiven Dampfgenuss | ElementVape.de\",\"isPartOf\":{\"@id\":\"https:\/\/www.elementvape.de\/#website\"},\"primaryImageOfPage\":{\"@id\":\"https:\/\/www.elementvape.de\/produkt\/bang-king-45000-zuege-lemon-lime-strawberry-watermelon-blueberry-ice-fuer-intensiven-dampfgenuss\/#primaryimage\"},\"image\":{\"@id\":\"https:\/\/www.elementvape.de\/produkt\/bang-king-45000-zuege-lemon-lime-strawberry-watermelon-blueberry-ice-fuer-intensiven-dampfgenuss\/#primaryimage\"},\"thumbnailUrl\":\"https:\/\/www.elementvape.de\/wp-content\/uploads\/2025\/04\/bangking45k-Lemon-Lime-Strawberry-Watermelon-Blueberry-Ice.jpg\",\"datePublished\":\"2025-04-19T01:56:05+00:00\",\"dateModified\":\"2025-04-19T03:44:32+00:00\",\"description\":\"BANG KING 45000 Z\u00fcge \u2013 Genie\u00df die Aromen von Lemon Lime, Strawberry Watermelon Blueberry Ice f\u00fcr ein intensives Dampferlebnis\",\"breadcrumb\":{\"@id\":\"https:\/\/www.elementvape.de\/produkt\/bang-king-45000-zuege-lemon-lime-strawberry-watermelon-blueberry-ice-fuer-intensiven-dampfgenuss\/#breadcrumb\"},\"inLanguage\":\"it-IT\",\"potentialAction\":[{\"@type\":\"ReadAction\",\"target\":[\"https:\/\/www.elementvape.de\/produkt\/bang-king-45000-zuege-lemon-lime-strawberry-watermelon-blueberry-ice-fuer-intensiven-dampfgenuss\/\"]}]},{\"@type\":\"ImageObject\",\"inLanguage\":\"it-IT\",\"@id\":\"https:\/\/www.elementvape.de\/produkt\/bang-king-45000-zuege-lemon-lime-strawberry-watermelon-blueberry-ice-fuer-intensiven-dampfgenuss\/#primaryimage\",\"url\":\"https:\/\/www.elementvape.de\/wp-content\/uploads\/2025\/04\/bangking45k-Lemon-Lime-Strawberry-Watermelon-Blueberry-Ice.jpg\",\"contentUrl\":\"https:\/\/www.elementvape.de\/wp-content\/uploads\/2025\/04\/bangking45k-Lemon-Lime-Strawberry-Watermelon-Blueberry-Ice.jpg\",\"width\":685,\"height\":757},{\"@type\":\"BreadcrumbList\",\"@id\":\"https:\/\/www.elementvape.de\/produkt\/bang-king-45000-zuege-lemon-lime-strawberry-watermelon-blueberry-ice-fuer-intensiven-dampfgenuss\/#breadcrumb\",\"itemListElement\":[{\"@type\":\"ListItem\",\"position\":1,\"name\":\"Home\",\"item\":\"https:\/\/www.elementvape.de\/\"},{\"@type\":\"ListItem\",\"position\":2,\"name\":\"Shop\",\"item\":\"https:\/\/www.elementvape.de\/shop\/\"},{\"@type\":\"ListItem\",\"position\":3,\"name\":\"BANG KING 45000 Z\u00fcge Lemon Lime Strawberry Watermelon Blueberry Ice f\u00fcr intensiven Dampfgenuss\"}]},{\"@type\":\"WebSite\",\"@id\":\"https:\/\/www.elementvape.de\/#website\",\"url\":\"https:\/\/www.elementvape.de\/\",\"name\":\"ElementVape.de\",\"description\":\"\",\"publisher\":{\"@id\":\"https:\/\/www.elementvape.de\/#organization\"},\"potentialAction\":[{\"@type\":\"SearchAction\",\"target\":{\"@type\":\"EntryPoint\",\"urlTemplate\":\"https:\/\/www.elementvape.de\/?s={search_term_string}\"},\"query-input\":\"required name=search_term_string\"}],\"inLanguage\":\"it-IT\"},{\"@type\":\"Organization\",\"@id\":\"https:\/\/www.elementvape.de\/#organization\",\"name\":\"ElementVape.DE\",\"url\":\"https:\/\/www.elementvape.de\/\",\"logo\":{\"@type\":\"ImageObject\",\"inLanguage\":\"it-IT\",\"@id\":\"https:\/\/www.elementvape.de\/#\/schema\/logo\/image\/\",\"url\":\"https:\/\/www.elementvape.de\/wp-content\/uploads\/2024\/09\/cropped-1elementvape-3.png\",\"contentUrl\":\"https:\/\/www.elementvape.de\/wp-content\/uploads\/2024\/09\/cropped-1elementvape-3.png\",\"width\":285,\"height\":228,\"caption\":\"ElementVape.DE\"},\"image\":{\"@id\":\"https:\/\/www.elementvape.de\/#\/schema\/logo\/image\/\"}}]}<\/script>\n<!-- \/ Yoast SEO plugin. -->","yoast_head_json":{"title":"BANG KING 45000 Z\u00fcge Lemon Lime Strawberry Watermelon Blueberry Ice f\u00fcr intensiven Dampfgenuss | ElementVape.de","description":"BANG KING 45000 Z\u00fcge \u2013 Genie\u00df die Aromen von Lemon Lime, Strawberry Watermelon Blueberry Ice f\u00fcr ein intensives Dampferlebnis","robots":{"index":"index","follow":"follow","max-snippet":"max-snippet:-1","max-image-preview":"max-image-preview:large","max-video-preview":"max-video-preview:-1"},"canonical":"https:\/\/www.elementvape.de\/it\/produkt\/bang-king-45000-zuege-lemon-lime-strawberry-watermelon-blueberry-ice-fuer-intensiven-dampfgenuss\/","og_locale":"it_IT","og_type":"article","og_title":"BANG KING 45000 Z\u00fcge Lemon Lime Strawberry Watermelon Blueberry Ice f\u00fcr intensiven Dampfgenuss | ElementVape.de","og_description":"BANG KING 45000 Z\u00fcge \u2013 Genie\u00df die Aromen von Lemon Lime, Strawberry Watermelon Blueberry Ice f\u00fcr ein intensives Dampferlebnis","og_url":"https:\/\/www.elementvape.de\/it\/produkt\/bang-king-45000-zuege-lemon-lime-strawberry-watermelon-blueberry-ice-fuer-intensiven-dampfgenuss\/","og_site_name":"ElementVape.de","article_modified_time":"2025-04-19T03:44:32+00:00","og_image":[{"width":685,"height":757,"url":"https:\/\/www.elementvape.de\/wp-content\/uploads\/2025\/04\/bangking45k-Lemon-Lime-Strawberry-Watermelon-Blueberry-Ice.jpg","type":"image\/jpeg"}],"twitter_card":"summary_large_image","twitter_misc":{"Est. reading time":"4 minuti"},"schema":{"@context":"https:\/\/schema.org","@graph":[{"@type":"WebPage","@id":"https:\/\/www.elementvape.de\/produkt\/bang-king-45000-zuege-lemon-lime-strawberry-watermelon-blueberry-ice-fuer-intensiven-dampfgenuss\/","url":"https:\/\/www.elementvape.de\/produkt\/bang-king-45000-zuege-lemon-lime-strawberry-watermelon-blueberry-ice-fuer-intensiven-dampfgenuss\/","name":"BANG KING 45000 Z\u00fcge Lemon Lime Strawberry Watermelon Blueberry Ice f\u00fcr intensiven Dampfgenuss | ElementVape.de","isPartOf":{"@id":"https:\/\/www.elementvape.de\/#website"},"primaryImageOfPage":{"@id":"https:\/\/www.elementvape.de\/produkt\/bang-king-45000-zuege-lemon-lime-strawberry-watermelon-blueberry-ice-fuer-intensiven-dampfgenuss\/#primaryimage"},"image":{"@id":"https:\/\/www.elementvape.de\/produkt\/bang-king-45000-zuege-lemon-lime-strawberry-watermelon-blueberry-ice-fuer-intensiven-dampfgenuss\/#primaryimage"},"thumbnailUrl":"https:\/\/www.elementvape.de\/wp-content\/uploads\/2025\/04\/bangking45k-Lemon-Lime-Strawberry-Watermelon-Blueberry-Ice.jpg","datePublished":"2025-04-19T01:56:05+00:00","dateModified":"2025-04-19T03:44:32+00:00","description":"BANG KING 45000 Z\u00fcge \u2013 Genie\u00df die Aromen von Lemon Lime, Strawberry Watermelon Blueberry Ice f\u00fcr ein intensives Dampferlebnis","breadcrumb":{"@id":"https:\/\/www.elementvape.de\/produkt\/bang-king-45000-zuege-lemon-lime-strawberry-watermelon-blueberry-ice-fuer-intensiven-dampfgenuss\/#breadcrumb"},"inLanguage":"it-IT","potentialAction":[{"@type":"ReadAction","target":["https:\/\/www.elementvape.de\/produkt\/bang-king-45000-zuege-lemon-lime-strawberry-watermelon-blueberry-ice-fuer-intensiven-dampfgenuss\/"]}]},{"@type":"ImageObject","inLanguage":"it-IT","@id":"https:\/\/www.elementvape.de\/produkt\/bang-king-45000-zuege-lemon-lime-strawberry-watermelon-blueberry-ice-fuer-intensiven-dampfgenuss\/#primaryimage","url":"https:\/\/www.elementvape.de\/wp-content\/uploads\/2025\/04\/bangking45k-Lemon-Lime-Strawberry-Watermelon-Blueberry-Ice.jpg","contentUrl":"https:\/\/www.elementvape.de\/wp-content\/uploads\/2025\/04\/bangking45k-Lemon-Lime-Strawberry-Watermelon-Blueberry-Ice.jpg","width":685,"height":757},{"@type":"BreadcrumbList","@id":"https:\/\/www.elementvape.de\/produkt\/bang-king-45000-zuege-lemon-lime-strawberry-watermelon-blueberry-ice-fuer-intensiven-dampfgenuss\/#breadcrumb","itemListElement":[{"@type":"ListItem","position":1,"name":"Home","item":"https:\/\/www.elementvape.de\/"},{"@type":"ListItem","position":2,"name":"Shop","item":"https:\/\/www.elementvape.de\/shop\/"},{"@type":"ListItem","position":3,"name":"BANG KING 45000 Z\u00fcge Lemon Lime Strawberry Watermelon Blueberry Ice f\u00fcr intensiven Dampfgenuss"}]},{"@type":"WebSite","@id":"https:\/\/www.elementvape.de\/#website","url":"https:\/\/www.elementvape.de\/","name":"ElementVape.de","description":"","publisher":{"@id":"https:\/\/www.elementvape.de\/#organization"},"potentialAction":[{"@type":"SearchAction","target":{"@type":"EntryPoint","urlTemplate":"https:\/\/www.elementvape.de\/?s={search_term_string}"},"query-input":"required name=search_term_string"}],"inLanguage":"it-IT"},{"@type":"Organization","@id":"https:\/\/www.elementvape.de\/#organization","name":"ElementVape.DE","url":"https:\/\/www.elementvape.de\/","logo":{"@type":"ImageObject","inLanguage":"it-IT","@id":"https:\/\/www.elementvape.de\/#\/schema\/logo\/image\/","url":"https:\/\/www.elementvape.de\/wp-content\/uploads\/2024\/09\/cropped-1elementvape-3.png","contentUrl":"https:\/\/www.elementvape.de\/wp-content\/uploads\/2024\/09\/cropped-1elementvape-3.png","width":285,"height":228,"caption":"ElementVape.DE"},"image":{"@id":"https:\/\/www.elementvape.de\/#\/schema\/logo\/image\/"}}]}},"_links":{"self":[{"href":"https:\/\/www.elementvape.de\/it\/wp-json\/wp\/v2\/product\/16296"}],"collection":[{"href":"https:\/\/www.elementvape.de\/it\/wp-json\/wp\/v2\/product"}],"about":[{"href":"https:\/\/www.elementvape.de\/it\/wp-json\/wp\/v2\/types\/product"}],"wp:featuredmedia":[{"embeddable":true,"href":"https:\/\/www.elementvape.de\/it\/wp-json\/wp\/v2\/media\/16301"}],"wp:attachment":[{"href":"https:\/\/www.elementvape.de\/it\/wp-json\/wp\/v2\/media?parent=16296"}],"wp:term":[{"taxonomy":"product_cat","embeddable":true,"href":"https:\/\/www.elementvape.de\/it\/wp-json\/wp\/v2\/product_cat?post=16296"},{"taxonomy":"product_tag","embeddable":true,"href":"https:\/\/www.elementvape.de\/it\/wp-json\/wp\/v2\/product_tag?post=16296"}],"curies":[{"name":"wp","href":"https:\/\/api.w.org\/{rel}","templated":true}]}}