{"id":16293,"date":"2025-04-19T01:42:18","date_gmt":"2025-04-19T01:42:18","guid":{"rendered":"https:\/\/www.elementvape.de\/?post_type=product&#038;p=16293"},"modified":"2025-04-19T02:03:31","modified_gmt":"2025-04-19T02:03:31","slug":"bang-king-45000-zuege-geniesse-die-ultimative-geschmacksexplosion-aus-wassermelone-red-bull-erdbeer-kiwi-fuer-ganztaegigen-dampfgenuss","status":"publish","type":"product","link":"https:\/\/www.elementvape.de\/it\/produkt\/bang-king-45000-zuege-geniesse-die-ultimative-geschmacksexplosion-aus-wassermelone-red-bull-erdbeer-kiwi-fuer-ganztaegigen-dampfgenuss\/","title":{"rendered":"BANG KING 45000 Tiri Goditi l'esplosione di gusto definitiva di anguria, Red Bull e fragola-kiwi per un piacere di vapore tutto il giorno"},"content":{"rendered":"<h2 data-start=\"75\" data-end=\"156\">BANG KING 45000 Soffi, Triplo Piacere di Frutta per Svapatori Esigenti<\/h2>\n<p class=\"\" data-start=\"158\" data-end=\"443\">Il BANG KING 45000 Puffs rappresenta un nuovo livello di svapo: potente, intenso di sapore e assolutamente facile da usare. Con tre camere separate per il liquido, dotato di avanzati Mesh-Coil, questo dispositivo unisce variet\u00e0 e qualit\u00e0 come pochi altri.<\/p>\n<h3 class=\"\" data-start=\"450\" data-end=\"493\">Triplo gusto in un dispositivo<\/h3>\n<p class=\"\" data-start=\"495\" data-end=\"612\">Grazie alla innovativa costruzione a 3 camere, puoi gustare tre aromi diversi \u2013 senza cambiare dispositivo:<\/p>\n<ul data-start=\"614\" data-end=\"813\">\n<li class=\"\" data-start=\"614\" data-end=\"669\">\n<p class=\"\" data-start=\"616\" data-end=\"669\">Anguria \u2013 Fruttato, succoso e rinfrescante<\/p>\n<\/li>\n<li class=\"\" data-start=\"670\" data-end=\"740\">\n<p class=\"\" data-start=\"672\" data-end=\"740\">Red Bull \u2013 Energizzante, frizzante con il tipico kick energetico<\/p>\n<\/li>\n<li class=\"\" data-start=\"741\" data-end=\"813\">\n<p class=\"\" data-start=\"743\" data-end=\"813\">Fragola-Kiwi \u2013 Dolce-aspro e esotico in equilibrio perfetto<\/p>\n<\/li>\n<\/ul>\n<p class=\"\" data-start=\"815\" data-end=\"923\">La variet\u00e0 di gusti garantisce un\u2019esperienza di svapo duratura, che non diventa noiosa.<\/p>\n<h3 class=\"\" data-start=\"930\" data-end=\"970\">Caratteristiche tecniche in breve<\/h3>\n<p class=\"\" data-start=\"972\" data-end=\"1077\">Il BANG KING 45000 Puffs non \u00e8 solo un punto di forza in termini di gusto \u2013 anche dal punto di vista tecnico il dispositivo convince:<\/p>\n<ul data-start=\"1079\" data-end=\"1471\">\n<li class=\"\" data-start=\"1079\" data-end=\"1107\">\n<p class=\"\" data-start=\"1081\" data-end=\"1107\">Soffi: fino a 45000 puff<\/p>\n<\/li>\n<li class=\"\" data-start=\"1108\" data-end=\"1153\">\n<p class=\"\" data-start=\"1110\" data-end=\"1153\">Capacit\u00e0 di liquido: 15 ml + 15 ml + 15 ml<\/p>\n<\/li>\n<li class=\"\" data-start=\"1154\" data-end=\"1197\">\n<p class=\"\" data-start=\"1156\" data-end=\"1197\">Tipo di coil: 3 Mesh Coil da 1,0 Ohm<\/p>\n<\/li>\n<li class=\"\" data-start=\"1198\" data-end=\"1247\">\n<p class=\"\" data-start=\"1200\" data-end=\"1247\">Contenuto di nicotina: 0 %, 2 %, 3 % o 5 % a scelta<\/p>\n<\/li>\n<li class=\"\" data-start=\"1248\" data-end=\"1282\">\n<p class=\"\" data-start=\"1250\" data-end=\"1282\">Batteria: 650 mAh, ricaricabile<\/p>\n<\/li>\n<li class=\"\" data-start=\"1283\" data-end=\"1311\">\n<p class=\"\" data-start=\"1285\" data-end=\"1311\">Connessione di ricarica: USB Tipo-C<\/p>\n<\/li>\n<li class=\"\" data-start=\"1312\" data-end=\"1365\">\n<p class=\"\" data-start=\"1314\" data-end=\"1365\">Tempo di ricarica: completamente carico in circa 2 ore<\/p>\n<\/li>\n<li class=\"\" data-start=\"1366\" data-end=\"1405\">\n<p class=\"\" data-start=\"1368\" data-end=\"1405\">Tipo di dispositivo: Vape usa e getta (Disposable)<\/p>\n<\/li>\n<li class=\"\" data-start=\"1406\" data-end=\"1430\">\n<p class=\"\" data-start=\"1408\" data-end=\"1430\">Serie: Fruits Series<\/p>\n<\/li>\n<li class=\"\" data-start=\"1431\" data-end=\"1471\">\n<p class=\"\" data-start=\"1433\" data-end=\"1471\">Unit\u00e0 di confezionamento: 10 pezzi per scatola<\/p>\n<\/li>\n<\/ul>\n<h3 class=\"\" data-start=\"1478\" data-end=\"1520\">Vantaggi del BANG KING 45000 puff<\/h3>\n<ul data-start=\"1522\" data-end=\"1834\">\n<li class=\"\" data-start=\"1522\" data-end=\"1566\">\n<p class=\"\" data-start=\"1524\" data-end=\"1566\">Tre gusti in un dispositivo<\/p>\n<\/li>\n<li class=\"\" data-start=\"1567\" data-end=\"1619\">\n<p class=\"\" data-start=\"1569\" data-end=\"1619\">Nuvole di vapore intense grazie alla tecnologia Mesh Coil<\/p>\n<\/li>\n<li class=\"\" data-start=\"1620\" data-end=\"1665\">\n<p class=\"\" data-start=\"1622\" data-end=\"1665\">Nessun ricarica o manutenzione richiesta<\/p>\n<\/li>\n<li class=\"\" data-start=\"1666\" data-end=\"1709\">\n<p class=\"\" data-start=\"1668\" data-end=\"1709\">Funzione di ricarica rapida con porta Type-C<\/p>\n<\/li>\n<li class=\"\" data-start=\"1710\" data-end=\"1774\">\n<p class=\"\" data-start=\"1712\" data-end=\"1774\">Selezione di livelli di nicotina per diverse esigenze degli utenti<\/p>\n<\/li>\n<li class=\"\" data-start=\"1775\" data-end=\"1834\">\n<p class=\"\" data-start=\"1777\" data-end=\"1834\">Ideale per viaggi, spostamenti o uso quotidiano<\/p>\n<\/li>\n<\/ul>\n<h3 class=\"\" data-start=\"1841\" data-end=\"1884\">Per chi \u00e8 adatto il BANG KING?<\/h3>\n<p class=\"\" data-start=\"1886\" data-end=\"2158\">Questo prodotto \u00e8 rivolto a svapatori che cercano un dispositivo semplice ma potente con variet\u00e0. Che tu sia in movimento tutto il giorno o voglia rilassarti a casa \u2013 il BANG KING ti offre sempre un piacere affidabile di qualit\u00e0 premium.<\/p>\n<p class=\"\" data-start=\"2180\" data-end=\"2530\">Il BANG KING 45000 puff combina tecnologia all'avanguardia con massimo gusto. Tre intensi aromi di frutta, lunga durata e facile utilizzo lo rendono una scelta eccellente per chi si aspetta di pi\u00f9 dallo svapo. Vivi ogni tiro una nuova esperienza di gusto e goditi un'esperienza di svapo personalizzata senza compromessi.<\/p>\n<p class=\"\" data-start=\"2532\" data-end=\"2584\">Provalo ora e scopri la qualit\u00e0 di BANG KING.<\/p>","protected":false},"excerpt":{"rendered":"<p>BANG KING 45000 Z\u00fcge Dreifacher Fruchtgenuss f\u00fcr anspruchsvolle Dampfer Der BANG KING 45000 Puffs steht f\u00fcr ein neues Level des Dampfens: leistungsstark, geschmacksintensiv und absolut benutzerfreundlich. Mit drei separaten E-Liquid-Kammern, ausgestattet mit fortschrittlichen Mesh-Coils, vereint dieses Ger\u00e4t Vielfalt und Qualit\u00e4t wie kaum ein anderes. Dreifacher Geschmack in einem Ger\u00e4t Dank der innovativen 3-Kammer-Konstruktion kannst du [&hellip;]<\/p>","protected":false},"featured_media":16295,"template":"","meta":{"inline_featured_image":false},"product_cat":[779],"product_tag":[780],"tiered_pricing_type":"fixed","tiered_pricing_fixed_rules":[],"tiered_pricing_percentage_rules":[],"tiered_pricing_minimum":1,"_administrator_tiered_pricing_type":"fixed","_administrator_tiered_pricing_fixed_rules":[],"_editor_tiered_pricing_type":"fixed","_editor_tiered_pricing_fixed_rules":[],"_author_tiered_pricing_type":"fixed","_author_tiered_pricing_fixed_rules":[],"_contributor_tiered_pricing_type":"fixed","_contributor_tiered_pricing_fixed_rules":[],"_subscriber_tiered_pricing_type":"fixed","_subscriber_tiered_pricing_fixed_rules":[],"_customer_tiered_pricing_type":"fixed","_customer_tiered_pricing_fixed_rules":[],"_shop_manager_tiered_pricing_type":"fixed","_shop_manager_tiered_pricing_fixed_rules":[],"_wpseo_manager_tiered_pricing_type":"fixed","_wpseo_manager_tiered_pricing_fixed_rules":[],"_wpseo_editor_tiered_pricing_type":"fixed","_wpseo_editor_tiered_pricing_fixed_rules":[],"_wholesale_customer_tiered_pricing_type":"fixed","_wholesale_customer_tiered_pricing_fixed_rules":[],"_marketer_tiered_pricing_type":"fixed","_marketer_tiered_pricing_fixed_rules":[],"_sales_manager_tiered_pricing_type":"fixed","_sales_manager_tiered_pricing_fixed_rules":[],"_sales_rep_tiered_pricing_type":"fixed","_sales_rep_tiered_pricing_fixed_rules":[],"yoast_head":"<!-- This site is optimized with the Yoast SEO plugin v23.3 - https:\/\/yoast.com\/wordpress\/plugins\/seo\/ -->\n<title>BANG KING 45000 Z\u00fcge Genie\u00dfe die ultimative Geschmacksexplosion aus Wassermelone, Red Bull &amp; Erdbeer-Kiwi f\u00fcr ganzt\u00e4gigen Dampfgenuss | ElementVape.de<\/title>\n<meta name=\"description\" content=\"BANG KING 45000 Puffs mit 3 Geschmacksrichtungen: Wassermelone, Red Bull, Erdbeer-Kiwi. Intensiver Dampf, lange Laufzeit, Top-Genuss\" \/>\n<meta name=\"robots\" content=\"index, follow, max-snippet:-1, max-image-preview:large, max-video-preview:-1\" \/>\n<link rel=\"canonical\" href=\"https:\/\/www.elementvape.de\/it\/produkt\/bang-king-45000-zuege-geniesse-die-ultimative-geschmacksexplosion-aus-wassermelone-red-bull-erdbeer-kiwi-fuer-ganztaegigen-dampfgenuss\/\" \/>\n<meta property=\"og:locale\" content=\"it_IT\" \/>\n<meta property=\"og:type\" content=\"article\" \/>\n<meta property=\"og:title\" content=\"BANG KING 45000 Z\u00fcge Genie\u00dfe die ultimative Geschmacksexplosion aus Wassermelone, Red Bull &amp; Erdbeer-Kiwi f\u00fcr ganzt\u00e4gigen Dampfgenuss | ElementVape.de\" \/>\n<meta property=\"og:description\" content=\"BANG KING 45000 Puffs mit 3 Geschmacksrichtungen: Wassermelone, Red Bull, Erdbeer-Kiwi. Intensiver Dampf, lange Laufzeit, Top-Genuss\" \/>\n<meta property=\"og:url\" content=\"https:\/\/www.elementvape.de\/it\/produkt\/bang-king-45000-zuege-geniesse-die-ultimative-geschmacksexplosion-aus-wassermelone-red-bull-erdbeer-kiwi-fuer-ganztaegigen-dampfgenuss\/\" \/>\n<meta property=\"og:site_name\" content=\"ElementVape.de\" \/>\n<meta property=\"article:modified_time\" content=\"2025-04-19T02:03:31+00:00\" \/>\n<meta property=\"og:image\" content=\"https:\/\/www.elementvape.de\/wp-content\/uploads\/2025\/04\/bangking45k-Watermelon-Red-Bull-Strawberry-Kiwi.jpg\" \/>\n\t<meta property=\"og:image:width\" content=\"679\" \/>\n\t<meta property=\"og:image:height\" content=\"750\" \/>\n\t<meta property=\"og:image:type\" content=\"image\/jpeg\" \/>\n<meta name=\"twitter:card\" content=\"summary_large_image\" \/>\n<meta name=\"twitter:label1\" content=\"Est. reading time\" \/>\n\t<meta name=\"twitter:data1\" content=\"2 minuti\" \/>\n<script type=\"application\/ld+json\" class=\"yoast-schema-graph\">{\"@context\":\"https:\/\/schema.org\",\"@graph\":[{\"@type\":\"WebPage\",\"@id\":\"https:\/\/www.elementvape.de\/produkt\/bang-king-45000-zuege-geniesse-die-ultimative-geschmacksexplosion-aus-wassermelone-red-bull-erdbeer-kiwi-fuer-ganztaegigen-dampfgenuss\/\",\"url\":\"https:\/\/www.elementvape.de\/produkt\/bang-king-45000-zuege-geniesse-die-ultimative-geschmacksexplosion-aus-wassermelone-red-bull-erdbeer-kiwi-fuer-ganztaegigen-dampfgenuss\/\",\"name\":\"BANG KING 45000 Z\u00fcge Genie\u00dfe die ultimative Geschmacksexplosion aus Wassermelone, Red Bull & Erdbeer-Kiwi f\u00fcr ganzt\u00e4gigen Dampfgenuss | ElementVape.de\",\"isPartOf\":{\"@id\":\"https:\/\/www.elementvape.de\/#website\"},\"primaryImageOfPage\":{\"@id\":\"https:\/\/www.elementvape.de\/produkt\/bang-king-45000-zuege-geniesse-die-ultimative-geschmacksexplosion-aus-wassermelone-red-bull-erdbeer-kiwi-fuer-ganztaegigen-dampfgenuss\/#primaryimage\"},\"image\":{\"@id\":\"https:\/\/www.elementvape.de\/produkt\/bang-king-45000-zuege-geniesse-die-ultimative-geschmacksexplosion-aus-wassermelone-red-bull-erdbeer-kiwi-fuer-ganztaegigen-dampfgenuss\/#primaryimage\"},\"thumbnailUrl\":\"https:\/\/www.elementvape.de\/wp-content\/uploads\/2025\/04\/bangking45k-Watermelon-Red-Bull-Strawberry-Kiwi.jpg\",\"datePublished\":\"2025-04-19T01:42:18+00:00\",\"dateModified\":\"2025-04-19T02:03:31+00:00\",\"description\":\"BANG KING 45000 Puffs mit 3 Geschmacksrichtungen: Wassermelone, Red Bull, Erdbeer-Kiwi. Intensiver Dampf, lange Laufzeit, Top-Genuss\",\"breadcrumb\":{\"@id\":\"https:\/\/www.elementvape.de\/produkt\/bang-king-45000-zuege-geniesse-die-ultimative-geschmacksexplosion-aus-wassermelone-red-bull-erdbeer-kiwi-fuer-ganztaegigen-dampfgenuss\/#breadcrumb\"},\"inLanguage\":\"it-IT\",\"potentialAction\":[{\"@type\":\"ReadAction\",\"target\":[\"https:\/\/www.elementvape.de\/produkt\/bang-king-45000-zuege-geniesse-die-ultimative-geschmacksexplosion-aus-wassermelone-red-bull-erdbeer-kiwi-fuer-ganztaegigen-dampfgenuss\/\"]}]},{\"@type\":\"ImageObject\",\"inLanguage\":\"it-IT\",\"@id\":\"https:\/\/www.elementvape.de\/produkt\/bang-king-45000-zuege-geniesse-die-ultimative-geschmacksexplosion-aus-wassermelone-red-bull-erdbeer-kiwi-fuer-ganztaegigen-dampfgenuss\/#primaryimage\",\"url\":\"https:\/\/www.elementvape.de\/wp-content\/uploads\/2025\/04\/bangking45k-Watermelon-Red-Bull-Strawberry-Kiwi.jpg\",\"contentUrl\":\"https:\/\/www.elementvape.de\/wp-content\/uploads\/2025\/04\/bangking45k-Watermelon-Red-Bull-Strawberry-Kiwi.jpg\",\"width\":679,\"height\":750},{\"@type\":\"BreadcrumbList\",\"@id\":\"https:\/\/www.elementvape.de\/produkt\/bang-king-45000-zuege-geniesse-die-ultimative-geschmacksexplosion-aus-wassermelone-red-bull-erdbeer-kiwi-fuer-ganztaegigen-dampfgenuss\/#breadcrumb\",\"itemListElement\":[{\"@type\":\"ListItem\",\"position\":1,\"name\":\"Home\",\"item\":\"https:\/\/www.elementvape.de\/\"},{\"@type\":\"ListItem\",\"position\":2,\"name\":\"Shop\",\"item\":\"https:\/\/www.elementvape.de\/shop\/\"},{\"@type\":\"ListItem\",\"position\":3,\"name\":\"BANG KING 45000 Z\u00fcge Genie\u00dfe die ultimative Geschmacksexplosion aus Wassermelone, Red Bull &#038; Erdbeer-Kiwi f\u00fcr ganzt\u00e4gigen Dampfgenuss\"}]},{\"@type\":\"WebSite\",\"@id\":\"https:\/\/www.elementvape.de\/#website\",\"url\":\"https:\/\/www.elementvape.de\/\",\"name\":\"ElementVape.de\",\"description\":\"\",\"publisher\":{\"@id\":\"https:\/\/www.elementvape.de\/#organization\"},\"potentialAction\":[{\"@type\":\"SearchAction\",\"target\":{\"@type\":\"EntryPoint\",\"urlTemplate\":\"https:\/\/www.elementvape.de\/?s={search_term_string}\"},\"query-input\":\"required name=search_term_string\"}],\"inLanguage\":\"it-IT\"},{\"@type\":\"Organization\",\"@id\":\"https:\/\/www.elementvape.de\/#organization\",\"name\":\"ElementVape.DE\",\"url\":\"https:\/\/www.elementvape.de\/\",\"logo\":{\"@type\":\"ImageObject\",\"inLanguage\":\"it-IT\",\"@id\":\"https:\/\/www.elementvape.de\/#\/schema\/logo\/image\/\",\"url\":\"https:\/\/www.elementvape.de\/wp-content\/uploads\/2024\/09\/cropped-1elementvape-3.png\",\"contentUrl\":\"https:\/\/www.elementvape.de\/wp-content\/uploads\/2024\/09\/cropped-1elementvape-3.png\",\"width\":285,\"height\":228,\"caption\":\"ElementVape.DE\"},\"image\":{\"@id\":\"https:\/\/www.elementvape.de\/#\/schema\/logo\/image\/\"}}]}<\/script>\n<!-- \/ Yoast SEO plugin. -->","yoast_head_json":{"title":"BANG KING 45000 Z\u00fcge Genie\u00dfe die ultimative Geschmacksexplosion aus Wassermelone, Red Bull & Erdbeer-Kiwi f\u00fcr ganzt\u00e4gigen Dampfgenuss | ElementVape.de","description":"BANG KING 45000 Puffs mit 3 Geschmacksrichtungen: Wassermelone, Red Bull, Erdbeer-Kiwi. Intensiver Dampf, lange Laufzeit, Top-Genuss","robots":{"index":"index","follow":"follow","max-snippet":"max-snippet:-1","max-image-preview":"max-image-preview:large","max-video-preview":"max-video-preview:-1"},"canonical":"https:\/\/www.elementvape.de\/it\/produkt\/bang-king-45000-zuege-geniesse-die-ultimative-geschmacksexplosion-aus-wassermelone-red-bull-erdbeer-kiwi-fuer-ganztaegigen-dampfgenuss\/","og_locale":"it_IT","og_type":"article","og_title":"BANG KING 45000 Z\u00fcge Genie\u00dfe die ultimative Geschmacksexplosion aus Wassermelone, Red Bull & Erdbeer-Kiwi f\u00fcr ganzt\u00e4gigen Dampfgenuss | ElementVape.de","og_description":"BANG KING 45000 Puffs mit 3 Geschmacksrichtungen: Wassermelone, Red Bull, Erdbeer-Kiwi. Intensiver Dampf, lange Laufzeit, Top-Genuss","og_url":"https:\/\/www.elementvape.de\/it\/produkt\/bang-king-45000-zuege-geniesse-die-ultimative-geschmacksexplosion-aus-wassermelone-red-bull-erdbeer-kiwi-fuer-ganztaegigen-dampfgenuss\/","og_site_name":"ElementVape.de","article_modified_time":"2025-04-19T02:03:31+00:00","og_image":[{"width":679,"height":750,"url":"https:\/\/www.elementvape.de\/wp-content\/uploads\/2025\/04\/bangking45k-Watermelon-Red-Bull-Strawberry-Kiwi.jpg","type":"image\/jpeg"}],"twitter_card":"summary_large_image","twitter_misc":{"Est. reading time":"2 minuti"},"schema":{"@context":"https:\/\/schema.org","@graph":[{"@type":"WebPage","@id":"https:\/\/www.elementvape.de\/produkt\/bang-king-45000-zuege-geniesse-die-ultimative-geschmacksexplosion-aus-wassermelone-red-bull-erdbeer-kiwi-fuer-ganztaegigen-dampfgenuss\/","url":"https:\/\/www.elementvape.de\/produkt\/bang-king-45000-zuege-geniesse-die-ultimative-geschmacksexplosion-aus-wassermelone-red-bull-erdbeer-kiwi-fuer-ganztaegigen-dampfgenuss\/","name":"BANG KING 45000 Z\u00fcge Genie\u00dfe die ultimative Geschmacksexplosion aus Wassermelone, Red Bull & Erdbeer-Kiwi f\u00fcr ganzt\u00e4gigen Dampfgenuss | ElementVape.de","isPartOf":{"@id":"https:\/\/www.elementvape.de\/#website"},"primaryImageOfPage":{"@id":"https:\/\/www.elementvape.de\/produkt\/bang-king-45000-zuege-geniesse-die-ultimative-geschmacksexplosion-aus-wassermelone-red-bull-erdbeer-kiwi-fuer-ganztaegigen-dampfgenuss\/#primaryimage"},"image":{"@id":"https:\/\/www.elementvape.de\/produkt\/bang-king-45000-zuege-geniesse-die-ultimative-geschmacksexplosion-aus-wassermelone-red-bull-erdbeer-kiwi-fuer-ganztaegigen-dampfgenuss\/#primaryimage"},"thumbnailUrl":"https:\/\/www.elementvape.de\/wp-content\/uploads\/2025\/04\/bangking45k-Watermelon-Red-Bull-Strawberry-Kiwi.jpg","datePublished":"2025-04-19T01:42:18+00:00","dateModified":"2025-04-19T02:03:31+00:00","description":"BANG KING 45000 Puffs mit 3 Geschmacksrichtungen: Wassermelone, Red Bull, Erdbeer-Kiwi. Intensiver Dampf, lange Laufzeit, Top-Genuss","breadcrumb":{"@id":"https:\/\/www.elementvape.de\/produkt\/bang-king-45000-zuege-geniesse-die-ultimative-geschmacksexplosion-aus-wassermelone-red-bull-erdbeer-kiwi-fuer-ganztaegigen-dampfgenuss\/#breadcrumb"},"inLanguage":"it-IT","potentialAction":[{"@type":"ReadAction","target":["https:\/\/www.elementvape.de\/produkt\/bang-king-45000-zuege-geniesse-die-ultimative-geschmacksexplosion-aus-wassermelone-red-bull-erdbeer-kiwi-fuer-ganztaegigen-dampfgenuss\/"]}]},{"@type":"ImageObject","inLanguage":"it-IT","@id":"https:\/\/www.elementvape.de\/produkt\/bang-king-45000-zuege-geniesse-die-ultimative-geschmacksexplosion-aus-wassermelone-red-bull-erdbeer-kiwi-fuer-ganztaegigen-dampfgenuss\/#primaryimage","url":"https:\/\/www.elementvape.de\/wp-content\/uploads\/2025\/04\/bangking45k-Watermelon-Red-Bull-Strawberry-Kiwi.jpg","contentUrl":"https:\/\/www.elementvape.de\/wp-content\/uploads\/2025\/04\/bangking45k-Watermelon-Red-Bull-Strawberry-Kiwi.jpg","width":679,"height":750},{"@type":"BreadcrumbList","@id":"https:\/\/www.elementvape.de\/produkt\/bang-king-45000-zuege-geniesse-die-ultimative-geschmacksexplosion-aus-wassermelone-red-bull-erdbeer-kiwi-fuer-ganztaegigen-dampfgenuss\/#breadcrumb","itemListElement":[{"@type":"ListItem","position":1,"name":"Home","item":"https:\/\/www.elementvape.de\/"},{"@type":"ListItem","position":2,"name":"Shop","item":"https:\/\/www.elementvape.de\/shop\/"},{"@type":"ListItem","position":3,"name":"BANG KING 45000 Z\u00fcge Genie\u00dfe die ultimative Geschmacksexplosion aus Wassermelone, Red Bull &#038; Erdbeer-Kiwi f\u00fcr ganzt\u00e4gigen Dampfgenuss"}]},{"@type":"WebSite","@id":"https:\/\/www.elementvape.de\/#website","url":"https:\/\/www.elementvape.de\/","name":"ElementVape.de","description":"","publisher":{"@id":"https:\/\/www.elementvape.de\/#organization"},"potentialAction":[{"@type":"SearchAction","target":{"@type":"EntryPoint","urlTemplate":"https:\/\/www.elementvape.de\/?s={search_term_string}"},"query-input":"required name=search_term_string"}],"inLanguage":"it-IT"},{"@type":"Organization","@id":"https:\/\/www.elementvape.de\/#organization","name":"ElementVape.DE","url":"https:\/\/www.elementvape.de\/","logo":{"@type":"ImageObject","inLanguage":"it-IT","@id":"https:\/\/www.elementvape.de\/#\/schema\/logo\/image\/","url":"https:\/\/www.elementvape.de\/wp-content\/uploads\/2024\/09\/cropped-1elementvape-3.png","contentUrl":"https:\/\/www.elementvape.de\/wp-content\/uploads\/2024\/09\/cropped-1elementvape-3.png","width":285,"height":228,"caption":"ElementVape.DE"},"image":{"@id":"https:\/\/www.elementvape.de\/#\/schema\/logo\/image\/"}}]}},"_links":{"self":[{"href":"https:\/\/www.elementvape.de\/it\/wp-json\/wp\/v2\/product\/16293"}],"collection":[{"href":"https:\/\/www.elementvape.de\/it\/wp-json\/wp\/v2\/product"}],"about":[{"href":"https:\/\/www.elementvape.de\/it\/wp-json\/wp\/v2\/types\/product"}],"wp:featuredmedia":[{"embeddable":true,"href":"https:\/\/www.elementvape.de\/it\/wp-json\/wp\/v2\/media\/16295"}],"wp:attachment":[{"href":"https:\/\/www.elementvape.de\/it\/wp-json\/wp\/v2\/media?parent=16293"}],"wp:term":[{"taxonomy":"product_cat","embeddable":true,"href":"https:\/\/www.elementvape.de\/it\/wp-json\/wp\/v2\/product_cat?post=16293"},{"taxonomy":"product_tag","embeddable":true,"href":"https:\/\/www.elementvape.de\/it\/wp-json\/wp\/v2\/product_tag?post=16293"}],"curies":[{"name":"wp","href":"https:\/\/api.w.org\/{rel}","templated":true}]}}