{"id":14521,"date":"2024-09-23T02:51:43","date_gmt":"2024-09-23T02:51:43","guid":{"rendered":"https:\/\/www.elementvape.de\/?post_type=product&#038;p=14521"},"modified":"2024-10-10T02:57:01","modified_gmt":"2024-10-10T02:57:01","slug":"geniessen-sie-20000-zuege-voller-erfrischung-und-energie-mit-der-bang-tick-tock-energy-drink-fuer-ein-unvergleichliches-dampferlebnis-das-begeistert","status":"publish","type":"product","link":"https:\/\/www.elementvape.de\/it\/produkt\/geniessen-sie-20000-zuege-voller-erfrischung-und-energie-mit-der-bang-tick-tock-energy-drink-fuer-ein-unvergleichliches-dampferlebnis-das-begeistert\/","title":{"rendered":"Goditi 20000 tiri pieni di energia e freschezza con BANG Tick Tock Energy Drink per un'esperienza di svapo senza paragoni che entusiasma"},"content":{"rendered":"<h2>BANG Tick Tock 20000 Puffs Energy Drink: Rinfresco ed energia in uno<\/h2>\n<p>Nel mondo frenetico di oggi, \u00e8 pi\u00f9 importante che mai godere di energia e rinfresco in modo comodo e piacevole. BANG Tick Tock 20000 Puffs Energy Drink porta proprio questo sul mercato. Con questa innovativa soluzione di svapo, puoi goderti la freschezza frizzante di un classico energy drink senza rinunciare ai vantaggi dello svapo. In questo articolo, approfondiremo i dettagli di questo prodotto, dal suo gusto unico alle specifiche tecniche, fino ai vantaggi e all'esperienza dell'utente.<\/p>\n<h2>Il sapore dell'energia: Un'esplosione di aromi<\/h2>\n<p>Il profilo aromatico<\/p>\n<p>BANG Tick Tock Energy Drink offre un profilo aromatico inconfondibile che ricorda il popolare energy drink. Ogni volta che fai un tiro, sarai accolto da una nota frizzante e dolce, seguita da un finale piacevole e rinfrescante. Questa combinazione assicura che il gusto non sia solo accattivante, ma anche tonificante, perfetto per chi ha bisogno di una carica di energia extra.<\/p>\n<p>Dolcezza rinfrescante<\/p>\n<p>Gli aromi dolci dell'energy drink ti danno una sensazione di freschezza e vivacit\u00e0. Questa dolcezza non \u00e8 opprimente, ma equilibrata, in modo da poter godere di un gusto chiaro e piacevole ad ogni tiro.<\/p>\n<p>Note leggermente acidule<\/p>\n<p>Oltre alla dolcezza, le note leggermente acidule dell'energy drink aggiungono una dimensione interessante al gusto. Questa complessit\u00e0 assicura che lo svapo non diventi mai noioso e offra sempre nuove esperienze di gusto.<\/p>\n<p>Un'avventura di gusto<\/p>\n<p>Svapare BANG Tick Tock Energy Drink \u00e8 pi\u00f9 di un semplice piacere: \u00e8 un'esperienza. Ad ogni tiro, viaggi attraverso un'avventura di gusto che \u00e8 sia rinfrescante che soddisfacente. Ideale per le pause in ufficio, durante lo studio o semplicemente per rilassarsi a casa.<\/p>\n<h2>Raffinatezza tecnica: I vantaggi di BANG Tick Tock<\/h2>\n<p>Alta capacit\u00e0 di puff<\/p>\n<p>Con un'impressionante capacit\u00e0 di 20.000 puffs, BANG Tick Tock \u00e8 uno dei prodotti di svapo pi\u00f9 duraturi sul mercato. Questo elevato numero di puffs significa che non devi cercare costantemente nuovi dispositivi o ricariche. Che tu sia spesso in viaggio o semplicemente voglia goderti un'esperienza di svapo rilassata a casa, BANG Tick Tock ti assicura di essere sempre ben fornito.<\/p>\n<p>Piacere duraturo<\/p>\n<p>L'elevata capacit\u00e0 di puffs assicura che ogni utente possa godere a lungo di questo prodotto. Puoi essere certo di non dover cercare una nuova cartuccia nel bel mezzo della tua sessione di svapo.<\/p>\n<h3>Flessibilit\u00e0 nel contenuto di N<\/h3>\n<p>Un'altra caratteristica eccezionale di BANG Tick Tock \u00e8 la possibilit\u00e0 di scegliere tra diversi contenuti di N. Hai la possibilit\u00e0 di scegliere tra 2% e 5% di contenuto di N. Questa flessibilit\u00e0 \u00e8 particolarmente importante, poich\u00e9 diversi utenti hanno preferenze diverse. Che tu stia appena iniziando con lo <strong><a href=\"https:\/\/www.elementvape.de\/it\/\" target=\"_blank\" rel=\"noopener\">Vaporizzare<\/a><\/strong> o che tu sia un vaper esperto, la scelta della gradazione di nicotina ti permette di adattare al meglio la tua esperienza di svapo.<\/p>\n<h3>Design intuitivo<\/h3>\n<p>Il design di BANG Tick Tock non \u00e8 solo accattivante, ma anche estremamente funzionale. Con una potente batteria da 650mAh, sei ben equipaggiato per lunghe sessioni di svapo. La porta di ricarica di tipo C assicura che la ricarica sia rapida e semplice. In pochi minuti il tuo dispositivo \u00e8 di nuovo pronto all'uso.<\/p>\n<h4>Compatto e portatile<\/h4>\n<p>Il formato compatto di BANG Tick Tock la rende ideale per la vita di tutti i giorni. Si adatta facilmente a qualsiasi borsa o zaino, in modo da poterla portare ovunque con te, che sia per lo sport, in ufficio o in viaggio. Questa portabilit\u00e0 \u00e8 un grande vantaggio per chi \u00e8 spesso in movimento.<\/p>\n<h2>Sostenibilit\u00e0 ed efficienza<\/h2>\n<p>Risparmio delle risorse<\/p>\n<p>Al giorno d'oggi, la sostenibilit\u00e0 \u00e8 pi\u00f9 importante che mai. La BANG Tick Tock Energy Drink contribuisce alla riduzione dei rifiuti, poich\u00e9 grazie alla sua alta capacit\u00e0 di puff, \u00e8 necessario meno spesso acquistare nuovi dispositivi o ricariche. Questo riduce il consumo complessivo e ha un impatto positivo sull'ambiente.<\/p>\n<p>Utilizzo efficiente<\/p>\n<p>Grazie all'uso di nicotina salina e a una tecnologia avanzata di vaporizzatori, la BANG Tick Tock garantisce che ogni tiro sia ottimizzato. Puoi essere sicuro di gustare tutto l'aroma e la concentrazione di nicotina, senza un consumo rapido.<\/p>\n<h2>Spedizione doganale gratuita e diretta in EU<\/h2>\n<p>Un altro vantaggio dell'acquisto della BANG Tick Tock <strong><a href=\"https:\/\/www.elementvape.de\/it\/p-tag\/groesser-oder-gleich-20000-zuege\/\" target=\"_blank\" rel=\"noopener\">20000 Puff<\/a><\/strong> Energy Drink \u00e8 la spedizione senza dazi nella maggior parte dei paesi dell'UE. Ci\u00f2 significa che non devi preoccuparti di costi aggiuntivi o di normative doganali complicate. Il tuo ordine verr\u00e0 consegnato direttamente al tuo indirizzo, senza ritardi.<\/p>\n<h3>Consegna rapida e semplice<\/h3>\n<p>Grazie alla spedizione diretta, si evita il processo spesso lungo di transito attraverso magazzini intermedi in paesi terzi. La tua BANG Tick Tock Energy Drink arriver\u00e0 rapidamente e in modo affidabile, permettendoti di gustare in breve tempo il suo sapore rinfrescante.<\/p>\n<h2>Perfetta per ogni occasione<\/h2>\n<p>La BANG Tick Tock 20000 Puff Energy Drink \u00e8 la scelta ideale per ogni occasione. Che tu voglia lavorare, studiare o rilassarti, questa vape offre la rinfrescata perfetta. Non \u00e8 solo una scelta fantastica per l'estate, ma \u00e8 adatta tutto l'anno.<\/p>\n<p>Un compagno ideale per i tuoi spostamenti<\/p>\n<p>Le dimensioni compatte e l'alta capacit\u00e0 di puff rendono la BANG Tick Tock il compagno ideale per chi \u00e8 sempre in movimento. Che tu stia andando al lavoro o pianificando un'escursione, questo prodotto si adatta facilmente alla tua borsa ed \u00e8 sempre pronto all'uso quando hai bisogno di una rinfrescata.<\/p>\n<p>Vaping come stile di vita<\/p>\n<p>Negli ultimi anni, il vaping si \u00e8 sviluppato in uno stile di vita. La BANG Tick Tock 20000 Puff Energy Drink si adatta perfettamente a questo stile di vita. Non \u00e8 solo un prodotto, ma un'esperienza che trasmette piacere e gioia di vivere.<\/p>\n<p>Aspetti sociali del vaping<\/p>\n<p>Il vaping \u00e8 spesso un'attivit\u00e0 sociale. Che si tratti di un incontro con amici o di un evento, la BANG Tick Tock ti assicura di essere sempre ben equipaggiato in compagnia di persone con gli stessi interessi. Il sapore rinfrescante \u00e8 ideale per momenti conviviali e offre spunti di conversazione mentre si gode il vaping.<\/p>\n<h2>Un must per ogni vaper<\/h2>\n<p>In conclusione, la BANG Tick Tock 20000 Puff Energy Drink \u00e8 un prodotto eccezionale che non dovrebbe mancare in nessuna esperienza di vaping. Con il suo gusto unico, l'alta capacit\u00e0 di puff, diverse concentrazioni di nicotina e un design user-friendly, \u00e8 il compagno perfetto per chi cerca un'esperienza di vaping rinfrescante.<\/p>\n<p>Goditi ogni tiro e lasciati conquistare dalla qualit\u00e0 e dal gusto della BANG Tick Tock. Preparati a immergerti in un mondo di freschezza ed energia, e scopri come il vaping pu\u00f2 diventare un piacere senza paragoni.<\/p>\n<p>Prova la BANG Tick Tock 20000 Puff Energy Drink e lasciati conquistare dal suo gusto rinfrescante!<\/p>","protected":false},"excerpt":{"rendered":"<p>BANG Tick Tock 20000 Puffs Energy Drink: Erfrischung und Energie in einem In der heutigen schnelllebigen Welt ist es wichtiger denn je, Energie und Erfrischung auf bequeme und angenehme Weise zu genie\u00dfen. Die BANG Tick Tock 20000 Puffs Energy Drink bringt genau das auf den Markt. Mit dieser innovativen Vape-L\u00f6sung k\u00f6nnen Sie die spritzige Frische [&hellip;]<\/p>","protected":false},"featured_media":14508,"template":"","meta":{"inline_featured_image":false},"product_cat":[15,762,739,743,744,755,738,751],"product_tag":[710,725],"tiered_pricing_type":"fixed","tiered_pricing_fixed_rules":{"60":"9.4","110":"8.35","200":"7.31"},"tiered_pricing_percentage_rules":[],"tiered_pricing_minimum":1,"_administrator_tiered_pricing_type":"fixed","_administrator_tiered_pricing_fixed_rules":[],"_editor_tiered_pricing_type":"fixed","_editor_tiered_pricing_fixed_rules":[],"_author_tiered_pricing_type":"fixed","_author_tiered_pricing_fixed_rules":[],"_contributor_tiered_pricing_type":"fixed","_contributor_tiered_pricing_fixed_rules":[],"_subscriber_tiered_pricing_type":"fixed","_subscriber_tiered_pricing_fixed_rules":[],"_customer_tiered_pricing_type":"fixed","_customer_tiered_pricing_fixed_rules":[],"_shop_manager_tiered_pricing_type":"fixed","_shop_manager_tiered_pricing_fixed_rules":[],"_wpseo_manager_tiered_pricing_type":"fixed","_wpseo_manager_tiered_pricing_fixed_rules":[],"_wpseo_editor_tiered_pricing_type":"fixed","_wpseo_editor_tiered_pricing_fixed_rules":[],"_wholesale_customer_tiered_pricing_type":"fixed","_wholesale_customer_tiered_pricing_fixed_rules":[],"_marketer_tiered_pricing_type":"fixed","_marketer_tiered_pricing_fixed_rules":[],"_sales_manager_tiered_pricing_type":"fixed","_sales_manager_tiered_pricing_fixed_rules":[],"_sales_rep_tiered_pricing_type":"fixed","_sales_rep_tiered_pricing_fixed_rules":[],"yoast_head":"<!-- This site is optimized with the Yoast SEO plugin v23.3 - https:\/\/yoast.com\/wordpress\/plugins\/seo\/ -->\n<title>Genie\u00dfen Sie 20000 Z\u00fcge voller Erfrischung und Energie mit der BANG Tick Tock Energy Drink f\u00fcr ein unvergleichliches Dampferlebnis das begeistert | ElementVape.de<\/title>\n<meta name=\"description\" content=\"Wir bieten Genie\u00dfen Sie 20000 Z\u00fcge voller Erfrischung und Energie mit der BANG Tick Tock Energy Drink f\u00fcr ein unvergleichliches Dampferlebnis das begeistert , Elementvape.de akzeptieren Gro\u00df-und Einzelhandel Bestellungen.\" \/>\n<meta name=\"robots\" content=\"index, follow, max-snippet:-1, max-image-preview:large, max-video-preview:-1\" \/>\n<link rel=\"canonical\" href=\"https:\/\/www.elementvape.de\/it\/produkt\/geniessen-sie-20000-zuege-voller-erfrischung-und-energie-mit-der-bang-tick-tock-energy-drink-fuer-ein-unvergleichliches-dampferlebnis-das-begeistert\/\" \/>\n<meta property=\"og:locale\" content=\"it_IT\" \/>\n<meta property=\"og:type\" content=\"article\" \/>\n<meta property=\"og:title\" content=\"Genie\u00dfen Sie 20000 Z\u00fcge voller Erfrischung und Energie mit der BANG Tick Tock Energy Drink f\u00fcr ein unvergleichliches Dampferlebnis das begeistert | ElementVape.de\" \/>\n<meta property=\"og:description\" content=\"Wir bieten Genie\u00dfen Sie 20000 Z\u00fcge voller Erfrischung und Energie mit der BANG Tick Tock Energy Drink f\u00fcr ein unvergleichliches Dampferlebnis das begeistert , Elementvape.de akzeptieren Gro\u00df-und Einzelhandel Bestellungen.\" \/>\n<meta property=\"og:url\" content=\"https:\/\/www.elementvape.de\/it\/produkt\/geniessen-sie-20000-zuege-voller-erfrischung-und-energie-mit-der-bang-tick-tock-energy-drink-fuer-ein-unvergleichliches-dampferlebnis-das-begeistert\/\" \/>\n<meta property=\"og:site_name\" content=\"ElementVape.de\" \/>\n<meta property=\"article:modified_time\" content=\"2024-10-10T02:57:01+00:00\" \/>\n<meta property=\"og:image\" content=\"https:\/\/www.elementvape.de\/wp-content\/uploads\/2024\/09\/Energy-Drink-1-scaled.jpg\" \/>\n\t<meta property=\"og:image:width\" content=\"2560\" \/>\n\t<meta property=\"og:image:height\" content=\"1536\" \/>\n\t<meta property=\"og:image:type\" content=\"image\/jpeg\" \/>\n<meta name=\"twitter:card\" content=\"summary_large_image\" \/>\n<meta name=\"twitter:label1\" content=\"Est. reading time\" \/>\n\t<meta name=\"twitter:data1\" content=\"7 minuti\" \/>\n<script type=\"application\/ld+json\" class=\"yoast-schema-graph\">{\"@context\":\"https:\/\/schema.org\",\"@graph\":[{\"@type\":\"WebPage\",\"@id\":\"https:\/\/www.elementvape.de\/fi\/produkt\/geniessen-sie-20000-zuege-voller-erfrischung-und-energie-mit-der-bang-tick-tock-energy-drink-fuer-ein-unvergleichliches-dampferlebnis-das-begeistert\/\",\"url\":\"https:\/\/www.elementvape.de\/fi\/produkt\/geniessen-sie-20000-zuege-voller-erfrischung-und-energie-mit-der-bang-tick-tock-energy-drink-fuer-ein-unvergleichliches-dampferlebnis-das-begeistert\/\",\"name\":\"Genie\u00dfen Sie 20000 Z\u00fcge voller Erfrischung und Energie mit der BANG Tick Tock Energy Drink f\u00fcr ein unvergleichliches Dampferlebnis das begeistert | ElementVape.de\",\"isPartOf\":{\"@id\":\"https:\/\/www.elementvape.de\/#website\"},\"primaryImageOfPage\":{\"@id\":\"https:\/\/www.elementvape.de\/fi\/produkt\/geniessen-sie-20000-zuege-voller-erfrischung-und-energie-mit-der-bang-tick-tock-energy-drink-fuer-ein-unvergleichliches-dampferlebnis-das-begeistert\/#primaryimage\"},\"image\":{\"@id\":\"https:\/\/www.elementvape.de\/fi\/produkt\/geniessen-sie-20000-zuege-voller-erfrischung-und-energie-mit-der-bang-tick-tock-energy-drink-fuer-ein-unvergleichliches-dampferlebnis-das-begeistert\/#primaryimage\"},\"thumbnailUrl\":\"https:\/\/www.elementvape.de\/wp-content\/uploads\/2024\/09\/Energy-Drink-1-scaled.jpg\",\"datePublished\":\"2024-09-23T02:51:43+00:00\",\"dateModified\":\"2024-10-10T02:57:01+00:00\",\"description\":\"Wir bieten Genie\u00dfen Sie 20000 Z\u00fcge voller Erfrischung und Energie mit der BANG Tick Tock Energy Drink f\u00fcr ein unvergleichliches Dampferlebnis das begeistert , Elementvape.de akzeptieren Gro\u00df-und Einzelhandel Bestellungen.\",\"breadcrumb\":{\"@id\":\"https:\/\/www.elementvape.de\/fi\/produkt\/geniessen-sie-20000-zuege-voller-erfrischung-und-energie-mit-der-bang-tick-tock-energy-drink-fuer-ein-unvergleichliches-dampferlebnis-das-begeistert\/#breadcrumb\"},\"inLanguage\":\"it-IT\",\"potentialAction\":[{\"@type\":\"ReadAction\",\"target\":[\"https:\/\/www.elementvape.de\/fi\/produkt\/geniessen-sie-20000-zuege-voller-erfrischung-und-energie-mit-der-bang-tick-tock-energy-drink-fuer-ein-unvergleichliches-dampferlebnis-das-begeistert\/\"]}]},{\"@type\":\"ImageObject\",\"inLanguage\":\"it-IT\",\"@id\":\"https:\/\/www.elementvape.de\/fi\/produkt\/geniessen-sie-20000-zuege-voller-erfrischung-und-energie-mit-der-bang-tick-tock-energy-drink-fuer-ein-unvergleichliches-dampferlebnis-das-begeistert\/#primaryimage\",\"url\":\"https:\/\/www.elementvape.de\/wp-content\/uploads\/2024\/09\/Energy-Drink-1-scaled.jpg\",\"contentUrl\":\"https:\/\/www.elementvape.de\/wp-content\/uploads\/2024\/09\/Energy-Drink-1-scaled.jpg\",\"width\":2560,\"height\":1536,\"caption\":\"Energy Drink\"},{\"@type\":\"BreadcrumbList\",\"@id\":\"https:\/\/www.elementvape.de\/fi\/produkt\/geniessen-sie-20000-zuege-voller-erfrischung-und-energie-mit-der-bang-tick-tock-energy-drink-fuer-ein-unvergleichliches-dampferlebnis-das-begeistert\/#breadcrumb\",\"itemListElement\":[{\"@type\":\"ListItem\",\"position\":1,\"name\":\"Home\",\"item\":\"https:\/\/www.elementvape.de\/\"},{\"@type\":\"ListItem\",\"position\":2,\"name\":\"Shop\",\"item\":\"https:\/\/www.elementvape.de\/shop\/\"},{\"@type\":\"ListItem\",\"position\":3,\"name\":\"Genie\u00dfen Sie 20000 Z\u00fcge voller Erfrischung und Energie mit der BANG Tick Tock Energy Drink f\u00fcr ein unvergleichliches Dampferlebnis das begeistert\"}]},{\"@type\":\"WebSite\",\"@id\":\"https:\/\/www.elementvape.de\/#website\",\"url\":\"https:\/\/www.elementvape.de\/\",\"name\":\"ElementVape.de\",\"description\":\"\",\"publisher\":{\"@id\":\"https:\/\/www.elementvape.de\/#organization\"},\"potentialAction\":[{\"@type\":\"SearchAction\",\"target\":{\"@type\":\"EntryPoint\",\"urlTemplate\":\"https:\/\/www.elementvape.de\/?s={search_term_string}\"},\"query-input\":\"required name=search_term_string\"}],\"inLanguage\":\"it-IT\"},{\"@type\":\"Organization\",\"@id\":\"https:\/\/www.elementvape.de\/#organization\",\"name\":\"ElementVape.DE\",\"url\":\"https:\/\/www.elementvape.de\/\",\"logo\":{\"@type\":\"ImageObject\",\"inLanguage\":\"it-IT\",\"@id\":\"https:\/\/www.elementvape.de\/#\/schema\/logo\/image\/\",\"url\":\"https:\/\/www.elementvape.de\/wp-content\/uploads\/2024\/09\/cropped-1elementvape-3.png\",\"contentUrl\":\"https:\/\/www.elementvape.de\/wp-content\/uploads\/2024\/09\/cropped-1elementvape-3.png\",\"width\":285,\"height\":228,\"caption\":\"ElementVape.DE\"},\"image\":{\"@id\":\"https:\/\/www.elementvape.de\/#\/schema\/logo\/image\/\"}}]}<\/script>\n<!-- \/ Yoast SEO plugin. -->","yoast_head_json":{"title":"Genie\u00dfen Sie 20000 Z\u00fcge voller Erfrischung und Energie mit der BANG Tick Tock Energy Drink f\u00fcr ein unvergleichliches Dampferlebnis das begeistert | ElementVape.de","description":"Wir bieten Genie\u00dfen Sie 20000 Z\u00fcge voller Erfrischung und Energie mit der BANG Tick Tock Energy Drink f\u00fcr ein unvergleichliches Dampferlebnis das begeistert , Elementvape.de akzeptieren Gro\u00df-und Einzelhandel Bestellungen.","robots":{"index":"index","follow":"follow","max-snippet":"max-snippet:-1","max-image-preview":"max-image-preview:large","max-video-preview":"max-video-preview:-1"},"canonical":"https:\/\/www.elementvape.de\/it\/produkt\/geniessen-sie-20000-zuege-voller-erfrischung-und-energie-mit-der-bang-tick-tock-energy-drink-fuer-ein-unvergleichliches-dampferlebnis-das-begeistert\/","og_locale":"it_IT","og_type":"article","og_title":"Genie\u00dfen Sie 20000 Z\u00fcge voller Erfrischung und Energie mit der BANG Tick Tock Energy Drink f\u00fcr ein unvergleichliches Dampferlebnis das begeistert | ElementVape.de","og_description":"Wir bieten Genie\u00dfen Sie 20000 Z\u00fcge voller Erfrischung und Energie mit der BANG Tick Tock Energy Drink f\u00fcr ein unvergleichliches Dampferlebnis das begeistert , Elementvape.de akzeptieren Gro\u00df-und Einzelhandel Bestellungen.","og_url":"https:\/\/www.elementvape.de\/it\/produkt\/geniessen-sie-20000-zuege-voller-erfrischung-und-energie-mit-der-bang-tick-tock-energy-drink-fuer-ein-unvergleichliches-dampferlebnis-das-begeistert\/","og_site_name":"ElementVape.de","article_modified_time":"2024-10-10T02:57:01+00:00","og_image":[{"width":2560,"height":1536,"url":"https:\/\/www.elementvape.de\/wp-content\/uploads\/2024\/09\/Energy-Drink-1-scaled.jpg","type":"image\/jpeg"}],"twitter_card":"summary_large_image","twitter_misc":{"Est. reading time":"7 minuti"},"schema":{"@context":"https:\/\/schema.org","@graph":[{"@type":"WebPage","@id":"https:\/\/www.elementvape.de\/fi\/produkt\/geniessen-sie-20000-zuege-voller-erfrischung-und-energie-mit-der-bang-tick-tock-energy-drink-fuer-ein-unvergleichliches-dampferlebnis-das-begeistert\/","url":"https:\/\/www.elementvape.de\/fi\/produkt\/geniessen-sie-20000-zuege-voller-erfrischung-und-energie-mit-der-bang-tick-tock-energy-drink-fuer-ein-unvergleichliches-dampferlebnis-das-begeistert\/","name":"Genie\u00dfen Sie 20000 Z\u00fcge voller Erfrischung und Energie mit der BANG Tick Tock Energy Drink f\u00fcr ein unvergleichliches Dampferlebnis das begeistert | ElementVape.de","isPartOf":{"@id":"https:\/\/www.elementvape.de\/#website"},"primaryImageOfPage":{"@id":"https:\/\/www.elementvape.de\/fi\/produkt\/geniessen-sie-20000-zuege-voller-erfrischung-und-energie-mit-der-bang-tick-tock-energy-drink-fuer-ein-unvergleichliches-dampferlebnis-das-begeistert\/#primaryimage"},"image":{"@id":"https:\/\/www.elementvape.de\/fi\/produkt\/geniessen-sie-20000-zuege-voller-erfrischung-und-energie-mit-der-bang-tick-tock-energy-drink-fuer-ein-unvergleichliches-dampferlebnis-das-begeistert\/#primaryimage"},"thumbnailUrl":"https:\/\/www.elementvape.de\/wp-content\/uploads\/2024\/09\/Energy-Drink-1-scaled.jpg","datePublished":"2024-09-23T02:51:43+00:00","dateModified":"2024-10-10T02:57:01+00:00","description":"Wir bieten Genie\u00dfen Sie 20000 Z\u00fcge voller Erfrischung und Energie mit der BANG Tick Tock Energy Drink f\u00fcr ein unvergleichliches Dampferlebnis das begeistert , Elementvape.de akzeptieren Gro\u00df-und Einzelhandel Bestellungen.","breadcrumb":{"@id":"https:\/\/www.elementvape.de\/fi\/produkt\/geniessen-sie-20000-zuege-voller-erfrischung-und-energie-mit-der-bang-tick-tock-energy-drink-fuer-ein-unvergleichliches-dampferlebnis-das-begeistert\/#breadcrumb"},"inLanguage":"it-IT","potentialAction":[{"@type":"ReadAction","target":["https:\/\/www.elementvape.de\/fi\/produkt\/geniessen-sie-20000-zuege-voller-erfrischung-und-energie-mit-der-bang-tick-tock-energy-drink-fuer-ein-unvergleichliches-dampferlebnis-das-begeistert\/"]}]},{"@type":"ImageObject","inLanguage":"it-IT","@id":"https:\/\/www.elementvape.de\/fi\/produkt\/geniessen-sie-20000-zuege-voller-erfrischung-und-energie-mit-der-bang-tick-tock-energy-drink-fuer-ein-unvergleichliches-dampferlebnis-das-begeistert\/#primaryimage","url":"https:\/\/www.elementvape.de\/wp-content\/uploads\/2024\/09\/Energy-Drink-1-scaled.jpg","contentUrl":"https:\/\/www.elementvape.de\/wp-content\/uploads\/2024\/09\/Energy-Drink-1-scaled.jpg","width":2560,"height":1536,"caption":"Energy Drink"},{"@type":"BreadcrumbList","@id":"https:\/\/www.elementvape.de\/fi\/produkt\/geniessen-sie-20000-zuege-voller-erfrischung-und-energie-mit-der-bang-tick-tock-energy-drink-fuer-ein-unvergleichliches-dampferlebnis-das-begeistert\/#breadcrumb","itemListElement":[{"@type":"ListItem","position":1,"name":"Home","item":"https:\/\/www.elementvape.de\/"},{"@type":"ListItem","position":2,"name":"Shop","item":"https:\/\/www.elementvape.de\/shop\/"},{"@type":"ListItem","position":3,"name":"Genie\u00dfen Sie 20000 Z\u00fcge voller Erfrischung und Energie mit der BANG Tick Tock Energy Drink f\u00fcr ein unvergleichliches Dampferlebnis das begeistert"}]},{"@type":"WebSite","@id":"https:\/\/www.elementvape.de\/#website","url":"https:\/\/www.elementvape.de\/","name":"ElementVape.de","description":"","publisher":{"@id":"https:\/\/www.elementvape.de\/#organization"},"potentialAction":[{"@type":"SearchAction","target":{"@type":"EntryPoint","urlTemplate":"https:\/\/www.elementvape.de\/?s={search_term_string}"},"query-input":"required name=search_term_string"}],"inLanguage":"it-IT"},{"@type":"Organization","@id":"https:\/\/www.elementvape.de\/#organization","name":"ElementVape.DE","url":"https:\/\/www.elementvape.de\/","logo":{"@type":"ImageObject","inLanguage":"it-IT","@id":"https:\/\/www.elementvape.de\/#\/schema\/logo\/image\/","url":"https:\/\/www.elementvape.de\/wp-content\/uploads\/2024\/09\/cropped-1elementvape-3.png","contentUrl":"https:\/\/www.elementvape.de\/wp-content\/uploads\/2024\/09\/cropped-1elementvape-3.png","width":285,"height":228,"caption":"ElementVape.DE"},"image":{"@id":"https:\/\/www.elementvape.de\/#\/schema\/logo\/image\/"}}]}},"_links":{"self":[{"href":"https:\/\/www.elementvape.de\/it\/wp-json\/wp\/v2\/product\/14521"}],"collection":[{"href":"https:\/\/www.elementvape.de\/it\/wp-json\/wp\/v2\/product"}],"about":[{"href":"https:\/\/www.elementvape.de\/it\/wp-json\/wp\/v2\/types\/product"}],"wp:featuredmedia":[{"embeddable":true,"href":"https:\/\/www.elementvape.de\/it\/wp-json\/wp\/v2\/media\/14508"}],"wp:attachment":[{"href":"https:\/\/www.elementvape.de\/it\/wp-json\/wp\/v2\/media?parent=14521"}],"wp:term":[{"taxonomy":"product_cat","embeddable":true,"href":"https:\/\/www.elementvape.de\/it\/wp-json\/wp\/v2\/product_cat?post=14521"},{"taxonomy":"product_tag","embeddable":true,"href":"https:\/\/www.elementvape.de\/it\/wp-json\/wp\/v2\/product_tag?post=14521"}],"curies":[{"name":"wp","href":"https:\/\/api.w.org\/{rel}","templated":true}]}}