{"id":14096,"date":"2024-09-02T03:27:07","date_gmt":"2024-09-02T03:27:07","guid":{"rendered":"https:\/\/www.elementvape.de\/?post_type=product&#038;p=14096"},"modified":"2024-10-15T03:10:48","modified_gmt":"2024-10-15T03:10:48","slug":"waspe-15000-puffs-strawberry-kiwi-e-zigarette-zollfrei-und-zu-unglaublichen-grosshandelspreisen-fuer-vollen-fruchtgenuss","status":"publish","type":"product","link":"https:\/\/www.elementvape.de\/it\/produkt\/waspe-15000-puffs-strawberry-kiwi-e-zigarette-zollfrei-und-zu-unglaublichen-grosshandelspreisen-fuer-vollen-fruchtgenuss\/","title":{"rendered":"WASPE 15000 PUFFS Fragola Kiwi Sigaretta elettronica senza dazi e a prezzi all'ingrosso incredibili per un pieno di gusto fruttato"},"content":{"rendered":"<div class=\"flex-shrink-0 flex flex-col relative items-end\">\n<div>\n<div class=\"pt-0\">\n<div class=\"gizmo-bot-avatar flex h-8 w-8 items-center justify-center overflow-hidden rounded-full\"><\/div>\n<\/div>\n<\/div>\n<\/div>\n<div class=\"group\/conversation-turn relative flex w-full min-w-0 flex-col agent-turn\">\n<div class=\"flex-col gap-1 md:gap-3\">\n<div class=\"flex max-w-full flex-col flex-grow\">\n<div class=\"text-message flex w-full flex-col items-end gap-2 break-words [.text-message+&amp;]:mt-5 overflow-x-auto whitespace-normal\" dir=\"auto\" data-message-author-role=\"assistant\" data-message-id=\"197d3463-0dcc-4526-87d7-3d3d91601848\">\n<div class=\"flex w-full flex-col gap-1 empty:hidden first:pt-[3px]\">\n<div class=\"markdown prose w-full break-words dark:prose-invert light\">\n<p>Immergiti nel mondo dell'esperienza di svapo indimenticabile con la sigaretta elettronica WASPE 15000 PUFFS Strawberry Kiwi. Questo prodotto eccezionale combina il dolce sapore di fragole fresche con la freschezza acidula del kiwi, offrendo una combinazione di gusti armoniosa e allo stesso tempo emozionante che entusiasmer\u00e0 i tuoi clienti. La sigaretta elettronica non \u00e8 solo un punto forte dal punto di vista del gusto, ma offre anche prestazioni impressionanti ed \u00e8 disponibile a prezzi all'ingrosso imbattibili.<\/p>\n<h3>Esperienza di gusto di prima classe Strawberry Kiwi<\/h3>\n<p>La combinazione di fragola e kiwi \u00e8 un classico molto apprezzato nel mondo dello svapo. La dolcezza della fragola \u00e8 perfettamente bilanciata dall'acidit\u00e0 frizzante del kiwi, creando un'esperienza di gusto equilibrata e intensa. Ogni tiro di questa sigaretta elettronica mette in risalto il meglio di entrambi i frutti, offrendo un'esperienza fruttata e rinfrescante che i tuoi clienti vorranno ripetere continuamente.<\/p>\n<p>Grazie all'uso di aromi di alta qualit\u00e0 e a una tecnica di miscelazione precisa, la WASPE 15000 PUFFS Strawberry Kiwi offre un sapore costante e autentico dalla prima all'ultima vaporizzazione. La fruttosit\u00e0 intensa di questa sigaretta elettronica \u00e8 garantita dall'alta qualit\u00e0 degli ingredienti utilizzati, portando a un'esperienza di svapo autentica e soddisfacente.<\/p>\n<h3>Capacit\u00e0 impressionante di 15.000 tiri per un piacere duraturo<\/h3>\n<p>Con una capacit\u00e0 di incredibili 15.000 tiri, la WASPE 15000 PUFFS Strawberry Kiwi stabilisce nuovi standard in termini di durata e facilit\u00e0 d'uso. Questo numero eccezionale di tiri permette agli utenti di godere di un'esperienza di svapo continua per un lungo periodo, senza preoccuparsi di ricariche frequenti o della sostituzione del dispositivo.<\/p>\n<p>La sigaretta elettronica contiene 22 ml di e-liquid, garantendo un uso estremamente prolungato e attirando in particolare gli svapatori frequenti. I clienti che cercano una sigaretta elettronica affidabile e durevole saranno entusiasti della WASPE 15000 PUFFS, poich\u00e9 offre un rapporto ottimale tra prestazioni e capacit\u00e0. Queste caratteristiche rendono il prodotto una scelta eccellente per clienti che non vogliono rinunciare alla loro esperienza di svapo sia nella vita quotidiana che in viaggio.<\/p>\n<h3>Livelli di nicotina flessibili per esigenze individuali<\/h3>\n<p>Un'altra caratteristica eccezionale della WASPE 15000 PUFFS Strawberry Kiwi \u00e8 la disponibilit\u00e0 in diverse concentrazioni di nicotina. La sigaretta elettronica pu\u00f2 essere acquistata in varianti con contenuto di nicotina di 2% e 5%, cos\u00ec ogni utente pu\u00f2 scegliere il livello di nicotina preferito. Questa variet\u00e0 permette a te come rivenditore di rivolgersi a un ampio pubblico di clienti \u2013 da quelli che preferiscono svapare senza nicotina a quelli che desiderano una concentrazione pi\u00f9 elevata.<\/p>\n<p>L'adattabilit\u00e0 della WASPE 15000 PUFFS alle preferenze individuali degli utenti \u00e8 un chiaro vantaggio rispetto ad altri prodotti sul mercato. Puoi essere sicuro di offrire un prodotto che sia attraente sia per utenti esperti <strong><a href=\"https:\/\/www.elementvape.de\/it\/\" target=\"_blank\" rel=\"noopener\">svapatori<\/a><\/strong> che per principianti.<\/p>\n<h3>Innovazione tecnologica per un'esperienza di svapo superiore<\/h3>\n<p>La sigaretta elettronica WASPE 15000 PUFFS Strawberry Kiwi non \u00e8 solo convincente dal punto di vista del gusto, ma anche tecnologicamente all'avanguardia. Con una batteria ricaricabile da 650mAh, che si ricarica tramite una porta Type-C, offre prestazioni affidabili e una lunga durata della batteria. La porta di ricarica Type-C garantisce una ricarica rapida ed efficiente, permettendo agli utenti di riutilizzare rapidamente la loro sigaretta elettronica.<\/p>\n<p>Un altro punto forte tecnologico di questa sigaretta elettronica \u00e8 il display integrato, che mostra sia lo stato della batteria sia la quantit\u00e0 residua di e-liquid. Questa funzione pratica permette agli utenti di tenere sempre sotto controllo lo stato del dispositivo e di ricaricare o riempire in tempo, garantendo un'esperienza di svapo senza interruzioni.<\/p>\n<h3>Dieci gusti per un piacere vario<\/h3>\n<p>Oltre alla deliziosa variante Strawberry Kiwi, la WASPE 15000 PUFFS offre in totale dieci gusti diversi, coprendo un'ampia gamma di preferenze di sapore. Questa variet\u00e0 assicura che ci sia qualcosa per ogni gusto e che i tuoi clienti abbiano la possibilit\u00e0 di provare continuamente nuovi aromi. La vasta scelta di gusti contribuisce a far s\u00ec che i clienti acquistino regolarmente nuovi prodotti da te, aumentando la soddisfazione e la fidelizzazione.<\/p>\n<p>La variet\u00e0 di gusti \u00e8 un forte argomento di vendita, poich\u00e9 rende lo svapo un'esperienza versatile e stimolante. I clienti in cerca di variet\u00e0 adoreranno la possibilit\u00e0 di provare diversi aromi senza compromettere la qualit\u00e0.<\/p>\n<h3>Design compatto e facile da usare<\/h3>\n<p>Il design della sigaretta elettronica WASPE 15000 PUFFS Strawberry Kiwi \u00e8 compatto, leggero ed ergonomico, per garantire massimo comfort e facilit\u00e0 d'uso. Con dimensioni di 35 * 56 * 120 mm e un peso di soli 110 g, la sigaretta elettronica \u00e8 perfetta per l'uso quotidiano e si adatta facilmente a qualsiasi tasca. Il design snello e la lavorazione di alta qualit\u00e0 conferiscono alla sigaretta elettronica un aspetto moderno e attraente, che sicuramente sar\u00e0 apprezzato dai tuoi clienti.<\/p>\n<p>La facilit\u00e0 d'uso di questa sigaretta elettronica \u00e8 ulteriormente migliorata dal design intuitivo. La semplice operativit\u00e0, combinata con il display tecnologico avanzato, rende la WASPE 15000 PUFFS una scelta ideale per utenti di ogni livello di esperienza.<\/p>\n<h3>Prezzi all'ingrosso incredibili, la tua occasione per margini elevati<\/h3>\n<p>Come rivenditore, hai la possibilit\u00e0 di acquistare la sigaretta elettronica WASPE 15000 PUFFS Strawberry Kiwi a prezzi all'ingrosso imbattibili. Questi prezzi ti offrono un'eccellente opportunit\u00e0 per massimizzare i tuoi margini di profitto, offrendo allo stesso tempo un prodotto che convince i tuoi clienti per la sua alta qualit\u00e0 e il suo ottimo rapporto qualit\u00e0-prezzo.<\/p>\n<p>L'acquisto a prezzi all'ingrosso ti permette di offrire prezzi competitivi senza mettere a rischio la tua redditivit\u00e0. Inoltre, acquistando in grandi quantit\u00e0, puoi beneficiare di sconti e vantaggi aggiuntivi che riducono ulteriormente i tuoi costi e aumentano i tuoi profitti.<\/p>\n<h3>Rafforzare la tua posizione di mercato attraverso prodotti innovativi<\/h3>\n<p>Vendendo la sigaretta elettronica WASPE 15000 PUFFS Strawberry Kiwi, ti posizioni come fornitore di prodotti innovativi e di alta qualit\u00e0 sul mercato. Questa <strong><a href=\"https:\/\/www.elementvape.de\/it\/c\/einweg-zigarette\/\" target=\"_blank\" rel=\"noopener\">Sigaretta elettronica usa e getta<\/a><\/strong> non solo offre un'esperienza di svapo straordinaria, ma anche un'impressionante dotazione tecnica che la distingue dagli altri prodotti della stessa fascia di prezzo. Inserendo un prodotto di prima qualit\u00e0 come questo nel tuo assortimento, puoi distinguerti dalla concorrenza e rafforzare la tua posizione di mercato.<\/p>\n<p>Un prodotto innovativo e desiderato come la WASPE 15000 PUFFS pu\u00f2 contribuire ad acquisire nuovi clienti e fidelizzare quelli esistenti. Ti offre l'opportunit\u00e0 di affermarti come fornitore leader nel settore delle sigarette elettroniche e di avere successo a lungo termine.<\/p>\n<h3>Consegna franco domicilio per la massima efficienza dei costi<\/h3>\n<p>Un altro vantaggio di cui puoi usufruire acquistando la sigaretta elettronica WASPE 15000 PUFFS Strawberry Kiwi \u00e8 la consegna franco domicilio. Ci\u00f2 significa che non devi pagare tasse doganali aggiuntive, riducendo ulteriormente i tuoi costi complessivi e permettendoti di offrire prezzi competitivi ai tuoi clienti. La consegna franco domicilio rende l'acquisto di questo prodotto ancora pi\u00f9 attraente e contribuisce a ottimizzare i tuoi margini di profitto.<\/p>\n<p>La possibilit\u00e0 di acquistare un prodotto cos\u00ec di alta qualit\u00e0 senza dazi \u00e8 un vantaggio chiaro che non dovresti perdere. Garantisce di ottenere il massimo dal tuo acquisto e di massimizzare al contempo la tua efficienza dei costi.<\/p>\n<h3>Recensioni dei clienti e successo sul mercato<\/h3>\n<p>La sigaretta elettronica WASPE 15000 PUFFS Strawberry Kiwi ha gi\u00e0 ricevuto numerosi feedback positivi da parte dei clienti, entusiasti della qualit\u00e0, del gusto e della lunga durata del prodotto. Queste recensioni positive sottolineano l'alto livello di soddisfazione degli utenti e confermano che la WASPE 15000 PUFFS \u00e8 una scelta eccellente per gli svapatori alla ricerca di un prodotto di prima classe.<\/p>\n<p>I rivenditori che hanno inserito questa sigaretta elettronica nel loro assortimento segnalano una forte domanda e un alto livello di soddisfazione dei clienti. La combinazione di gusto, prestazioni e design ha portato la WASPE 15000 PUFFS a diventare un bestseller, con un impatto positivo costante sulle vendite.<\/p>\n<h3>La scelta perfetta per il tuo assortimento<\/h3>\n<p>La sigaretta elettronica WASPE 15000 PUFFS Strawberry Kiwi offre tutto ci\u00f2 che desideri da un prodotto di punta nel mercato dello svapo: una combinazione di gusti armoniosa, un'impressionante capacit\u00e0, tecnologia all'avanguardia e un design accattivante. Questa sigaretta elettronica non \u00e8 solo popolare tra gli svapatori, ma rappresenta anche un'ottima scelta per i rivenditori che vogliono ampliare il proprio assortimento con un prodotto di alta qualit\u00e0 e attraente.<\/p>\n<p>Cogli l'opportunit\u00e0 di assicurarti la sigaretta elettronica WASPE 15000 PUFFS Strawberry Kiwi a prezzi all'ingrosso incredibili e senza dazi. Aumenta i tuoi margini di profitto, rafforza la tua posizione di mercato e offri ai tuoi clienti un prodotto che ameranno. Ordina subito e approfitta dei numerosi vantaggi che questa sigaretta elettronica di eccellenza pu\u00f2 offrire.<\/p>\n<\/div>\n<\/div>\n<\/div>\n<\/div>\n<\/div>\n<\/div>","protected":false},"excerpt":{"rendered":"<p>Tauchen Sie ein in die Welt des unvergesslichen Dampferlebnisses mit der WASPE 15000 PUFFS Strawberry Kiwi E-Zigarette. Dieses herausragende Produkt vereint den s\u00fc\u00dfen Geschmack frischer Erdbeeren mit der s\u00e4uerlichen Frische von Kiwi, um eine harmonische und zugleich aufregende Geschmackskombination zu bieten, die Ihre Kunden begeistern wird. Die E-Zigarette ist nicht nur geschmacklich ein Highlight, sondern [&hellip;]<\/p>","protected":false},"featured_media":14097,"template":"","meta":{"inline_featured_image":false},"product_cat":[15,78,735,746,741,733,750,737,736,749,752,756,744,755,738,751,723],"product_tag":[710,674],"tiered_pricing_type":"fixed","tiered_pricing_fixed_rules":[],"tiered_pricing_percentage_rules":[],"tiered_pricing_minimum":1,"_administrator_tiered_pricing_type":"fixed","_administrator_tiered_pricing_fixed_rules":[],"_editor_tiered_pricing_type":"fixed","_editor_tiered_pricing_fixed_rules":[],"_author_tiered_pricing_type":"fixed","_author_tiered_pricing_fixed_rules":[],"_contributor_tiered_pricing_type":"fixed","_contributor_tiered_pricing_fixed_rules":[],"_subscriber_tiered_pricing_type":"fixed","_subscriber_tiered_pricing_fixed_rules":[],"_customer_tiered_pricing_type":"fixed","_customer_tiered_pricing_fixed_rules":[],"_shop_manager_tiered_pricing_type":"fixed","_shop_manager_tiered_pricing_fixed_rules":[],"_wpseo_manager_tiered_pricing_type":"fixed","_wpseo_manager_tiered_pricing_fixed_rules":[],"_wpseo_editor_tiered_pricing_type":"fixed","_wpseo_editor_tiered_pricing_fixed_rules":[],"_wholesale_customer_tiered_pricing_type":"fixed","_wholesale_customer_tiered_pricing_fixed_rules":[],"_marketer_tiered_pricing_type":"fixed","_marketer_tiered_pricing_fixed_rules":[],"_sales_manager_tiered_pricing_type":"fixed","_sales_manager_tiered_pricing_fixed_rules":[],"_sales_rep_tiered_pricing_type":"fixed","_sales_rep_tiered_pricing_fixed_rules":[],"yoast_head":"<!-- This site is optimized with the Yoast SEO plugin v23.3 - https:\/\/yoast.com\/wordpress\/plugins\/seo\/ -->\n<title>WASPE 15000 PUFFS Strawberry Kiwi E-Zigarette Zollfrei und zu unglaublichen Gro\u00dfhandelspreisen f\u00fcr vollen Fruchtgenuss | ElementVape.de<\/title>\n<meta name=\"description\" content=\"Wir bieten WASPE 15000 PUFFS Strawberry Kiwi E-Zigarette Zollfrei und zu unglaublichen Gro\u00dfhandelspreisen f\u00fcr vollen Fruchtgenuss , Elementvape.de akzeptieren Gro\u00df-und Einzelhandel Bestellungen.\" \/>\n<meta name=\"robots\" content=\"index, follow, max-snippet:-1, max-image-preview:large, max-video-preview:-1\" \/>\n<link rel=\"canonical\" href=\"https:\/\/www.elementvape.de\/it\/produkt\/waspe-15000-puffs-strawberry-kiwi-e-zigarette-zollfrei-und-zu-unglaublichen-grosshandelspreisen-fuer-vollen-fruchtgenuss\/\" \/>\n<meta property=\"og:locale\" content=\"it_IT\" \/>\n<meta property=\"og:type\" content=\"article\" \/>\n<meta property=\"og:title\" content=\"WASPE 15000 PUFFS Strawberry Kiwi E-Zigarette Zollfrei und zu unglaublichen Gro\u00dfhandelspreisen f\u00fcr vollen Fruchtgenuss | ElementVape.de\" \/>\n<meta property=\"og:description\" content=\"Wir bieten WASPE 15000 PUFFS Strawberry Kiwi E-Zigarette Zollfrei und zu unglaublichen Gro\u00dfhandelspreisen f\u00fcr vollen Fruchtgenuss , Elementvape.de akzeptieren Gro\u00df-und Einzelhandel Bestellungen.\" \/>\n<meta property=\"og:url\" content=\"https:\/\/www.elementvape.de\/it\/produkt\/waspe-15000-puffs-strawberry-kiwi-e-zigarette-zollfrei-und-zu-unglaublichen-grosshandelspreisen-fuer-vollen-fruchtgenuss\/\" \/>\n<meta property=\"og:site_name\" content=\"ElementVape.de\" \/>\n<meta property=\"article:modified_time\" content=\"2024-10-15T03:10:48+00:00\" \/>\n<meta property=\"og:image\" content=\"https:\/\/www.elementvape.de\/wp-content\/uploads\/2024\/09\/strawberry-kiwi.jpg\" \/>\n\t<meta property=\"og:image:width\" content=\"2000\" \/>\n\t<meta property=\"og:image:height\" content=\"2000\" \/>\n\t<meta property=\"og:image:type\" content=\"image\/jpeg\" \/>\n<meta name=\"twitter:card\" content=\"summary_large_image\" \/>\n<meta name=\"twitter:label1\" content=\"Est. reading time\" \/>\n\t<meta name=\"twitter:data1\" content=\"8 minuti\" \/>\n<script type=\"application\/ld+json\" class=\"yoast-schema-graph\">{\"@context\":\"https:\/\/schema.org\",\"@graph\":[{\"@type\":\"WebPage\",\"@id\":\"https:\/\/www.elementvape.de\/en\/produkt\/waspe-15000-puffs-strawberry-kiwi-e-zigarette-zollfrei-und-zu-unglaublichen-grosshandelspreisen-fuer-vollen-fruchtgenuss\/\",\"url\":\"https:\/\/www.elementvape.de\/en\/produkt\/waspe-15000-puffs-strawberry-kiwi-e-zigarette-zollfrei-und-zu-unglaublichen-grosshandelspreisen-fuer-vollen-fruchtgenuss\/\",\"name\":\"WASPE 15000 PUFFS Strawberry Kiwi E-Zigarette Zollfrei und zu unglaublichen Gro\u00dfhandelspreisen f\u00fcr vollen Fruchtgenuss | ElementVape.de\",\"isPartOf\":{\"@id\":\"https:\/\/www.elementvape.de\/#website\"},\"primaryImageOfPage\":{\"@id\":\"https:\/\/www.elementvape.de\/en\/produkt\/waspe-15000-puffs-strawberry-kiwi-e-zigarette-zollfrei-und-zu-unglaublichen-grosshandelspreisen-fuer-vollen-fruchtgenuss\/#primaryimage\"},\"image\":{\"@id\":\"https:\/\/www.elementvape.de\/en\/produkt\/waspe-15000-puffs-strawberry-kiwi-e-zigarette-zollfrei-und-zu-unglaublichen-grosshandelspreisen-fuer-vollen-fruchtgenuss\/#primaryimage\"},\"thumbnailUrl\":\"https:\/\/www.elementvape.de\/wp-content\/uploads\/2024\/09\/strawberry-kiwi.jpg\",\"datePublished\":\"2024-09-02T03:27:07+00:00\",\"dateModified\":\"2024-10-15T03:10:48+00:00\",\"description\":\"Wir bieten WASPE 15000 PUFFS Strawberry Kiwi E-Zigarette Zollfrei und zu unglaublichen Gro\u00dfhandelspreisen f\u00fcr vollen Fruchtgenuss , Elementvape.de akzeptieren Gro\u00df-und Einzelhandel Bestellungen.\",\"breadcrumb\":{\"@id\":\"https:\/\/www.elementvape.de\/en\/produkt\/waspe-15000-puffs-strawberry-kiwi-e-zigarette-zollfrei-und-zu-unglaublichen-grosshandelspreisen-fuer-vollen-fruchtgenuss\/#breadcrumb\"},\"inLanguage\":\"it-IT\",\"potentialAction\":[{\"@type\":\"ReadAction\",\"target\":[\"https:\/\/www.elementvape.de\/en\/produkt\/waspe-15000-puffs-strawberry-kiwi-e-zigarette-zollfrei-und-zu-unglaublichen-grosshandelspreisen-fuer-vollen-fruchtgenuss\/\"]}]},{\"@type\":\"ImageObject\",\"inLanguage\":\"it-IT\",\"@id\":\"https:\/\/www.elementvape.de\/en\/produkt\/waspe-15000-puffs-strawberry-kiwi-e-zigarette-zollfrei-und-zu-unglaublichen-grosshandelspreisen-fuer-vollen-fruchtgenuss\/#primaryimage\",\"url\":\"https:\/\/www.elementvape.de\/wp-content\/uploads\/2024\/09\/strawberry-kiwi.jpg\",\"contentUrl\":\"https:\/\/www.elementvape.de\/wp-content\/uploads\/2024\/09\/strawberry-kiwi.jpg\",\"width\":2000,\"height\":2000,\"caption\":\"strawberry kiwi\"},{\"@type\":\"BreadcrumbList\",\"@id\":\"https:\/\/www.elementvape.de\/en\/produkt\/waspe-15000-puffs-strawberry-kiwi-e-zigarette-zollfrei-und-zu-unglaublichen-grosshandelspreisen-fuer-vollen-fruchtgenuss\/#breadcrumb\",\"itemListElement\":[{\"@type\":\"ListItem\",\"position\":1,\"name\":\"Home\",\"item\":\"https:\/\/www.elementvape.de\/\"},{\"@type\":\"ListItem\",\"position\":2,\"name\":\"Shop\",\"item\":\"https:\/\/www.elementvape.de\/shop\/\"},{\"@type\":\"ListItem\",\"position\":3,\"name\":\"WASPE 15000 PUFFS Strawberry Kiwi E-Zigarette Zollfrei und zu unglaublichen Gro\u00dfhandelspreisen f\u00fcr vollen Fruchtgenuss\"}]},{\"@type\":\"WebSite\",\"@id\":\"https:\/\/www.elementvape.de\/#website\",\"url\":\"https:\/\/www.elementvape.de\/\",\"name\":\"ElementVape.de\",\"description\":\"\",\"publisher\":{\"@id\":\"https:\/\/www.elementvape.de\/#organization\"},\"potentialAction\":[{\"@type\":\"SearchAction\",\"target\":{\"@type\":\"EntryPoint\",\"urlTemplate\":\"https:\/\/www.elementvape.de\/?s={search_term_string}\"},\"query-input\":\"required name=search_term_string\"}],\"inLanguage\":\"it-IT\"},{\"@type\":\"Organization\",\"@id\":\"https:\/\/www.elementvape.de\/#organization\",\"name\":\"ElementVape.DE\",\"url\":\"https:\/\/www.elementvape.de\/\",\"logo\":{\"@type\":\"ImageObject\",\"inLanguage\":\"it-IT\",\"@id\":\"https:\/\/www.elementvape.de\/#\/schema\/logo\/image\/\",\"url\":\"https:\/\/www.elementvape.de\/wp-content\/uploads\/2024\/09\/cropped-1elementvape-3.png\",\"contentUrl\":\"https:\/\/www.elementvape.de\/wp-content\/uploads\/2024\/09\/cropped-1elementvape-3.png\",\"width\":285,\"height\":228,\"caption\":\"ElementVape.DE\"},\"image\":{\"@id\":\"https:\/\/www.elementvape.de\/#\/schema\/logo\/image\/\"}}]}<\/script>\n<!-- \/ Yoast SEO plugin. -->","yoast_head_json":{"title":"WASPE 15000 PUFFS Strawberry Kiwi E-Zigarette Zollfrei und zu unglaublichen Gro\u00dfhandelspreisen f\u00fcr vollen Fruchtgenuss | ElementVape.de","description":"Wir bieten WASPE 15000 PUFFS Strawberry Kiwi E-Zigarette Zollfrei und zu unglaublichen Gro\u00dfhandelspreisen f\u00fcr vollen Fruchtgenuss , Elementvape.de akzeptieren Gro\u00df-und Einzelhandel Bestellungen.","robots":{"index":"index","follow":"follow","max-snippet":"max-snippet:-1","max-image-preview":"max-image-preview:large","max-video-preview":"max-video-preview:-1"},"canonical":"https:\/\/www.elementvape.de\/it\/produkt\/waspe-15000-puffs-strawberry-kiwi-e-zigarette-zollfrei-und-zu-unglaublichen-grosshandelspreisen-fuer-vollen-fruchtgenuss\/","og_locale":"it_IT","og_type":"article","og_title":"WASPE 15000 PUFFS Strawberry Kiwi E-Zigarette Zollfrei und zu unglaublichen Gro\u00dfhandelspreisen f\u00fcr vollen Fruchtgenuss | ElementVape.de","og_description":"Wir bieten WASPE 15000 PUFFS Strawberry Kiwi E-Zigarette Zollfrei und zu unglaublichen Gro\u00dfhandelspreisen f\u00fcr vollen Fruchtgenuss , Elementvape.de akzeptieren Gro\u00df-und Einzelhandel Bestellungen.","og_url":"https:\/\/www.elementvape.de\/it\/produkt\/waspe-15000-puffs-strawberry-kiwi-e-zigarette-zollfrei-und-zu-unglaublichen-grosshandelspreisen-fuer-vollen-fruchtgenuss\/","og_site_name":"ElementVape.de","article_modified_time":"2024-10-15T03:10:48+00:00","og_image":[{"width":2000,"height":2000,"url":"https:\/\/www.elementvape.de\/wp-content\/uploads\/2024\/09\/strawberry-kiwi.jpg","type":"image\/jpeg"}],"twitter_card":"summary_large_image","twitter_misc":{"Est. reading time":"8 minuti"},"schema":{"@context":"https:\/\/schema.org","@graph":[{"@type":"WebPage","@id":"https:\/\/www.elementvape.de\/en\/produkt\/waspe-15000-puffs-strawberry-kiwi-e-zigarette-zollfrei-und-zu-unglaublichen-grosshandelspreisen-fuer-vollen-fruchtgenuss\/","url":"https:\/\/www.elementvape.de\/en\/produkt\/waspe-15000-puffs-strawberry-kiwi-e-zigarette-zollfrei-und-zu-unglaublichen-grosshandelspreisen-fuer-vollen-fruchtgenuss\/","name":"WASPE 15000 PUFFS Strawberry Kiwi E-Zigarette Zollfrei und zu unglaublichen Gro\u00dfhandelspreisen f\u00fcr vollen Fruchtgenuss | ElementVape.de","isPartOf":{"@id":"https:\/\/www.elementvape.de\/#website"},"primaryImageOfPage":{"@id":"https:\/\/www.elementvape.de\/en\/produkt\/waspe-15000-puffs-strawberry-kiwi-e-zigarette-zollfrei-und-zu-unglaublichen-grosshandelspreisen-fuer-vollen-fruchtgenuss\/#primaryimage"},"image":{"@id":"https:\/\/www.elementvape.de\/en\/produkt\/waspe-15000-puffs-strawberry-kiwi-e-zigarette-zollfrei-und-zu-unglaublichen-grosshandelspreisen-fuer-vollen-fruchtgenuss\/#primaryimage"},"thumbnailUrl":"https:\/\/www.elementvape.de\/wp-content\/uploads\/2024\/09\/strawberry-kiwi.jpg","datePublished":"2024-09-02T03:27:07+00:00","dateModified":"2024-10-15T03:10:48+00:00","description":"Wir bieten WASPE 15000 PUFFS Strawberry Kiwi E-Zigarette Zollfrei und zu unglaublichen Gro\u00dfhandelspreisen f\u00fcr vollen Fruchtgenuss , Elementvape.de akzeptieren Gro\u00df-und Einzelhandel Bestellungen.","breadcrumb":{"@id":"https:\/\/www.elementvape.de\/en\/produkt\/waspe-15000-puffs-strawberry-kiwi-e-zigarette-zollfrei-und-zu-unglaublichen-grosshandelspreisen-fuer-vollen-fruchtgenuss\/#breadcrumb"},"inLanguage":"it-IT","potentialAction":[{"@type":"ReadAction","target":["https:\/\/www.elementvape.de\/en\/produkt\/waspe-15000-puffs-strawberry-kiwi-e-zigarette-zollfrei-und-zu-unglaublichen-grosshandelspreisen-fuer-vollen-fruchtgenuss\/"]}]},{"@type":"ImageObject","inLanguage":"it-IT","@id":"https:\/\/www.elementvape.de\/en\/produkt\/waspe-15000-puffs-strawberry-kiwi-e-zigarette-zollfrei-und-zu-unglaublichen-grosshandelspreisen-fuer-vollen-fruchtgenuss\/#primaryimage","url":"https:\/\/www.elementvape.de\/wp-content\/uploads\/2024\/09\/strawberry-kiwi.jpg","contentUrl":"https:\/\/www.elementvape.de\/wp-content\/uploads\/2024\/09\/strawberry-kiwi.jpg","width":2000,"height":2000,"caption":"strawberry kiwi"},{"@type":"BreadcrumbList","@id":"https:\/\/www.elementvape.de\/en\/produkt\/waspe-15000-puffs-strawberry-kiwi-e-zigarette-zollfrei-und-zu-unglaublichen-grosshandelspreisen-fuer-vollen-fruchtgenuss\/#breadcrumb","itemListElement":[{"@type":"ListItem","position":1,"name":"Home","item":"https:\/\/www.elementvape.de\/"},{"@type":"ListItem","position":2,"name":"Shop","item":"https:\/\/www.elementvape.de\/shop\/"},{"@type":"ListItem","position":3,"name":"WASPE 15000 PUFFS Strawberry Kiwi E-Zigarette Zollfrei und zu unglaublichen Gro\u00dfhandelspreisen f\u00fcr vollen Fruchtgenuss"}]},{"@type":"WebSite","@id":"https:\/\/www.elementvape.de\/#website","url":"https:\/\/www.elementvape.de\/","name":"ElementVape.de","description":"","publisher":{"@id":"https:\/\/www.elementvape.de\/#organization"},"potentialAction":[{"@type":"SearchAction","target":{"@type":"EntryPoint","urlTemplate":"https:\/\/www.elementvape.de\/?s={search_term_string}"},"query-input":"required name=search_term_string"}],"inLanguage":"it-IT"},{"@type":"Organization","@id":"https:\/\/www.elementvape.de\/#organization","name":"ElementVape.DE","url":"https:\/\/www.elementvape.de\/","logo":{"@type":"ImageObject","inLanguage":"it-IT","@id":"https:\/\/www.elementvape.de\/#\/schema\/logo\/image\/","url":"https:\/\/www.elementvape.de\/wp-content\/uploads\/2024\/09\/cropped-1elementvape-3.png","contentUrl":"https:\/\/www.elementvape.de\/wp-content\/uploads\/2024\/09\/cropped-1elementvape-3.png","width":285,"height":228,"caption":"ElementVape.DE"},"image":{"@id":"https:\/\/www.elementvape.de\/#\/schema\/logo\/image\/"}}]}},"_links":{"self":[{"href":"https:\/\/www.elementvape.de\/it\/wp-json\/wp\/v2\/product\/14096"}],"collection":[{"href":"https:\/\/www.elementvape.de\/it\/wp-json\/wp\/v2\/product"}],"about":[{"href":"https:\/\/www.elementvape.de\/it\/wp-json\/wp\/v2\/types\/product"}],"wp:featuredmedia":[{"embeddable":true,"href":"https:\/\/www.elementvape.de\/it\/wp-json\/wp\/v2\/media\/14097"}],"wp:attachment":[{"href":"https:\/\/www.elementvape.de\/it\/wp-json\/wp\/v2\/media?parent=14096"}],"wp:term":[{"taxonomy":"product_cat","embeddable":true,"href":"https:\/\/www.elementvape.de\/it\/wp-json\/wp\/v2\/product_cat?post=14096"},{"taxonomy":"product_tag","embeddable":true,"href":"https:\/\/www.elementvape.de\/it\/wp-json\/wp\/v2\/product_tag?post=14096"}],"curies":[{"name":"wp","href":"https:\/\/api.w.org\/{rel}","templated":true}]}}