{"id":14087,"date":"2024-08-31T07:43:59","date_gmt":"2024-08-31T07:43:59","guid":{"rendered":"https:\/\/www.elementvape.de\/?post_type=product&#038;p=14087"},"modified":"2024-10-15T03:14:27","modified_gmt":"2024-10-15T03:14:27","slug":"zollfreie-frische-waspe-8000-puffs-strawberry-mango-e-zigarette-jetzt-zum-besten-grosshandelspreis-fuer-ultimativen-erdbeer-mango-genuss","status":"publish","type":"product","link":"https:\/\/www.elementvape.de\/it\/produkt\/zollfreie-frische-waspe-8000-puffs-strawberry-mango-e-zigarette-jetzt-zum-besten-grosshandelspreis-fuer-ultimativen-erdbeer-mango-genuss\/","title":{"rendered":"Freschezza senza dazi WASPE 8000 PUFFS Sigaretta elettronica alla fragola e mango ora al miglior prezzo all'ingrosso per un piacere definitivo di fragola e mango"},"content":{"rendered":"<div class=\"flex-shrink-0 flex flex-col relative items-end\">\n<div>\n<div class=\"pt-0\">\n<div class=\"gizmo-bot-avatar flex h-8 w-8 items-center justify-center overflow-hidden rounded-full\">\n<h2 class=\"relative p-1 rounded-sm flex items-center justify-center bg-token-main-surface-primary text-token-text-primary h-8 w-8\">Freschezza senza dazi con la WASPE 8000 PUFFS Strawberry Mango E-cigarette \u2013 Ora al miglior prezzo all'ingrosso per un piacere definitivo di fragola e mango<\/h2>\n<div><\/div>\n<\/div>\n<\/div>\n<\/div>\n<\/div>\n<div class=\"group\/conversation-turn relative flex w-full min-w-0 flex-col agent-turn\">\n<div class=\"flex-col gap-1 md:gap-3\">\n<div class=\"flex max-w-full flex-col flex-grow\">\n<div class=\"min-h-[20px] text-message flex w-full flex-col items-end gap-2 break-words [.text-message+&amp;]:mt-5 overflow-x-auto whitespace-normal\" dir=\"auto\" data-message-author-role=\"assistant\" data-message-id=\"eec96cae-7338-4ed3-88b3-3cc42fe3f307\">\n<div class=\"flex w-full flex-col gap-1 empty:hidden first:pt-[3px]\">\n<div class=\"markdown prose w-full break-words dark:prose-invert light\">\n<p>La WASPE 8000 PUFFS Strawberry Mango E-cigarette combina l'aroma succoso di fragole fresche con la dolcezza esotica dei mango maturi in un'esperienza di gusto irresistibile. Questa combinazione di freschezza e fruttosit\u00e0 rende l'e-cigarette una scelta perfetta per chi ama aromi straordinari. I grossisti possono beneficiare dei vantaggi doganali e di prezzi all'ingrosso attraenti, offrendo ai propri clienti un prodotto di alta qualit\u00e0 e dal sapore unico.<\/p>\n<h3>Strawberry Mango \u2013 Una fusione fruttata di prima classe<\/h3>\n<p>L'attrazione principale della WASPE 8000 PUFFS Strawberry Mango \u00e8 la miscela perfettamente equilibrata tra fragole dolci e mango tropicale. Questa combinazione di sapori garantisce un'esperienza di svapo intensa e allo stesso tempo rinfrescante, sia fruttata che esotica. Ogni tiro offre la dolcezza naturale della fragola, che si fonde armoniosamente con la nota succosa e leggermente acidula del mango.<\/p>\n<p>L'aroma di Strawberry Mango \u00e8 particolarmente apprezzato da chi preferisce gusti fruttati, ma anche da chi apprezza una nota esotica. Questa miscela unica rende lo svapo un vero piacere e offre un'alternativa varia ai tradizionali aromi di sigarette elettroniche.<\/p>\n<h3>8000 tiri per un piacere duraturo<\/h3>\n<p>La WASPE 8000 PUFFS Strawberry Mango <strong><a href=\"https:\/\/www.elementvape.de\/it\/\" target=\"_blank\" rel=\"noopener\">Sigaretta Elettronica<\/a><\/strong> offre con i suoi 8000 tiri una durata d'uso eccezionalmente lunga, garantendo un'esperienza di svapo continua e intensa. Con un serbatoio di e-liquid da 16 ml, si assicura che il delizioso sapore di fragola e mango rimanga costante per un lungo periodo. Ci\u00f2 significa che l'e-cigarette \u00e8 ideale per un uso regolare, senza la necessit\u00e0 di frequenti ricariche.<\/p>\n<p>Per i grossisti questa alta capacit\u00e0 di puff \u00e8 particolarmente vantaggiosa, poich\u00e9 possono offrire ai clienti un prodotto durevole e affidabile. La WASPE Strawberry Mango E-cigarette si distingue per la sua resistenza e la qualit\u00e0 costante dell'esperienza di svapo.<\/p>\n<h3>Tecnologia all'avanguardia per un'esperienza di svapo perfetta<\/h3>\n<p>La WASPE 8000 PUFFS Strawberry Mango \u00e8 dotata della tecnologia innovativa Mesh Coil da 0,8\u03a9, che garantisce un riscaldamento uniforme del liquido. Questa tecnologia assicura un'espressione ottimale del sapore, facendo risaltare l'aroma fruttato di fragola e mango ad ogni tiro. La Mesh Coil produce anche un vapore denso, intensificando l'esperienza di svapo.<\/p>\n<p>Una porta di ricarica Type-C permette una ricarica rapida ed efficiente della batteria da 650mAh, assicurando che l'e-cigarette sia sempre pronta all'uso. Questa gestione facile, combinata con la tecnologia avanzata, rende la WASPE 8000 PUFFS Strawberry Mango una scelta ideale sia per gli utenti esperti <strong><a href=\"https:\/\/www.elementvape.de\/it\/\">svapatori<\/a><\/strong> che per i principianti.<\/p>\n<h3>Prezzi all\u2019ingrosso competitivi e consegna senza dazi<\/h3>\n<p>Per i grossisti, la WASPE 8000 PUFFS Strawberry Mango non \u00e8 solo un prodotto eccezionale, ma anche vantaggioso dal punto di vista economico. Grazie alla consegna senza dazi, i rivenditori possono ridurre i costi di acquisto e offrire ai clienti un prodotto di prima qualit\u00e0 a prezzi competitivi. Questi risparmi permettono di massimizzare i margini di profitto e di commercializzare un prodotto di altissima qualit\u00e0.<\/p>\n<p>I prezzi all'ingrosso attraenti facilitano ai rivenditori il rifornimento del magazzino e l'offerta di un prodotto che convince sia in termini di gusto che di convenienza economica. Questa combinazione di qualit\u00e0 e vantaggi di prezzo rende la WASPE 8000 PUFFS Strawberry Mango un investimento eccellente.<\/p>\n<h3>Freschezza fruttata con un tocco esotico<\/h3>\n<p>La WASPE 8000 PUFFS Strawberry Mango <strong><a href=\"https:\/\/www.elementvape.de\/it\/c\/einweg-zigarette\/\" target=\"_blank\" rel=\"noopener\">Sigaretta elettronica usa e getta<\/a><\/strong> offre un'esperienza di svapo unica, grazie alla combinazione armoniosa di fragole dolci e mango esotico. Con la sua alta capacit\u00e0 di puff, la tecnologia Mesh Coil avanzata e la gestione facile, offre tutto ci\u00f2 che ci si aspetta da una sigaretta elettronica di prima qualit\u00e0.<\/p>\n<p>Per i grossisti, questo prodotto rappresenta non solo un arricchimento gustativo, ma anche un vantaggio economico significativo grazie alla consegna senza dazi e ai prezzi all'ingrosso attraenti. Assicurati ora la WASPE 8000 PUFFS Strawberry Mango e vivi la fusione perfetta tra fragole e mango \u2013 un gusto che entusiasmer\u00e0 i tuoi clienti.<\/p>\n<\/div>\n<\/div>\n<\/div>\n<\/div>\n<\/div>\n<\/div>","protected":false},"excerpt":{"rendered":"<p>Zollfreie Frische mit der WASPE 8000 PUFFS Strawberry Mango E-Zigarette \u2013 Jetzt zum besten Gro\u00dfhandelspreis f\u00fcr ultimativen Erdbeer-Mango-Genuss Die WASPE 8000 PUFFS Strawberry Mango E-Zigarette vereint das saftige Aroma frischer Erdbeeren mit der exotischen S\u00fc\u00dfe von reifen Mangos zu einem unwiderstehlichen Geschmackserlebnis. Diese Kombination aus Frische und Fruchtigkeit macht die E-Zigarette zu einer perfekten Wahl [&hellip;]<\/p>","protected":false},"featured_media":14088,"template":"","meta":{"inline_featured_image":false},"product_cat":[15,78,735,746,741,733,750,737,736,749,752,756,744,755,738,751,727],"product_tag":[710,683],"tiered_pricing_type":"fixed","tiered_pricing_fixed_rules":[],"tiered_pricing_percentage_rules":[],"tiered_pricing_minimum":1,"_administrator_tiered_pricing_type":"fixed","_administrator_tiered_pricing_fixed_rules":[],"_editor_tiered_pricing_type":"fixed","_editor_tiered_pricing_fixed_rules":[],"_author_tiered_pricing_type":"fixed","_author_tiered_pricing_fixed_rules":[],"_contributor_tiered_pricing_type":"fixed","_contributor_tiered_pricing_fixed_rules":[],"_subscriber_tiered_pricing_type":"fixed","_subscriber_tiered_pricing_fixed_rules":[],"_customer_tiered_pricing_type":"fixed","_customer_tiered_pricing_fixed_rules":[],"_shop_manager_tiered_pricing_type":"fixed","_shop_manager_tiered_pricing_fixed_rules":[],"_wpseo_manager_tiered_pricing_type":"fixed","_wpseo_manager_tiered_pricing_fixed_rules":[],"_wpseo_editor_tiered_pricing_type":"fixed","_wpseo_editor_tiered_pricing_fixed_rules":[],"_wholesale_customer_tiered_pricing_type":"fixed","_wholesale_customer_tiered_pricing_fixed_rules":[],"_marketer_tiered_pricing_type":"fixed","_marketer_tiered_pricing_fixed_rules":[],"_sales_manager_tiered_pricing_type":"fixed","_sales_manager_tiered_pricing_fixed_rules":[],"_sales_rep_tiered_pricing_type":"fixed","_sales_rep_tiered_pricing_fixed_rules":[],"yoast_head":"<!-- This site is optimized with the Yoast SEO plugin v23.3 - https:\/\/yoast.com\/wordpress\/plugins\/seo\/ -->\n<title>Zollfreie Frische WASPE 8000 PUFFS Strawberry Mango E-Zigarette jetzt zum besten Gro\u00dfhandelspreis f\u00fcr ultimativen Erdbeer Mango Genuss | ElementVape.de<\/title>\n<meta name=\"description\" content=\"Wir bieten Zollfreie Frische WASPE 8000 PUFFS Strawberry Mango E-Zigarette jetzt zum besten Gro\u00dfhandelspreis f\u00fcr ultimativen Erdbeer Mango Genuss , Elementvape.de akzeptieren Gro\u00df-und Einzelhandel Bestellungen.\" \/>\n<meta name=\"robots\" content=\"index, follow, max-snippet:-1, max-image-preview:large, max-video-preview:-1\" \/>\n<link rel=\"canonical\" href=\"https:\/\/www.elementvape.de\/it\/produkt\/zollfreie-frische-waspe-8000-puffs-strawberry-mango-e-zigarette-jetzt-zum-besten-grosshandelspreis-fuer-ultimativen-erdbeer-mango-genuss\/\" \/>\n<meta property=\"og:locale\" content=\"it_IT\" \/>\n<meta property=\"og:type\" content=\"article\" \/>\n<meta property=\"og:title\" content=\"Zollfreie Frische WASPE 8000 PUFFS Strawberry Mango E-Zigarette jetzt zum besten Gro\u00dfhandelspreis f\u00fcr ultimativen Erdbeer Mango Genuss | ElementVape.de\" \/>\n<meta property=\"og:description\" content=\"Wir bieten Zollfreie Frische WASPE 8000 PUFFS Strawberry Mango E-Zigarette jetzt zum besten Gro\u00dfhandelspreis f\u00fcr ultimativen Erdbeer Mango Genuss , Elementvape.de akzeptieren Gro\u00df-und Einzelhandel Bestellungen.\" \/>\n<meta property=\"og:url\" content=\"https:\/\/www.elementvape.de\/it\/produkt\/zollfreie-frische-waspe-8000-puffs-strawberry-mango-e-zigarette-jetzt-zum-besten-grosshandelspreis-fuer-ultimativen-erdbeer-mango-genuss\/\" \/>\n<meta property=\"og:site_name\" content=\"ElementVape.de\" \/>\n<meta property=\"article:modified_time\" content=\"2024-10-15T03:14:27+00:00\" \/>\n<meta property=\"og:image\" content=\"https:\/\/www.elementvape.de\/wp-content\/uploads\/2024\/08\/STRAWBERRY-MANGO-2.jpg\" \/>\n\t<meta property=\"og:image:width\" content=\"800\" \/>\n\t<meta property=\"og:image:height\" content=\"800\" \/>\n\t<meta property=\"og:image:type\" content=\"image\/jpeg\" \/>\n<meta name=\"twitter:card\" content=\"summary_large_image\" \/>\n<meta name=\"twitter:label1\" content=\"Est. reading time\" \/>\n\t<meta name=\"twitter:data1\" content=\"4 minuti\" \/>\n<script type=\"application\/ld+json\" class=\"yoast-schema-graph\">{\"@context\":\"https:\/\/schema.org\",\"@graph\":[{\"@type\":\"WebPage\",\"@id\":\"https:\/\/www.elementvape.de\/produkt\/zollfreie-frische-waspe-8000-puffs-strawberry-mango-e-zigarette-jetzt-zum-besten-grosshandelspreis-fuer-ultimativen-erdbeer-mango-genuss\/\",\"url\":\"https:\/\/www.elementvape.de\/produkt\/zollfreie-frische-waspe-8000-puffs-strawberry-mango-e-zigarette-jetzt-zum-besten-grosshandelspreis-fuer-ultimativen-erdbeer-mango-genuss\/\",\"name\":\"Zollfreie Frische WASPE 8000 PUFFS Strawberry Mango E-Zigarette jetzt zum besten Gro\u00dfhandelspreis f\u00fcr ultimativen Erdbeer Mango Genuss | ElementVape.de\",\"isPartOf\":{\"@id\":\"https:\/\/www.elementvape.de\/#website\"},\"primaryImageOfPage\":{\"@id\":\"https:\/\/www.elementvape.de\/produkt\/zollfreie-frische-waspe-8000-puffs-strawberry-mango-e-zigarette-jetzt-zum-besten-grosshandelspreis-fuer-ultimativen-erdbeer-mango-genuss\/#primaryimage\"},\"image\":{\"@id\":\"https:\/\/www.elementvape.de\/produkt\/zollfreie-frische-waspe-8000-puffs-strawberry-mango-e-zigarette-jetzt-zum-besten-grosshandelspreis-fuer-ultimativen-erdbeer-mango-genuss\/#primaryimage\"},\"thumbnailUrl\":\"https:\/\/www.elementvape.de\/wp-content\/uploads\/2024\/08\/STRAWBERRY-MANGO-2.jpg\",\"datePublished\":\"2024-08-31T07:43:59+00:00\",\"dateModified\":\"2024-10-15T03:14:27+00:00\",\"description\":\"Wir bieten Zollfreie Frische WASPE 8000 PUFFS Strawberry Mango E-Zigarette jetzt zum besten Gro\u00dfhandelspreis f\u00fcr ultimativen Erdbeer Mango Genuss , Elementvape.de akzeptieren Gro\u00df-und Einzelhandel Bestellungen.\",\"breadcrumb\":{\"@id\":\"https:\/\/www.elementvape.de\/produkt\/zollfreie-frische-waspe-8000-puffs-strawberry-mango-e-zigarette-jetzt-zum-besten-grosshandelspreis-fuer-ultimativen-erdbeer-mango-genuss\/#breadcrumb\"},\"inLanguage\":\"it-IT\",\"potentialAction\":[{\"@type\":\"ReadAction\",\"target\":[\"https:\/\/www.elementvape.de\/produkt\/zollfreie-frische-waspe-8000-puffs-strawberry-mango-e-zigarette-jetzt-zum-besten-grosshandelspreis-fuer-ultimativen-erdbeer-mango-genuss\/\"]}]},{\"@type\":\"ImageObject\",\"inLanguage\":\"it-IT\",\"@id\":\"https:\/\/www.elementvape.de\/produkt\/zollfreie-frische-waspe-8000-puffs-strawberry-mango-e-zigarette-jetzt-zum-besten-grosshandelspreis-fuer-ultimativen-erdbeer-mango-genuss\/#primaryimage\",\"url\":\"https:\/\/www.elementvape.de\/wp-content\/uploads\/2024\/08\/STRAWBERRY-MANGO-2.jpg\",\"contentUrl\":\"https:\/\/www.elementvape.de\/wp-content\/uploads\/2024\/08\/STRAWBERRY-MANGO-2.jpg\",\"width\":800,\"height\":800,\"caption\":\"STRAWBERRY MANGO\"},{\"@type\":\"BreadcrumbList\",\"@id\":\"https:\/\/www.elementvape.de\/produkt\/zollfreie-frische-waspe-8000-puffs-strawberry-mango-e-zigarette-jetzt-zum-besten-grosshandelspreis-fuer-ultimativen-erdbeer-mango-genuss\/#breadcrumb\",\"itemListElement\":[{\"@type\":\"ListItem\",\"position\":1,\"name\":\"Home\",\"item\":\"https:\/\/www.elementvape.de\/\"},{\"@type\":\"ListItem\",\"position\":2,\"name\":\"Shop\",\"item\":\"https:\/\/www.elementvape.de\/shop\/\"},{\"@type\":\"ListItem\",\"position\":3,\"name\":\"Zollfreie Frische WASPE 8000 PUFFS Strawberry Mango E-Zigarette jetzt zum besten Gro\u00dfhandelspreis f\u00fcr ultimativen Erdbeer Mango Genuss\"}]},{\"@type\":\"WebSite\",\"@id\":\"https:\/\/www.elementvape.de\/#website\",\"url\":\"https:\/\/www.elementvape.de\/\",\"name\":\"ElementVape.de\",\"description\":\"\",\"publisher\":{\"@id\":\"https:\/\/www.elementvape.de\/#organization\"},\"potentialAction\":[{\"@type\":\"SearchAction\",\"target\":{\"@type\":\"EntryPoint\",\"urlTemplate\":\"https:\/\/www.elementvape.de\/?s={search_term_string}\"},\"query-input\":\"required name=search_term_string\"}],\"inLanguage\":\"it-IT\"},{\"@type\":\"Organization\",\"@id\":\"https:\/\/www.elementvape.de\/#organization\",\"name\":\"ElementVape.DE\",\"url\":\"https:\/\/www.elementvape.de\/\",\"logo\":{\"@type\":\"ImageObject\",\"inLanguage\":\"it-IT\",\"@id\":\"https:\/\/www.elementvape.de\/#\/schema\/logo\/image\/\",\"url\":\"https:\/\/www.elementvape.de\/wp-content\/uploads\/2024\/09\/cropped-1elementvape-3.png\",\"contentUrl\":\"https:\/\/www.elementvape.de\/wp-content\/uploads\/2024\/09\/cropped-1elementvape-3.png\",\"width\":285,\"height\":228,\"caption\":\"ElementVape.DE\"},\"image\":{\"@id\":\"https:\/\/www.elementvape.de\/#\/schema\/logo\/image\/\"}}]}<\/script>\n<!-- \/ Yoast SEO plugin. -->","yoast_head_json":{"title":"Zollfreie Frische WASPE 8000 PUFFS Strawberry Mango E-Zigarette jetzt zum besten Gro\u00dfhandelspreis f\u00fcr ultimativen Erdbeer Mango Genuss | ElementVape.de","description":"Wir bieten Zollfreie Frische WASPE 8000 PUFFS Strawberry Mango E-Zigarette jetzt zum besten Gro\u00dfhandelspreis f\u00fcr ultimativen Erdbeer Mango Genuss , Elementvape.de akzeptieren Gro\u00df-und Einzelhandel Bestellungen.","robots":{"index":"index","follow":"follow","max-snippet":"max-snippet:-1","max-image-preview":"max-image-preview:large","max-video-preview":"max-video-preview:-1"},"canonical":"https:\/\/www.elementvape.de\/it\/produkt\/zollfreie-frische-waspe-8000-puffs-strawberry-mango-e-zigarette-jetzt-zum-besten-grosshandelspreis-fuer-ultimativen-erdbeer-mango-genuss\/","og_locale":"it_IT","og_type":"article","og_title":"Zollfreie Frische WASPE 8000 PUFFS Strawberry Mango E-Zigarette jetzt zum besten Gro\u00dfhandelspreis f\u00fcr ultimativen Erdbeer Mango Genuss | ElementVape.de","og_description":"Wir bieten Zollfreie Frische WASPE 8000 PUFFS Strawberry Mango E-Zigarette jetzt zum besten Gro\u00dfhandelspreis f\u00fcr ultimativen Erdbeer Mango Genuss , Elementvape.de akzeptieren Gro\u00df-und Einzelhandel Bestellungen.","og_url":"https:\/\/www.elementvape.de\/it\/produkt\/zollfreie-frische-waspe-8000-puffs-strawberry-mango-e-zigarette-jetzt-zum-besten-grosshandelspreis-fuer-ultimativen-erdbeer-mango-genuss\/","og_site_name":"ElementVape.de","article_modified_time":"2024-10-15T03:14:27+00:00","og_image":[{"width":800,"height":800,"url":"https:\/\/www.elementvape.de\/wp-content\/uploads\/2024\/08\/STRAWBERRY-MANGO-2.jpg","type":"image\/jpeg"}],"twitter_card":"summary_large_image","twitter_misc":{"Est. reading time":"4 minuti"},"schema":{"@context":"https:\/\/schema.org","@graph":[{"@type":"WebPage","@id":"https:\/\/www.elementvape.de\/produkt\/zollfreie-frische-waspe-8000-puffs-strawberry-mango-e-zigarette-jetzt-zum-besten-grosshandelspreis-fuer-ultimativen-erdbeer-mango-genuss\/","url":"https:\/\/www.elementvape.de\/produkt\/zollfreie-frische-waspe-8000-puffs-strawberry-mango-e-zigarette-jetzt-zum-besten-grosshandelspreis-fuer-ultimativen-erdbeer-mango-genuss\/","name":"Zollfreie Frische WASPE 8000 PUFFS Strawberry Mango E-Zigarette jetzt zum besten Gro\u00dfhandelspreis f\u00fcr ultimativen Erdbeer Mango Genuss | ElementVape.de","isPartOf":{"@id":"https:\/\/www.elementvape.de\/#website"},"primaryImageOfPage":{"@id":"https:\/\/www.elementvape.de\/produkt\/zollfreie-frische-waspe-8000-puffs-strawberry-mango-e-zigarette-jetzt-zum-besten-grosshandelspreis-fuer-ultimativen-erdbeer-mango-genuss\/#primaryimage"},"image":{"@id":"https:\/\/www.elementvape.de\/produkt\/zollfreie-frische-waspe-8000-puffs-strawberry-mango-e-zigarette-jetzt-zum-besten-grosshandelspreis-fuer-ultimativen-erdbeer-mango-genuss\/#primaryimage"},"thumbnailUrl":"https:\/\/www.elementvape.de\/wp-content\/uploads\/2024\/08\/STRAWBERRY-MANGO-2.jpg","datePublished":"2024-08-31T07:43:59+00:00","dateModified":"2024-10-15T03:14:27+00:00","description":"Wir bieten Zollfreie Frische WASPE 8000 PUFFS Strawberry Mango E-Zigarette jetzt zum besten Gro\u00dfhandelspreis f\u00fcr ultimativen Erdbeer Mango Genuss , Elementvape.de akzeptieren Gro\u00df-und Einzelhandel Bestellungen.","breadcrumb":{"@id":"https:\/\/www.elementvape.de\/produkt\/zollfreie-frische-waspe-8000-puffs-strawberry-mango-e-zigarette-jetzt-zum-besten-grosshandelspreis-fuer-ultimativen-erdbeer-mango-genuss\/#breadcrumb"},"inLanguage":"it-IT","potentialAction":[{"@type":"ReadAction","target":["https:\/\/www.elementvape.de\/produkt\/zollfreie-frische-waspe-8000-puffs-strawberry-mango-e-zigarette-jetzt-zum-besten-grosshandelspreis-fuer-ultimativen-erdbeer-mango-genuss\/"]}]},{"@type":"ImageObject","inLanguage":"it-IT","@id":"https:\/\/www.elementvape.de\/produkt\/zollfreie-frische-waspe-8000-puffs-strawberry-mango-e-zigarette-jetzt-zum-besten-grosshandelspreis-fuer-ultimativen-erdbeer-mango-genuss\/#primaryimage","url":"https:\/\/www.elementvape.de\/wp-content\/uploads\/2024\/08\/STRAWBERRY-MANGO-2.jpg","contentUrl":"https:\/\/www.elementvape.de\/wp-content\/uploads\/2024\/08\/STRAWBERRY-MANGO-2.jpg","width":800,"height":800,"caption":"STRAWBERRY MANGO"},{"@type":"BreadcrumbList","@id":"https:\/\/www.elementvape.de\/produkt\/zollfreie-frische-waspe-8000-puffs-strawberry-mango-e-zigarette-jetzt-zum-besten-grosshandelspreis-fuer-ultimativen-erdbeer-mango-genuss\/#breadcrumb","itemListElement":[{"@type":"ListItem","position":1,"name":"Home","item":"https:\/\/www.elementvape.de\/"},{"@type":"ListItem","position":2,"name":"Shop","item":"https:\/\/www.elementvape.de\/shop\/"},{"@type":"ListItem","position":3,"name":"Zollfreie Frische WASPE 8000 PUFFS Strawberry Mango E-Zigarette jetzt zum besten Gro\u00dfhandelspreis f\u00fcr ultimativen Erdbeer Mango Genuss"}]},{"@type":"WebSite","@id":"https:\/\/www.elementvape.de\/#website","url":"https:\/\/www.elementvape.de\/","name":"ElementVape.de","description":"","publisher":{"@id":"https:\/\/www.elementvape.de\/#organization"},"potentialAction":[{"@type":"SearchAction","target":{"@type":"EntryPoint","urlTemplate":"https:\/\/www.elementvape.de\/?s={search_term_string}"},"query-input":"required name=search_term_string"}],"inLanguage":"it-IT"},{"@type":"Organization","@id":"https:\/\/www.elementvape.de\/#organization","name":"ElementVape.DE","url":"https:\/\/www.elementvape.de\/","logo":{"@type":"ImageObject","inLanguage":"it-IT","@id":"https:\/\/www.elementvape.de\/#\/schema\/logo\/image\/","url":"https:\/\/www.elementvape.de\/wp-content\/uploads\/2024\/09\/cropped-1elementvape-3.png","contentUrl":"https:\/\/www.elementvape.de\/wp-content\/uploads\/2024\/09\/cropped-1elementvape-3.png","width":285,"height":228,"caption":"ElementVape.DE"},"image":{"@id":"https:\/\/www.elementvape.de\/#\/schema\/logo\/image\/"}}]}},"_links":{"self":[{"href":"https:\/\/www.elementvape.de\/it\/wp-json\/wp\/v2\/product\/14087"}],"collection":[{"href":"https:\/\/www.elementvape.de\/it\/wp-json\/wp\/v2\/product"}],"about":[{"href":"https:\/\/www.elementvape.de\/it\/wp-json\/wp\/v2\/types\/product"}],"wp:featuredmedia":[{"embeddable":true,"href":"https:\/\/www.elementvape.de\/it\/wp-json\/wp\/v2\/media\/14088"}],"wp:attachment":[{"href":"https:\/\/www.elementvape.de\/it\/wp-json\/wp\/v2\/media?parent=14087"}],"wp:term":[{"taxonomy":"product_cat","embeddable":true,"href":"https:\/\/www.elementvape.de\/it\/wp-json\/wp\/v2\/product_cat?post=14087"},{"taxonomy":"product_tag","embeddable":true,"href":"https:\/\/www.elementvape.de\/it\/wp-json\/wp\/v2\/product_tag?post=14087"}],"curies":[{"name":"wp","href":"https:\/\/api.w.org\/{rel}","templated":true}]}}