{"id":14069,"date":"2024-08-31T03:36:05","date_gmt":"2024-08-31T03:36:05","guid":{"rendered":"https:\/\/www.elementvape.de\/?post_type=product&#038;p=14069"},"modified":"2024-10-15T03:18:32","modified_gmt":"2024-10-15T03:18:32","slug":"waspe-8000-puffs-cool-mint-e-zigarette-zollfrei-geniessen-erfrischender-minzgeschmack-jetzt-zum-besten-grosshandelspreis-erhaeltlich","status":"publish","type":"product","link":"https:\/\/www.elementvape.de\/it\/produkt\/waspe-8000-puffs-cool-mint-e-zigarette-zollfrei-geniessen-erfrischender-minzgeschmack-jetzt-zum-besten-grosshandelspreis-erhaeltlich\/","title":{"rendered":"WASPE 8000 PUFFS Menta fresca Sigaretta elettronica senza dazi da gustare, sapore rinfrescante di menta ora disponibile al miglior prezzo all'ingrosso"},"content":{"rendered":"<div class=\"flex-shrink-0 flex flex-col relative items-end\">\n<div>\n<div class=\"pt-0\">\n<div class=\"gizmo-bot-avatar flex h-8 w-8 items-center justify-center overflow-hidden rounded-full\">\n<div class=\"relative p-1 rounded-sm flex items-center justify-center bg-token-main-surface-primary text-token-text-primary h-8 w-8\"><\/div>\n<\/div>\n<\/div>\n<\/div>\n<\/div>\n<div class=\"group\/conversation-turn relative flex w-full min-w-0 flex-col agent-turn\">\n<div class=\"flex-col gap-1 md:gap-3\">\n<div class=\"flex max-w-full flex-col flex-grow\">\n<div class=\"min-h-[20px] text-message flex w-full flex-col items-end gap-2 break-words [.text-message+&amp;]:mt-5 overflow-x-auto whitespace-normal\" dir=\"auto\" data-message-author-role=\"assistant\" data-message-id=\"cedc2cec-02db-4845-b881-e86e0b3d47d8\">\n<div class=\"flex w-full flex-col gap-1 empty:hidden first:pt-[3px]\">\n<div class=\"markdown prose w-full break-words dark:prose-invert light\">\n<h2>Vivi l'esperienza della sigaretta elettronica senza dazio WASPE 8000 PUFFS Cool Mint, fresca menta a prezzi all'ingrosso imbattibili<\/h2>\n<p><img loading=\"lazy\" decoding=\"async\" class=\"size-medium wp-image-14070 alignright\" src=\"https:\/\/www.elementvape.de\/wp-content\/uploads\/2024\/08\/COOL-MINT-1-300x300.jpg\" alt=\"MENTA FREDDA\" width=\"300\" height=\"300\" srcset=\"https:\/\/www.elementvape.de\/wp-content\/uploads\/2024\/08\/COOL-MINT-1-300x300.jpg 300w, https:\/\/www.elementvape.de\/wp-content\/uploads\/2024\/08\/COOL-MINT-1-150x150.jpg 150w, https:\/\/www.elementvape.de\/wp-content\/uploads\/2024\/08\/COOL-MINT-1-768x768.jpg 768w, https:\/\/www.elementvape.de\/wp-content\/uploads\/2024\/08\/COOL-MINT-1-600x600.jpg 600w, https:\/\/www.elementvape.de\/wp-content\/uploads\/2024\/08\/COOL-MINT-1-100x100.jpg 100w, https:\/\/www.elementvape.de\/wp-content\/uploads\/2024\/08\/COOL-MINT-1-50x50.jpg 50w, https:\/\/www.elementvape.de\/wp-content\/uploads\/2024\/08\/COOL-MINT-1.jpg 800w\" sizes=\"(max-width: 300px) 100vw, 300px\" \/><\/p>\n<p>La WASPE 8000 PUFFS Cool Mint offre un'esperienza di svapo rinfrescante, caratterizzata dal gusto fresco e rinvigorente della menta fresca. Per i grossisti che desiderano offrire ai propri clienti prodotti di alta qualit\u00e0 a prezzi competitivi, questa sigaretta elettronica \u00e8 un'ottima scelta. Con un'alta capacit\u00e0 di puff e tecnologia all'avanguardia, la WASPE Cool Mint combina il meglio in termini di prestazioni e gusto, tutto senza dazio.<\/p>\n<p>La caratteristica principale della WASPE 8000 PUFFS Cool Mint \u00e8 il suo intenso aroma di menta, che trasforma ogni tiro in un'esperienza fresca e rinvigorente. La nota di menta pura e fresca offre un'ottima rinfrescata, ideale sia nelle giornate calde che dopo una lunga giornata. Questo aroma di menta \u00e8 particolarmente adatto <strong><a href=\"https:\/\/www.elementvape.de\/it\/\" target=\"_blank\" rel=\"noopener\">svapatori<\/a><\/strong> a chi cerca un gusto chiaro e rinfrescante senza compromessi.<\/p>\n<p>Il gusto di Cool Mint non \u00e8 solo rinfrescante, ma anche piacevolmente delicato, rendendo questa sigaretta elettronica adatta a un'ampia gamma di svapatori, dai principianti agli utenti esperti. L'equilibrio tra freschezza e delicata nota di menta rende l'esperienza di svapo sempre piacevole.<\/p>\n<h3>8000 puff, durata senza paragoni<\/h3>\n<p>Con una capacit\u00e0 di 8000 puff, la WASPE 8000 PUFFS Cool Mint stabilisce nuovi standard di durata. Questo elevato numero di puff garantisce che la sigaretta elettronica possa essere utilizzata a lungo senza doverla ricaricare frequentemente. Questa caratteristica \u00e8 particolarmente vantaggiosa per i grossisti, che possono offrire ai loro clienti un prodotto affidabile e duraturo.<\/p>\n<p>Il serbatoio di e-liquid da 16 ml assicura che l'aroma di menta fresca rimanga costante per tutta la durata dell'uso. Questo rende la WASPE Cool Mint una scelta ideale per gli svapatori che apprezzano un'esperienza di gusto duratura e intensa.<\/p>\n<h3>Tecnologia all'avanguardia<\/h3>\n<p>La WASPE 8000 PUFFS Cool Mint utilizza una coil in mesh da 0,8\u03a9, che permette una riscaldatura uniforme dell'e-liquid, garantendo un'estrazione ottimale del sapore e una produzione di vapore eccellente. La tecnologia della coil in mesh assicura che l'aroma di menta sia intenso ad ogni tiro, senza perdere qualit\u00e0.<\/p>\n<p>Inoltre, la sigaretta elettronica \u00e8 dotata di una porta di ricarica Type-C, che consente una ricarica rapida e semplice. La batteria da 650mAh assicura un funzionamento affidabile anche con un uso regolare. Queste caratteristiche tecnologiche moderne rendono la WASPE 8000 PUFFS Cool Mint una scelta facile da usare e potente per gli svapatori.<\/p>\n<h3>Prezzi all'ingrosso e consegna senza dazio<\/h3>\n<p>La WASPE 8000 PUFFS Cool Mint offre non solo un'esperienza di svapo di prima classe, ma anche vantaggi economici significativi per i grossisti. Grazie alla consegna senza dazio, i rivenditori possono ridurre i costi e offrire ai clienti un prodotto di alta qualit\u00e0 a prezzi competitivi.<\/p>\n<p>I prezzi all'ingrosso competitivi permettono ai rivenditori di massimizzare i margini di profitto, offrendo al contempo un prodotto di altissima qualit\u00e0. Questa \u00e8 un'opportunit\u00e0 eccellente per i grossisti alla ricerca di un prodotto redditizio e popolare.<\/p>\n<p>La sigaretta elettronica WASPE 8000 PUFFS Cool Mint \u00e8 la scelta perfetta per chi desidera un gusto di menta chiaro e rinfrescante. Con la sua alta capacit\u00e0 di puff, tecnologia moderna e facilit\u00e0 d'uso, offre tutto ci\u00f2 che ci si aspetta da un prodotto di prima qualit\u00e0. Per i grossisti, questo prodotto rappresenta un'ottima opportunit\u00e0 di offrire un prodotto di alta qualit\u00e0 a condizioni vantaggiose.<\/p>\n<p>Assicurati ora la WASPE 8000 PUFFS Cool Mint e vivi una fresca brezza di menta che non lascia nulla a desiderare, sia per te che come complemento redditizio per il tuo negozio.<\/p>\n<\/div>\n<\/div>\n<\/div>\n<\/div>\n<\/div>\n<\/div>","protected":false},"excerpt":{"rendered":"<p>Erleben Sie die zollfreie WASPE 8000 PUFFS Cool Mint E-Zigarette Frische Minze zum unschlagbaren Gro\u00dfhandelspreis Die WASPE 8000 PUFFS Cool Mint E-Zigarette bietet ein erfrischendes Dampferlebnis, das durch den k\u00fchlen, belebenden Geschmack von frischer Minze gepr\u00e4gt ist. F\u00fcr Gro\u00dfh\u00e4ndler, die ihren Kunden hochwertige Produkte zu attraktiven Preisen bieten m\u00f6chten, ist diese E-Zigarette eine ausgezeichnete Wahl. [&hellip;]<\/p>","protected":false},"featured_media":14070,"template":"","meta":{"inline_featured_image":false},"product_cat":[15,78,735,746,741,733,750,737,736,749,752,756,744,755,738,751,727],"product_tag":[710,683],"tiered_pricing_type":"fixed","tiered_pricing_fixed_rules":[],"tiered_pricing_percentage_rules":[],"tiered_pricing_minimum":1,"_administrator_tiered_pricing_type":"fixed","_administrator_tiered_pricing_fixed_rules":[],"_editor_tiered_pricing_type":"fixed","_editor_tiered_pricing_fixed_rules":[],"_author_tiered_pricing_type":"fixed","_author_tiered_pricing_fixed_rules":[],"_contributor_tiered_pricing_type":"fixed","_contributor_tiered_pricing_fixed_rules":[],"_subscriber_tiered_pricing_type":"fixed","_subscriber_tiered_pricing_fixed_rules":[],"_customer_tiered_pricing_type":"fixed","_customer_tiered_pricing_fixed_rules":[],"_shop_manager_tiered_pricing_type":"fixed","_shop_manager_tiered_pricing_fixed_rules":[],"_wpseo_manager_tiered_pricing_type":"fixed","_wpseo_manager_tiered_pricing_fixed_rules":[],"_wpseo_editor_tiered_pricing_type":"fixed","_wpseo_editor_tiered_pricing_fixed_rules":[],"_wholesale_customer_tiered_pricing_type":"fixed","_wholesale_customer_tiered_pricing_fixed_rules":[],"_marketer_tiered_pricing_type":"fixed","_marketer_tiered_pricing_fixed_rules":[],"_sales_manager_tiered_pricing_type":"fixed","_sales_manager_tiered_pricing_fixed_rules":[],"_sales_rep_tiered_pricing_type":"fixed","_sales_rep_tiered_pricing_fixed_rules":[],"yoast_head":"<!-- This site is optimized with the Yoast SEO plugin v23.3 - https:\/\/yoast.com\/wordpress\/plugins\/seo\/ -->\n<title>WASPE 8000 PUFFS Cool Mint E-Zigarette Zollfrei genie\u00dfen, erfrischender Minzgeschmack jetzt zum besten Gro\u00dfhandelspreis erh\u00e4ltlich | ElementVape.de<\/title>\n<meta name=\"description\" content=\"Wir bieten WASPE 8000 PUFFS Cool Mint E-Zigarette Zollfrei genie\u00dfen, erfrischender Minzgeschmack jetzt zum besten Gro\u00dfhandelspreis erh\u00e4ltlich , Elementvape.de akzeptieren Gro\u00df-und Einzelhandel Bestellungen.\" \/>\n<meta name=\"robots\" content=\"index, follow, max-snippet:-1, max-image-preview:large, max-video-preview:-1\" \/>\n<link rel=\"canonical\" href=\"https:\/\/www.elementvape.de\/it\/produkt\/waspe-8000-puffs-cool-mint-e-zigarette-zollfrei-geniessen-erfrischender-minzgeschmack-jetzt-zum-besten-grosshandelspreis-erhaeltlich\/\" \/>\n<meta property=\"og:locale\" content=\"it_IT\" \/>\n<meta property=\"og:type\" content=\"article\" \/>\n<meta property=\"og:title\" content=\"WASPE 8000 PUFFS Cool Mint E-Zigarette Zollfrei genie\u00dfen, erfrischender Minzgeschmack jetzt zum besten Gro\u00dfhandelspreis erh\u00e4ltlich | ElementVape.de\" \/>\n<meta property=\"og:description\" content=\"Wir bieten WASPE 8000 PUFFS Cool Mint E-Zigarette Zollfrei genie\u00dfen, erfrischender Minzgeschmack jetzt zum besten Gro\u00dfhandelspreis erh\u00e4ltlich , Elementvape.de akzeptieren Gro\u00df-und Einzelhandel Bestellungen.\" \/>\n<meta property=\"og:url\" content=\"https:\/\/www.elementvape.de\/it\/produkt\/waspe-8000-puffs-cool-mint-e-zigarette-zollfrei-geniessen-erfrischender-minzgeschmack-jetzt-zum-besten-grosshandelspreis-erhaeltlich\/\" \/>\n<meta property=\"og:site_name\" content=\"ElementVape.de\" \/>\n<meta property=\"article:modified_time\" content=\"2024-10-15T03:18:32+00:00\" \/>\n<meta property=\"og:image\" content=\"https:\/\/www.elementvape.de\/wp-content\/uploads\/2024\/08\/COOL-MINT-1.jpg\" \/>\n\t<meta property=\"og:image:width\" content=\"800\" \/>\n\t<meta property=\"og:image:height\" content=\"800\" \/>\n\t<meta property=\"og:image:type\" content=\"image\/jpeg\" \/>\n<meta name=\"twitter:card\" content=\"summary_large_image\" \/>\n<meta name=\"twitter:label1\" content=\"Est. reading time\" \/>\n\t<meta name=\"twitter:data1\" content=\"4 minuti\" \/>\n<script type=\"application\/ld+json\" class=\"yoast-schema-graph\">{\"@context\":\"https:\/\/schema.org\",\"@graph\":[{\"@type\":\"WebPage\",\"@id\":\"https:\/\/www.elementvape.de\/produkt\/waspe-8000-puffs-cool-mint-e-zigarette-zollfrei-geniessen-erfrischender-minzgeschmack-jetzt-zum-besten-grosshandelspreis-erhaeltlich\/\",\"url\":\"https:\/\/www.elementvape.de\/produkt\/waspe-8000-puffs-cool-mint-e-zigarette-zollfrei-geniessen-erfrischender-minzgeschmack-jetzt-zum-besten-grosshandelspreis-erhaeltlich\/\",\"name\":\"WASPE 8000 PUFFS Cool Mint E-Zigarette Zollfrei genie\u00dfen, erfrischender Minzgeschmack jetzt zum besten Gro\u00dfhandelspreis erh\u00e4ltlich | ElementVape.de\",\"isPartOf\":{\"@id\":\"https:\/\/www.elementvape.de\/#website\"},\"primaryImageOfPage\":{\"@id\":\"https:\/\/www.elementvape.de\/produkt\/waspe-8000-puffs-cool-mint-e-zigarette-zollfrei-geniessen-erfrischender-minzgeschmack-jetzt-zum-besten-grosshandelspreis-erhaeltlich\/#primaryimage\"},\"image\":{\"@id\":\"https:\/\/www.elementvape.de\/produkt\/waspe-8000-puffs-cool-mint-e-zigarette-zollfrei-geniessen-erfrischender-minzgeschmack-jetzt-zum-besten-grosshandelspreis-erhaeltlich\/#primaryimage\"},\"thumbnailUrl\":\"https:\/\/www.elementvape.de\/wp-content\/uploads\/2024\/08\/COOL-MINT-1.jpg\",\"datePublished\":\"2024-08-31T03:36:05+00:00\",\"dateModified\":\"2024-10-15T03:18:32+00:00\",\"description\":\"Wir bieten WASPE 8000 PUFFS Cool Mint E-Zigarette Zollfrei genie\u00dfen, erfrischender Minzgeschmack jetzt zum besten Gro\u00dfhandelspreis erh\u00e4ltlich , Elementvape.de akzeptieren Gro\u00df-und Einzelhandel Bestellungen.\",\"breadcrumb\":{\"@id\":\"https:\/\/www.elementvape.de\/produkt\/waspe-8000-puffs-cool-mint-e-zigarette-zollfrei-geniessen-erfrischender-minzgeschmack-jetzt-zum-besten-grosshandelspreis-erhaeltlich\/#breadcrumb\"},\"inLanguage\":\"it-IT\",\"potentialAction\":[{\"@type\":\"ReadAction\",\"target\":[\"https:\/\/www.elementvape.de\/produkt\/waspe-8000-puffs-cool-mint-e-zigarette-zollfrei-geniessen-erfrischender-minzgeschmack-jetzt-zum-besten-grosshandelspreis-erhaeltlich\/\"]}]},{\"@type\":\"ImageObject\",\"inLanguage\":\"it-IT\",\"@id\":\"https:\/\/www.elementvape.de\/produkt\/waspe-8000-puffs-cool-mint-e-zigarette-zollfrei-geniessen-erfrischender-minzgeschmack-jetzt-zum-besten-grosshandelspreis-erhaeltlich\/#primaryimage\",\"url\":\"https:\/\/www.elementvape.de\/wp-content\/uploads\/2024\/08\/COOL-MINT-1.jpg\",\"contentUrl\":\"https:\/\/www.elementvape.de\/wp-content\/uploads\/2024\/08\/COOL-MINT-1.jpg\",\"width\":800,\"height\":800,\"caption\":\"COOL MINT\"},{\"@type\":\"BreadcrumbList\",\"@id\":\"https:\/\/www.elementvape.de\/produkt\/waspe-8000-puffs-cool-mint-e-zigarette-zollfrei-geniessen-erfrischender-minzgeschmack-jetzt-zum-besten-grosshandelspreis-erhaeltlich\/#breadcrumb\",\"itemListElement\":[{\"@type\":\"ListItem\",\"position\":1,\"name\":\"Home\",\"item\":\"https:\/\/www.elementvape.de\/\"},{\"@type\":\"ListItem\",\"position\":2,\"name\":\"Shop\",\"item\":\"https:\/\/www.elementvape.de\/shop\/\"},{\"@type\":\"ListItem\",\"position\":3,\"name\":\"WASPE 8000 PUFFS Cool Mint E-Zigarette Zollfrei genie\u00dfen, erfrischender Minzgeschmack jetzt zum besten Gro\u00dfhandelspreis erh\u00e4ltlich\"}]},{\"@type\":\"WebSite\",\"@id\":\"https:\/\/www.elementvape.de\/#website\",\"url\":\"https:\/\/www.elementvape.de\/\",\"name\":\"ElementVape.de\",\"description\":\"\",\"publisher\":{\"@id\":\"https:\/\/www.elementvape.de\/#organization\"},\"potentialAction\":[{\"@type\":\"SearchAction\",\"target\":{\"@type\":\"EntryPoint\",\"urlTemplate\":\"https:\/\/www.elementvape.de\/?s={search_term_string}\"},\"query-input\":\"required name=search_term_string\"}],\"inLanguage\":\"it-IT\"},{\"@type\":\"Organization\",\"@id\":\"https:\/\/www.elementvape.de\/#organization\",\"name\":\"ElementVape.DE\",\"url\":\"https:\/\/www.elementvape.de\/\",\"logo\":{\"@type\":\"ImageObject\",\"inLanguage\":\"it-IT\",\"@id\":\"https:\/\/www.elementvape.de\/#\/schema\/logo\/image\/\",\"url\":\"https:\/\/www.elementvape.de\/wp-content\/uploads\/2024\/09\/cropped-1elementvape-3.png\",\"contentUrl\":\"https:\/\/www.elementvape.de\/wp-content\/uploads\/2024\/09\/cropped-1elementvape-3.png\",\"width\":285,\"height\":228,\"caption\":\"ElementVape.DE\"},\"image\":{\"@id\":\"https:\/\/www.elementvape.de\/#\/schema\/logo\/image\/\"}}]}<\/script>\n<!-- \/ Yoast SEO plugin. -->","yoast_head_json":{"title":"WASPE 8000 PUFFS Cool Mint E-Zigarette Zollfrei genie\u00dfen, erfrischender Minzgeschmack jetzt zum besten Gro\u00dfhandelspreis erh\u00e4ltlich | ElementVape.de","description":"Wir bieten WASPE 8000 PUFFS Cool Mint E-Zigarette Zollfrei genie\u00dfen, erfrischender Minzgeschmack jetzt zum besten Gro\u00dfhandelspreis erh\u00e4ltlich , Elementvape.de akzeptieren Gro\u00df-und Einzelhandel Bestellungen.","robots":{"index":"index","follow":"follow","max-snippet":"max-snippet:-1","max-image-preview":"max-image-preview:large","max-video-preview":"max-video-preview:-1"},"canonical":"https:\/\/www.elementvape.de\/it\/produkt\/waspe-8000-puffs-cool-mint-e-zigarette-zollfrei-geniessen-erfrischender-minzgeschmack-jetzt-zum-besten-grosshandelspreis-erhaeltlich\/","og_locale":"it_IT","og_type":"article","og_title":"WASPE 8000 PUFFS Cool Mint E-Zigarette Zollfrei genie\u00dfen, erfrischender Minzgeschmack jetzt zum besten Gro\u00dfhandelspreis erh\u00e4ltlich | ElementVape.de","og_description":"Wir bieten WASPE 8000 PUFFS Cool Mint E-Zigarette Zollfrei genie\u00dfen, erfrischender Minzgeschmack jetzt zum besten Gro\u00dfhandelspreis erh\u00e4ltlich , Elementvape.de akzeptieren Gro\u00df-und Einzelhandel Bestellungen.","og_url":"https:\/\/www.elementvape.de\/it\/produkt\/waspe-8000-puffs-cool-mint-e-zigarette-zollfrei-geniessen-erfrischender-minzgeschmack-jetzt-zum-besten-grosshandelspreis-erhaeltlich\/","og_site_name":"ElementVape.de","article_modified_time":"2024-10-15T03:18:32+00:00","og_image":[{"width":800,"height":800,"url":"https:\/\/www.elementvape.de\/wp-content\/uploads\/2024\/08\/COOL-MINT-1.jpg","type":"image\/jpeg"}],"twitter_card":"summary_large_image","twitter_misc":{"Est. reading time":"4 minuti"},"schema":{"@context":"https:\/\/schema.org","@graph":[{"@type":"WebPage","@id":"https:\/\/www.elementvape.de\/produkt\/waspe-8000-puffs-cool-mint-e-zigarette-zollfrei-geniessen-erfrischender-minzgeschmack-jetzt-zum-besten-grosshandelspreis-erhaeltlich\/","url":"https:\/\/www.elementvape.de\/produkt\/waspe-8000-puffs-cool-mint-e-zigarette-zollfrei-geniessen-erfrischender-minzgeschmack-jetzt-zum-besten-grosshandelspreis-erhaeltlich\/","name":"WASPE 8000 PUFFS Cool Mint E-Zigarette Zollfrei genie\u00dfen, erfrischender Minzgeschmack jetzt zum besten Gro\u00dfhandelspreis erh\u00e4ltlich | ElementVape.de","isPartOf":{"@id":"https:\/\/www.elementvape.de\/#website"},"primaryImageOfPage":{"@id":"https:\/\/www.elementvape.de\/produkt\/waspe-8000-puffs-cool-mint-e-zigarette-zollfrei-geniessen-erfrischender-minzgeschmack-jetzt-zum-besten-grosshandelspreis-erhaeltlich\/#primaryimage"},"image":{"@id":"https:\/\/www.elementvape.de\/produkt\/waspe-8000-puffs-cool-mint-e-zigarette-zollfrei-geniessen-erfrischender-minzgeschmack-jetzt-zum-besten-grosshandelspreis-erhaeltlich\/#primaryimage"},"thumbnailUrl":"https:\/\/www.elementvape.de\/wp-content\/uploads\/2024\/08\/COOL-MINT-1.jpg","datePublished":"2024-08-31T03:36:05+00:00","dateModified":"2024-10-15T03:18:32+00:00","description":"Wir bieten WASPE 8000 PUFFS Cool Mint E-Zigarette Zollfrei genie\u00dfen, erfrischender Minzgeschmack jetzt zum besten Gro\u00dfhandelspreis erh\u00e4ltlich , Elementvape.de akzeptieren Gro\u00df-und Einzelhandel Bestellungen.","breadcrumb":{"@id":"https:\/\/www.elementvape.de\/produkt\/waspe-8000-puffs-cool-mint-e-zigarette-zollfrei-geniessen-erfrischender-minzgeschmack-jetzt-zum-besten-grosshandelspreis-erhaeltlich\/#breadcrumb"},"inLanguage":"it-IT","potentialAction":[{"@type":"ReadAction","target":["https:\/\/www.elementvape.de\/produkt\/waspe-8000-puffs-cool-mint-e-zigarette-zollfrei-geniessen-erfrischender-minzgeschmack-jetzt-zum-besten-grosshandelspreis-erhaeltlich\/"]}]},{"@type":"ImageObject","inLanguage":"it-IT","@id":"https:\/\/www.elementvape.de\/produkt\/waspe-8000-puffs-cool-mint-e-zigarette-zollfrei-geniessen-erfrischender-minzgeschmack-jetzt-zum-besten-grosshandelspreis-erhaeltlich\/#primaryimage","url":"https:\/\/www.elementvape.de\/wp-content\/uploads\/2024\/08\/COOL-MINT-1.jpg","contentUrl":"https:\/\/www.elementvape.de\/wp-content\/uploads\/2024\/08\/COOL-MINT-1.jpg","width":800,"height":800,"caption":"COOL MINT"},{"@type":"BreadcrumbList","@id":"https:\/\/www.elementvape.de\/produkt\/waspe-8000-puffs-cool-mint-e-zigarette-zollfrei-geniessen-erfrischender-minzgeschmack-jetzt-zum-besten-grosshandelspreis-erhaeltlich\/#breadcrumb","itemListElement":[{"@type":"ListItem","position":1,"name":"Home","item":"https:\/\/www.elementvape.de\/"},{"@type":"ListItem","position":2,"name":"Shop","item":"https:\/\/www.elementvape.de\/shop\/"},{"@type":"ListItem","position":3,"name":"WASPE 8000 PUFFS Cool Mint E-Zigarette Zollfrei genie\u00dfen, erfrischender Minzgeschmack jetzt zum besten Gro\u00dfhandelspreis erh\u00e4ltlich"}]},{"@type":"WebSite","@id":"https:\/\/www.elementvape.de\/#website","url":"https:\/\/www.elementvape.de\/","name":"ElementVape.de","description":"","publisher":{"@id":"https:\/\/www.elementvape.de\/#organization"},"potentialAction":[{"@type":"SearchAction","target":{"@type":"EntryPoint","urlTemplate":"https:\/\/www.elementvape.de\/?s={search_term_string}"},"query-input":"required name=search_term_string"}],"inLanguage":"it-IT"},{"@type":"Organization","@id":"https:\/\/www.elementvape.de\/#organization","name":"ElementVape.DE","url":"https:\/\/www.elementvape.de\/","logo":{"@type":"ImageObject","inLanguage":"it-IT","@id":"https:\/\/www.elementvape.de\/#\/schema\/logo\/image\/","url":"https:\/\/www.elementvape.de\/wp-content\/uploads\/2024\/09\/cropped-1elementvape-3.png","contentUrl":"https:\/\/www.elementvape.de\/wp-content\/uploads\/2024\/09\/cropped-1elementvape-3.png","width":285,"height":228,"caption":"ElementVape.DE"},"image":{"@id":"https:\/\/www.elementvape.de\/#\/schema\/logo\/image\/"}}]}},"_links":{"self":[{"href":"https:\/\/www.elementvape.de\/it\/wp-json\/wp\/v2\/product\/14069"}],"collection":[{"href":"https:\/\/www.elementvape.de\/it\/wp-json\/wp\/v2\/product"}],"about":[{"href":"https:\/\/www.elementvape.de\/it\/wp-json\/wp\/v2\/types\/product"}],"wp:featuredmedia":[{"embeddable":true,"href":"https:\/\/www.elementvape.de\/it\/wp-json\/wp\/v2\/media\/14070"}],"wp:attachment":[{"href":"https:\/\/www.elementvape.de\/it\/wp-json\/wp\/v2\/media?parent=14069"}],"wp:term":[{"taxonomy":"product_cat","embeddable":true,"href":"https:\/\/www.elementvape.de\/it\/wp-json\/wp\/v2\/product_cat?post=14069"},{"taxonomy":"product_tag","embeddable":true,"href":"https:\/\/www.elementvape.de\/it\/wp-json\/wp\/v2\/product_tag?post=14069"}],"curies":[{"name":"wp","href":"https:\/\/api.w.org\/{rel}","templated":true}]}}