{"id":14067,"date":"2024-08-31T03:08:08","date_gmt":"2024-08-31T03:08:08","guid":{"rendered":"https:\/\/www.elementvape.de\/?post_type=product&#038;p=14067"},"modified":"2024-10-15T03:20:01","modified_gmt":"2024-10-15T03:20:01","slug":"erleben-sie-die-zollfreie-waspe-5000-puffs-lychee-ice-e-zigarette-exotischer-litschigenuss-zum-unschlagbaren-grosshandelspreis","status":"publish","type":"product","link":"https:\/\/www.elementvape.de\/it\/produkt\/erleben-sie-die-zollfreie-waspe-5000-puffs-lychee-ice-e-zigarette-exotischer-litschigenuss-zum-unschlagbaren-grosshandelspreis\/","title":{"rendered":"Prova la sigaretta elettronica senza dazi WASPE 5000 PUFFS Lychee Ice \u2013 Gusto esotico di litchi a un prezzo all'ingrosso imbattibile"},"content":{"rendered":"<div class=\"flex-shrink-0 flex flex-col relative items-end\">\n<div>\n<div class=\"pt-0\">\n<div class=\"gizmo-bot-avatar flex h-8 w-8 items-center justify-center overflow-hidden rounded-full\">\n<div class=\"relative p-1 rounded-sm flex items-center justify-center bg-token-main-surface-primary text-token-text-primary h-8 w-8\"><\/div>\n<\/div>\n<\/div>\n<\/div>\n<\/div>\n<div class=\"group\/conversation-turn relative flex w-full min-w-0 flex-col agent-turn\">\n<div class=\"flex-col gap-1 md:gap-3\">\n<div class=\"flex max-w-full flex-col flex-grow\">\n<div class=\"min-h-[20px] text-message flex w-full flex-col items-end gap-2 break-words [.text-message+&amp;]:mt-5 overflow-x-auto whitespace-normal\" dir=\"auto\" data-message-author-role=\"assistant\" data-message-id=\"cf85e0a7-29a3-4fb8-8e05-37641622ec32\">\n<div class=\"flex w-full flex-col gap-1 empty:hidden first:pt-[3px]\">\n<div class=\"markdown prose w-full break-words dark:prose-invert light\">\n<p><strong>Prova la sigaretta elettronica senza dazi WASPE 5000 PUFFS Lychee Ice \u2013 Gusto esotico di litchi a un prezzo all'ingrosso imbattibile<\/strong><\/p>\n<p>La sigaretta elettronica WASPE 5000 PUFFS Lychee Ice porta un tocco di esotico nel mondo del vaping. Con il suo aroma unico di litchi, combinato con un rinfrescante tocco di mentolo, offre questa <strong><a href=\"https:\/\/www.elementvape.de\/it\/\">Sigaretta Elettronica<\/a><\/strong> un'esperienza di gusto indimenticabile. Ideale per i grossisti che desiderano offrire qualcosa di speciale ai propri clienti, questo modello convince grazie ai vantaggi senza dazio e ai prezzi all'ingrosso interessanti.<\/p>\n<h3>Lychee Ice \u2013 Un'esperienza di gusto esotica<\/h3>\n<p>Il gusto esotico del litchi \u00e8 il cuore della sigaretta elettronica WASPE 5000 PUFFS Lychee Ice. La nota dolce, leggermente floreale del litchi \u00e8 completata dalla componente fresca del mentolo e crea un aroma equilibrato e rinfrescante, perfetto per le giornate calde o come variazione speciale nella vita di tutti i giorni. Questo gusto eccezionale si distingue dagli aromi tradizionali e offre un'esperienza di vaping che suscita curiosit\u00e0 e impressiona in modo duraturo.<\/p>\n<p>Questo aroma inconfondibile si rivolge particolarmente <strong><a href=\"https:\/\/www.elementvape.de\/it\/\" target=\"_blank\" rel=\"noopener\">svapatori<\/a><\/strong> a chi \u00e8 alla ricerca di gusti nuovi ed entusiasmanti. La combinazione di litchi dolce e mentolo rinfrescante crea una miscela equilibrata, rinfrescante ed esotica allo stesso tempo. \u00c8 la scelta perfetta per tutti coloro che desiderano inviare le proprie papille gustative in un viaggio verso terre lontane.<\/p>\n<h3>5000 tiri di piacere per lungo tempo<\/h3>\n<p>Con una capacit\u00e0 di 5000 tiri, la sigaretta elettronica WASPE Lychee Ice offre una longevit\u00e0 impressionante, perfetta per l'uso regolare. Questo elevato numero di puff significa che la sigaretta elettronica pu\u00f2 essere utilizzata per un periodo di tempo pi\u00f9 lungo senza la necessit\u00e0 di un frequente riempimento. Questo \u00e8 ideale per i grossisti che desiderano offrire ai propri clienti un prodotto duraturo e di alta qualit\u00e0.<\/p>\n<p>Il generoso serbatoio di e-liquid assicura che l'aroma esotico di litchi e il mentolo rinfrescante rimangano intatti per lungo tempo. Questa longevit\u00e0 rende la WASPE 5000 PUFFS Lychee Ice una scelta eccellente per i vaper che apprezzano un'esperienza di gusto continua senza dover rinunciare alla qualit\u00e0.<\/p>\n<h3>Tecnologia moderna e facile utilizzo<\/h3>\n<p>La sigaretta elettronica WASPE 5000 PUFFS Lychee Ice \u00e8 dotata di una tecnologia avanzata Mesh Coil, che garantisce un riscaldamento uniforme dell'e-liquid e consente cos\u00ec un intenso sviluppo del gusto. Questa tecnologia assicura che l'aroma di litchi in combinazione con il mentolo si esprima pienamente ad ogni tiro e garantisca un'esperienza di vaping costantemente di alta qualit\u00e0.<\/p>\n<p>Un altro punto forte \u00e8 la porta di ricarica Type-C, che consente una ricarica rapida ed efficiente della batteria da 650mAh. La facilit\u00e0 d'uso rende questa sigaretta elettronica particolarmente user-friendly \u2013 ideale sia per i principianti che per i vaper esperti. Il design della WASPE 5000 PUFFS \u00e8 compatto ed elegante, il che la rende un compagno pratico per i viaggi.<\/p>\n<h3>Prezzi all\u2019ingrosso competitivi e consegna senza dazi<\/h3>\n<p>La sigaretta elettronica WASPE 5000 PUFFS Lychee Ice non offre solo un'esperienza di vaping eccezionale, ma anche vantaggi economici. Grazie alla consegna senza dazio, i grossisti possono ridurre notevolmente i costi di acquisto, il che aumenta i margini di profitto. Questo rende la WASPE Lychee Ice un'opzione particolarmente interessante per il commercio all'ingrosso.<\/p>\n<p>Inoltre, i prezzi all'ingrosso interessanti consentono ai rivenditori di offrire questo prodotto esotico a un prezzo competitivo, senza dover rinunciare alla qualit\u00e0. Questi vantaggi di prezzo rendono la sigaretta elettronica WASPE 5000 PUFFS Lychee Ice un investimento redditizio per ogni rivenditore che desidera ampliare il proprio assortimento con un prodotto unico e di alta qualit\u00e0.<\/p>\n<h3>Piacere esotico di litchi al miglior prezzo<\/h3>\n<p>La sigaretta elettronica WASPE 5000 PUFFS Lychee Ice offre un'esperienza di vaping eccezionale, che si distingue per la combinazione di aroma dolce di litchi e mentolo rinfrescante. L'elevata capacit\u00e0 di puff, la tecnologia moderna e la facilit\u00e0 d'uso la rendono una scelta eccellente per i vaper esigenti.<\/p>\n<p>Per i grossisti, la consegna senza dazio e i prezzi all'ingrosso interessanti offrono ulteriori vantaggi che rendono questo prodotto un investimento eccellente. Assicuratevi ora la sigaretta elettronica WASPE 5000 PUFFS Lychee Ice e sperimentate il piacere esotico del litchi nella sua forma migliore \u2013 per voi stessi o per la vostra attivit\u00e0.<\/p>\n<\/div>\n<\/div>\n<\/div>\n<\/div>\n<\/div>\n<\/div>","protected":false},"excerpt":{"rendered":"<p>Erleben Sie die zollfreie WASPE 5000 PUFFS Lychee Ice E-Zigarette \u2013 Exotischer Litschigenuss zum unschlagbaren Gro\u00dfhandelspreis Die WASPE 5000 PUFFS Lychee Ice E-Zigarette bringt einen Hauch von Exotik in die Welt des Dampfens. Mit ihrem einzigartigen Litschi-Aroma, kombiniert mit einem erfrischenden Menthol-Kick, bietet diese E-Zigarette ein unvergessliches Geschmackserlebnis. Ideal f\u00fcr Gro\u00dfh\u00e4ndler, die ihren Kunden etwas [&hellip;]<\/p>","protected":false},"featured_media":14068,"template":"","meta":{"inline_featured_image":false},"product_cat":[15,78,735,746,741,733,744,755,738,751,727],"product_tag":[710,683],"tiered_pricing_type":"fixed","tiered_pricing_fixed_rules":[],"tiered_pricing_percentage_rules":[],"tiered_pricing_minimum":1,"_administrator_tiered_pricing_type":"fixed","_administrator_tiered_pricing_fixed_rules":[],"_editor_tiered_pricing_type":"fixed","_editor_tiered_pricing_fixed_rules":[],"_author_tiered_pricing_type":"fixed","_author_tiered_pricing_fixed_rules":[],"_contributor_tiered_pricing_type":"fixed","_contributor_tiered_pricing_fixed_rules":[],"_subscriber_tiered_pricing_type":"fixed","_subscriber_tiered_pricing_fixed_rules":[],"_customer_tiered_pricing_type":"fixed","_customer_tiered_pricing_fixed_rules":[],"_shop_manager_tiered_pricing_type":"fixed","_shop_manager_tiered_pricing_fixed_rules":[],"_wpseo_manager_tiered_pricing_type":"fixed","_wpseo_manager_tiered_pricing_fixed_rules":[],"_wpseo_editor_tiered_pricing_type":"fixed","_wpseo_editor_tiered_pricing_fixed_rules":[],"_wholesale_customer_tiered_pricing_type":"fixed","_wholesale_customer_tiered_pricing_fixed_rules":[],"_marketer_tiered_pricing_type":"fixed","_marketer_tiered_pricing_fixed_rules":[],"_sales_manager_tiered_pricing_type":"fixed","_sales_manager_tiered_pricing_fixed_rules":[],"_sales_rep_tiered_pricing_type":"fixed","_sales_rep_tiered_pricing_fixed_rules":[],"yoast_head":"<!-- This site is optimized with the Yoast SEO plugin v23.3 - https:\/\/yoast.com\/wordpress\/plugins\/seo\/ -->\n<title>Erleben Sie die zollfreie WASPE 5000 PUFFS Lychee Ice E-Zigarette \u2013 Exotischer Litschigenuss zum unschlagbaren Gro\u00dfhandelspreis | ElementVape.de<\/title>\n<meta name=\"description\" content=\"Wir bieten Erleben Sie die zollfreie WASPE 5000 PUFFS Lychee Ice E-Zigarette \u2013 Exotischer Litschigenuss zum unschlagbaren Gro\u00dfhandelspreis , Elementvape.de akzeptieren Gro\u00df-und Einzelhandel Bestellungen.\" \/>\n<meta name=\"robots\" content=\"index, follow, max-snippet:-1, max-image-preview:large, max-video-preview:-1\" \/>\n<link rel=\"canonical\" href=\"https:\/\/www.elementvape.de\/it\/produkt\/erleben-sie-die-zollfreie-waspe-5000-puffs-lychee-ice-e-zigarette-exotischer-litschigenuss-zum-unschlagbaren-grosshandelspreis\/\" \/>\n<meta property=\"og:locale\" content=\"it_IT\" \/>\n<meta property=\"og:type\" content=\"article\" \/>\n<meta property=\"og:title\" content=\"Erleben Sie die zollfreie WASPE 5000 PUFFS Lychee Ice E-Zigarette \u2013 Exotischer Litschigenuss zum unschlagbaren Gro\u00dfhandelspreis | ElementVape.de\" \/>\n<meta property=\"og:description\" content=\"Wir bieten Erleben Sie die zollfreie WASPE 5000 PUFFS Lychee Ice E-Zigarette \u2013 Exotischer Litschigenuss zum unschlagbaren Gro\u00dfhandelspreis , Elementvape.de akzeptieren Gro\u00df-und Einzelhandel Bestellungen.\" \/>\n<meta property=\"og:url\" content=\"https:\/\/www.elementvape.de\/it\/produkt\/erleben-sie-die-zollfreie-waspe-5000-puffs-lychee-ice-e-zigarette-exotischer-litschigenuss-zum-unschlagbaren-grosshandelspreis\/\" \/>\n<meta property=\"og:site_name\" content=\"ElementVape.de\" \/>\n<meta property=\"article:modified_time\" content=\"2024-10-15T03:20:01+00:00\" \/>\n<meta property=\"og:image\" content=\"https:\/\/www.elementvape.de\/wp-content\/uploads\/2024\/08\/LYCHEE-ICE.jpg\" \/>\n\t<meta property=\"og:image:width\" content=\"800\" \/>\n\t<meta property=\"og:image:height\" content=\"800\" \/>\n\t<meta property=\"og:image:type\" content=\"image\/jpeg\" \/>\n<meta name=\"twitter:card\" content=\"summary_large_image\" \/>\n<meta name=\"twitter:label1\" content=\"Est. reading time\" \/>\n\t<meta name=\"twitter:data1\" content=\"4 minuti\" \/>\n<script type=\"application\/ld+json\" class=\"yoast-schema-graph\">{\"@context\":\"https:\/\/schema.org\",\"@graph\":[{\"@type\":\"WebPage\",\"@id\":\"https:\/\/www.elementvape.de\/produkt\/erleben-sie-die-zollfreie-waspe-5000-puffs-lychee-ice-e-zigarette-exotischer-litschigenuss-zum-unschlagbaren-grosshandelspreis\/\",\"url\":\"https:\/\/www.elementvape.de\/produkt\/erleben-sie-die-zollfreie-waspe-5000-puffs-lychee-ice-e-zigarette-exotischer-litschigenuss-zum-unschlagbaren-grosshandelspreis\/\",\"name\":\"Erleben Sie die zollfreie WASPE 5000 PUFFS Lychee Ice E-Zigarette \u2013 Exotischer Litschigenuss zum unschlagbaren Gro\u00dfhandelspreis | ElementVape.de\",\"isPartOf\":{\"@id\":\"https:\/\/www.elementvape.de\/#website\"},\"primaryImageOfPage\":{\"@id\":\"https:\/\/www.elementvape.de\/produkt\/erleben-sie-die-zollfreie-waspe-5000-puffs-lychee-ice-e-zigarette-exotischer-litschigenuss-zum-unschlagbaren-grosshandelspreis\/#primaryimage\"},\"image\":{\"@id\":\"https:\/\/www.elementvape.de\/produkt\/erleben-sie-die-zollfreie-waspe-5000-puffs-lychee-ice-e-zigarette-exotischer-litschigenuss-zum-unschlagbaren-grosshandelspreis\/#primaryimage\"},\"thumbnailUrl\":\"https:\/\/www.elementvape.de\/wp-content\/uploads\/2024\/08\/LYCHEE-ICE.jpg\",\"datePublished\":\"2024-08-31T03:08:08+00:00\",\"dateModified\":\"2024-10-15T03:20:01+00:00\",\"description\":\"Wir bieten Erleben Sie die zollfreie WASPE 5000 PUFFS Lychee Ice E-Zigarette \u2013 Exotischer Litschigenuss zum unschlagbaren Gro\u00dfhandelspreis , Elementvape.de akzeptieren Gro\u00df-und Einzelhandel Bestellungen.\",\"breadcrumb\":{\"@id\":\"https:\/\/www.elementvape.de\/produkt\/erleben-sie-die-zollfreie-waspe-5000-puffs-lychee-ice-e-zigarette-exotischer-litschigenuss-zum-unschlagbaren-grosshandelspreis\/#breadcrumb\"},\"inLanguage\":\"it-IT\",\"potentialAction\":[{\"@type\":\"ReadAction\",\"target\":[\"https:\/\/www.elementvape.de\/produkt\/erleben-sie-die-zollfreie-waspe-5000-puffs-lychee-ice-e-zigarette-exotischer-litschigenuss-zum-unschlagbaren-grosshandelspreis\/\"]}]},{\"@type\":\"ImageObject\",\"inLanguage\":\"it-IT\",\"@id\":\"https:\/\/www.elementvape.de\/produkt\/erleben-sie-die-zollfreie-waspe-5000-puffs-lychee-ice-e-zigarette-exotischer-litschigenuss-zum-unschlagbaren-grosshandelspreis\/#primaryimage\",\"url\":\"https:\/\/www.elementvape.de\/wp-content\/uploads\/2024\/08\/LYCHEE-ICE.jpg\",\"contentUrl\":\"https:\/\/www.elementvape.de\/wp-content\/uploads\/2024\/08\/LYCHEE-ICE.jpg\",\"width\":800,\"height\":800,\"caption\":\"LYCHEE ICE\"},{\"@type\":\"BreadcrumbList\",\"@id\":\"https:\/\/www.elementvape.de\/produkt\/erleben-sie-die-zollfreie-waspe-5000-puffs-lychee-ice-e-zigarette-exotischer-litschigenuss-zum-unschlagbaren-grosshandelspreis\/#breadcrumb\",\"itemListElement\":[{\"@type\":\"ListItem\",\"position\":1,\"name\":\"Home\",\"item\":\"https:\/\/www.elementvape.de\/\"},{\"@type\":\"ListItem\",\"position\":2,\"name\":\"Shop\",\"item\":\"https:\/\/www.elementvape.de\/shop\/\"},{\"@type\":\"ListItem\",\"position\":3,\"name\":\"Erleben Sie die zollfreie WASPE 5000 PUFFS Lychee Ice E-Zigarette \u2013 Exotischer Litschigenuss zum unschlagbaren Gro\u00dfhandelspreis\"}]},{\"@type\":\"WebSite\",\"@id\":\"https:\/\/www.elementvape.de\/#website\",\"url\":\"https:\/\/www.elementvape.de\/\",\"name\":\"ElementVape.de\",\"description\":\"\",\"publisher\":{\"@id\":\"https:\/\/www.elementvape.de\/#organization\"},\"potentialAction\":[{\"@type\":\"SearchAction\",\"target\":{\"@type\":\"EntryPoint\",\"urlTemplate\":\"https:\/\/www.elementvape.de\/?s={search_term_string}\"},\"query-input\":\"required name=search_term_string\"}],\"inLanguage\":\"it-IT\"},{\"@type\":\"Organization\",\"@id\":\"https:\/\/www.elementvape.de\/#organization\",\"name\":\"ElementVape.DE\",\"url\":\"https:\/\/www.elementvape.de\/\",\"logo\":{\"@type\":\"ImageObject\",\"inLanguage\":\"it-IT\",\"@id\":\"https:\/\/www.elementvape.de\/#\/schema\/logo\/image\/\",\"url\":\"https:\/\/www.elementvape.de\/wp-content\/uploads\/2024\/09\/cropped-1elementvape-3.png\",\"contentUrl\":\"https:\/\/www.elementvape.de\/wp-content\/uploads\/2024\/09\/cropped-1elementvape-3.png\",\"width\":285,\"height\":228,\"caption\":\"ElementVape.DE\"},\"image\":{\"@id\":\"https:\/\/www.elementvape.de\/#\/schema\/logo\/image\/\"}}]}<\/script>\n<!-- \/ Yoast SEO plugin. -->","yoast_head_json":{"title":"Erleben Sie die zollfreie WASPE 5000 PUFFS Lychee Ice E-Zigarette \u2013 Exotischer Litschigenuss zum unschlagbaren Gro\u00dfhandelspreis | ElementVape.de","description":"Wir bieten Erleben Sie die zollfreie WASPE 5000 PUFFS Lychee Ice E-Zigarette \u2013 Exotischer Litschigenuss zum unschlagbaren Gro\u00dfhandelspreis , Elementvape.de akzeptieren Gro\u00df-und Einzelhandel Bestellungen.","robots":{"index":"index","follow":"follow","max-snippet":"max-snippet:-1","max-image-preview":"max-image-preview:large","max-video-preview":"max-video-preview:-1"},"canonical":"https:\/\/www.elementvape.de\/it\/produkt\/erleben-sie-die-zollfreie-waspe-5000-puffs-lychee-ice-e-zigarette-exotischer-litschigenuss-zum-unschlagbaren-grosshandelspreis\/","og_locale":"it_IT","og_type":"article","og_title":"Erleben Sie die zollfreie WASPE 5000 PUFFS Lychee Ice E-Zigarette \u2013 Exotischer Litschigenuss zum unschlagbaren Gro\u00dfhandelspreis | ElementVape.de","og_description":"Wir bieten Erleben Sie die zollfreie WASPE 5000 PUFFS Lychee Ice E-Zigarette \u2013 Exotischer Litschigenuss zum unschlagbaren Gro\u00dfhandelspreis , Elementvape.de akzeptieren Gro\u00df-und Einzelhandel Bestellungen.","og_url":"https:\/\/www.elementvape.de\/it\/produkt\/erleben-sie-die-zollfreie-waspe-5000-puffs-lychee-ice-e-zigarette-exotischer-litschigenuss-zum-unschlagbaren-grosshandelspreis\/","og_site_name":"ElementVape.de","article_modified_time":"2024-10-15T03:20:01+00:00","og_image":[{"width":800,"height":800,"url":"https:\/\/www.elementvape.de\/wp-content\/uploads\/2024\/08\/LYCHEE-ICE.jpg","type":"image\/jpeg"}],"twitter_card":"summary_large_image","twitter_misc":{"Est. reading time":"4 minuti"},"schema":{"@context":"https:\/\/schema.org","@graph":[{"@type":"WebPage","@id":"https:\/\/www.elementvape.de\/produkt\/erleben-sie-die-zollfreie-waspe-5000-puffs-lychee-ice-e-zigarette-exotischer-litschigenuss-zum-unschlagbaren-grosshandelspreis\/","url":"https:\/\/www.elementvape.de\/produkt\/erleben-sie-die-zollfreie-waspe-5000-puffs-lychee-ice-e-zigarette-exotischer-litschigenuss-zum-unschlagbaren-grosshandelspreis\/","name":"Erleben Sie die zollfreie WASPE 5000 PUFFS Lychee Ice E-Zigarette \u2013 Exotischer Litschigenuss zum unschlagbaren Gro\u00dfhandelspreis | ElementVape.de","isPartOf":{"@id":"https:\/\/www.elementvape.de\/#website"},"primaryImageOfPage":{"@id":"https:\/\/www.elementvape.de\/produkt\/erleben-sie-die-zollfreie-waspe-5000-puffs-lychee-ice-e-zigarette-exotischer-litschigenuss-zum-unschlagbaren-grosshandelspreis\/#primaryimage"},"image":{"@id":"https:\/\/www.elementvape.de\/produkt\/erleben-sie-die-zollfreie-waspe-5000-puffs-lychee-ice-e-zigarette-exotischer-litschigenuss-zum-unschlagbaren-grosshandelspreis\/#primaryimage"},"thumbnailUrl":"https:\/\/www.elementvape.de\/wp-content\/uploads\/2024\/08\/LYCHEE-ICE.jpg","datePublished":"2024-08-31T03:08:08+00:00","dateModified":"2024-10-15T03:20:01+00:00","description":"Wir bieten Erleben Sie die zollfreie WASPE 5000 PUFFS Lychee Ice E-Zigarette \u2013 Exotischer Litschigenuss zum unschlagbaren Gro\u00dfhandelspreis , Elementvape.de akzeptieren Gro\u00df-und Einzelhandel Bestellungen.","breadcrumb":{"@id":"https:\/\/www.elementvape.de\/produkt\/erleben-sie-die-zollfreie-waspe-5000-puffs-lychee-ice-e-zigarette-exotischer-litschigenuss-zum-unschlagbaren-grosshandelspreis\/#breadcrumb"},"inLanguage":"it-IT","potentialAction":[{"@type":"ReadAction","target":["https:\/\/www.elementvape.de\/produkt\/erleben-sie-die-zollfreie-waspe-5000-puffs-lychee-ice-e-zigarette-exotischer-litschigenuss-zum-unschlagbaren-grosshandelspreis\/"]}]},{"@type":"ImageObject","inLanguage":"it-IT","@id":"https:\/\/www.elementvape.de\/produkt\/erleben-sie-die-zollfreie-waspe-5000-puffs-lychee-ice-e-zigarette-exotischer-litschigenuss-zum-unschlagbaren-grosshandelspreis\/#primaryimage","url":"https:\/\/www.elementvape.de\/wp-content\/uploads\/2024\/08\/LYCHEE-ICE.jpg","contentUrl":"https:\/\/www.elementvape.de\/wp-content\/uploads\/2024\/08\/LYCHEE-ICE.jpg","width":800,"height":800,"caption":"LYCHEE ICE"},{"@type":"BreadcrumbList","@id":"https:\/\/www.elementvape.de\/produkt\/erleben-sie-die-zollfreie-waspe-5000-puffs-lychee-ice-e-zigarette-exotischer-litschigenuss-zum-unschlagbaren-grosshandelspreis\/#breadcrumb","itemListElement":[{"@type":"ListItem","position":1,"name":"Home","item":"https:\/\/www.elementvape.de\/"},{"@type":"ListItem","position":2,"name":"Shop","item":"https:\/\/www.elementvape.de\/shop\/"},{"@type":"ListItem","position":3,"name":"Erleben Sie die zollfreie WASPE 5000 PUFFS Lychee Ice E-Zigarette \u2013 Exotischer Litschigenuss zum unschlagbaren Gro\u00dfhandelspreis"}]},{"@type":"WebSite","@id":"https:\/\/www.elementvape.de\/#website","url":"https:\/\/www.elementvape.de\/","name":"ElementVape.de","description":"","publisher":{"@id":"https:\/\/www.elementvape.de\/#organization"},"potentialAction":[{"@type":"SearchAction","target":{"@type":"EntryPoint","urlTemplate":"https:\/\/www.elementvape.de\/?s={search_term_string}"},"query-input":"required name=search_term_string"}],"inLanguage":"it-IT"},{"@type":"Organization","@id":"https:\/\/www.elementvape.de\/#organization","name":"ElementVape.DE","url":"https:\/\/www.elementvape.de\/","logo":{"@type":"ImageObject","inLanguage":"it-IT","@id":"https:\/\/www.elementvape.de\/#\/schema\/logo\/image\/","url":"https:\/\/www.elementvape.de\/wp-content\/uploads\/2024\/09\/cropped-1elementvape-3.png","contentUrl":"https:\/\/www.elementvape.de\/wp-content\/uploads\/2024\/09\/cropped-1elementvape-3.png","width":285,"height":228,"caption":"ElementVape.DE"},"image":{"@id":"https:\/\/www.elementvape.de\/#\/schema\/logo\/image\/"}}]}},"_links":{"self":[{"href":"https:\/\/www.elementvape.de\/it\/wp-json\/wp\/v2\/product\/14067"}],"collection":[{"href":"https:\/\/www.elementvape.de\/it\/wp-json\/wp\/v2\/product"}],"about":[{"href":"https:\/\/www.elementvape.de\/it\/wp-json\/wp\/v2\/types\/product"}],"wp:featuredmedia":[{"embeddable":true,"href":"https:\/\/www.elementvape.de\/it\/wp-json\/wp\/v2\/media\/14068"}],"wp:attachment":[{"href":"https:\/\/www.elementvape.de\/it\/wp-json\/wp\/v2\/media?parent=14067"}],"wp:term":[{"taxonomy":"product_cat","embeddable":true,"href":"https:\/\/www.elementvape.de\/it\/wp-json\/wp\/v2\/product_cat?post=14067"},{"taxonomy":"product_tag","embeddable":true,"href":"https:\/\/www.elementvape.de\/it\/wp-json\/wp\/v2\/product_tag?post=14067"}],"curies":[{"name":"wp","href":"https:\/\/api.w.org\/{rel}","templated":true}]}}