{"id":14039,"date":"2024-08-28T02:05:31","date_gmt":"2024-08-28T02:05:31","guid":{"rendered":"https:\/\/www.elementvape.de\/?post_type=product&#038;p=14039"},"modified":"2024-10-15T03:30:09","modified_gmt":"2024-10-15T03:30:09","slug":"strawberry-watermelon-waspe-5000-puffs-e-zigarette-jetzt-zollfrei-erhaeltlich-und-zu-grosshandelspreisen-perfekte-mischung-aus-fruchtiger-suesse-und-erfrischender-frische","status":"publish","type":"product","link":"https:\/\/www.elementvape.de\/it\/produkt\/strawberry-watermelon-waspe-5000-puffs-e-zigarette-jetzt-zollfrei-erhaeltlich-und-zu-grosshandelspreisen-perfekte-mischung-aus-fruchtiger-suesse-und-erfrischender-frische\/","title":{"rendered":"Fragola Anguria WASPE 5000 PUFFS Sigaretta elettronica senza dazi e ora disponibile a prezzi all'ingrosso \u2013 Mix perfetto di dolcezza fruttata e freschezza rinfrescante"},"content":{"rendered":"<p>Strawberry Watermelon WASPE 5000 PUFFS E-Sigaretta \u2013 Ora disponibile senza dazi e a prezzi all'ingrosso \u2013 La perfetta combinazione di dolcezza fruttata e freschezza rinfrescante<\/p>\n<p>La Strawberry Watermelon WASPE 5000 PUFFS <strong><a href=\"https:\/\/www.elementvape.de\/it\/\" target=\"_blank\" rel=\"noopener\">Sigaretta Elettronica<\/a><\/strong> porta l'equilibrio perfetto tra dolcezza fruttata e leggerezza rinfrescante in ogni tiro. Questa e-sigaretta \u00e8 un must per chi desidera un'esplosione di gusto di succose fragole e melone fresco. Ancora meglio: puoi acquistare questo prodotto di alta qualit\u00e0 senza dazi e a prezzi all'ingrosso imbattibili.<\/p>\n<h3>Cosa rende cos\u00ec speciale la Strawberry Watermelon WASPE 5000 PUFFS E-sigaretta?<\/h3>\n<ol>\n<li>Gusto perfettamente bilanciato: la combinazione di fragole dolci e melone rinfrescante \u00e8 un vero piacere per i sensi. Ogni tiro di questa e-sigaretta offre un mix armonioso, che \u00e8 sia dolce che rinfrescante \u2013 ideale per chi cerca un'esperienza di gusto fruttata e leggera allo stesso tempo.<\/li>\n<li>5000 tiri per un piacere duraturo: con una capacit\u00e0 di e-liquid di 13 ml e una batteria durevole da 650 mAh, puoi goderti fino a 5000 tiri. Ci\u00f2 significa che puoi aspettarti un'esperienza di svapo duratura, senza dover ricaricare o riempire frequentemente.<\/li>\n<li>Design elegante e compatto: la Strawberry Watermelon WASPE 5000 PUFFS \u00e8 non solo un'esperienza di gusto, ma anche un eye-catcher. Il suo design compatto si adatta comodamente alla mano e la rende un compagno ideale per l'uso in movimento.<\/li>\n<li>Facile da usare: questa e-sigaretta \u00e8 particolarmente user-friendly. Nessun accensione, nessun pulsante \u2013 basta aspirare, e il delizioso <strong><a href=\"https:\/\/www.elementvape.de\/it\/\" target=\"_blank\" rel=\"noopener\">vapore<\/a><\/strong> si sprigiona immediatamente. Questa semplicit\u00e0 la rende perfetta sia per i principianti che per gli svapatori esperti.<\/li>\n<li>Disponibile senza dazi e a prezzi all'ingrosso: approfitta dell'opportunit\u00e0 di acquistare la Strawberry Watermelon WASPE 5000 PUFFS senza dazi e a prezzi all'ingrosso imbattibili. Ricevi un prodotto di prima qualit\u00e0, noto per la sua qualit\u00e0 e il suo gusto, a un prezzo difficile da battere.<\/li>\n<\/ol>\n<h3>Rinfrescante, dolce e irresistibile<\/h3>\n<p>La Strawberry Watermelon WASPE 5000 PUFFS \u00e8 la scelta perfetta per chi desidera gustare la dolce freschezza di fragole e meloni in ogni tiro. Con il suo impressionante numero di tiri, un design elegante e una gestione semplice, diventer\u00e0 presto il tuo nuovo dispositivo preferito. Approfitta dei vantaggi senza dazi e dei prezzi all'ingrosso per assicurarti questo prodotto esclusivo a un prezzo imbattibile. Vivi l'esperienza definitiva di gusto fruttato con la Strawberry Watermelon WASPE 5000 PUFFS \u2013 un'esperienza da non perdere<\/p>","protected":false},"excerpt":{"rendered":"<p>Strawberry Watermelon WASPE 5000 PUFFS E-Zigarette \u2013 Jetzt zollfrei erh\u00e4ltlich und zu Gro\u00dfhandelspreisen \u2013 Die perfekte Mischung aus fruchtiger S\u00fc\u00dfe und erfrischender Frische Die Strawberry Watermelon WASPE 5000 PUFFS E-Zigarette bringt die perfekte Balance aus fruchtiger S\u00fc\u00dfe und erfrischender Leichtigkeit in jeden Zug. Diese E-Zigarette ist ein Muss f\u00fcr alle, die eine geschmackliche Explosion von [&hellip;]<\/p>","protected":false},"featured_media":14040,"template":"","meta":{"inline_featured_image":false},"product_cat":[15,78,735,746,741,733,744,755,738,751,726],"product_tag":[710,678],"tiered_pricing_type":"fixed","tiered_pricing_fixed_rules":[],"tiered_pricing_percentage_rules":[],"tiered_pricing_minimum":1,"_administrator_tiered_pricing_type":"fixed","_administrator_tiered_pricing_fixed_rules":[],"_editor_tiered_pricing_type":"fixed","_editor_tiered_pricing_fixed_rules":[],"_author_tiered_pricing_type":"fixed","_author_tiered_pricing_fixed_rules":[],"_contributor_tiered_pricing_type":"fixed","_contributor_tiered_pricing_fixed_rules":[],"_subscriber_tiered_pricing_type":"fixed","_subscriber_tiered_pricing_fixed_rules":[],"_customer_tiered_pricing_type":"fixed","_customer_tiered_pricing_fixed_rules":[],"_shop_manager_tiered_pricing_type":"fixed","_shop_manager_tiered_pricing_fixed_rules":[],"_wpseo_manager_tiered_pricing_type":"fixed","_wpseo_manager_tiered_pricing_fixed_rules":[],"_wpseo_editor_tiered_pricing_type":"fixed","_wpseo_editor_tiered_pricing_fixed_rules":[],"_wholesale_customer_tiered_pricing_type":"fixed","_wholesale_customer_tiered_pricing_fixed_rules":[],"_marketer_tiered_pricing_type":"fixed","_marketer_tiered_pricing_fixed_rules":[],"_sales_manager_tiered_pricing_type":"fixed","_sales_manager_tiered_pricing_fixed_rules":[],"_sales_rep_tiered_pricing_type":"fixed","_sales_rep_tiered_pricing_fixed_rules":[],"yoast_head":"<!-- This site is optimized with the Yoast SEO plugin v23.3 - https:\/\/yoast.com\/wordpress\/plugins\/seo\/ -->\n<title>Strawberry Watermelon WASPE 5000 PUFFS E-Zigarette Jetzt zollfrei erh\u00e4ltlich und zu Gro\u00dfhandelspreisen \u2013 Perfekte Mischung aus fruchtiger S\u00fc\u00dfe und erfrischender Frische | ElementVape.de<\/title>\n<meta name=\"description\" content=\"Wir bieten Strawberry Watermelon WASPE 5000 PUFFS E-Zigarette Jetzt zollfrei erh\u00e4ltlich und zu Gro\u00dfhandelspreisen \u2013 Perfekte Mischung aus fruchtiger S\u00fc\u00dfe und erfrischender Frische , Elementvape.de akzeptieren Gro\u00df-und Einzelhandel Bestellungen.\" \/>\n<meta name=\"robots\" content=\"index, follow, max-snippet:-1, max-image-preview:large, max-video-preview:-1\" \/>\n<link rel=\"canonical\" href=\"https:\/\/www.elementvape.de\/it\/produkt\/strawberry-watermelon-waspe-5000-puffs-e-zigarette-jetzt-zollfrei-erhaeltlich-und-zu-grosshandelspreisen-perfekte-mischung-aus-fruchtiger-suesse-und-erfrischender-frische\/\" \/>\n<meta property=\"og:locale\" content=\"it_IT\" \/>\n<meta property=\"og:type\" content=\"article\" \/>\n<meta property=\"og:title\" content=\"Strawberry Watermelon WASPE 5000 PUFFS E-Zigarette Jetzt zollfrei erh\u00e4ltlich und zu Gro\u00dfhandelspreisen \u2013 Perfekte Mischung aus fruchtiger S\u00fc\u00dfe und erfrischender Frische | ElementVape.de\" \/>\n<meta property=\"og:description\" content=\"Wir bieten Strawberry Watermelon WASPE 5000 PUFFS E-Zigarette Jetzt zollfrei erh\u00e4ltlich und zu Gro\u00dfhandelspreisen \u2013 Perfekte Mischung aus fruchtiger S\u00fc\u00dfe und erfrischender Frische , Elementvape.de akzeptieren Gro\u00df-und Einzelhandel Bestellungen.\" \/>\n<meta property=\"og:url\" content=\"https:\/\/www.elementvape.de\/it\/produkt\/strawberry-watermelon-waspe-5000-puffs-e-zigarette-jetzt-zollfrei-erhaeltlich-und-zu-grosshandelspreisen-perfekte-mischung-aus-fruchtiger-suesse-und-erfrischender-frische\/\" \/>\n<meta property=\"og:site_name\" content=\"ElementVape.de\" \/>\n<meta property=\"article:modified_time\" content=\"2024-10-15T03:30:09+00:00\" \/>\n<meta property=\"og:image\" content=\"https:\/\/www.elementvape.de\/wp-content\/uploads\/2024\/08\/Strawberry-Watermelon.webp\" \/>\n\t<meta property=\"og:image:width\" content=\"400\" \/>\n\t<meta property=\"og:image:height\" content=\"400\" \/>\n\t<meta property=\"og:image:type\" content=\"image\/webp\" \/>\n<meta name=\"twitter:card\" content=\"summary_large_image\" \/>\n<meta name=\"twitter:label1\" content=\"Est. reading time\" \/>\n\t<meta name=\"twitter:data1\" content=\"3 minuti\" \/>\n<script type=\"application\/ld+json\" class=\"yoast-schema-graph\">{\"@context\":\"https:\/\/schema.org\",\"@graph\":[{\"@type\":\"WebPage\",\"@id\":\"https:\/\/www.elementvape.de\/produkt\/strawberry-watermelon-waspe-5000-puffs-e-zigarette-jetzt-zollfrei-erhaeltlich-und-zu-grosshandelspreisen-perfekte-mischung-aus-fruchtiger-suesse-und-erfrischender-frische\/\",\"url\":\"https:\/\/www.elementvape.de\/produkt\/strawberry-watermelon-waspe-5000-puffs-e-zigarette-jetzt-zollfrei-erhaeltlich-und-zu-grosshandelspreisen-perfekte-mischung-aus-fruchtiger-suesse-und-erfrischender-frische\/\",\"name\":\"Strawberry Watermelon WASPE 5000 PUFFS E-Zigarette Jetzt zollfrei erh\u00e4ltlich und zu Gro\u00dfhandelspreisen \u2013 Perfekte Mischung aus fruchtiger S\u00fc\u00dfe und erfrischender Frische | ElementVape.de\",\"isPartOf\":{\"@id\":\"https:\/\/www.elementvape.de\/#website\"},\"primaryImageOfPage\":{\"@id\":\"https:\/\/www.elementvape.de\/produkt\/strawberry-watermelon-waspe-5000-puffs-e-zigarette-jetzt-zollfrei-erhaeltlich-und-zu-grosshandelspreisen-perfekte-mischung-aus-fruchtiger-suesse-und-erfrischender-frische\/#primaryimage\"},\"image\":{\"@id\":\"https:\/\/www.elementvape.de\/produkt\/strawberry-watermelon-waspe-5000-puffs-e-zigarette-jetzt-zollfrei-erhaeltlich-und-zu-grosshandelspreisen-perfekte-mischung-aus-fruchtiger-suesse-und-erfrischender-frische\/#primaryimage\"},\"thumbnailUrl\":\"https:\/\/www.elementvape.de\/wp-content\/uploads\/2024\/08\/Strawberry-Watermelon.webp\",\"datePublished\":\"2024-08-28T02:05:31+00:00\",\"dateModified\":\"2024-10-15T03:30:09+00:00\",\"description\":\"Wir bieten Strawberry Watermelon WASPE 5000 PUFFS E-Zigarette Jetzt zollfrei erh\u00e4ltlich und zu Gro\u00dfhandelspreisen \u2013 Perfekte Mischung aus fruchtiger S\u00fc\u00dfe und erfrischender Frische , Elementvape.de akzeptieren Gro\u00df-und Einzelhandel Bestellungen.\",\"breadcrumb\":{\"@id\":\"https:\/\/www.elementvape.de\/produkt\/strawberry-watermelon-waspe-5000-puffs-e-zigarette-jetzt-zollfrei-erhaeltlich-und-zu-grosshandelspreisen-perfekte-mischung-aus-fruchtiger-suesse-und-erfrischender-frische\/#breadcrumb\"},\"inLanguage\":\"it-IT\",\"potentialAction\":[{\"@type\":\"ReadAction\",\"target\":[\"https:\/\/www.elementvape.de\/produkt\/strawberry-watermelon-waspe-5000-puffs-e-zigarette-jetzt-zollfrei-erhaeltlich-und-zu-grosshandelspreisen-perfekte-mischung-aus-fruchtiger-suesse-und-erfrischender-frische\/\"]}]},{\"@type\":\"ImageObject\",\"inLanguage\":\"it-IT\",\"@id\":\"https:\/\/www.elementvape.de\/produkt\/strawberry-watermelon-waspe-5000-puffs-e-zigarette-jetzt-zollfrei-erhaeltlich-und-zu-grosshandelspreisen-perfekte-mischung-aus-fruchtiger-suesse-und-erfrischender-frische\/#primaryimage\",\"url\":\"https:\/\/www.elementvape.de\/wp-content\/uploads\/2024\/08\/Strawberry-Watermelon.webp\",\"contentUrl\":\"https:\/\/www.elementvape.de\/wp-content\/uploads\/2024\/08\/Strawberry-Watermelon.webp\",\"width\":400,\"height\":400,\"caption\":\"Strawberry Watermelon\"},{\"@type\":\"BreadcrumbList\",\"@id\":\"https:\/\/www.elementvape.de\/produkt\/strawberry-watermelon-waspe-5000-puffs-e-zigarette-jetzt-zollfrei-erhaeltlich-und-zu-grosshandelspreisen-perfekte-mischung-aus-fruchtiger-suesse-und-erfrischender-frische\/#breadcrumb\",\"itemListElement\":[{\"@type\":\"ListItem\",\"position\":1,\"name\":\"Home\",\"item\":\"https:\/\/www.elementvape.de\/\"},{\"@type\":\"ListItem\",\"position\":2,\"name\":\"Shop\",\"item\":\"https:\/\/www.elementvape.de\/shop\/\"},{\"@type\":\"ListItem\",\"position\":3,\"name\":\"Strawberry Watermelon WASPE 5000 PUFFS E-Zigarette Jetzt zollfrei erh\u00e4ltlich und zu Gro\u00dfhandelspreisen \u2013 Perfekte Mischung aus fruchtiger S\u00fc\u00dfe und erfrischender Frische\"}]},{\"@type\":\"WebSite\",\"@id\":\"https:\/\/www.elementvape.de\/#website\",\"url\":\"https:\/\/www.elementvape.de\/\",\"name\":\"ElementVape.de\",\"description\":\"\",\"publisher\":{\"@id\":\"https:\/\/www.elementvape.de\/#organization\"},\"potentialAction\":[{\"@type\":\"SearchAction\",\"target\":{\"@type\":\"EntryPoint\",\"urlTemplate\":\"https:\/\/www.elementvape.de\/?s={search_term_string}\"},\"query-input\":\"required name=search_term_string\"}],\"inLanguage\":\"it-IT\"},{\"@type\":\"Organization\",\"@id\":\"https:\/\/www.elementvape.de\/#organization\",\"name\":\"ElementVape.DE\",\"url\":\"https:\/\/www.elementvape.de\/\",\"logo\":{\"@type\":\"ImageObject\",\"inLanguage\":\"it-IT\",\"@id\":\"https:\/\/www.elementvape.de\/#\/schema\/logo\/image\/\",\"url\":\"https:\/\/www.elementvape.de\/wp-content\/uploads\/2024\/09\/cropped-1elementvape-3.png\",\"contentUrl\":\"https:\/\/www.elementvape.de\/wp-content\/uploads\/2024\/09\/cropped-1elementvape-3.png\",\"width\":285,\"height\":228,\"caption\":\"ElementVape.DE\"},\"image\":{\"@id\":\"https:\/\/www.elementvape.de\/#\/schema\/logo\/image\/\"}}]}<\/script>\n<!-- \/ Yoast SEO plugin. -->","yoast_head_json":{"title":"Strawberry Watermelon WASPE 5000 PUFFS E-Zigarette Jetzt zollfrei erh\u00e4ltlich und zu Gro\u00dfhandelspreisen \u2013 Perfekte Mischung aus fruchtiger S\u00fc\u00dfe und erfrischender Frische | ElementVape.de","description":"Wir bieten Strawberry Watermelon WASPE 5000 PUFFS E-Zigarette Jetzt zollfrei erh\u00e4ltlich und zu Gro\u00dfhandelspreisen \u2013 Perfekte Mischung aus fruchtiger S\u00fc\u00dfe und erfrischender Frische , Elementvape.de akzeptieren Gro\u00df-und Einzelhandel Bestellungen.","robots":{"index":"index","follow":"follow","max-snippet":"max-snippet:-1","max-image-preview":"max-image-preview:large","max-video-preview":"max-video-preview:-1"},"canonical":"https:\/\/www.elementvape.de\/it\/produkt\/strawberry-watermelon-waspe-5000-puffs-e-zigarette-jetzt-zollfrei-erhaeltlich-und-zu-grosshandelspreisen-perfekte-mischung-aus-fruchtiger-suesse-und-erfrischender-frische\/","og_locale":"it_IT","og_type":"article","og_title":"Strawberry Watermelon WASPE 5000 PUFFS E-Zigarette Jetzt zollfrei erh\u00e4ltlich und zu Gro\u00dfhandelspreisen \u2013 Perfekte Mischung aus fruchtiger S\u00fc\u00dfe und erfrischender Frische | ElementVape.de","og_description":"Wir bieten Strawberry Watermelon WASPE 5000 PUFFS E-Zigarette Jetzt zollfrei erh\u00e4ltlich und zu Gro\u00dfhandelspreisen \u2013 Perfekte Mischung aus fruchtiger S\u00fc\u00dfe und erfrischender Frische , Elementvape.de akzeptieren Gro\u00df-und Einzelhandel Bestellungen.","og_url":"https:\/\/www.elementvape.de\/it\/produkt\/strawberry-watermelon-waspe-5000-puffs-e-zigarette-jetzt-zollfrei-erhaeltlich-und-zu-grosshandelspreisen-perfekte-mischung-aus-fruchtiger-suesse-und-erfrischender-frische\/","og_site_name":"ElementVape.de","article_modified_time":"2024-10-15T03:30:09+00:00","og_image":[{"width":400,"height":400,"url":"https:\/\/www.elementvape.de\/wp-content\/uploads\/2024\/08\/Strawberry-Watermelon.webp","type":"image\/webp"}],"twitter_card":"summary_large_image","twitter_misc":{"Est. reading time":"3 minuti"},"schema":{"@context":"https:\/\/schema.org","@graph":[{"@type":"WebPage","@id":"https:\/\/www.elementvape.de\/produkt\/strawberry-watermelon-waspe-5000-puffs-e-zigarette-jetzt-zollfrei-erhaeltlich-und-zu-grosshandelspreisen-perfekte-mischung-aus-fruchtiger-suesse-und-erfrischender-frische\/","url":"https:\/\/www.elementvape.de\/produkt\/strawberry-watermelon-waspe-5000-puffs-e-zigarette-jetzt-zollfrei-erhaeltlich-und-zu-grosshandelspreisen-perfekte-mischung-aus-fruchtiger-suesse-und-erfrischender-frische\/","name":"Strawberry Watermelon WASPE 5000 PUFFS E-Zigarette Jetzt zollfrei erh\u00e4ltlich und zu Gro\u00dfhandelspreisen \u2013 Perfekte Mischung aus fruchtiger S\u00fc\u00dfe und erfrischender Frische | ElementVape.de","isPartOf":{"@id":"https:\/\/www.elementvape.de\/#website"},"primaryImageOfPage":{"@id":"https:\/\/www.elementvape.de\/produkt\/strawberry-watermelon-waspe-5000-puffs-e-zigarette-jetzt-zollfrei-erhaeltlich-und-zu-grosshandelspreisen-perfekte-mischung-aus-fruchtiger-suesse-und-erfrischender-frische\/#primaryimage"},"image":{"@id":"https:\/\/www.elementvape.de\/produkt\/strawberry-watermelon-waspe-5000-puffs-e-zigarette-jetzt-zollfrei-erhaeltlich-und-zu-grosshandelspreisen-perfekte-mischung-aus-fruchtiger-suesse-und-erfrischender-frische\/#primaryimage"},"thumbnailUrl":"https:\/\/www.elementvape.de\/wp-content\/uploads\/2024\/08\/Strawberry-Watermelon.webp","datePublished":"2024-08-28T02:05:31+00:00","dateModified":"2024-10-15T03:30:09+00:00","description":"Wir bieten Strawberry Watermelon WASPE 5000 PUFFS E-Zigarette Jetzt zollfrei erh\u00e4ltlich und zu Gro\u00dfhandelspreisen \u2013 Perfekte Mischung aus fruchtiger S\u00fc\u00dfe und erfrischender Frische , Elementvape.de akzeptieren Gro\u00df-und Einzelhandel Bestellungen.","breadcrumb":{"@id":"https:\/\/www.elementvape.de\/produkt\/strawberry-watermelon-waspe-5000-puffs-e-zigarette-jetzt-zollfrei-erhaeltlich-und-zu-grosshandelspreisen-perfekte-mischung-aus-fruchtiger-suesse-und-erfrischender-frische\/#breadcrumb"},"inLanguage":"it-IT","potentialAction":[{"@type":"ReadAction","target":["https:\/\/www.elementvape.de\/produkt\/strawberry-watermelon-waspe-5000-puffs-e-zigarette-jetzt-zollfrei-erhaeltlich-und-zu-grosshandelspreisen-perfekte-mischung-aus-fruchtiger-suesse-und-erfrischender-frische\/"]}]},{"@type":"ImageObject","inLanguage":"it-IT","@id":"https:\/\/www.elementvape.de\/produkt\/strawberry-watermelon-waspe-5000-puffs-e-zigarette-jetzt-zollfrei-erhaeltlich-und-zu-grosshandelspreisen-perfekte-mischung-aus-fruchtiger-suesse-und-erfrischender-frische\/#primaryimage","url":"https:\/\/www.elementvape.de\/wp-content\/uploads\/2024\/08\/Strawberry-Watermelon.webp","contentUrl":"https:\/\/www.elementvape.de\/wp-content\/uploads\/2024\/08\/Strawberry-Watermelon.webp","width":400,"height":400,"caption":"Strawberry Watermelon"},{"@type":"BreadcrumbList","@id":"https:\/\/www.elementvape.de\/produkt\/strawberry-watermelon-waspe-5000-puffs-e-zigarette-jetzt-zollfrei-erhaeltlich-und-zu-grosshandelspreisen-perfekte-mischung-aus-fruchtiger-suesse-und-erfrischender-frische\/#breadcrumb","itemListElement":[{"@type":"ListItem","position":1,"name":"Home","item":"https:\/\/www.elementvape.de\/"},{"@type":"ListItem","position":2,"name":"Shop","item":"https:\/\/www.elementvape.de\/shop\/"},{"@type":"ListItem","position":3,"name":"Strawberry Watermelon WASPE 5000 PUFFS E-Zigarette Jetzt zollfrei erh\u00e4ltlich und zu Gro\u00dfhandelspreisen \u2013 Perfekte Mischung aus fruchtiger S\u00fc\u00dfe und erfrischender Frische"}]},{"@type":"WebSite","@id":"https:\/\/www.elementvape.de\/#website","url":"https:\/\/www.elementvape.de\/","name":"ElementVape.de","description":"","publisher":{"@id":"https:\/\/www.elementvape.de\/#organization"},"potentialAction":[{"@type":"SearchAction","target":{"@type":"EntryPoint","urlTemplate":"https:\/\/www.elementvape.de\/?s={search_term_string}"},"query-input":"required name=search_term_string"}],"inLanguage":"it-IT"},{"@type":"Organization","@id":"https:\/\/www.elementvape.de\/#organization","name":"ElementVape.DE","url":"https:\/\/www.elementvape.de\/","logo":{"@type":"ImageObject","inLanguage":"it-IT","@id":"https:\/\/www.elementvape.de\/#\/schema\/logo\/image\/","url":"https:\/\/www.elementvape.de\/wp-content\/uploads\/2024\/09\/cropped-1elementvape-3.png","contentUrl":"https:\/\/www.elementvape.de\/wp-content\/uploads\/2024\/09\/cropped-1elementvape-3.png","width":285,"height":228,"caption":"ElementVape.DE"},"image":{"@id":"https:\/\/www.elementvape.de\/#\/schema\/logo\/image\/"}}]}},"_links":{"self":[{"href":"https:\/\/www.elementvape.de\/it\/wp-json\/wp\/v2\/product\/14039"}],"collection":[{"href":"https:\/\/www.elementvape.de\/it\/wp-json\/wp\/v2\/product"}],"about":[{"href":"https:\/\/www.elementvape.de\/it\/wp-json\/wp\/v2\/types\/product"}],"wp:featuredmedia":[{"embeddable":true,"href":"https:\/\/www.elementvape.de\/it\/wp-json\/wp\/v2\/media\/14040"}],"wp:attachment":[{"href":"https:\/\/www.elementvape.de\/it\/wp-json\/wp\/v2\/media?parent=14039"}],"wp:term":[{"taxonomy":"product_cat","embeddable":true,"href":"https:\/\/www.elementvape.de\/it\/wp-json\/wp\/v2\/product_cat?post=14039"},{"taxonomy":"product_tag","embeddable":true,"href":"https:\/\/www.elementvape.de\/it\/wp-json\/wp\/v2\/product_tag?post=14039"}],"curies":[{"name":"wp","href":"https:\/\/api.w.org\/{rel}","templated":true}]}}