{"id":14033,"date":"2024-08-27T03:43:17","date_gmt":"2024-08-27T03:43:17","guid":{"rendered":"https:\/\/www.elementvape.de\/?post_type=product&#038;p=14033"},"modified":"2024-10-15T03:33:38","modified_gmt":"2024-10-15T03:33:38","slug":"erleben-sie-die-einzigartige-kombination-aus-blaubeergeschmack-und-frische-mit-der-blueberry-ice-e-zigarette-waspe-5000-puffs-e-zigarette-zollfrei-und-guenstig","status":"publish","type":"product","link":"https:\/\/www.elementvape.de\/it\/produkt\/erleben-sie-die-einzigartige-kombination-aus-blaubeergeschmack-und-frische-mit-der-blueberry-ice-e-zigarette-waspe-5000-puffs-e-zigarette-zollfrei-und-guenstig\/","title":{"rendered":"Vivi l'unica combinazione di sapore di mirtillo e freschezza con la sigaretta elettronica Blueberry Ice WASPE 5000 PUFFS, senza dazi e a buon prezzo"},"content":{"rendered":"<p>Vivi l'incomparabile combinazione di gusto di mirtillo e freschezza con la sigaretta elettronica Blueberry Ice WASPE 5000 PUFFS<\/p>\n<p>Nel mondo di <strong><a href=\"https:\/\/www.elementvape.de\/it\/\" target=\"_blank\" rel=\"noopener\">Sigarette elettroniche<\/a><\/strong> ci sono innumerevoli gusti, ma pochi riescono a unire cos\u00ec magistralmente l'equilibrio perfetto tra freschezza e fruttato come la sigaretta elettronica Blueberry Ice WASPE 5000 PUFFS. Questa straordinaria sigaretta elettronica ti offre un'esperienza di svapo intensa, che potrai goderti dalla prima all'ultima secondo. E la cosa migliore? Puoi acquistare questa sigaretta elettronica di alta qualit\u00e0 senza dazi e a un prezzo imbattibile.<\/p>\n<h3>Perch\u00e9 scegliere la sigaretta elettronica Blueberry Ice WASPE 5000 PUFFS?<\/h3>\n<ol>\n<li>Gusto inconfondibile: il sapore di mirtilli freschi e dolci combinato con una freschezza glaciale \u00e8 il punto forte di questa sigaretta elettronica. Ad ogni tiro sperimenterai la miscela perfetta tra aroma fruttato e effetto rinfrescante, che rivitalizza i sensi.<\/li>\n<li>Piacevole a lungo: con una capacit\u00e0 di liquido di 13 ml e una batteria da 650 mAh, la sigaretta elettronica Blueberry Ice WASPE 5000 PUFFS offre fino a 5000 puff. Ci\u00f2 significa che puoi goderti ore di svapo continuo senza preoccuparti di ricaricare o riempire.<\/li>\n<li>Design pratico: questa sigaretta elettronica non \u00e8 solo un piacere per il palato, ma anche un punto di forza estetico. Con il suo design elegante e compatto, si adatta comodamente alla mano e si pu\u00f2 portare facilmente ovunque.<\/li>\n<li>Facile da usare: niente pulsanti fastidiosi \u2013 basta aspirare alla sigaretta elettronica e il vapore inizia. La facilit\u00e0 d'uso rende la sigaretta elettronica Blueberry Ice WASPE 5000 PUFFS la scelta ideale sia per i principianti che per i vapatori esperti.<\/li>\n<li>Senza dazi e conveniente: questa sigaretta elettronica di alta qualit\u00e0 non \u00e8 solo di alta qualit\u00e0, ma anche attraente dal punto di vista dei prezzi. Grazie all'acquisto senza dazi e ai prezzi all'ingrosso, puoi goderti un prodotto di prima classe senza dover spendere una fortuna.<\/li>\n<\/ol>\n<h3>Il compagno perfetto per un gusto rinfrescante<\/h3>\n<p>La sigaretta elettronica Blueberry Ice WASPE 5000 PUFFS \u00e8 la scelta perfetta per chi cerca un sapore intenso e rinfrescante, senza rinunciare a qualit\u00e0 e comfort. Grazie alla sua lunga durata, all'esperienza di gusto unica e al rapporto qualit\u00e0-prezzo attraente, diventer\u00e0 presto il tuo compagno costante. Concediti l'ultima esperienza di svapo e vivi la perfetta sinergia tra gusto di mirtillo e freschezza glaciale. Approfitta finch\u00e9 ci sono scorte!<\/p>","protected":false},"excerpt":{"rendered":"<p>Erleben Sie die unvergleichliche Kombination aus Blaubeergeschmack und Frische mit der Blueberry Ice WASPE 5000 PUFFS E-Zigarette In der Welt der E-Zigaretten gibt es unz\u00e4hlige Geschmacksrichtungen, doch nur wenige k\u00f6nnen die perfekte Balance zwischen Frische und Fruchtigkeit so meisterhaft vereinen wie die Blueberry Ice WASPE 5000 PUFFS E-Zigarette. Diese au\u00dfergew\u00f6hnliche E-Zigarette bietet Ihnen ein intensives [&hellip;]<\/p>","protected":false},"featured_media":14034,"template":"","meta":{"inline_featured_image":false},"product_cat":[15,78,735,746,741,733,744,755,738,751,726],"product_tag":[710,678],"tiered_pricing_type":"fixed","tiered_pricing_fixed_rules":[],"tiered_pricing_percentage_rules":[],"tiered_pricing_minimum":1,"_administrator_tiered_pricing_type":"fixed","_administrator_tiered_pricing_fixed_rules":[],"_editor_tiered_pricing_type":"fixed","_editor_tiered_pricing_fixed_rules":[],"_author_tiered_pricing_type":"fixed","_author_tiered_pricing_fixed_rules":[],"_contributor_tiered_pricing_type":"fixed","_contributor_tiered_pricing_fixed_rules":[],"_subscriber_tiered_pricing_type":"fixed","_subscriber_tiered_pricing_fixed_rules":[],"_customer_tiered_pricing_type":"fixed","_customer_tiered_pricing_fixed_rules":[],"_shop_manager_tiered_pricing_type":"fixed","_shop_manager_tiered_pricing_fixed_rules":[],"_wpseo_manager_tiered_pricing_type":"fixed","_wpseo_manager_tiered_pricing_fixed_rules":[],"_wpseo_editor_tiered_pricing_type":"fixed","_wpseo_editor_tiered_pricing_fixed_rules":[],"_wholesale_customer_tiered_pricing_type":"fixed","_wholesale_customer_tiered_pricing_fixed_rules":[],"_marketer_tiered_pricing_type":"fixed","_marketer_tiered_pricing_fixed_rules":[],"_sales_manager_tiered_pricing_type":"fixed","_sales_manager_tiered_pricing_fixed_rules":[],"_sales_rep_tiered_pricing_type":"fixed","_sales_rep_tiered_pricing_fixed_rules":[],"yoast_head":"<!-- This site is optimized with the Yoast SEO plugin v23.3 - https:\/\/yoast.com\/wordpress\/plugins\/seo\/ -->\n<title>Erleben Sie die einzigartige Kombination aus Blaubeergeschmack und Frische mit der Blueberry Ice E-Zigarette WASPE 5000 PUFFS E-Zigarette zollfrei und g\u00fcnstig | ElementVape.de<\/title>\n<meta name=\"description\" content=\"Wir bieten Erleben Sie die einzigartige Kombination aus Blaubeergeschmack und Frische mit der Blueberry Ice E-Zigarette WASPE 5000 PUFFS E-Zigarette zollfrei und g\u00fcnstig , Elementvape.de akzeptieren Gro\u00df-und Einzelhandel Bestellungen.\" \/>\n<meta name=\"robots\" content=\"index, follow, max-snippet:-1, max-image-preview:large, max-video-preview:-1\" \/>\n<link rel=\"canonical\" href=\"https:\/\/www.elementvape.de\/it\/produkt\/erleben-sie-die-einzigartige-kombination-aus-blaubeergeschmack-und-frische-mit-der-blueberry-ice-e-zigarette-waspe-5000-puffs-e-zigarette-zollfrei-und-guenstig\/\" \/>\n<meta property=\"og:locale\" content=\"it_IT\" \/>\n<meta property=\"og:type\" content=\"article\" \/>\n<meta property=\"og:title\" content=\"Erleben Sie die einzigartige Kombination aus Blaubeergeschmack und Frische mit der Blueberry Ice E-Zigarette WASPE 5000 PUFFS E-Zigarette zollfrei und g\u00fcnstig | ElementVape.de\" \/>\n<meta property=\"og:description\" content=\"Wir bieten Erleben Sie die einzigartige Kombination aus Blaubeergeschmack und Frische mit der Blueberry Ice E-Zigarette WASPE 5000 PUFFS E-Zigarette zollfrei und g\u00fcnstig , Elementvape.de akzeptieren Gro\u00df-und Einzelhandel Bestellungen.\" \/>\n<meta property=\"og:url\" content=\"https:\/\/www.elementvape.de\/it\/produkt\/erleben-sie-die-einzigartige-kombination-aus-blaubeergeschmack-und-frische-mit-der-blueberry-ice-e-zigarette-waspe-5000-puffs-e-zigarette-zollfrei-und-guenstig\/\" \/>\n<meta property=\"og:site_name\" content=\"ElementVape.de\" \/>\n<meta property=\"article:modified_time\" content=\"2024-10-15T03:33:38+00:00\" \/>\n<meta property=\"og:image\" content=\"https:\/\/www.elementvape.de\/wp-content\/uploads\/2024\/08\/Blueberry-Ice.webp\" \/>\n\t<meta property=\"og:image:width\" content=\"400\" \/>\n\t<meta property=\"og:image:height\" content=\"400\" \/>\n\t<meta property=\"og:image:type\" content=\"image\/webp\" \/>\n<meta name=\"twitter:card\" content=\"summary_large_image\" \/>\n<meta name=\"twitter:label1\" content=\"Est. reading time\" \/>\n\t<meta name=\"twitter:data1\" content=\"3 minuti\" \/>\n<script type=\"application\/ld+json\" class=\"yoast-schema-graph\">{\"@context\":\"https:\/\/schema.org\",\"@graph\":[{\"@type\":\"WebPage\",\"@id\":\"https:\/\/www.elementvape.de\/it\/produkt\/erleben-sie-die-einzigartige-kombination-aus-blaubeergeschmack-und-frische-mit-der-blueberry-ice-e-zigarette-waspe-5000-puffs-e-zigarette-zollfrei-und-guenstig\/\",\"url\":\"https:\/\/www.elementvape.de\/it\/produkt\/erleben-sie-die-einzigartige-kombination-aus-blaubeergeschmack-und-frische-mit-der-blueberry-ice-e-zigarette-waspe-5000-puffs-e-zigarette-zollfrei-und-guenstig\/\",\"name\":\"Erleben Sie die einzigartige Kombination aus Blaubeergeschmack und Frische mit der Blueberry Ice E-Zigarette WASPE 5000 PUFFS E-Zigarette zollfrei und g\u00fcnstig | ElementVape.de\",\"isPartOf\":{\"@id\":\"https:\/\/www.elementvape.de\/#website\"},\"primaryImageOfPage\":{\"@id\":\"https:\/\/www.elementvape.de\/it\/produkt\/erleben-sie-die-einzigartige-kombination-aus-blaubeergeschmack-und-frische-mit-der-blueberry-ice-e-zigarette-waspe-5000-puffs-e-zigarette-zollfrei-und-guenstig\/#primaryimage\"},\"image\":{\"@id\":\"https:\/\/www.elementvape.de\/it\/produkt\/erleben-sie-die-einzigartige-kombination-aus-blaubeergeschmack-und-frische-mit-der-blueberry-ice-e-zigarette-waspe-5000-puffs-e-zigarette-zollfrei-und-guenstig\/#primaryimage\"},\"thumbnailUrl\":\"https:\/\/www.elementvape.de\/wp-content\/uploads\/2024\/08\/Blueberry-Ice.webp\",\"datePublished\":\"2024-08-27T03:43:17+00:00\",\"dateModified\":\"2024-10-15T03:33:38+00:00\",\"description\":\"Wir bieten Erleben Sie die einzigartige Kombination aus Blaubeergeschmack und Frische mit der Blueberry Ice E-Zigarette WASPE 5000 PUFFS E-Zigarette zollfrei und g\u00fcnstig , Elementvape.de akzeptieren Gro\u00df-und Einzelhandel Bestellungen.\",\"breadcrumb\":{\"@id\":\"https:\/\/www.elementvape.de\/it\/produkt\/erleben-sie-die-einzigartige-kombination-aus-blaubeergeschmack-und-frische-mit-der-blueberry-ice-e-zigarette-waspe-5000-puffs-e-zigarette-zollfrei-und-guenstig\/#breadcrumb\"},\"inLanguage\":\"it-IT\",\"potentialAction\":[{\"@type\":\"ReadAction\",\"target\":[\"https:\/\/www.elementvape.de\/it\/produkt\/erleben-sie-die-einzigartige-kombination-aus-blaubeergeschmack-und-frische-mit-der-blueberry-ice-e-zigarette-waspe-5000-puffs-e-zigarette-zollfrei-und-guenstig\/\"]}]},{\"@type\":\"ImageObject\",\"inLanguage\":\"it-IT\",\"@id\":\"https:\/\/www.elementvape.de\/it\/produkt\/erleben-sie-die-einzigartige-kombination-aus-blaubeergeschmack-und-frische-mit-der-blueberry-ice-e-zigarette-waspe-5000-puffs-e-zigarette-zollfrei-und-guenstig\/#primaryimage\",\"url\":\"https:\/\/www.elementvape.de\/wp-content\/uploads\/2024\/08\/Blueberry-Ice.webp\",\"contentUrl\":\"https:\/\/www.elementvape.de\/wp-content\/uploads\/2024\/08\/Blueberry-Ice.webp\",\"width\":400,\"height\":400,\"caption\":\"Blueberry Ice\"},{\"@type\":\"BreadcrumbList\",\"@id\":\"https:\/\/www.elementvape.de\/it\/produkt\/erleben-sie-die-einzigartige-kombination-aus-blaubeergeschmack-und-frische-mit-der-blueberry-ice-e-zigarette-waspe-5000-puffs-e-zigarette-zollfrei-und-guenstig\/#breadcrumb\",\"itemListElement\":[{\"@type\":\"ListItem\",\"position\":1,\"name\":\"Home\",\"item\":\"https:\/\/www.elementvape.de\/\"},{\"@type\":\"ListItem\",\"position\":2,\"name\":\"Shop\",\"item\":\"https:\/\/www.elementvape.de\/shop\/\"},{\"@type\":\"ListItem\",\"position\":3,\"name\":\"Erleben Sie die einzigartige Kombination aus Blaubeergeschmack und Frische mit der Blueberry Ice E-Zigarette WASPE 5000 PUFFS E-Zigarette zollfrei und g\u00fcnstig\"}]},{\"@type\":\"WebSite\",\"@id\":\"https:\/\/www.elementvape.de\/#website\",\"url\":\"https:\/\/www.elementvape.de\/\",\"name\":\"ElementVape.de\",\"description\":\"\",\"publisher\":{\"@id\":\"https:\/\/www.elementvape.de\/#organization\"},\"potentialAction\":[{\"@type\":\"SearchAction\",\"target\":{\"@type\":\"EntryPoint\",\"urlTemplate\":\"https:\/\/www.elementvape.de\/?s={search_term_string}\"},\"query-input\":\"required name=search_term_string\"}],\"inLanguage\":\"it-IT\"},{\"@type\":\"Organization\",\"@id\":\"https:\/\/www.elementvape.de\/#organization\",\"name\":\"ElementVape.DE\",\"url\":\"https:\/\/www.elementvape.de\/\",\"logo\":{\"@type\":\"ImageObject\",\"inLanguage\":\"it-IT\",\"@id\":\"https:\/\/www.elementvape.de\/#\/schema\/logo\/image\/\",\"url\":\"https:\/\/www.elementvape.de\/wp-content\/uploads\/2024\/09\/cropped-1elementvape-3.png\",\"contentUrl\":\"https:\/\/www.elementvape.de\/wp-content\/uploads\/2024\/09\/cropped-1elementvape-3.png\",\"width\":285,\"height\":228,\"caption\":\"ElementVape.DE\"},\"image\":{\"@id\":\"https:\/\/www.elementvape.de\/#\/schema\/logo\/image\/\"}}]}<\/script>\n<!-- \/ Yoast SEO plugin. -->","yoast_head_json":{"title":"Erleben Sie die einzigartige Kombination aus Blaubeergeschmack und Frische mit der Blueberry Ice E-Zigarette WASPE 5000 PUFFS E-Zigarette zollfrei und g\u00fcnstig | ElementVape.de","description":"Wir bieten Erleben Sie die einzigartige Kombination aus Blaubeergeschmack und Frische mit der Blueberry Ice E-Zigarette WASPE 5000 PUFFS E-Zigarette zollfrei und g\u00fcnstig , Elementvape.de akzeptieren Gro\u00df-und Einzelhandel Bestellungen.","robots":{"index":"index","follow":"follow","max-snippet":"max-snippet:-1","max-image-preview":"max-image-preview:large","max-video-preview":"max-video-preview:-1"},"canonical":"https:\/\/www.elementvape.de\/it\/produkt\/erleben-sie-die-einzigartige-kombination-aus-blaubeergeschmack-und-frische-mit-der-blueberry-ice-e-zigarette-waspe-5000-puffs-e-zigarette-zollfrei-und-guenstig\/","og_locale":"it_IT","og_type":"article","og_title":"Erleben Sie die einzigartige Kombination aus Blaubeergeschmack und Frische mit der Blueberry Ice E-Zigarette WASPE 5000 PUFFS E-Zigarette zollfrei und g\u00fcnstig | ElementVape.de","og_description":"Wir bieten Erleben Sie die einzigartige Kombination aus Blaubeergeschmack und Frische mit der Blueberry Ice E-Zigarette WASPE 5000 PUFFS E-Zigarette zollfrei und g\u00fcnstig , Elementvape.de akzeptieren Gro\u00df-und Einzelhandel Bestellungen.","og_url":"https:\/\/www.elementvape.de\/it\/produkt\/erleben-sie-die-einzigartige-kombination-aus-blaubeergeschmack-und-frische-mit-der-blueberry-ice-e-zigarette-waspe-5000-puffs-e-zigarette-zollfrei-und-guenstig\/","og_site_name":"ElementVape.de","article_modified_time":"2024-10-15T03:33:38+00:00","og_image":[{"width":400,"height":400,"url":"https:\/\/www.elementvape.de\/wp-content\/uploads\/2024\/08\/Blueberry-Ice.webp","type":"image\/webp"}],"twitter_card":"summary_large_image","twitter_misc":{"Est. reading time":"3 minuti"},"schema":{"@context":"https:\/\/schema.org","@graph":[{"@type":"WebPage","@id":"https:\/\/www.elementvape.de\/it\/produkt\/erleben-sie-die-einzigartige-kombination-aus-blaubeergeschmack-und-frische-mit-der-blueberry-ice-e-zigarette-waspe-5000-puffs-e-zigarette-zollfrei-und-guenstig\/","url":"https:\/\/www.elementvape.de\/it\/produkt\/erleben-sie-die-einzigartige-kombination-aus-blaubeergeschmack-und-frische-mit-der-blueberry-ice-e-zigarette-waspe-5000-puffs-e-zigarette-zollfrei-und-guenstig\/","name":"Erleben Sie die einzigartige Kombination aus Blaubeergeschmack und Frische mit der Blueberry Ice E-Zigarette WASPE 5000 PUFFS E-Zigarette zollfrei und g\u00fcnstig | ElementVape.de","isPartOf":{"@id":"https:\/\/www.elementvape.de\/#website"},"primaryImageOfPage":{"@id":"https:\/\/www.elementvape.de\/it\/produkt\/erleben-sie-die-einzigartige-kombination-aus-blaubeergeschmack-und-frische-mit-der-blueberry-ice-e-zigarette-waspe-5000-puffs-e-zigarette-zollfrei-und-guenstig\/#primaryimage"},"image":{"@id":"https:\/\/www.elementvape.de\/it\/produkt\/erleben-sie-die-einzigartige-kombination-aus-blaubeergeschmack-und-frische-mit-der-blueberry-ice-e-zigarette-waspe-5000-puffs-e-zigarette-zollfrei-und-guenstig\/#primaryimage"},"thumbnailUrl":"https:\/\/www.elementvape.de\/wp-content\/uploads\/2024\/08\/Blueberry-Ice.webp","datePublished":"2024-08-27T03:43:17+00:00","dateModified":"2024-10-15T03:33:38+00:00","description":"Wir bieten Erleben Sie die einzigartige Kombination aus Blaubeergeschmack und Frische mit der Blueberry Ice E-Zigarette WASPE 5000 PUFFS E-Zigarette zollfrei und g\u00fcnstig , Elementvape.de akzeptieren Gro\u00df-und Einzelhandel Bestellungen.","breadcrumb":{"@id":"https:\/\/www.elementvape.de\/it\/produkt\/erleben-sie-die-einzigartige-kombination-aus-blaubeergeschmack-und-frische-mit-der-blueberry-ice-e-zigarette-waspe-5000-puffs-e-zigarette-zollfrei-und-guenstig\/#breadcrumb"},"inLanguage":"it-IT","potentialAction":[{"@type":"ReadAction","target":["https:\/\/www.elementvape.de\/it\/produkt\/erleben-sie-die-einzigartige-kombination-aus-blaubeergeschmack-und-frische-mit-der-blueberry-ice-e-zigarette-waspe-5000-puffs-e-zigarette-zollfrei-und-guenstig\/"]}]},{"@type":"ImageObject","inLanguage":"it-IT","@id":"https:\/\/www.elementvape.de\/it\/produkt\/erleben-sie-die-einzigartige-kombination-aus-blaubeergeschmack-und-frische-mit-der-blueberry-ice-e-zigarette-waspe-5000-puffs-e-zigarette-zollfrei-und-guenstig\/#primaryimage","url":"https:\/\/www.elementvape.de\/wp-content\/uploads\/2024\/08\/Blueberry-Ice.webp","contentUrl":"https:\/\/www.elementvape.de\/wp-content\/uploads\/2024\/08\/Blueberry-Ice.webp","width":400,"height":400,"caption":"Blueberry Ice"},{"@type":"BreadcrumbList","@id":"https:\/\/www.elementvape.de\/it\/produkt\/erleben-sie-die-einzigartige-kombination-aus-blaubeergeschmack-und-frische-mit-der-blueberry-ice-e-zigarette-waspe-5000-puffs-e-zigarette-zollfrei-und-guenstig\/#breadcrumb","itemListElement":[{"@type":"ListItem","position":1,"name":"Home","item":"https:\/\/www.elementvape.de\/"},{"@type":"ListItem","position":2,"name":"Shop","item":"https:\/\/www.elementvape.de\/shop\/"},{"@type":"ListItem","position":3,"name":"Erleben Sie die einzigartige Kombination aus Blaubeergeschmack und Frische mit der Blueberry Ice E-Zigarette WASPE 5000 PUFFS E-Zigarette zollfrei und g\u00fcnstig"}]},{"@type":"WebSite","@id":"https:\/\/www.elementvape.de\/#website","url":"https:\/\/www.elementvape.de\/","name":"ElementVape.de","description":"","publisher":{"@id":"https:\/\/www.elementvape.de\/#organization"},"potentialAction":[{"@type":"SearchAction","target":{"@type":"EntryPoint","urlTemplate":"https:\/\/www.elementvape.de\/?s={search_term_string}"},"query-input":"required name=search_term_string"}],"inLanguage":"it-IT"},{"@type":"Organization","@id":"https:\/\/www.elementvape.de\/#organization","name":"ElementVape.DE","url":"https:\/\/www.elementvape.de\/","logo":{"@type":"ImageObject","inLanguage":"it-IT","@id":"https:\/\/www.elementvape.de\/#\/schema\/logo\/image\/","url":"https:\/\/www.elementvape.de\/wp-content\/uploads\/2024\/09\/cropped-1elementvape-3.png","contentUrl":"https:\/\/www.elementvape.de\/wp-content\/uploads\/2024\/09\/cropped-1elementvape-3.png","width":285,"height":228,"caption":"ElementVape.DE"},"image":{"@id":"https:\/\/www.elementvape.de\/#\/schema\/logo\/image\/"}}]}},"_links":{"self":[{"href":"https:\/\/www.elementvape.de\/it\/wp-json\/wp\/v2\/product\/14033"}],"collection":[{"href":"https:\/\/www.elementvape.de\/it\/wp-json\/wp\/v2\/product"}],"about":[{"href":"https:\/\/www.elementvape.de\/it\/wp-json\/wp\/v2\/types\/product"}],"wp:featuredmedia":[{"embeddable":true,"href":"https:\/\/www.elementvape.de\/it\/wp-json\/wp\/v2\/media\/14034"}],"wp:attachment":[{"href":"https:\/\/www.elementvape.de\/it\/wp-json\/wp\/v2\/media?parent=14033"}],"wp:term":[{"taxonomy":"product_cat","embeddable":true,"href":"https:\/\/www.elementvape.de\/it\/wp-json\/wp\/v2\/product_cat?post=14033"},{"taxonomy":"product_tag","embeddable":true,"href":"https:\/\/www.elementvape.de\/it\/wp-json\/wp\/v2\/product_tag?post=14033"}],"curies":[{"name":"wp","href":"https:\/\/api.w.org\/{rel}","templated":true}]}}