{"id":14014,"date":"2024-08-26T07:38:05","date_gmt":"2024-08-26T07:38:05","guid":{"rendered":"https:\/\/www.elementvape.de\/?post_type=product&#038;p=14014"},"modified":"2024-10-15T03:40:46","modified_gmt":"2024-10-15T03:40:46","slug":"hochwertige-zollfreie-e-zigarette-grape-ice-kuehle-traube-fuer-ein-unvergleichliches-dampferlebnis-waspe-20000-puffs-dual-mesh","status":"publish","type":"product","link":"https:\/\/www.elementvape.de\/it\/produkt\/hochwertige-zollfreie-e-zigarette-grape-ice-kuehle-traube-fuer-ein-unvergleichliches-dampferlebnis-waspe-20000-puffs-dual-mesh\/","title":{"rendered":"Sigaretta elettronica di alta qualit\u00e0 senza dazio GRAPE ICE Uva fresca per un'esperienza di svapo senza paragoni WASPE 20000 PUFF Dual Mesh"},"content":{"rendered":"<div class=\"flex-shrink-0 flex flex-col relative items-end\">\n<div>\n<div class=\"pt-0\">\n<div class=\"gizmo-bot-avatar flex h-8 w-8 items-center justify-center overflow-hidden rounded-full\">\n<div class=\"relative p-1 rounded-sm flex items-center justify-center bg-token-main-surface-primary text-token-text-primary h-8 w-8\"><\/div>\n<\/div>\n<\/div>\n<\/div>\n<\/div>\n<div class=\"group\/conversation-turn relative flex w-full min-w-0 flex-col agent-turn\">\n<div class=\"flex-col gap-1 md:gap-3\">\n<div class=\"flex max-w-full flex-col flex-grow\">\n<div class=\"min-h-[20px] text-message flex w-full flex-col items-end gap-2 break-words [.text-message+&amp;]:mt-5 overflow-x-auto whitespace-normal\" dir=\"auto\" data-message-author-role=\"assistant\" data-message-id=\"f37b28fe-9386-4ba4-a18f-36b3f8dba9e3\">\n<div class=\"flex w-full flex-col gap-1 empty:hidden first:pt-[3px]\">\n<div class=\"markdown prose w-full break-words dark:prose-invert light\">\n<h3><strong>Sigaretta elettronica di alta qualit\u00e0 senza dazi GRAPE ICE \u2013 Uva fresca per un'esperienza di svapo senza paragoni<\/strong><\/h3>\n<p>Vivi l'esperienza di svapo definitiva con la senza dazi <strong><a href=\"https:\/\/www.elementvape.de\/it\/\" target=\"_blank\" rel=\"noopener\">Sigaretta Elettronica<\/a><\/strong> GRAPE ICE di WASPE. Questo modello premium combina il sapore intenso di uva matura con un effetto rinfrescante che rivitalizza i sensi e offre una freschezza incomparabile. Ogni tiro fornisce l'equilibrio perfetto tra la dolcezza succosa dell'uva e un finish ghiacciato, che ti regala una sensazione rinfrescante. L'aroma accuratamente bilanciato garantisce una raffinatezza gustativa che puoi apprezzare ad ogni tiro.<\/p>\n<p>La tecnologia Dual-Mesh di questa sigaretta elettronica assicura che il sapore del liquido GRAPE ICE venga esaltato al massimo. Con una resistenza di soli 0,8 \u03a9, la coil Dual-Mesh produce nuvole di vapore dense e intensamente gustose, che diffondono uniformemente il sapore fruttato dell'uva e la freschezza rinfrescante. Grazie alla capacit\u00e0 di liquido di 24 ml, puoi goderti il delizioso sapore per lungo tempo senza dover riempire frequentemente.<\/p>\n<h3><strong>Tecnologia moderna per il massimo comfort<\/strong><\/h3>\n<p>La sigaretta elettronica GRAPE ICE offre non solo un gusto eccezionale, ma anche tecnologia avanzata e facilit\u00e0 d'uso. Il display LCD integrato mostra tutte le informazioni importanti a colpo d'occhio, incluso il livello di nicotina attuale. Puoi scegliere tra quattro livelli di nicotina \u2013 2 % o 5 % \u2013 per personalizzare la tua esperienza di svapo secondo le tue preferenze.<\/p>\n<p>La potente batteria da 900 mAh garantisce un uso affidabile e duraturo, mentre la porta Type-C permette una ricarica rapida e semplice. Il design compatto della sigaretta elettronica, con dimensioni di 35 x 56 x 120 mm e peso di soli 110 g, la rende particolarmente maneggevole e ideale per l'uso quotidiano e in movimento.<\/p>\n<h3><strong>Confezione pratica e lavorazione di alta qualit\u00e0<\/strong><\/h3>\n<p>La sigaretta elettronica GRAPE ICE viene fornita in pratiche confezioni display da 10 pezzi, ideali per il dettaglio. Questa confezione garantisce una presentazione accattivante del prodotto e facilita lo stoccaggio e la vendita. Il design elegante e la lavorazione di prima qualit\u00e0 rendono questa sigaretta elettronica una scelta eccellente per tutti gli svapatori alla ricerca di un'esperienza di svapo lussuosa e rinfrescante.<\/p>\n<\/div>\n<\/div>\n<\/div>\n<\/div>\n<\/div>\n<\/div>","protected":false},"excerpt":{"rendered":"<p>Hochwertige zollfreie E-Zigarette GRAPE ICE \u2013 K\u00fchle Traube f\u00fcr ein unvergleichliches Dampferlebnis Erleben Sie das ultimative Dampferlebnis mit der zollfreien E-Zigarette GRAPE ICE von WASPE. Dieses Premium-Modell kombiniert den intensiven Geschmack reifer Trauben mit einem erfrischenden K\u00fchleffekt, der Ihre Sinne belebt und Ihnen eine unvergleichliche Frische bietet. Jeder Zug liefert die perfekte Balance zwischen der [&hellip;]<\/p>","protected":false},"featured_media":14015,"template":"","meta":{"inline_featured_image":false},"product_cat":[15,78,735,746,741,733,744,755,738,751,724],"product_tag":[710,725],"tiered_pricing_type":"fixed","tiered_pricing_fixed_rules":{"110":"8.20","200":"7.29","500":"6.38"},"tiered_pricing_percentage_rules":[],"tiered_pricing_minimum":1,"_administrator_tiered_pricing_type":"fixed","_administrator_tiered_pricing_fixed_rules":[],"_editor_tiered_pricing_type":"fixed","_editor_tiered_pricing_fixed_rules":[],"_author_tiered_pricing_type":"fixed","_author_tiered_pricing_fixed_rules":[],"_contributor_tiered_pricing_type":"fixed","_contributor_tiered_pricing_fixed_rules":[],"_subscriber_tiered_pricing_type":"fixed","_subscriber_tiered_pricing_fixed_rules":[],"_customer_tiered_pricing_type":"fixed","_customer_tiered_pricing_fixed_rules":[],"_shop_manager_tiered_pricing_type":"fixed","_shop_manager_tiered_pricing_fixed_rules":[],"_wpseo_manager_tiered_pricing_type":"fixed","_wpseo_manager_tiered_pricing_fixed_rules":[],"_wpseo_editor_tiered_pricing_type":"fixed","_wpseo_editor_tiered_pricing_fixed_rules":[],"_wholesale_customer_tiered_pricing_type":"fixed","_wholesale_customer_tiered_pricing_fixed_rules":[],"_marketer_tiered_pricing_type":"fixed","_marketer_tiered_pricing_fixed_rules":[],"_sales_manager_tiered_pricing_type":"fixed","_sales_manager_tiered_pricing_fixed_rules":[],"_sales_rep_tiered_pricing_type":"fixed","_sales_rep_tiered_pricing_fixed_rules":[],"yoast_head":"<!-- This site is optimized with the Yoast SEO plugin v23.3 - https:\/\/yoast.com\/wordpress\/plugins\/seo\/ -->\n<title>Hochwertige zollfreie E-Zigarette GRAPE ICE K\u00fchle Traube f\u00fcr ein unvergleichliches Dampferlebnis WASPE 20000 PUFFS Dual Mesh | ElementVape.de<\/title>\n<meta name=\"description\" content=\"Wir bieten Hochwertige zollfreie E-Zigarette GRAPE ICE K\u00fchle Traube f\u00fcr ein unvergleichliches Dampferlebnis WASPE 20000 PUFFS Dual Mesh , Elementvape.de akzeptieren Gro\u00df-und Einzelhandel Bestellungen.\" \/>\n<meta name=\"robots\" content=\"index, follow, max-snippet:-1, max-image-preview:large, max-video-preview:-1\" \/>\n<link rel=\"canonical\" href=\"https:\/\/www.elementvape.de\/it\/produkt\/hochwertige-zollfreie-e-zigarette-grape-ice-kuehle-traube-fuer-ein-unvergleichliches-dampferlebnis-waspe-20000-puffs-dual-mesh\/\" \/>\n<meta property=\"og:locale\" content=\"it_IT\" \/>\n<meta property=\"og:type\" content=\"article\" \/>\n<meta property=\"og:title\" content=\"Hochwertige zollfreie E-Zigarette GRAPE ICE K\u00fchle Traube f\u00fcr ein unvergleichliches Dampferlebnis WASPE 20000 PUFFS Dual Mesh | ElementVape.de\" \/>\n<meta property=\"og:description\" content=\"Wir bieten Hochwertige zollfreie E-Zigarette GRAPE ICE K\u00fchle Traube f\u00fcr ein unvergleichliches Dampferlebnis WASPE 20000 PUFFS Dual Mesh , Elementvape.de akzeptieren Gro\u00df-und Einzelhandel Bestellungen.\" \/>\n<meta property=\"og:url\" content=\"https:\/\/www.elementvape.de\/it\/produkt\/hochwertige-zollfreie-e-zigarette-grape-ice-kuehle-traube-fuer-ein-unvergleichliches-dampferlebnis-waspe-20000-puffs-dual-mesh\/\" \/>\n<meta property=\"og:site_name\" content=\"ElementVape.de\" \/>\n<meta property=\"article:modified_time\" content=\"2024-10-15T03:40:46+00:00\" \/>\n<meta property=\"og:image\" content=\"https:\/\/www.elementvape.de\/wp-content\/uploads\/2024\/08\/GRAPE-ICE-2-1024x768.jpg\" \/>\n\t<meta property=\"og:image:width\" content=\"1024\" \/>\n\t<meta property=\"og:image:height\" content=\"768\" \/>\n\t<meta property=\"og:image:type\" content=\"image\/jpeg\" \/>\n<meta name=\"twitter:card\" content=\"summary_large_image\" \/>\n<meta name=\"twitter:label1\" content=\"Est. reading time\" \/>\n\t<meta name=\"twitter:data1\" content=\"3 minuti\" \/>\n<script type=\"application\/ld+json\" class=\"yoast-schema-graph\">{\"@context\":\"https:\/\/schema.org\",\"@graph\":[{\"@type\":\"WebPage\",\"@id\":\"https:\/\/www.elementvape.de\/produkt\/hochwertige-zollfreie-e-zigarette-grape-ice-kuehle-traube-fuer-ein-unvergleichliches-dampferlebnis-waspe-20000-puffs-dual-mesh\/\",\"url\":\"https:\/\/www.elementvape.de\/produkt\/hochwertige-zollfreie-e-zigarette-grape-ice-kuehle-traube-fuer-ein-unvergleichliches-dampferlebnis-waspe-20000-puffs-dual-mesh\/\",\"name\":\"Hochwertige zollfreie E-Zigarette GRAPE ICE K\u00fchle Traube f\u00fcr ein unvergleichliches Dampferlebnis WASPE 20000 PUFFS Dual Mesh | ElementVape.de\",\"isPartOf\":{\"@id\":\"https:\/\/www.elementvape.de\/#website\"},\"primaryImageOfPage\":{\"@id\":\"https:\/\/www.elementvape.de\/produkt\/hochwertige-zollfreie-e-zigarette-grape-ice-kuehle-traube-fuer-ein-unvergleichliches-dampferlebnis-waspe-20000-puffs-dual-mesh\/#primaryimage\"},\"image\":{\"@id\":\"https:\/\/www.elementvape.de\/produkt\/hochwertige-zollfreie-e-zigarette-grape-ice-kuehle-traube-fuer-ein-unvergleichliches-dampferlebnis-waspe-20000-puffs-dual-mesh\/#primaryimage\"},\"thumbnailUrl\":\"https:\/\/www.elementvape.de\/wp-content\/uploads\/2024\/08\/GRAPE-ICE-2.jpg\",\"datePublished\":\"2024-08-26T07:38:05+00:00\",\"dateModified\":\"2024-10-15T03:40:46+00:00\",\"description\":\"Wir bieten Hochwertige zollfreie E-Zigarette GRAPE ICE K\u00fchle Traube f\u00fcr ein unvergleichliches Dampferlebnis WASPE 20000 PUFFS Dual Mesh , Elementvape.de akzeptieren Gro\u00df-und Einzelhandel Bestellungen.\",\"breadcrumb\":{\"@id\":\"https:\/\/www.elementvape.de\/produkt\/hochwertige-zollfreie-e-zigarette-grape-ice-kuehle-traube-fuer-ein-unvergleichliches-dampferlebnis-waspe-20000-puffs-dual-mesh\/#breadcrumb\"},\"inLanguage\":\"it-IT\",\"potentialAction\":[{\"@type\":\"ReadAction\",\"target\":[\"https:\/\/www.elementvape.de\/produkt\/hochwertige-zollfreie-e-zigarette-grape-ice-kuehle-traube-fuer-ein-unvergleichliches-dampferlebnis-waspe-20000-puffs-dual-mesh\/\"]}]},{\"@type\":\"ImageObject\",\"inLanguage\":\"it-IT\",\"@id\":\"https:\/\/www.elementvape.de\/produkt\/hochwertige-zollfreie-e-zigarette-grape-ice-kuehle-traube-fuer-ein-unvergleichliches-dampferlebnis-waspe-20000-puffs-dual-mesh\/#primaryimage\",\"url\":\"https:\/\/www.elementvape.de\/wp-content\/uploads\/2024\/08\/GRAPE-ICE-2.jpg\",\"contentUrl\":\"https:\/\/www.elementvape.de\/wp-content\/uploads\/2024\/08\/GRAPE-ICE-2.jpg\",\"width\":2500,\"height\":1875,\"caption\":\"GRAPE ICE\"},{\"@type\":\"BreadcrumbList\",\"@id\":\"https:\/\/www.elementvape.de\/produkt\/hochwertige-zollfreie-e-zigarette-grape-ice-kuehle-traube-fuer-ein-unvergleichliches-dampferlebnis-waspe-20000-puffs-dual-mesh\/#breadcrumb\",\"itemListElement\":[{\"@type\":\"ListItem\",\"position\":1,\"name\":\"Home\",\"item\":\"https:\/\/www.elementvape.de\/\"},{\"@type\":\"ListItem\",\"position\":2,\"name\":\"Shop\",\"item\":\"https:\/\/www.elementvape.de\/shop\/\"},{\"@type\":\"ListItem\",\"position\":3,\"name\":\"Hochwertige zollfreie E-Zigarette GRAPE ICE K\u00fchle Traube f\u00fcr ein unvergleichliches Dampferlebnis WASPE 20000 PUFFS Dual Mesh\"}]},{\"@type\":\"WebSite\",\"@id\":\"https:\/\/www.elementvape.de\/#website\",\"url\":\"https:\/\/www.elementvape.de\/\",\"name\":\"ElementVape.de\",\"description\":\"\",\"publisher\":{\"@id\":\"https:\/\/www.elementvape.de\/#organization\"},\"potentialAction\":[{\"@type\":\"SearchAction\",\"target\":{\"@type\":\"EntryPoint\",\"urlTemplate\":\"https:\/\/www.elementvape.de\/?s={search_term_string}\"},\"query-input\":\"required name=search_term_string\"}],\"inLanguage\":\"it-IT\"},{\"@type\":\"Organization\",\"@id\":\"https:\/\/www.elementvape.de\/#organization\",\"name\":\"ElementVape.DE\",\"url\":\"https:\/\/www.elementvape.de\/\",\"logo\":{\"@type\":\"ImageObject\",\"inLanguage\":\"it-IT\",\"@id\":\"https:\/\/www.elementvape.de\/#\/schema\/logo\/image\/\",\"url\":\"https:\/\/www.elementvape.de\/wp-content\/uploads\/2024\/09\/cropped-1elementvape-3.png\",\"contentUrl\":\"https:\/\/www.elementvape.de\/wp-content\/uploads\/2024\/09\/cropped-1elementvape-3.png\",\"width\":285,\"height\":228,\"caption\":\"ElementVape.DE\"},\"image\":{\"@id\":\"https:\/\/www.elementvape.de\/#\/schema\/logo\/image\/\"}}]}<\/script>\n<!-- \/ Yoast SEO plugin. -->","yoast_head_json":{"title":"Hochwertige zollfreie E-Zigarette GRAPE ICE K\u00fchle Traube f\u00fcr ein unvergleichliches Dampferlebnis WASPE 20000 PUFFS Dual Mesh | ElementVape.de","description":"Wir bieten Hochwertige zollfreie E-Zigarette GRAPE ICE K\u00fchle Traube f\u00fcr ein unvergleichliches Dampferlebnis WASPE 20000 PUFFS Dual Mesh , Elementvape.de akzeptieren Gro\u00df-und Einzelhandel Bestellungen.","robots":{"index":"index","follow":"follow","max-snippet":"max-snippet:-1","max-image-preview":"max-image-preview:large","max-video-preview":"max-video-preview:-1"},"canonical":"https:\/\/www.elementvape.de\/it\/produkt\/hochwertige-zollfreie-e-zigarette-grape-ice-kuehle-traube-fuer-ein-unvergleichliches-dampferlebnis-waspe-20000-puffs-dual-mesh\/","og_locale":"it_IT","og_type":"article","og_title":"Hochwertige zollfreie E-Zigarette GRAPE ICE K\u00fchle Traube f\u00fcr ein unvergleichliches Dampferlebnis WASPE 20000 PUFFS Dual Mesh | ElementVape.de","og_description":"Wir bieten Hochwertige zollfreie E-Zigarette GRAPE ICE K\u00fchle Traube f\u00fcr ein unvergleichliches Dampferlebnis WASPE 20000 PUFFS Dual Mesh , Elementvape.de akzeptieren Gro\u00df-und Einzelhandel Bestellungen.","og_url":"https:\/\/www.elementvape.de\/it\/produkt\/hochwertige-zollfreie-e-zigarette-grape-ice-kuehle-traube-fuer-ein-unvergleichliches-dampferlebnis-waspe-20000-puffs-dual-mesh\/","og_site_name":"ElementVape.de","article_modified_time":"2024-10-15T03:40:46+00:00","og_image":[{"width":1024,"height":768,"url":"https:\/\/www.elementvape.de\/wp-content\/uploads\/2024\/08\/GRAPE-ICE-2-1024x768.jpg","type":"image\/jpeg"}],"twitter_card":"summary_large_image","twitter_misc":{"Est. reading time":"3 minuti"},"schema":{"@context":"https:\/\/schema.org","@graph":[{"@type":"WebPage","@id":"https:\/\/www.elementvape.de\/produkt\/hochwertige-zollfreie-e-zigarette-grape-ice-kuehle-traube-fuer-ein-unvergleichliches-dampferlebnis-waspe-20000-puffs-dual-mesh\/","url":"https:\/\/www.elementvape.de\/produkt\/hochwertige-zollfreie-e-zigarette-grape-ice-kuehle-traube-fuer-ein-unvergleichliches-dampferlebnis-waspe-20000-puffs-dual-mesh\/","name":"Hochwertige zollfreie E-Zigarette GRAPE ICE K\u00fchle Traube f\u00fcr ein unvergleichliches Dampferlebnis WASPE 20000 PUFFS Dual Mesh | ElementVape.de","isPartOf":{"@id":"https:\/\/www.elementvape.de\/#website"},"primaryImageOfPage":{"@id":"https:\/\/www.elementvape.de\/produkt\/hochwertige-zollfreie-e-zigarette-grape-ice-kuehle-traube-fuer-ein-unvergleichliches-dampferlebnis-waspe-20000-puffs-dual-mesh\/#primaryimage"},"image":{"@id":"https:\/\/www.elementvape.de\/produkt\/hochwertige-zollfreie-e-zigarette-grape-ice-kuehle-traube-fuer-ein-unvergleichliches-dampferlebnis-waspe-20000-puffs-dual-mesh\/#primaryimage"},"thumbnailUrl":"https:\/\/www.elementvape.de\/wp-content\/uploads\/2024\/08\/GRAPE-ICE-2.jpg","datePublished":"2024-08-26T07:38:05+00:00","dateModified":"2024-10-15T03:40:46+00:00","description":"Wir bieten Hochwertige zollfreie E-Zigarette GRAPE ICE K\u00fchle Traube f\u00fcr ein unvergleichliches Dampferlebnis WASPE 20000 PUFFS Dual Mesh , Elementvape.de akzeptieren Gro\u00df-und Einzelhandel Bestellungen.","breadcrumb":{"@id":"https:\/\/www.elementvape.de\/produkt\/hochwertige-zollfreie-e-zigarette-grape-ice-kuehle-traube-fuer-ein-unvergleichliches-dampferlebnis-waspe-20000-puffs-dual-mesh\/#breadcrumb"},"inLanguage":"it-IT","potentialAction":[{"@type":"ReadAction","target":["https:\/\/www.elementvape.de\/produkt\/hochwertige-zollfreie-e-zigarette-grape-ice-kuehle-traube-fuer-ein-unvergleichliches-dampferlebnis-waspe-20000-puffs-dual-mesh\/"]}]},{"@type":"ImageObject","inLanguage":"it-IT","@id":"https:\/\/www.elementvape.de\/produkt\/hochwertige-zollfreie-e-zigarette-grape-ice-kuehle-traube-fuer-ein-unvergleichliches-dampferlebnis-waspe-20000-puffs-dual-mesh\/#primaryimage","url":"https:\/\/www.elementvape.de\/wp-content\/uploads\/2024\/08\/GRAPE-ICE-2.jpg","contentUrl":"https:\/\/www.elementvape.de\/wp-content\/uploads\/2024\/08\/GRAPE-ICE-2.jpg","width":2500,"height":1875,"caption":"GRAPE ICE"},{"@type":"BreadcrumbList","@id":"https:\/\/www.elementvape.de\/produkt\/hochwertige-zollfreie-e-zigarette-grape-ice-kuehle-traube-fuer-ein-unvergleichliches-dampferlebnis-waspe-20000-puffs-dual-mesh\/#breadcrumb","itemListElement":[{"@type":"ListItem","position":1,"name":"Home","item":"https:\/\/www.elementvape.de\/"},{"@type":"ListItem","position":2,"name":"Shop","item":"https:\/\/www.elementvape.de\/shop\/"},{"@type":"ListItem","position":3,"name":"Hochwertige zollfreie E-Zigarette GRAPE ICE K\u00fchle Traube f\u00fcr ein unvergleichliches Dampferlebnis WASPE 20000 PUFFS Dual Mesh"}]},{"@type":"WebSite","@id":"https:\/\/www.elementvape.de\/#website","url":"https:\/\/www.elementvape.de\/","name":"ElementVape.de","description":"","publisher":{"@id":"https:\/\/www.elementvape.de\/#organization"},"potentialAction":[{"@type":"SearchAction","target":{"@type":"EntryPoint","urlTemplate":"https:\/\/www.elementvape.de\/?s={search_term_string}"},"query-input":"required name=search_term_string"}],"inLanguage":"it-IT"},{"@type":"Organization","@id":"https:\/\/www.elementvape.de\/#organization","name":"ElementVape.DE","url":"https:\/\/www.elementvape.de\/","logo":{"@type":"ImageObject","inLanguage":"it-IT","@id":"https:\/\/www.elementvape.de\/#\/schema\/logo\/image\/","url":"https:\/\/www.elementvape.de\/wp-content\/uploads\/2024\/09\/cropped-1elementvape-3.png","contentUrl":"https:\/\/www.elementvape.de\/wp-content\/uploads\/2024\/09\/cropped-1elementvape-3.png","width":285,"height":228,"caption":"ElementVape.DE"},"image":{"@id":"https:\/\/www.elementvape.de\/#\/schema\/logo\/image\/"}}]}},"_links":{"self":[{"href":"https:\/\/www.elementvape.de\/it\/wp-json\/wp\/v2\/product\/14014"}],"collection":[{"href":"https:\/\/www.elementvape.de\/it\/wp-json\/wp\/v2\/product"}],"about":[{"href":"https:\/\/www.elementvape.de\/it\/wp-json\/wp\/v2\/types\/product"}],"wp:featuredmedia":[{"embeddable":true,"href":"https:\/\/www.elementvape.de\/it\/wp-json\/wp\/v2\/media\/14015"}],"wp:attachment":[{"href":"https:\/\/www.elementvape.de\/it\/wp-json\/wp\/v2\/media?parent=14014"}],"wp:term":[{"taxonomy":"product_cat","embeddable":true,"href":"https:\/\/www.elementvape.de\/it\/wp-json\/wp\/v2\/product_cat?post=14014"},{"taxonomy":"product_tag","embeddable":true,"href":"https:\/\/www.elementvape.de\/it\/wp-json\/wp\/v2\/product_tag?post=14014"}],"curies":[{"name":"wp","href":"https:\/\/api.w.org\/{rel}","templated":true}]}}