{"id":13948,"date":"2024-08-22T07:49:50","date_gmt":"2024-08-22T07:49:50","guid":{"rendered":"https:\/\/www.elementvape.de\/?post_type=product&#038;p=13948"},"modified":"2024-12-12T06:34:03","modified_gmt":"2024-12-12T06:34:03","slug":"eisige-fruchtigkeit-vape-cherry-ice-der-perfekte-mix-aus-suessen-kirschen-und-kuehler-frische-waspe-15000-puffs","status":"publish","type":"product","link":"https:\/\/www.elementvape.de\/it\/produkt\/eisige-fruchtigkeit-vape-cherry-ice-der-perfekte-mix-aus-suessen-kirschen-und-kuehler-frische-waspe-15000-puffs\/","title":{"rendered":"Freschezza glaciale Vape Cherry Ice il mix perfetto di ciliegie dolci e freschezza glaciale WASPE 15000 PUFF"},"content":{"rendered":"<div class=\"flex-shrink-0 flex flex-col relative items-end\">\n<div>\n<div class=\"pt-0\">\n<div class=\"gizmo-bot-avatar flex h-8 w-8 items-center justify-center overflow-hidden rounded-full\">\n<div class=\"relative p-1 rounded-sm flex items-center justify-center bg-token-main-surface-primary text-token-text-primary h-8 w-8\"><\/div>\n<\/div>\n<\/div>\n<\/div>\n<\/div>\n<div class=\"group\/conversation-turn relative flex w-full min-w-0 flex-col agent-turn\">\n<div class=\"flex-col gap-1 md:gap-3\">\n<div class=\"flex max-w-full flex-col flex-grow\">\n<div class=\"min-h-[20px] text-message flex w-full flex-col items-end gap-2 break-words [.text-message+&amp;]:mt-5 overflow-x-auto whitespace-pre-wrap\" dir=\"auto\" data-message-author-role=\"assistant\" data-message-id=\"453c74eb-129d-45d2-8584-b5d4562e5961\">\n<div class=\"flex w-full flex-col gap-1 empty:hidden first:pt-[3px]\">\n<div class=\"markdown prose w-full break-words dark:prose-invert light\">\n<table style=\"font-size: 16px;\">\n<thead>\n<tr>\n<th><strong>Caratteristica<\/strong><\/th>\n<th><strong>Dettagli<\/strong><\/th>\n<\/tr>\n<\/thead>\n<tbody>\n<tr>\n<td>Gusto<\/td>\n<td>Ghiaccio di Ciliegia<\/td>\n<\/tr>\n<tr>\n<td>Contenuto di N<\/td>\n<td>2% , 5%<\/td>\n<\/tr>\n<tr>\n<td>Capacit\u00e0 di tiro<\/td>\n<td>Fino a 15.000 puff<\/td>\n<\/tr>\n<tr>\n<td>Capacit\u00e0 di E-Liquid<\/td>\n<td>22ml<\/td>\n<\/tr>\n<tr>\n<td>Tecnologia Coil<\/td>\n<td>Mesh Coil da 0,8\u03a9 per un gusto pi\u00f9 intenso e pi\u00f9 vapore<\/td>\n<\/tr>\n<tr>\n<td>Display<\/td>\n<td>Display LCD per mostrare informazioni in tempo reale<\/td>\n<\/tr>\n<tr>\n<td>Batteria<\/td>\n<td>Batteria ricaricabile da 850mAh<\/td>\n<\/tr>\n<tr>\n<td>Porta di ricarica<\/td>\n<td>Porta Type-C<\/td>\n<\/tr>\n<\/tbody>\n<\/table>\n<h3>Un sapore ineguagliabile ad ogni tiro<\/h3>\n<p>Il WASPE 15000 PUFFS ti offre un'esperienza di svapo rinfrescante con il gusto di Cherry Ice <strong><a href=\"https:\/\/www.elementvape.de\/it\/\" target=\"_blank\" rel=\"noopener\">svapatori<\/a> <\/strong>che non dimenticherai facilmente. La combinazione di ciliegie dolci e succose e una nota di ghiaccio rinfrescante offre un piacere fruttato unico che si rivela perfettamente in ogni tiro. Questa miscela equilibrata unisce idealmente sia la dolcezza naturale delle ciliegie che la freschezza rinfrescante del ghiaccio.<\/p>\n<p>Grazie alla tecnologia avanzata Mesh Coil, ogni tiro viene premiato con un'esperienza di gusto chiara e intensa. La tecnologia assicura che il sapore di Cherry Ice rimanga sempre fresco e autentico, in modo da poter godere appieno della fruttuosit\u00e0 e della freschezza dell'e-liquid.<\/p>\n<h3>Piacere duraturo con una capacit\u00e0 generosa<\/h3>\n<p>Il WASPE 15000 PUFFS ti offre una notevole resistenza con un massimo di 15.000 tiri. L'ampio serbatoio di e-liquid da 22 ml consente un lungo tempo di svapo, in modo da poter godere a fondo del delizioso sapore di Cherry Ice senza doverlo ricaricare costantemente. Questa generosa capacit\u00e0 rende il dispositivo un compagno ideale per lunghe sessioni di svapo.<\/p>\n<p>Con la batteria ricaricabile da 850mAh e la moderna porta di ricarica Type-C, puoi caricare il dispositivo in modo rapido ed efficiente. Ci\u00f2 garantisce che tu sia sempre pronto a goderti appieno il piacere fruttato e ghiacciato di Cherry Ice senza dover accettare lunghi tempi di ricarica.<\/p>\n<\/div>\n<\/div>\n<\/div>\n<\/div>\n<\/div>\n<\/div>","protected":false},"excerpt":{"rendered":"<p>Merkmal Details Geschmack Cherry Ice N-Gehalt 2% , 5% Puff-Kapazit\u00e4t Bis zu 15.000 Z\u00fcge E-Liquid-Kapazit\u00e4t 22ml Coil-Technologie 0,8\u03a9 Mesh Coil f\u00fcr intensiveren Geschmack und mehr Dampf Display LCD-Display zur Anzeige von Echtzeitinformationen Batterie Wiederaufladbarer 850mAh Akku Ladeanschluss Type-C Port Unvergleichlicher Geschmack bei jedem Zug Der WASPE 15000 PUFFS bringt Ihnen mit dem Geschmack von Cherry [&hellip;]<\/p>","protected":false},"featured_media":13949,"template":"","meta":{"inline_featured_image":false},"product_cat":[15,78,735,746,741,733,744,755,738,751,732,723],"product_tag":[710,674],"tiered_pricing_type":"fixed","tiered_pricing_fixed_rules":{"110":"7.91","200":"7.03","500":"6.15"},"tiered_pricing_percentage_rules":[],"tiered_pricing_minimum":1,"_administrator_tiered_pricing_type":"fixed","_administrator_tiered_pricing_fixed_rules":[],"_editor_tiered_pricing_type":"fixed","_editor_tiered_pricing_fixed_rules":[],"_author_tiered_pricing_type":"fixed","_author_tiered_pricing_fixed_rules":[],"_contributor_tiered_pricing_type":"fixed","_contributor_tiered_pricing_fixed_rules":[],"_subscriber_tiered_pricing_type":"fixed","_subscriber_tiered_pricing_fixed_rules":[],"_customer_tiered_pricing_type":"fixed","_customer_tiered_pricing_fixed_rules":[],"_shop_manager_tiered_pricing_type":"fixed","_shop_manager_tiered_pricing_fixed_rules":[],"_wpseo_manager_tiered_pricing_type":"fixed","_wpseo_manager_tiered_pricing_fixed_rules":[],"_wpseo_editor_tiered_pricing_type":"fixed","_wpseo_editor_tiered_pricing_fixed_rules":[],"_wholesale_customer_tiered_pricing_type":"fixed","_wholesale_customer_tiered_pricing_fixed_rules":[],"_marketer_tiered_pricing_type":"fixed","_marketer_tiered_pricing_fixed_rules":[],"_sales_manager_tiered_pricing_type":"fixed","_sales_manager_tiered_pricing_fixed_rules":[],"_sales_rep_tiered_pricing_type":"fixed","_sales_rep_tiered_pricing_fixed_rules":[],"yoast_head":"<!-- This site is optimized with the Yoast SEO plugin v23.3 - https:\/\/yoast.com\/wordpress\/plugins\/seo\/ -->\n<title>Eisige Fruchtigkeit Vape Cherry Ice der perfekte Mix aus s\u00fc\u00dfen Kirschen und k\u00fchler Frische WASPE 15000 PUFFS | ElementVape.de<\/title>\n<meta name=\"description\" content=\"Wir bieten Eisige Fruchtigkeit Vape Cherry Ice der perfekte Mix aus s\u00fc\u00dfen Kirschen und k\u00fchler Frische WASPE 15000 PUFFS , Elementvape.de akzeptieren Gro\u00df-und Einzelhandel Bestellungen.\" \/>\n<meta name=\"robots\" content=\"index, follow, max-snippet:-1, max-image-preview:large, max-video-preview:-1\" \/>\n<link rel=\"canonical\" href=\"https:\/\/www.elementvape.de\/it\/produkt\/eisige-fruchtigkeit-vape-cherry-ice-der-perfekte-mix-aus-suessen-kirschen-und-kuehler-frische-waspe-15000-puffs\/\" \/>\n<meta property=\"og:locale\" content=\"it_IT\" \/>\n<meta property=\"og:type\" content=\"article\" \/>\n<meta property=\"og:title\" content=\"Eisige Fruchtigkeit Vape Cherry Ice der perfekte Mix aus s\u00fc\u00dfen Kirschen und k\u00fchler Frische WASPE 15000 PUFFS | ElementVape.de\" \/>\n<meta property=\"og:description\" content=\"Wir bieten Eisige Fruchtigkeit Vape Cherry Ice der perfekte Mix aus s\u00fc\u00dfen Kirschen und k\u00fchler Frische WASPE 15000 PUFFS , Elementvape.de akzeptieren Gro\u00df-und Einzelhandel Bestellungen.\" \/>\n<meta property=\"og:url\" content=\"https:\/\/www.elementvape.de\/it\/produkt\/eisige-fruchtigkeit-vape-cherry-ice-der-perfekte-mix-aus-suessen-kirschen-und-kuehler-frische-waspe-15000-puffs\/\" \/>\n<meta property=\"og:site_name\" content=\"ElementVape.de\" \/>\n<meta property=\"article:modified_time\" content=\"2024-12-12T06:34:03+00:00\" \/>\n<meta property=\"og:image\" content=\"https:\/\/www.elementvape.de\/wp-content\/uploads\/2024\/08\/Cherry-lce.jpg\" \/>\n\t<meta property=\"og:image:width\" content=\"1920\" \/>\n\t<meta property=\"og:image:height\" content=\"1536\" \/>\n\t<meta property=\"og:image:type\" content=\"image\/jpeg\" \/>\n<meta name=\"twitter:card\" content=\"summary_large_image\" \/>\n<meta name=\"twitter:label1\" content=\"Est. reading time\" \/>\n\t<meta name=\"twitter:data1\" content=\"2 minuti\" \/>\n<script type=\"application\/ld+json\" class=\"yoast-schema-graph\">{\"@context\":\"https:\/\/schema.org\",\"@graph\":[{\"@type\":\"WebPage\",\"@id\":\"https:\/\/www.elementvape.de\/da\/produkt\/eisige-fruchtigkeit-vape-cherry-ice-der-perfekte-mix-aus-suessen-kirschen-und-kuehler-frische-waspe-15000-puffs\/\",\"url\":\"https:\/\/www.elementvape.de\/da\/produkt\/eisige-fruchtigkeit-vape-cherry-ice-der-perfekte-mix-aus-suessen-kirschen-und-kuehler-frische-waspe-15000-puffs\/\",\"name\":\"Eisige Fruchtigkeit Vape Cherry Ice der perfekte Mix aus s\u00fc\u00dfen Kirschen und k\u00fchler Frische WASPE 15000 PUFFS | ElementVape.de\",\"isPartOf\":{\"@id\":\"https:\/\/www.elementvape.de\/#website\"},\"primaryImageOfPage\":{\"@id\":\"https:\/\/www.elementvape.de\/da\/produkt\/eisige-fruchtigkeit-vape-cherry-ice-der-perfekte-mix-aus-suessen-kirschen-und-kuehler-frische-waspe-15000-puffs\/#primaryimage\"},\"image\":{\"@id\":\"https:\/\/www.elementvape.de\/da\/produkt\/eisige-fruchtigkeit-vape-cherry-ice-der-perfekte-mix-aus-suessen-kirschen-und-kuehler-frische-waspe-15000-puffs\/#primaryimage\"},\"thumbnailUrl\":\"https:\/\/www.elementvape.de\/wp-content\/uploads\/2024\/08\/Cherry-lce.jpg\",\"datePublished\":\"2024-08-22T07:49:50+00:00\",\"dateModified\":\"2024-12-12T06:34:03+00:00\",\"description\":\"Wir bieten Eisige Fruchtigkeit Vape Cherry Ice der perfekte Mix aus s\u00fc\u00dfen Kirschen und k\u00fchler Frische WASPE 15000 PUFFS , Elementvape.de akzeptieren Gro\u00df-und Einzelhandel Bestellungen.\",\"breadcrumb\":{\"@id\":\"https:\/\/www.elementvape.de\/da\/produkt\/eisige-fruchtigkeit-vape-cherry-ice-der-perfekte-mix-aus-suessen-kirschen-und-kuehler-frische-waspe-15000-puffs\/#breadcrumb\"},\"inLanguage\":\"it-IT\",\"potentialAction\":[{\"@type\":\"ReadAction\",\"target\":[\"https:\/\/www.elementvape.de\/da\/produkt\/eisige-fruchtigkeit-vape-cherry-ice-der-perfekte-mix-aus-suessen-kirschen-und-kuehler-frische-waspe-15000-puffs\/\"]}]},{\"@type\":\"ImageObject\",\"inLanguage\":\"it-IT\",\"@id\":\"https:\/\/www.elementvape.de\/da\/produkt\/eisige-fruchtigkeit-vape-cherry-ice-der-perfekte-mix-aus-suessen-kirschen-und-kuehler-frische-waspe-15000-puffs\/#primaryimage\",\"url\":\"https:\/\/www.elementvape.de\/wp-content\/uploads\/2024\/08\/Cherry-lce.jpg\",\"contentUrl\":\"https:\/\/www.elementvape.de\/wp-content\/uploads\/2024\/08\/Cherry-lce.jpg\",\"width\":1920,\"height\":1536,\"caption\":\"Cherry lce\"},{\"@type\":\"BreadcrumbList\",\"@id\":\"https:\/\/www.elementvape.de\/da\/produkt\/eisige-fruchtigkeit-vape-cherry-ice-der-perfekte-mix-aus-suessen-kirschen-und-kuehler-frische-waspe-15000-puffs\/#breadcrumb\",\"itemListElement\":[{\"@type\":\"ListItem\",\"position\":1,\"name\":\"Home\",\"item\":\"https:\/\/www.elementvape.de\/\"},{\"@type\":\"ListItem\",\"position\":2,\"name\":\"Shop\",\"item\":\"https:\/\/www.elementvape.de\/shop\/\"},{\"@type\":\"ListItem\",\"position\":3,\"name\":\"Eisige Fruchtigkeit Vape Cherry Ice der perfekte Mix aus s\u00fc\u00dfen Kirschen und k\u00fchler Frische WASPE 15000 PUFFS\"}]},{\"@type\":\"WebSite\",\"@id\":\"https:\/\/www.elementvape.de\/#website\",\"url\":\"https:\/\/www.elementvape.de\/\",\"name\":\"ElementVape.de\",\"description\":\"\",\"publisher\":{\"@id\":\"https:\/\/www.elementvape.de\/#organization\"},\"potentialAction\":[{\"@type\":\"SearchAction\",\"target\":{\"@type\":\"EntryPoint\",\"urlTemplate\":\"https:\/\/www.elementvape.de\/?s={search_term_string}\"},\"query-input\":\"required name=search_term_string\"}],\"inLanguage\":\"it-IT\"},{\"@type\":\"Organization\",\"@id\":\"https:\/\/www.elementvape.de\/#organization\",\"name\":\"ElementVape.DE\",\"url\":\"https:\/\/www.elementvape.de\/\",\"logo\":{\"@type\":\"ImageObject\",\"inLanguage\":\"it-IT\",\"@id\":\"https:\/\/www.elementvape.de\/#\/schema\/logo\/image\/\",\"url\":\"https:\/\/www.elementvape.de\/wp-content\/uploads\/2024\/09\/cropped-1elementvape-3.png\",\"contentUrl\":\"https:\/\/www.elementvape.de\/wp-content\/uploads\/2024\/09\/cropped-1elementvape-3.png\",\"width\":285,\"height\":228,\"caption\":\"ElementVape.DE\"},\"image\":{\"@id\":\"https:\/\/www.elementvape.de\/#\/schema\/logo\/image\/\"}}]}<\/script>\n<!-- \/ Yoast SEO plugin. -->","yoast_head_json":{"title":"Eisige Fruchtigkeit Vape Cherry Ice der perfekte Mix aus s\u00fc\u00dfen Kirschen und k\u00fchler Frische WASPE 15000 PUFFS | ElementVape.de","description":"Wir bieten Eisige Fruchtigkeit Vape Cherry Ice der perfekte Mix aus s\u00fc\u00dfen Kirschen und k\u00fchler Frische WASPE 15000 PUFFS , Elementvape.de akzeptieren Gro\u00df-und Einzelhandel Bestellungen.","robots":{"index":"index","follow":"follow","max-snippet":"max-snippet:-1","max-image-preview":"max-image-preview:large","max-video-preview":"max-video-preview:-1"},"canonical":"https:\/\/www.elementvape.de\/it\/produkt\/eisige-fruchtigkeit-vape-cherry-ice-der-perfekte-mix-aus-suessen-kirschen-und-kuehler-frische-waspe-15000-puffs\/","og_locale":"it_IT","og_type":"article","og_title":"Eisige Fruchtigkeit Vape Cherry Ice der perfekte Mix aus s\u00fc\u00dfen Kirschen und k\u00fchler Frische WASPE 15000 PUFFS | ElementVape.de","og_description":"Wir bieten Eisige Fruchtigkeit Vape Cherry Ice der perfekte Mix aus s\u00fc\u00dfen Kirschen und k\u00fchler Frische WASPE 15000 PUFFS , Elementvape.de akzeptieren Gro\u00df-und Einzelhandel Bestellungen.","og_url":"https:\/\/www.elementvape.de\/it\/produkt\/eisige-fruchtigkeit-vape-cherry-ice-der-perfekte-mix-aus-suessen-kirschen-und-kuehler-frische-waspe-15000-puffs\/","og_site_name":"ElementVape.de","article_modified_time":"2024-12-12T06:34:03+00:00","og_image":[{"width":1920,"height":1536,"url":"https:\/\/www.elementvape.de\/wp-content\/uploads\/2024\/08\/Cherry-lce.jpg","type":"image\/jpeg"}],"twitter_card":"summary_large_image","twitter_misc":{"Est. reading time":"2 minuti"},"schema":{"@context":"https:\/\/schema.org","@graph":[{"@type":"WebPage","@id":"https:\/\/www.elementvape.de\/da\/produkt\/eisige-fruchtigkeit-vape-cherry-ice-der-perfekte-mix-aus-suessen-kirschen-und-kuehler-frische-waspe-15000-puffs\/","url":"https:\/\/www.elementvape.de\/da\/produkt\/eisige-fruchtigkeit-vape-cherry-ice-der-perfekte-mix-aus-suessen-kirschen-und-kuehler-frische-waspe-15000-puffs\/","name":"Eisige Fruchtigkeit Vape Cherry Ice der perfekte Mix aus s\u00fc\u00dfen Kirschen und k\u00fchler Frische WASPE 15000 PUFFS | ElementVape.de","isPartOf":{"@id":"https:\/\/www.elementvape.de\/#website"},"primaryImageOfPage":{"@id":"https:\/\/www.elementvape.de\/da\/produkt\/eisige-fruchtigkeit-vape-cherry-ice-der-perfekte-mix-aus-suessen-kirschen-und-kuehler-frische-waspe-15000-puffs\/#primaryimage"},"image":{"@id":"https:\/\/www.elementvape.de\/da\/produkt\/eisige-fruchtigkeit-vape-cherry-ice-der-perfekte-mix-aus-suessen-kirschen-und-kuehler-frische-waspe-15000-puffs\/#primaryimage"},"thumbnailUrl":"https:\/\/www.elementvape.de\/wp-content\/uploads\/2024\/08\/Cherry-lce.jpg","datePublished":"2024-08-22T07:49:50+00:00","dateModified":"2024-12-12T06:34:03+00:00","description":"Wir bieten Eisige Fruchtigkeit Vape Cherry Ice der perfekte Mix aus s\u00fc\u00dfen Kirschen und k\u00fchler Frische WASPE 15000 PUFFS , Elementvape.de akzeptieren Gro\u00df-und Einzelhandel Bestellungen.","breadcrumb":{"@id":"https:\/\/www.elementvape.de\/da\/produkt\/eisige-fruchtigkeit-vape-cherry-ice-der-perfekte-mix-aus-suessen-kirschen-und-kuehler-frische-waspe-15000-puffs\/#breadcrumb"},"inLanguage":"it-IT","potentialAction":[{"@type":"ReadAction","target":["https:\/\/www.elementvape.de\/da\/produkt\/eisige-fruchtigkeit-vape-cherry-ice-der-perfekte-mix-aus-suessen-kirschen-und-kuehler-frische-waspe-15000-puffs\/"]}]},{"@type":"ImageObject","inLanguage":"it-IT","@id":"https:\/\/www.elementvape.de\/da\/produkt\/eisige-fruchtigkeit-vape-cherry-ice-der-perfekte-mix-aus-suessen-kirschen-und-kuehler-frische-waspe-15000-puffs\/#primaryimage","url":"https:\/\/www.elementvape.de\/wp-content\/uploads\/2024\/08\/Cherry-lce.jpg","contentUrl":"https:\/\/www.elementvape.de\/wp-content\/uploads\/2024\/08\/Cherry-lce.jpg","width":1920,"height":1536,"caption":"Cherry lce"},{"@type":"BreadcrumbList","@id":"https:\/\/www.elementvape.de\/da\/produkt\/eisige-fruchtigkeit-vape-cherry-ice-der-perfekte-mix-aus-suessen-kirschen-und-kuehler-frische-waspe-15000-puffs\/#breadcrumb","itemListElement":[{"@type":"ListItem","position":1,"name":"Home","item":"https:\/\/www.elementvape.de\/"},{"@type":"ListItem","position":2,"name":"Shop","item":"https:\/\/www.elementvape.de\/shop\/"},{"@type":"ListItem","position":3,"name":"Eisige Fruchtigkeit Vape Cherry Ice der perfekte Mix aus s\u00fc\u00dfen Kirschen und k\u00fchler Frische WASPE 15000 PUFFS"}]},{"@type":"WebSite","@id":"https:\/\/www.elementvape.de\/#website","url":"https:\/\/www.elementvape.de\/","name":"ElementVape.de","description":"","publisher":{"@id":"https:\/\/www.elementvape.de\/#organization"},"potentialAction":[{"@type":"SearchAction","target":{"@type":"EntryPoint","urlTemplate":"https:\/\/www.elementvape.de\/?s={search_term_string}"},"query-input":"required name=search_term_string"}],"inLanguage":"it-IT"},{"@type":"Organization","@id":"https:\/\/www.elementvape.de\/#organization","name":"ElementVape.DE","url":"https:\/\/www.elementvape.de\/","logo":{"@type":"ImageObject","inLanguage":"it-IT","@id":"https:\/\/www.elementvape.de\/#\/schema\/logo\/image\/","url":"https:\/\/www.elementvape.de\/wp-content\/uploads\/2024\/09\/cropped-1elementvape-3.png","contentUrl":"https:\/\/www.elementvape.de\/wp-content\/uploads\/2024\/09\/cropped-1elementvape-3.png","width":285,"height":228,"caption":"ElementVape.DE"},"image":{"@id":"https:\/\/www.elementvape.de\/#\/schema\/logo\/image\/"}}]}},"_links":{"self":[{"href":"https:\/\/www.elementvape.de\/it\/wp-json\/wp\/v2\/product\/13948"}],"collection":[{"href":"https:\/\/www.elementvape.de\/it\/wp-json\/wp\/v2\/product"}],"about":[{"href":"https:\/\/www.elementvape.de\/it\/wp-json\/wp\/v2\/types\/product"}],"wp:featuredmedia":[{"embeddable":true,"href":"https:\/\/www.elementvape.de\/it\/wp-json\/wp\/v2\/media\/13949"}],"wp:attachment":[{"href":"https:\/\/www.elementvape.de\/it\/wp-json\/wp\/v2\/media?parent=13948"}],"wp:term":[{"taxonomy":"product_cat","embeddable":true,"href":"https:\/\/www.elementvape.de\/it\/wp-json\/wp\/v2\/product_cat?post=13948"},{"taxonomy":"product_tag","embeddable":true,"href":"https:\/\/www.elementvape.de\/it\/wp-json\/wp\/v2\/product_tag?post=13948"}],"curies":[{"name":"wp","href":"https:\/\/api.w.org\/{rel}","templated":true}]}}