{"id":13880,"date":"2024-08-20T06:22:39","date_gmt":"2024-08-20T06:22:39","guid":{"rendered":"https:\/\/www.elementvape.de\/?post_type=product&#038;p=13880"},"modified":"2024-12-12T06:34:27","modified_gmt":"2024-12-12T06:34:27","slug":"grape-ice-elf-shisha-16000-der-16000-puffs-zollfreie-e-zigarette-mit-intensivem-traubengeschmack-und-kuehle","status":"publish","type":"product","link":"https:\/\/www.elementvape.de\/it\/produkt\/grape-ice-elf-shisha-16000-der-16000-puffs-zollfreie-e-zigarette-mit-intensivem-traubengeschmack-und-kuehle\/","title":{"rendered":"Uva Ice ELF SHISHA 16000 La sigaretta elettronica senza dazi con 16000 puff, gusto intenso di uva e freschezza"},"content":{"rendered":"<h2>Grape Ice ELF SHISHA 16000 Puff<\/h2>\n<hr \/>\n<h4>Intenso sapore di uva e rinfrescante freschezza<\/h4>\n<p>La Grape Ice ELF SHISHA 16000 offre un'esperienza di svapo di prima qualit\u00e0, che combina la dolcezza delle uve mature con una nota mentolata rinfrescante. Questo aroma fruttato e rinfrescante \u00e8 perfetto per chi cerca un gusto deciso ma equilibrato. Ogni tiro porta l'intensit\u00e0 succosa delle uve scure e allo stesso tempo garantisce una piacevole freschezza, ideale soprattutto nelle giornate calde.<\/p>\n<hr \/>\n<h4>Tecnologia di alta qualit\u00e0 per un piacere duraturo<\/h4>\n<p>La ELF SHISHA 16000 non solo convince per il gusto, ma anche per le sue caratteristiche tecniche all'avanguardia. Con 16.000 tiri, \u00e8 particolarmente durevole e offre una produzione di vapore uniforme grazie alla moderna resistenza mesh da 0,6 Ohm. La batteria ricaricabile 18250\u2013600 mAh si ricarica comodamente tramite una porta Type-C, e il display LED ti tiene sempre aggiornato sul livello di carica. La regolazione dell'afflusso d'aria permette di personalizzare l'esperienza di svapo.<\/p>\n<p>Oltre al gusto intenso e alla tecnologia di alta qualit\u00e0, la Grape Ice <strong><a href=\"https:\/\/www.elementvape.de\/it\/c\/elf-shisha-16000\/\" target=\"_blank\" rel=\"noopener\">ELF Shisha 16000<\/a><\/strong> offre anche i vantaggi di un acquisto senza tasse. Con 200 pezzi per scatola e un peso totale di 18,3 kg, \u00e8 ideale per svapatori attenti al prezzo e per chi viaggia spesso. La dimensione compatta e il peso ridotto la rendono il compagno perfetto per essere portata ovunque, cos\u00ec da poter gustare sempre e ovunque il rinfrescante sapore di uva.<\/p>\n<table>\n<thead>\n<tr>\n<th>Caratteristica<\/th>\n<th>Dettagli<\/th>\n<\/tr>\n<\/thead>\n<tbody>\n<tr>\n<td>Gusto<\/td>\n<td>Uva Ghiaccio<\/td>\n<\/tr>\n<tr>\n<td>Tiri (Puff)<\/td>\n<td>16.000 Puff<\/td>\n<\/tr>\n<tr>\n<td>Coil<\/td>\n<td>Coil a mesh, 0,6 Ohm<\/td>\n<\/tr>\n<tr>\n<td>Capacit\u00e0 di e-liquid<\/td>\n<td>28 ml<\/td>\n<\/tr>\n<tr>\n<td>Contenuto di N<\/td>\n<td>2 %,5 %<\/td>\n<\/tr>\n<tr>\n<td>Batteria<\/td>\n<td>18250\u2013600 mAh, ricaricabile (Type C)<\/td>\n<\/tr>\n<tr>\n<td>Indicatore LED<\/td>\n<td>Ja<\/td>\n<\/tr>\n<tr>\n<td>Regolabile alimentazione dell'aria<\/td>\n<td>Ja<\/td>\n<\/tr>\n<tr>\n<td>Peso del prodotto<\/td>\n<td>85 g per pezzo<\/td>\n<\/tr>\n<tr>\n<td>Dimensione del prodotto<\/td>\n<td>30 x 125,5 mm<\/td>\n<\/tr>\n<\/tbody>\n<\/table>\n<p>&nbsp;<\/p>","protected":false},"excerpt":{"rendered":"<p>Grape Ice ELF SHISHA 16000 Puffs Intensiver Traubengeschmack und erfrischende K\u00fchle Die Grape Ice ELF SHISHA 16000 bietet ein erstklassiges Dampferlebnis, das die S\u00fc\u00dfe reifer Trauben mit einer k\u00fchlenden Menthol-Note kombiniert. Dieses fruchtige und erfrischende Aroma ist perfekt f\u00fcr Dampfer, die einen kr\u00e4ftigen, aber dennoch ausgewogenen Geschmack suchen. Jeder Zug bringt die saftige Intensit\u00e4t von [&hellip;]<\/p>","protected":false},"featured_media":13881,"template":"","meta":{"inline_featured_image":false},"product_cat":[15,78,747,740,734,753,719,732],"product_tag":[710,720],"tiered_pricing_type":"fixed","tiered_pricing_fixed_rules":{"110":"8.47","200":"7.53","500":"6.59"},"tiered_pricing_percentage_rules":[],"tiered_pricing_minimum":1,"_administrator_tiered_pricing_type":"fixed","_administrator_tiered_pricing_fixed_rules":[],"_editor_tiered_pricing_type":"fixed","_editor_tiered_pricing_fixed_rules":[],"_author_tiered_pricing_type":"fixed","_author_tiered_pricing_fixed_rules":[],"_contributor_tiered_pricing_type":"fixed","_contributor_tiered_pricing_fixed_rules":[],"_subscriber_tiered_pricing_type":"fixed","_subscriber_tiered_pricing_fixed_rules":[],"_customer_tiered_pricing_type":"fixed","_customer_tiered_pricing_fixed_rules":[],"_shop_manager_tiered_pricing_type":"fixed","_shop_manager_tiered_pricing_fixed_rules":[],"_wpseo_manager_tiered_pricing_type":"fixed","_wpseo_manager_tiered_pricing_fixed_rules":[],"_wpseo_editor_tiered_pricing_type":"fixed","_wpseo_editor_tiered_pricing_fixed_rules":[],"_wholesale_customer_tiered_pricing_type":"fixed","_wholesale_customer_tiered_pricing_fixed_rules":[],"_marketer_tiered_pricing_type":"fixed","_marketer_tiered_pricing_fixed_rules":[],"_sales_manager_tiered_pricing_type":"fixed","_sales_manager_tiered_pricing_fixed_rules":[],"_sales_rep_tiered_pricing_type":"fixed","_sales_rep_tiered_pricing_fixed_rules":[],"yoast_head":"<!-- This site is optimized with the Yoast SEO plugin v23.3 - https:\/\/yoast.com\/wordpress\/plugins\/seo\/ -->\n<title>Grape Ice ELF SHISHA 16000 Der 16000 Puffs zollfreie E-Zigarette mit intensivem Traubengeschmack und K\u00fchle | ElementVape.de<\/title>\n<meta name=\"description\" content=\"Wir bieten Grape Ice ELF SHISHA 16000 Der 16000 Puffs zollfreie E-Zigarette mit intensivem Traubengeschmack und K\u00fchle , Elementvape.de akzeptieren Gro\u00df-und Einzelhandel Bestellungen.\" \/>\n<meta name=\"robots\" content=\"index, follow, max-snippet:-1, max-image-preview:large, max-video-preview:-1\" \/>\n<link rel=\"canonical\" href=\"https:\/\/www.elementvape.de\/it\/produkt\/grape-ice-elf-shisha-16000-der-16000-puffs-zollfreie-e-zigarette-mit-intensivem-traubengeschmack-und-kuehle\/\" \/>\n<meta property=\"og:locale\" content=\"it_IT\" \/>\n<meta property=\"og:type\" content=\"article\" \/>\n<meta property=\"og:title\" content=\"Grape Ice ELF SHISHA 16000 Der 16000 Puffs zollfreie E-Zigarette mit intensivem Traubengeschmack und K\u00fchle | ElementVape.de\" \/>\n<meta property=\"og:description\" content=\"Wir bieten Grape Ice ELF SHISHA 16000 Der 16000 Puffs zollfreie E-Zigarette mit intensivem Traubengeschmack und K\u00fchle , Elementvape.de akzeptieren Gro\u00df-und Einzelhandel Bestellungen.\" \/>\n<meta property=\"og:url\" content=\"https:\/\/www.elementvape.de\/it\/produkt\/grape-ice-elf-shisha-16000-der-16000-puffs-zollfreie-e-zigarette-mit-intensivem-traubengeschmack-und-kuehle\/\" \/>\n<meta property=\"og:site_name\" content=\"ElementVape.de\" \/>\n<meta property=\"article:modified_time\" content=\"2024-12-12T06:34:27+00:00\" \/>\n<meta property=\"og:image\" content=\"https:\/\/www.elementvape.de\/wp-content\/uploads\/2024\/08\/\u8461\u8404\u51b02220000.png\" \/>\n\t<meta property=\"og:image:width\" content=\"1000\" \/>\n\t<meta property=\"og:image:height\" content=\"1000\" \/>\n\t<meta property=\"og:image:type\" content=\"image\/png\" \/>\n<meta name=\"twitter:card\" content=\"summary_large_image\" \/>\n<meta name=\"twitter:label1\" content=\"Est. reading time\" \/>\n\t<meta name=\"twitter:data1\" content=\"2 minuti\" \/>\n<script type=\"application\/ld+json\" class=\"yoast-schema-graph\">{\"@context\":\"https:\/\/schema.org\",\"@graph\":[{\"@type\":\"WebPage\",\"@id\":\"https:\/\/www.elementvape.de\/pt\/produkt\/grape-ice-elf-shisha-16000-der-16000-puffs-zollfreie-e-zigarette-mit-intensivem-traubengeschmack-und-kuehle\/\",\"url\":\"https:\/\/www.elementvape.de\/pt\/produkt\/grape-ice-elf-shisha-16000-der-16000-puffs-zollfreie-e-zigarette-mit-intensivem-traubengeschmack-und-kuehle\/\",\"name\":\"Grape Ice ELF SHISHA 16000 Der 16000 Puffs zollfreie E-Zigarette mit intensivem Traubengeschmack und K\u00fchle | ElementVape.de\",\"isPartOf\":{\"@id\":\"https:\/\/www.elementvape.de\/#website\"},\"primaryImageOfPage\":{\"@id\":\"https:\/\/www.elementvape.de\/pt\/produkt\/grape-ice-elf-shisha-16000-der-16000-puffs-zollfreie-e-zigarette-mit-intensivem-traubengeschmack-und-kuehle\/#primaryimage\"},\"image\":{\"@id\":\"https:\/\/www.elementvape.de\/pt\/produkt\/grape-ice-elf-shisha-16000-der-16000-puffs-zollfreie-e-zigarette-mit-intensivem-traubengeschmack-und-kuehle\/#primaryimage\"},\"thumbnailUrl\":\"https:\/\/www.elementvape.de\/wp-content\/uploads\/2024\/08\/\u8461\u8404\u51b02220000.png\",\"datePublished\":\"2024-08-20T06:22:39+00:00\",\"dateModified\":\"2024-12-12T06:34:27+00:00\",\"description\":\"Wir bieten Grape Ice ELF SHISHA 16000 Der 16000 Puffs zollfreie E-Zigarette mit intensivem Traubengeschmack und K\u00fchle , Elementvape.de akzeptieren Gro\u00df-und Einzelhandel Bestellungen.\",\"breadcrumb\":{\"@id\":\"https:\/\/www.elementvape.de\/pt\/produkt\/grape-ice-elf-shisha-16000-der-16000-puffs-zollfreie-e-zigarette-mit-intensivem-traubengeschmack-und-kuehle\/#breadcrumb\"},\"inLanguage\":\"it-IT\",\"potentialAction\":[{\"@type\":\"ReadAction\",\"target\":[\"https:\/\/www.elementvape.de\/pt\/produkt\/grape-ice-elf-shisha-16000-der-16000-puffs-zollfreie-e-zigarette-mit-intensivem-traubengeschmack-und-kuehle\/\"]}]},{\"@type\":\"ImageObject\",\"inLanguage\":\"it-IT\",\"@id\":\"https:\/\/www.elementvape.de\/pt\/produkt\/grape-ice-elf-shisha-16000-der-16000-puffs-zollfreie-e-zigarette-mit-intensivem-traubengeschmack-und-kuehle\/#primaryimage\",\"url\":\"https:\/\/www.elementvape.de\/wp-content\/uploads\/2024\/08\/\u8461\u8404\u51b02220000.png\",\"contentUrl\":\"https:\/\/www.elementvape.de\/wp-content\/uploads\/2024\/08\/\u8461\u8404\u51b02220000.png\",\"width\":1000,\"height\":1000,\"caption\":\"Grape ice\"},{\"@type\":\"BreadcrumbList\",\"@id\":\"https:\/\/www.elementvape.de\/pt\/produkt\/grape-ice-elf-shisha-16000-der-16000-puffs-zollfreie-e-zigarette-mit-intensivem-traubengeschmack-und-kuehle\/#breadcrumb\",\"itemListElement\":[{\"@type\":\"ListItem\",\"position\":1,\"name\":\"Home\",\"item\":\"https:\/\/www.elementvape.de\/\"},{\"@type\":\"ListItem\",\"position\":2,\"name\":\"Shop\",\"item\":\"https:\/\/www.elementvape.de\/shop\/\"},{\"@type\":\"ListItem\",\"position\":3,\"name\":\"Grape Ice ELF SHISHA 16000 Der 16000 Puffs zollfreie E-Zigarette mit intensivem Traubengeschmack und K\u00fchle\"}]},{\"@type\":\"WebSite\",\"@id\":\"https:\/\/www.elementvape.de\/#website\",\"url\":\"https:\/\/www.elementvape.de\/\",\"name\":\"ElementVape.de\",\"description\":\"\",\"publisher\":{\"@id\":\"https:\/\/www.elementvape.de\/#organization\"},\"potentialAction\":[{\"@type\":\"SearchAction\",\"target\":{\"@type\":\"EntryPoint\",\"urlTemplate\":\"https:\/\/www.elementvape.de\/?s={search_term_string}\"},\"query-input\":\"required name=search_term_string\"}],\"inLanguage\":\"it-IT\"},{\"@type\":\"Organization\",\"@id\":\"https:\/\/www.elementvape.de\/#organization\",\"name\":\"ElementVape.DE\",\"url\":\"https:\/\/www.elementvape.de\/\",\"logo\":{\"@type\":\"ImageObject\",\"inLanguage\":\"it-IT\",\"@id\":\"https:\/\/www.elementvape.de\/#\/schema\/logo\/image\/\",\"url\":\"https:\/\/www.elementvape.de\/wp-content\/uploads\/2024\/09\/cropped-1elementvape-3.png\",\"contentUrl\":\"https:\/\/www.elementvape.de\/wp-content\/uploads\/2024\/09\/cropped-1elementvape-3.png\",\"width\":285,\"height\":228,\"caption\":\"ElementVape.DE\"},\"image\":{\"@id\":\"https:\/\/www.elementvape.de\/#\/schema\/logo\/image\/\"}}]}<\/script>\n<!-- \/ Yoast SEO plugin. -->","yoast_head_json":{"title":"Grape Ice ELF SHISHA 16000 Der 16000 Puffs zollfreie E-Zigarette mit intensivem Traubengeschmack und K\u00fchle | ElementVape.de","description":"Wir bieten Grape Ice ELF SHISHA 16000 Der 16000 Puffs zollfreie E-Zigarette mit intensivem Traubengeschmack und K\u00fchle , Elementvape.de akzeptieren Gro\u00df-und Einzelhandel Bestellungen.","robots":{"index":"index","follow":"follow","max-snippet":"max-snippet:-1","max-image-preview":"max-image-preview:large","max-video-preview":"max-video-preview:-1"},"canonical":"https:\/\/www.elementvape.de\/it\/produkt\/grape-ice-elf-shisha-16000-der-16000-puffs-zollfreie-e-zigarette-mit-intensivem-traubengeschmack-und-kuehle\/","og_locale":"it_IT","og_type":"article","og_title":"Grape Ice ELF SHISHA 16000 Der 16000 Puffs zollfreie E-Zigarette mit intensivem Traubengeschmack und K\u00fchle | ElementVape.de","og_description":"Wir bieten Grape Ice ELF SHISHA 16000 Der 16000 Puffs zollfreie E-Zigarette mit intensivem Traubengeschmack und K\u00fchle , Elementvape.de akzeptieren Gro\u00df-und Einzelhandel Bestellungen.","og_url":"https:\/\/www.elementvape.de\/it\/produkt\/grape-ice-elf-shisha-16000-der-16000-puffs-zollfreie-e-zigarette-mit-intensivem-traubengeschmack-und-kuehle\/","og_site_name":"ElementVape.de","article_modified_time":"2024-12-12T06:34:27+00:00","og_image":[{"width":1000,"height":1000,"url":"https:\/\/www.elementvape.de\/wp-content\/uploads\/2024\/08\/\u8461\u8404\u51b02220000.png","type":"image\/png"}],"twitter_card":"summary_large_image","twitter_misc":{"Est. reading time":"2 minuti"},"schema":{"@context":"https:\/\/schema.org","@graph":[{"@type":"WebPage","@id":"https:\/\/www.elementvape.de\/pt\/produkt\/grape-ice-elf-shisha-16000-der-16000-puffs-zollfreie-e-zigarette-mit-intensivem-traubengeschmack-und-kuehle\/","url":"https:\/\/www.elementvape.de\/pt\/produkt\/grape-ice-elf-shisha-16000-der-16000-puffs-zollfreie-e-zigarette-mit-intensivem-traubengeschmack-und-kuehle\/","name":"Grape Ice ELF SHISHA 16000 Der 16000 Puffs zollfreie E-Zigarette mit intensivem Traubengeschmack und K\u00fchle | ElementVape.de","isPartOf":{"@id":"https:\/\/www.elementvape.de\/#website"},"primaryImageOfPage":{"@id":"https:\/\/www.elementvape.de\/pt\/produkt\/grape-ice-elf-shisha-16000-der-16000-puffs-zollfreie-e-zigarette-mit-intensivem-traubengeschmack-und-kuehle\/#primaryimage"},"image":{"@id":"https:\/\/www.elementvape.de\/pt\/produkt\/grape-ice-elf-shisha-16000-der-16000-puffs-zollfreie-e-zigarette-mit-intensivem-traubengeschmack-und-kuehle\/#primaryimage"},"thumbnailUrl":"https:\/\/www.elementvape.de\/wp-content\/uploads\/2024\/08\/\u8461\u8404\u51b02220000.png","datePublished":"2024-08-20T06:22:39+00:00","dateModified":"2024-12-12T06:34:27+00:00","description":"Wir bieten Grape Ice ELF SHISHA 16000 Der 16000 Puffs zollfreie E-Zigarette mit intensivem Traubengeschmack und K\u00fchle , Elementvape.de akzeptieren Gro\u00df-und Einzelhandel Bestellungen.","breadcrumb":{"@id":"https:\/\/www.elementvape.de\/pt\/produkt\/grape-ice-elf-shisha-16000-der-16000-puffs-zollfreie-e-zigarette-mit-intensivem-traubengeschmack-und-kuehle\/#breadcrumb"},"inLanguage":"it-IT","potentialAction":[{"@type":"ReadAction","target":["https:\/\/www.elementvape.de\/pt\/produkt\/grape-ice-elf-shisha-16000-der-16000-puffs-zollfreie-e-zigarette-mit-intensivem-traubengeschmack-und-kuehle\/"]}]},{"@type":"ImageObject","inLanguage":"it-IT","@id":"https:\/\/www.elementvape.de\/pt\/produkt\/grape-ice-elf-shisha-16000-der-16000-puffs-zollfreie-e-zigarette-mit-intensivem-traubengeschmack-und-kuehle\/#primaryimage","url":"https:\/\/www.elementvape.de\/wp-content\/uploads\/2024\/08\/\u8461\u8404\u51b02220000.png","contentUrl":"https:\/\/www.elementvape.de\/wp-content\/uploads\/2024\/08\/\u8461\u8404\u51b02220000.png","width":1000,"height":1000,"caption":"Grape ice"},{"@type":"BreadcrumbList","@id":"https:\/\/www.elementvape.de\/pt\/produkt\/grape-ice-elf-shisha-16000-der-16000-puffs-zollfreie-e-zigarette-mit-intensivem-traubengeschmack-und-kuehle\/#breadcrumb","itemListElement":[{"@type":"ListItem","position":1,"name":"Home","item":"https:\/\/www.elementvape.de\/"},{"@type":"ListItem","position":2,"name":"Shop","item":"https:\/\/www.elementvape.de\/shop\/"},{"@type":"ListItem","position":3,"name":"Grape Ice ELF SHISHA 16000 Der 16000 Puffs zollfreie E-Zigarette mit intensivem Traubengeschmack und K\u00fchle"}]},{"@type":"WebSite","@id":"https:\/\/www.elementvape.de\/#website","url":"https:\/\/www.elementvape.de\/","name":"ElementVape.de","description":"","publisher":{"@id":"https:\/\/www.elementvape.de\/#organization"},"potentialAction":[{"@type":"SearchAction","target":{"@type":"EntryPoint","urlTemplate":"https:\/\/www.elementvape.de\/?s={search_term_string}"},"query-input":"required name=search_term_string"}],"inLanguage":"it-IT"},{"@type":"Organization","@id":"https:\/\/www.elementvape.de\/#organization","name":"ElementVape.DE","url":"https:\/\/www.elementvape.de\/","logo":{"@type":"ImageObject","inLanguage":"it-IT","@id":"https:\/\/www.elementvape.de\/#\/schema\/logo\/image\/","url":"https:\/\/www.elementvape.de\/wp-content\/uploads\/2024\/09\/cropped-1elementvape-3.png","contentUrl":"https:\/\/www.elementvape.de\/wp-content\/uploads\/2024\/09\/cropped-1elementvape-3.png","width":285,"height":228,"caption":"ElementVape.DE"},"image":{"@id":"https:\/\/www.elementvape.de\/#\/schema\/logo\/image\/"}}]}},"_links":{"self":[{"href":"https:\/\/www.elementvape.de\/it\/wp-json\/wp\/v2\/product\/13880"}],"collection":[{"href":"https:\/\/www.elementvape.de\/it\/wp-json\/wp\/v2\/product"}],"about":[{"href":"https:\/\/www.elementvape.de\/it\/wp-json\/wp\/v2\/types\/product"}],"wp:featuredmedia":[{"embeddable":true,"href":"https:\/\/www.elementvape.de\/it\/wp-json\/wp\/v2\/media\/13881"}],"wp:attachment":[{"href":"https:\/\/www.elementvape.de\/it\/wp-json\/wp\/v2\/media?parent=13880"}],"wp:term":[{"taxonomy":"product_cat","embeddable":true,"href":"https:\/\/www.elementvape.de\/it\/wp-json\/wp\/v2\/product_cat?post=13880"},{"taxonomy":"product_tag","embeddable":true,"href":"https:\/\/www.elementvape.de\/it\/wp-json\/wp\/v2\/product_tag?post=13880"}],"curies":[{"name":"wp","href":"https:\/\/api.w.org\/{rel}","templated":true}]}}