{"id":13840,"date":"2024-08-19T02:37:09","date_gmt":"2024-08-19T02:37:09","guid":{"rendered":"https:\/\/www.elementvape.de\/?post_type=product&#038;p=13840"},"modified":"2024-12-12T06:34:44","modified_gmt":"2024-12-12T06:34:44","slug":"cherry-soda-elf-box-rgb14000-erfrischender-kirschgenuss-mit-stylischem-rgb-design-14000-puffs-vape","status":"publish","type":"product","link":"https:\/\/www.elementvape.de\/it\/produkt\/cherry-soda-elf-box-rgb14000-erfrischender-kirschgenuss-mit-stylischem-rgb-design-14000-puffs-vape\/","title":{"rendered":"Cherry Soda ELF BOX RGB14000 Gusto rinfrescante di ciliegia con design RGB alla moda 14000 PUFFS VAPE"},"content":{"rendered":"<h2>Il piacere rinfrescante della ciliegia incontra il design moderno<\/h2>\n<p>Sperimenta con Cherry Soda ELF BOX RGB14000 il gusto frizzante della rinfrescante limonata alla ciliegia, racchiuso in un design moderno ed elegante. Questa e-cigarette porta il gusto intenso e fruttato della ciliegia direttamente nella tua vita quotidiana e offre un'esperienza frizzante a ogni tiro, che ricorda una calda giornata estiva in cui ti rinfreschi con un bicchiere di soda alla ciliegia.<\/p>\n<p>Con una capacit\u00e0 fino a 14.000 puff e una coil a mesh avanzata da 1,0 Ohm, questo dispositivo garantisce una produzione di vapore uniforme e assicura che il sapore venga espresso in modo ottimale in ogni nuvola. L'ampio serbatoio per e-liquid da 25 ml \u00e8 disponibile in diverse gradazioni di nicotina (2% e 5%), in modo da poter scegliere l'intensit\u00e0 pi\u00f9 adatta alle tue esigenze.<\/p>\n<h3>Potente e pratico per l'uso quotidiano<\/h3>\n<p>Cherry Soda ELF BOX RGB14000 convince non solo per il gusto, ma anche per la sua tecnologia potente e facile da usare. La batteria integrata 18250 da 600 mAh offre una lunga durata, in modo da poter godere del rinfrescante gusto di ciliegia senza interruzioni. Quando la batteria \u00e8 scarica, pu\u00f2 essere comodamente ricaricata tramite la connessione Type-C, in modo da essere rapidamente pronti per il tiro successivo.<\/p>\n<p>Nonostante le dimensioni compatte di 35 mm x 36 mm x 133,5 mm e un peso di soli 100 g, Cherry Soda ELF BOX offre prestazioni impressionanti. Il dispositivo non \u00e8 solo leggero e facile da trasportare, ma offre anche una luce RGB accattivante che rende ogni tiro un punto culminante visivo. Inoltre, \u00e8 <strong><a href=\"https:\/\/www.elementvape.de\/it\/c\/einweg-zigarette\/\" target=\"_blank\" rel=\"noopener\">Sigaretta Elettronica<\/a><\/strong> dotato di una pratica corda per appenderlo, in modo da poterlo trasportare comodamente in viaggio.<\/p>\n<h3>Svapo elegante con design a tendone colorato<\/h3>\n<p>Il design a tendone colorato di Cherry Soda ELF BOX RGB14000 lo rende un vero e proprio richiamo visivo. Le luci RGB brillanti e il design elegante assicurano che la tua esperienza di svapo non sia solo un piacere per il gusto, ma anche per la vista. Perfetto per tutti coloro che desiderano combinare il gusto fruttato della ciliegia con la tecnologia moderna e lo stile. Questa e-cigarette offre non solo un'esperienza di gusto intensa, ma anche un punto culminante visivo che puoi goderti sempre e ovunque.<\/p>\n<p>Concediti il gusto frizzante della limonata alla ciliegia, abbinato alla tecnologia pi\u00f9 moderna: la combinazione perfetta per uno svapo elegante!<\/p>","protected":false},"excerpt":{"rendered":"<p>Erfrischender Kirschgenuss trifft modernes Design Erleben Sie mit der Cherry Soda ELF BOX RGB14000 den spritzigen Geschmack von erfrischender Kirschlimonade, verpackt in einem modernen und stilvollen Design. Diese E-Zigarette bringt den intensiven, fruchtigen Geschmack von Kirsche direkt in Ihren Alltag und liefert mit jedem Zug ein prickelndes Erlebnis, das an einen hei\u00dfen Sommertag erinnert, an [&hellip;]<\/p>","protected":false},"featured_media":13841,"template":"","meta":{"inline_featured_image":false},"product_cat":[15,78,747,740,734,753,718,732],"product_tag":[710,674],"tiered_pricing_type":"fixed","tiered_pricing_fixed_rules":{"110":"7.54","200":"6.68","500":"5.85"},"tiered_pricing_percentage_rules":[],"tiered_pricing_minimum":1,"_administrator_tiered_pricing_type":"fixed","_administrator_tiered_pricing_fixed_rules":[],"_editor_tiered_pricing_type":"fixed","_editor_tiered_pricing_fixed_rules":[],"_author_tiered_pricing_type":"fixed","_author_tiered_pricing_fixed_rules":[],"_contributor_tiered_pricing_type":"fixed","_contributor_tiered_pricing_fixed_rules":[],"_subscriber_tiered_pricing_type":"fixed","_subscriber_tiered_pricing_fixed_rules":[],"_customer_tiered_pricing_type":"fixed","_customer_tiered_pricing_fixed_rules":[],"_shop_manager_tiered_pricing_type":"fixed","_shop_manager_tiered_pricing_fixed_rules":[],"_wpseo_manager_tiered_pricing_type":"fixed","_wpseo_manager_tiered_pricing_fixed_rules":[],"_wpseo_editor_tiered_pricing_type":"fixed","_wpseo_editor_tiered_pricing_fixed_rules":[],"_wholesale_customer_tiered_pricing_type":"fixed","_wholesale_customer_tiered_pricing_fixed_rules":[],"_marketer_tiered_pricing_type":"fixed","_marketer_tiered_pricing_fixed_rules":[],"_sales_manager_tiered_pricing_type":"fixed","_sales_manager_tiered_pricing_fixed_rules":[],"_sales_rep_tiered_pricing_type":"fixed","_sales_rep_tiered_pricing_fixed_rules":[],"yoast_head":"<!-- This site is optimized with the Yoast SEO plugin v23.3 - https:\/\/yoast.com\/wordpress\/plugins\/seo\/ -->\n<title>Cherry Soda ELF BOX RGB14000 Erfrischender Kirschgenuss mit stylischem RGB-Design 14000 PUFFS VAPE | ElementVape.de<\/title>\n<meta name=\"description\" content=\"Wir bieten Cherry Soda ELF BOX RGB14000 Erfrischender Kirschgenuss mit stylischem RGB-Design 14000 PUFFS VAPE , Elementvape.de akzeptieren Gro\u00df-und Einzelhandel Bestellungen.\" \/>\n<meta name=\"robots\" content=\"index, follow, max-snippet:-1, max-image-preview:large, max-video-preview:-1\" \/>\n<link rel=\"canonical\" href=\"https:\/\/www.elementvape.de\/it\/produkt\/cherry-soda-elf-box-rgb14000-erfrischender-kirschgenuss-mit-stylischem-rgb-design-14000-puffs-vape\/\" \/>\n<meta property=\"og:locale\" content=\"it_IT\" \/>\n<meta property=\"og:type\" content=\"article\" \/>\n<meta property=\"og:title\" content=\"Cherry Soda ELF BOX RGB14000 Erfrischender Kirschgenuss mit stylischem RGB-Design 14000 PUFFS VAPE | ElementVape.de\" \/>\n<meta property=\"og:description\" content=\"Wir bieten Cherry Soda ELF BOX RGB14000 Erfrischender Kirschgenuss mit stylischem RGB-Design 14000 PUFFS VAPE , Elementvape.de akzeptieren Gro\u00df-und Einzelhandel Bestellungen.\" \/>\n<meta property=\"og:url\" content=\"https:\/\/www.elementvape.de\/it\/produkt\/cherry-soda-elf-box-rgb14000-erfrischender-kirschgenuss-mit-stylischem-rgb-design-14000-puffs-vape\/\" \/>\n<meta property=\"og:site_name\" content=\"ElementVape.de\" \/>\n<meta property=\"article:modified_time\" content=\"2024-12-12T06:34:44+00:00\" \/>\n<meta property=\"og:image\" content=\"https:\/\/www.elementvape.de\/wp-content\/uploads\/2024\/08\/Cherry-Soda_.png\" \/>\n\t<meta property=\"og:image:width\" content=\"1000\" \/>\n\t<meta property=\"og:image:height\" content=\"1000\" \/>\n\t<meta property=\"og:image:type\" content=\"image\/png\" \/>\n<meta name=\"twitter:card\" content=\"summary_large_image\" \/>\n<meta name=\"twitter:label1\" content=\"Est. reading time\" \/>\n\t<meta name=\"twitter:data1\" content=\"3 minuti\" \/>\n<script type=\"application\/ld+json\" class=\"yoast-schema-graph\">{\"@context\":\"https:\/\/schema.org\",\"@graph\":[{\"@type\":\"WebPage\",\"@id\":\"https:\/\/www.elementvape.de\/sv\/produkt\/cherry-soda-elf-box-rgb14000-erfrischender-kirschgenuss-mit-stylischem-rgb-design-14000-puffs-vape\/\",\"url\":\"https:\/\/www.elementvape.de\/sv\/produkt\/cherry-soda-elf-box-rgb14000-erfrischender-kirschgenuss-mit-stylischem-rgb-design-14000-puffs-vape\/\",\"name\":\"Cherry Soda ELF BOX RGB14000 Erfrischender Kirschgenuss mit stylischem RGB-Design 14000 PUFFS VAPE | ElementVape.de\",\"isPartOf\":{\"@id\":\"https:\/\/www.elementvape.de\/#website\"},\"primaryImageOfPage\":{\"@id\":\"https:\/\/www.elementvape.de\/sv\/produkt\/cherry-soda-elf-box-rgb14000-erfrischender-kirschgenuss-mit-stylischem-rgb-design-14000-puffs-vape\/#primaryimage\"},\"image\":{\"@id\":\"https:\/\/www.elementvape.de\/sv\/produkt\/cherry-soda-elf-box-rgb14000-erfrischender-kirschgenuss-mit-stylischem-rgb-design-14000-puffs-vape\/#primaryimage\"},\"thumbnailUrl\":\"https:\/\/www.elementvape.de\/wp-content\/uploads\/2024\/08\/Cherry-Soda_.png\",\"datePublished\":\"2024-08-19T02:37:09+00:00\",\"dateModified\":\"2024-12-12T06:34:44+00:00\",\"description\":\"Wir bieten Cherry Soda ELF BOX RGB14000 Erfrischender Kirschgenuss mit stylischem RGB-Design 14000 PUFFS VAPE , Elementvape.de akzeptieren Gro\u00df-und Einzelhandel Bestellungen.\",\"breadcrumb\":{\"@id\":\"https:\/\/www.elementvape.de\/sv\/produkt\/cherry-soda-elf-box-rgb14000-erfrischender-kirschgenuss-mit-stylischem-rgb-design-14000-puffs-vape\/#breadcrumb\"},\"inLanguage\":\"it-IT\",\"potentialAction\":[{\"@type\":\"ReadAction\",\"target\":[\"https:\/\/www.elementvape.de\/sv\/produkt\/cherry-soda-elf-box-rgb14000-erfrischender-kirschgenuss-mit-stylischem-rgb-design-14000-puffs-vape\/\"]}]},{\"@type\":\"ImageObject\",\"inLanguage\":\"it-IT\",\"@id\":\"https:\/\/www.elementvape.de\/sv\/produkt\/cherry-soda-elf-box-rgb14000-erfrischender-kirschgenuss-mit-stylischem-rgb-design-14000-puffs-vape\/#primaryimage\",\"url\":\"https:\/\/www.elementvape.de\/wp-content\/uploads\/2024\/08\/Cherry-Soda_.png\",\"contentUrl\":\"https:\/\/www.elementvape.de\/wp-content\/uploads\/2024\/08\/Cherry-Soda_.png\",\"width\":1000,\"height\":1000,\"caption\":\"Cherry Soda\"},{\"@type\":\"BreadcrumbList\",\"@id\":\"https:\/\/www.elementvape.de\/sv\/produkt\/cherry-soda-elf-box-rgb14000-erfrischender-kirschgenuss-mit-stylischem-rgb-design-14000-puffs-vape\/#breadcrumb\",\"itemListElement\":[{\"@type\":\"ListItem\",\"position\":1,\"name\":\"Home\",\"item\":\"https:\/\/www.elementvape.de\/\"},{\"@type\":\"ListItem\",\"position\":2,\"name\":\"Shop\",\"item\":\"https:\/\/www.elementvape.de\/shop\/\"},{\"@type\":\"ListItem\",\"position\":3,\"name\":\"Cherry Soda ELF BOX RGB14000 Erfrischender Kirschgenuss mit stylischem RGB-Design 14000 PUFFS VAPE\"}]},{\"@type\":\"WebSite\",\"@id\":\"https:\/\/www.elementvape.de\/#website\",\"url\":\"https:\/\/www.elementvape.de\/\",\"name\":\"ElementVape.de\",\"description\":\"\",\"publisher\":{\"@id\":\"https:\/\/www.elementvape.de\/#organization\"},\"potentialAction\":[{\"@type\":\"SearchAction\",\"target\":{\"@type\":\"EntryPoint\",\"urlTemplate\":\"https:\/\/www.elementvape.de\/?s={search_term_string}\"},\"query-input\":\"required name=search_term_string\"}],\"inLanguage\":\"it-IT\"},{\"@type\":\"Organization\",\"@id\":\"https:\/\/www.elementvape.de\/#organization\",\"name\":\"ElementVape.DE\",\"url\":\"https:\/\/www.elementvape.de\/\",\"logo\":{\"@type\":\"ImageObject\",\"inLanguage\":\"it-IT\",\"@id\":\"https:\/\/www.elementvape.de\/#\/schema\/logo\/image\/\",\"url\":\"https:\/\/www.elementvape.de\/wp-content\/uploads\/2024\/09\/cropped-1elementvape-3.png\",\"contentUrl\":\"https:\/\/www.elementvape.de\/wp-content\/uploads\/2024\/09\/cropped-1elementvape-3.png\",\"width\":285,\"height\":228,\"caption\":\"ElementVape.DE\"},\"image\":{\"@id\":\"https:\/\/www.elementvape.de\/#\/schema\/logo\/image\/\"}}]}<\/script>\n<!-- \/ Yoast SEO plugin. -->","yoast_head_json":{"title":"Cherry Soda ELF BOX RGB14000 Erfrischender Kirschgenuss mit stylischem RGB-Design 14000 PUFFS VAPE | ElementVape.de","description":"Wir bieten Cherry Soda ELF BOX RGB14000 Erfrischender Kirschgenuss mit stylischem RGB-Design 14000 PUFFS VAPE , Elementvape.de akzeptieren Gro\u00df-und Einzelhandel Bestellungen.","robots":{"index":"index","follow":"follow","max-snippet":"max-snippet:-1","max-image-preview":"max-image-preview:large","max-video-preview":"max-video-preview:-1"},"canonical":"https:\/\/www.elementvape.de\/it\/produkt\/cherry-soda-elf-box-rgb14000-erfrischender-kirschgenuss-mit-stylischem-rgb-design-14000-puffs-vape\/","og_locale":"it_IT","og_type":"article","og_title":"Cherry Soda ELF BOX RGB14000 Erfrischender Kirschgenuss mit stylischem RGB-Design 14000 PUFFS VAPE | ElementVape.de","og_description":"Wir bieten Cherry Soda ELF BOX RGB14000 Erfrischender Kirschgenuss mit stylischem RGB-Design 14000 PUFFS VAPE , Elementvape.de akzeptieren Gro\u00df-und Einzelhandel Bestellungen.","og_url":"https:\/\/www.elementvape.de\/it\/produkt\/cherry-soda-elf-box-rgb14000-erfrischender-kirschgenuss-mit-stylischem-rgb-design-14000-puffs-vape\/","og_site_name":"ElementVape.de","article_modified_time":"2024-12-12T06:34:44+00:00","og_image":[{"width":1000,"height":1000,"url":"https:\/\/www.elementvape.de\/wp-content\/uploads\/2024\/08\/Cherry-Soda_.png","type":"image\/png"}],"twitter_card":"summary_large_image","twitter_misc":{"Est. reading time":"3 minuti"},"schema":{"@context":"https:\/\/schema.org","@graph":[{"@type":"WebPage","@id":"https:\/\/www.elementvape.de\/sv\/produkt\/cherry-soda-elf-box-rgb14000-erfrischender-kirschgenuss-mit-stylischem-rgb-design-14000-puffs-vape\/","url":"https:\/\/www.elementvape.de\/sv\/produkt\/cherry-soda-elf-box-rgb14000-erfrischender-kirschgenuss-mit-stylischem-rgb-design-14000-puffs-vape\/","name":"Cherry Soda ELF BOX RGB14000 Erfrischender Kirschgenuss mit stylischem RGB-Design 14000 PUFFS VAPE | ElementVape.de","isPartOf":{"@id":"https:\/\/www.elementvape.de\/#website"},"primaryImageOfPage":{"@id":"https:\/\/www.elementvape.de\/sv\/produkt\/cherry-soda-elf-box-rgb14000-erfrischender-kirschgenuss-mit-stylischem-rgb-design-14000-puffs-vape\/#primaryimage"},"image":{"@id":"https:\/\/www.elementvape.de\/sv\/produkt\/cherry-soda-elf-box-rgb14000-erfrischender-kirschgenuss-mit-stylischem-rgb-design-14000-puffs-vape\/#primaryimage"},"thumbnailUrl":"https:\/\/www.elementvape.de\/wp-content\/uploads\/2024\/08\/Cherry-Soda_.png","datePublished":"2024-08-19T02:37:09+00:00","dateModified":"2024-12-12T06:34:44+00:00","description":"Wir bieten Cherry Soda ELF BOX RGB14000 Erfrischender Kirschgenuss mit stylischem RGB-Design 14000 PUFFS VAPE , Elementvape.de akzeptieren Gro\u00df-und Einzelhandel Bestellungen.","breadcrumb":{"@id":"https:\/\/www.elementvape.de\/sv\/produkt\/cherry-soda-elf-box-rgb14000-erfrischender-kirschgenuss-mit-stylischem-rgb-design-14000-puffs-vape\/#breadcrumb"},"inLanguage":"it-IT","potentialAction":[{"@type":"ReadAction","target":["https:\/\/www.elementvape.de\/sv\/produkt\/cherry-soda-elf-box-rgb14000-erfrischender-kirschgenuss-mit-stylischem-rgb-design-14000-puffs-vape\/"]}]},{"@type":"ImageObject","inLanguage":"it-IT","@id":"https:\/\/www.elementvape.de\/sv\/produkt\/cherry-soda-elf-box-rgb14000-erfrischender-kirschgenuss-mit-stylischem-rgb-design-14000-puffs-vape\/#primaryimage","url":"https:\/\/www.elementvape.de\/wp-content\/uploads\/2024\/08\/Cherry-Soda_.png","contentUrl":"https:\/\/www.elementvape.de\/wp-content\/uploads\/2024\/08\/Cherry-Soda_.png","width":1000,"height":1000,"caption":"Cherry Soda"},{"@type":"BreadcrumbList","@id":"https:\/\/www.elementvape.de\/sv\/produkt\/cherry-soda-elf-box-rgb14000-erfrischender-kirschgenuss-mit-stylischem-rgb-design-14000-puffs-vape\/#breadcrumb","itemListElement":[{"@type":"ListItem","position":1,"name":"Home","item":"https:\/\/www.elementvape.de\/"},{"@type":"ListItem","position":2,"name":"Shop","item":"https:\/\/www.elementvape.de\/shop\/"},{"@type":"ListItem","position":3,"name":"Cherry Soda ELF BOX RGB14000 Erfrischender Kirschgenuss mit stylischem RGB-Design 14000 PUFFS VAPE"}]},{"@type":"WebSite","@id":"https:\/\/www.elementvape.de\/#website","url":"https:\/\/www.elementvape.de\/","name":"ElementVape.de","description":"","publisher":{"@id":"https:\/\/www.elementvape.de\/#organization"},"potentialAction":[{"@type":"SearchAction","target":{"@type":"EntryPoint","urlTemplate":"https:\/\/www.elementvape.de\/?s={search_term_string}"},"query-input":"required name=search_term_string"}],"inLanguage":"it-IT"},{"@type":"Organization","@id":"https:\/\/www.elementvape.de\/#organization","name":"ElementVape.DE","url":"https:\/\/www.elementvape.de\/","logo":{"@type":"ImageObject","inLanguage":"it-IT","@id":"https:\/\/www.elementvape.de\/#\/schema\/logo\/image\/","url":"https:\/\/www.elementvape.de\/wp-content\/uploads\/2024\/09\/cropped-1elementvape-3.png","contentUrl":"https:\/\/www.elementvape.de\/wp-content\/uploads\/2024\/09\/cropped-1elementvape-3.png","width":285,"height":228,"caption":"ElementVape.DE"},"image":{"@id":"https:\/\/www.elementvape.de\/#\/schema\/logo\/image\/"}}]}},"_links":{"self":[{"href":"https:\/\/www.elementvape.de\/it\/wp-json\/wp\/v2\/product\/13840"}],"collection":[{"href":"https:\/\/www.elementvape.de\/it\/wp-json\/wp\/v2\/product"}],"about":[{"href":"https:\/\/www.elementvape.de\/it\/wp-json\/wp\/v2\/types\/product"}],"wp:featuredmedia":[{"embeddable":true,"href":"https:\/\/www.elementvape.de\/it\/wp-json\/wp\/v2\/media\/13841"}],"wp:attachment":[{"href":"https:\/\/www.elementvape.de\/it\/wp-json\/wp\/v2\/media?parent=13840"}],"wp:term":[{"taxonomy":"product_cat","embeddable":true,"href":"https:\/\/www.elementvape.de\/it\/wp-json\/wp\/v2\/product_cat?post=13840"},{"taxonomy":"product_tag","embeddable":true,"href":"https:\/\/www.elementvape.de\/it\/wp-json\/wp\/v2\/product_tag?post=13840"}],"curies":[{"name":"wp","href":"https:\/\/api.w.org\/{rel}","templated":true}]}}