{"id":13823,"date":"2024-08-17T07:14:27","date_gmt":"2024-08-17T07:14:27","guid":{"rendered":"https:\/\/www.elementvape.de\/?post_type=product&#038;p=13823"},"modified":"2024-12-12T06:34:50","modified_gmt":"2024-12-12T06:34:50","slug":"blue-razz-ice-der-ultimative-kick-aus-blaubeere-und-himbeere-mit-eisiger-frische-elf-box-rgb14000-15000-puffs","status":"publish","type":"product","link":"https:\/\/www.elementvape.de\/it\/produkt\/blue-razz-ice-der-ultimative-kick-aus-blaubeere-und-himbeere-mit-eisiger-frische-elf-box-rgb14000-15000-puffs\/","title":{"rendered":"Blue Razz Ice La scarica definitiva di mirtillo e lampone con freschezza glaciale ELF BOX RGB14000 15000 PUFFS"},"content":{"rendered":"<div class=\"flex-shrink-0 flex flex-col relative items-end\">\n<div>\n<div class=\"pt-0\">\n<div class=\"gizmo-bot-avatar flex h-8 w-8 items-center justify-center overflow-hidden rounded-full\">\n<div class=\"relative p-1 rounded-sm flex items-center justify-center bg-token-main-surface-primary text-token-text-primary h-8 w-8\"><\/div>\n<\/div>\n<\/div>\n<\/div>\n<\/div>\n<div class=\"group\/conversation-turn relative flex w-full min-w-0 flex-col agent-turn\">\n<div class=\"flex-col gap-1 md:gap-3\">\n<div class=\"flex max-w-full flex-col flex-grow\">\n<div class=\"min-h-[20px] text-message flex w-full flex-col items-end gap-2 whitespace-pre-wrap break-words [.text-message+&amp;]:mt-5 overflow-x-auto\" dir=\"auto\" data-message-author-role=\"assistant\" data-message-id=\"8654471f-634f-482b-b738-73c50a5afabb\">\n<div class=\"flex w-full flex-col gap-1 empty:hidden first:pt-[3px]\">\n<div class=\"markdown prose w-full break-words dark:prose-invert light\">\n<h3><strong>ELF BOX RGB14000 \u2013 Specifiche tecniche in sintesi<\/strong><\/h3>\n<p>L'ELF BOX RGB14000 \u00e8 un dispositivo vape moderno, progettato appositamente per un'esperienza di svapo duratura e intensa. Con un massimo di 14.000 puff e una coil mesh innovativa da 1,0 Ohm, questo dispositivo offre un'eccellente espressione del sapore e una produzione di vapore densa. La capacit\u00e0 di liquido elettronico di 25 ml consente un uso prolungato, mentre \u00e8 possibile scegliere tra diverse concentrazioni di N-Strength di 2% e 5% per personalizzare l'esperienza di svapo secondo le proprie preferenze.<\/p>\n<p>Grazie alla potente batteria da 18.250-600mAh, che pu\u00f2 essere ricaricata rapidamente tramite una moderna porta Type-C, l'ELF BOX RGB14000 \u00e8 sempre pronta quando lo sei tu. Inoltre, il dispositivo \u00e8 dotato di una luce RGB stilosa che crea effetti visivi e viene fornito con un cordino colorato, pratico e alla moda. Nonostante la sua potente performance, l'ELF BOX rimane maneggevole e portatile, con un peso di soli 100 g e dimensioni compatte di 35 x 36 x 133,5 mm, cos\u00ec puoi portarla facilmente ovunque.<\/p>\n<h3><strong>Esperienza di gusto \u2013 Blue Razz Ice<\/strong><\/h3>\n<p>L'ELF BOX RGB14000 nella variante di gusto Blue Razz Ice offre un piacere di svapo senza paragoni. Questa miscela speciale combina le note dolci e leggermente acidule di mirtilli e lamponi, arricchite da una fresca e ghiacciata sensazione di freddo. Ogni tiro offre una combinazione armoniosa di fruttato e freschezza, ideale per gli svapatori che preferiscono aromi fruttati e rivitalizzanti.<\/p>\n<p>Con la sua alta capacit\u00e0 e la tecnologia avanzata, l'ELF BOX RGB14000 garantisce di poter godere di questo intenso sapore per un lungo periodo. Il dispositivo non solo offre prestazioni di vapore eccezionali, ma stabilisce anche nuovi standard in termini di design e facilit\u00e0 d'uso. Lasciati conquistare dall'equilibrio perfetto tra dolcezza fruttata e freschezza glaciale, percepibile ad ogni tiro.<\/p>\n<hr \/>\n<h3><strong>ELF BOX RGB14000 \u2013 Specifiche tecniche<\/strong><\/h3>\n<table>\n<thead>\n<tr>\n<th><strong>Caratteristica<\/strong><\/th>\n<th><strong>Dettagli<\/strong><\/th>\n<\/tr>\n<\/thead>\n<tbody>\n<tr>\n<td>Massimo numero di tirate<\/td>\n<td>Fino a 14.000 mosse<\/td>\n<\/tr>\n<tr>\n<td>Tipo di bobina<\/td>\n<td>Mesh-Coil con resistenza di 1,0 Ohm<\/td>\n<\/tr>\n<tr>\n<td>Capacit\u00e0 di E-Liquid<\/td>\n<td>25 ml<\/td>\n<\/tr>\n<tr>\n<td>N<\/td>\n<td>2%, 5%<\/td>\n<\/tr>\n<tr>\n<td>Batteria<\/td>\n<td>18.250-600mAh (ricaricabile)<\/td>\n<\/tr>\n<tr>\n<td>Ricarica<\/td>\n<td>porta Type-C<\/td>\n<\/tr>\n<tr>\n<td>Funzioni speciali<\/td>\n<td>Luce RGB, cordino colorato<\/td>\n<\/tr>\n<tr>\n<td>Peso del prodotto<\/td>\n<td>100 g<\/td>\n<\/tr>\n<tr>\n<td>Dimensione del prodotto<\/td>\n<td>35 x 36 x 133,5 mm<\/td>\n<\/tr>\n<\/tbody>\n<\/table>\n<\/div>\n<\/div>\n<\/div>\n<\/div>\n<\/div>\n<\/div>","protected":false},"excerpt":{"rendered":"<p>ELF BOX RGB14000 &#8211; Technische Daten im \u00dcberblick Die ELF BOX RGB14000 ist ein modernes Vape-Ger\u00e4t, das speziell f\u00fcr ein langanhaltendes und intensives Dampferlebnis entwickelt wurde. Mit einer maximalen Puffanzahl von 14.000 Z\u00fcgen und einem innovativen Mesh-Coil mit 1,0 Ohm Widerstand bietet dieses Ger\u00e4t eine hervorragende Geschmacksentfaltung und eine dichte Dampfproduktion. Die gro\u00dfz\u00fcgige E-Liquid-Kapazit\u00e4t von [&hellip;]<\/p>","protected":false},"featured_media":13792,"template":"","meta":{"inline_featured_image":false},"product_cat":[15,78,747,740,734,753,718,732],"product_tag":[710,674],"tiered_pricing_type":"fixed","tiered_pricing_fixed_rules":{"110":"7.54","200":"6.68","500":"5.85"},"tiered_pricing_percentage_rules":[],"tiered_pricing_minimum":1,"_administrator_tiered_pricing_type":"fixed","_administrator_tiered_pricing_fixed_rules":[],"_editor_tiered_pricing_type":"fixed","_editor_tiered_pricing_fixed_rules":[],"_author_tiered_pricing_type":"fixed","_author_tiered_pricing_fixed_rules":[],"_contributor_tiered_pricing_type":"fixed","_contributor_tiered_pricing_fixed_rules":[],"_subscriber_tiered_pricing_type":"fixed","_subscriber_tiered_pricing_fixed_rules":[],"_customer_tiered_pricing_type":"fixed","_customer_tiered_pricing_fixed_rules":[],"_shop_manager_tiered_pricing_type":"fixed","_shop_manager_tiered_pricing_fixed_rules":[],"_wpseo_manager_tiered_pricing_type":"fixed","_wpseo_manager_tiered_pricing_fixed_rules":[],"_wpseo_editor_tiered_pricing_type":"fixed","_wpseo_editor_tiered_pricing_fixed_rules":[],"_wholesale_customer_tiered_pricing_type":"fixed","_wholesale_customer_tiered_pricing_fixed_rules":[],"_marketer_tiered_pricing_type":"fixed","_marketer_tiered_pricing_fixed_rules":[],"_sales_manager_tiered_pricing_type":"fixed","_sales_manager_tiered_pricing_fixed_rules":[],"_sales_rep_tiered_pricing_type":"fixed","_sales_rep_tiered_pricing_fixed_rules":[],"yoast_head":"<!-- This site is optimized with the Yoast SEO plugin v23.3 - https:\/\/yoast.com\/wordpress\/plugins\/seo\/ -->\n<title>Blue Razz Ice Der ultimative Kick aus Blaubeere und Himbeere mit eisiger Frische ELF BOX RGB14000 15000 PUFFS | ElementVape.de<\/title>\n<meta name=\"description\" content=\"Wir bieten Blue Razz Ice Der ultimative Kick aus Blaubeere und Himbeere mit eisiger Frische ELF BOX RGB14000 15000 PUFFS , Elementvape.de akzeptieren Gro\u00df-und Einzelhandel Bestellungen.\" \/>\n<meta name=\"robots\" content=\"index, follow, max-snippet:-1, max-image-preview:large, max-video-preview:-1\" \/>\n<link rel=\"canonical\" href=\"https:\/\/www.elementvape.de\/it\/produkt\/blue-razz-ice-der-ultimative-kick-aus-blaubeere-und-himbeere-mit-eisiger-frische-elf-box-rgb14000-15000-puffs\/\" \/>\n<meta property=\"og:locale\" content=\"it_IT\" \/>\n<meta property=\"og:type\" content=\"article\" \/>\n<meta property=\"og:title\" content=\"Blue Razz Ice Der ultimative Kick aus Blaubeere und Himbeere mit eisiger Frische ELF BOX RGB14000 15000 PUFFS | ElementVape.de\" \/>\n<meta property=\"og:description\" content=\"Wir bieten Blue Razz Ice Der ultimative Kick aus Blaubeere und Himbeere mit eisiger Frische ELF BOX RGB14000 15000 PUFFS , Elementvape.de akzeptieren Gro\u00df-und Einzelhandel Bestellungen.\" \/>\n<meta property=\"og:url\" content=\"https:\/\/www.elementvape.de\/it\/produkt\/blue-razz-ice-der-ultimative-kick-aus-blaubeere-und-himbeere-mit-eisiger-frische-elf-box-rgb14000-15000-puffs\/\" \/>\n<meta property=\"og:site_name\" content=\"ElementVape.de\" \/>\n<meta property=\"article:modified_time\" content=\"2024-12-12T06:34:50+00:00\" \/>\n<meta property=\"og:image\" content=\"https:\/\/www.elementvape.de\/wp-content\/uploads\/2024\/08\/Blue-Raz-Ice_.png\" \/>\n\t<meta property=\"og:image:width\" content=\"1000\" \/>\n\t<meta property=\"og:image:height\" content=\"1000\" \/>\n\t<meta property=\"og:image:type\" content=\"image\/png\" \/>\n<meta name=\"twitter:card\" content=\"summary_large_image\" \/>\n<meta name=\"twitter:label1\" content=\"Est. reading time\" \/>\n\t<meta name=\"twitter:data1\" content=\"3 minuti\" \/>\n<script type=\"application\/ld+json\" class=\"yoast-schema-graph\">{\"@context\":\"https:\/\/schema.org\",\"@graph\":[{\"@type\":\"WebPage\",\"@id\":\"https:\/\/www.elementvape.de\/produkt\/blue-razz-ice-der-ultimative-kick-aus-blaubeere-und-himbeere-mit-eisiger-frische-elf-box-rgb14000-15000-puffs\/\",\"url\":\"https:\/\/www.elementvape.de\/produkt\/blue-razz-ice-der-ultimative-kick-aus-blaubeere-und-himbeere-mit-eisiger-frische-elf-box-rgb14000-15000-puffs\/\",\"name\":\"Blue Razz Ice Der ultimative Kick aus Blaubeere und Himbeere mit eisiger Frische ELF BOX RGB14000 15000 PUFFS | ElementVape.de\",\"isPartOf\":{\"@id\":\"https:\/\/www.elementvape.de\/#website\"},\"primaryImageOfPage\":{\"@id\":\"https:\/\/www.elementvape.de\/produkt\/blue-razz-ice-der-ultimative-kick-aus-blaubeere-und-himbeere-mit-eisiger-frische-elf-box-rgb14000-15000-puffs\/#primaryimage\"},\"image\":{\"@id\":\"https:\/\/www.elementvape.de\/produkt\/blue-razz-ice-der-ultimative-kick-aus-blaubeere-und-himbeere-mit-eisiger-frische-elf-box-rgb14000-15000-puffs\/#primaryimage\"},\"thumbnailUrl\":\"https:\/\/www.elementvape.de\/wp-content\/uploads\/2024\/08\/Blue-Raz-Ice_.png\",\"datePublished\":\"2024-08-17T07:14:27+00:00\",\"dateModified\":\"2024-12-12T06:34:50+00:00\",\"description\":\"Wir bieten Blue Razz Ice Der ultimative Kick aus Blaubeere und Himbeere mit eisiger Frische ELF BOX RGB14000 15000 PUFFS , Elementvape.de akzeptieren Gro\u00df-und Einzelhandel Bestellungen.\",\"breadcrumb\":{\"@id\":\"https:\/\/www.elementvape.de\/produkt\/blue-razz-ice-der-ultimative-kick-aus-blaubeere-und-himbeere-mit-eisiger-frische-elf-box-rgb14000-15000-puffs\/#breadcrumb\"},\"inLanguage\":\"it-IT\",\"potentialAction\":[{\"@type\":\"ReadAction\",\"target\":[\"https:\/\/www.elementvape.de\/produkt\/blue-razz-ice-der-ultimative-kick-aus-blaubeere-und-himbeere-mit-eisiger-frische-elf-box-rgb14000-15000-puffs\/\"]}]},{\"@type\":\"ImageObject\",\"inLanguage\":\"it-IT\",\"@id\":\"https:\/\/www.elementvape.de\/produkt\/blue-razz-ice-der-ultimative-kick-aus-blaubeere-und-himbeere-mit-eisiger-frische-elf-box-rgb14000-15000-puffs\/#primaryimage\",\"url\":\"https:\/\/www.elementvape.de\/wp-content\/uploads\/2024\/08\/Blue-Raz-Ice_.png\",\"contentUrl\":\"https:\/\/www.elementvape.de\/wp-content\/uploads\/2024\/08\/Blue-Raz-Ice_.png\",\"width\":1000,\"height\":1000,\"caption\":\"Blue Raz Ice\"},{\"@type\":\"BreadcrumbList\",\"@id\":\"https:\/\/www.elementvape.de\/produkt\/blue-razz-ice-der-ultimative-kick-aus-blaubeere-und-himbeere-mit-eisiger-frische-elf-box-rgb14000-15000-puffs\/#breadcrumb\",\"itemListElement\":[{\"@type\":\"ListItem\",\"position\":1,\"name\":\"Home\",\"item\":\"https:\/\/www.elementvape.de\/\"},{\"@type\":\"ListItem\",\"position\":2,\"name\":\"Shop\",\"item\":\"https:\/\/www.elementvape.de\/shop\/\"},{\"@type\":\"ListItem\",\"position\":3,\"name\":\"Blue Razz Ice Der ultimative Kick aus Blaubeere und Himbeere mit eisiger Frische ELF BOX RGB14000 15000 PUFFS\"}]},{\"@type\":\"WebSite\",\"@id\":\"https:\/\/www.elementvape.de\/#website\",\"url\":\"https:\/\/www.elementvape.de\/\",\"name\":\"ElementVape.de\",\"description\":\"\",\"publisher\":{\"@id\":\"https:\/\/www.elementvape.de\/#organization\"},\"potentialAction\":[{\"@type\":\"SearchAction\",\"target\":{\"@type\":\"EntryPoint\",\"urlTemplate\":\"https:\/\/www.elementvape.de\/?s={search_term_string}\"},\"query-input\":\"required name=search_term_string\"}],\"inLanguage\":\"it-IT\"},{\"@type\":\"Organization\",\"@id\":\"https:\/\/www.elementvape.de\/#organization\",\"name\":\"ElementVape.DE\",\"url\":\"https:\/\/www.elementvape.de\/\",\"logo\":{\"@type\":\"ImageObject\",\"inLanguage\":\"it-IT\",\"@id\":\"https:\/\/www.elementvape.de\/#\/schema\/logo\/image\/\",\"url\":\"https:\/\/www.elementvape.de\/wp-content\/uploads\/2024\/09\/cropped-1elementvape-3.png\",\"contentUrl\":\"https:\/\/www.elementvape.de\/wp-content\/uploads\/2024\/09\/cropped-1elementvape-3.png\",\"width\":285,\"height\":228,\"caption\":\"ElementVape.DE\"},\"image\":{\"@id\":\"https:\/\/www.elementvape.de\/#\/schema\/logo\/image\/\"}}]}<\/script>\n<!-- \/ Yoast SEO plugin. -->","yoast_head_json":{"title":"Blue Razz Ice Der ultimative Kick aus Blaubeere und Himbeere mit eisiger Frische ELF BOX RGB14000 15000 PUFFS | ElementVape.de","description":"Wir bieten Blue Razz Ice Der ultimative Kick aus Blaubeere und Himbeere mit eisiger Frische ELF BOX RGB14000 15000 PUFFS , Elementvape.de akzeptieren Gro\u00df-und Einzelhandel Bestellungen.","robots":{"index":"index","follow":"follow","max-snippet":"max-snippet:-1","max-image-preview":"max-image-preview:large","max-video-preview":"max-video-preview:-1"},"canonical":"https:\/\/www.elementvape.de\/it\/produkt\/blue-razz-ice-der-ultimative-kick-aus-blaubeere-und-himbeere-mit-eisiger-frische-elf-box-rgb14000-15000-puffs\/","og_locale":"it_IT","og_type":"article","og_title":"Blue Razz Ice Der ultimative Kick aus Blaubeere und Himbeere mit eisiger Frische ELF BOX RGB14000 15000 PUFFS | ElementVape.de","og_description":"Wir bieten Blue Razz Ice Der ultimative Kick aus Blaubeere und Himbeere mit eisiger Frische ELF BOX RGB14000 15000 PUFFS , Elementvape.de akzeptieren Gro\u00df-und Einzelhandel Bestellungen.","og_url":"https:\/\/www.elementvape.de\/it\/produkt\/blue-razz-ice-der-ultimative-kick-aus-blaubeere-und-himbeere-mit-eisiger-frische-elf-box-rgb14000-15000-puffs\/","og_site_name":"ElementVape.de","article_modified_time":"2024-12-12T06:34:50+00:00","og_image":[{"width":1000,"height":1000,"url":"https:\/\/www.elementvape.de\/wp-content\/uploads\/2024\/08\/Blue-Raz-Ice_.png","type":"image\/png"}],"twitter_card":"summary_large_image","twitter_misc":{"Est. reading time":"3 minuti"},"schema":{"@context":"https:\/\/schema.org","@graph":[{"@type":"WebPage","@id":"https:\/\/www.elementvape.de\/produkt\/blue-razz-ice-der-ultimative-kick-aus-blaubeere-und-himbeere-mit-eisiger-frische-elf-box-rgb14000-15000-puffs\/","url":"https:\/\/www.elementvape.de\/produkt\/blue-razz-ice-der-ultimative-kick-aus-blaubeere-und-himbeere-mit-eisiger-frische-elf-box-rgb14000-15000-puffs\/","name":"Blue Razz Ice Der ultimative Kick aus Blaubeere und Himbeere mit eisiger Frische ELF BOX RGB14000 15000 PUFFS | ElementVape.de","isPartOf":{"@id":"https:\/\/www.elementvape.de\/#website"},"primaryImageOfPage":{"@id":"https:\/\/www.elementvape.de\/produkt\/blue-razz-ice-der-ultimative-kick-aus-blaubeere-und-himbeere-mit-eisiger-frische-elf-box-rgb14000-15000-puffs\/#primaryimage"},"image":{"@id":"https:\/\/www.elementvape.de\/produkt\/blue-razz-ice-der-ultimative-kick-aus-blaubeere-und-himbeere-mit-eisiger-frische-elf-box-rgb14000-15000-puffs\/#primaryimage"},"thumbnailUrl":"https:\/\/www.elementvape.de\/wp-content\/uploads\/2024\/08\/Blue-Raz-Ice_.png","datePublished":"2024-08-17T07:14:27+00:00","dateModified":"2024-12-12T06:34:50+00:00","description":"Wir bieten Blue Razz Ice Der ultimative Kick aus Blaubeere und Himbeere mit eisiger Frische ELF BOX RGB14000 15000 PUFFS , Elementvape.de akzeptieren Gro\u00df-und Einzelhandel Bestellungen.","breadcrumb":{"@id":"https:\/\/www.elementvape.de\/produkt\/blue-razz-ice-der-ultimative-kick-aus-blaubeere-und-himbeere-mit-eisiger-frische-elf-box-rgb14000-15000-puffs\/#breadcrumb"},"inLanguage":"it-IT","potentialAction":[{"@type":"ReadAction","target":["https:\/\/www.elementvape.de\/produkt\/blue-razz-ice-der-ultimative-kick-aus-blaubeere-und-himbeere-mit-eisiger-frische-elf-box-rgb14000-15000-puffs\/"]}]},{"@type":"ImageObject","inLanguage":"it-IT","@id":"https:\/\/www.elementvape.de\/produkt\/blue-razz-ice-der-ultimative-kick-aus-blaubeere-und-himbeere-mit-eisiger-frische-elf-box-rgb14000-15000-puffs\/#primaryimage","url":"https:\/\/www.elementvape.de\/wp-content\/uploads\/2024\/08\/Blue-Raz-Ice_.png","contentUrl":"https:\/\/www.elementvape.de\/wp-content\/uploads\/2024\/08\/Blue-Raz-Ice_.png","width":1000,"height":1000,"caption":"Blue Raz Ice"},{"@type":"BreadcrumbList","@id":"https:\/\/www.elementvape.de\/produkt\/blue-razz-ice-der-ultimative-kick-aus-blaubeere-und-himbeere-mit-eisiger-frische-elf-box-rgb14000-15000-puffs\/#breadcrumb","itemListElement":[{"@type":"ListItem","position":1,"name":"Home","item":"https:\/\/www.elementvape.de\/"},{"@type":"ListItem","position":2,"name":"Shop","item":"https:\/\/www.elementvape.de\/shop\/"},{"@type":"ListItem","position":3,"name":"Blue Razz Ice Der ultimative Kick aus Blaubeere und Himbeere mit eisiger Frische ELF BOX RGB14000 15000 PUFFS"}]},{"@type":"WebSite","@id":"https:\/\/www.elementvape.de\/#website","url":"https:\/\/www.elementvape.de\/","name":"ElementVape.de","description":"","publisher":{"@id":"https:\/\/www.elementvape.de\/#organization"},"potentialAction":[{"@type":"SearchAction","target":{"@type":"EntryPoint","urlTemplate":"https:\/\/www.elementvape.de\/?s={search_term_string}"},"query-input":"required name=search_term_string"}],"inLanguage":"it-IT"},{"@type":"Organization","@id":"https:\/\/www.elementvape.de\/#organization","name":"ElementVape.DE","url":"https:\/\/www.elementvape.de\/","logo":{"@type":"ImageObject","inLanguage":"it-IT","@id":"https:\/\/www.elementvape.de\/#\/schema\/logo\/image\/","url":"https:\/\/www.elementvape.de\/wp-content\/uploads\/2024\/09\/cropped-1elementvape-3.png","contentUrl":"https:\/\/www.elementvape.de\/wp-content\/uploads\/2024\/09\/cropped-1elementvape-3.png","width":285,"height":228,"caption":"ElementVape.DE"},"image":{"@id":"https:\/\/www.elementvape.de\/#\/schema\/logo\/image\/"}}]}},"_links":{"self":[{"href":"https:\/\/www.elementvape.de\/it\/wp-json\/wp\/v2\/product\/13823"}],"collection":[{"href":"https:\/\/www.elementvape.de\/it\/wp-json\/wp\/v2\/product"}],"about":[{"href":"https:\/\/www.elementvape.de\/it\/wp-json\/wp\/v2\/types\/product"}],"wp:featuredmedia":[{"embeddable":true,"href":"https:\/\/www.elementvape.de\/it\/wp-json\/wp\/v2\/media\/13792"}],"wp:attachment":[{"href":"https:\/\/www.elementvape.de\/it\/wp-json\/wp\/v2\/media?parent=13823"}],"wp:term":[{"taxonomy":"product_cat","embeddable":true,"href":"https:\/\/www.elementvape.de\/it\/wp-json\/wp\/v2\/product_cat?post=13823"},{"taxonomy":"product_tag","embeddable":true,"href":"https:\/\/www.elementvape.de\/it\/wp-json\/wp\/v2\/product_tag?post=13823"}],"curies":[{"name":"wp","href":"https:\/\/api.w.org\/{rel}","templated":true}]}}