{"id":13114,"date":"2024-06-25T09:19:24","date_gmt":"2024-06-25T09:19:24","guid":{"rendered":"https:\/\/www.elementvape.de\/?post_type=product&#038;p=13114"},"modified":"2024-09-12T10:28:51","modified_gmt":"2024-09-12T10:28:51","slug":"uwell-caliburn-gz2-cyber-pod-system-kit","status":"publish","type":"product","link":"https:\/\/www.elementvape.de\/it\/produkt\/uwell-caliburn-gz2-cyber-pod-system-kit\/","title":{"rendered":"Kit del sistema Pod Uwell Caliburn GZ2 Cyber"},"content":{"rendered":"<div class=\"flex-shrink-0 flex flex-col relative items-end\">\n<div>\n<div class=\"pt-0.5 juice:pt-0\">\n<div class=\"gizmo-bot-avatar flex h-6 w-6 items-center justify-center overflow-hidden rounded-full juice:h-8 juice:w-8\">\n<div class=\"relative p-1 rounded-sm flex items-center justify-center bg-token-main-surface-primary text-token-text-primary h-8 w-8\"><\/div>\n<\/div>\n<\/div>\n<\/div>\n<\/div>\n<div class=\"group\/conversation-turn relative flex w-full min-w-0 flex-col agent-turn\">\n<div class=\"flex-col gap-1 md:gap-3\">\n<div class=\"flex flex-grow flex-col max-w-full\">\n<div class=\"min-h-[20px] text-message flex flex-col items-start whitespace-pre-wrap break-words [.text-message+&amp;]:mt-5 juice:w-full juice:items-end overflow-x-auto gap-2\" dir=\"auto\" data-message-author-role=\"assistant\" data-message-id=\"7b3aa169-ddec-4d00-b16b-39eb5c0891f6\">\n<div class=\"flex w-full flex-col gap-1 juice:empty:hidden juice:first:pt-[3px]\">\n<div class=\"markdown prose w-full break-words dark:prose-invert light\">\n<h3>Uwell Caliburn GZ2 Cyber \u2013 Il sistema a pod elegante e innovativo<\/h3>\n<p>Uwell presenta con orgoglio il suo prodotto pi\u00f9 recente, il sistema a pod CALIBURN GZ2 Cyber. Questo dispositivo si distingue per il suo design moderno e le sue caratteristiche innovative. Rispetto al kit Caliburn GZ2, il modello Cyber utilizza materiali pi\u00f9 trasparenti e integra luci RGB in stile Tron, per incarnare lo spirito cyberpunk. Questi elementi visivi rendono il CALIBURN GZ2 Cyber un punto di attrazione per chi cerca un'esperienza di svapo non solo funzionale, ma anche stilosa.<\/p>\n<h3>Potente e facile da usare<\/h3>\n<p>La batteria integrata da 850 mAh del CALIBURN GZ2 Cyber supporta la ricarica rapida da 2A, consentendo una ricarica veloce ed efficiente. Con una potenza massima di 17 W, questo sistema a pod offre prestazioni eccellenti per un'esperienza di svapo soddisfacente. La capacit\u00e0 del liquido elettronico \u00e8 di 2,5 ml e il dispositivo dispone di una finestra trasparente che permette agli utenti di controllare sempre lo stato del liquido. Ci\u00f2 garantisce un monitoraggio costante e evita spiacevoli sorprese dovute a pod vuoti.<\/p>\n<h3>Dati tecnici e compatibilit\u00e0<\/h3>\n<p>Il CALIBURN GZ2 Cyber \u00e8 realizzato con materiali di alta qualit\u00e0: lega di alluminio e PC per il dispositivo, e PCTG per la cartuccia. Le dimensioni di 28,9 mm \u00d7 22,9 mm \u00d7 72,5 mm e il peso netto di circa 47 g rendono il dispositivo compatto e leggero, ideale per l'uso quotidiano. \u00c8 compatibile con diverse specifiche di coil, tra cui:<\/p>\n<ul>\n<li>Spira FeCrAl UN2 Mesh 0,8 \u03a9 CALIBURN G coil (gi\u00e0 installata)<\/li>\n<li>Spira FeCrAl UN2 Mesh 1,2 \u03a9 CALIBURN G2 coil (sostituzione)<\/li>\n<li>FeCrAl 1,0 \u03a9 bobina CALIBURN G (disponibile separatamente)<\/li>\n<\/ul>\n<h3>Contenuto della confezione del kit Uwell Caliburn GZ2 Cyber Pod System<\/h3>\n<p>La confezione del kit Uwell Caliburn GZ2 Cyber Pod System include tutto il necessario per iniziare subito:<\/p>\n<ul>\n<li>1 x dispositivo CALIBURN GZ2 Cyber<\/li>\n<li>1 x cartuccia vuota CALIBURN G2<\/li>\n<li>1 x bobina FeCrAl UN2 Mesh 0,8 \u03a9 CALIBURN G (gi\u00e0 installata)<\/li>\n<li>1 x coil CALIBURN G2 Mesh 1,2 \u03a9 UN2 (sostituzione)<\/li>\n<li>1 x Manuale utente<\/li>\n<li>1 x Cavo di ricarica Type-C<\/li>\n<\/ul>\n<p>Il sistema a pod Uwell Caliburn GZ2 Cyber \u00e8 un'ottima scelta per chi cerca un'esperienza di svapo moderna e potente. Con il suo aspetto elegante, le luci RGB in stile Tron e le funzioni facili da usare, offre non solo un elemento visivo di grande impatto, ma anche alte prestazioni. La semplice verifica dello stato del liquido e la ricarica rapida rendono il dispositivo particolarmente pratico per l'uso quotidiano. Sia per principianti che per svapatori esperti, il CALIBURN GZ2 Cyber sapr\u00e0 sicuramente convincere.<\/p>\n<\/div>\n<\/div>\n<\/div>\n<\/div>\n<\/div>\n<\/div>","protected":false},"excerpt":{"rendered":"<p>Uwell Caliburn GZ2 Cyber \u2013 Das stylische und innovative Pod-System Uwell pr\u00e4sentiert stolz sein neuestes Produkt, das CALIBURN GZ2 Cyber Pod System. Dieses Ger\u00e4t zeichnet sich durch sein modernes Design und innovative Features aus. Im Vergleich zum Caliburn GZ2-Kit verwendet das Cyber-Modell transparentere Materialien und integriert RGB-Lichter im Tron-Stil, um den Cyberpunk-Geist zu verk\u00f6rpern. Diese [&hellip;]<\/p>","protected":false},"featured_media":13119,"template":"","meta":{"inline_featured_image":false},"product_cat":[747,740,734,753,76],"product_tag":[],"tiered_pricing_type":"fixed","tiered_pricing_fixed_rules":[],"tiered_pricing_percentage_rules":[],"tiered_pricing_minimum":1,"_administrator_tiered_pricing_type":"fixed","_administrator_tiered_pricing_fixed_rules":[],"_editor_tiered_pricing_type":"fixed","_editor_tiered_pricing_fixed_rules":[],"_author_tiered_pricing_type":"fixed","_author_tiered_pricing_fixed_rules":[],"_contributor_tiered_pricing_type":"fixed","_contributor_tiered_pricing_fixed_rules":[],"_subscriber_tiered_pricing_type":"fixed","_subscriber_tiered_pricing_fixed_rules":[],"_customer_tiered_pricing_type":"fixed","_customer_tiered_pricing_fixed_rules":[],"_shop_manager_tiered_pricing_type":"fixed","_shop_manager_tiered_pricing_fixed_rules":[],"_wpseo_manager_tiered_pricing_type":"fixed","_wpseo_manager_tiered_pricing_fixed_rules":[],"_wpseo_editor_tiered_pricing_type":"fixed","_wpseo_editor_tiered_pricing_fixed_rules":[],"_wholesale_customer_tiered_pricing_type":"fixed","_wholesale_customer_tiered_pricing_fixed_rules":[],"_marketer_tiered_pricing_type":"fixed","_marketer_tiered_pricing_fixed_rules":[],"_sales_manager_tiered_pricing_type":"fixed","_sales_manager_tiered_pricing_fixed_rules":[],"_sales_rep_tiered_pricing_type":"fixed","_sales_rep_tiered_pricing_fixed_rules":[],"yoast_head":"<!-- This site is optimized with the Yoast SEO plugin v23.3 - https:\/\/yoast.com\/wordpress\/plugins\/seo\/ -->\n<title>Uwell Caliburn GZ2 Cyber Pod System Kit | ElementVape.de<\/title>\n<meta name=\"description\" content=\"Wir bieten Uwell Caliburn GZ2 Cyber Pod System Kit , Elementvape.de akzeptieren Gro\u00df-und Einzelhandel Bestellungen.\" \/>\n<meta name=\"robots\" content=\"index, follow, max-snippet:-1, max-image-preview:large, max-video-preview:-1\" \/>\n<link rel=\"canonical\" href=\"https:\/\/www.elementvape.de\/it\/produkt\/uwell-caliburn-gz2-cyber-pod-system-kit\/\" \/>\n<meta property=\"og:locale\" content=\"it_IT\" \/>\n<meta property=\"og:type\" content=\"article\" \/>\n<meta property=\"og:title\" content=\"Uwell Caliburn GZ2 Cyber Pod System Kit | ElementVape.de\" \/>\n<meta property=\"og:description\" content=\"Wir bieten Uwell Caliburn GZ2 Cyber Pod System Kit , Elementvape.de akzeptieren Gro\u00df-und Einzelhandel Bestellungen.\" \/>\n<meta property=\"og:url\" content=\"https:\/\/www.elementvape.de\/it\/produkt\/uwell-caliburn-gz2-cyber-pod-system-kit\/\" \/>\n<meta property=\"og:site_name\" content=\"ElementVape.de\" \/>\n<meta property=\"article:modified_time\" content=\"2024-09-12T10:28:51+00:00\" \/>\n<meta property=\"og:image\" content=\"https:\/\/www.elementvape.de\/wp-content\/uploads\/2024\/06\/Uwell-Caliburn-GZ2-Cyber-Pod-System-Kit-02.jpg\" \/>\n\t<meta property=\"og:image:width\" content=\"800\" \/>\n\t<meta property=\"og:image:height\" content=\"800\" \/>\n\t<meta property=\"og:image:type\" content=\"image\/jpeg\" \/>\n<meta name=\"twitter:card\" content=\"summary_large_image\" \/>\n<meta name=\"twitter:label1\" content=\"Est. reading time\" \/>\n\t<meta name=\"twitter:data1\" content=\"3 minuti\" \/>\n<script type=\"application\/ld+json\" class=\"yoast-schema-graph\">{\"@context\":\"https:\/\/schema.org\",\"@graph\":[{\"@type\":\"WebPage\",\"@id\":\"https:\/\/www.elementvape.de\/et\/produkt\/uwell-caliburn-gz2-cyber-pod-system-kit\/\",\"url\":\"https:\/\/www.elementvape.de\/et\/produkt\/uwell-caliburn-gz2-cyber-pod-system-kit\/\",\"name\":\"Uwell Caliburn GZ2 Cyber Pod System Kit | ElementVape.de\",\"isPartOf\":{\"@id\":\"https:\/\/www.elementvape.de\/#website\"},\"primaryImageOfPage\":{\"@id\":\"https:\/\/www.elementvape.de\/et\/produkt\/uwell-caliburn-gz2-cyber-pod-system-kit\/#primaryimage\"},\"image\":{\"@id\":\"https:\/\/www.elementvape.de\/et\/produkt\/uwell-caliburn-gz2-cyber-pod-system-kit\/#primaryimage\"},\"thumbnailUrl\":\"https:\/\/www.elementvape.de\/wp-content\/uploads\/2024\/06\/Uwell-Caliburn-GZ2-Cyber-Pod-System-Kit-02.jpg\",\"datePublished\":\"2024-06-25T09:19:24+00:00\",\"dateModified\":\"2024-09-12T10:28:51+00:00\",\"description\":\"Wir bieten Uwell Caliburn GZ2 Cyber Pod System Kit , Elementvape.de akzeptieren Gro\u00df-und Einzelhandel Bestellungen.\",\"breadcrumb\":{\"@id\":\"https:\/\/www.elementvape.de\/et\/produkt\/uwell-caliburn-gz2-cyber-pod-system-kit\/#breadcrumb\"},\"inLanguage\":\"it-IT\",\"potentialAction\":[{\"@type\":\"ReadAction\",\"target\":[\"https:\/\/www.elementvape.de\/et\/produkt\/uwell-caliburn-gz2-cyber-pod-system-kit\/\"]}]},{\"@type\":\"ImageObject\",\"inLanguage\":\"it-IT\",\"@id\":\"https:\/\/www.elementvape.de\/et\/produkt\/uwell-caliburn-gz2-cyber-pod-system-kit\/#primaryimage\",\"url\":\"https:\/\/www.elementvape.de\/wp-content\/uploads\/2024\/06\/Uwell-Caliburn-GZ2-Cyber-Pod-System-Kit-02.jpg\",\"contentUrl\":\"https:\/\/www.elementvape.de\/wp-content\/uploads\/2024\/06\/Uwell-Caliburn-GZ2-Cyber-Pod-System-Kit-02.jpg\",\"width\":800,\"height\":800,\"caption\":\"Uwell-Caliburn-GZ2-Cyber-Pod-System-Kit-02\"},{\"@type\":\"BreadcrumbList\",\"@id\":\"https:\/\/www.elementvape.de\/et\/produkt\/uwell-caliburn-gz2-cyber-pod-system-kit\/#breadcrumb\",\"itemListElement\":[{\"@type\":\"ListItem\",\"position\":1,\"name\":\"Home\",\"item\":\"https:\/\/www.elementvape.de\/\"},{\"@type\":\"ListItem\",\"position\":2,\"name\":\"Shop\",\"item\":\"https:\/\/www.elementvape.de\/shop\/\"},{\"@type\":\"ListItem\",\"position\":3,\"name\":\"Uwell Caliburn GZ2 Cyber Pod System Kit\"}]},{\"@type\":\"WebSite\",\"@id\":\"https:\/\/www.elementvape.de\/#website\",\"url\":\"https:\/\/www.elementvape.de\/\",\"name\":\"ElementVape.de\",\"description\":\"\",\"publisher\":{\"@id\":\"https:\/\/www.elementvape.de\/#organization\"},\"potentialAction\":[{\"@type\":\"SearchAction\",\"target\":{\"@type\":\"EntryPoint\",\"urlTemplate\":\"https:\/\/www.elementvape.de\/?s={search_term_string}\"},\"query-input\":\"required name=search_term_string\"}],\"inLanguage\":\"it-IT\"},{\"@type\":\"Organization\",\"@id\":\"https:\/\/www.elementvape.de\/#organization\",\"name\":\"ElementVape.DE\",\"url\":\"https:\/\/www.elementvape.de\/\",\"logo\":{\"@type\":\"ImageObject\",\"inLanguage\":\"it-IT\",\"@id\":\"https:\/\/www.elementvape.de\/#\/schema\/logo\/image\/\",\"url\":\"https:\/\/www.elementvape.de\/wp-content\/uploads\/2024\/09\/cropped-1elementvape-3.png\",\"contentUrl\":\"https:\/\/www.elementvape.de\/wp-content\/uploads\/2024\/09\/cropped-1elementvape-3.png\",\"width\":285,\"height\":228,\"caption\":\"ElementVape.DE\"},\"image\":{\"@id\":\"https:\/\/www.elementvape.de\/#\/schema\/logo\/image\/\"}}]}<\/script>\n<!-- \/ Yoast SEO plugin. -->","yoast_head_json":{"title":"Uwell Caliburn GZ2 Cyber Pod System Kit | ElementVape.de","description":"Wir bieten Uwell Caliburn GZ2 Cyber Pod System Kit , Elementvape.de akzeptieren Gro\u00df-und Einzelhandel Bestellungen.","robots":{"index":"index","follow":"follow","max-snippet":"max-snippet:-1","max-image-preview":"max-image-preview:large","max-video-preview":"max-video-preview:-1"},"canonical":"https:\/\/www.elementvape.de\/it\/produkt\/uwell-caliburn-gz2-cyber-pod-system-kit\/","og_locale":"it_IT","og_type":"article","og_title":"Uwell Caliburn GZ2 Cyber Pod System Kit | ElementVape.de","og_description":"Wir bieten Uwell Caliburn GZ2 Cyber Pod System Kit , Elementvape.de akzeptieren Gro\u00df-und Einzelhandel Bestellungen.","og_url":"https:\/\/www.elementvape.de\/it\/produkt\/uwell-caliburn-gz2-cyber-pod-system-kit\/","og_site_name":"ElementVape.de","article_modified_time":"2024-09-12T10:28:51+00:00","og_image":[{"width":800,"height":800,"url":"https:\/\/www.elementvape.de\/wp-content\/uploads\/2024\/06\/Uwell-Caliburn-GZ2-Cyber-Pod-System-Kit-02.jpg","type":"image\/jpeg"}],"twitter_card":"summary_large_image","twitter_misc":{"Est. reading time":"3 minuti"},"schema":{"@context":"https:\/\/schema.org","@graph":[{"@type":"WebPage","@id":"https:\/\/www.elementvape.de\/et\/produkt\/uwell-caliburn-gz2-cyber-pod-system-kit\/","url":"https:\/\/www.elementvape.de\/et\/produkt\/uwell-caliburn-gz2-cyber-pod-system-kit\/","name":"Uwell Caliburn GZ2 Cyber Pod System Kit | ElementVape.de","isPartOf":{"@id":"https:\/\/www.elementvape.de\/#website"},"primaryImageOfPage":{"@id":"https:\/\/www.elementvape.de\/et\/produkt\/uwell-caliburn-gz2-cyber-pod-system-kit\/#primaryimage"},"image":{"@id":"https:\/\/www.elementvape.de\/et\/produkt\/uwell-caliburn-gz2-cyber-pod-system-kit\/#primaryimage"},"thumbnailUrl":"https:\/\/www.elementvape.de\/wp-content\/uploads\/2024\/06\/Uwell-Caliburn-GZ2-Cyber-Pod-System-Kit-02.jpg","datePublished":"2024-06-25T09:19:24+00:00","dateModified":"2024-09-12T10:28:51+00:00","description":"Wir bieten Uwell Caliburn GZ2 Cyber Pod System Kit , Elementvape.de akzeptieren Gro\u00df-und Einzelhandel Bestellungen.","breadcrumb":{"@id":"https:\/\/www.elementvape.de\/et\/produkt\/uwell-caliburn-gz2-cyber-pod-system-kit\/#breadcrumb"},"inLanguage":"it-IT","potentialAction":[{"@type":"ReadAction","target":["https:\/\/www.elementvape.de\/et\/produkt\/uwell-caliburn-gz2-cyber-pod-system-kit\/"]}]},{"@type":"ImageObject","inLanguage":"it-IT","@id":"https:\/\/www.elementvape.de\/et\/produkt\/uwell-caliburn-gz2-cyber-pod-system-kit\/#primaryimage","url":"https:\/\/www.elementvape.de\/wp-content\/uploads\/2024\/06\/Uwell-Caliburn-GZ2-Cyber-Pod-System-Kit-02.jpg","contentUrl":"https:\/\/www.elementvape.de\/wp-content\/uploads\/2024\/06\/Uwell-Caliburn-GZ2-Cyber-Pod-System-Kit-02.jpg","width":800,"height":800,"caption":"Uwell-Caliburn-GZ2-Cyber-Pod-System-Kit-02"},{"@type":"BreadcrumbList","@id":"https:\/\/www.elementvape.de\/et\/produkt\/uwell-caliburn-gz2-cyber-pod-system-kit\/#breadcrumb","itemListElement":[{"@type":"ListItem","position":1,"name":"Home","item":"https:\/\/www.elementvape.de\/"},{"@type":"ListItem","position":2,"name":"Shop","item":"https:\/\/www.elementvape.de\/shop\/"},{"@type":"ListItem","position":3,"name":"Uwell Caliburn GZ2 Cyber Pod System Kit"}]},{"@type":"WebSite","@id":"https:\/\/www.elementvape.de\/#website","url":"https:\/\/www.elementvape.de\/","name":"ElementVape.de","description":"","publisher":{"@id":"https:\/\/www.elementvape.de\/#organization"},"potentialAction":[{"@type":"SearchAction","target":{"@type":"EntryPoint","urlTemplate":"https:\/\/www.elementvape.de\/?s={search_term_string}"},"query-input":"required name=search_term_string"}],"inLanguage":"it-IT"},{"@type":"Organization","@id":"https:\/\/www.elementvape.de\/#organization","name":"ElementVape.DE","url":"https:\/\/www.elementvape.de\/","logo":{"@type":"ImageObject","inLanguage":"it-IT","@id":"https:\/\/www.elementvape.de\/#\/schema\/logo\/image\/","url":"https:\/\/www.elementvape.de\/wp-content\/uploads\/2024\/09\/cropped-1elementvape-3.png","contentUrl":"https:\/\/www.elementvape.de\/wp-content\/uploads\/2024\/09\/cropped-1elementvape-3.png","width":285,"height":228,"caption":"ElementVape.DE"},"image":{"@id":"https:\/\/www.elementvape.de\/#\/schema\/logo\/image\/"}}]}},"_links":{"self":[{"href":"https:\/\/www.elementvape.de\/it\/wp-json\/wp\/v2\/product\/13114"}],"collection":[{"href":"https:\/\/www.elementvape.de\/it\/wp-json\/wp\/v2\/product"}],"about":[{"href":"https:\/\/www.elementvape.de\/it\/wp-json\/wp\/v2\/types\/product"}],"wp:featuredmedia":[{"embeddable":true,"href":"https:\/\/www.elementvape.de\/it\/wp-json\/wp\/v2\/media\/13119"}],"wp:attachment":[{"href":"https:\/\/www.elementvape.de\/it\/wp-json\/wp\/v2\/media?parent=13114"}],"wp:term":[{"taxonomy":"product_cat","embeddable":true,"href":"https:\/\/www.elementvape.de\/it\/wp-json\/wp\/v2\/product_cat?post=13114"},{"taxonomy":"product_tag","embeddable":true,"href":"https:\/\/www.elementvape.de\/it\/wp-json\/wp\/v2\/product_tag?post=13114"}],"curies":[{"name":"wp","href":"https:\/\/api.w.org\/{rel}","templated":true}]}}