{"id":12726,"date":"2024-06-20T10:25:47","date_gmt":"2024-06-20T10:25:47","guid":{"rendered":"https:\/\/www.elementvape.de\/?post_type=product&#038;p=12726"},"modified":"2024-09-12T10:35:46","modified_gmt":"2024-09-12T10:35:46","slug":"wotofo-mdura-pro-230w-mod-kit","status":"publish","type":"product","link":"https:\/\/www.elementvape.de\/it\/produkt\/wotofo-mdura-pro-230w-mod-kit\/","title":{"rendered":"Kit Mod Wotofo MDura Pro 230W"},"content":{"rendered":"<div class=\"flex-shrink-0 flex flex-col relative items-end\">\n<div>\n<div class=\"pt-0.5 juice:pt-0\">\n<div class=\"gizmo-bot-avatar flex h-6 w-6 items-center justify-center overflow-hidden rounded-full juice:h-8 juice:w-8\">\n<div class=\"relative p-1 rounded-sm flex items-center justify-center bg-token-main-surface-primary text-token-text-primary h-8 w-8\"><\/div>\n<\/div>\n<\/div>\n<\/div>\n<\/div>\n<div class=\"group\/conversation-turn relative flex w-full min-w-0 flex-col agent-turn\">\n<div class=\"flex-col gap-1 md:gap-3\">\n<div class=\"flex flex-grow flex-col max-w-full\">\n<div class=\"min-h-[20px] text-message flex flex-col items-start whitespace-pre-wrap break-words [.text-message+&amp;]:mt-5 juice:w-full juice:items-end overflow-x-auto gap-2\" dir=\"auto\" data-message-author-role=\"assistant\" data-message-id=\"8a07a21f-9b18-44ae-8056-c09141d03353\">\n<div class=\"flex w-full flex-col gap-1 juice:empty:hidden juice:first:pt-[3px]\">\n<div class=\"markdown prose w-full break-words dark:prose-invert light\">\n<h3>Wotofo MDURA Pro 230W Kit di Avviamento: Vaping Potente per gli Esigenti<\/h3>\n<p>Il Wotofo MDURA Pro 230W Kit di Avviamento \u00e8 la scelta perfetta per gli appassionati di vaping che cercano un dispositivo robusto e potente. Con una potenza di uscita impressionante di 230W, regolazione avanzata della temperatura e la capacit\u00e0 di utilizzare diverse coil, l'MDURA Pro offre un'esperienza di svapo di prima classe, adatta sia ai principianti che ai vapori esperti.<\/p>\n<h4>Design Robusto e Durevole<\/h4>\n<p>Il corpo del kit MDURA Pro \u00e8 realizzato in una lega di zinco di alta qualit\u00e0 e dotato di accenti gommati, che lo rendono resistente a lievi cadute e urti. Grazie alla certificazione IP67, l'MDURA Pro \u00e8 resistente a polvere e acqua, e anche agli urti, proteggendo il chip avanzato nexCHIP al suo interno e garantendo una lunga durata del dispositivo.<\/p>\n<h4>Funzionalit\u00e0 Potenti<\/h4>\n<ul>\n<li><strong>Potenza in uscita<\/strong>: Con una potenza massima di 230W, l'MDURA Pro offre energia sufficiente per un'esperienza di svapo intensa. Le modalit\u00e0 di potenza STANDARD, POWER e POWER+ permettono di regolare la potenza esattamente secondo le proprie preferenze.<\/li>\n<li><strong>Regolazione della Temperatura<\/strong>: Per chi desidera controllare con precisione il vapore, l'MDURA Pro offre una regolazione della temperatura raffinata, compatibile con fili di Nickel, Titanio e Acciaio Inox. L'intervallo di temperatura va da 200\u00b0F a 600\u00b0F (100\u00b0C a 315\u00b0C), supportando una vasta gamma di stili di svapo.<\/li>\n<li><strong>Batterie Dual 18650<\/strong>: Il dispositivo \u00e8 alimentato da due batterie ad alte prestazioni 18650 (non incluse), che possono essere ricaricate rapidamente tramite una porta Type-C da 2A.<\/li>\n<\/ul>\n<h4>Wotofo nexMESH Pro Serbatoio Sub-Ohm<\/h4>\n<p>In combinazione con il serbatoio Wotofo nexMESH Pro Sub-Ohm, \u00e8 possibile utilizzare le numerose coil offerte per trovare lo stile di svapo preferito. Il serbatoio ha una capacit\u00e0 di 6 ml e supporta diverse coil:<\/p>\n<ul>\n<li><strong>Resistenza H12 Clapton da 0,2 Ohm<\/strong><\/li>\n<li><strong>Resistenza H15 Single Mesh &amp; Parallel da 0,15 Ohm<\/strong><\/li>\n<\/ul>\n<h4>Specifiche tecniche<\/h4>\n<ul>\n<li><strong>Dimensioni del Mod<\/strong>: 47,4 mm x 88,1 mm x 33,1 mm<\/li>\n<li><strong>Materiale del case<\/strong>: Lega di zinco + gomma<\/li>\n<li><strong>Display<\/strong>: Schermo TFT da 1,2 pollici<\/li>\n<li><strong>Tipo di batteria<\/strong>: Batteria doppia 18650 (non inclusa)<\/li>\n<li><strong>Gamma di resistenza<\/strong>: 0,10 Ohm \u2013 2,50 Ohm<\/li>\n<li><strong>Gamma di potenza<\/strong>: 5 W \u2013 230 W (VW)\/10 \u2013 230 W (TC)<\/li>\n<li><strong>Intervallo di temperatura<\/strong>: 200\u00b0F \u2013 600\u00b0F \/ 100\u00b0C \u2013 315\u00b0C<\/li>\n<li><strong>Porta di ricarica<\/strong>: Tipo C<\/li>\n<li><strong>Corrente di ricarica<\/strong>: DC 5 V\/2 A<\/li>\n<li><strong>: Connessione atomizzatore<\/strong>: Connessione 510<\/li>\n<\/ul>\n<h4>Lista di imballaggio<\/h4>\n<ul>\n<li>1 x Mod MDura Pro<\/li>\n<li>1 x Serbatoio nexMESH Pro<\/li>\n<li>1 x Bobina Clapton H12 da 0,2 Ohm<\/li>\n<li>1 x Bobina singola mesh &amp; parallela H15 da 0,15 Ohm<\/li>\n<li>1 x Tubo di vetro a bolla<\/li>\n<li>1 x Cavo di ricarica Type-C<\/li>\n<li>1 x Borsa per accessori<\/li>\n<li>1 x Manuale utente<\/li>\n<\/ul>\n<p>Il kit di avviamento Wotofo MDURA Pro 230W \u00e8 la scelta definitiva per gli svapatori esigenti che cercano un dispositivo potente e durevole. Acquista ora su VapeWholesaleGlobal e approfitta dei migliori prezzi all'ingrosso per prodotti di alta qualit\u00e0 per svapare.<\/p>\n<\/div>\n<\/div>\n<\/div>\n<\/div>\n<\/div>\n<\/div>","protected":false},"excerpt":{"rendered":"<p>Wotofo MDURA Pro 230W Starter Kit: Leistungsstarkes Vaping f\u00fcr Anspruchsvolle Der Wotofo MDURA Pro 230W Starter Kit ist die perfekte Wahl f\u00fcr Vaping-Enthusiasten, die nach einem robusten und leistungsstarken Ger\u00e4t suchen. Mit seiner beeindruckenden Ausgangsleistung von 230W, fortschrittlicher Temperaturregelung und der F\u00e4higkeit, verschiedene Wicklungen zu nutzen, bietet das MDURA Pro ein erstklassiges Dampferlebnis, das sowohl [&hellip;]<\/p>","protected":false},"featured_media":12732,"template":"","meta":{"inline_featured_image":false},"product_cat":[15,754,745,742,748,744,755,738,751,77],"product_tag":[],"tiered_pricing_type":"fixed","tiered_pricing_fixed_rules":[],"tiered_pricing_percentage_rules":[],"tiered_pricing_minimum":1,"_administrator_tiered_pricing_type":"fixed","_administrator_tiered_pricing_fixed_rules":[],"_editor_tiered_pricing_type":"fixed","_editor_tiered_pricing_fixed_rules":[],"_author_tiered_pricing_type":"fixed","_author_tiered_pricing_fixed_rules":[],"_contributor_tiered_pricing_type":"fixed","_contributor_tiered_pricing_fixed_rules":[],"_subscriber_tiered_pricing_type":"fixed","_subscriber_tiered_pricing_fixed_rules":[],"_customer_tiered_pricing_type":"fixed","_customer_tiered_pricing_fixed_rules":[],"_shop_manager_tiered_pricing_type":"fixed","_shop_manager_tiered_pricing_fixed_rules":[],"_wpseo_manager_tiered_pricing_type":"fixed","_wpseo_manager_tiered_pricing_fixed_rules":[],"_wpseo_editor_tiered_pricing_type":"fixed","_wpseo_editor_tiered_pricing_fixed_rules":[],"_wholesale_customer_tiered_pricing_type":"fixed","_wholesale_customer_tiered_pricing_fixed_rules":[],"_marketer_tiered_pricing_type":"fixed","_marketer_tiered_pricing_fixed_rules":[],"_sales_manager_tiered_pricing_type":"fixed","_sales_manager_tiered_pricing_fixed_rules":[],"_sales_rep_tiered_pricing_type":"fixed","_sales_rep_tiered_pricing_fixed_rules":[],"yoast_head":"<!-- This site is optimized with the Yoast SEO plugin v23.3 - https:\/\/yoast.com\/wordpress\/plugins\/seo\/ -->\n<title>Wotofo MDura Pro 230W Mod Kit | ElementVape.de<\/title>\n<meta name=\"description\" content=\"Wir bieten Wotofo MDura Pro 230W Mod Kit , Elementvape.de akzeptieren Gro\u00df-und Einzelhandel Bestellungen.\" \/>\n<meta name=\"robots\" content=\"index, follow, max-snippet:-1, max-image-preview:large, max-video-preview:-1\" \/>\n<link rel=\"canonical\" href=\"https:\/\/www.elementvape.de\/it\/produkt\/wotofo-mdura-pro-230w-mod-kit\/\" \/>\n<meta property=\"og:locale\" content=\"it_IT\" \/>\n<meta property=\"og:type\" content=\"article\" \/>\n<meta property=\"og:title\" content=\"Wotofo MDura Pro 230W Mod Kit | ElementVape.de\" \/>\n<meta property=\"og:description\" content=\"Wir bieten Wotofo MDura Pro 230W Mod Kit , Elementvape.de akzeptieren Gro\u00df-und Einzelhandel Bestellungen.\" \/>\n<meta property=\"og:url\" content=\"https:\/\/www.elementvape.de\/it\/produkt\/wotofo-mdura-pro-230w-mod-kit\/\" \/>\n<meta property=\"og:site_name\" content=\"ElementVape.de\" \/>\n<meta property=\"article:modified_time\" content=\"2024-09-12T10:35:46+00:00\" \/>\n<meta property=\"og:image\" content=\"https:\/\/www.elementvape.de\/wp-content\/uploads\/2024\/06\/Wotofo-MDura-Pro-230W-Mod-Kit.webp\" \/>\n\t<meta property=\"og:image:width\" content=\"800\" \/>\n\t<meta property=\"og:image:height\" content=\"800\" \/>\n\t<meta property=\"og:image:type\" content=\"image\/webp\" \/>\n<meta name=\"twitter:card\" content=\"summary_large_image\" \/>\n<meta name=\"twitter:label1\" content=\"Est. reading time\" \/>\n\t<meta name=\"twitter:data1\" content=\"3 minuti\" \/>\n<script type=\"application\/ld+json\" class=\"yoast-schema-graph\">{\"@context\":\"https:\/\/schema.org\",\"@graph\":[{\"@type\":\"WebPage\",\"@id\":\"https:\/\/www.elementvape.de\/produkt\/wotofo-mdura-pro-230w-mod-kit\/\",\"url\":\"https:\/\/www.elementvape.de\/produkt\/wotofo-mdura-pro-230w-mod-kit\/\",\"name\":\"Wotofo MDura Pro 230W Mod Kit | ElementVape.de\",\"isPartOf\":{\"@id\":\"https:\/\/www.elementvape.de\/#website\"},\"primaryImageOfPage\":{\"@id\":\"https:\/\/www.elementvape.de\/produkt\/wotofo-mdura-pro-230w-mod-kit\/#primaryimage\"},\"image\":{\"@id\":\"https:\/\/www.elementvape.de\/produkt\/wotofo-mdura-pro-230w-mod-kit\/#primaryimage\"},\"thumbnailUrl\":\"https:\/\/www.elementvape.de\/wp-content\/uploads\/2024\/06\/Wotofo-MDura-Pro-230W-Mod-Kit.webp\",\"datePublished\":\"2024-06-20T10:25:47+00:00\",\"dateModified\":\"2024-09-12T10:35:46+00:00\",\"description\":\"Wir bieten Wotofo MDura Pro 230W Mod Kit , Elementvape.de akzeptieren Gro\u00df-und Einzelhandel Bestellungen.\",\"breadcrumb\":{\"@id\":\"https:\/\/www.elementvape.de\/produkt\/wotofo-mdura-pro-230w-mod-kit\/#breadcrumb\"},\"inLanguage\":\"it-IT\",\"potentialAction\":[{\"@type\":\"ReadAction\",\"target\":[\"https:\/\/www.elementvape.de\/produkt\/wotofo-mdura-pro-230w-mod-kit\/\"]}]},{\"@type\":\"ImageObject\",\"inLanguage\":\"it-IT\",\"@id\":\"https:\/\/www.elementvape.de\/produkt\/wotofo-mdura-pro-230w-mod-kit\/#primaryimage\",\"url\":\"https:\/\/www.elementvape.de\/wp-content\/uploads\/2024\/06\/Wotofo-MDura-Pro-230W-Mod-Kit.webp\",\"contentUrl\":\"https:\/\/www.elementvape.de\/wp-content\/uploads\/2024\/06\/Wotofo-MDura-Pro-230W-Mod-Kit.webp\",\"width\":800,\"height\":800,\"caption\":\"Wotofo-MDura-Pro-230W-Mod-Kit\"},{\"@type\":\"BreadcrumbList\",\"@id\":\"https:\/\/www.elementvape.de\/produkt\/wotofo-mdura-pro-230w-mod-kit\/#breadcrumb\",\"itemListElement\":[{\"@type\":\"ListItem\",\"position\":1,\"name\":\"Home\",\"item\":\"https:\/\/www.elementvape.de\/\"},{\"@type\":\"ListItem\",\"position\":2,\"name\":\"Shop\",\"item\":\"https:\/\/www.elementvape.de\/shop\/\"},{\"@type\":\"ListItem\",\"position\":3,\"name\":\"Wotofo MDura Pro 230W Mod Kit\"}]},{\"@type\":\"WebSite\",\"@id\":\"https:\/\/www.elementvape.de\/#website\",\"url\":\"https:\/\/www.elementvape.de\/\",\"name\":\"ElementVape.de\",\"description\":\"\",\"publisher\":{\"@id\":\"https:\/\/www.elementvape.de\/#organization\"},\"potentialAction\":[{\"@type\":\"SearchAction\",\"target\":{\"@type\":\"EntryPoint\",\"urlTemplate\":\"https:\/\/www.elementvape.de\/?s={search_term_string}\"},\"query-input\":\"required name=search_term_string\"}],\"inLanguage\":\"it-IT\"},{\"@type\":\"Organization\",\"@id\":\"https:\/\/www.elementvape.de\/#organization\",\"name\":\"ElementVape.DE\",\"url\":\"https:\/\/www.elementvape.de\/\",\"logo\":{\"@type\":\"ImageObject\",\"inLanguage\":\"it-IT\",\"@id\":\"https:\/\/www.elementvape.de\/#\/schema\/logo\/image\/\",\"url\":\"https:\/\/www.elementvape.de\/wp-content\/uploads\/2024\/09\/cropped-1elementvape-3.png\",\"contentUrl\":\"https:\/\/www.elementvape.de\/wp-content\/uploads\/2024\/09\/cropped-1elementvape-3.png\",\"width\":285,\"height\":228,\"caption\":\"ElementVape.DE\"},\"image\":{\"@id\":\"https:\/\/www.elementvape.de\/#\/schema\/logo\/image\/\"}}]}<\/script>\n<!-- \/ Yoast SEO plugin. -->","yoast_head_json":{"title":"Wotofo MDura Pro 230W Mod Kit | ElementVape.de","description":"Wir bieten Wotofo MDura Pro 230W Mod Kit , Elementvape.de akzeptieren Gro\u00df-und Einzelhandel Bestellungen.","robots":{"index":"index","follow":"follow","max-snippet":"max-snippet:-1","max-image-preview":"max-image-preview:large","max-video-preview":"max-video-preview:-1"},"canonical":"https:\/\/www.elementvape.de\/it\/produkt\/wotofo-mdura-pro-230w-mod-kit\/","og_locale":"it_IT","og_type":"article","og_title":"Wotofo MDura Pro 230W Mod Kit | ElementVape.de","og_description":"Wir bieten Wotofo MDura Pro 230W Mod Kit , Elementvape.de akzeptieren Gro\u00df-und Einzelhandel Bestellungen.","og_url":"https:\/\/www.elementvape.de\/it\/produkt\/wotofo-mdura-pro-230w-mod-kit\/","og_site_name":"ElementVape.de","article_modified_time":"2024-09-12T10:35:46+00:00","og_image":[{"width":800,"height":800,"url":"https:\/\/www.elementvape.de\/wp-content\/uploads\/2024\/06\/Wotofo-MDura-Pro-230W-Mod-Kit.webp","type":"image\/webp"}],"twitter_card":"summary_large_image","twitter_misc":{"Est. reading time":"3 minuti"},"schema":{"@context":"https:\/\/schema.org","@graph":[{"@type":"WebPage","@id":"https:\/\/www.elementvape.de\/produkt\/wotofo-mdura-pro-230w-mod-kit\/","url":"https:\/\/www.elementvape.de\/produkt\/wotofo-mdura-pro-230w-mod-kit\/","name":"Wotofo MDura Pro 230W Mod Kit | ElementVape.de","isPartOf":{"@id":"https:\/\/www.elementvape.de\/#website"},"primaryImageOfPage":{"@id":"https:\/\/www.elementvape.de\/produkt\/wotofo-mdura-pro-230w-mod-kit\/#primaryimage"},"image":{"@id":"https:\/\/www.elementvape.de\/produkt\/wotofo-mdura-pro-230w-mod-kit\/#primaryimage"},"thumbnailUrl":"https:\/\/www.elementvape.de\/wp-content\/uploads\/2024\/06\/Wotofo-MDura-Pro-230W-Mod-Kit.webp","datePublished":"2024-06-20T10:25:47+00:00","dateModified":"2024-09-12T10:35:46+00:00","description":"Wir bieten Wotofo MDura Pro 230W Mod Kit , Elementvape.de akzeptieren Gro\u00df-und Einzelhandel Bestellungen.","breadcrumb":{"@id":"https:\/\/www.elementvape.de\/produkt\/wotofo-mdura-pro-230w-mod-kit\/#breadcrumb"},"inLanguage":"it-IT","potentialAction":[{"@type":"ReadAction","target":["https:\/\/www.elementvape.de\/produkt\/wotofo-mdura-pro-230w-mod-kit\/"]}]},{"@type":"ImageObject","inLanguage":"it-IT","@id":"https:\/\/www.elementvape.de\/produkt\/wotofo-mdura-pro-230w-mod-kit\/#primaryimage","url":"https:\/\/www.elementvape.de\/wp-content\/uploads\/2024\/06\/Wotofo-MDura-Pro-230W-Mod-Kit.webp","contentUrl":"https:\/\/www.elementvape.de\/wp-content\/uploads\/2024\/06\/Wotofo-MDura-Pro-230W-Mod-Kit.webp","width":800,"height":800,"caption":"Wotofo-MDura-Pro-230W-Mod-Kit"},{"@type":"BreadcrumbList","@id":"https:\/\/www.elementvape.de\/produkt\/wotofo-mdura-pro-230w-mod-kit\/#breadcrumb","itemListElement":[{"@type":"ListItem","position":1,"name":"Home","item":"https:\/\/www.elementvape.de\/"},{"@type":"ListItem","position":2,"name":"Shop","item":"https:\/\/www.elementvape.de\/shop\/"},{"@type":"ListItem","position":3,"name":"Wotofo MDura Pro 230W Mod Kit"}]},{"@type":"WebSite","@id":"https:\/\/www.elementvape.de\/#website","url":"https:\/\/www.elementvape.de\/","name":"ElementVape.de","description":"","publisher":{"@id":"https:\/\/www.elementvape.de\/#organization"},"potentialAction":[{"@type":"SearchAction","target":{"@type":"EntryPoint","urlTemplate":"https:\/\/www.elementvape.de\/?s={search_term_string}"},"query-input":"required name=search_term_string"}],"inLanguage":"it-IT"},{"@type":"Organization","@id":"https:\/\/www.elementvape.de\/#organization","name":"ElementVape.DE","url":"https:\/\/www.elementvape.de\/","logo":{"@type":"ImageObject","inLanguage":"it-IT","@id":"https:\/\/www.elementvape.de\/#\/schema\/logo\/image\/","url":"https:\/\/www.elementvape.de\/wp-content\/uploads\/2024\/09\/cropped-1elementvape-3.png","contentUrl":"https:\/\/www.elementvape.de\/wp-content\/uploads\/2024\/09\/cropped-1elementvape-3.png","width":285,"height":228,"caption":"ElementVape.DE"},"image":{"@id":"https:\/\/www.elementvape.de\/#\/schema\/logo\/image\/"}}]}},"_links":{"self":[{"href":"https:\/\/www.elementvape.de\/it\/wp-json\/wp\/v2\/product\/12726"}],"collection":[{"href":"https:\/\/www.elementvape.de\/it\/wp-json\/wp\/v2\/product"}],"about":[{"href":"https:\/\/www.elementvape.de\/it\/wp-json\/wp\/v2\/types\/product"}],"wp:featuredmedia":[{"embeddable":true,"href":"https:\/\/www.elementvape.de\/it\/wp-json\/wp\/v2\/media\/12732"}],"wp:attachment":[{"href":"https:\/\/www.elementvape.de\/it\/wp-json\/wp\/v2\/media?parent=12726"}],"wp:term":[{"taxonomy":"product_cat","embeddable":true,"href":"https:\/\/www.elementvape.de\/it\/wp-json\/wp\/v2\/product_cat?post=12726"},{"taxonomy":"product_tag","embeddable":true,"href":"https:\/\/www.elementvape.de\/it\/wp-json\/wp\/v2\/product_tag?post=12726"}],"curies":[{"name":"wp","href":"https:\/\/api.w.org\/{rel}","templated":true}]}}