{"id":12623,"date":"2024-06-19T08:03:47","date_gmt":"2024-06-19T08:03:47","guid":{"rendered":"https:\/\/www.elementvape.de\/?post_type=product&#038;p=12623"},"modified":"2024-09-12T10:35:52","modified_gmt":"2024-09-12T10:35:52","slug":"wotofo-ultra-wiederaufladbarer-einweg-e-zigarette-3000-zuege","status":"publish","type":"product","link":"https:\/\/www.elementvape.de\/it\/produkt\/wotofo-ultra-wiederaufladbarer-einweg-e-zigarette-3000-zuege\/","title":{"rendered":"Wotofo Ultra sigaretta elettronica usa e getta ricaricabile 3000 puff"},"content":{"rendered":"<div class=\"flex-shrink-0 flex flex-col relative items-end\">\n<div>\n<div class=\"pt-0.5 juice:pt-0\">\n<div class=\"gizmo-bot-avatar flex h-6 w-6 items-center justify-center overflow-hidden rounded-full juice:h-8 juice:w-8\">\n<div class=\"relative p-1 rounded-sm flex items-center justify-center bg-token-main-surface-primary text-token-text-primary h-8 w-8\"><\/div>\n<\/div>\n<\/div>\n<\/div>\n<\/div>\n<div class=\"group\/conversation-turn relative flex w-full min-w-0 flex-col agent-turn\">\n<div class=\"flex-col gap-1 md:gap-3\">\n<div class=\"flex flex-grow flex-col max-w-full\">\n<div class=\"min-h-[20px] text-message flex flex-col items-start whitespace-pre-wrap break-words [.text-message+&amp;]:mt-5 juice:w-full juice:items-end overflow-x-auto gap-2\" dir=\"auto\" data-message-author-role=\"assistant\" data-message-id=\"add0f779-7224-4244-b7be-7ed4f56074be\">\n<div class=\"flex w-full flex-col gap-1 juice:empty:hidden juice:first:pt-[3px]\">\n<div class=\"markdown prose w-full break-words dark:prose-invert light\">\n<h2>Wotofo Ultra Rechargeable Disposable Vape: qualit\u00e0 e innovazione unite<\/h2>\n<p>Vape Wholesale Global \u00e8 orgogliosa di operare come uno dei pi\u00f9 grandi grossisti e fornitori di prodotti Wotofo Vape in Italia. Offriamo una vasta gamma di e-cig Wotofo e prodotti Vape usa e getta di altissima qualit\u00e0. La nostra ultima novit\u00e0 \u00e8 il Wotofo Ultra Rechargeable Disposable Vape, un dispositivo usa e getta ricaricabile che si distingue per prestazioni di prima classe e facilit\u00e0 d'uso. Perfetto per i grossisti che desiderano offrire ai propri clienti un'esperienza di vaping eccezionale.<\/p>\n<h4>Specifiche tecniche<\/h4>\n<p>Il Wotofo Ultra Rechargeable Disposable Vape si distingue per le sue caratteristiche tecniche avanzate:<\/p>\n<ul>\n<li><strong>Dimensioni<\/strong>: \u00d824,6 x 112,8 mm \u2013 un design compatto e maneggevole, facile da portare in tasca.<\/li>\n<li><strong>Materiale<\/strong>: Realizzato in SS304 e plastica PC alimentare, offre massima sicurezza e durata.<\/li>\n<li><strong>Capacit\u00e0 della batteria<\/strong>: 550 mAh \u2013 sufficiente per un vaping duraturo, ricaricabile per un uso prolungato.<\/li>\n<li><strong>Porta di ricarica<\/strong>: Micro USB \u2013 permette una ricarica semplice e rapida.<\/li>\n<li><strong>Resistenza di riscaldamento<\/strong>: Dotato di una Mesh Coil di nexMESH Tech per una distribuzione uniforme del calore e un gusto intenso.<\/li>\n<li><strong>Resistenza<\/strong>: 1,4 \u03a9 \u2013 ideale per un'esperienza di svapo coerente e delicata.<\/li>\n<li><strong>Sale di nicotina<\/strong>: Disponibile in 50 mg e 20 mg, per soddisfare le diverse preferenze degli utenti.<\/li>\n<li><strong>Capacit\u00e0 di E-Liquid<\/strong>: 8,5 ml \u2013 grande capacit\u00e0 per un piacere duraturo senza frequenti ricariche.<\/li>\n<li><strong>Numero di boccate<\/strong>: Fino a 3000 puff \u2013 offre un uso prolungato e un ottimo rapporto qualit\u00e0-prezzo.<\/li>\n<li><strong>Aromi<\/strong>: 10 aromi di base, personalizzabili su richiesta del cliente.<\/li>\n<\/ul>\n<h4>Gusti<\/h4>\n<p>Il Wotofo Ultra Rechargeable Disposable Vape \u00e8 disponibile in una vasta gamma di gusti deliziosi, per soddisfare ogni palato. I gusti di base includono:<\/p>\n<ul>\n<li>Gelato alle pesche<\/li>\n<li>Gelato alla fragola<\/li>\n<li>Ghiaccio di anguria<\/li>\n<li>Ciliegia energetica<\/li>\n<li>Fragola<\/li>\n<li>Caramelle gommose<\/li>\n<li>Gelato alla Mango<\/li>\n<li>Gelato Mirtillo Blu Lamponi<\/li>\n<li>Gelato all'uva<\/li>\n<li>Mela Aspro<\/li>\n<\/ul>\n<p>\u00c8 possibile personalizzare gli aromi per soddisfare le esigenze e le preferenze specifiche dei clienti.<\/p>\n<h4>Dettagli del prodotto e confezione<\/h4>\n<p>Ogni confezione del Wotofo Ultra Rechargeable Disposable Vape contiene:<\/p>\n<ul>\n<li><strong>1 x Wotofo Ultra ricaricabile usa e getta 3000 puff<\/strong>: Un dispositivo completamente carico e pre-riempito, pronto all'uso immediato. Il design usa e getta garantisce una facile gestione senza manutenzione.<\/li>\n<\/ul>\n<p>Il Wotofo Ultra Rechargeable Disposable Vape stabilisce nuovi standard in termini di qualit\u00e0, facilit\u00e0 d'uso e esperienza di gusto. Il suo design robusto, la funzione ricaricabile e la vasta scelta di aromi lo rendono una scelta ideale per i vaper che cercano comfort e un'esperienza di svapo intensa. Per i grossisti, il Wotofo Ultra rappresenta un'eccellente opportunit\u00e0 di offrire un prodotto di alta qualit\u00e0 a prezzi competitivi, che sicuramente susciter\u00e0 grande entusiasmo tra i clienti.<\/p>\n<\/div>\n<\/div>\n<\/div>\n<\/div>\n<\/div>\n<\/div>","protected":false},"excerpt":{"rendered":"<p>Wotofo Ultra Rechargeable Disposable Vape: Qualit\u00e4t und Innovation vereint Vape Wholesale Global ist stolz darauf, als einer der gr\u00f6\u00dften Gro\u00dfh\u00e4ndler und Lieferanten von Wotofo Vape-Produkten in China zu agieren. Wir bieten eine breite Palette von Wotofo Ecigs und Einweg-Vape-Produkten in h\u00f6chster Qualit\u00e4t an. Unser neuestes Highlight ist der Wotofo Ultra Rechargeable Disposable Vape, ein wiederaufladbares [&hellip;]<\/p>","protected":false},"featured_media":12624,"template":"","meta":{"inline_featured_image":false},"product_cat":[78,754,745,742,748,744,755,738,751],"product_tag":[],"tiered_pricing_type":"fixed","tiered_pricing_fixed_rules":[],"tiered_pricing_percentage_rules":[],"tiered_pricing_minimum":1,"_administrator_tiered_pricing_type":"fixed","_administrator_tiered_pricing_fixed_rules":[],"_editor_tiered_pricing_type":"fixed","_editor_tiered_pricing_fixed_rules":[],"_author_tiered_pricing_type":"fixed","_author_tiered_pricing_fixed_rules":[],"_contributor_tiered_pricing_type":"fixed","_contributor_tiered_pricing_fixed_rules":[],"_subscriber_tiered_pricing_type":"fixed","_subscriber_tiered_pricing_fixed_rules":[],"_customer_tiered_pricing_type":"fixed","_customer_tiered_pricing_fixed_rules":[],"_shop_manager_tiered_pricing_type":"fixed","_shop_manager_tiered_pricing_fixed_rules":[],"_wpseo_manager_tiered_pricing_type":"fixed","_wpseo_manager_tiered_pricing_fixed_rules":[],"_wpseo_editor_tiered_pricing_type":"fixed","_wpseo_editor_tiered_pricing_fixed_rules":[],"_wholesale_customer_tiered_pricing_type":"fixed","_wholesale_customer_tiered_pricing_fixed_rules":[],"_marketer_tiered_pricing_type":"fixed","_marketer_tiered_pricing_fixed_rules":[],"_sales_manager_tiered_pricing_type":"fixed","_sales_manager_tiered_pricing_fixed_rules":[],"_sales_rep_tiered_pricing_type":"fixed","_sales_rep_tiered_pricing_fixed_rules":[],"yoast_head":"<!-- This site is optimized with the Yoast SEO plugin v23.3 - https:\/\/yoast.com\/wordpress\/plugins\/seo\/ -->\n<title>Wotofo Ultra wiederaufladbarer Einweg-E-Zigarette 3000 Z\u00fcge | ElementVape.de<\/title>\n<meta name=\"description\" content=\"Wir bieten Wotofo Ultra wiederaufladbarer Einweg-E-Zigarette 3000 Z\u00fcge , Elementvape.de akzeptieren Gro\u00df-und Einzelhandel Bestellungen.\" \/>\n<meta name=\"robots\" content=\"index, follow, max-snippet:-1, max-image-preview:large, max-video-preview:-1\" \/>\n<link rel=\"canonical\" href=\"https:\/\/www.elementvape.de\/it\/produkt\/wotofo-ultra-wiederaufladbarer-einweg-e-zigarette-3000-zuege\/\" \/>\n<meta property=\"og:locale\" content=\"it_IT\" \/>\n<meta property=\"og:type\" content=\"article\" \/>\n<meta property=\"og:title\" content=\"Wotofo Ultra wiederaufladbarer Einweg-E-Zigarette 3000 Z\u00fcge | ElementVape.de\" \/>\n<meta property=\"og:description\" content=\"Wir bieten Wotofo Ultra wiederaufladbarer Einweg-E-Zigarette 3000 Z\u00fcge , Elementvape.de akzeptieren Gro\u00df-und Einzelhandel Bestellungen.\" \/>\n<meta property=\"og:url\" content=\"https:\/\/www.elementvape.de\/it\/produkt\/wotofo-ultra-wiederaufladbarer-einweg-e-zigarette-3000-zuege\/\" \/>\n<meta property=\"og:site_name\" content=\"ElementVape.de\" \/>\n<meta property=\"article:modified_time\" content=\"2024-09-12T10:35:52+00:00\" \/>\n<meta property=\"og:image\" content=\"https:\/\/www.elementvape.de\/wp-content\/uploads\/2024\/06\/Wotofo-Ultra-Rechargeable-Disposable-Vape-3000-Puffs.webp\" \/>\n\t<meta property=\"og:image:width\" content=\"800\" \/>\n\t<meta property=\"og:image:height\" content=\"800\" \/>\n\t<meta property=\"og:image:type\" content=\"image\/webp\" \/>\n<meta name=\"twitter:card\" content=\"summary_large_image\" \/>\n<meta name=\"twitter:label1\" content=\"Est. reading time\" \/>\n\t<meta name=\"twitter:data1\" content=\"3 minuti\" \/>\n<script type=\"application\/ld+json\" class=\"yoast-schema-graph\">{\"@context\":\"https:\/\/schema.org\",\"@graph\":[{\"@type\":\"WebPage\",\"@id\":\"https:\/\/www.elementvape.de\/produkt\/wotofo-ultra-wiederaufladbarer-einweg-e-zigarette-3000-zuege\/\",\"url\":\"https:\/\/www.elementvape.de\/produkt\/wotofo-ultra-wiederaufladbarer-einweg-e-zigarette-3000-zuege\/\",\"name\":\"Wotofo Ultra wiederaufladbarer Einweg-E-Zigarette 3000 Z\u00fcge | ElementVape.de\",\"isPartOf\":{\"@id\":\"https:\/\/www.elementvape.de\/#website\"},\"primaryImageOfPage\":{\"@id\":\"https:\/\/www.elementvape.de\/produkt\/wotofo-ultra-wiederaufladbarer-einweg-e-zigarette-3000-zuege\/#primaryimage\"},\"image\":{\"@id\":\"https:\/\/www.elementvape.de\/produkt\/wotofo-ultra-wiederaufladbarer-einweg-e-zigarette-3000-zuege\/#primaryimage\"},\"thumbnailUrl\":\"https:\/\/www.elementvape.de\/wp-content\/uploads\/2024\/06\/Wotofo-Ultra-Rechargeable-Disposable-Vape-3000-Puffs.webp\",\"datePublished\":\"2024-06-19T08:03:47+00:00\",\"dateModified\":\"2024-09-12T10:35:52+00:00\",\"description\":\"Wir bieten Wotofo Ultra wiederaufladbarer Einweg-E-Zigarette 3000 Z\u00fcge , Elementvape.de akzeptieren Gro\u00df-und Einzelhandel Bestellungen.\",\"breadcrumb\":{\"@id\":\"https:\/\/www.elementvape.de\/produkt\/wotofo-ultra-wiederaufladbarer-einweg-e-zigarette-3000-zuege\/#breadcrumb\"},\"inLanguage\":\"it-IT\",\"potentialAction\":[{\"@type\":\"ReadAction\",\"target\":[\"https:\/\/www.elementvape.de\/produkt\/wotofo-ultra-wiederaufladbarer-einweg-e-zigarette-3000-zuege\/\"]}]},{\"@type\":\"ImageObject\",\"inLanguage\":\"it-IT\",\"@id\":\"https:\/\/www.elementvape.de\/produkt\/wotofo-ultra-wiederaufladbarer-einweg-e-zigarette-3000-zuege\/#primaryimage\",\"url\":\"https:\/\/www.elementvape.de\/wp-content\/uploads\/2024\/06\/Wotofo-Ultra-Rechargeable-Disposable-Vape-3000-Puffs.webp\",\"contentUrl\":\"https:\/\/www.elementvape.de\/wp-content\/uploads\/2024\/06\/Wotofo-Ultra-Rechargeable-Disposable-Vape-3000-Puffs.webp\",\"width\":800,\"height\":800,\"caption\":\"Wotofo-Ultra-Rechargeable-Disposable-Vape-3000-Puffs\"},{\"@type\":\"BreadcrumbList\",\"@id\":\"https:\/\/www.elementvape.de\/produkt\/wotofo-ultra-wiederaufladbarer-einweg-e-zigarette-3000-zuege\/#breadcrumb\",\"itemListElement\":[{\"@type\":\"ListItem\",\"position\":1,\"name\":\"Home\",\"item\":\"https:\/\/www.elementvape.de\/\"},{\"@type\":\"ListItem\",\"position\":2,\"name\":\"Shop\",\"item\":\"https:\/\/www.elementvape.de\/shop\/\"},{\"@type\":\"ListItem\",\"position\":3,\"name\":\"Wotofo Ultra wiederaufladbarer Einweg-E-Zigarette 3000 Z\u00fcge\"}]},{\"@type\":\"WebSite\",\"@id\":\"https:\/\/www.elementvape.de\/#website\",\"url\":\"https:\/\/www.elementvape.de\/\",\"name\":\"ElementVape.de\",\"description\":\"\",\"publisher\":{\"@id\":\"https:\/\/www.elementvape.de\/#organization\"},\"potentialAction\":[{\"@type\":\"SearchAction\",\"target\":{\"@type\":\"EntryPoint\",\"urlTemplate\":\"https:\/\/www.elementvape.de\/?s={search_term_string}\"},\"query-input\":\"required name=search_term_string\"}],\"inLanguage\":\"it-IT\"},{\"@type\":\"Organization\",\"@id\":\"https:\/\/www.elementvape.de\/#organization\",\"name\":\"ElementVape.DE\",\"url\":\"https:\/\/www.elementvape.de\/\",\"logo\":{\"@type\":\"ImageObject\",\"inLanguage\":\"it-IT\",\"@id\":\"https:\/\/www.elementvape.de\/#\/schema\/logo\/image\/\",\"url\":\"https:\/\/www.elementvape.de\/wp-content\/uploads\/2024\/09\/cropped-1elementvape-3.png\",\"contentUrl\":\"https:\/\/www.elementvape.de\/wp-content\/uploads\/2024\/09\/cropped-1elementvape-3.png\",\"width\":285,\"height\":228,\"caption\":\"ElementVape.DE\"},\"image\":{\"@id\":\"https:\/\/www.elementvape.de\/#\/schema\/logo\/image\/\"}}]}<\/script>\n<!-- \/ Yoast SEO plugin. -->","yoast_head_json":{"title":"Wotofo Ultra wiederaufladbarer Einweg-E-Zigarette 3000 Z\u00fcge | ElementVape.de","description":"Wir bieten Wotofo Ultra wiederaufladbarer Einweg-E-Zigarette 3000 Z\u00fcge , Elementvape.de akzeptieren Gro\u00df-und Einzelhandel Bestellungen.","robots":{"index":"index","follow":"follow","max-snippet":"max-snippet:-1","max-image-preview":"max-image-preview:large","max-video-preview":"max-video-preview:-1"},"canonical":"https:\/\/www.elementvape.de\/it\/produkt\/wotofo-ultra-wiederaufladbarer-einweg-e-zigarette-3000-zuege\/","og_locale":"it_IT","og_type":"article","og_title":"Wotofo Ultra wiederaufladbarer Einweg-E-Zigarette 3000 Z\u00fcge | ElementVape.de","og_description":"Wir bieten Wotofo Ultra wiederaufladbarer Einweg-E-Zigarette 3000 Z\u00fcge , Elementvape.de akzeptieren Gro\u00df-und Einzelhandel Bestellungen.","og_url":"https:\/\/www.elementvape.de\/it\/produkt\/wotofo-ultra-wiederaufladbarer-einweg-e-zigarette-3000-zuege\/","og_site_name":"ElementVape.de","article_modified_time":"2024-09-12T10:35:52+00:00","og_image":[{"width":800,"height":800,"url":"https:\/\/www.elementvape.de\/wp-content\/uploads\/2024\/06\/Wotofo-Ultra-Rechargeable-Disposable-Vape-3000-Puffs.webp","type":"image\/webp"}],"twitter_card":"summary_large_image","twitter_misc":{"Est. reading time":"3 minuti"},"schema":{"@context":"https:\/\/schema.org","@graph":[{"@type":"WebPage","@id":"https:\/\/www.elementvape.de\/produkt\/wotofo-ultra-wiederaufladbarer-einweg-e-zigarette-3000-zuege\/","url":"https:\/\/www.elementvape.de\/produkt\/wotofo-ultra-wiederaufladbarer-einweg-e-zigarette-3000-zuege\/","name":"Wotofo Ultra wiederaufladbarer Einweg-E-Zigarette 3000 Z\u00fcge | ElementVape.de","isPartOf":{"@id":"https:\/\/www.elementvape.de\/#website"},"primaryImageOfPage":{"@id":"https:\/\/www.elementvape.de\/produkt\/wotofo-ultra-wiederaufladbarer-einweg-e-zigarette-3000-zuege\/#primaryimage"},"image":{"@id":"https:\/\/www.elementvape.de\/produkt\/wotofo-ultra-wiederaufladbarer-einweg-e-zigarette-3000-zuege\/#primaryimage"},"thumbnailUrl":"https:\/\/www.elementvape.de\/wp-content\/uploads\/2024\/06\/Wotofo-Ultra-Rechargeable-Disposable-Vape-3000-Puffs.webp","datePublished":"2024-06-19T08:03:47+00:00","dateModified":"2024-09-12T10:35:52+00:00","description":"Wir bieten Wotofo Ultra wiederaufladbarer Einweg-E-Zigarette 3000 Z\u00fcge , Elementvape.de akzeptieren Gro\u00df-und Einzelhandel Bestellungen.","breadcrumb":{"@id":"https:\/\/www.elementvape.de\/produkt\/wotofo-ultra-wiederaufladbarer-einweg-e-zigarette-3000-zuege\/#breadcrumb"},"inLanguage":"it-IT","potentialAction":[{"@type":"ReadAction","target":["https:\/\/www.elementvape.de\/produkt\/wotofo-ultra-wiederaufladbarer-einweg-e-zigarette-3000-zuege\/"]}]},{"@type":"ImageObject","inLanguage":"it-IT","@id":"https:\/\/www.elementvape.de\/produkt\/wotofo-ultra-wiederaufladbarer-einweg-e-zigarette-3000-zuege\/#primaryimage","url":"https:\/\/www.elementvape.de\/wp-content\/uploads\/2024\/06\/Wotofo-Ultra-Rechargeable-Disposable-Vape-3000-Puffs.webp","contentUrl":"https:\/\/www.elementvape.de\/wp-content\/uploads\/2024\/06\/Wotofo-Ultra-Rechargeable-Disposable-Vape-3000-Puffs.webp","width":800,"height":800,"caption":"Wotofo-Ultra-Rechargeable-Disposable-Vape-3000-Puffs"},{"@type":"BreadcrumbList","@id":"https:\/\/www.elementvape.de\/produkt\/wotofo-ultra-wiederaufladbarer-einweg-e-zigarette-3000-zuege\/#breadcrumb","itemListElement":[{"@type":"ListItem","position":1,"name":"Home","item":"https:\/\/www.elementvape.de\/"},{"@type":"ListItem","position":2,"name":"Shop","item":"https:\/\/www.elementvape.de\/shop\/"},{"@type":"ListItem","position":3,"name":"Wotofo Ultra wiederaufladbarer Einweg-E-Zigarette 3000 Z\u00fcge"}]},{"@type":"WebSite","@id":"https:\/\/www.elementvape.de\/#website","url":"https:\/\/www.elementvape.de\/","name":"ElementVape.de","description":"","publisher":{"@id":"https:\/\/www.elementvape.de\/#organization"},"potentialAction":[{"@type":"SearchAction","target":{"@type":"EntryPoint","urlTemplate":"https:\/\/www.elementvape.de\/?s={search_term_string}"},"query-input":"required name=search_term_string"}],"inLanguage":"it-IT"},{"@type":"Organization","@id":"https:\/\/www.elementvape.de\/#organization","name":"ElementVape.DE","url":"https:\/\/www.elementvape.de\/","logo":{"@type":"ImageObject","inLanguage":"it-IT","@id":"https:\/\/www.elementvape.de\/#\/schema\/logo\/image\/","url":"https:\/\/www.elementvape.de\/wp-content\/uploads\/2024\/09\/cropped-1elementvape-3.png","contentUrl":"https:\/\/www.elementvape.de\/wp-content\/uploads\/2024\/09\/cropped-1elementvape-3.png","width":285,"height":228,"caption":"ElementVape.DE"},"image":{"@id":"https:\/\/www.elementvape.de\/#\/schema\/logo\/image\/"}}]}},"_links":{"self":[{"href":"https:\/\/www.elementvape.de\/it\/wp-json\/wp\/v2\/product\/12623"}],"collection":[{"href":"https:\/\/www.elementvape.de\/it\/wp-json\/wp\/v2\/product"}],"about":[{"href":"https:\/\/www.elementvape.de\/it\/wp-json\/wp\/v2\/types\/product"}],"wp:featuredmedia":[{"embeddable":true,"href":"https:\/\/www.elementvape.de\/it\/wp-json\/wp\/v2\/media\/12624"}],"wp:attachment":[{"href":"https:\/\/www.elementvape.de\/it\/wp-json\/wp\/v2\/media?parent=12623"}],"wp:term":[{"taxonomy":"product_cat","embeddable":true,"href":"https:\/\/www.elementvape.de\/it\/wp-json\/wp\/v2\/product_cat?post=12623"},{"taxonomy":"product_tag","embeddable":true,"href":"https:\/\/www.elementvape.de\/it\/wp-json\/wp\/v2\/product_tag?post=12623"}],"curies":[{"name":"wp","href":"https:\/\/api.w.org\/{rel}","templated":true}]}}