{"id":12397,"date":"2024-06-18T07:57:34","date_gmt":"2024-06-18T07:57:34","guid":{"rendered":"https:\/\/www.elementvape.de\/?post_type=product&#038;p=12397"},"modified":"2024-09-12T10:35:58","modified_gmt":"2024-09-12T10:35:58","slug":"horizontech-binaries-th6000-einweg-e-zigarette-6000-zuege","status":"publish","type":"product","link":"https:\/\/www.elementvape.de\/it\/produkt\/horizontech-binaries-th6000-einweg-e-zigarette-6000-zuege\/","title":{"rendered":"HorizonTech Binaries TH6000 E-cigarette usa e getta 6000 Tiri"},"content":{"rendered":"<h3>Descrizione del prodotto HorizonTech Binaries TH6000<\/h3>\n<p>Il <strong>Binaries TH6000<\/strong> \u00e8 di alta qualit\u00e0 <strong><a href=\"https:\/\/www.elementvape.de\/it\/c\/einweg-zigarette\/\">Sigaretta elettronica usa e getta<\/a><\/strong> Dispositivo disponibile in 30 gusti unici per deliziare le papille gustative degli utenti. Con un design cilindrico elegante e 8 opzioni di colore diverse, il TH6000 offre non solo un aspetto attraente, ma anche una forma ergonomica per una presa comoda.<\/p>\n<h3>Caratteristiche principali<\/h3>\n<ol>\n<li><strong>Variet\u00e0 di gusti:<\/strong> 30 gusti unici<\/li>\n<li><strong>Opzioni di colore:<\/strong> 8 colori diversi<\/li>\n<li><strong>Design:<\/strong> Design cilindrico per una presa ergonomica<\/li>\n<li><strong>Regolazione del flusso d'aria:<\/strong> Struttura frontale per regolare il flusso d'aria nella parte inferiore del dispositivo<\/li>\n<li><strong>Sicurezza:<\/strong> Chip AI centrale con funzioni di protezione come bassa tensione, timeout del vapore (10 secondi), protezione da cortocircuito e protezione da surriscaldamento<\/li>\n<li><strong>Batteria:<\/strong> Batteria ricaricabile da 650 mAh<\/li>\n<li><strong>Indicazioni LED per e-liquido e batteria:<\/strong> Informano sull'uso e sullo stato di carica<\/li>\n<li><strong>Nucleo di nebulizzazione:<\/strong> Resistenza a rete per un gusto migliorato<\/li>\n<\/ol>\n<h3>Parametri fisici<\/h3>\n<ul>\n<li><strong>Dimensioni:<\/strong> 25,5 x 32 x 108 mm<\/li>\n<li><strong>Tiri:<\/strong> 6000 tiri<\/li>\n<li><strong>Intensit\u00e0 di nicotina:<\/strong> 5 % (50 mg\/ml)<\/li>\n<li><strong>Capacit\u00e0 di E-Liquid:<\/strong> 12 ml<\/li>\n<li><strong>Materiali:<\/strong> PCTG<\/li>\n<li><strong>Resistenza:<\/strong> 1,0 Ohm<\/li>\n<li><strong>Capacit\u00e0 della batteria:<\/strong> 650 mAh (ricaricabile)<\/li>\n<li><strong>Ricarica:<\/strong> Caricatore Type-C (non incluso)<\/li>\n<\/ul>\n<h3>Gusti<\/h3>\n<ol>\n<li>Gelato alla fragola<\/li>\n<li>Gelato all'uva<\/li>\n<li>Gelato alla banana<\/li>\n<li>Gelato alla fragola e banana<\/li>\n<li>Gelato alla Mango<\/li>\n<li>Zitronata zucchero filato<\/li>\n<li>Torta al limone e meringa<\/li>\n<li>Gelato alla vaniglia e fragola<\/li>\n<li>Caramello al burro<\/li>\n<li>Albicocca<\/li>\n<li>Gelato mango e pesca<\/li>\n<li>Gelato fragola e ananas<\/li>\n<li>Gelato limone e mirtillo blu<\/li>\n<li>Melone cantalupo e miele<\/li>\n<li>Gelato anguria<\/li>\n<li>Gelato pompelmo e mirtillo blu<\/li>\n<li>Gelato ananas e arancia<\/li>\n<li>Gelato anguria e mela<\/li>\n<li>Mango e arancia<\/li>\n<li>Gelato anguria<\/li>\n<li>Gelato frutto della passione e arancia<\/li>\n<li>Gelato arancia e mela<\/li>\n<li>Limonata limpida<\/li>\n<li>Gelato mirtillo e limone<\/li>\n<li>Biscotti alla fragola<\/li>\n<li>Gelato anguria e pesca<\/li>\n<li>Fragola limpida<\/li>\n<li>Gomma da masticare abbondante<\/li>\n<li>Smoothie di cocco abbondante<\/li>\n<li>Tabacco (Tabacco chiaro, Tabacco cremoso, Vaniglia cremosa con gelato all'arancia)<\/li>\n<li>Latte alla Crema Dolce con Ghiaccio<\/li>\n<\/ol>\n<h3>Lista di imballaggio<\/h3>\n<ul>\n<li>1 x HorizonTech Binaries TH6000 Vape usa e getta, 6000 puff<\/li>\n<\/ul>\n<h3>Riepilogo<\/h3>\n<p>Il <strong>HorizonTech Binaries TH6000<\/strong> offre un'esperienza di svapo di alta qualit\u00e0 con una vasta gamma di gusti e colori. Grazie al design ergonomico, alla struttura del flusso d'aria regolabile e alle funzioni di sicurezza, questo dispositivo vape usa e getta \u00e8 sia facile da usare che sicuro. La batteria ricaricabile da 650 mAh e la capacit\u00e0 di 6000 puff garantiscono un uso prolungato, mentre le luci LED informano sempre sullo stato del dispositivo.<\/p>","protected":false},"excerpt":{"rendered":"<p>HorizonTech Binaries TH6000 Produktbeschreibung Der Binaries TH6000 ist ein hochwertiges Einweg-E-zigarette Ger\u00e4t, das in 30 einzigartigen Geschmacksrichtungen erh\u00e4ltlich ist, um die Geschmacksnerven der Benutzer zu verw\u00f6hnen. Mit einem stilvollen zylindrischen Design und 8 verschiedenen Farboptionen bietet der TH6000 nicht nur eine ansprechende Optik, sondern auch eine ergonomische Form f\u00fcr einen bequemen Griff. Hauptmerkmale Geschmacksvielfalt: 30 [&hellip;]<\/p>","protected":false},"featured_media":12399,"template":"","meta":{"inline_featured_image":false},"product_cat":[78,754,745,742,748,744,755,738,751],"product_tag":[680],"tiered_pricing_type":"fixed","tiered_pricing_fixed_rules":[],"tiered_pricing_percentage_rules":[],"tiered_pricing_minimum":1,"_administrator_tiered_pricing_type":"fixed","_administrator_tiered_pricing_fixed_rules":[],"_editor_tiered_pricing_type":"fixed","_editor_tiered_pricing_fixed_rules":[],"_author_tiered_pricing_type":"fixed","_author_tiered_pricing_fixed_rules":[],"_contributor_tiered_pricing_type":"fixed","_contributor_tiered_pricing_fixed_rules":[],"_subscriber_tiered_pricing_type":"fixed","_subscriber_tiered_pricing_fixed_rules":[],"_customer_tiered_pricing_type":"fixed","_customer_tiered_pricing_fixed_rules":[],"_shop_manager_tiered_pricing_type":"fixed","_shop_manager_tiered_pricing_fixed_rules":[],"_wpseo_manager_tiered_pricing_type":"fixed","_wpseo_manager_tiered_pricing_fixed_rules":[],"_wpseo_editor_tiered_pricing_type":"fixed","_wpseo_editor_tiered_pricing_fixed_rules":[],"_wholesale_customer_tiered_pricing_type":"fixed","_wholesale_customer_tiered_pricing_fixed_rules":[],"_marketer_tiered_pricing_type":"fixed","_marketer_tiered_pricing_fixed_rules":[],"_sales_manager_tiered_pricing_type":"fixed","_sales_manager_tiered_pricing_fixed_rules":[],"_sales_rep_tiered_pricing_type":"fixed","_sales_rep_tiered_pricing_fixed_rules":[],"yoast_head":"<!-- This site is optimized with the Yoast SEO plugin v23.3 - https:\/\/yoast.com\/wordpress\/plugins\/seo\/ -->\n<title>HorizonTech Binaries TH6000 Einweg-E-zigarette 6000 Z\u00fcge | ElementVape.de<\/title>\n<meta name=\"description\" content=\"Wir bieten HorizonTech Binaries TH6000 Einweg-E-zigarette 6000 Z\u00fcge , Elementvape.de akzeptieren Gro\u00df-und Einzelhandel Bestellungen.\" \/>\n<meta name=\"robots\" content=\"index, follow, max-snippet:-1, max-image-preview:large, max-video-preview:-1\" \/>\n<link rel=\"canonical\" href=\"https:\/\/www.elementvape.de\/it\/produkt\/horizontech-binaries-th6000-einweg-e-zigarette-6000-zuege\/\" \/>\n<meta property=\"og:locale\" content=\"it_IT\" \/>\n<meta property=\"og:type\" content=\"article\" \/>\n<meta property=\"og:title\" content=\"HorizonTech Binaries TH6000 Einweg-E-zigarette 6000 Z\u00fcge | ElementVape.de\" \/>\n<meta property=\"og:description\" content=\"Wir bieten HorizonTech Binaries TH6000 Einweg-E-zigarette 6000 Z\u00fcge , Elementvape.de akzeptieren Gro\u00df-und Einzelhandel Bestellungen.\" \/>\n<meta property=\"og:url\" content=\"https:\/\/www.elementvape.de\/it\/produkt\/horizontech-binaries-th6000-einweg-e-zigarette-6000-zuege\/\" \/>\n<meta property=\"og:site_name\" content=\"ElementVape.de\" \/>\n<meta property=\"article:modified_time\" content=\"2024-09-12T10:35:58+00:00\" \/>\n<meta property=\"og:image\" content=\"https:\/\/www.elementvape.de\/wp-content\/uploads\/2024\/06\/WatermelonPeachClear5.webp\" \/>\n\t<meta property=\"og:image:width\" content=\"800\" \/>\n\t<meta property=\"og:image:height\" content=\"800\" \/>\n\t<meta property=\"og:image:type\" content=\"image\/webp\" \/>\n<meta name=\"twitter:card\" content=\"summary_large_image\" \/>\n<meta name=\"twitter:label1\" content=\"Est. reading time\" \/>\n\t<meta name=\"twitter:data1\" content=\"2 minuti\" \/>\n<script type=\"application\/ld+json\" class=\"yoast-schema-graph\">{\"@context\":\"https:\/\/schema.org\",\"@graph\":[{\"@type\":\"WebPage\",\"@id\":\"https:\/\/www.elementvape.de\/nl\/produkt\/horizontech-binaries-th6000-einweg-e-zigarette-6000-zuege\/\",\"url\":\"https:\/\/www.elementvape.de\/nl\/produkt\/horizontech-binaries-th6000-einweg-e-zigarette-6000-zuege\/\",\"name\":\"HorizonTech Binaries TH6000 Einweg-E-zigarette 6000 Z\u00fcge | ElementVape.de\",\"isPartOf\":{\"@id\":\"https:\/\/www.elementvape.de\/#website\"},\"primaryImageOfPage\":{\"@id\":\"https:\/\/www.elementvape.de\/nl\/produkt\/horizontech-binaries-th6000-einweg-e-zigarette-6000-zuege\/#primaryimage\"},\"image\":{\"@id\":\"https:\/\/www.elementvape.de\/nl\/produkt\/horizontech-binaries-th6000-einweg-e-zigarette-6000-zuege\/#primaryimage\"},\"thumbnailUrl\":\"https:\/\/www.elementvape.de\/wp-content\/uploads\/2024\/06\/WatermelonPeachClear5.webp\",\"datePublished\":\"2024-06-18T07:57:34+00:00\",\"dateModified\":\"2024-09-12T10:35:58+00:00\",\"description\":\"Wir bieten HorizonTech Binaries TH6000 Einweg-E-zigarette 6000 Z\u00fcge , Elementvape.de akzeptieren Gro\u00df-und Einzelhandel Bestellungen.\",\"breadcrumb\":{\"@id\":\"https:\/\/www.elementvape.de\/nl\/produkt\/horizontech-binaries-th6000-einweg-e-zigarette-6000-zuege\/#breadcrumb\"},\"inLanguage\":\"it-IT\",\"potentialAction\":[{\"@type\":\"ReadAction\",\"target\":[\"https:\/\/www.elementvape.de\/nl\/produkt\/horizontech-binaries-th6000-einweg-e-zigarette-6000-zuege\/\"]}]},{\"@type\":\"ImageObject\",\"inLanguage\":\"it-IT\",\"@id\":\"https:\/\/www.elementvape.de\/nl\/produkt\/horizontech-binaries-th6000-einweg-e-zigarette-6000-zuege\/#primaryimage\",\"url\":\"https:\/\/www.elementvape.de\/wp-content\/uploads\/2024\/06\/WatermelonPeachClear5.webp\",\"contentUrl\":\"https:\/\/www.elementvape.de\/wp-content\/uploads\/2024\/06\/WatermelonPeachClear5.webp\",\"width\":800,\"height\":800,\"caption\":\"WatermelonPeachClear5\"},{\"@type\":\"BreadcrumbList\",\"@id\":\"https:\/\/www.elementvape.de\/nl\/produkt\/horizontech-binaries-th6000-einweg-e-zigarette-6000-zuege\/#breadcrumb\",\"itemListElement\":[{\"@type\":\"ListItem\",\"position\":1,\"name\":\"Home\",\"item\":\"https:\/\/www.elementvape.de\/\"},{\"@type\":\"ListItem\",\"position\":2,\"name\":\"Shop\",\"item\":\"https:\/\/www.elementvape.de\/shop\/\"},{\"@type\":\"ListItem\",\"position\":3,\"name\":\"HorizonTech Binaries TH6000 Einweg-E-zigarette 6000 Z\u00fcge\"}]},{\"@type\":\"WebSite\",\"@id\":\"https:\/\/www.elementvape.de\/#website\",\"url\":\"https:\/\/www.elementvape.de\/\",\"name\":\"ElementVape.de\",\"description\":\"\",\"publisher\":{\"@id\":\"https:\/\/www.elementvape.de\/#organization\"},\"potentialAction\":[{\"@type\":\"SearchAction\",\"target\":{\"@type\":\"EntryPoint\",\"urlTemplate\":\"https:\/\/www.elementvape.de\/?s={search_term_string}\"},\"query-input\":\"required name=search_term_string\"}],\"inLanguage\":\"it-IT\"},{\"@type\":\"Organization\",\"@id\":\"https:\/\/www.elementvape.de\/#organization\",\"name\":\"ElementVape.DE\",\"url\":\"https:\/\/www.elementvape.de\/\",\"logo\":{\"@type\":\"ImageObject\",\"inLanguage\":\"it-IT\",\"@id\":\"https:\/\/www.elementvape.de\/#\/schema\/logo\/image\/\",\"url\":\"https:\/\/www.elementvape.de\/wp-content\/uploads\/2024\/09\/cropped-1elementvape-3.png\",\"contentUrl\":\"https:\/\/www.elementvape.de\/wp-content\/uploads\/2024\/09\/cropped-1elementvape-3.png\",\"width\":285,\"height\":228,\"caption\":\"ElementVape.DE\"},\"image\":{\"@id\":\"https:\/\/www.elementvape.de\/#\/schema\/logo\/image\/\"}}]}<\/script>\n<!-- \/ Yoast SEO plugin. -->","yoast_head_json":{"title":"HorizonTech Binaries TH6000 Einweg-E-zigarette 6000 Z\u00fcge | ElementVape.de","description":"Wir bieten HorizonTech Binaries TH6000 Einweg-E-zigarette 6000 Z\u00fcge , Elementvape.de akzeptieren Gro\u00df-und Einzelhandel Bestellungen.","robots":{"index":"index","follow":"follow","max-snippet":"max-snippet:-1","max-image-preview":"max-image-preview:large","max-video-preview":"max-video-preview:-1"},"canonical":"https:\/\/www.elementvape.de\/it\/produkt\/horizontech-binaries-th6000-einweg-e-zigarette-6000-zuege\/","og_locale":"it_IT","og_type":"article","og_title":"HorizonTech Binaries TH6000 Einweg-E-zigarette 6000 Z\u00fcge | ElementVape.de","og_description":"Wir bieten HorizonTech Binaries TH6000 Einweg-E-zigarette 6000 Z\u00fcge , Elementvape.de akzeptieren Gro\u00df-und Einzelhandel Bestellungen.","og_url":"https:\/\/www.elementvape.de\/it\/produkt\/horizontech-binaries-th6000-einweg-e-zigarette-6000-zuege\/","og_site_name":"ElementVape.de","article_modified_time":"2024-09-12T10:35:58+00:00","og_image":[{"width":800,"height":800,"url":"https:\/\/www.elementvape.de\/wp-content\/uploads\/2024\/06\/WatermelonPeachClear5.webp","type":"image\/webp"}],"twitter_card":"summary_large_image","twitter_misc":{"Est. reading time":"2 minuti"},"schema":{"@context":"https:\/\/schema.org","@graph":[{"@type":"WebPage","@id":"https:\/\/www.elementvape.de\/nl\/produkt\/horizontech-binaries-th6000-einweg-e-zigarette-6000-zuege\/","url":"https:\/\/www.elementvape.de\/nl\/produkt\/horizontech-binaries-th6000-einweg-e-zigarette-6000-zuege\/","name":"HorizonTech Binaries TH6000 Einweg-E-zigarette 6000 Z\u00fcge | ElementVape.de","isPartOf":{"@id":"https:\/\/www.elementvape.de\/#website"},"primaryImageOfPage":{"@id":"https:\/\/www.elementvape.de\/nl\/produkt\/horizontech-binaries-th6000-einweg-e-zigarette-6000-zuege\/#primaryimage"},"image":{"@id":"https:\/\/www.elementvape.de\/nl\/produkt\/horizontech-binaries-th6000-einweg-e-zigarette-6000-zuege\/#primaryimage"},"thumbnailUrl":"https:\/\/www.elementvape.de\/wp-content\/uploads\/2024\/06\/WatermelonPeachClear5.webp","datePublished":"2024-06-18T07:57:34+00:00","dateModified":"2024-09-12T10:35:58+00:00","description":"Wir bieten HorizonTech Binaries TH6000 Einweg-E-zigarette 6000 Z\u00fcge , Elementvape.de akzeptieren Gro\u00df-und Einzelhandel Bestellungen.","breadcrumb":{"@id":"https:\/\/www.elementvape.de\/nl\/produkt\/horizontech-binaries-th6000-einweg-e-zigarette-6000-zuege\/#breadcrumb"},"inLanguage":"it-IT","potentialAction":[{"@type":"ReadAction","target":["https:\/\/www.elementvape.de\/nl\/produkt\/horizontech-binaries-th6000-einweg-e-zigarette-6000-zuege\/"]}]},{"@type":"ImageObject","inLanguage":"it-IT","@id":"https:\/\/www.elementvape.de\/nl\/produkt\/horizontech-binaries-th6000-einweg-e-zigarette-6000-zuege\/#primaryimage","url":"https:\/\/www.elementvape.de\/wp-content\/uploads\/2024\/06\/WatermelonPeachClear5.webp","contentUrl":"https:\/\/www.elementvape.de\/wp-content\/uploads\/2024\/06\/WatermelonPeachClear5.webp","width":800,"height":800,"caption":"WatermelonPeachClear5"},{"@type":"BreadcrumbList","@id":"https:\/\/www.elementvape.de\/nl\/produkt\/horizontech-binaries-th6000-einweg-e-zigarette-6000-zuege\/#breadcrumb","itemListElement":[{"@type":"ListItem","position":1,"name":"Home","item":"https:\/\/www.elementvape.de\/"},{"@type":"ListItem","position":2,"name":"Shop","item":"https:\/\/www.elementvape.de\/shop\/"},{"@type":"ListItem","position":3,"name":"HorizonTech Binaries TH6000 Einweg-E-zigarette 6000 Z\u00fcge"}]},{"@type":"WebSite","@id":"https:\/\/www.elementvape.de\/#website","url":"https:\/\/www.elementvape.de\/","name":"ElementVape.de","description":"","publisher":{"@id":"https:\/\/www.elementvape.de\/#organization"},"potentialAction":[{"@type":"SearchAction","target":{"@type":"EntryPoint","urlTemplate":"https:\/\/www.elementvape.de\/?s={search_term_string}"},"query-input":"required name=search_term_string"}],"inLanguage":"it-IT"},{"@type":"Organization","@id":"https:\/\/www.elementvape.de\/#organization","name":"ElementVape.DE","url":"https:\/\/www.elementvape.de\/","logo":{"@type":"ImageObject","inLanguage":"it-IT","@id":"https:\/\/www.elementvape.de\/#\/schema\/logo\/image\/","url":"https:\/\/www.elementvape.de\/wp-content\/uploads\/2024\/09\/cropped-1elementvape-3.png","contentUrl":"https:\/\/www.elementvape.de\/wp-content\/uploads\/2024\/09\/cropped-1elementvape-3.png","width":285,"height":228,"caption":"ElementVape.DE"},"image":{"@id":"https:\/\/www.elementvape.de\/#\/schema\/logo\/image\/"}}]}},"_links":{"self":[{"href":"https:\/\/www.elementvape.de\/it\/wp-json\/wp\/v2\/product\/12397"}],"collection":[{"href":"https:\/\/www.elementvape.de\/it\/wp-json\/wp\/v2\/product"}],"about":[{"href":"https:\/\/www.elementvape.de\/it\/wp-json\/wp\/v2\/types\/product"}],"wp:featuredmedia":[{"embeddable":true,"href":"https:\/\/www.elementvape.de\/it\/wp-json\/wp\/v2\/media\/12399"}],"wp:attachment":[{"href":"https:\/\/www.elementvape.de\/it\/wp-json\/wp\/v2\/media?parent=12397"}],"wp:term":[{"taxonomy":"product_cat","embeddable":true,"href":"https:\/\/www.elementvape.de\/it\/wp-json\/wp\/v2\/product_cat?post=12397"},{"taxonomy":"product_tag","embeddable":true,"href":"https:\/\/www.elementvape.de\/it\/wp-json\/wp\/v2\/product_tag?post=12397"}],"curies":[{"name":"wp","href":"https:\/\/api.w.org\/{rel}","templated":true}]}}