{"id":12377,"date":"2024-06-18T06:21:06","date_gmt":"2024-06-18T06:21:06","guid":{"rendered":"https:\/\/www.elementvape.de\/?post_type=product&#038;p=12377"},"modified":"2024-09-12T10:36:00","modified_gmt":"2024-09-12T10:36:00","slug":"wotofo-manik-pod-mod-kit","status":"publish","type":"product","link":"https:\/\/www.elementvape.de\/it\/produkt\/wotofo-manik-pod-mod-kit\/","title":{"rendered":"Kit Pod Mod Wotofo Manik"},"content":{"rendered":"<div class=\"flex-shrink-0 flex flex-col relative items-end\">\n<div>\n<div class=\"pt-0.5 juice:pt-0\">\n<div class=\"gizmo-bot-avatar flex h-6 w-6 items-center justify-center overflow-hidden rounded-full juice:h-8 juice:w-8\">\n<div class=\"relative p-1 rounded-sm flex items-center justify-center bg-token-main-surface-primary text-token-text-primary h-8 w-8\"><\/div>\n<\/div>\n<\/div>\n<\/div>\n<\/div>\n<div class=\"group\/conversation-turn relative flex w-full min-w-0 flex-col agent-turn\">\n<div class=\"flex-col gap-1 md:gap-3\">\n<div class=\"flex flex-grow flex-col max-w-full\">\n<div class=\"min-h-[20px] text-message flex flex-col items-start whitespace-pre-wrap break-words [.text-message+&amp;]:mt-5 juice:w-full juice:items-end overflow-x-auto gap-2\" dir=\"auto\" data-message-author-role=\"assistant\" data-message-id=\"871d8f3c-b4aa-4fd2-8b3b-b5348a88d98c\">\n<div class=\"flex w-full flex-col gap-1 juice:empty:hidden juice:first:pt-[3px]\">\n<div class=\"markdown prose w-full break-words dark:prose-invert light\">\n<h3>Wotofo MANIK 80W Kit Pod Mod Descrizione del prodotto<\/h3>\n<p>Il <strong>Wotofo MANIK 80W Kit Pod Mod<\/strong> \u00e8 un dispositivo di vaping di alta qualit\u00e0 realizzato in lega di zinco e pelle con un rivestimento nanometrico per evitare usura e corrosione e garantire una superficie extra liscia. Con la sua finitura impeccabile a specchio in Prism Gunmetal, il Wotofo MANIK 80W <strong><a href=\"https:\/\/www.elementvape.de\/it\/c\/pod\/\">Pod<\/a><\/strong> Kit non solo offre un aspetto attraente, ma anche prestazioni e funzionalit\u00e0 impressionanti.<\/p>\n<h3>Caratteristiche principali<\/h3>\n<ul>\n<li><strong>Materiale:<\/strong> lega di zinco e pelle con rivestimento nanometrico per maggiore durabilit\u00e0 e superficie liscia<\/li>\n<li><strong>Finitura:<\/strong> Superficie a specchio impeccabile (Prism Gunmetal)<\/li>\n<li><strong>Tecnologia del chip:<\/strong> Dotato del nuovo sviluppato nexCHIP, che offre una velocit\u00e0 di accensione di 0,001 secondi<\/li>\n<li><strong>Batteria:<\/strong> Alimentato da una singola batteria 18650 con una potenza massima di 80 W (batteria non inclusa)<\/li>\n<li><strong>Display:<\/strong> Schermo TFT da 0,96 pollici con 6 temi di colore (cambiabili premendo contemporaneamente il pulsante di accensione e il pulsante \u201e+\u201c)<\/li>\n<li><strong>Operativit\u00e0:<\/strong> Blocco e sblocco delle impostazioni premendo contemporaneamente il pulsante \u201e+\u201c e il pulsante \u201e-\u201c<\/li>\n<li><strong>Compatibilit\u00e0:<\/strong> Compatibile con dispositivi Vaporesso e Voopoo che utilizzano coil GTX o coil PnP<\/li>\n<li><strong>Cartuccia:<\/strong> Wotofo MANIK-Cartuccia con capacit\u00e0 di 4,5 ml e design pratico a riempimento superiore<\/li>\n<\/ul>\n<h3>Funzioni di sicurezza<\/h3>\n<ul>\n<li><strong>Avviso di bassa tensione<\/strong><\/li>\n<li><strong>Spegnimento di sicurezza della temperatura PCBA<\/strong><\/li>\n<li><strong>Protezione da cortocircuito<\/strong><\/li>\n<li><strong>Protezione da resistenza bassa<\/strong><\/li>\n<li><strong>Protezione da surriscaldamento<\/strong><\/li>\n<\/ul>\n<h3>Parametri fisici<\/h3>\n<ul>\n<li><strong>Dimensione:<\/strong> 126 x 33 x 27 mm<\/li>\n<li><strong>Capacit\u00e0:<\/strong> 4,5 ml \/ 2 ml (TPD\/UK)<\/li>\n<li><strong>Resistenza:<\/strong> 0,2 \u03a9<\/li>\n<li><strong>Colore:<\/strong> Nano Gunmetal, Nano Chrome, Nano Black, Prism Gunmetal<\/li>\n<\/ul>\n<h3>Contenuto della confezione<\/h3>\n<ul>\n<li>1 x Kit Pod Mod MANIK<\/li>\n<li>1 x Cartuccia MANIK<\/li>\n<li>1 x Resistenza Clapton M D15 (gi\u00e0 installata)<\/li>\n<li>1 x Resistenza conico A1 D14<\/li>\n<li>1 x Manuale utente<\/li>\n<li>1 x Cavo di ricarica USB<\/li>\n<\/ul>\n<p>Il <strong>Wotofo MANIK 80W Kit Pod Mod<\/strong> combina un design elegante con tecnologia avanzata e facilit\u00e0 d'uso. \u00c8 la scelta perfetta per i vapers che apprezzano prestazioni, durabilit\u00e0 e un aspetto accattivante.<\/p>\n<\/div>\n<\/div>\n<\/div>\n<\/div>\n<\/div>\n<\/div>","protected":false},"excerpt":{"rendered":"<p>Wotofo MANIK 80W Pod Mod Kit Produktbeschreibung Das Wotofo MANIK 80W Pod Mod Kit ist ein hochwertiges Vaping-Ger\u00e4t, das aus Zinklegierung und Leder mit einer Nanobeschichtung besteht, um Verschlei\u00df und Korrosion zu vermeiden und eine extra glatte Oberfl\u00e4che zu gew\u00e4hrleisten. Mit seinem makellosen Spiegelfinish in Prism Gunmetal bietet das Wotofo MANIK 80W Pod Kit nicht [&hellip;]<\/p>","protected":false},"featured_media":12378,"template":"","meta":{"inline_featured_image":false},"product_cat":[754,745,742,748,744,755,738,751,77],"product_tag":[],"tiered_pricing_type":"fixed","tiered_pricing_fixed_rules":[],"tiered_pricing_percentage_rules":[],"tiered_pricing_minimum":1,"_administrator_tiered_pricing_type":"fixed","_administrator_tiered_pricing_fixed_rules":[],"_editor_tiered_pricing_type":"fixed","_editor_tiered_pricing_fixed_rules":[],"_author_tiered_pricing_type":"fixed","_author_tiered_pricing_fixed_rules":[],"_contributor_tiered_pricing_type":"fixed","_contributor_tiered_pricing_fixed_rules":[],"_subscriber_tiered_pricing_type":"fixed","_subscriber_tiered_pricing_fixed_rules":[],"_customer_tiered_pricing_type":"fixed","_customer_tiered_pricing_fixed_rules":[],"_shop_manager_tiered_pricing_type":"fixed","_shop_manager_tiered_pricing_fixed_rules":[],"_wpseo_manager_tiered_pricing_type":"fixed","_wpseo_manager_tiered_pricing_fixed_rules":[],"_wpseo_editor_tiered_pricing_type":"fixed","_wpseo_editor_tiered_pricing_fixed_rules":[],"_wholesale_customer_tiered_pricing_type":"fixed","_wholesale_customer_tiered_pricing_fixed_rules":[],"_marketer_tiered_pricing_type":"fixed","_marketer_tiered_pricing_fixed_rules":[],"_sales_manager_tiered_pricing_type":"fixed","_sales_manager_tiered_pricing_fixed_rules":[],"_sales_rep_tiered_pricing_type":"fixed","_sales_rep_tiered_pricing_fixed_rules":[],"yoast_head":"<!-- This site is optimized with the Yoast SEO plugin v23.3 - https:\/\/yoast.com\/wordpress\/plugins\/seo\/ -->\n<title>Wotofo Manik Pod Mod Kit | ElementVape.de<\/title>\n<meta name=\"description\" content=\"Wir bieten Wotofo Manik Pod Mod Kit , Elementvape.de akzeptieren Gro\u00df-und Einzelhandel Bestellungen.\" \/>\n<meta name=\"robots\" content=\"index, follow, max-snippet:-1, max-image-preview:large, max-video-preview:-1\" \/>\n<link rel=\"canonical\" href=\"https:\/\/www.elementvape.de\/it\/produkt\/wotofo-manik-pod-mod-kit\/\" \/>\n<meta property=\"og:locale\" content=\"it_IT\" \/>\n<meta property=\"og:type\" content=\"article\" \/>\n<meta property=\"og:title\" content=\"Wotofo Manik Pod Mod Kit | ElementVape.de\" \/>\n<meta property=\"og:description\" content=\"Wir bieten Wotofo Manik Pod Mod Kit , Elementvape.de akzeptieren Gro\u00df-und Einzelhandel Bestellungen.\" \/>\n<meta property=\"og:url\" content=\"https:\/\/www.elementvape.de\/it\/produkt\/wotofo-manik-pod-mod-kit\/\" \/>\n<meta property=\"og:site_name\" content=\"ElementVape.de\" \/>\n<meta property=\"article:modified_time\" content=\"2024-09-12T10:36:00+00:00\" \/>\n<meta property=\"og:image\" content=\"https:\/\/www.elementvape.de\/wp-content\/uploads\/2024\/06\/Wotofo-Manik-Pod-Mod-Kit.webp\" \/>\n\t<meta property=\"og:image:width\" content=\"600\" \/>\n\t<meta property=\"og:image:height\" content=\"600\" \/>\n\t<meta property=\"og:image:type\" content=\"image\/webp\" \/>\n<meta name=\"twitter:card\" content=\"summary_large_image\" \/>\n<meta name=\"twitter:label1\" content=\"Est. reading time\" \/>\n\t<meta name=\"twitter:data1\" content=\"2 minuti\" \/>\n<script type=\"application\/ld+json\" class=\"yoast-schema-graph\">{\"@context\":\"https:\/\/schema.org\",\"@graph\":[{\"@type\":\"WebPage\",\"@id\":\"https:\/\/www.elementvape.de\/sv\/produkt\/wotofo-manik-pod-mod-kit\/\",\"url\":\"https:\/\/www.elementvape.de\/sv\/produkt\/wotofo-manik-pod-mod-kit\/\",\"name\":\"Wotofo Manik Pod Mod Kit | ElementVape.de\",\"isPartOf\":{\"@id\":\"https:\/\/www.elementvape.de\/#website\"},\"primaryImageOfPage\":{\"@id\":\"https:\/\/www.elementvape.de\/sv\/produkt\/wotofo-manik-pod-mod-kit\/#primaryimage\"},\"image\":{\"@id\":\"https:\/\/www.elementvape.de\/sv\/produkt\/wotofo-manik-pod-mod-kit\/#primaryimage\"},\"thumbnailUrl\":\"https:\/\/www.elementvape.de\/wp-content\/uploads\/2024\/06\/Wotofo-Manik-Pod-Mod-Kit.webp\",\"datePublished\":\"2024-06-18T06:21:06+00:00\",\"dateModified\":\"2024-09-12T10:36:00+00:00\",\"description\":\"Wir bieten Wotofo Manik Pod Mod Kit , Elementvape.de akzeptieren Gro\u00df-und Einzelhandel Bestellungen.\",\"breadcrumb\":{\"@id\":\"https:\/\/www.elementvape.de\/sv\/produkt\/wotofo-manik-pod-mod-kit\/#breadcrumb\"},\"inLanguage\":\"it-IT\",\"potentialAction\":[{\"@type\":\"ReadAction\",\"target\":[\"https:\/\/www.elementvape.de\/sv\/produkt\/wotofo-manik-pod-mod-kit\/\"]}]},{\"@type\":\"ImageObject\",\"inLanguage\":\"it-IT\",\"@id\":\"https:\/\/www.elementvape.de\/sv\/produkt\/wotofo-manik-pod-mod-kit\/#primaryimage\",\"url\":\"https:\/\/www.elementvape.de\/wp-content\/uploads\/2024\/06\/Wotofo-Manik-Pod-Mod-Kit.webp\",\"contentUrl\":\"https:\/\/www.elementvape.de\/wp-content\/uploads\/2024\/06\/Wotofo-Manik-Pod-Mod-Kit.webp\",\"width\":600,\"height\":600,\"caption\":\"Wotofo-Manik-Pod-Mod-Kit\"},{\"@type\":\"BreadcrumbList\",\"@id\":\"https:\/\/www.elementvape.de\/sv\/produkt\/wotofo-manik-pod-mod-kit\/#breadcrumb\",\"itemListElement\":[{\"@type\":\"ListItem\",\"position\":1,\"name\":\"Home\",\"item\":\"https:\/\/www.elementvape.de\/\"},{\"@type\":\"ListItem\",\"position\":2,\"name\":\"Shop\",\"item\":\"https:\/\/www.elementvape.de\/shop\/\"},{\"@type\":\"ListItem\",\"position\":3,\"name\":\"Wotofo Manik Pod Mod Kit\"}]},{\"@type\":\"WebSite\",\"@id\":\"https:\/\/www.elementvape.de\/#website\",\"url\":\"https:\/\/www.elementvape.de\/\",\"name\":\"ElementVape.de\",\"description\":\"\",\"publisher\":{\"@id\":\"https:\/\/www.elementvape.de\/#organization\"},\"potentialAction\":[{\"@type\":\"SearchAction\",\"target\":{\"@type\":\"EntryPoint\",\"urlTemplate\":\"https:\/\/www.elementvape.de\/?s={search_term_string}\"},\"query-input\":\"required name=search_term_string\"}],\"inLanguage\":\"it-IT\"},{\"@type\":\"Organization\",\"@id\":\"https:\/\/www.elementvape.de\/#organization\",\"name\":\"ElementVape.DE\",\"url\":\"https:\/\/www.elementvape.de\/\",\"logo\":{\"@type\":\"ImageObject\",\"inLanguage\":\"it-IT\",\"@id\":\"https:\/\/www.elementvape.de\/#\/schema\/logo\/image\/\",\"url\":\"https:\/\/www.elementvape.de\/wp-content\/uploads\/2024\/09\/cropped-1elementvape-3.png\",\"contentUrl\":\"https:\/\/www.elementvape.de\/wp-content\/uploads\/2024\/09\/cropped-1elementvape-3.png\",\"width\":285,\"height\":228,\"caption\":\"ElementVape.DE\"},\"image\":{\"@id\":\"https:\/\/www.elementvape.de\/#\/schema\/logo\/image\/\"}}]}<\/script>\n<!-- \/ Yoast SEO plugin. -->","yoast_head_json":{"title":"Wotofo Manik Pod Mod Kit | ElementVape.de","description":"Wir bieten Wotofo Manik Pod Mod Kit , Elementvape.de akzeptieren Gro\u00df-und Einzelhandel Bestellungen.","robots":{"index":"index","follow":"follow","max-snippet":"max-snippet:-1","max-image-preview":"max-image-preview:large","max-video-preview":"max-video-preview:-1"},"canonical":"https:\/\/www.elementvape.de\/it\/produkt\/wotofo-manik-pod-mod-kit\/","og_locale":"it_IT","og_type":"article","og_title":"Wotofo Manik Pod Mod Kit | ElementVape.de","og_description":"Wir bieten Wotofo Manik Pod Mod Kit , Elementvape.de akzeptieren Gro\u00df-und Einzelhandel Bestellungen.","og_url":"https:\/\/www.elementvape.de\/it\/produkt\/wotofo-manik-pod-mod-kit\/","og_site_name":"ElementVape.de","article_modified_time":"2024-09-12T10:36:00+00:00","og_image":[{"width":600,"height":600,"url":"https:\/\/www.elementvape.de\/wp-content\/uploads\/2024\/06\/Wotofo-Manik-Pod-Mod-Kit.webp","type":"image\/webp"}],"twitter_card":"summary_large_image","twitter_misc":{"Est. reading time":"2 minuti"},"schema":{"@context":"https:\/\/schema.org","@graph":[{"@type":"WebPage","@id":"https:\/\/www.elementvape.de\/sv\/produkt\/wotofo-manik-pod-mod-kit\/","url":"https:\/\/www.elementvape.de\/sv\/produkt\/wotofo-manik-pod-mod-kit\/","name":"Wotofo Manik Pod Mod Kit | ElementVape.de","isPartOf":{"@id":"https:\/\/www.elementvape.de\/#website"},"primaryImageOfPage":{"@id":"https:\/\/www.elementvape.de\/sv\/produkt\/wotofo-manik-pod-mod-kit\/#primaryimage"},"image":{"@id":"https:\/\/www.elementvape.de\/sv\/produkt\/wotofo-manik-pod-mod-kit\/#primaryimage"},"thumbnailUrl":"https:\/\/www.elementvape.de\/wp-content\/uploads\/2024\/06\/Wotofo-Manik-Pod-Mod-Kit.webp","datePublished":"2024-06-18T06:21:06+00:00","dateModified":"2024-09-12T10:36:00+00:00","description":"Wir bieten Wotofo Manik Pod Mod Kit , Elementvape.de akzeptieren Gro\u00df-und Einzelhandel Bestellungen.","breadcrumb":{"@id":"https:\/\/www.elementvape.de\/sv\/produkt\/wotofo-manik-pod-mod-kit\/#breadcrumb"},"inLanguage":"it-IT","potentialAction":[{"@type":"ReadAction","target":["https:\/\/www.elementvape.de\/sv\/produkt\/wotofo-manik-pod-mod-kit\/"]}]},{"@type":"ImageObject","inLanguage":"it-IT","@id":"https:\/\/www.elementvape.de\/sv\/produkt\/wotofo-manik-pod-mod-kit\/#primaryimage","url":"https:\/\/www.elementvape.de\/wp-content\/uploads\/2024\/06\/Wotofo-Manik-Pod-Mod-Kit.webp","contentUrl":"https:\/\/www.elementvape.de\/wp-content\/uploads\/2024\/06\/Wotofo-Manik-Pod-Mod-Kit.webp","width":600,"height":600,"caption":"Wotofo-Manik-Pod-Mod-Kit"},{"@type":"BreadcrumbList","@id":"https:\/\/www.elementvape.de\/sv\/produkt\/wotofo-manik-pod-mod-kit\/#breadcrumb","itemListElement":[{"@type":"ListItem","position":1,"name":"Home","item":"https:\/\/www.elementvape.de\/"},{"@type":"ListItem","position":2,"name":"Shop","item":"https:\/\/www.elementvape.de\/shop\/"},{"@type":"ListItem","position":3,"name":"Wotofo Manik Pod Mod Kit"}]},{"@type":"WebSite","@id":"https:\/\/www.elementvape.de\/#website","url":"https:\/\/www.elementvape.de\/","name":"ElementVape.de","description":"","publisher":{"@id":"https:\/\/www.elementvape.de\/#organization"},"potentialAction":[{"@type":"SearchAction","target":{"@type":"EntryPoint","urlTemplate":"https:\/\/www.elementvape.de\/?s={search_term_string}"},"query-input":"required name=search_term_string"}],"inLanguage":"it-IT"},{"@type":"Organization","@id":"https:\/\/www.elementvape.de\/#organization","name":"ElementVape.DE","url":"https:\/\/www.elementvape.de\/","logo":{"@type":"ImageObject","inLanguage":"it-IT","@id":"https:\/\/www.elementvape.de\/#\/schema\/logo\/image\/","url":"https:\/\/www.elementvape.de\/wp-content\/uploads\/2024\/09\/cropped-1elementvape-3.png","contentUrl":"https:\/\/www.elementvape.de\/wp-content\/uploads\/2024\/09\/cropped-1elementvape-3.png","width":285,"height":228,"caption":"ElementVape.DE"},"image":{"@id":"https:\/\/www.elementvape.de\/#\/schema\/logo\/image\/"}}]}},"_links":{"self":[{"href":"https:\/\/www.elementvape.de\/it\/wp-json\/wp\/v2\/product\/12377"}],"collection":[{"href":"https:\/\/www.elementvape.de\/it\/wp-json\/wp\/v2\/product"}],"about":[{"href":"https:\/\/www.elementvape.de\/it\/wp-json\/wp\/v2\/types\/product"}],"wp:featuredmedia":[{"embeddable":true,"href":"https:\/\/www.elementvape.de\/it\/wp-json\/wp\/v2\/media\/12378"}],"wp:attachment":[{"href":"https:\/\/www.elementvape.de\/it\/wp-json\/wp\/v2\/media?parent=12377"}],"wp:term":[{"taxonomy":"product_cat","embeddable":true,"href":"https:\/\/www.elementvape.de\/it\/wp-json\/wp\/v2\/product_cat?post=12377"},{"taxonomy":"product_tag","embeddable":true,"href":"https:\/\/www.elementvape.de\/it\/wp-json\/wp\/v2\/product_tag?post=12377"}],"curies":[{"name":"wp","href":"https:\/\/api.w.org\/{rel}","templated":true}]}}