{"id":12276,"date":"2024-06-17T09:42:26","date_gmt":"2024-06-17T09:42:26","guid":{"rendered":"https:\/\/www.elementvape.de\/?post_type=product&#038;p=12276"},"modified":"2024-09-12T10:36:03","modified_gmt":"2024-09-12T10:36:03","slug":"voopoo-drag-s2-pod-mod-kit","status":"publish","type":"product","link":"https:\/\/www.elementvape.de\/it\/produkt\/voopoo-drag-s2-pod-mod-kit\/","title":{"rendered":"Kit Pod Mod VOOPOO DRAG S2"},"content":{"rendered":"<div class=\"flex-shrink-0 flex flex-col relative items-end\">\n<div>\n<div class=\"pt-0.5 juice:pt-0\">\n<div class=\"gizmo-bot-avatar flex h-6 w-6 items-center justify-center overflow-hidden rounded-full juice:h-8 juice:w-8\">\n<h2 class=\"relative p-1 rounded-sm flex items-center justify-center bg-token-main-surface-primary text-token-text-primary h-8 w-8\"><span style=\"font-size: 1.618em;\">Descrizione del prodotto: VOOPOO DRAG S2 Pod Kit<\/span><\/h2>\n<\/div>\n<\/div>\n<\/div>\n<\/div>\n<div class=\"group\/conversation-turn relative flex w-full min-w-0 flex-col agent-turn\">\n<div class=\"flex-col gap-1 md:gap-3\">\n<div class=\"flex flex-grow flex-col max-w-full\">\n<div class=\"min-h-[20px] text-message flex flex-col items-start whitespace-pre-wrap break-words [.text-message+&amp;]:mt-5 juice:w-full juice:items-end overflow-x-auto gap-2\" dir=\"auto\" data-message-author-role=\"assistant\" data-message-id=\"c61eb416-2b5b-4f6b-8a43-13168ac8d435\">\n<div class=\"flex w-full flex-col gap-1 juice:empty:hidden juice:first:pt-[3px]\">\n<div class=\"markdown prose w-full break-words dark:prose-invert light\">\n<p>Il VOOPOO DRAG S2 Pod Kit offre due versioni, MTL (Bocca a polmone) e DTL (Diretto a polmone), appositamente sviluppate per soddisfare le diverse esigenze dei vapers. Con il beccuccio MTL sottile per una forte aspirazione e il beccuccio DTL largo per quantit\u00e0 maggiori di vapore, il DRAG S2 soddisfa tutte le richieste. La nuova piattaforma di coil PnP X offre miglioramenti di prestazioni eccezionali in un corpo compatto, consentendoti di inalare fino a 100 ml di e-liquid senza perdere sapore o bruciare la coil.<\/p>\n<h4>Caratteristiche<\/h4>\n<ul>\n<li><strong>Due versioni<\/strong>: MTL e DTL<\/li>\n<li><strong>Beccuccio MTL<\/strong>: Sottile e resistente, ideale per basse potenze e piccolo flusso d'aria<\/li>\n<li><strong>Beccuccio DTL<\/strong>: Largo, ideale per quantit\u00e0 maggiori di vapore<\/li>\n<li><strong>Piattaforma di coil PnP X<\/strong>: Compatta e potente<\/li>\n<li><strong>Prestazioni durature<\/strong>: Fino a 100 ml di e-liquid senza perdita di sapore o coil bruciate<\/li>\n<\/ul>\n<h4>Parametri <strong>Versione MTL<\/strong><\/h4>\n<ul>\n<li><strong>Cartuccia<\/strong>: Cartuccia PnP X MTL\n<ul>\n<li><strong>Capacit\u00e0<\/strong>: 5,0 ml \/ 2,0 ml<\/li>\n<li><strong>Ricarica<\/strong>: Ricarica laterale<\/li>\n<li><strong>Resistenza<\/strong>: 0,3 \u03a9 \/ 0,6 \u03a9<\/li>\n<li><strong>E-Liquid consigliato<\/strong>: 50 % VG, Nicotina \u2264 35 mg<\/li>\n<li><strong>Drip Tip<\/strong>: PnP X 510 DTL (gi\u00e0 installato) \/ PnP X 510 MTL (sostituibile)<\/li>\n<li><strong>Resistenze standard<\/strong>: PnP X 0,3 \u03a9 \/ PnP X 0,6 \u03a9<\/li>\n<\/ul>\n<\/li>\n<li><strong>Dispositivo<\/strong>: VOOPOO DRAG S2\n<ul>\n<li><strong>Materiale<\/strong>: Lega di zinco + pelle<\/li>\n<li><strong>Potenza in uscita<\/strong>: 5-60 W (regolabile)<\/li>\n<li><strong>Tensione di uscita<\/strong>: 3,2-4,2 V<\/li>\n<li><strong>Resistenza<\/strong>: 0,1-3,0 \u03a9<\/li>\n<li><strong>Capacit\u00e0 della batteria<\/strong>: 2500 mAh (integrato)<\/li>\n<li><strong>Display<\/strong>: Schermo TFT da 0,96\u2033<\/li>\n<\/ul>\n<\/li>\n<\/ul>\n<p><strong>Versione DTL<\/strong><\/p>\n<ul>\n<li><strong>Cartuccia<\/strong>: Cartuccia PnP X DTL\n<ul>\n<li><strong>Capacit\u00e0<\/strong>: 5,0 ml \/ 2,0 ml<\/li>\n<li><strong>Ricarica<\/strong>: Ricarica laterale<\/li>\n<li><strong>Resistenza<\/strong>: 0,2 \u03a9 \/ 0,3 \u03a9<\/li>\n<li><strong>E-Liquid consigliato<\/strong>: 50-70 % VG, Nicotina \u2264 35 mg<\/li>\n<li><strong>Resistenze standard<\/strong>: PnP X 0,2 \u03a9 \/ PnP X 0,3 \u03a9<\/li>\n<\/ul>\n<\/li>\n<li><strong>Dispositivo<\/strong>: VOOPOO DRAG S2\n<ul>\n<li><strong>Materiale<\/strong>: Lega di zinco + pelle<\/li>\n<li><strong>Potenza in uscita<\/strong>: 5-60 W (regolabile)<\/li>\n<li><strong>Tensione di uscita<\/strong>: 3,2-4,2 V<\/li>\n<li><strong>Resistenza<\/strong>: 0,1-3,0 \u03a9<\/li>\n<li><strong>Capacit\u00e0 della batteria<\/strong>: 2500 mAh (integrato)<\/li>\n<li><strong>Display<\/strong>: Schermo TFT da 0,96\u2033<\/li>\n<\/ul>\n<\/li>\n<\/ul>\n<h4>Contenuto della confezione<\/h4>\n<p><strong>Versione MTL<\/strong><\/p>\n<ul>\n<li>1 x Dispositivo VOOPOO DRAG S2<\/li>\n<li>1 x Cartuccia PnP X MTL (5 ml)<\/li>\n<li>1 x PnP X 0,3 \u03a9 (preinstallato)<\/li>\n<li>1 x PnP X 0,6 \u03a9<\/li>\n<li>1 x PnP X Drip Tip MTL 510 (sostituibile)<\/li>\n<li>1 x Manuale utente<\/li>\n<li>1 x Cavo di ricarica Tipo-C<\/li>\n<li>1 x Scheda piattaforma PnP X<\/li>\n<\/ul>\n<p><strong>Versione DTL<\/strong><\/p>\n<ul>\n<li>1 x Dispositivo VOOPOO DRAG S2<\/li>\n<li>1 x Cartuccia PnP X DTL (5 ml)<\/li>\n<li>1 x PnP X 0,3 \u03a9 (preinstallato)<\/li>\n<li>1 x PnP X 0,2 \u03a9<\/li>\n<li>1 x Manuale utente<\/li>\n<li>1 x Cavo di ricarica Tipo-C<\/li>\n<li>1 x Scheda piattaforma PnP X<\/li>\n<\/ul>\n<p>Vivi l'esperienza con il kit pod VOOPOO DRAG S2 per un'esperienza di svapo eccezionale, personalizzata per le tue preferenze MTL o DTL. Ora disponibile su Vapewholesaleglobal a prezzi all'ingrosso migliori!<\/p>\n<\/div>\n<\/div>\n<\/div>\n<\/div>\n<\/div>\n<\/div>","protected":false},"excerpt":{"rendered":"<p>Produktbeschreibung: VOOPOO DRAG S2 Pod Kit Das VOOPOO DRAG S2 Pod Kit bietet zwei Versionen, MTL (Mouth-to-Lung) und DTL (Direct-to-Lung), die speziell entwickelt wurden, um unterschiedlichen Dampferbed\u00fcrfnissen gerecht zu werden. Mit dem schlanken MTL-Tropfst\u00fcck f\u00fcr starke Saugkraft und das breite DTL-Tropfst\u00fcck f\u00fcr gr\u00f6\u00dfere Dampfmengen erf\u00fcllt das DRAG S2 alle Anforderungen. Die neue PnP X-Spulenplattform bietet [&hellip;]<\/p>","protected":false},"featured_media":12277,"template":"","meta":{"inline_featured_image":false},"product_cat":[754,745,742,748,744,755,738,751,77],"product_tag":[],"tiered_pricing_type":"fixed","tiered_pricing_fixed_rules":[],"tiered_pricing_percentage_rules":[],"tiered_pricing_minimum":1,"_administrator_tiered_pricing_type":"fixed","_administrator_tiered_pricing_fixed_rules":[],"_editor_tiered_pricing_type":"fixed","_editor_tiered_pricing_fixed_rules":[],"_author_tiered_pricing_type":"fixed","_author_tiered_pricing_fixed_rules":[],"_contributor_tiered_pricing_type":"fixed","_contributor_tiered_pricing_fixed_rules":[],"_subscriber_tiered_pricing_type":"fixed","_subscriber_tiered_pricing_fixed_rules":[],"_customer_tiered_pricing_type":"fixed","_customer_tiered_pricing_fixed_rules":[],"_shop_manager_tiered_pricing_type":"fixed","_shop_manager_tiered_pricing_fixed_rules":[],"_wpseo_manager_tiered_pricing_type":"fixed","_wpseo_manager_tiered_pricing_fixed_rules":[],"_wpseo_editor_tiered_pricing_type":"fixed","_wpseo_editor_tiered_pricing_fixed_rules":[],"_wholesale_customer_tiered_pricing_type":"fixed","_wholesale_customer_tiered_pricing_fixed_rules":[],"_marketer_tiered_pricing_type":"fixed","_marketer_tiered_pricing_fixed_rules":[],"_sales_manager_tiered_pricing_type":"fixed","_sales_manager_tiered_pricing_fixed_rules":[],"_sales_rep_tiered_pricing_type":"fixed","_sales_rep_tiered_pricing_fixed_rules":[],"yoast_head":"<!-- This site is optimized with the Yoast SEO plugin v23.3 - https:\/\/yoast.com\/wordpress\/plugins\/seo\/ -->\n<title>VOOPOO DRAG S2 Pod Mod Kit | ElementVape.de<\/title>\n<meta name=\"description\" content=\"Wir bieten VOOPOO DRAG S2 Pod Mod Kit , Elementvape.de akzeptieren Gro\u00df-und Einzelhandel Bestellungen.\" \/>\n<meta name=\"robots\" content=\"index, follow, max-snippet:-1, max-image-preview:large, max-video-preview:-1\" \/>\n<link rel=\"canonical\" href=\"https:\/\/www.elementvape.de\/it\/produkt\/voopoo-drag-s2-pod-mod-kit\/\" \/>\n<meta property=\"og:locale\" content=\"it_IT\" \/>\n<meta property=\"og:type\" content=\"article\" \/>\n<meta property=\"og:title\" content=\"VOOPOO DRAG S2 Pod Mod Kit | ElementVape.de\" \/>\n<meta property=\"og:description\" content=\"Wir bieten VOOPOO DRAG S2 Pod Mod Kit , Elementvape.de akzeptieren Gro\u00df-und Einzelhandel Bestellungen.\" \/>\n<meta property=\"og:url\" content=\"https:\/\/www.elementvape.de\/it\/produkt\/voopoo-drag-s2-pod-mod-kit\/\" \/>\n<meta property=\"og:site_name\" content=\"ElementVape.de\" \/>\n<meta property=\"article:modified_time\" content=\"2024-09-12T10:36:03+00:00\" \/>\n<meta property=\"og:image\" content=\"https:\/\/www.elementvape.de\/wp-content\/uploads\/2024\/06\/VOOPOO-DRAG-S2-Pod-KIT-RDL-08.webp\" \/>\n\t<meta property=\"og:image:width\" content=\"800\" \/>\n\t<meta property=\"og:image:height\" content=\"800\" \/>\n\t<meta property=\"og:image:type\" content=\"image\/webp\" \/>\n<meta name=\"twitter:card\" content=\"summary_large_image\" \/>\n<meta name=\"twitter:label1\" content=\"Est. reading time\" \/>\n\t<meta name=\"twitter:data1\" content=\"3 minuti\" \/>\n<script type=\"application\/ld+json\" class=\"yoast-schema-graph\">{\"@context\":\"https:\/\/schema.org\",\"@graph\":[{\"@type\":\"WebPage\",\"@id\":\"https:\/\/www.elementvape.de\/fi\/produkt\/voopoo-drag-s2-pod-mod-kit\/\",\"url\":\"https:\/\/www.elementvape.de\/fi\/produkt\/voopoo-drag-s2-pod-mod-kit\/\",\"name\":\"VOOPOO DRAG S2 Pod Mod Kit | ElementVape.de\",\"isPartOf\":{\"@id\":\"https:\/\/www.elementvape.de\/#website\"},\"primaryImageOfPage\":{\"@id\":\"https:\/\/www.elementvape.de\/fi\/produkt\/voopoo-drag-s2-pod-mod-kit\/#primaryimage\"},\"image\":{\"@id\":\"https:\/\/www.elementvape.de\/fi\/produkt\/voopoo-drag-s2-pod-mod-kit\/#primaryimage\"},\"thumbnailUrl\":\"https:\/\/www.elementvape.de\/wp-content\/uploads\/2024\/06\/VOOPOO-DRAG-S2-Pod-KIT-RDL-08.webp\",\"datePublished\":\"2024-06-17T09:42:26+00:00\",\"dateModified\":\"2024-09-12T10:36:03+00:00\",\"description\":\"Wir bieten VOOPOO DRAG S2 Pod Mod Kit , Elementvape.de akzeptieren Gro\u00df-und Einzelhandel Bestellungen.\",\"breadcrumb\":{\"@id\":\"https:\/\/www.elementvape.de\/fi\/produkt\/voopoo-drag-s2-pod-mod-kit\/#breadcrumb\"},\"inLanguage\":\"it-IT\",\"potentialAction\":[{\"@type\":\"ReadAction\",\"target\":[\"https:\/\/www.elementvape.de\/fi\/produkt\/voopoo-drag-s2-pod-mod-kit\/\"]}]},{\"@type\":\"ImageObject\",\"inLanguage\":\"it-IT\",\"@id\":\"https:\/\/www.elementvape.de\/fi\/produkt\/voopoo-drag-s2-pod-mod-kit\/#primaryimage\",\"url\":\"https:\/\/www.elementvape.de\/wp-content\/uploads\/2024\/06\/VOOPOO-DRAG-S2-Pod-KIT-RDL-08.webp\",\"contentUrl\":\"https:\/\/www.elementvape.de\/wp-content\/uploads\/2024\/06\/VOOPOO-DRAG-S2-Pod-KIT-RDL-08.webp\",\"width\":800,\"height\":800,\"caption\":\"VOOPOO-DRAG-S2-Pod-KIT-RDL-08\"},{\"@type\":\"BreadcrumbList\",\"@id\":\"https:\/\/www.elementvape.de\/fi\/produkt\/voopoo-drag-s2-pod-mod-kit\/#breadcrumb\",\"itemListElement\":[{\"@type\":\"ListItem\",\"position\":1,\"name\":\"Home\",\"item\":\"https:\/\/www.elementvape.de\/\"},{\"@type\":\"ListItem\",\"position\":2,\"name\":\"Shop\",\"item\":\"https:\/\/www.elementvape.de\/shop\/\"},{\"@type\":\"ListItem\",\"position\":3,\"name\":\"VOOPOO DRAG S2 Pod Mod Kit\"}]},{\"@type\":\"WebSite\",\"@id\":\"https:\/\/www.elementvape.de\/#website\",\"url\":\"https:\/\/www.elementvape.de\/\",\"name\":\"ElementVape.de\",\"description\":\"\",\"publisher\":{\"@id\":\"https:\/\/www.elementvape.de\/#organization\"},\"potentialAction\":[{\"@type\":\"SearchAction\",\"target\":{\"@type\":\"EntryPoint\",\"urlTemplate\":\"https:\/\/www.elementvape.de\/?s={search_term_string}\"},\"query-input\":\"required name=search_term_string\"}],\"inLanguage\":\"it-IT\"},{\"@type\":\"Organization\",\"@id\":\"https:\/\/www.elementvape.de\/#organization\",\"name\":\"ElementVape.DE\",\"url\":\"https:\/\/www.elementvape.de\/\",\"logo\":{\"@type\":\"ImageObject\",\"inLanguage\":\"it-IT\",\"@id\":\"https:\/\/www.elementvape.de\/#\/schema\/logo\/image\/\",\"url\":\"https:\/\/www.elementvape.de\/wp-content\/uploads\/2024\/09\/cropped-1elementvape-3.png\",\"contentUrl\":\"https:\/\/www.elementvape.de\/wp-content\/uploads\/2024\/09\/cropped-1elementvape-3.png\",\"width\":285,\"height\":228,\"caption\":\"ElementVape.DE\"},\"image\":{\"@id\":\"https:\/\/www.elementvape.de\/#\/schema\/logo\/image\/\"}}]}<\/script>\n<!-- \/ Yoast SEO plugin. -->","yoast_head_json":{"title":"VOOPOO DRAG S2 Pod Mod Kit | ElementVape.de","description":"Wir bieten VOOPOO DRAG S2 Pod Mod Kit , Elementvape.de akzeptieren Gro\u00df-und Einzelhandel Bestellungen.","robots":{"index":"index","follow":"follow","max-snippet":"max-snippet:-1","max-image-preview":"max-image-preview:large","max-video-preview":"max-video-preview:-1"},"canonical":"https:\/\/www.elementvape.de\/it\/produkt\/voopoo-drag-s2-pod-mod-kit\/","og_locale":"it_IT","og_type":"article","og_title":"VOOPOO DRAG S2 Pod Mod Kit | ElementVape.de","og_description":"Wir bieten VOOPOO DRAG S2 Pod Mod Kit , Elementvape.de akzeptieren Gro\u00df-und Einzelhandel Bestellungen.","og_url":"https:\/\/www.elementvape.de\/it\/produkt\/voopoo-drag-s2-pod-mod-kit\/","og_site_name":"ElementVape.de","article_modified_time":"2024-09-12T10:36:03+00:00","og_image":[{"width":800,"height":800,"url":"https:\/\/www.elementvape.de\/wp-content\/uploads\/2024\/06\/VOOPOO-DRAG-S2-Pod-KIT-RDL-08.webp","type":"image\/webp"}],"twitter_card":"summary_large_image","twitter_misc":{"Est. reading time":"3 minuti"},"schema":{"@context":"https:\/\/schema.org","@graph":[{"@type":"WebPage","@id":"https:\/\/www.elementvape.de\/fi\/produkt\/voopoo-drag-s2-pod-mod-kit\/","url":"https:\/\/www.elementvape.de\/fi\/produkt\/voopoo-drag-s2-pod-mod-kit\/","name":"VOOPOO DRAG S2 Pod Mod Kit | ElementVape.de","isPartOf":{"@id":"https:\/\/www.elementvape.de\/#website"},"primaryImageOfPage":{"@id":"https:\/\/www.elementvape.de\/fi\/produkt\/voopoo-drag-s2-pod-mod-kit\/#primaryimage"},"image":{"@id":"https:\/\/www.elementvape.de\/fi\/produkt\/voopoo-drag-s2-pod-mod-kit\/#primaryimage"},"thumbnailUrl":"https:\/\/www.elementvape.de\/wp-content\/uploads\/2024\/06\/VOOPOO-DRAG-S2-Pod-KIT-RDL-08.webp","datePublished":"2024-06-17T09:42:26+00:00","dateModified":"2024-09-12T10:36:03+00:00","description":"Wir bieten VOOPOO DRAG S2 Pod Mod Kit , Elementvape.de akzeptieren Gro\u00df-und Einzelhandel Bestellungen.","breadcrumb":{"@id":"https:\/\/www.elementvape.de\/fi\/produkt\/voopoo-drag-s2-pod-mod-kit\/#breadcrumb"},"inLanguage":"it-IT","potentialAction":[{"@type":"ReadAction","target":["https:\/\/www.elementvape.de\/fi\/produkt\/voopoo-drag-s2-pod-mod-kit\/"]}]},{"@type":"ImageObject","inLanguage":"it-IT","@id":"https:\/\/www.elementvape.de\/fi\/produkt\/voopoo-drag-s2-pod-mod-kit\/#primaryimage","url":"https:\/\/www.elementvape.de\/wp-content\/uploads\/2024\/06\/VOOPOO-DRAG-S2-Pod-KIT-RDL-08.webp","contentUrl":"https:\/\/www.elementvape.de\/wp-content\/uploads\/2024\/06\/VOOPOO-DRAG-S2-Pod-KIT-RDL-08.webp","width":800,"height":800,"caption":"VOOPOO-DRAG-S2-Pod-KIT-RDL-08"},{"@type":"BreadcrumbList","@id":"https:\/\/www.elementvape.de\/fi\/produkt\/voopoo-drag-s2-pod-mod-kit\/#breadcrumb","itemListElement":[{"@type":"ListItem","position":1,"name":"Home","item":"https:\/\/www.elementvape.de\/"},{"@type":"ListItem","position":2,"name":"Shop","item":"https:\/\/www.elementvape.de\/shop\/"},{"@type":"ListItem","position":3,"name":"VOOPOO DRAG S2 Pod Mod Kit"}]},{"@type":"WebSite","@id":"https:\/\/www.elementvape.de\/#website","url":"https:\/\/www.elementvape.de\/","name":"ElementVape.de","description":"","publisher":{"@id":"https:\/\/www.elementvape.de\/#organization"},"potentialAction":[{"@type":"SearchAction","target":{"@type":"EntryPoint","urlTemplate":"https:\/\/www.elementvape.de\/?s={search_term_string}"},"query-input":"required name=search_term_string"}],"inLanguage":"it-IT"},{"@type":"Organization","@id":"https:\/\/www.elementvape.de\/#organization","name":"ElementVape.DE","url":"https:\/\/www.elementvape.de\/","logo":{"@type":"ImageObject","inLanguage":"it-IT","@id":"https:\/\/www.elementvape.de\/#\/schema\/logo\/image\/","url":"https:\/\/www.elementvape.de\/wp-content\/uploads\/2024\/09\/cropped-1elementvape-3.png","contentUrl":"https:\/\/www.elementvape.de\/wp-content\/uploads\/2024\/09\/cropped-1elementvape-3.png","width":285,"height":228,"caption":"ElementVape.DE"},"image":{"@id":"https:\/\/www.elementvape.de\/#\/schema\/logo\/image\/"}}]}},"_links":{"self":[{"href":"https:\/\/www.elementvape.de\/it\/wp-json\/wp\/v2\/product\/12276"}],"collection":[{"href":"https:\/\/www.elementvape.de\/it\/wp-json\/wp\/v2\/product"}],"about":[{"href":"https:\/\/www.elementvape.de\/it\/wp-json\/wp\/v2\/types\/product"}],"wp:featuredmedia":[{"embeddable":true,"href":"https:\/\/www.elementvape.de\/it\/wp-json\/wp\/v2\/media\/12277"}],"wp:attachment":[{"href":"https:\/\/www.elementvape.de\/it\/wp-json\/wp\/v2\/media?parent=12276"}],"wp:term":[{"taxonomy":"product_cat","embeddable":true,"href":"https:\/\/www.elementvape.de\/it\/wp-json\/wp\/v2\/product_cat?post=12276"},{"taxonomy":"product_tag","embeddable":true,"href":"https:\/\/www.elementvape.de\/it\/wp-json\/wp\/v2\/product_tag?post=12276"}],"curies":[{"name":"wp","href":"https:\/\/api.w.org\/{rel}","templated":true}]}}