{"id":12117,"date":"2024-06-11T07:50:48","date_gmt":"2024-06-11T07:50:48","guid":{"rendered":"https:\/\/www.elementvape.de\/?post_type=product&#038;p=12117"},"modified":"2024-09-12T10:36:09","modified_gmt":"2024-09-12T10:36:09","slug":"ijoy-bar-ic8000-elektronische-einweg-zigarette-mit-8000-zuegen","status":"publish","type":"product","link":"https:\/\/www.elementvape.de\/it\/produkt\/ijoy-bar-ic8000-elektronische-einweg-zigarette-mit-8000-zuegen\/","title":{"rendered":"iJoy Bar IC8000 sigaretta elettronica usa e getta con 8000 puff"},"content":{"rendered":"<h2>iJoy Bar IC8000 Dispositivo Vape usa e getta:<\/h2>\n<h4>Descrizione del prodotto:<\/h4>\n<p>L'iJoy Bar IC8000 \u00e8 un dispositivo vape usa e getta innovativo, progettato appositamente per offrire fino a 8000 tiri. Questo dispositivo si distingue per un design compatto e un display da 0,58 pollici che mostra la durata residua del liquido e la durata della batteria. Con una batteria integrata da 650 mAh e una potenza di uscita di 11 W, garantisce una vaporizzazione stabile e duratura. Il dispositivo supporta la ricarica tramite Tipo-C ed \u00e8 dotato di una bobina a rete da 1,1 \u03a9 avanzata, che assicura un sapore puro e intenso. Sono disponibili 15 gusti diversi, per soddisfare ogni preferenza.<\/p>\n<h4>Caratteristiche:<\/h4>\n<ul>\n<li><strong>Liquido E pre-riempito:<\/strong> 18 ml<\/li>\n<li><strong>Connessione di ricarica:<\/strong> Tipo C<\/li>\n<li><strong>Capacit\u00e0 della batteria:<\/strong> Batteria ricaricabile integrata da 650 mAh<\/li>\n<li><strong>Bobina:<\/strong> Nuova bobina a rete da 1,1 \u03a9 per un gusto ottimale<\/li>\n<li><strong>Display:<\/strong> Display digitale per la durata della batteria e del liquido in percentuale<\/li>\n<li><strong>Tiri:<\/strong> Circa 8000 tiri<\/li>\n<\/ul>\n<h4>Parametri:<\/h4>\n<ul>\n<li><strong>Dimensione:<\/strong> 23 mm x 47 mm x 85 mm<\/li>\n<li><strong>Capacit\u00e0 della batteria:<\/strong> 650 mAh<\/li>\n<li><strong>Modalit\u00e0 di uscita:<\/strong> 11 W (3,5 V)<\/li>\n<li><strong>Tipo di ricarica:<\/strong> Tipo C<\/li>\n<li><strong>Materiale:<\/strong> PC, PCTG<\/li>\n<li><strong>Resistenza:<\/strong> Bobina Mesh da 1,1 \u03a9<\/li>\n<li><strong>Capacit\u00e0 di liquido elettronico pre-riempito:<\/strong> 18 ml (per circa 8000 tiri)<\/li>\n<li><strong>Contenuto di nicotina:<\/strong> 5 %<\/li>\n<\/ul>\n<h4>Gusti disponibili:<\/h4>\n<ol>\n<li>Uovo di drago nero<\/li>\n<li>Gomma da masticare bianca<\/li>\n<li>Mirtillo Watermelon<\/li>\n<li>Ghiaccio di anguria<\/li>\n<li>Pesca-Limone<\/li>\n<li>Guava Kiwi Frutto della Passione<\/li>\n<li>Fragola Mango<\/li>\n<li>Fragola Kiwi<\/li>\n<li>Menta<\/li>\n<li>Caramelle Succo di mela<\/li>\n<li>Gelato triplo di bacche<\/li>\n<li>Ciliegia Cola<\/li>\n<li>Trasparente<\/li>\n<li>Pesca Mirtillo<\/li>\n<li>Ghiaccio Blue Razz<\/li>\n<\/ol>\n<h4>Lista di imballaggio:<\/h4>\n<ul>\n<li>1 * iJoy Bar IC8000 Vape usa e getta (8000 puff)<\/li>\n<\/ul>\n<h3>Riepilogo:<\/h3>\n<p>L'iJoy Bar IC8000 offre un'impressionante quantit\u00e0 di 8000 tiri per dispositivo e combina tecnologia innovativa con una vasta gamma di gusti per un'esperienza di svapo completa. Con il suo avanzato sistema a rete e le funzioni intuitive come il display digitale e la porta di ricarica Type-C, \u00e8 una scelta eccellente sia per i principianti che per gli svapatori esperti.<\/p>","protected":false},"excerpt":{"rendered":"<p>iJoy Bar IC8000 Einweg-Vape-Ger\u00e4t: Produktbeschreibung: Der iJoy Bar IC8000 ist ein innovatives Einweg-Vape-Ger\u00e4t, das speziell entwickelt wurde, um bis zu 8000 Z\u00fcge zu bieten. Dieses Ger\u00e4t zeichnet sich durch ein kompaktes Design und ein 0,58-Zoll-Display aus, das die verbleibende Saftlebensdauer sowie die Akkulaufzeit anzeigt. Mit einem eingebauten 650-mAh-Akku und einer Ausgangsleistung von 11 W sorgt [&hellip;]<\/p>","protected":false},"featured_media":12118,"template":"","meta":{"inline_featured_image":false},"product_cat":[15,78,754,745,742,748,744,755,738,751],"product_tag":[683],"tiered_pricing_type":"fixed","tiered_pricing_fixed_rules":[],"tiered_pricing_percentage_rules":[],"tiered_pricing_minimum":1,"_administrator_tiered_pricing_type":"fixed","_administrator_tiered_pricing_fixed_rules":[],"_editor_tiered_pricing_type":"fixed","_editor_tiered_pricing_fixed_rules":[],"_author_tiered_pricing_type":"fixed","_author_tiered_pricing_fixed_rules":[],"_contributor_tiered_pricing_type":"fixed","_contributor_tiered_pricing_fixed_rules":[],"_subscriber_tiered_pricing_type":"fixed","_subscriber_tiered_pricing_fixed_rules":[],"_customer_tiered_pricing_type":"fixed","_customer_tiered_pricing_fixed_rules":[],"_shop_manager_tiered_pricing_type":"fixed","_shop_manager_tiered_pricing_fixed_rules":[],"_wpseo_manager_tiered_pricing_type":"fixed","_wpseo_manager_tiered_pricing_fixed_rules":[],"_wpseo_editor_tiered_pricing_type":"fixed","_wpseo_editor_tiered_pricing_fixed_rules":[],"_wholesale_customer_tiered_pricing_type":"fixed","_wholesale_customer_tiered_pricing_fixed_rules":[],"_marketer_tiered_pricing_type":"fixed","_marketer_tiered_pricing_fixed_rules":[],"_sales_manager_tiered_pricing_type":"fixed","_sales_manager_tiered_pricing_fixed_rules":[],"_sales_rep_tiered_pricing_type":"fixed","_sales_rep_tiered_pricing_fixed_rules":[],"yoast_head":"<!-- This site is optimized with the Yoast SEO plugin v23.3 - https:\/\/yoast.com\/wordpress\/plugins\/seo\/ -->\n<title>iJoy Bar IC8000 elektronische Einweg-zigarette mit 8000 Z\u00fcgen | ElementVape.de<\/title>\n<meta name=\"description\" content=\"Wir bieten iJoy Bar IC8000 elektronische Einweg-zigarette mit 8000 Z\u00fcgen , Elementvape.de akzeptieren Gro\u00df-und Einzelhandel Bestellungen.\" \/>\n<meta name=\"robots\" content=\"index, follow, max-snippet:-1, max-image-preview:large, max-video-preview:-1\" \/>\n<link rel=\"canonical\" href=\"https:\/\/www.elementvape.de\/it\/produkt\/ijoy-bar-ic8000-elektronische-einweg-zigarette-mit-8000-zuegen\/\" \/>\n<meta property=\"og:locale\" content=\"it_IT\" \/>\n<meta property=\"og:type\" content=\"article\" \/>\n<meta property=\"og:title\" content=\"iJoy Bar IC8000 elektronische Einweg-zigarette mit 8000 Z\u00fcgen | ElementVape.de\" \/>\n<meta property=\"og:description\" content=\"Wir bieten iJoy Bar IC8000 elektronische Einweg-zigarette mit 8000 Z\u00fcgen , Elementvape.de akzeptieren Gro\u00df-und Einzelhandel Bestellungen.\" \/>\n<meta property=\"og:url\" content=\"https:\/\/www.elementvape.de\/it\/produkt\/ijoy-bar-ic8000-elektronische-einweg-zigarette-mit-8000-zuegen\/\" \/>\n<meta property=\"og:site_name\" content=\"ElementVape.de\" \/>\n<meta property=\"article:modified_time\" content=\"2024-09-12T10:36:09+00:00\" \/>\n<meta property=\"og:image\" content=\"https:\/\/www.elementvape.de\/wp-content\/uploads\/2024\/06\/IJOY-Bar-IC8000-Disposable-Vape-_16.jpg\" \/>\n\t<meta property=\"og:image:width\" content=\"800\" \/>\n\t<meta property=\"og:image:height\" content=\"800\" \/>\n\t<meta property=\"og:image:type\" content=\"image\/jpeg\" \/>\n<meta name=\"twitter:card\" content=\"summary_large_image\" \/>\n<meta name=\"twitter:label1\" content=\"Est. reading time\" \/>\n\t<meta name=\"twitter:data1\" content=\"2 minuti\" \/>\n<script type=\"application\/ld+json\" class=\"yoast-schema-graph\">{\"@context\":\"https:\/\/schema.org\",\"@graph\":[{\"@type\":\"WebPage\",\"@id\":\"https:\/\/www.elementvape.de\/es\/produkt\/ijoy-bar-ic8000-elektronische-einweg-zigarette-mit-8000-zuegen\/\",\"url\":\"https:\/\/www.elementvape.de\/es\/produkt\/ijoy-bar-ic8000-elektronische-einweg-zigarette-mit-8000-zuegen\/\",\"name\":\"iJoy Bar IC8000 elektronische Einweg-zigarette mit 8000 Z\u00fcgen | ElementVape.de\",\"isPartOf\":{\"@id\":\"https:\/\/www.elementvape.de\/#website\"},\"primaryImageOfPage\":{\"@id\":\"https:\/\/www.elementvape.de\/es\/produkt\/ijoy-bar-ic8000-elektronische-einweg-zigarette-mit-8000-zuegen\/#primaryimage\"},\"image\":{\"@id\":\"https:\/\/www.elementvape.de\/es\/produkt\/ijoy-bar-ic8000-elektronische-einweg-zigarette-mit-8000-zuegen\/#primaryimage\"},\"thumbnailUrl\":\"https:\/\/www.elementvape.de\/wp-content\/uploads\/2024\/06\/IJOY-Bar-IC8000-Disposable-Vape-_16.jpg\",\"datePublished\":\"2024-06-11T07:50:48+00:00\",\"dateModified\":\"2024-09-12T10:36:09+00:00\",\"description\":\"Wir bieten iJoy Bar IC8000 elektronische Einweg-zigarette mit 8000 Z\u00fcgen , Elementvape.de akzeptieren Gro\u00df-und Einzelhandel Bestellungen.\",\"breadcrumb\":{\"@id\":\"https:\/\/www.elementvape.de\/es\/produkt\/ijoy-bar-ic8000-elektronische-einweg-zigarette-mit-8000-zuegen\/#breadcrumb\"},\"inLanguage\":\"it-IT\",\"potentialAction\":[{\"@type\":\"ReadAction\",\"target\":[\"https:\/\/www.elementvape.de\/es\/produkt\/ijoy-bar-ic8000-elektronische-einweg-zigarette-mit-8000-zuegen\/\"]}]},{\"@type\":\"ImageObject\",\"inLanguage\":\"it-IT\",\"@id\":\"https:\/\/www.elementvape.de\/es\/produkt\/ijoy-bar-ic8000-elektronische-einweg-zigarette-mit-8000-zuegen\/#primaryimage\",\"url\":\"https:\/\/www.elementvape.de\/wp-content\/uploads\/2024\/06\/IJOY-Bar-IC8000-Disposable-Vape-_16.jpg\",\"contentUrl\":\"https:\/\/www.elementvape.de\/wp-content\/uploads\/2024\/06\/IJOY-Bar-IC8000-Disposable-Vape-_16.jpg\",\"width\":800,\"height\":800,\"caption\":\"IJOY-Bar-IC8000-Disposable-Vape-_16\"},{\"@type\":\"BreadcrumbList\",\"@id\":\"https:\/\/www.elementvape.de\/es\/produkt\/ijoy-bar-ic8000-elektronische-einweg-zigarette-mit-8000-zuegen\/#breadcrumb\",\"itemListElement\":[{\"@type\":\"ListItem\",\"position\":1,\"name\":\"Home\",\"item\":\"https:\/\/www.elementvape.de\/\"},{\"@type\":\"ListItem\",\"position\":2,\"name\":\"Shop\",\"item\":\"https:\/\/www.elementvape.de\/shop\/\"},{\"@type\":\"ListItem\",\"position\":3,\"name\":\"iJoy Bar IC8000 elektronische Einweg-zigarette mit 8000 Z\u00fcgen\"}]},{\"@type\":\"WebSite\",\"@id\":\"https:\/\/www.elementvape.de\/#website\",\"url\":\"https:\/\/www.elementvape.de\/\",\"name\":\"ElementVape.de\",\"description\":\"\",\"publisher\":{\"@id\":\"https:\/\/www.elementvape.de\/#organization\"},\"potentialAction\":[{\"@type\":\"SearchAction\",\"target\":{\"@type\":\"EntryPoint\",\"urlTemplate\":\"https:\/\/www.elementvape.de\/?s={search_term_string}\"},\"query-input\":\"required name=search_term_string\"}],\"inLanguage\":\"it-IT\"},{\"@type\":\"Organization\",\"@id\":\"https:\/\/www.elementvape.de\/#organization\",\"name\":\"ElementVape.DE\",\"url\":\"https:\/\/www.elementvape.de\/\",\"logo\":{\"@type\":\"ImageObject\",\"inLanguage\":\"it-IT\",\"@id\":\"https:\/\/www.elementvape.de\/#\/schema\/logo\/image\/\",\"url\":\"https:\/\/www.elementvape.de\/wp-content\/uploads\/2024\/09\/cropped-1elementvape-3.png\",\"contentUrl\":\"https:\/\/www.elementvape.de\/wp-content\/uploads\/2024\/09\/cropped-1elementvape-3.png\",\"width\":285,\"height\":228,\"caption\":\"ElementVape.DE\"},\"image\":{\"@id\":\"https:\/\/www.elementvape.de\/#\/schema\/logo\/image\/\"}}]}<\/script>\n<!-- \/ Yoast SEO plugin. -->","yoast_head_json":{"title":"iJoy Bar IC8000 elektronische Einweg-zigarette mit 8000 Z\u00fcgen | ElementVape.de","description":"Wir bieten iJoy Bar IC8000 elektronische Einweg-zigarette mit 8000 Z\u00fcgen , Elementvape.de akzeptieren Gro\u00df-und Einzelhandel Bestellungen.","robots":{"index":"index","follow":"follow","max-snippet":"max-snippet:-1","max-image-preview":"max-image-preview:large","max-video-preview":"max-video-preview:-1"},"canonical":"https:\/\/www.elementvape.de\/it\/produkt\/ijoy-bar-ic8000-elektronische-einweg-zigarette-mit-8000-zuegen\/","og_locale":"it_IT","og_type":"article","og_title":"iJoy Bar IC8000 elektronische Einweg-zigarette mit 8000 Z\u00fcgen | ElementVape.de","og_description":"Wir bieten iJoy Bar IC8000 elektronische Einweg-zigarette mit 8000 Z\u00fcgen , Elementvape.de akzeptieren Gro\u00df-und Einzelhandel Bestellungen.","og_url":"https:\/\/www.elementvape.de\/it\/produkt\/ijoy-bar-ic8000-elektronische-einweg-zigarette-mit-8000-zuegen\/","og_site_name":"ElementVape.de","article_modified_time":"2024-09-12T10:36:09+00:00","og_image":[{"width":800,"height":800,"url":"https:\/\/www.elementvape.de\/wp-content\/uploads\/2024\/06\/IJOY-Bar-IC8000-Disposable-Vape-_16.jpg","type":"image\/jpeg"}],"twitter_card":"summary_large_image","twitter_misc":{"Est. reading time":"2 minuti"},"schema":{"@context":"https:\/\/schema.org","@graph":[{"@type":"WebPage","@id":"https:\/\/www.elementvape.de\/es\/produkt\/ijoy-bar-ic8000-elektronische-einweg-zigarette-mit-8000-zuegen\/","url":"https:\/\/www.elementvape.de\/es\/produkt\/ijoy-bar-ic8000-elektronische-einweg-zigarette-mit-8000-zuegen\/","name":"iJoy Bar IC8000 elektronische Einweg-zigarette mit 8000 Z\u00fcgen | ElementVape.de","isPartOf":{"@id":"https:\/\/www.elementvape.de\/#website"},"primaryImageOfPage":{"@id":"https:\/\/www.elementvape.de\/es\/produkt\/ijoy-bar-ic8000-elektronische-einweg-zigarette-mit-8000-zuegen\/#primaryimage"},"image":{"@id":"https:\/\/www.elementvape.de\/es\/produkt\/ijoy-bar-ic8000-elektronische-einweg-zigarette-mit-8000-zuegen\/#primaryimage"},"thumbnailUrl":"https:\/\/www.elementvape.de\/wp-content\/uploads\/2024\/06\/IJOY-Bar-IC8000-Disposable-Vape-_16.jpg","datePublished":"2024-06-11T07:50:48+00:00","dateModified":"2024-09-12T10:36:09+00:00","description":"Wir bieten iJoy Bar IC8000 elektronische Einweg-zigarette mit 8000 Z\u00fcgen , Elementvape.de akzeptieren Gro\u00df-und Einzelhandel Bestellungen.","breadcrumb":{"@id":"https:\/\/www.elementvape.de\/es\/produkt\/ijoy-bar-ic8000-elektronische-einweg-zigarette-mit-8000-zuegen\/#breadcrumb"},"inLanguage":"it-IT","potentialAction":[{"@type":"ReadAction","target":["https:\/\/www.elementvape.de\/es\/produkt\/ijoy-bar-ic8000-elektronische-einweg-zigarette-mit-8000-zuegen\/"]}]},{"@type":"ImageObject","inLanguage":"it-IT","@id":"https:\/\/www.elementvape.de\/es\/produkt\/ijoy-bar-ic8000-elektronische-einweg-zigarette-mit-8000-zuegen\/#primaryimage","url":"https:\/\/www.elementvape.de\/wp-content\/uploads\/2024\/06\/IJOY-Bar-IC8000-Disposable-Vape-_16.jpg","contentUrl":"https:\/\/www.elementvape.de\/wp-content\/uploads\/2024\/06\/IJOY-Bar-IC8000-Disposable-Vape-_16.jpg","width":800,"height":800,"caption":"IJOY-Bar-IC8000-Disposable-Vape-_16"},{"@type":"BreadcrumbList","@id":"https:\/\/www.elementvape.de\/es\/produkt\/ijoy-bar-ic8000-elektronische-einweg-zigarette-mit-8000-zuegen\/#breadcrumb","itemListElement":[{"@type":"ListItem","position":1,"name":"Home","item":"https:\/\/www.elementvape.de\/"},{"@type":"ListItem","position":2,"name":"Shop","item":"https:\/\/www.elementvape.de\/shop\/"},{"@type":"ListItem","position":3,"name":"iJoy Bar IC8000 elektronische Einweg-zigarette mit 8000 Z\u00fcgen"}]},{"@type":"WebSite","@id":"https:\/\/www.elementvape.de\/#website","url":"https:\/\/www.elementvape.de\/","name":"ElementVape.de","description":"","publisher":{"@id":"https:\/\/www.elementvape.de\/#organization"},"potentialAction":[{"@type":"SearchAction","target":{"@type":"EntryPoint","urlTemplate":"https:\/\/www.elementvape.de\/?s={search_term_string}"},"query-input":"required name=search_term_string"}],"inLanguage":"it-IT"},{"@type":"Organization","@id":"https:\/\/www.elementvape.de\/#organization","name":"ElementVape.DE","url":"https:\/\/www.elementvape.de\/","logo":{"@type":"ImageObject","inLanguage":"it-IT","@id":"https:\/\/www.elementvape.de\/#\/schema\/logo\/image\/","url":"https:\/\/www.elementvape.de\/wp-content\/uploads\/2024\/09\/cropped-1elementvape-3.png","contentUrl":"https:\/\/www.elementvape.de\/wp-content\/uploads\/2024\/09\/cropped-1elementvape-3.png","width":285,"height":228,"caption":"ElementVape.DE"},"image":{"@id":"https:\/\/www.elementvape.de\/#\/schema\/logo\/image\/"}}]}},"_links":{"self":[{"href":"https:\/\/www.elementvape.de\/it\/wp-json\/wp\/v2\/product\/12117"}],"collection":[{"href":"https:\/\/www.elementvape.de\/it\/wp-json\/wp\/v2\/product"}],"about":[{"href":"https:\/\/www.elementvape.de\/it\/wp-json\/wp\/v2\/types\/product"}],"wp:featuredmedia":[{"embeddable":true,"href":"https:\/\/www.elementvape.de\/it\/wp-json\/wp\/v2\/media\/12118"}],"wp:attachment":[{"href":"https:\/\/www.elementvape.de\/it\/wp-json\/wp\/v2\/media?parent=12117"}],"wp:term":[{"taxonomy":"product_cat","embeddable":true,"href":"https:\/\/www.elementvape.de\/it\/wp-json\/wp\/v2\/product_cat?post=12117"},{"taxonomy":"product_tag","embeddable":true,"href":"https:\/\/www.elementvape.de\/it\/wp-json\/wp\/v2\/product_tag?post=12117"}],"curies":[{"name":"wp","href":"https:\/\/api.w.org\/{rel}","templated":true}]}}