{"id":11904,"date":"2024-06-07T09:25:44","date_gmt":"2024-06-07T09:25:44","guid":{"rendered":"https:\/\/www.elementvape.de\/?post_type=product&#038;p=11904"},"modified":"2024-09-12T10:36:17","modified_gmt":"2024-09-12T10:36:17","slug":"randm-crystal-4600-puffs-kaufen-einweg-e-zigarette-4600-zuege","status":"publish","type":"product","link":"https:\/\/www.elementvape.de\/it\/produkt\/randm-crystal-4600-puffs-kaufen-einweg-e-zigarette-4600-zuege\/","title":{"rendered":"RandM Crystal 4600 Puff Acquista Sigaretta elettronica usa e getta 4600 tiri"},"content":{"rendered":"<h2>Descrizione del prodotto RandM Crystal<\/h2>\n<p><strong>RandM Crystal<\/strong> \u00e8 un dispositivo usa e getta ricaricabile per sigarette elettroniche con un design elegante. Contiene 10 ml di e-liquid con sali di nicotina 0\/2\/3\/5 % e offre fino a 4600 puff. Puoi scegliere tra 12 gusti diversi. Il connettore ricaricabile nella parte inferiore del dispositivo garantisce di poter consumare anche l'ultima goccia di e-liquid nel serbatoio.<\/p>\n<h4>Caratteristiche del dispositivo usa e getta RandM Crystal:<\/h4>\n<ul>\n<li><strong>Opzioni di nicotina<\/strong>: 0 %, 2 %, 3 %, 5 % sale di nicotina<\/li>\n<li><strong>Capacit\u00e0<\/strong>: 10 ml di e-liquid<\/li>\n<li><strong>Tiri<\/strong>: Fino a 4600 puff per dispositivo<\/li>\n<li><strong>Coil<\/strong>: Bobina a mesh<\/li>\n<li><strong>Batteria<\/strong>: 650 mAh, ricaricabile<\/li>\n<li><strong>Gusti<\/strong>: 12 gusti disponibili<\/li>\n<li><strong>Confezione<\/strong>: 10 pezzi in una scatola espositrice, 300 pezzi in una scatola<\/li>\n<\/ul>\n<h4>Gusti disponibili:<\/h4>\n<ol>\n<li>Signor Blue<\/li>\n<li>Mirtillo blu e melograno<\/li>\n<li>Mirtillo blu e lampone<\/li>\n<li>Gomma da masticare mirtillo<\/li>\n<li>Gelato alla fragola<\/li>\n<li>Lush Ice<\/li>\n<li>Gelato al pompelmo<\/li>\n<li>Sangue di tigre<\/li>\n<li>Caramella pesca-mirtillo<\/li>\n<li>Pesca Mango<\/li>\n<li>Guava pesca-passione-kiwi<\/li>\n<li>Gomma da masticare fragola-anguria<\/li>\n<\/ol>\n<h4>Dettagli del prodotto:<\/h4>\n<ul>\n<li><strong>Unit\u00e0<\/strong>: 1 x Vape usa e getta RandM Crystal, 4600 puff<\/li>\n<\/ul>","protected":false},"excerpt":{"rendered":"<p>RandM Crystal\u00a0 Produktbeschreibung RandM Crystal ist ein wiederaufladbares Einweg-E-Zigarettenger\u00e4t mit einem coolen Design. Es enth\u00e4lt 10 ml 0\/2\/3\/5 % Nikotinsalz-E-Liquid und bietet bis zu 4600 Z\u00fcge. Sie k\u00f6nnen aus 12 verschiedenen Geschmacksrichtungen w\u00e4hlen. Der wiederaufladbare Anschluss an der Unterseite des Ger\u00e4ts garantiert, dass Sie immer den letzten Tropfen E-Liquid im Tank aufbrauchen k\u00f6nnen. Eigenschaften des [&hellip;]<\/p>","protected":false},"featured_media":11905,"template":"","meta":{"inline_featured_image":false},"product_cat":[15,78,754,745,742,748,744,755,738,751],"product_tag":[678],"tiered_pricing_type":"fixed","tiered_pricing_fixed_rules":[],"tiered_pricing_percentage_rules":[],"tiered_pricing_minimum":1,"_administrator_tiered_pricing_type":"fixed","_administrator_tiered_pricing_fixed_rules":[],"_editor_tiered_pricing_type":"fixed","_editor_tiered_pricing_fixed_rules":[],"_author_tiered_pricing_type":"fixed","_author_tiered_pricing_fixed_rules":[],"_contributor_tiered_pricing_type":"fixed","_contributor_tiered_pricing_fixed_rules":[],"_subscriber_tiered_pricing_type":"fixed","_subscriber_tiered_pricing_fixed_rules":[],"_customer_tiered_pricing_type":"fixed","_customer_tiered_pricing_fixed_rules":[],"_shop_manager_tiered_pricing_type":"fixed","_shop_manager_tiered_pricing_fixed_rules":[],"_wpseo_manager_tiered_pricing_type":"fixed","_wpseo_manager_tiered_pricing_fixed_rules":[],"_wpseo_editor_tiered_pricing_type":"fixed","_wpseo_editor_tiered_pricing_fixed_rules":[],"_wholesale_customer_tiered_pricing_type":"fixed","_wholesale_customer_tiered_pricing_fixed_rules":[],"_marketer_tiered_pricing_type":"fixed","_marketer_tiered_pricing_fixed_rules":[],"_sales_manager_tiered_pricing_type":"fixed","_sales_manager_tiered_pricing_fixed_rules":[],"_sales_rep_tiered_pricing_type":"fixed","_sales_rep_tiered_pricing_fixed_rules":[],"yoast_head":"<!-- This site is optimized with the Yoast SEO plugin v23.3 - https:\/\/yoast.com\/wordpress\/plugins\/seo\/ -->\n<title>RandM Crystal 4600 Puffs Kaufen Einweg-E-Zigarette 4600 Z\u00fcge | ElementVape.de<\/title>\n<meta name=\"description\" content=\"Wir bieten RandM Crystal 4600 Puffs Kaufen Einweg-E-Zigarette 4600 Z\u00fcge , Elementvape.de akzeptieren Gro\u00df-und Einzelhandel Bestellungen.\" \/>\n<meta name=\"robots\" content=\"index, follow, max-snippet:-1, max-image-preview:large, max-video-preview:-1\" \/>\n<link rel=\"canonical\" href=\"https:\/\/www.elementvape.de\/it\/produkt\/randm-crystal-4600-puffs-kaufen-einweg-e-zigarette-4600-zuege\/\" \/>\n<meta property=\"og:locale\" content=\"it_IT\" \/>\n<meta property=\"og:type\" content=\"article\" \/>\n<meta property=\"og:title\" content=\"RandM Crystal 4600 Puffs Kaufen Einweg-E-Zigarette 4600 Z\u00fcge | ElementVape.de\" \/>\n<meta property=\"og:description\" content=\"Wir bieten RandM Crystal 4600 Puffs Kaufen Einweg-E-Zigarette 4600 Z\u00fcge , Elementvape.de akzeptieren Gro\u00df-und Einzelhandel Bestellungen.\" \/>\n<meta property=\"og:url\" content=\"https:\/\/www.elementvape.de\/it\/produkt\/randm-crystal-4600-puffs-kaufen-einweg-e-zigarette-4600-zuege\/\" \/>\n<meta property=\"og:site_name\" content=\"ElementVape.de\" \/>\n<meta property=\"article:modified_time\" content=\"2024-09-12T10:36:17+00:00\" \/>\n<meta property=\"og:image\" content=\"https:\/\/www.elementvape.de\/wp-content\/uploads\/2024\/06\/RandMCrystal4600DisposableVape_1.webp\" \/>\n\t<meta property=\"og:image:width\" content=\"800\" \/>\n\t<meta property=\"og:image:height\" content=\"800\" \/>\n\t<meta property=\"og:image:type\" content=\"image\/webp\" \/>\n<meta name=\"twitter:card\" content=\"summary_large_image\" \/>\n<meta name=\"twitter:label1\" content=\"Est. reading time\" \/>\n\t<meta name=\"twitter:data1\" content=\"1 minuto\" \/>\n<script type=\"application\/ld+json\" class=\"yoast-schema-graph\">{\"@context\":\"https:\/\/schema.org\",\"@graph\":[{\"@type\":\"WebPage\",\"@id\":\"https:\/\/www.elementvape.de\/es\/produkt\/randm-crystal-4600-puffs-kaufen-einweg-e-zigarette-4600-zuege\/\",\"url\":\"https:\/\/www.elementvape.de\/es\/produkt\/randm-crystal-4600-puffs-kaufen-einweg-e-zigarette-4600-zuege\/\",\"name\":\"RandM Crystal 4600 Puffs Kaufen Einweg-E-Zigarette 4600 Z\u00fcge | ElementVape.de\",\"isPartOf\":{\"@id\":\"https:\/\/www.elementvape.de\/#website\"},\"primaryImageOfPage\":{\"@id\":\"https:\/\/www.elementvape.de\/es\/produkt\/randm-crystal-4600-puffs-kaufen-einweg-e-zigarette-4600-zuege\/#primaryimage\"},\"image\":{\"@id\":\"https:\/\/www.elementvape.de\/es\/produkt\/randm-crystal-4600-puffs-kaufen-einweg-e-zigarette-4600-zuege\/#primaryimage\"},\"thumbnailUrl\":\"https:\/\/www.elementvape.de\/wp-content\/uploads\/2024\/06\/RandMCrystal4600DisposableVape_1.webp\",\"datePublished\":\"2024-06-07T09:25:44+00:00\",\"dateModified\":\"2024-09-12T10:36:17+00:00\",\"description\":\"Wir bieten RandM Crystal 4600 Puffs Kaufen Einweg-E-Zigarette 4600 Z\u00fcge , Elementvape.de akzeptieren Gro\u00df-und Einzelhandel Bestellungen.\",\"breadcrumb\":{\"@id\":\"https:\/\/www.elementvape.de\/es\/produkt\/randm-crystal-4600-puffs-kaufen-einweg-e-zigarette-4600-zuege\/#breadcrumb\"},\"inLanguage\":\"it-IT\",\"potentialAction\":[{\"@type\":\"ReadAction\",\"target\":[\"https:\/\/www.elementvape.de\/es\/produkt\/randm-crystal-4600-puffs-kaufen-einweg-e-zigarette-4600-zuege\/\"]}]},{\"@type\":\"ImageObject\",\"inLanguage\":\"it-IT\",\"@id\":\"https:\/\/www.elementvape.de\/es\/produkt\/randm-crystal-4600-puffs-kaufen-einweg-e-zigarette-4600-zuege\/#primaryimage\",\"url\":\"https:\/\/www.elementvape.de\/wp-content\/uploads\/2024\/06\/RandMCrystal4600DisposableVape_1.webp\",\"contentUrl\":\"https:\/\/www.elementvape.de\/wp-content\/uploads\/2024\/06\/RandMCrystal4600DisposableVape_1.webp\",\"width\":800,\"height\":800,\"caption\":\"RandMCrystal4600DisposableVape_1\"},{\"@type\":\"BreadcrumbList\",\"@id\":\"https:\/\/www.elementvape.de\/es\/produkt\/randm-crystal-4600-puffs-kaufen-einweg-e-zigarette-4600-zuege\/#breadcrumb\",\"itemListElement\":[{\"@type\":\"ListItem\",\"position\":1,\"name\":\"Home\",\"item\":\"https:\/\/www.elementvape.de\/\"},{\"@type\":\"ListItem\",\"position\":2,\"name\":\"Shop\",\"item\":\"https:\/\/www.elementvape.de\/shop\/\"},{\"@type\":\"ListItem\",\"position\":3,\"name\":\"RandM Crystal 4600 Puffs Kaufen Einweg-E-Zigarette 4600 Z\u00fcge\"}]},{\"@type\":\"WebSite\",\"@id\":\"https:\/\/www.elementvape.de\/#website\",\"url\":\"https:\/\/www.elementvape.de\/\",\"name\":\"ElementVape.de\",\"description\":\"\",\"publisher\":{\"@id\":\"https:\/\/www.elementvape.de\/#organization\"},\"potentialAction\":[{\"@type\":\"SearchAction\",\"target\":{\"@type\":\"EntryPoint\",\"urlTemplate\":\"https:\/\/www.elementvape.de\/?s={search_term_string}\"},\"query-input\":\"required name=search_term_string\"}],\"inLanguage\":\"it-IT\"},{\"@type\":\"Organization\",\"@id\":\"https:\/\/www.elementvape.de\/#organization\",\"name\":\"ElementVape.DE\",\"url\":\"https:\/\/www.elementvape.de\/\",\"logo\":{\"@type\":\"ImageObject\",\"inLanguage\":\"it-IT\",\"@id\":\"https:\/\/www.elementvape.de\/#\/schema\/logo\/image\/\",\"url\":\"https:\/\/www.elementvape.de\/wp-content\/uploads\/2024\/09\/cropped-1elementvape-3.png\",\"contentUrl\":\"https:\/\/www.elementvape.de\/wp-content\/uploads\/2024\/09\/cropped-1elementvape-3.png\",\"width\":285,\"height\":228,\"caption\":\"ElementVape.DE\"},\"image\":{\"@id\":\"https:\/\/www.elementvape.de\/#\/schema\/logo\/image\/\"}}]}<\/script>\n<!-- \/ Yoast SEO plugin. -->","yoast_head_json":{"title":"RandM Crystal 4600 Puffs Kaufen Einweg-E-Zigarette 4600 Z\u00fcge | ElementVape.de","description":"Wir bieten RandM Crystal 4600 Puffs Kaufen Einweg-E-Zigarette 4600 Z\u00fcge , Elementvape.de akzeptieren Gro\u00df-und Einzelhandel Bestellungen.","robots":{"index":"index","follow":"follow","max-snippet":"max-snippet:-1","max-image-preview":"max-image-preview:large","max-video-preview":"max-video-preview:-1"},"canonical":"https:\/\/www.elementvape.de\/it\/produkt\/randm-crystal-4600-puffs-kaufen-einweg-e-zigarette-4600-zuege\/","og_locale":"it_IT","og_type":"article","og_title":"RandM Crystal 4600 Puffs Kaufen Einweg-E-Zigarette 4600 Z\u00fcge | ElementVape.de","og_description":"Wir bieten RandM Crystal 4600 Puffs Kaufen Einweg-E-Zigarette 4600 Z\u00fcge , Elementvape.de akzeptieren Gro\u00df-und Einzelhandel Bestellungen.","og_url":"https:\/\/www.elementvape.de\/it\/produkt\/randm-crystal-4600-puffs-kaufen-einweg-e-zigarette-4600-zuege\/","og_site_name":"ElementVape.de","article_modified_time":"2024-09-12T10:36:17+00:00","og_image":[{"width":800,"height":800,"url":"https:\/\/www.elementvape.de\/wp-content\/uploads\/2024\/06\/RandMCrystal4600DisposableVape_1.webp","type":"image\/webp"}],"twitter_card":"summary_large_image","twitter_misc":{"Est. reading time":"1 minuto"},"schema":{"@context":"https:\/\/schema.org","@graph":[{"@type":"WebPage","@id":"https:\/\/www.elementvape.de\/es\/produkt\/randm-crystal-4600-puffs-kaufen-einweg-e-zigarette-4600-zuege\/","url":"https:\/\/www.elementvape.de\/es\/produkt\/randm-crystal-4600-puffs-kaufen-einweg-e-zigarette-4600-zuege\/","name":"RandM Crystal 4600 Puffs Kaufen Einweg-E-Zigarette 4600 Z\u00fcge | ElementVape.de","isPartOf":{"@id":"https:\/\/www.elementvape.de\/#website"},"primaryImageOfPage":{"@id":"https:\/\/www.elementvape.de\/es\/produkt\/randm-crystal-4600-puffs-kaufen-einweg-e-zigarette-4600-zuege\/#primaryimage"},"image":{"@id":"https:\/\/www.elementvape.de\/es\/produkt\/randm-crystal-4600-puffs-kaufen-einweg-e-zigarette-4600-zuege\/#primaryimage"},"thumbnailUrl":"https:\/\/www.elementvape.de\/wp-content\/uploads\/2024\/06\/RandMCrystal4600DisposableVape_1.webp","datePublished":"2024-06-07T09:25:44+00:00","dateModified":"2024-09-12T10:36:17+00:00","description":"Wir bieten RandM Crystal 4600 Puffs Kaufen Einweg-E-Zigarette 4600 Z\u00fcge , Elementvape.de akzeptieren Gro\u00df-und Einzelhandel Bestellungen.","breadcrumb":{"@id":"https:\/\/www.elementvape.de\/es\/produkt\/randm-crystal-4600-puffs-kaufen-einweg-e-zigarette-4600-zuege\/#breadcrumb"},"inLanguage":"it-IT","potentialAction":[{"@type":"ReadAction","target":["https:\/\/www.elementvape.de\/es\/produkt\/randm-crystal-4600-puffs-kaufen-einweg-e-zigarette-4600-zuege\/"]}]},{"@type":"ImageObject","inLanguage":"it-IT","@id":"https:\/\/www.elementvape.de\/es\/produkt\/randm-crystal-4600-puffs-kaufen-einweg-e-zigarette-4600-zuege\/#primaryimage","url":"https:\/\/www.elementvape.de\/wp-content\/uploads\/2024\/06\/RandMCrystal4600DisposableVape_1.webp","contentUrl":"https:\/\/www.elementvape.de\/wp-content\/uploads\/2024\/06\/RandMCrystal4600DisposableVape_1.webp","width":800,"height":800,"caption":"RandMCrystal4600DisposableVape_1"},{"@type":"BreadcrumbList","@id":"https:\/\/www.elementvape.de\/es\/produkt\/randm-crystal-4600-puffs-kaufen-einweg-e-zigarette-4600-zuege\/#breadcrumb","itemListElement":[{"@type":"ListItem","position":1,"name":"Home","item":"https:\/\/www.elementvape.de\/"},{"@type":"ListItem","position":2,"name":"Shop","item":"https:\/\/www.elementvape.de\/shop\/"},{"@type":"ListItem","position":3,"name":"RandM Crystal 4600 Puffs Kaufen Einweg-E-Zigarette 4600 Z\u00fcge"}]},{"@type":"WebSite","@id":"https:\/\/www.elementvape.de\/#website","url":"https:\/\/www.elementvape.de\/","name":"ElementVape.de","description":"","publisher":{"@id":"https:\/\/www.elementvape.de\/#organization"},"potentialAction":[{"@type":"SearchAction","target":{"@type":"EntryPoint","urlTemplate":"https:\/\/www.elementvape.de\/?s={search_term_string}"},"query-input":"required name=search_term_string"}],"inLanguage":"it-IT"},{"@type":"Organization","@id":"https:\/\/www.elementvape.de\/#organization","name":"ElementVape.DE","url":"https:\/\/www.elementvape.de\/","logo":{"@type":"ImageObject","inLanguage":"it-IT","@id":"https:\/\/www.elementvape.de\/#\/schema\/logo\/image\/","url":"https:\/\/www.elementvape.de\/wp-content\/uploads\/2024\/09\/cropped-1elementvape-3.png","contentUrl":"https:\/\/www.elementvape.de\/wp-content\/uploads\/2024\/09\/cropped-1elementvape-3.png","width":285,"height":228,"caption":"ElementVape.DE"},"image":{"@id":"https:\/\/www.elementvape.de\/#\/schema\/logo\/image\/"}}]}},"_links":{"self":[{"href":"https:\/\/www.elementvape.de\/it\/wp-json\/wp\/v2\/product\/11904"}],"collection":[{"href":"https:\/\/www.elementvape.de\/it\/wp-json\/wp\/v2\/product"}],"about":[{"href":"https:\/\/www.elementvape.de\/it\/wp-json\/wp\/v2\/types\/product"}],"wp:featuredmedia":[{"embeddable":true,"href":"https:\/\/www.elementvape.de\/it\/wp-json\/wp\/v2\/media\/11905"}],"wp:attachment":[{"href":"https:\/\/www.elementvape.de\/it\/wp-json\/wp\/v2\/media?parent=11904"}],"wp:term":[{"taxonomy":"product_cat","embeddable":true,"href":"https:\/\/www.elementvape.de\/it\/wp-json\/wp\/v2\/product_cat?post=11904"},{"taxonomy":"product_tag","embeddable":true,"href":"https:\/\/www.elementvape.de\/it\/wp-json\/wp\/v2\/product_tag?post=11904"}],"curies":[{"name":"wp","href":"https:\/\/api.w.org\/{rel}","templated":true}]}}