{"id":11778,"date":"2024-06-06T09:18:07","date_gmt":"2024-06-06T09:18:07","guid":{"rendered":"https:\/\/www.elementvape.de\/?post_type=product&#038;p=11778"},"modified":"2024-09-12T10:36:22","modified_gmt":"2024-09-12T10:36:22","slug":"randm-babe-disposable-vape-2500-puffs","status":"publish","type":"product","link":"https:\/\/www.elementvape.de\/it\/produkt\/randm-babe-disposable-vape-2500-puffs\/","title":{"rendered":"Vape usa e getta RandM Babe 2500 Puff"},"content":{"rendered":"<h3>Descrizione del prodotto: RandM Babe<\/h3>\n<p>La <strong>RandM Babe<\/strong> \u00e8 un dispositivo monouso per vape con un design sexy Girl, che si distingue per la sua alta capacit\u00e0 e un'ampia scelta di gusti. Con diverse concentrazioni di nicotina, offre un'esperienza di svapo duratura e intensa.<\/p>\n<h4>Caratteristiche principali:<\/h4>\n<ul>\n<li><strong>Opzioni di nicotina<\/strong>: Disponibile in 0 %, 2 %, 3 % e 5 % di sale di nicotina.<\/li>\n<li><strong>Capacit\u00e0<\/strong>: Contiene 8 ml di e-liquid.<\/li>\n<li><strong>Tiri<\/strong>: Fino a 2500 tiri per dispositivo.<\/li>\n<li><strong>Meccanismo di accensione<\/strong>: Attivato tirando, per una gestione semplice.<\/li>\n<li><strong>Design<\/strong>: Dispositivo monouso con design Sexy Girl, non ricaricabile e non ricaricabile.<\/li>\n<\/ul>\n<h4>Variet\u00e0 di aromi:<\/h4>\n<p>RandM Babe offre 16 gusti diversi:<\/p>\n<ol>\n<li>T\u00e8 all'uva ghiacciato<\/li>\n<li>Mighty Mint<\/li>\n<li>Caramelle gommose<\/li>\n<li>Limonata rosa<\/li>\n<li>Lush Ice<\/li>\n<li>Pina Colada Rum<\/li>\n<li>Frutti di bosco misti<\/li>\n<li>Gelato alla mandarino<\/li>\n<li>Fragola mango<\/li>\n<li>Gelato ai mirtilli<\/li>\n<li>Kiwi fragola<\/li>\n<li>Gelato alla guava<\/li>\n<li>Gelato alla banana<\/li>\n<li>Lush Berry<\/li>\n<li>Fragola anguria<\/li>\n<li>Gelato alle pesche<\/li>\n<\/ol>\n<h4>Dettagli sulla confezione:<\/h4>\n<ul>\n<li><strong>Unit\u00e0 di confezionamento<\/strong>: 10 pezzi in una scatola espositrice, 300 pezzi in una scatola<\/li>\n<\/ul>\n<h4>Contenuto della confezione:<\/h4>\n<ul>\n<li>1 x RandM Babe Vape monouso (2500 puff)<\/li>\n<\/ul>\n<p>La RandM Squid Bar combina un design accattivante con prestazioni eccellenti e una vasta gamma di gusti per garantire un'esperienza di svapo di alta qualit\u00e0.<\/p>","protected":false},"excerpt":{"rendered":"<p>Descrizione del prodotto: RandM Babe La RandM Babe \u00e8 un dispositivo vape usa e getta appariscente con un design di ragazza sexy, che si distingue per la sua alta capacit\u00e0 e un'ampia scelta di gusti. Con diverse intensit\u00e0 di nicotina, offre un'esperienza di svapo duratura e intensa. Caratteristiche principali: Opzioni di nicotina: disponibili in 0 %, 2 %, 3 % e 5 % di sale di nicotina. Capacit\u00e0: contiene 8 ml di e-liquid. [\u2026]<\/p>","protected":false},"featured_media":11772,"template":"","meta":{"inline_featured_image":false},"product_cat":[78,754,745,742,748,744,755,738,751],"product_tag":[676],"tiered_pricing_type":"fixed","tiered_pricing_fixed_rules":[],"tiered_pricing_percentage_rules":[],"tiered_pricing_minimum":1,"_administrator_tiered_pricing_type":"fixed","_administrator_tiered_pricing_fixed_rules":[],"_editor_tiered_pricing_type":"fixed","_editor_tiered_pricing_fixed_rules":[],"_author_tiered_pricing_type":"fixed","_author_tiered_pricing_fixed_rules":[],"_contributor_tiered_pricing_type":"fixed","_contributor_tiered_pricing_fixed_rules":[],"_subscriber_tiered_pricing_type":"fixed","_subscriber_tiered_pricing_fixed_rules":[],"_customer_tiered_pricing_type":"fixed","_customer_tiered_pricing_fixed_rules":[],"_shop_manager_tiered_pricing_type":"fixed","_shop_manager_tiered_pricing_fixed_rules":[],"_wpseo_manager_tiered_pricing_type":"fixed","_wpseo_manager_tiered_pricing_fixed_rules":[],"_wpseo_editor_tiered_pricing_type":"fixed","_wpseo_editor_tiered_pricing_fixed_rules":[],"_wholesale_customer_tiered_pricing_type":"fixed","_wholesale_customer_tiered_pricing_fixed_rules":[],"_marketer_tiered_pricing_type":"fixed","_marketer_tiered_pricing_fixed_rules":[],"_sales_manager_tiered_pricing_type":"fixed","_sales_manager_tiered_pricing_fixed_rules":[],"_sales_rep_tiered_pricing_type":"fixed","_sales_rep_tiered_pricing_fixed_rules":[],"yoast_head":"<!-- This site is optimized with the Yoast SEO plugin v23.3 - https:\/\/yoast.com\/wordpress\/plugins\/seo\/ -->\n<title>RandM Babe Disposable Vape 2500 Puffs | ElementVape.de<\/title>\n<meta name=\"description\" content=\"Wir bieten RandM Babe Disposable Vape 2500 Puffs , Elementvape.de akzeptieren Gro\u00df-und Einzelhandel Bestellungen.\" \/>\n<meta name=\"robots\" content=\"index, follow, max-snippet:-1, max-image-preview:large, max-video-preview:-1\" \/>\n<link rel=\"canonical\" href=\"https:\/\/www.elementvape.de\/it\/produkt\/randm-babe-disposable-vape-2500-puffs\/\" \/>\n<meta property=\"og:locale\" content=\"it_IT\" \/>\n<meta property=\"og:type\" content=\"article\" \/>\n<meta property=\"og:title\" content=\"RandM Babe Disposable Vape 2500 Puffs | ElementVape.de\" \/>\n<meta property=\"og:description\" content=\"Wir bieten RandM Babe Disposable Vape 2500 Puffs , Elementvape.de akzeptieren Gro\u00df-und Einzelhandel Bestellungen.\" \/>\n<meta property=\"og:url\" content=\"https:\/\/www.elementvape.de\/it\/produkt\/randm-babe-disposable-vape-2500-puffs\/\" \/>\n<meta property=\"og:site_name\" content=\"ElementVape.de\" \/>\n<meta property=\"article:modified_time\" content=\"2024-09-12T10:36:22+00:00\" \/>\n<meta property=\"og:image\" content=\"https:\/\/www.elementvape.de\/wp-content\/uploads\/2024\/06\/RandMBabeDisposableVape2500Puffs_1.webp\" \/>\n\t<meta property=\"og:image:width\" content=\"800\" \/>\n\t<meta property=\"og:image:height\" content=\"800\" \/>\n\t<meta property=\"og:image:type\" content=\"image\/webp\" \/>\n<meta name=\"twitter:card\" content=\"summary_large_image\" \/>\n<meta name=\"twitter:label1\" content=\"Est. reading time\" \/>\n\t<meta name=\"twitter:data1\" content=\"2 minuti\" \/>\n<script type=\"application\/ld+json\" class=\"yoast-schema-graph\">{\"@context\":\"https:\/\/schema.org\",\"@graph\":[{\"@type\":\"WebPage\",\"@id\":\"https:\/\/www.elementvape.de\/fi\/produkt\/randm-babe-disposable-vape-2500-puffs\/\",\"url\":\"https:\/\/www.elementvape.de\/fi\/produkt\/randm-babe-disposable-vape-2500-puffs\/\",\"name\":\"RandM Babe Disposable Vape 2500 Puffs | ElementVape.de\",\"isPartOf\":{\"@id\":\"https:\/\/www.elementvape.de\/#website\"},\"primaryImageOfPage\":{\"@id\":\"https:\/\/www.elementvape.de\/fi\/produkt\/randm-babe-disposable-vape-2500-puffs\/#primaryimage\"},\"image\":{\"@id\":\"https:\/\/www.elementvape.de\/fi\/produkt\/randm-babe-disposable-vape-2500-puffs\/#primaryimage\"},\"thumbnailUrl\":\"https:\/\/www.elementvape.de\/wp-content\/uploads\/2024\/06\/RandMBabeDisposableVape2500Puffs_1.webp\",\"datePublished\":\"2024-06-06T09:18:07+00:00\",\"dateModified\":\"2024-09-12T10:36:22+00:00\",\"description\":\"Wir bieten RandM Babe Disposable Vape 2500 Puffs , Elementvape.de akzeptieren Gro\u00df-und Einzelhandel Bestellungen.\",\"breadcrumb\":{\"@id\":\"https:\/\/www.elementvape.de\/fi\/produkt\/randm-babe-disposable-vape-2500-puffs\/#breadcrumb\"},\"inLanguage\":\"it-IT\",\"potentialAction\":[{\"@type\":\"ReadAction\",\"target\":[\"https:\/\/www.elementvape.de\/fi\/produkt\/randm-babe-disposable-vape-2500-puffs\/\"]}]},{\"@type\":\"ImageObject\",\"inLanguage\":\"it-IT\",\"@id\":\"https:\/\/www.elementvape.de\/fi\/produkt\/randm-babe-disposable-vape-2500-puffs\/#primaryimage\",\"url\":\"https:\/\/www.elementvape.de\/wp-content\/uploads\/2024\/06\/RandMBabeDisposableVape2500Puffs_1.webp\",\"contentUrl\":\"https:\/\/www.elementvape.de\/wp-content\/uploads\/2024\/06\/RandMBabeDisposableVape2500Puffs_1.webp\",\"width\":800,\"height\":800,\"caption\":\"RandMBabeDisposableVape2500Puffs_1\"},{\"@type\":\"BreadcrumbList\",\"@id\":\"https:\/\/www.elementvape.de\/fi\/produkt\/randm-babe-disposable-vape-2500-puffs\/#breadcrumb\",\"itemListElement\":[{\"@type\":\"ListItem\",\"position\":1,\"name\":\"Home\",\"item\":\"https:\/\/www.elementvape.de\/\"},{\"@type\":\"ListItem\",\"position\":2,\"name\":\"Shop\",\"item\":\"https:\/\/www.elementvape.de\/shop\/\"},{\"@type\":\"ListItem\",\"position\":3,\"name\":\"RandM Babe Disposable Vape 2500 Puffs\"}]},{\"@type\":\"WebSite\",\"@id\":\"https:\/\/www.elementvape.de\/#website\",\"url\":\"https:\/\/www.elementvape.de\/\",\"name\":\"ElementVape.de\",\"description\":\"\",\"publisher\":{\"@id\":\"https:\/\/www.elementvape.de\/#organization\"},\"potentialAction\":[{\"@type\":\"SearchAction\",\"target\":{\"@type\":\"EntryPoint\",\"urlTemplate\":\"https:\/\/www.elementvape.de\/?s={search_term_string}\"},\"query-input\":\"required name=search_term_string\"}],\"inLanguage\":\"it-IT\"},{\"@type\":\"Organization\",\"@id\":\"https:\/\/www.elementvape.de\/#organization\",\"name\":\"ElementVape.DE\",\"url\":\"https:\/\/www.elementvape.de\/\",\"logo\":{\"@type\":\"ImageObject\",\"inLanguage\":\"it-IT\",\"@id\":\"https:\/\/www.elementvape.de\/#\/schema\/logo\/image\/\",\"url\":\"https:\/\/www.elementvape.de\/wp-content\/uploads\/2024\/09\/cropped-1elementvape-3.png\",\"contentUrl\":\"https:\/\/www.elementvape.de\/wp-content\/uploads\/2024\/09\/cropped-1elementvape-3.png\",\"width\":285,\"height\":228,\"caption\":\"ElementVape.DE\"},\"image\":{\"@id\":\"https:\/\/www.elementvape.de\/#\/schema\/logo\/image\/\"}}]}<\/script>\n<!-- \/ Yoast SEO plugin. -->","yoast_head_json":{"title":"RandM Babe Disposable Vape 2500 Puffs | ElementVape.de","description":"Wir bieten RandM Babe Disposable Vape 2500 Puffs , Elementvape.de akzeptieren Gro\u00df-und Einzelhandel Bestellungen.","robots":{"index":"index","follow":"follow","max-snippet":"max-snippet:-1","max-image-preview":"max-image-preview:large","max-video-preview":"max-video-preview:-1"},"canonical":"https:\/\/www.elementvape.de\/it\/produkt\/randm-babe-disposable-vape-2500-puffs\/","og_locale":"it_IT","og_type":"article","og_title":"RandM Babe Disposable Vape 2500 Puffs | ElementVape.de","og_description":"Wir bieten RandM Babe Disposable Vape 2500 Puffs , Elementvape.de akzeptieren Gro\u00df-und Einzelhandel Bestellungen.","og_url":"https:\/\/www.elementvape.de\/it\/produkt\/randm-babe-disposable-vape-2500-puffs\/","og_site_name":"ElementVape.de","article_modified_time":"2024-09-12T10:36:22+00:00","og_image":[{"width":800,"height":800,"url":"https:\/\/www.elementvape.de\/wp-content\/uploads\/2024\/06\/RandMBabeDisposableVape2500Puffs_1.webp","type":"image\/webp"}],"twitter_card":"summary_large_image","twitter_misc":{"Est. reading time":"2 minuti"},"schema":{"@context":"https:\/\/schema.org","@graph":[{"@type":"WebPage","@id":"https:\/\/www.elementvape.de\/fi\/produkt\/randm-babe-disposable-vape-2500-puffs\/","url":"https:\/\/www.elementvape.de\/fi\/produkt\/randm-babe-disposable-vape-2500-puffs\/","name":"RandM Babe Disposable Vape 2500 Puffs | ElementVape.de","isPartOf":{"@id":"https:\/\/www.elementvape.de\/#website"},"primaryImageOfPage":{"@id":"https:\/\/www.elementvape.de\/fi\/produkt\/randm-babe-disposable-vape-2500-puffs\/#primaryimage"},"image":{"@id":"https:\/\/www.elementvape.de\/fi\/produkt\/randm-babe-disposable-vape-2500-puffs\/#primaryimage"},"thumbnailUrl":"https:\/\/www.elementvape.de\/wp-content\/uploads\/2024\/06\/RandMBabeDisposableVape2500Puffs_1.webp","datePublished":"2024-06-06T09:18:07+00:00","dateModified":"2024-09-12T10:36:22+00:00","description":"Wir bieten RandM Babe Disposable Vape 2500 Puffs , Elementvape.de akzeptieren Gro\u00df-und Einzelhandel Bestellungen.","breadcrumb":{"@id":"https:\/\/www.elementvape.de\/fi\/produkt\/randm-babe-disposable-vape-2500-puffs\/#breadcrumb"},"inLanguage":"it-IT","potentialAction":[{"@type":"ReadAction","target":["https:\/\/www.elementvape.de\/fi\/produkt\/randm-babe-disposable-vape-2500-puffs\/"]}]},{"@type":"ImageObject","inLanguage":"it-IT","@id":"https:\/\/www.elementvape.de\/fi\/produkt\/randm-babe-disposable-vape-2500-puffs\/#primaryimage","url":"https:\/\/www.elementvape.de\/wp-content\/uploads\/2024\/06\/RandMBabeDisposableVape2500Puffs_1.webp","contentUrl":"https:\/\/www.elementvape.de\/wp-content\/uploads\/2024\/06\/RandMBabeDisposableVape2500Puffs_1.webp","width":800,"height":800,"caption":"RandMBabeDisposableVape2500Puffs_1"},{"@type":"BreadcrumbList","@id":"https:\/\/www.elementvape.de\/fi\/produkt\/randm-babe-disposable-vape-2500-puffs\/#breadcrumb","itemListElement":[{"@type":"ListItem","position":1,"name":"Home","item":"https:\/\/www.elementvape.de\/"},{"@type":"ListItem","position":2,"name":"Shop","item":"https:\/\/www.elementvape.de\/shop\/"},{"@type":"ListItem","position":3,"name":"RandM Babe Disposable Vape 2500 Puffs"}]},{"@type":"WebSite","@id":"https:\/\/www.elementvape.de\/#website","url":"https:\/\/www.elementvape.de\/","name":"ElementVape.de","description":"","publisher":{"@id":"https:\/\/www.elementvape.de\/#organization"},"potentialAction":[{"@type":"SearchAction","target":{"@type":"EntryPoint","urlTemplate":"https:\/\/www.elementvape.de\/?s={search_term_string}"},"query-input":"required name=search_term_string"}],"inLanguage":"it-IT"},{"@type":"Organization","@id":"https:\/\/www.elementvape.de\/#organization","name":"ElementVape.DE","url":"https:\/\/www.elementvape.de\/","logo":{"@type":"ImageObject","inLanguage":"it-IT","@id":"https:\/\/www.elementvape.de\/#\/schema\/logo\/image\/","url":"https:\/\/www.elementvape.de\/wp-content\/uploads\/2024\/09\/cropped-1elementvape-3.png","contentUrl":"https:\/\/www.elementvape.de\/wp-content\/uploads\/2024\/09\/cropped-1elementvape-3.png","width":285,"height":228,"caption":"ElementVape.DE"},"image":{"@id":"https:\/\/www.elementvape.de\/#\/schema\/logo\/image\/"}}]}},"_links":{"self":[{"href":"https:\/\/www.elementvape.de\/it\/wp-json\/wp\/v2\/product\/11778"}],"collection":[{"href":"https:\/\/www.elementvape.de\/it\/wp-json\/wp\/v2\/product"}],"about":[{"href":"https:\/\/www.elementvape.de\/it\/wp-json\/wp\/v2\/types\/product"}],"wp:featuredmedia":[{"embeddable":true,"href":"https:\/\/www.elementvape.de\/it\/wp-json\/wp\/v2\/media\/11772"}],"wp:attachment":[{"href":"https:\/\/www.elementvape.de\/it\/wp-json\/wp\/v2\/media?parent=11778"}],"wp:term":[{"taxonomy":"product_cat","embeddable":true,"href":"https:\/\/www.elementvape.de\/it\/wp-json\/wp\/v2\/product_cat?post=11778"},{"taxonomy":"product_tag","embeddable":true,"href":"https:\/\/www.elementvape.de\/it\/wp-json\/wp\/v2\/product_tag?post=11778"}],"curies":[{"name":"wp","href":"https:\/\/api.w.org\/{rel}","templated":true}]}}