{"id":11598,"date":"2024-06-06T06:51:57","date_gmt":"2024-06-06T06:51:57","guid":{"rendered":"https:\/\/www.elementvape.de\/?post_type=product&#038;p=11598"},"modified":"2024-09-26T05:41:31","modified_gmt":"2024-09-26T05:41:31","slug":"randm-vase-600-einweg-vape-kaufen-600-zuege","status":"publish","type":"product","link":"https:\/\/www.elementvape.de\/it\/produkt\/randm-vase-600-einweg-vape-kaufen-600-zuege\/","title":{"rendered":"Vape usa e getta RandM Vase 600, acquista 600 tiri"},"content":{"rendered":"<h3>Descrizione del prodotto: RandM Vase 600<\/h3>\n<p>La <strong>RandM Vase 600<\/strong> \u00e8 un dispositivo di svapo monouso elegante che offre un'esperienza di svapo compatta ma intensa. Con una vasta gamma di gusti e diverse concentrazioni di nicotina, questo dispositivo \u00e8 ideale per svapatori che apprezzano sia il comfort che la variet\u00e0.<\/p>\n<h4>Caratteristiche principali:<\/h4>\n<ul>\n<li><strong>Opzioni di nicotina<\/strong>: Disponibile in 5 %, 3 %, 2 % e 0 % di nicotina.<\/li>\n<li><strong>Tiri<\/strong>: Fino a 600 puff per dispositivo.<\/li>\n<li><strong>Capacit\u00e0<\/strong>: Contiene 2 ml di e-liquid.<\/li>\n<li><strong>Batteria<\/strong>: Dotato di una batteria da 600 mAh.<\/li>\n<li><strong>Coil<\/strong>: Resistenza Mesh potente per un'esperienza di svapo intensa.<\/li>\n<\/ul>\n<h4>Variet\u00e0 di aromi:<\/h4>\n<p>Il RandM Vase 600 offre 14 gusti diversi:<\/p>\n<ol>\n<li>Mela Pesca Pera<\/li>\n<li>Gomma da masticare mirtillo<\/li>\n<li>Ciliegia Litchi<\/li>\n<li>Limonata del Drago<\/li>\n<li>Mango Pesca<\/li>\n<li>Frutti di bosco misti<\/li>\n<li>Passione Guava Pompelmo<\/li>\n<li>Limonata Rosa<\/li>\n<li>Caramella Arcobaleno<\/li>\n<li>Potere rosso<\/li>\n<li>Fragola mango<\/li>\n<li>Gelato alla fragola<\/li>\n<li>Tabacco<\/li>\n<li>Menta fresca<\/li>\n<\/ol>\n<h4>Contenuto della confezione:<\/h4>\n<ul>\n<li>1 x RandM Vase 600 dispositivo monouso (600 puff)<\/li>\n<\/ul>\n<p>Questo dispositivo \u00e8 perfetto per chi cerca un dispositivo di svapo facile da usare e portatile, senza rinunciare a gusto e opzioni di nicotina. Il RandM Vase 600 combina un design attraente con prestazioni eccellenti e una vasta gamma di aromi deliziosi.<\/p>","protected":false},"excerpt":{"rendered":"<p>Produktbeschreibung: RandM Vase 600 Die RandM Vase 600 ist ein stilvolles Einweg-Vape-Ger\u00e4t, das Ihnen ein kompaktes und dennoch intensives Dampferlebnis bietet. Mit einer Vielzahl von Geschmacksrichtungen und verschiedenen Nikotinst\u00e4rken ist dieses Ger\u00e4t ideal f\u00fcr Dampfer, die sowohl Komfort als auch Vielfalt sch\u00e4tzen. Hauptmerkmale: Nikotinoptionen: Verf\u00fcgbar in 5 %, 3 %, 2 % und 0 % [&hellip;]<\/p>","protected":false},"featured_media":11599,"template":"","meta":{"inline_featured_image":false},"product_cat":[78,754,745,742,748,744,755,738,751],"product_tag":[679],"tiered_pricing_type":"fixed","tiered_pricing_fixed_rules":[],"tiered_pricing_percentage_rules":[],"tiered_pricing_minimum":1,"_administrator_tiered_pricing_type":"fixed","_administrator_tiered_pricing_fixed_rules":[],"_editor_tiered_pricing_type":"fixed","_editor_tiered_pricing_fixed_rules":[],"_author_tiered_pricing_type":"fixed","_author_tiered_pricing_fixed_rules":[],"_contributor_tiered_pricing_type":"fixed","_contributor_tiered_pricing_fixed_rules":[],"_subscriber_tiered_pricing_type":"fixed","_subscriber_tiered_pricing_fixed_rules":[],"_customer_tiered_pricing_type":"fixed","_customer_tiered_pricing_fixed_rules":[],"_shop_manager_tiered_pricing_type":"fixed","_shop_manager_tiered_pricing_fixed_rules":[],"_wpseo_manager_tiered_pricing_type":"fixed","_wpseo_manager_tiered_pricing_fixed_rules":[],"_wpseo_editor_tiered_pricing_type":"fixed","_wpseo_editor_tiered_pricing_fixed_rules":[],"_wholesale_customer_tiered_pricing_type":"fixed","_wholesale_customer_tiered_pricing_fixed_rules":[],"_marketer_tiered_pricing_type":"fixed","_marketer_tiered_pricing_fixed_rules":[],"_sales_manager_tiered_pricing_type":"fixed","_sales_manager_tiered_pricing_fixed_rules":[],"_sales_rep_tiered_pricing_type":"fixed","_sales_rep_tiered_pricing_fixed_rules":[],"yoast_head":"<!-- This site is optimized with the Yoast SEO plugin v23.3 - https:\/\/yoast.com\/wordpress\/plugins\/seo\/ -->\n<title>RandM Vase 600 Einweg-Vape Kaufen 600 Z\u00fcge | ElementVape.de<\/title>\n<meta name=\"description\" content=\"Wir bieten RandM Vase 600 Einweg-Vape Kaufen 600 Z\u00fcge , Elementvape.de akzeptieren Gro\u00df-und Einzelhandel Bestellungen.\" \/>\n<meta name=\"robots\" content=\"index, follow, max-snippet:-1, max-image-preview:large, max-video-preview:-1\" \/>\n<link rel=\"canonical\" href=\"https:\/\/www.elementvape.de\/it\/produkt\/randm-vase-600-einweg-vape-kaufen-600-zuege\/\" \/>\n<meta property=\"og:locale\" content=\"it_IT\" \/>\n<meta property=\"og:type\" content=\"article\" \/>\n<meta property=\"og:title\" content=\"RandM Vase 600 Einweg-Vape Kaufen 600 Z\u00fcge | ElementVape.de\" \/>\n<meta property=\"og:description\" content=\"Wir bieten RandM Vase 600 Einweg-Vape Kaufen 600 Z\u00fcge , Elementvape.de akzeptieren Gro\u00df-und Einzelhandel Bestellungen.\" \/>\n<meta property=\"og:url\" content=\"https:\/\/www.elementvape.de\/it\/produkt\/randm-vase-600-einweg-vape-kaufen-600-zuege\/\" \/>\n<meta property=\"og:site_name\" content=\"ElementVape.de\" \/>\n<meta property=\"article:modified_time\" content=\"2024-09-26T05:41:31+00:00\" \/>\n<meta property=\"og:image\" content=\"https:\/\/www.elementvape.de\/wp-content\/uploads\/2024\/06\/RandMVase600_13.webp\" \/>\n\t<meta property=\"og:image:width\" content=\"800\" \/>\n\t<meta property=\"og:image:height\" content=\"800\" \/>\n\t<meta property=\"og:image:type\" content=\"image\/webp\" \/>\n<meta name=\"twitter:card\" content=\"summary_large_image\" \/>\n<meta name=\"twitter:label1\" content=\"Est. reading time\" \/>\n\t<meta name=\"twitter:data1\" content=\"2 minuti\" \/>\n<script type=\"application\/ld+json\" class=\"yoast-schema-graph\">{\"@context\":\"https:\/\/schema.org\",\"@graph\":[{\"@type\":\"WebPage\",\"@id\":\"https:\/\/www.elementvape.de\/nl\/produkt\/randm-vase-600-einweg-vape-kaufen-600-zuege\/\",\"url\":\"https:\/\/www.elementvape.de\/nl\/produkt\/randm-vase-600-einweg-vape-kaufen-600-zuege\/\",\"name\":\"RandM Vase 600 Einweg-Vape Kaufen 600 Z\u00fcge | ElementVape.de\",\"isPartOf\":{\"@id\":\"https:\/\/www.elementvape.de\/#website\"},\"primaryImageOfPage\":{\"@id\":\"https:\/\/www.elementvape.de\/nl\/produkt\/randm-vase-600-einweg-vape-kaufen-600-zuege\/#primaryimage\"},\"image\":{\"@id\":\"https:\/\/www.elementvape.de\/nl\/produkt\/randm-vase-600-einweg-vape-kaufen-600-zuege\/#primaryimage\"},\"thumbnailUrl\":\"https:\/\/www.elementvape.de\/wp-content\/uploads\/2024\/06\/RandMVase600_13.webp\",\"datePublished\":\"2024-06-06T06:51:57+00:00\",\"dateModified\":\"2024-09-26T05:41:31+00:00\",\"description\":\"Wir bieten RandM Vase 600 Einweg-Vape Kaufen 600 Z\u00fcge , Elementvape.de akzeptieren Gro\u00df-und Einzelhandel Bestellungen.\",\"breadcrumb\":{\"@id\":\"https:\/\/www.elementvape.de\/nl\/produkt\/randm-vase-600-einweg-vape-kaufen-600-zuege\/#breadcrumb\"},\"inLanguage\":\"it-IT\",\"potentialAction\":[{\"@type\":\"ReadAction\",\"target\":[\"https:\/\/www.elementvape.de\/nl\/produkt\/randm-vase-600-einweg-vape-kaufen-600-zuege\/\"]}]},{\"@type\":\"ImageObject\",\"inLanguage\":\"it-IT\",\"@id\":\"https:\/\/www.elementvape.de\/nl\/produkt\/randm-vase-600-einweg-vape-kaufen-600-zuege\/#primaryimage\",\"url\":\"https:\/\/www.elementvape.de\/wp-content\/uploads\/2024\/06\/RandMVase600_13.webp\",\"contentUrl\":\"https:\/\/www.elementvape.de\/wp-content\/uploads\/2024\/06\/RandMVase600_13.webp\",\"width\":800,\"height\":800,\"caption\":\"RandMVase600_13\"},{\"@type\":\"BreadcrumbList\",\"@id\":\"https:\/\/www.elementvape.de\/nl\/produkt\/randm-vase-600-einweg-vape-kaufen-600-zuege\/#breadcrumb\",\"itemListElement\":[{\"@type\":\"ListItem\",\"position\":1,\"name\":\"Home\",\"item\":\"https:\/\/www.elementvape.de\/\"},{\"@type\":\"ListItem\",\"position\":2,\"name\":\"Shop\",\"item\":\"https:\/\/www.elementvape.de\/shop\/\"},{\"@type\":\"ListItem\",\"position\":3,\"name\":\"RandM Vase 600 Einweg-Vape Kaufen 600 Z\u00fcge\"}]},{\"@type\":\"WebSite\",\"@id\":\"https:\/\/www.elementvape.de\/#website\",\"url\":\"https:\/\/www.elementvape.de\/\",\"name\":\"ElementVape.de\",\"description\":\"\",\"publisher\":{\"@id\":\"https:\/\/www.elementvape.de\/#organization\"},\"potentialAction\":[{\"@type\":\"SearchAction\",\"target\":{\"@type\":\"EntryPoint\",\"urlTemplate\":\"https:\/\/www.elementvape.de\/?s={search_term_string}\"},\"query-input\":\"required name=search_term_string\"}],\"inLanguage\":\"it-IT\"},{\"@type\":\"Organization\",\"@id\":\"https:\/\/www.elementvape.de\/#organization\",\"name\":\"ElementVape.DE\",\"url\":\"https:\/\/www.elementvape.de\/\",\"logo\":{\"@type\":\"ImageObject\",\"inLanguage\":\"it-IT\",\"@id\":\"https:\/\/www.elementvape.de\/#\/schema\/logo\/image\/\",\"url\":\"https:\/\/www.elementvape.de\/wp-content\/uploads\/2024\/09\/cropped-1elementvape-3.png\",\"contentUrl\":\"https:\/\/www.elementvape.de\/wp-content\/uploads\/2024\/09\/cropped-1elementvape-3.png\",\"width\":285,\"height\":228,\"caption\":\"ElementVape.DE\"},\"image\":{\"@id\":\"https:\/\/www.elementvape.de\/#\/schema\/logo\/image\/\"}}]}<\/script>\n<!-- \/ Yoast SEO plugin. -->","yoast_head_json":{"title":"RandM Vase 600 Einweg-Vape Kaufen 600 Z\u00fcge | ElementVape.de","description":"Wir bieten RandM Vase 600 Einweg-Vape Kaufen 600 Z\u00fcge , Elementvape.de akzeptieren Gro\u00df-und Einzelhandel Bestellungen.","robots":{"index":"index","follow":"follow","max-snippet":"max-snippet:-1","max-image-preview":"max-image-preview:large","max-video-preview":"max-video-preview:-1"},"canonical":"https:\/\/www.elementvape.de\/it\/produkt\/randm-vase-600-einweg-vape-kaufen-600-zuege\/","og_locale":"it_IT","og_type":"article","og_title":"RandM Vase 600 Einweg-Vape Kaufen 600 Z\u00fcge | ElementVape.de","og_description":"Wir bieten RandM Vase 600 Einweg-Vape Kaufen 600 Z\u00fcge , Elementvape.de akzeptieren Gro\u00df-und Einzelhandel Bestellungen.","og_url":"https:\/\/www.elementvape.de\/it\/produkt\/randm-vase-600-einweg-vape-kaufen-600-zuege\/","og_site_name":"ElementVape.de","article_modified_time":"2024-09-26T05:41:31+00:00","og_image":[{"width":800,"height":800,"url":"https:\/\/www.elementvape.de\/wp-content\/uploads\/2024\/06\/RandMVase600_13.webp","type":"image\/webp"}],"twitter_card":"summary_large_image","twitter_misc":{"Est. reading time":"2 minuti"},"schema":{"@context":"https:\/\/schema.org","@graph":[{"@type":"WebPage","@id":"https:\/\/www.elementvape.de\/nl\/produkt\/randm-vase-600-einweg-vape-kaufen-600-zuege\/","url":"https:\/\/www.elementvape.de\/nl\/produkt\/randm-vase-600-einweg-vape-kaufen-600-zuege\/","name":"RandM Vase 600 Einweg-Vape Kaufen 600 Z\u00fcge | ElementVape.de","isPartOf":{"@id":"https:\/\/www.elementvape.de\/#website"},"primaryImageOfPage":{"@id":"https:\/\/www.elementvape.de\/nl\/produkt\/randm-vase-600-einweg-vape-kaufen-600-zuege\/#primaryimage"},"image":{"@id":"https:\/\/www.elementvape.de\/nl\/produkt\/randm-vase-600-einweg-vape-kaufen-600-zuege\/#primaryimage"},"thumbnailUrl":"https:\/\/www.elementvape.de\/wp-content\/uploads\/2024\/06\/RandMVase600_13.webp","datePublished":"2024-06-06T06:51:57+00:00","dateModified":"2024-09-26T05:41:31+00:00","description":"Wir bieten RandM Vase 600 Einweg-Vape Kaufen 600 Z\u00fcge , Elementvape.de akzeptieren Gro\u00df-und Einzelhandel Bestellungen.","breadcrumb":{"@id":"https:\/\/www.elementvape.de\/nl\/produkt\/randm-vase-600-einweg-vape-kaufen-600-zuege\/#breadcrumb"},"inLanguage":"it-IT","potentialAction":[{"@type":"ReadAction","target":["https:\/\/www.elementvape.de\/nl\/produkt\/randm-vase-600-einweg-vape-kaufen-600-zuege\/"]}]},{"@type":"ImageObject","inLanguage":"it-IT","@id":"https:\/\/www.elementvape.de\/nl\/produkt\/randm-vase-600-einweg-vape-kaufen-600-zuege\/#primaryimage","url":"https:\/\/www.elementvape.de\/wp-content\/uploads\/2024\/06\/RandMVase600_13.webp","contentUrl":"https:\/\/www.elementvape.de\/wp-content\/uploads\/2024\/06\/RandMVase600_13.webp","width":800,"height":800,"caption":"RandMVase600_13"},{"@type":"BreadcrumbList","@id":"https:\/\/www.elementvape.de\/nl\/produkt\/randm-vase-600-einweg-vape-kaufen-600-zuege\/#breadcrumb","itemListElement":[{"@type":"ListItem","position":1,"name":"Home","item":"https:\/\/www.elementvape.de\/"},{"@type":"ListItem","position":2,"name":"Shop","item":"https:\/\/www.elementvape.de\/shop\/"},{"@type":"ListItem","position":3,"name":"RandM Vase 600 Einweg-Vape Kaufen 600 Z\u00fcge"}]},{"@type":"WebSite","@id":"https:\/\/www.elementvape.de\/#website","url":"https:\/\/www.elementvape.de\/","name":"ElementVape.de","description":"","publisher":{"@id":"https:\/\/www.elementvape.de\/#organization"},"potentialAction":[{"@type":"SearchAction","target":{"@type":"EntryPoint","urlTemplate":"https:\/\/www.elementvape.de\/?s={search_term_string}"},"query-input":"required name=search_term_string"}],"inLanguage":"it-IT"},{"@type":"Organization","@id":"https:\/\/www.elementvape.de\/#organization","name":"ElementVape.DE","url":"https:\/\/www.elementvape.de\/","logo":{"@type":"ImageObject","inLanguage":"it-IT","@id":"https:\/\/www.elementvape.de\/#\/schema\/logo\/image\/","url":"https:\/\/www.elementvape.de\/wp-content\/uploads\/2024\/09\/cropped-1elementvape-3.png","contentUrl":"https:\/\/www.elementvape.de\/wp-content\/uploads\/2024\/09\/cropped-1elementvape-3.png","width":285,"height":228,"caption":"ElementVape.DE"},"image":{"@id":"https:\/\/www.elementvape.de\/#\/schema\/logo\/image\/"}}]}},"_links":{"self":[{"href":"https:\/\/www.elementvape.de\/it\/wp-json\/wp\/v2\/product\/11598"}],"collection":[{"href":"https:\/\/www.elementvape.de\/it\/wp-json\/wp\/v2\/product"}],"about":[{"href":"https:\/\/www.elementvape.de\/it\/wp-json\/wp\/v2\/types\/product"}],"wp:featuredmedia":[{"embeddable":true,"href":"https:\/\/www.elementvape.de\/it\/wp-json\/wp\/v2\/media\/11599"}],"wp:attachment":[{"href":"https:\/\/www.elementvape.de\/it\/wp-json\/wp\/v2\/media?parent=11598"}],"wp:term":[{"taxonomy":"product_cat","embeddable":true,"href":"https:\/\/www.elementvape.de\/it\/wp-json\/wp\/v2\/product_cat?post=11598"},{"taxonomy":"product_tag","embeddable":true,"href":"https:\/\/www.elementvape.de\/it\/wp-json\/wp\/v2\/product_tag?post=11598"}],"curies":[{"name":"wp","href":"https:\/\/api.w.org\/{rel}","templated":true}]}}