{"id":11022,"date":"2024-05-29T07:13:21","date_gmt":"2024-05-29T07:13:21","guid":{"rendered":"https:\/\/www.elementvape.de\/?post_type=product&#038;p=11022"},"modified":"2024-09-12T10:36:43","modified_gmt":"2024-09-12T10:36:43","slug":"geek-bar-x5500-einweg-vape-5500-zuege-630mah","status":"publish","type":"product","link":"https:\/\/www.elementvape.de\/it\/produkt\/geek-bar-x5500-einweg-vape-5500-zuege-630mah\/","title":{"rendered":"Geek Bar X5500 Vape usa e getta 5500 tiri 630mAh"},"content":{"rendered":"<p>Descrizione<br \/>\nElementVape \u00e8 uno dei pi\u00f9 grandi grossisti e fornitori di prodotti Vape Geek Bar in Cina. Forniamo i prodotti Vape usa e getta Geek Bar di altissima qualit\u00e0. Vieni da noi. Acquista prodotti Vape usa e getta Geek Bar C500 ai migliori prezzi all'ingrosso. Geek Bar X5500 ha un design superleggero, aerodinamico e cilindrico. \u00c8 dotato di una bobina a rete KAl integrata, che offre un tiro pi\u00f9 morbido fino all'ultima goccia. Il bocchino piatto migliorato si adatta facilmente alle tue labbra. Una batteria ricaricabile da 630 mAh garantisce che tu possa svapare tutto il giorno.<\/p>\n<p>Aromi:<\/p>\n<p>Ghiaccio di Anguria<br \/>\nCactus Lime<br \/>\nAnanas Pesca Mango<br \/>\nKiwi Passione Guava<br \/>\nFrutta tropicale<br \/>\nLimonata Soda Ananas<br \/>\nMelograno Frutti di Bosco Menta<br \/>\nGelato al Limone<br \/>\nMela Verde Kiwi<br \/>\nArancia Mango Guava<br \/>\nKiwi Fragola<br \/>\nCola Ghiaccio<br \/>\nLatte Ananas Cocco<br \/>\nShisha Frutta Mista<br \/>\nEsplosione di Skittles Tropicali<br \/>\nLimonata di Fragola<br \/>\nTrio di Frutti di Bosco<br \/>\nFrullato di Mirtilli<br \/>\nTorta alla Crema di Fragole<br \/>\nFrutti di Bosco della Foresta<br \/>\nPesca Mirtilli Misti<br \/>\nGhiaccio Polare Menta<\/p>\n<p>Parametri<br \/>\nBatteria: batteria ricaricabile da 630 mAh<br \/>\nE-liquido: 12 ml pre-riempiti<br \/>\nTiri: fino a 5500 tiri<br \/>\nNicotine: 50\/20 mg<br \/>\nAromi: 22<br \/>\nPotenza: 3,6 V costante<\/p>\n<p>Pacchetti<br \/>\n1 x Geek Bar X5500 Sigaretta Elettronica usa e getta 5500 tiri<\/p>","protected":false},"excerpt":{"rendered":"<p>Beschreibung ElementVape ist einer der gr\u00f6\u00dften Gro\u00dfh\u00e4ndler und Lieferanten von Geek Bar Vape-Produkten in China. Wir liefern die hochwertigsten Geek Bar Disposable Vape-Produkte. Kommen Sie zu uns. Kaufen Sie Geek Bar C500 Disposable Vape-Produkte zu den besten Gro\u00dfhandelspreisen. Geek Bar X5500 verf\u00fcgt \u00fcber ein superleichtes, stromlinienf\u00f6rmiges, zylindrisches Design. Es ist mit einer integrierten KAl-Netzspule ausgestattet, [&hellip;]<\/p>","protected":false},"featured_media":11045,"template":"","meta":{"inline_featured_image":false},"product_cat":[78,754,745,742,748,744,755,738,751],"product_tag":[680],"tiered_pricing_type":"fixed","tiered_pricing_fixed_rules":[],"tiered_pricing_percentage_rules":[],"tiered_pricing_minimum":1,"_administrator_tiered_pricing_type":"fixed","_administrator_tiered_pricing_fixed_rules":[],"_editor_tiered_pricing_type":"fixed","_editor_tiered_pricing_fixed_rules":[],"_author_tiered_pricing_type":"fixed","_author_tiered_pricing_fixed_rules":[],"_contributor_tiered_pricing_type":"fixed","_contributor_tiered_pricing_fixed_rules":[],"_subscriber_tiered_pricing_type":"fixed","_subscriber_tiered_pricing_fixed_rules":[],"_customer_tiered_pricing_type":"fixed","_customer_tiered_pricing_fixed_rules":[],"_shop_manager_tiered_pricing_type":"fixed","_shop_manager_tiered_pricing_fixed_rules":[],"_wpseo_manager_tiered_pricing_type":"fixed","_wpseo_manager_tiered_pricing_fixed_rules":[],"_wpseo_editor_tiered_pricing_type":"fixed","_wpseo_editor_tiered_pricing_fixed_rules":[],"_wholesale_customer_tiered_pricing_type":"fixed","_wholesale_customer_tiered_pricing_fixed_rules":[],"_marketer_tiered_pricing_type":"fixed","_marketer_tiered_pricing_fixed_rules":[],"_sales_manager_tiered_pricing_type":"fixed","_sales_manager_tiered_pricing_fixed_rules":[],"_sales_rep_tiered_pricing_type":"fixed","_sales_rep_tiered_pricing_fixed_rules":[],"yoast_head":"<!-- This site is optimized with the Yoast SEO plugin v23.3 - https:\/\/yoast.com\/wordpress\/plugins\/seo\/ -->\n<title>Geek Bar X5500 Einweg-Vape 5500 Z\u00fcge 630mAh | ElementVape.de<\/title>\n<meta name=\"description\" content=\"Wir bieten Geek Bar X5500 Einweg-Vape 5500 Z\u00fcge 630mAh , Elementvape.de akzeptieren Gro\u00df-und Einzelhandel Bestellungen.\" \/>\n<meta name=\"robots\" content=\"index, follow, max-snippet:-1, max-image-preview:large, max-video-preview:-1\" \/>\n<link rel=\"canonical\" href=\"https:\/\/www.elementvape.de\/it\/produkt\/geek-bar-x5500-einweg-vape-5500-zuege-630mah\/\" \/>\n<meta property=\"og:locale\" content=\"it_IT\" \/>\n<meta property=\"og:type\" content=\"article\" \/>\n<meta property=\"og:title\" content=\"Geek Bar X5500 Einweg-Vape 5500 Z\u00fcge 630mAh | ElementVape.de\" \/>\n<meta property=\"og:description\" content=\"Wir bieten Geek Bar X5500 Einweg-Vape 5500 Z\u00fcge 630mAh , Elementvape.de akzeptieren Gro\u00df-und Einzelhandel Bestellungen.\" \/>\n<meta property=\"og:url\" content=\"https:\/\/www.elementvape.de\/it\/produkt\/geek-bar-x5500-einweg-vape-5500-zuege-630mah\/\" \/>\n<meta property=\"og:site_name\" content=\"ElementVape.de\" \/>\n<meta property=\"article:modified_time\" content=\"2024-09-12T10:36:43+00:00\" \/>\n<meta property=\"og:image\" content=\"https:\/\/www.elementvape.de\/wp-content\/uploads\/2024\/05\/Geek-bar-X5500-Disposable-Vape-5500-Puffs-972937.webp\" \/>\n\t<meta property=\"og:image:width\" content=\"600\" \/>\n\t<meta property=\"og:image:height\" content=\"600\" \/>\n\t<meta property=\"og:image:type\" content=\"image\/webp\" \/>\n<meta name=\"twitter:card\" content=\"summary_large_image\" \/>\n<meta name=\"twitter:label1\" content=\"Est. reading time\" \/>\n\t<meta name=\"twitter:data1\" content=\"2 minuti\" \/>\n<script type=\"application\/ld+json\" class=\"yoast-schema-graph\">{\"@context\":\"https:\/\/schema.org\",\"@graph\":[{\"@type\":\"WebPage\",\"@id\":\"https:\/\/www.elementvape.de\/it\/produkt\/geek-bar-x5500-einweg-vape-5500-zuege-630mah\/\",\"url\":\"https:\/\/www.elementvape.de\/it\/produkt\/geek-bar-x5500-einweg-vape-5500-zuege-630mah\/\",\"name\":\"Geek Bar X5500 Einweg-Vape 5500 Z\u00fcge 630mAh | ElementVape.de\",\"isPartOf\":{\"@id\":\"https:\/\/www.elementvape.de\/#website\"},\"primaryImageOfPage\":{\"@id\":\"https:\/\/www.elementvape.de\/it\/produkt\/geek-bar-x5500-einweg-vape-5500-zuege-630mah\/#primaryimage\"},\"image\":{\"@id\":\"https:\/\/www.elementvape.de\/it\/produkt\/geek-bar-x5500-einweg-vape-5500-zuege-630mah\/#primaryimage\"},\"thumbnailUrl\":\"https:\/\/www.elementvape.de\/wp-content\/uploads\/2024\/05\/Geek-bar-X5500-Disposable-Vape-5500-Puffs-972937.webp\",\"datePublished\":\"2024-05-29T07:13:21+00:00\",\"dateModified\":\"2024-09-12T10:36:43+00:00\",\"description\":\"Wir bieten Geek Bar X5500 Einweg-Vape 5500 Z\u00fcge 630mAh , Elementvape.de akzeptieren Gro\u00df-und Einzelhandel Bestellungen.\",\"breadcrumb\":{\"@id\":\"https:\/\/www.elementvape.de\/it\/produkt\/geek-bar-x5500-einweg-vape-5500-zuege-630mah\/#breadcrumb\"},\"inLanguage\":\"it-IT\",\"potentialAction\":[{\"@type\":\"ReadAction\",\"target\":[\"https:\/\/www.elementvape.de\/it\/produkt\/geek-bar-x5500-einweg-vape-5500-zuege-630mah\/\"]}]},{\"@type\":\"ImageObject\",\"inLanguage\":\"it-IT\",\"@id\":\"https:\/\/www.elementvape.de\/it\/produkt\/geek-bar-x5500-einweg-vape-5500-zuege-630mah\/#primaryimage\",\"url\":\"https:\/\/www.elementvape.de\/wp-content\/uploads\/2024\/05\/Geek-bar-X5500-Disposable-Vape-5500-Puffs-972937.webp\",\"contentUrl\":\"https:\/\/www.elementvape.de\/wp-content\/uploads\/2024\/05\/Geek-bar-X5500-Disposable-Vape-5500-Puffs-972937.webp\",\"width\":600,\"height\":600,\"caption\":\"Geek-bar-X5500-Disposable-Vape-5500-Puffs-972937\"},{\"@type\":\"BreadcrumbList\",\"@id\":\"https:\/\/www.elementvape.de\/it\/produkt\/geek-bar-x5500-einweg-vape-5500-zuege-630mah\/#breadcrumb\",\"itemListElement\":[{\"@type\":\"ListItem\",\"position\":1,\"name\":\"Home\",\"item\":\"https:\/\/www.elementvape.de\/\"},{\"@type\":\"ListItem\",\"position\":2,\"name\":\"Shop\",\"item\":\"https:\/\/www.elementvape.de\/shop\/\"},{\"@type\":\"ListItem\",\"position\":3,\"name\":\"Geek Bar X5500 Einweg-Vape 5500 Z\u00fcge 630mAh\"}]},{\"@type\":\"WebSite\",\"@id\":\"https:\/\/www.elementvape.de\/#website\",\"url\":\"https:\/\/www.elementvape.de\/\",\"name\":\"ElementVape.de\",\"description\":\"\",\"publisher\":{\"@id\":\"https:\/\/www.elementvape.de\/#organization\"},\"potentialAction\":[{\"@type\":\"SearchAction\",\"target\":{\"@type\":\"EntryPoint\",\"urlTemplate\":\"https:\/\/www.elementvape.de\/?s={search_term_string}\"},\"query-input\":\"required name=search_term_string\"}],\"inLanguage\":\"it-IT\"},{\"@type\":\"Organization\",\"@id\":\"https:\/\/www.elementvape.de\/#organization\",\"name\":\"ElementVape.DE\",\"url\":\"https:\/\/www.elementvape.de\/\",\"logo\":{\"@type\":\"ImageObject\",\"inLanguage\":\"it-IT\",\"@id\":\"https:\/\/www.elementvape.de\/#\/schema\/logo\/image\/\",\"url\":\"https:\/\/www.elementvape.de\/wp-content\/uploads\/2024\/09\/cropped-1elementvape-3.png\",\"contentUrl\":\"https:\/\/www.elementvape.de\/wp-content\/uploads\/2024\/09\/cropped-1elementvape-3.png\",\"width\":285,\"height\":228,\"caption\":\"ElementVape.DE\"},\"image\":{\"@id\":\"https:\/\/www.elementvape.de\/#\/schema\/logo\/image\/\"}}]}<\/script>\n<!-- \/ Yoast SEO plugin. -->","yoast_head_json":{"title":"Geek Bar X5500 Einweg-Vape 5500 Z\u00fcge 630mAh | ElementVape.de","description":"Wir bieten Geek Bar X5500 Einweg-Vape 5500 Z\u00fcge 630mAh , Elementvape.de akzeptieren Gro\u00df-und Einzelhandel Bestellungen.","robots":{"index":"index","follow":"follow","max-snippet":"max-snippet:-1","max-image-preview":"max-image-preview:large","max-video-preview":"max-video-preview:-1"},"canonical":"https:\/\/www.elementvape.de\/it\/produkt\/geek-bar-x5500-einweg-vape-5500-zuege-630mah\/","og_locale":"it_IT","og_type":"article","og_title":"Geek Bar X5500 Einweg-Vape 5500 Z\u00fcge 630mAh | ElementVape.de","og_description":"Wir bieten Geek Bar X5500 Einweg-Vape 5500 Z\u00fcge 630mAh , Elementvape.de akzeptieren Gro\u00df-und Einzelhandel Bestellungen.","og_url":"https:\/\/www.elementvape.de\/it\/produkt\/geek-bar-x5500-einweg-vape-5500-zuege-630mah\/","og_site_name":"ElementVape.de","article_modified_time":"2024-09-12T10:36:43+00:00","og_image":[{"width":600,"height":600,"url":"https:\/\/www.elementvape.de\/wp-content\/uploads\/2024\/05\/Geek-bar-X5500-Disposable-Vape-5500-Puffs-972937.webp","type":"image\/webp"}],"twitter_card":"summary_large_image","twitter_misc":{"Est. reading time":"2 minuti"},"schema":{"@context":"https:\/\/schema.org","@graph":[{"@type":"WebPage","@id":"https:\/\/www.elementvape.de\/it\/produkt\/geek-bar-x5500-einweg-vape-5500-zuege-630mah\/","url":"https:\/\/www.elementvape.de\/it\/produkt\/geek-bar-x5500-einweg-vape-5500-zuege-630mah\/","name":"Geek Bar X5500 Einweg-Vape 5500 Z\u00fcge 630mAh | ElementVape.de","isPartOf":{"@id":"https:\/\/www.elementvape.de\/#website"},"primaryImageOfPage":{"@id":"https:\/\/www.elementvape.de\/it\/produkt\/geek-bar-x5500-einweg-vape-5500-zuege-630mah\/#primaryimage"},"image":{"@id":"https:\/\/www.elementvape.de\/it\/produkt\/geek-bar-x5500-einweg-vape-5500-zuege-630mah\/#primaryimage"},"thumbnailUrl":"https:\/\/www.elementvape.de\/wp-content\/uploads\/2024\/05\/Geek-bar-X5500-Disposable-Vape-5500-Puffs-972937.webp","datePublished":"2024-05-29T07:13:21+00:00","dateModified":"2024-09-12T10:36:43+00:00","description":"Wir bieten Geek Bar X5500 Einweg-Vape 5500 Z\u00fcge 630mAh , Elementvape.de akzeptieren Gro\u00df-und Einzelhandel Bestellungen.","breadcrumb":{"@id":"https:\/\/www.elementvape.de\/it\/produkt\/geek-bar-x5500-einweg-vape-5500-zuege-630mah\/#breadcrumb"},"inLanguage":"it-IT","potentialAction":[{"@type":"ReadAction","target":["https:\/\/www.elementvape.de\/it\/produkt\/geek-bar-x5500-einweg-vape-5500-zuege-630mah\/"]}]},{"@type":"ImageObject","inLanguage":"it-IT","@id":"https:\/\/www.elementvape.de\/it\/produkt\/geek-bar-x5500-einweg-vape-5500-zuege-630mah\/#primaryimage","url":"https:\/\/www.elementvape.de\/wp-content\/uploads\/2024\/05\/Geek-bar-X5500-Disposable-Vape-5500-Puffs-972937.webp","contentUrl":"https:\/\/www.elementvape.de\/wp-content\/uploads\/2024\/05\/Geek-bar-X5500-Disposable-Vape-5500-Puffs-972937.webp","width":600,"height":600,"caption":"Geek-bar-X5500-Disposable-Vape-5500-Puffs-972937"},{"@type":"BreadcrumbList","@id":"https:\/\/www.elementvape.de\/it\/produkt\/geek-bar-x5500-einweg-vape-5500-zuege-630mah\/#breadcrumb","itemListElement":[{"@type":"ListItem","position":1,"name":"Home","item":"https:\/\/www.elementvape.de\/"},{"@type":"ListItem","position":2,"name":"Shop","item":"https:\/\/www.elementvape.de\/shop\/"},{"@type":"ListItem","position":3,"name":"Geek Bar X5500 Einweg-Vape 5500 Z\u00fcge 630mAh"}]},{"@type":"WebSite","@id":"https:\/\/www.elementvape.de\/#website","url":"https:\/\/www.elementvape.de\/","name":"ElementVape.de","description":"","publisher":{"@id":"https:\/\/www.elementvape.de\/#organization"},"potentialAction":[{"@type":"SearchAction","target":{"@type":"EntryPoint","urlTemplate":"https:\/\/www.elementvape.de\/?s={search_term_string}"},"query-input":"required name=search_term_string"}],"inLanguage":"it-IT"},{"@type":"Organization","@id":"https:\/\/www.elementvape.de\/#organization","name":"ElementVape.DE","url":"https:\/\/www.elementvape.de\/","logo":{"@type":"ImageObject","inLanguage":"it-IT","@id":"https:\/\/www.elementvape.de\/#\/schema\/logo\/image\/","url":"https:\/\/www.elementvape.de\/wp-content\/uploads\/2024\/09\/cropped-1elementvape-3.png","contentUrl":"https:\/\/www.elementvape.de\/wp-content\/uploads\/2024\/09\/cropped-1elementvape-3.png","width":285,"height":228,"caption":"ElementVape.DE"},"image":{"@id":"https:\/\/www.elementvape.de\/#\/schema\/logo\/image\/"}}]}},"_links":{"self":[{"href":"https:\/\/www.elementvape.de\/it\/wp-json\/wp\/v2\/product\/11022"}],"collection":[{"href":"https:\/\/www.elementvape.de\/it\/wp-json\/wp\/v2\/product"}],"about":[{"href":"https:\/\/www.elementvape.de\/it\/wp-json\/wp\/v2\/types\/product"}],"wp:featuredmedia":[{"embeddable":true,"href":"https:\/\/www.elementvape.de\/it\/wp-json\/wp\/v2\/media\/11045"}],"wp:attachment":[{"href":"https:\/\/www.elementvape.de\/it\/wp-json\/wp\/v2\/media?parent=11022"}],"wp:term":[{"taxonomy":"product_cat","embeddable":true,"href":"https:\/\/www.elementvape.de\/it\/wp-json\/wp\/v2\/product_cat?post=11022"},{"taxonomy":"product_tag","embeddable":true,"href":"https:\/\/www.elementvape.de\/it\/wp-json\/wp\/v2\/product_tag?post=11022"}],"curies":[{"name":"wp","href":"https:\/\/api.w.org\/{rel}","templated":true}]}}